{"id":624435,"date":"2025-11-19T15:50:40","date_gmt":"2025-11-19T14:50:40","guid":{"rendered":"https:\/\/www.daisho.be\/produit\/muay-creme-actief\/"},"modified":"2025-11-19T15:50:40","modified_gmt":"2025-11-19T14:50:40","slug":"muay-creme-actief","status":"publish","type":"product","link":"https:\/\/www.daisho.be\/nl\/produit\/muay-creme-actief\/","title":{"rendered":"MUAY Cr\u00e8me Actief"},"content":{"rendered":"<p>Cr\u00e8me met vijf natuurlijke ingredi\u00ebnten met erkende voordelen: jeneverbes, MSM, kamfer, menthol en kruidnagel.<br \/>\nDeze unieke formule helpt om stijve gewrichten te verlichten, gespannen spieren te ontspannen en zorgt voor een onmiddellijk fris gevoel.<br \/>\nIdeaal na het sporten of aan het einde van de dag, het bevordert spierherstel terwijl het de huid zacht en niet vet maakt.<\/p>\n<p>Kenmerken:<\/p>\n<p>&#8211; Bevat 5 natuurlijke actieve ingredi\u00ebnten<\/p>\n<p>&#8211; Gecombineerd verwarmend en verkoelend effect<\/p>\n<p>&#8211; Verlicht spierspanning en stijve gewrichten<\/p>\n<p>&#8211; Snelle absorptie, geen vettig residu<\/p>\n<p>&#8211; Geschikt voor dagelijks gebruik na sport of training<\/p>\n","protected":false},"excerpt":{"rendered":"<p>Cr\u00e8me met vijf natuurlijke ingredi\u00ebnten met erkende voordelen: jeneverbes, MSM, kamfer, menthol en kruidnagel. Deze unieke formule helpt om stijve gewrichten te verlichten, gespannen spieren te ontspannen en zorgt voor een onmiddellijk fris gevoel. Ideaal na het sporten of aan het einde van de dag, het bevordert spierherstel terwijl het de huid zacht en niet [&hellip;]<\/p>\n","protected":false},"featured_media":624407,"comment_status":"open","ping_status":"closed","template":"","meta":{"inline_featured_image":false},"product_brand":[],"product_cat":[1382,1473],"product_tag":[2558],"sport":[],"class_list":{"0":"post-624435","1":"product","2":"type-product","3":"status-publish","4":"has-post-thumbnail","6":"product_cat-cremes-nl","7":"product_cat-zorg","8":"product_tag-namman-muay","9":"pa_size-sans-taille-defaut","11":"first","12":"instock","13":"taxable","14":"shipping-taxable","15":"purchasable","16":"product-type-variable"},"yoast_head":"<!-- This site is optimized with the Yoast SEO plugin v27.2 - https:\/\/yoast.com\/product\/yoast-seo-wordpress\/ -->\n<title>MUAY Cr\u00e8me Actief &#8211; Daisho<\/title>\n<meta name=\"robots\" content=\"index, follow, max-snippet:-1, max-image-preview:large, max-video-preview:-1\" \/>\n<link rel=\"canonical\" href=\"https:\/\/www.daisho.be\/nl\/produit\/muay-creme-actief\/\" \/>\n<meta property=\"og:locale\" content=\"nl_NL\" \/>\n<meta property=\"og:type\" content=\"article\" \/>\n<meta property=\"og:title\" content=\"MUAY Cr\u00e8me Actief &#8211; Daisho\" \/>\n<meta property=\"og:description\" content=\"Cr\u00e8me met vijf natuurlijke ingredi\u00ebnten met erkende voordelen: jeneverbes, MSM, kamfer, menthol en kruidnagel. Deze unieke formule helpt om stijve gewrichten te verlichten, gespannen spieren te ontspannen en zorgt voor een onmiddellijk fris gevoel. Ideaal na het sporten of aan het einde van de dag, het bevordert spierherstel terwijl het de huid zacht en niet [&hellip;]\" \/>\n<meta property=\"og:url\" content=\"https:\/\/www.daisho.be\/nl\/produit\/muay-creme-actief\/\" \/>\n<meta property=\"og:site_name\" content=\"Daisho\" \/>\n<meta property=\"og:image\" content=\"https:\/\/www.daisho.be\/wp-content\/uploads\/2025\/11\/image-123.jpg\" \/>\n\t<meta property=\"og:image:width\" content=\"1080\" \/>\n\t<meta property=\"og:image:height\" content=\"1080\" \/>\n\t<meta property=\"og:image:type\" content=\"image\/jpeg\" \/>\n<meta name=\"twitter:card\" content=\"summary_large_image\" \/>\n<script type=\"application\/ld+json\" class=\"yoast-schema-graph\">{\"@context\":\"https:\/\/schema.org\",\"@graph\":[{\"@type\":\"WebPage\",\"@id\":\"https:\/\/www.daisho.be\/nl\/produit\/muay-creme-actief\/\",\"url\":\"https:\/\/www.daisho.be\/nl\/produit\/muay-creme-actief\/\",\"name\":\"MUAY Cr\u00e8me Actief &#8211; Daisho\",\"isPartOf\":{\"@id\":\"https:\/\/www.daisho.be\/nl\/#website\"},\"primaryImageOfPage\":{\"@id\":\"https:\/\/www.daisho.be\/nl\/produit\/muay-creme-actief\/#primaryimage\"},\"image\":{\"@id\":\"https:\/\/www.daisho.be\/nl\/produit\/muay-creme-actief\/#primaryimage\"},\"thumbnailUrl\":\"https:\/\/www.daisho.be\/wp-content\/uploads\/2025\/11\/image-123.jpg\",\"datePublished\":\"2025-11-19T14:50:40+00:00\",\"breadcrumb\":{\"@id\":\"https:\/\/www.daisho.be\/nl\/produit\/muay-creme-actief\/#breadcrumb\"},\"inLanguage\":\"nl-NL\",\"potentialAction\":[{\"@type\":\"ReadAction\",\"target\":[\"https:\/\/www.daisho.be\/nl\/produit\/muay-creme-actief\/\"]}]},{\"@type\":\"ImageObject\",\"inLanguage\":\"nl-NL\",\"@id\":\"https:\/\/www.daisho.be\/nl\/produit\/muay-creme-actief\/#primaryimage\",\"url\":\"https:\/\/www.daisho.be\/wp-content\/uploads\/2025\/11\/image-123.jpg\",\"contentUrl\":\"https:\/\/www.daisho.be\/wp-content\/uploads\/2025\/11\/image-123.jpg\",\"width\":1080,\"height\":1080,\"caption\":\"Cr\u00e8me Active MUAY -1\"},{\"@type\":\"BreadcrumbList\",\"@id\":\"https:\/\/www.daisho.be\/nl\/produit\/muay-creme-actief\/#breadcrumb\",\"itemListElement\":[{\"@type\":\"ListItem\",\"position\":1,\"name\":\"Accueil\",\"item\":\"https:\/\/www.daisho.be\/nl\/\"},{\"@type\":\"ListItem\",\"position\":2,\"name\":\"Producten\",\"item\":\"https:\/\/www.daisho.be\/nl\/producten\/\"},{\"@type\":\"ListItem\",\"position\":3,\"name\":\"Sportverzorging\",\"item\":\"https:\/\/www.daisho.be\/nl\/categorie-produit\/sportverzorging\/\"},{\"@type\":\"ListItem\",\"position\":4,\"name\":\"Cr\u00e8mes\",\"item\":\"https:\/\/www.daisho.be\/nl\/categorie-produit\/sportverzorging\/cremes-nl\/\"},{\"@type\":\"ListItem\",\"position\":5,\"name\":\"MUAY Cr\u00e8me Actief\"}]},{\"@type\":\"WebSite\",\"@id\":\"https:\/\/www.daisho.be\/nl\/#website\",\"url\":\"https:\/\/www.daisho.be\/nl\/\",\"name\":\"Daisho\",\"description\":\"Sp&eacute;cialiste de l'&eacute;quipement sportif d'arts martiaux\",\"publisher\":{\"@id\":\"https:\/\/www.daisho.be\/nl\/#organization\"},\"potentialAction\":[{\"@type\":\"SearchAction\",\"target\":{\"@type\":\"EntryPoint\",\"urlTemplate\":\"https:\/\/www.daisho.be\/nl\/?s={search_term_string}\"},\"query-input\":{\"@type\":\"PropertyValueSpecification\",\"valueRequired\":true,\"valueName\":\"search_term_string\"}}],\"inLanguage\":\"nl-NL\"},{\"@type\":\"Organization\",\"@id\":\"https:\/\/www.daisho.be\/nl\/#organization\",\"name\":\"Daisho\",\"url\":\"https:\/\/www.daisho.be\/nl\/\",\"logo\":{\"@type\":\"ImageObject\",\"inLanguage\":\"nl-NL\",\"@id\":\"https:\/\/www.daisho.be\/nl\/#\/schema\/logo\/image\/\",\"url\":\"https:\/\/www.daisho.be\/wp-content\/uploads\/2019\/07\/color-nothing-horizontale4x-e1564486100247.png\",\"contentUrl\":\"https:\/\/www.daisho.be\/wp-content\/uploads\/2019\/07\/color-nothing-horizontale4x-e1564486100247.png\",\"width\":1547,\"height\":385,\"caption\":\"Daisho\"},\"image\":{\"@id\":\"https:\/\/www.daisho.be\/nl\/#\/schema\/logo\/image\/\"}}]}<\/script>\n<!-- \/ Yoast SEO plugin. -->","yoast_head_json":{"title":"MUAY Cr\u00e8me Actief &#8211; Daisho","robots":{"index":"index","follow":"follow","max-snippet":"max-snippet:-1","max-image-preview":"max-image-preview:large","max-video-preview":"max-video-preview:-1"},"canonical":"https:\/\/www.daisho.be\/nl\/produit\/muay-creme-actief\/","og_locale":"nl_NL","og_type":"article","og_title":"MUAY Cr\u00e8me Actief &#8211; Daisho","og_description":"Cr\u00e8me met vijf natuurlijke ingredi\u00ebnten met erkende voordelen: jeneverbes, MSM, kamfer, menthol en kruidnagel. Deze unieke formule helpt om stijve gewrichten te verlichten, gespannen spieren te ontspannen en zorgt voor een onmiddellijk fris gevoel. Ideaal na het sporten of aan het einde van de dag, het bevordert spierherstel terwijl het de huid zacht en niet [&hellip;]","og_url":"https:\/\/www.daisho.be\/nl\/produit\/muay-creme-actief\/","og_site_name":"Daisho","og_image":[{"width":1080,"height":1080,"url":"https:\/\/www.daisho.be\/wp-content\/uploads\/2025\/11\/image-123.jpg","type":"image\/jpeg"}],"twitter_card":"summary_large_image","schema":{"@context":"https:\/\/schema.org","@graph":[{"@type":"WebPage","@id":"https:\/\/www.daisho.be\/nl\/produit\/muay-creme-actief\/","url":"https:\/\/www.daisho.be\/nl\/produit\/muay-creme-actief\/","name":"MUAY Cr\u00e8me Actief &#8211; Daisho","isPartOf":{"@id":"https:\/\/www.daisho.be\/nl\/#website"},"primaryImageOfPage":{"@id":"https:\/\/www.daisho.be\/nl\/produit\/muay-creme-actief\/#primaryimage"},"image":{"@id":"https:\/\/www.daisho.be\/nl\/produit\/muay-creme-actief\/#primaryimage"},"thumbnailUrl":"https:\/\/www.daisho.be\/wp-content\/uploads\/2025\/11\/image-123.jpg","datePublished":"2025-11-19T14:50:40+00:00","breadcrumb":{"@id":"https:\/\/www.daisho.be\/nl\/produit\/muay-creme-actief\/#breadcrumb"},"inLanguage":"nl-NL","potentialAction":[{"@type":"ReadAction","target":["https:\/\/www.daisho.be\/nl\/produit\/muay-creme-actief\/"]}]},{"@type":"ImageObject","inLanguage":"nl-NL","@id":"https:\/\/www.daisho.be\/nl\/produit\/muay-creme-actief\/#primaryimage","url":"https:\/\/www.daisho.be\/wp-content\/uploads\/2025\/11\/image-123.jpg","contentUrl":"https:\/\/www.daisho.be\/wp-content\/uploads\/2025\/11\/image-123.jpg","width":1080,"height":1080,"caption":"Cr\u00e8me Active MUAY -1"},{"@type":"BreadcrumbList","@id":"https:\/\/www.daisho.be\/nl\/produit\/muay-creme-actief\/#breadcrumb","itemListElement":[{"@type":"ListItem","position":1,"name":"Accueil","item":"https:\/\/www.daisho.be\/nl\/"},{"@type":"ListItem","position":2,"name":"Producten","item":"https:\/\/www.daisho.be\/nl\/producten\/"},{"@type":"ListItem","position":3,"name":"Sportverzorging","item":"https:\/\/www.daisho.be\/nl\/categorie-produit\/sportverzorging\/"},{"@type":"ListItem","position":4,"name":"Cr\u00e8mes","item":"https:\/\/www.daisho.be\/nl\/categorie-produit\/sportverzorging\/cremes-nl\/"},{"@type":"ListItem","position":5,"name":"MUAY Cr\u00e8me Actief"}]},{"@type":"WebSite","@id":"https:\/\/www.daisho.be\/nl\/#website","url":"https:\/\/www.daisho.be\/nl\/","name":"Daisho","description":"Sp&eacute;cialiste de l'&eacute;quipement sportif d'arts martiaux","publisher":{"@id":"https:\/\/www.daisho.be\/nl\/#organization"},"potentialAction":[{"@type":"SearchAction","target":{"@type":"EntryPoint","urlTemplate":"https:\/\/www.daisho.be\/nl\/?s={search_term_string}"},"query-input":{"@type":"PropertyValueSpecification","valueRequired":true,"valueName":"search_term_string"}}],"inLanguage":"nl-NL"},{"@type":"Organization","@id":"https:\/\/www.daisho.be\/nl\/#organization","name":"Daisho","url":"https:\/\/www.daisho.be\/nl\/","logo":{"@type":"ImageObject","inLanguage":"nl-NL","@id":"https:\/\/www.daisho.be\/nl\/#\/schema\/logo\/image\/","url":"https:\/\/www.daisho.be\/wp-content\/uploads\/2019\/07\/color-nothing-horizontale4x-e1564486100247.png","contentUrl":"https:\/\/www.daisho.be\/wp-content\/uploads\/2019\/07\/color-nothing-horizontale4x-e1564486100247.png","width":1547,"height":385,"caption":"Daisho"},"image":{"@id":"https:\/\/www.daisho.be\/nl\/#\/schema\/logo\/image\/"}}]}},"_links":{"self":[{"href":"https:\/\/www.daisho.be\/nl\/wp-json\/wp\/v2\/product\/624435","targetHints":{"allow":["GET"]}}],"collection":[{"href":"https:\/\/www.daisho.be\/nl\/wp-json\/wp\/v2\/product"}],"about":[{"href":"https:\/\/www.daisho.be\/nl\/wp-json\/wp\/v2\/types\/product"}],"replies":[{"embeddable":true,"href":"https:\/\/www.daisho.be\/nl\/wp-json\/wp\/v2\/comments?post=624435"}],"wp:featuredmedia":[{"embeddable":true,"href":"https:\/\/www.daisho.be\/nl\/wp-json\/wp\/v2\/media\/624407"}],"wp:attachment":[{"href":"https:\/\/www.daisho.be\/nl\/wp-json\/wp\/v2\/media?parent=624435"}],"wp:term":[{"taxonomy":"product_brand","embeddable":true,"href":"https:\/\/www.daisho.be\/nl\/wp-json\/wp\/v2\/product_brand?post=624435"},{"taxonomy":"product_cat","embeddable":true,"href":"https:\/\/www.daisho.be\/nl\/wp-json\/wp\/v2\/product_cat?post=624435"},{"taxonomy":"product_tag","embeddable":true,"href":"https:\/\/www.daisho.be\/nl\/wp-json\/wp\/v2\/product_tag?post=624435"},{"taxonomy":"sport","embeddable":true,"href":"https:\/\/www.daisho.be\/nl\/wp-json\/wp\/v2\/sport?post=624435"}],"curies":[{"name":"wp","href":"https:\/\/api.w.org\/{rel}","templated":true}]}}