{"id":562931,"date":"2025-06-06T10:33:59","date_gmt":"2025-06-06T08:33:59","guid":{"rendered":"https:\/\/www.daisho.be\/produit\/wushu-wedstrijdmat-goedgekeurd-door-iwuf\/"},"modified":"2025-06-06T10:33:59","modified_gmt":"2025-06-06T08:33:59","slug":"wushu-wedstrijdmat-goedgekeurd-door-iwuf","status":"publish","type":"product","link":"https:\/\/www.daisho.be\/nl\/produit\/wushu-wedstrijdmat-goedgekeurd-door-iwuf\/","title":{"rendered":"Wushu wedstrijdmat (goedgekeurd door IWUF)"},"content":{"rendered":"<p>De Wushu vloermat is speciaal ontworpen voor wedstrijden. Hij is goedgekeurd door de IWUF en voldoet dus aan de regels van de Internationale Wushu Federatie. <x id=\"gid_0\"><\/x>Specificatie: 12000 mm \u00d7 18000 mm \u00d7 90 mm<x id=\"gid_1\"><\/x>Wedstrijdoppervlak: 8000 mm\u00d714000 mm<x id=\"gid_2\"><\/x>Materiaal: XPE, meerlaags paneel en tapijt.<x id=\"gid_3\"><\/x>Eigenschappen: De oppervlaktekleur is uniform. Er treedt geen elektrostatische inductie op na wrijven en er treedt geen duidelijke vervorming op na druk.<br \/>\nOpmerking: dit product is gepatenteerd. Goedgekeurd door de Internationale Wushu Federatie en de Chinese Wushu Associatie. <\/p>\n","protected":false},"excerpt":{"rendered":"<p>De Wushu vloermat is speciaal ontworpen voor wedstrijden. Hij is goedgekeurd door de IWUF en voldoet dus aan de regels van de Internationale Wushu Federatie. Specificatie: 12000 mm \u00d7 18000 mm \u00d7 90 mmWedstrijdoppervlak: 8000 mm\u00d714000 mmMateriaal: XPE, meerlaags paneel en tapijt.Eigenschappen: De oppervlaktekleur is uniform. Er treedt geen elektrostatische inductie op na wrijven en [&hellip;]<\/p>\n","protected":false},"featured_media":525405,"comment_status":"open","ping_status":"closed","template":"","meta":{"inline_featured_image":false},"product_brand":[],"product_cat":[1397,1611,1483],"product_tag":[2527],"sport":[],"class_list":{"0":"post-562931","1":"product","2":"type-product","3":"status-publish","4":"has-post-thumbnail","6":"product_cat-bescherming-tegen-boksen","7":"product_cat-tapijten","8":"product_cat-wedstrijdmateriaal","9":"product_tag-taishan","11":"first","12":"instock","13":"taxable","14":"shipping-taxable","15":"purchasable","16":"product-type-simple"},"yoast_head":"<!-- This site is optimized with the Yoast SEO plugin v27.2 - https:\/\/yoast.com\/product\/yoast-seo-wordpress\/ -->\n<title>Wushu wedstrijdmat (goedgekeurd door IWUF) &#8211; Daisho<\/title>\n<meta name=\"robots\" content=\"index, follow, max-snippet:-1, max-image-preview:large, max-video-preview:-1\" \/>\n<link rel=\"canonical\" href=\"https:\/\/www.daisho.be\/nl\/produit\/wushu-wedstrijdmat-goedgekeurd-door-iwuf\/\" \/>\n<meta property=\"og:locale\" content=\"nl_NL\" \/>\n<meta property=\"og:type\" content=\"article\" \/>\n<meta property=\"og:title\" content=\"Wushu wedstrijdmat (goedgekeurd door IWUF) &#8211; Daisho\" \/>\n<meta property=\"og:description\" content=\"De Wushu vloermat is speciaal ontworpen voor wedstrijden. Hij is goedgekeurd door de IWUF en voldoet dus aan de regels van de Internationale Wushu Federatie. Specificatie: 12000 mm \u00d7 18000 mm \u00d7 90 mmWedstrijdoppervlak: 8000 mm\u00d714000 mmMateriaal: XPE, meerlaags paneel en tapijt.Eigenschappen: De oppervlaktekleur is uniform. Er treedt geen elektrostatische inductie op na wrijven en [&hellip;]\" \/>\n<meta property=\"og:url\" content=\"https:\/\/www.daisho.be\/nl\/produit\/wushu-wedstrijdmat-goedgekeurd-door-iwuf\/\" \/>\n<meta property=\"og:site_name\" content=\"Daisho\" \/>\n<meta property=\"og:image\" content=\"https:\/\/www.daisho.be\/wp-content\/uploads\/2025\/06\/image-17.jpg\" \/>\n\t<meta property=\"og:image:width\" content=\"1920\" \/>\n\t<meta property=\"og:image:height\" content=\"1080\" \/>\n\t<meta property=\"og:image:type\" content=\"image\/jpeg\" \/>\n<meta name=\"twitter:card\" content=\"summary_large_image\" \/>\n<script type=\"application\/ld+json\" class=\"yoast-schema-graph\">{\"@context\":\"https:\/\/schema.org\",\"@graph\":[{\"@type\":\"WebPage\",\"@id\":\"https:\/\/www.daisho.be\/nl\/produit\/wushu-wedstrijdmat-goedgekeurd-door-iwuf\/\",\"url\":\"https:\/\/www.daisho.be\/nl\/produit\/wushu-wedstrijdmat-goedgekeurd-door-iwuf\/\",\"name\":\"Wushu wedstrijdmat (goedgekeurd door IWUF) &#8211; Daisho\",\"isPartOf\":{\"@id\":\"https:\/\/www.daisho.be\/nl\/#website\"},\"primaryImageOfPage\":{\"@id\":\"https:\/\/www.daisho.be\/nl\/produit\/wushu-wedstrijdmat-goedgekeurd-door-iwuf\/#primaryimage\"},\"image\":{\"@id\":\"https:\/\/www.daisho.be\/nl\/produit\/wushu-wedstrijdmat-goedgekeurd-door-iwuf\/#primaryimage\"},\"thumbnailUrl\":\"https:\/\/www.daisho.be\/wp-content\/uploads\/2025\/06\/image-17.jpg\",\"datePublished\":\"2025-06-06T08:33:59+00:00\",\"breadcrumb\":{\"@id\":\"https:\/\/www.daisho.be\/nl\/produit\/wushu-wedstrijdmat-goedgekeurd-door-iwuf\/#breadcrumb\"},\"inLanguage\":\"nl-NL\",\"potentialAction\":[{\"@type\":\"ReadAction\",\"target\":[\"https:\/\/www.daisho.be\/nl\/produit\/wushu-wedstrijdmat-goedgekeurd-door-iwuf\/\"]}]},{\"@type\":\"ImageObject\",\"inLanguage\":\"nl-NL\",\"@id\":\"https:\/\/www.daisho.be\/nl\/produit\/wushu-wedstrijdmat-goedgekeurd-door-iwuf\/#primaryimage\",\"url\":\"https:\/\/www.daisho.be\/wp-content\/uploads\/2025\/06\/image-17.jpg\",\"contentUrl\":\"https:\/\/www.daisho.be\/wp-content\/uploads\/2025\/06\/image-17.jpg\",\"width\":1920,\"height\":1080,\"caption\":\"Tapis de comp\u00e9tition de wushu (IWUF approuv\u00e9) -1\"},{\"@type\":\"BreadcrumbList\",\"@id\":\"https:\/\/www.daisho.be\/nl\/produit\/wushu-wedstrijdmat-goedgekeurd-door-iwuf\/#breadcrumb\",\"itemListElement\":[{\"@type\":\"ListItem\",\"position\":1,\"name\":\"Accueil\",\"item\":\"https:\/\/www.daisho.be\/nl\/\"},{\"@type\":\"ListItem\",\"position\":2,\"name\":\"Producten\",\"item\":\"https:\/\/www.daisho.be\/nl\/producten\/\"},{\"@type\":\"ListItem\",\"position\":3,\"name\":\"Uitrusting en kleding voor vechtsporten en gevechtssporten\",\"item\":\"https:\/\/www.daisho.be\/nl\/categorie-produit\/uitrusting-en-kleding-voor-vechtsporten-en-gevechtssporten\/\"},{\"@type\":\"ListItem\",\"position\":4,\"name\":\"Boksen\",\"item\":\"https:\/\/www.daisho.be\/nl\/categorie-produit\/uitrusting-en-kleding-voor-vechtsporten-en-gevechtssporten\/boksen-nl\/\"},{\"@type\":\"ListItem\",\"position\":5,\"name\":\"Bescherming tegen boksen\",\"item\":\"https:\/\/www.daisho.be\/nl\/categorie-produit\/uitrusting-en-kleding-voor-vechtsporten-en-gevechtssporten\/boksen-nl\/bescherming-tegen-boksen\/\"},{\"@type\":\"ListItem\",\"position\":6,\"name\":\"Wushu wedstrijdmat (goedgekeurd door IWUF)\"}]},{\"@type\":\"WebSite\",\"@id\":\"https:\/\/www.daisho.be\/nl\/#website\",\"url\":\"https:\/\/www.daisho.be\/nl\/\",\"name\":\"Daisho\",\"description\":\"Sp&eacute;cialiste de l'&eacute;quipement sportif d'arts martiaux\",\"publisher\":{\"@id\":\"https:\/\/www.daisho.be\/nl\/#organization\"},\"potentialAction\":[{\"@type\":\"SearchAction\",\"target\":{\"@type\":\"EntryPoint\",\"urlTemplate\":\"https:\/\/www.daisho.be\/nl\/?s={search_term_string}\"},\"query-input\":{\"@type\":\"PropertyValueSpecification\",\"valueRequired\":true,\"valueName\":\"search_term_string\"}}],\"inLanguage\":\"nl-NL\"},{\"@type\":\"Organization\",\"@id\":\"https:\/\/www.daisho.be\/nl\/#organization\",\"name\":\"Daisho\",\"url\":\"https:\/\/www.daisho.be\/nl\/\",\"logo\":{\"@type\":\"ImageObject\",\"inLanguage\":\"nl-NL\",\"@id\":\"https:\/\/www.daisho.be\/nl\/#\/schema\/logo\/image\/\",\"url\":\"https:\/\/www.daisho.be\/wp-content\/uploads\/2019\/07\/color-nothing-horizontale4x-e1564486100247.png\",\"contentUrl\":\"https:\/\/www.daisho.be\/wp-content\/uploads\/2019\/07\/color-nothing-horizontale4x-e1564486100247.png\",\"width\":1547,\"height\":385,\"caption\":\"Daisho\"},\"image\":{\"@id\":\"https:\/\/www.daisho.be\/nl\/#\/schema\/logo\/image\/\"}}]}<\/script>\n<!-- \/ Yoast SEO plugin. -->","yoast_head_json":{"title":"Wushu wedstrijdmat (goedgekeurd door IWUF) &#8211; Daisho","robots":{"index":"index","follow":"follow","max-snippet":"max-snippet:-1","max-image-preview":"max-image-preview:large","max-video-preview":"max-video-preview:-1"},"canonical":"https:\/\/www.daisho.be\/nl\/produit\/wushu-wedstrijdmat-goedgekeurd-door-iwuf\/","og_locale":"nl_NL","og_type":"article","og_title":"Wushu wedstrijdmat (goedgekeurd door IWUF) &#8211; Daisho","og_description":"De Wushu vloermat is speciaal ontworpen voor wedstrijden. Hij is goedgekeurd door de IWUF en voldoet dus aan de regels van de Internationale Wushu Federatie. Specificatie: 12000 mm \u00d7 18000 mm \u00d7 90 mmWedstrijdoppervlak: 8000 mm\u00d714000 mmMateriaal: XPE, meerlaags paneel en tapijt.Eigenschappen: De oppervlaktekleur is uniform. Er treedt geen elektrostatische inductie op na wrijven en [&hellip;]","og_url":"https:\/\/www.daisho.be\/nl\/produit\/wushu-wedstrijdmat-goedgekeurd-door-iwuf\/","og_site_name":"Daisho","og_image":[{"width":1920,"height":1080,"url":"https:\/\/www.daisho.be\/wp-content\/uploads\/2025\/06\/image-17.jpg","type":"image\/jpeg"}],"twitter_card":"summary_large_image","schema":{"@context":"https:\/\/schema.org","@graph":[{"@type":"WebPage","@id":"https:\/\/www.daisho.be\/nl\/produit\/wushu-wedstrijdmat-goedgekeurd-door-iwuf\/","url":"https:\/\/www.daisho.be\/nl\/produit\/wushu-wedstrijdmat-goedgekeurd-door-iwuf\/","name":"Wushu wedstrijdmat (goedgekeurd door IWUF) &#8211; Daisho","isPartOf":{"@id":"https:\/\/www.daisho.be\/nl\/#website"},"primaryImageOfPage":{"@id":"https:\/\/www.daisho.be\/nl\/produit\/wushu-wedstrijdmat-goedgekeurd-door-iwuf\/#primaryimage"},"image":{"@id":"https:\/\/www.daisho.be\/nl\/produit\/wushu-wedstrijdmat-goedgekeurd-door-iwuf\/#primaryimage"},"thumbnailUrl":"https:\/\/www.daisho.be\/wp-content\/uploads\/2025\/06\/image-17.jpg","datePublished":"2025-06-06T08:33:59+00:00","breadcrumb":{"@id":"https:\/\/www.daisho.be\/nl\/produit\/wushu-wedstrijdmat-goedgekeurd-door-iwuf\/#breadcrumb"},"inLanguage":"nl-NL","potentialAction":[{"@type":"ReadAction","target":["https:\/\/www.daisho.be\/nl\/produit\/wushu-wedstrijdmat-goedgekeurd-door-iwuf\/"]}]},{"@type":"ImageObject","inLanguage":"nl-NL","@id":"https:\/\/www.daisho.be\/nl\/produit\/wushu-wedstrijdmat-goedgekeurd-door-iwuf\/#primaryimage","url":"https:\/\/www.daisho.be\/wp-content\/uploads\/2025\/06\/image-17.jpg","contentUrl":"https:\/\/www.daisho.be\/wp-content\/uploads\/2025\/06\/image-17.jpg","width":1920,"height":1080,"caption":"Tapis de comp\u00e9tition de wushu (IWUF approuv\u00e9) -1"},{"@type":"BreadcrumbList","@id":"https:\/\/www.daisho.be\/nl\/produit\/wushu-wedstrijdmat-goedgekeurd-door-iwuf\/#breadcrumb","itemListElement":[{"@type":"ListItem","position":1,"name":"Accueil","item":"https:\/\/www.daisho.be\/nl\/"},{"@type":"ListItem","position":2,"name":"Producten","item":"https:\/\/www.daisho.be\/nl\/producten\/"},{"@type":"ListItem","position":3,"name":"Uitrusting en kleding voor vechtsporten en gevechtssporten","item":"https:\/\/www.daisho.be\/nl\/categorie-produit\/uitrusting-en-kleding-voor-vechtsporten-en-gevechtssporten\/"},{"@type":"ListItem","position":4,"name":"Boksen","item":"https:\/\/www.daisho.be\/nl\/categorie-produit\/uitrusting-en-kleding-voor-vechtsporten-en-gevechtssporten\/boksen-nl\/"},{"@type":"ListItem","position":5,"name":"Bescherming tegen boksen","item":"https:\/\/www.daisho.be\/nl\/categorie-produit\/uitrusting-en-kleding-voor-vechtsporten-en-gevechtssporten\/boksen-nl\/bescherming-tegen-boksen\/"},{"@type":"ListItem","position":6,"name":"Wushu wedstrijdmat (goedgekeurd door IWUF)"}]},{"@type":"WebSite","@id":"https:\/\/www.daisho.be\/nl\/#website","url":"https:\/\/www.daisho.be\/nl\/","name":"Daisho","description":"Sp&eacute;cialiste de l'&eacute;quipement sportif d'arts martiaux","publisher":{"@id":"https:\/\/www.daisho.be\/nl\/#organization"},"potentialAction":[{"@type":"SearchAction","target":{"@type":"EntryPoint","urlTemplate":"https:\/\/www.daisho.be\/nl\/?s={search_term_string}"},"query-input":{"@type":"PropertyValueSpecification","valueRequired":true,"valueName":"search_term_string"}}],"inLanguage":"nl-NL"},{"@type":"Organization","@id":"https:\/\/www.daisho.be\/nl\/#organization","name":"Daisho","url":"https:\/\/www.daisho.be\/nl\/","logo":{"@type":"ImageObject","inLanguage":"nl-NL","@id":"https:\/\/www.daisho.be\/nl\/#\/schema\/logo\/image\/","url":"https:\/\/www.daisho.be\/wp-content\/uploads\/2019\/07\/color-nothing-horizontale4x-e1564486100247.png","contentUrl":"https:\/\/www.daisho.be\/wp-content\/uploads\/2019\/07\/color-nothing-horizontale4x-e1564486100247.png","width":1547,"height":385,"caption":"Daisho"},"image":{"@id":"https:\/\/www.daisho.be\/nl\/#\/schema\/logo\/image\/"}}]}},"_links":{"self":[{"href":"https:\/\/www.daisho.be\/nl\/wp-json\/wp\/v2\/product\/562931","targetHints":{"allow":["GET"]}}],"collection":[{"href":"https:\/\/www.daisho.be\/nl\/wp-json\/wp\/v2\/product"}],"about":[{"href":"https:\/\/www.daisho.be\/nl\/wp-json\/wp\/v2\/types\/product"}],"replies":[{"embeddable":true,"href":"https:\/\/www.daisho.be\/nl\/wp-json\/wp\/v2\/comments?post=562931"}],"wp:featuredmedia":[{"embeddable":true,"href":"https:\/\/www.daisho.be\/nl\/wp-json\/wp\/v2\/media\/525405"}],"wp:attachment":[{"href":"https:\/\/www.daisho.be\/nl\/wp-json\/wp\/v2\/media?parent=562931"}],"wp:term":[{"taxonomy":"product_brand","embeddable":true,"href":"https:\/\/www.daisho.be\/nl\/wp-json\/wp\/v2\/product_brand?post=562931"},{"taxonomy":"product_cat","embeddable":true,"href":"https:\/\/www.daisho.be\/nl\/wp-json\/wp\/v2\/product_cat?post=562931"},{"taxonomy":"product_tag","embeddable":true,"href":"https:\/\/www.daisho.be\/nl\/wp-json\/wp\/v2\/product_tag?post=562931"},{"taxonomy":"sport","embeddable":true,"href":"https:\/\/www.daisho.be\/nl\/wp-json\/wp\/v2\/sport?post=562931"}],"curies":[{"name":"wp","href":"https:\/\/api.w.org\/{rel}","templated":true}]}}