{"id":491650,"date":"2025-02-11T15:29:29","date_gmt":"2025-02-11T14:29:29","guid":{"rendered":"https:\/\/www.daisho.be\/produit\/binome-resistance-fitnessapparatuur-voor-2-personen-basic\/"},"modified":"2025-10-09T14:31:00","modified_gmt":"2025-10-09T12:31:00","slug":"binome-resistance-fitnessapparatuur-voor-2-personen-basic","status":"publish","type":"product","link":"https:\/\/www.daisho.be\/nl\/produit\/binome-resistance-fitnessapparatuur-voor-2-personen-basic\/","title":{"rendered":"Bin\u00f4me R\u00e9sistance &#8211; Fitnessapparatuur voor 2 personen &#8211; Basic"},"content":{"rendered":"<p>De Bin\u00f4me R\u00e9sistance is een fitnessapparaat waarmee twee mensen samen of met z&#8217;n twee\u00ebn kunnen werken.<\/p>\n<p>Training voor twee: Met de Bin\u00f4me kunnen twee mensen samen trainen, voor motivatie, plezier en wederzijdse ondersteuning. Perfect voor gezamenlijke sessies met een partner, coach of groep.<br \/>\nRobuust, veilig ontwerp: Een monofil polyester touw versterkt met een Pom kern, wat duurzaamheid en veiligheid garandeert, zelfs na lange periodes van intensief gebruik.<br \/>\nVeelzijdigheid en draagbaarheid: Compact en lichtgewicht, dit apparaat is gemakkelijk te vervoeren en kan overal worden gebruikt, thuis, in het park of op de sportschool.<br \/>\nVerbeterd comfort: Antislip handvat met schokdemper, ontworpen voor optimale ondersteuning en superieur comfort tijdens het sporten.<br \/>\nVolledige functies: Uitgerust met een heen-en-weer-calculator, teller voor verbrande calorie\u00ebn en gebruikstijd, met een resetfunctie voor nauwkeurige controle van je prestaties.<\/p>\n<p>Versie: Basis, voor beginners, kinderen en ouderen.<br \/>\nVerschillende toepassingen voor lichaams- en armpositie<br \/>\nSta op:<br \/>\nHet paar kan in verschillende armposities worden gebruikt om het werk op een specifieke regio van de bovenste ledematen te intensiveren:<br \/>\n??arm op 90\u00b0 (bovenste trapezius en nek)<br \/>\n??arm op 45\u00b0 ellebogen gebogen: polsextensoren (epicondylialen en schouders)<br \/>\nTae le Leeg het lichaam niale entes us (ales degaya), pose tepuis (dvieux) en laterals<br \/>\n(abductoren en adductoren) worden gebruikt om het lichaam te stabiliseren.<\/p>\n<p>Zitten: Afhankelijk van of de handgrepen naar boven of naar beneden zijn geplaatst, zal de spieractie anders zijn.<br \/>\n1) Handgrepen naar het plafond: voorste fascikel van de deltaspier.<br \/>\n2) handgrepen tegenover elkaar: triceps, middelste en achterste deltaspier.<br \/>\n3) Handgrepen omlaag: deltaspier, triceps.<br \/>\nBorstopening :<br \/>\nDankzij de amplitude van de strekking van de twee armen die gepaard gaan met inspiratie tijdens de uitvoering van de bewegingen, heb je een maximale opening van je ribbenkast.<\/p>\n","protected":false},"excerpt":{"rendered":"[video width=\"1920\" height=\"1080\" mp4=\"https:\/\/www.daisho.be\/wp-content\/uploads\/2025\/02\/BINOME-RESISTANCE-Header.mp4\"][\/video]\n","protected":false},"featured_media":491603,"comment_status":"open","ping_status":"closed","template":"","meta":{"inline_featured_image":false},"product_brand":[],"product_cat":[1726,1405],"product_tag":[2480],"sport":[],"class_list":{"0":"post-491650","1":"product","2":"type-product","3":"status-publish","4":"has-post-thumbnail","6":"product_cat-spieren-versterken-nl","7":"product_cat-trainingsmateriaal-nl","8":"product_tag-binome-weerstand","10":"first","11":"instock","12":"sale","13":"taxable","14":"shipping-taxable","15":"purchasable","16":"product-type-simple"},"yoast_head":"<!-- This site is optimized with the Yoast SEO plugin v27.2 - https:\/\/yoast.com\/product\/yoast-seo-wordpress\/ -->\n<title>Bin\u00f4me R\u00e9sistance - Fitnessapparatuur voor 2 personen - Basic &#8211; Daisho<\/title>\n<meta name=\"description\" content=\"De Bin\u00f4me R\u00e9sistance is een fitnessapparaat voor training met z&#039;n twee\u00ebn. De Basic versie is ontworpen voor kinderen en senioren.\" \/>\n<meta name=\"robots\" content=\"index, follow, max-snippet:-1, max-image-preview:large, max-video-preview:-1\" \/>\n<link rel=\"canonical\" href=\"https:\/\/www.daisho.be\/nl\/produit\/binome-resistance-fitnessapparatuur-voor-2-personen-basic\/\" \/>\n<meta property=\"og:locale\" content=\"nl_NL\" \/>\n<meta property=\"og:type\" content=\"article\" \/>\n<meta property=\"og:title\" content=\"Bin\u00f4me R\u00e9sistance - Fitnessapparatuur voor 2 personen - Basic &#8211; Daisho\" \/>\n<meta property=\"og:description\" content=\"De Bin\u00f4me R\u00e9sistance is een fitnessapparaat voor training met z&#039;n twee\u00ebn. De Basic versie is ontworpen voor kinderen en senioren.\" \/>\n<meta property=\"og:url\" content=\"https:\/\/www.daisho.be\/nl\/produit\/binome-resistance-fitnessapparatuur-voor-2-personen-basic\/\" \/>\n<meta property=\"og:site_name\" content=\"Daisho\" \/>\n<meta property=\"article:modified_time\" content=\"2025-10-09T12:31:00+00:00\" \/>\n<meta property=\"og:image\" content=\"https:\/\/www.daisho.be\/wp-content\/uploads\/2025\/02\/image-68.jpg\" \/>\n\t<meta property=\"og:image:width\" content=\"1024\" \/>\n\t<meta property=\"og:image:height\" content=\"1024\" \/>\n\t<meta property=\"og:image:type\" content=\"image\/jpeg\" \/>\n<meta name=\"twitter:card\" content=\"summary_large_image\" \/>\n<meta name=\"twitter:label1\" content=\"Geschatte leestijd\" \/>\n\t<meta name=\"twitter:data1\" content=\"1 minuut\" \/>\n<script type=\"application\/ld+json\" class=\"yoast-schema-graph\">{\"@context\":\"https:\/\/schema.org\",\"@graph\":[{\"@type\":\"WebPage\",\"@id\":\"https:\/\/www.daisho.be\/nl\/produit\/binome-resistance-fitnessapparatuur-voor-2-personen-basic\/\",\"url\":\"https:\/\/www.daisho.be\/nl\/produit\/binome-resistance-fitnessapparatuur-voor-2-personen-basic\/\",\"name\":\"Bin\u00f4me R\u00e9sistance - Fitnessapparatuur voor 2 personen - Basic &#8211; Daisho\",\"isPartOf\":{\"@id\":\"https:\/\/www.daisho.be\/nl\/#website\"},\"primaryImageOfPage\":{\"@id\":\"https:\/\/www.daisho.be\/nl\/produit\/binome-resistance-fitnessapparatuur-voor-2-personen-basic\/#primaryimage\"},\"image\":{\"@id\":\"https:\/\/www.daisho.be\/nl\/produit\/binome-resistance-fitnessapparatuur-voor-2-personen-basic\/#primaryimage\"},\"thumbnailUrl\":\"https:\/\/www.daisho.be\/wp-content\/uploads\/2025\/02\/image-68.jpg\",\"datePublished\":\"2025-02-11T14:29:29+00:00\",\"dateModified\":\"2025-10-09T12:31:00+00:00\",\"description\":\"De Bin\u00f4me R\u00e9sistance is een fitnessapparaat voor training met z'n twee\u00ebn. De Basic versie is ontworpen voor kinderen en senioren.\",\"breadcrumb\":{\"@id\":\"https:\/\/www.daisho.be\/nl\/produit\/binome-resistance-fitnessapparatuur-voor-2-personen-basic\/#breadcrumb\"},\"inLanguage\":\"nl-NL\",\"potentialAction\":[{\"@type\":\"ReadAction\",\"target\":[\"https:\/\/www.daisho.be\/nl\/produit\/binome-resistance-fitnessapparatuur-voor-2-personen-basic\/\"]}]},{\"@type\":\"ImageObject\",\"inLanguage\":\"nl-NL\",\"@id\":\"https:\/\/www.daisho.be\/nl\/produit\/binome-resistance-fitnessapparatuur-voor-2-personen-basic\/#primaryimage\",\"url\":\"https:\/\/www.daisho.be\/wp-content\/uploads\/2025\/02\/image-68.jpg\",\"contentUrl\":\"https:\/\/www.daisho.be\/wp-content\/uploads\/2025\/02\/image-68.jpg\",\"width\":1024,\"height\":1024,\"caption\":\"Bin\u00f4me R\u00e9sistance - Fitnessapparatuur voor 2 personen - Basic-1\"},{\"@type\":\"BreadcrumbList\",\"@id\":\"https:\/\/www.daisho.be\/nl\/produit\/binome-resistance-fitnessapparatuur-voor-2-personen-basic\/#breadcrumb\",\"itemListElement\":[{\"@type\":\"ListItem\",\"position\":1,\"name\":\"Accueil\",\"item\":\"https:\/\/www.daisho.be\/nl\/\"},{\"@type\":\"ListItem\",\"position\":2,\"name\":\"Producten\",\"item\":\"https:\/\/www.daisho.be\/nl\/producten\/\"},{\"@type\":\"ListItem\",\"position\":3,\"name\":\"Vechtsporten\",\"item\":\"https:\/\/www.daisho.be\/nl\/categorie-produit\/vechtsporten\/\"},{\"@type\":\"ListItem\",\"position\":4,\"name\":\"Trainingsmateriaal\",\"item\":\"https:\/\/www.daisho.be\/nl\/categorie-produit\/vechtsporten\/trainingsmateriaal-nl\/\"},{\"@type\":\"ListItem\",\"position\":5,\"name\":\"Bin\u00f4me R\u00e9sistance &#8211; Fitnessapparatuur voor 2 personen &#8211; Basic\"}]},{\"@type\":\"WebSite\",\"@id\":\"https:\/\/www.daisho.be\/nl\/#website\",\"url\":\"https:\/\/www.daisho.be\/nl\/\",\"name\":\"Daisho\",\"description\":\"Sp&eacute;cialiste de l'&eacute;quipement sportif d'arts martiaux\",\"publisher\":{\"@id\":\"https:\/\/www.daisho.be\/nl\/#organization\"},\"potentialAction\":[{\"@type\":\"SearchAction\",\"target\":{\"@type\":\"EntryPoint\",\"urlTemplate\":\"https:\/\/www.daisho.be\/nl\/?s={search_term_string}\"},\"query-input\":{\"@type\":\"PropertyValueSpecification\",\"valueRequired\":true,\"valueName\":\"search_term_string\"}}],\"inLanguage\":\"nl-NL\"},{\"@type\":\"Organization\",\"@id\":\"https:\/\/www.daisho.be\/nl\/#organization\",\"name\":\"Daisho\",\"url\":\"https:\/\/www.daisho.be\/nl\/\",\"logo\":{\"@type\":\"ImageObject\",\"inLanguage\":\"nl-NL\",\"@id\":\"https:\/\/www.daisho.be\/nl\/#\/schema\/logo\/image\/\",\"url\":\"https:\/\/www.daisho.be\/wp-content\/uploads\/2019\/07\/color-nothing-horizontale4x-e1564486100247.png\",\"contentUrl\":\"https:\/\/www.daisho.be\/wp-content\/uploads\/2019\/07\/color-nothing-horizontale4x-e1564486100247.png\",\"width\":1547,\"height\":385,\"caption\":\"Daisho\"},\"image\":{\"@id\":\"https:\/\/www.daisho.be\/nl\/#\/schema\/logo\/image\/\"}}]}<\/script>\n<!-- \/ Yoast SEO plugin. -->","yoast_head_json":{"title":"Bin\u00f4me R\u00e9sistance - Fitnessapparatuur voor 2 personen - Basic &#8211; Daisho","description":"De Bin\u00f4me R\u00e9sistance is een fitnessapparaat voor training met z'n twee\u00ebn. De Basic versie is ontworpen voor kinderen en senioren.","robots":{"index":"index","follow":"follow","max-snippet":"max-snippet:-1","max-image-preview":"max-image-preview:large","max-video-preview":"max-video-preview:-1"},"canonical":"https:\/\/www.daisho.be\/nl\/produit\/binome-resistance-fitnessapparatuur-voor-2-personen-basic\/","og_locale":"nl_NL","og_type":"article","og_title":"Bin\u00f4me R\u00e9sistance - Fitnessapparatuur voor 2 personen - Basic &#8211; Daisho","og_description":"De Bin\u00f4me R\u00e9sistance is een fitnessapparaat voor training met z'n twee\u00ebn. De Basic versie is ontworpen voor kinderen en senioren.","og_url":"https:\/\/www.daisho.be\/nl\/produit\/binome-resistance-fitnessapparatuur-voor-2-personen-basic\/","og_site_name":"Daisho","article_modified_time":"2025-10-09T12:31:00+00:00","og_image":[{"width":1024,"height":1024,"url":"https:\/\/www.daisho.be\/wp-content\/uploads\/2025\/02\/image-68.jpg","type":"image\/jpeg"}],"twitter_card":"summary_large_image","twitter_misc":{"Geschatte leestijd":"1 minuut"},"schema":{"@context":"https:\/\/schema.org","@graph":[{"@type":"WebPage","@id":"https:\/\/www.daisho.be\/nl\/produit\/binome-resistance-fitnessapparatuur-voor-2-personen-basic\/","url":"https:\/\/www.daisho.be\/nl\/produit\/binome-resistance-fitnessapparatuur-voor-2-personen-basic\/","name":"Bin\u00f4me R\u00e9sistance - Fitnessapparatuur voor 2 personen - Basic &#8211; Daisho","isPartOf":{"@id":"https:\/\/www.daisho.be\/nl\/#website"},"primaryImageOfPage":{"@id":"https:\/\/www.daisho.be\/nl\/produit\/binome-resistance-fitnessapparatuur-voor-2-personen-basic\/#primaryimage"},"image":{"@id":"https:\/\/www.daisho.be\/nl\/produit\/binome-resistance-fitnessapparatuur-voor-2-personen-basic\/#primaryimage"},"thumbnailUrl":"https:\/\/www.daisho.be\/wp-content\/uploads\/2025\/02\/image-68.jpg","datePublished":"2025-02-11T14:29:29+00:00","dateModified":"2025-10-09T12:31:00+00:00","description":"De Bin\u00f4me R\u00e9sistance is een fitnessapparaat voor training met z'n twee\u00ebn. De Basic versie is ontworpen voor kinderen en senioren.","breadcrumb":{"@id":"https:\/\/www.daisho.be\/nl\/produit\/binome-resistance-fitnessapparatuur-voor-2-personen-basic\/#breadcrumb"},"inLanguage":"nl-NL","potentialAction":[{"@type":"ReadAction","target":["https:\/\/www.daisho.be\/nl\/produit\/binome-resistance-fitnessapparatuur-voor-2-personen-basic\/"]}]},{"@type":"ImageObject","inLanguage":"nl-NL","@id":"https:\/\/www.daisho.be\/nl\/produit\/binome-resistance-fitnessapparatuur-voor-2-personen-basic\/#primaryimage","url":"https:\/\/www.daisho.be\/wp-content\/uploads\/2025\/02\/image-68.jpg","contentUrl":"https:\/\/www.daisho.be\/wp-content\/uploads\/2025\/02\/image-68.jpg","width":1024,"height":1024,"caption":"Bin\u00f4me R\u00e9sistance - Fitnessapparatuur voor 2 personen - Basic-1"},{"@type":"BreadcrumbList","@id":"https:\/\/www.daisho.be\/nl\/produit\/binome-resistance-fitnessapparatuur-voor-2-personen-basic\/#breadcrumb","itemListElement":[{"@type":"ListItem","position":1,"name":"Accueil","item":"https:\/\/www.daisho.be\/nl\/"},{"@type":"ListItem","position":2,"name":"Producten","item":"https:\/\/www.daisho.be\/nl\/producten\/"},{"@type":"ListItem","position":3,"name":"Vechtsporten","item":"https:\/\/www.daisho.be\/nl\/categorie-produit\/vechtsporten\/"},{"@type":"ListItem","position":4,"name":"Trainingsmateriaal","item":"https:\/\/www.daisho.be\/nl\/categorie-produit\/vechtsporten\/trainingsmateriaal-nl\/"},{"@type":"ListItem","position":5,"name":"Bin\u00f4me R\u00e9sistance &#8211; Fitnessapparatuur voor 2 personen &#8211; Basic"}]},{"@type":"WebSite","@id":"https:\/\/www.daisho.be\/nl\/#website","url":"https:\/\/www.daisho.be\/nl\/","name":"Daisho","description":"Sp&eacute;cialiste de l'&eacute;quipement sportif d'arts martiaux","publisher":{"@id":"https:\/\/www.daisho.be\/nl\/#organization"},"potentialAction":[{"@type":"SearchAction","target":{"@type":"EntryPoint","urlTemplate":"https:\/\/www.daisho.be\/nl\/?s={search_term_string}"},"query-input":{"@type":"PropertyValueSpecification","valueRequired":true,"valueName":"search_term_string"}}],"inLanguage":"nl-NL"},{"@type":"Organization","@id":"https:\/\/www.daisho.be\/nl\/#organization","name":"Daisho","url":"https:\/\/www.daisho.be\/nl\/","logo":{"@type":"ImageObject","inLanguage":"nl-NL","@id":"https:\/\/www.daisho.be\/nl\/#\/schema\/logo\/image\/","url":"https:\/\/www.daisho.be\/wp-content\/uploads\/2019\/07\/color-nothing-horizontale4x-e1564486100247.png","contentUrl":"https:\/\/www.daisho.be\/wp-content\/uploads\/2019\/07\/color-nothing-horizontale4x-e1564486100247.png","width":1547,"height":385,"caption":"Daisho"},"image":{"@id":"https:\/\/www.daisho.be\/nl\/#\/schema\/logo\/image\/"}}]}},"_links":{"self":[{"href":"https:\/\/www.daisho.be\/nl\/wp-json\/wp\/v2\/product\/491650","targetHints":{"allow":["GET"]}}],"collection":[{"href":"https:\/\/www.daisho.be\/nl\/wp-json\/wp\/v2\/product"}],"about":[{"href":"https:\/\/www.daisho.be\/nl\/wp-json\/wp\/v2\/types\/product"}],"replies":[{"embeddable":true,"href":"https:\/\/www.daisho.be\/nl\/wp-json\/wp\/v2\/comments?post=491650"}],"wp:featuredmedia":[{"embeddable":true,"href":"https:\/\/www.daisho.be\/nl\/wp-json\/wp\/v2\/media\/491603"}],"wp:attachment":[{"href":"https:\/\/www.daisho.be\/nl\/wp-json\/wp\/v2\/media?parent=491650"}],"wp:term":[{"taxonomy":"product_brand","embeddable":true,"href":"https:\/\/www.daisho.be\/nl\/wp-json\/wp\/v2\/product_brand?post=491650"},{"taxonomy":"product_cat","embeddable":true,"href":"https:\/\/www.daisho.be\/nl\/wp-json\/wp\/v2\/product_cat?post=491650"},{"taxonomy":"product_tag","embeddable":true,"href":"https:\/\/www.daisho.be\/nl\/wp-json\/wp\/v2\/product_tag?post=491650"},{"taxonomy":"sport","embeddable":true,"href":"https:\/\/www.daisho.be\/nl\/wp-json\/wp\/v2\/sport?post=491650"}],"curies":[{"name":"wp","href":"https:\/\/api.w.org\/{rel}","templated":true}]}}