{"id":410112,"date":"2024-05-24T12:55:55","date_gmt":"2024-05-24T10:55:55","guid":{"rendered":"https:\/\/www.daisho.be\/produit\/daisho-bedrukte-douchehanddoek\/"},"modified":"2026-03-10T15:54:43","modified_gmt":"2026-03-10T14:54:43","slug":"daisho-bedrukte-douchehanddoek","status":"publish","type":"product","link":"https:\/\/www.daisho.be\/nl\/produit\/daisho-bedrukte-douchehanddoek\/","title":{"rendered":"Daisho bedrukte douchehanddoek"},"content":{"rendered":"<p>De hoogwaardige douchelakens zijn gemaakt van katoen en hebben een bedrukte witte rand.<br \/>\nDe witte rand is gemaakt van 100% polyester.<br \/>\nDe lettergrootte is ongeveer 3,5 cm.<br \/>\nBedrukking op witte rand.<br \/>\nDe maximale printbreedte is 37 cm.<br \/>\nAfhankelijk van de tekst kan het nodig zijn de lettergrootte aan te passen of op twee regels te printen.<br \/>\nLet op: lettertype 10 is niet geschikt voor umlauten zoals \u00e4,\u00f6,\u00fc.<br \/>\nIn de productafbeeldingen vind je een overzicht van de lettertypes en het uiterlijk van de letters in het alfabet. Sommige lettertypes maken geen onderscheid tussen hoofdletters en kleine letters.<br \/>\nOp verzoek kunnen we ook een logo drukken.<br \/>\nE-mail ons uw naam en logo nadat u uw bestelling hebt bevestigd.<br \/>\nHoud er rekening mee dat we geen grafische bewerkingen uitvoeren.<br \/>\nEen logo wordt op de stof gedrukt zoals u het verzendt. Gebruik hiervoor rechtenvrije JPG-bestanden.<br \/>\nNatuurlijk is het ook mogelijk om slechts \u00e9\u00e9n logo te drukken.<br \/>\nAfmetingen van het douchelaken: 70 x 140 cm  <\/p>\n","protected":false},"excerpt":{"rendered":"<p>De hoogwaardige douchelakens zijn gemaakt van katoen en hebben een bedrukte witte rand. De witte rand is gemaakt van 100% polyester. De lettergrootte is ongeveer 3,5 cm. Bedrukking op witte rand. De maximale printbreedte is 37 cm. Afhankelijk van de tekst kan het nodig zijn de lettergrootte aan te passen of op twee regels te [&hellip;]<\/p>\n","protected":false},"featured_media":410572,"comment_status":"open","ping_status":"closed","template":"","meta":{"inline_featured_image":false},"product_brand":[],"product_cat":[1435,1473],"product_tag":[1450],"sport":[],"class_list":{"0":"post-410112","1":"product","2":"type-product","3":"status-publish","4":"has-post-thumbnail","6":"product_cat-geschenken","7":"product_cat-zorg","8":"product_tag-daisho-nl","10":"first","11":"instock","12":"sale","13":"taxable","14":"shipping-taxable","15":"purchasable","16":"product-type-simple"},"yoast_head":"<!-- This site is optimized with the Yoast SEO plugin v27.2 - https:\/\/yoast.com\/product\/yoast-seo-wordpress\/ -->\n<title>Daisho bedrukte douchehanddoek &#8211; Daisho<\/title>\n<meta name=\"description\" content=\"Wil je een douchehanddoek die jouw imago weerspiegelt? Kom en laat je handdoek personaliseren op onze website www.daisho.be|Daisho\" \/>\n<meta name=\"robots\" content=\"index, follow, max-snippet:-1, max-image-preview:large, max-video-preview:-1\" \/>\n<link rel=\"canonical\" href=\"https:\/\/www.daisho.be\/nl\/produit\/daisho-bedrukte-douchehanddoek\/\" \/>\n<meta property=\"og:locale\" content=\"nl_NL\" \/>\n<meta property=\"og:type\" content=\"article\" \/>\n<meta property=\"og:title\" content=\"Daisho bedrukte douchehanddoek &#8211; Daisho\" \/>\n<meta property=\"og:description\" content=\"Wil je een douchehanddoek die jouw imago weerspiegelt? Kom en laat je handdoek personaliseren op onze website www.daisho.be|Daisho\" \/>\n<meta property=\"og:url\" content=\"https:\/\/www.daisho.be\/nl\/produit\/daisho-bedrukte-douchehanddoek\/\" \/>\n<meta property=\"og:site_name\" content=\"Daisho\" \/>\n<meta property=\"article:modified_time\" content=\"2026-03-10T14:54:43+00:00\" \/>\n<meta property=\"og:image\" content=\"https:\/\/www.daisho.be\/wp-content\/uploads\/2024\/05\/image-76.jpg\" \/>\n\t<meta property=\"og:image:width\" content=\"600\" \/>\n\t<meta property=\"og:image:height\" content=\"381\" \/>\n\t<meta property=\"og:image:type\" content=\"image\/jpeg\" \/>\n<meta name=\"twitter:card\" content=\"summary_large_image\" \/>\n<meta name=\"twitter:label1\" content=\"Geschatte leestijd\" \/>\n\t<meta name=\"twitter:data1\" content=\"1 minuut\" \/>\n<script type=\"application\/ld+json\" class=\"yoast-schema-graph\">{\"@context\":\"https:\/\/schema.org\",\"@graph\":[{\"@type\":\"WebPage\",\"@id\":\"https:\/\/www.daisho.be\/nl\/produit\/daisho-bedrukte-douchehanddoek\/\",\"url\":\"https:\/\/www.daisho.be\/nl\/produit\/daisho-bedrukte-douchehanddoek\/\",\"name\":\"Daisho bedrukte douchehanddoek &#8211; Daisho\",\"isPartOf\":{\"@id\":\"https:\/\/www.daisho.be\/nl\/#website\"},\"primaryImageOfPage\":{\"@id\":\"https:\/\/www.daisho.be\/nl\/produit\/daisho-bedrukte-douchehanddoek\/#primaryimage\"},\"image\":{\"@id\":\"https:\/\/www.daisho.be\/nl\/produit\/daisho-bedrukte-douchehanddoek\/#primaryimage\"},\"thumbnailUrl\":\"https:\/\/www.daisho.be\/wp-content\/uploads\/2024\/05\/image-76.jpg\",\"datePublished\":\"2024-05-24T10:55:55+00:00\",\"dateModified\":\"2026-03-10T14:54:43+00:00\",\"description\":\"Wil je een douchehanddoek die jouw imago weerspiegelt? Kom en laat je handdoek personaliseren op onze website www.daisho.be|Daisho\",\"breadcrumb\":{\"@id\":\"https:\/\/www.daisho.be\/nl\/produit\/daisho-bedrukte-douchehanddoek\/#breadcrumb\"},\"inLanguage\":\"nl-NL\",\"potentialAction\":[{\"@type\":\"ReadAction\",\"target\":[\"https:\/\/www.daisho.be\/nl\/produit\/daisho-bedrukte-douchehanddoek\/\"]}]},{\"@type\":\"ImageObject\",\"inLanguage\":\"nl-NL\",\"@id\":\"https:\/\/www.daisho.be\/nl\/produit\/daisho-bedrukte-douchehanddoek\/#primaryimage\",\"url\":\"https:\/\/www.daisho.be\/wp-content\/uploads\/2024\/05\/image-76.jpg\",\"contentUrl\":\"https:\/\/www.daisho.be\/wp-content\/uploads\/2024\/05\/image-76.jpg\",\"width\":600,\"height\":381,\"caption\":\"Daisho-1 bedrukte douchehanddoek\"},{\"@type\":\"BreadcrumbList\",\"@id\":\"https:\/\/www.daisho.be\/nl\/produit\/daisho-bedrukte-douchehanddoek\/#breadcrumb\",\"itemListElement\":[{\"@type\":\"ListItem\",\"position\":1,\"name\":\"Accueil\",\"item\":\"https:\/\/www.daisho.be\/nl\/\"},{\"@type\":\"ListItem\",\"position\":2,\"name\":\"Producten\",\"item\":\"https:\/\/www.daisho.be\/nl\/producten\/\"},{\"@type\":\"ListItem\",\"position\":3,\"name\":\"Vechtsporten\",\"item\":\"https:\/\/www.daisho.be\/nl\/categorie-produit\/vechtsporten\/\"},{\"@type\":\"ListItem\",\"position\":4,\"name\":\"Geschenken\",\"item\":\"https:\/\/www.daisho.be\/nl\/categorie-produit\/vechtsporten\/geschenken\/\"},{\"@type\":\"ListItem\",\"position\":5,\"name\":\"Daisho bedrukte douchehanddoek\"}]},{\"@type\":\"WebSite\",\"@id\":\"https:\/\/www.daisho.be\/nl\/#website\",\"url\":\"https:\/\/www.daisho.be\/nl\/\",\"name\":\"Daisho\",\"description\":\"Sp&eacute;cialiste de l'&eacute;quipement sportif d'arts martiaux\",\"publisher\":{\"@id\":\"https:\/\/www.daisho.be\/nl\/#organization\"},\"potentialAction\":[{\"@type\":\"SearchAction\",\"target\":{\"@type\":\"EntryPoint\",\"urlTemplate\":\"https:\/\/www.daisho.be\/nl\/?s={search_term_string}\"},\"query-input\":{\"@type\":\"PropertyValueSpecification\",\"valueRequired\":true,\"valueName\":\"search_term_string\"}}],\"inLanguage\":\"nl-NL\"},{\"@type\":\"Organization\",\"@id\":\"https:\/\/www.daisho.be\/nl\/#organization\",\"name\":\"Daisho\",\"url\":\"https:\/\/www.daisho.be\/nl\/\",\"logo\":{\"@type\":\"ImageObject\",\"inLanguage\":\"nl-NL\",\"@id\":\"https:\/\/www.daisho.be\/nl\/#\/schema\/logo\/image\/\",\"url\":\"https:\/\/www.daisho.be\/wp-content\/uploads\/2019\/07\/color-nothing-horizontale4x-e1564486100247.png\",\"contentUrl\":\"https:\/\/www.daisho.be\/wp-content\/uploads\/2019\/07\/color-nothing-horizontale4x-e1564486100247.png\",\"width\":1547,\"height\":385,\"caption\":\"Daisho\"},\"image\":{\"@id\":\"https:\/\/www.daisho.be\/nl\/#\/schema\/logo\/image\/\"}}]}<\/script>\n<!-- \/ Yoast SEO plugin. -->","yoast_head_json":{"title":"Daisho bedrukte douchehanddoek &#8211; Daisho","description":"Wil je een douchehanddoek die jouw imago weerspiegelt? Kom en laat je handdoek personaliseren op onze website www.daisho.be|Daisho","robots":{"index":"index","follow":"follow","max-snippet":"max-snippet:-1","max-image-preview":"max-image-preview:large","max-video-preview":"max-video-preview:-1"},"canonical":"https:\/\/www.daisho.be\/nl\/produit\/daisho-bedrukte-douchehanddoek\/","og_locale":"nl_NL","og_type":"article","og_title":"Daisho bedrukte douchehanddoek &#8211; Daisho","og_description":"Wil je een douchehanddoek die jouw imago weerspiegelt? Kom en laat je handdoek personaliseren op onze website www.daisho.be|Daisho","og_url":"https:\/\/www.daisho.be\/nl\/produit\/daisho-bedrukte-douchehanddoek\/","og_site_name":"Daisho","article_modified_time":"2026-03-10T14:54:43+00:00","og_image":[{"width":600,"height":381,"url":"https:\/\/www.daisho.be\/wp-content\/uploads\/2024\/05\/image-76.jpg","type":"image\/jpeg"}],"twitter_card":"summary_large_image","twitter_misc":{"Geschatte leestijd":"1 minuut"},"schema":{"@context":"https:\/\/schema.org","@graph":[{"@type":"WebPage","@id":"https:\/\/www.daisho.be\/nl\/produit\/daisho-bedrukte-douchehanddoek\/","url":"https:\/\/www.daisho.be\/nl\/produit\/daisho-bedrukte-douchehanddoek\/","name":"Daisho bedrukte douchehanddoek &#8211; Daisho","isPartOf":{"@id":"https:\/\/www.daisho.be\/nl\/#website"},"primaryImageOfPage":{"@id":"https:\/\/www.daisho.be\/nl\/produit\/daisho-bedrukte-douchehanddoek\/#primaryimage"},"image":{"@id":"https:\/\/www.daisho.be\/nl\/produit\/daisho-bedrukte-douchehanddoek\/#primaryimage"},"thumbnailUrl":"https:\/\/www.daisho.be\/wp-content\/uploads\/2024\/05\/image-76.jpg","datePublished":"2024-05-24T10:55:55+00:00","dateModified":"2026-03-10T14:54:43+00:00","description":"Wil je een douchehanddoek die jouw imago weerspiegelt? Kom en laat je handdoek personaliseren op onze website www.daisho.be|Daisho","breadcrumb":{"@id":"https:\/\/www.daisho.be\/nl\/produit\/daisho-bedrukte-douchehanddoek\/#breadcrumb"},"inLanguage":"nl-NL","potentialAction":[{"@type":"ReadAction","target":["https:\/\/www.daisho.be\/nl\/produit\/daisho-bedrukte-douchehanddoek\/"]}]},{"@type":"ImageObject","inLanguage":"nl-NL","@id":"https:\/\/www.daisho.be\/nl\/produit\/daisho-bedrukte-douchehanddoek\/#primaryimage","url":"https:\/\/www.daisho.be\/wp-content\/uploads\/2024\/05\/image-76.jpg","contentUrl":"https:\/\/www.daisho.be\/wp-content\/uploads\/2024\/05\/image-76.jpg","width":600,"height":381,"caption":"Daisho-1 bedrukte douchehanddoek"},{"@type":"BreadcrumbList","@id":"https:\/\/www.daisho.be\/nl\/produit\/daisho-bedrukte-douchehanddoek\/#breadcrumb","itemListElement":[{"@type":"ListItem","position":1,"name":"Accueil","item":"https:\/\/www.daisho.be\/nl\/"},{"@type":"ListItem","position":2,"name":"Producten","item":"https:\/\/www.daisho.be\/nl\/producten\/"},{"@type":"ListItem","position":3,"name":"Vechtsporten","item":"https:\/\/www.daisho.be\/nl\/categorie-produit\/vechtsporten\/"},{"@type":"ListItem","position":4,"name":"Geschenken","item":"https:\/\/www.daisho.be\/nl\/categorie-produit\/vechtsporten\/geschenken\/"},{"@type":"ListItem","position":5,"name":"Daisho bedrukte douchehanddoek"}]},{"@type":"WebSite","@id":"https:\/\/www.daisho.be\/nl\/#website","url":"https:\/\/www.daisho.be\/nl\/","name":"Daisho","description":"Sp&eacute;cialiste de l'&eacute;quipement sportif d'arts martiaux","publisher":{"@id":"https:\/\/www.daisho.be\/nl\/#organization"},"potentialAction":[{"@type":"SearchAction","target":{"@type":"EntryPoint","urlTemplate":"https:\/\/www.daisho.be\/nl\/?s={search_term_string}"},"query-input":{"@type":"PropertyValueSpecification","valueRequired":true,"valueName":"search_term_string"}}],"inLanguage":"nl-NL"},{"@type":"Organization","@id":"https:\/\/www.daisho.be\/nl\/#organization","name":"Daisho","url":"https:\/\/www.daisho.be\/nl\/","logo":{"@type":"ImageObject","inLanguage":"nl-NL","@id":"https:\/\/www.daisho.be\/nl\/#\/schema\/logo\/image\/","url":"https:\/\/www.daisho.be\/wp-content\/uploads\/2019\/07\/color-nothing-horizontale4x-e1564486100247.png","contentUrl":"https:\/\/www.daisho.be\/wp-content\/uploads\/2019\/07\/color-nothing-horizontale4x-e1564486100247.png","width":1547,"height":385,"caption":"Daisho"},"image":{"@id":"https:\/\/www.daisho.be\/nl\/#\/schema\/logo\/image\/"}}]}},"_links":{"self":[{"href":"https:\/\/www.daisho.be\/nl\/wp-json\/wp\/v2\/product\/410112","targetHints":{"allow":["GET"]}}],"collection":[{"href":"https:\/\/www.daisho.be\/nl\/wp-json\/wp\/v2\/product"}],"about":[{"href":"https:\/\/www.daisho.be\/nl\/wp-json\/wp\/v2\/types\/product"}],"replies":[{"embeddable":true,"href":"https:\/\/www.daisho.be\/nl\/wp-json\/wp\/v2\/comments?post=410112"}],"wp:featuredmedia":[{"embeddable":true,"href":"https:\/\/www.daisho.be\/nl\/wp-json\/wp\/v2\/media\/410572"}],"wp:attachment":[{"href":"https:\/\/www.daisho.be\/nl\/wp-json\/wp\/v2\/media?parent=410112"}],"wp:term":[{"taxonomy":"product_brand","embeddable":true,"href":"https:\/\/www.daisho.be\/nl\/wp-json\/wp\/v2\/product_brand?post=410112"},{"taxonomy":"product_cat","embeddable":true,"href":"https:\/\/www.daisho.be\/nl\/wp-json\/wp\/v2\/product_cat?post=410112"},{"taxonomy":"product_tag","embeddable":true,"href":"https:\/\/www.daisho.be\/nl\/wp-json\/wp\/v2\/product_tag?post=410112"},{"taxonomy":"sport","embeddable":true,"href":"https:\/\/www.daisho.be\/nl\/wp-json\/wp\/v2\/sport?post=410112"}],"curies":[{"name":"wp","href":"https:\/\/api.w.org\/{rel}","templated":true}]}}