{"id":348112,"date":"2019-12-04T13:04:21","date_gmt":"2019-12-04T12:04:21","guid":{"rendered":"https:\/\/www.daisho.be\/produit\/tatami-taekwondo-wt-goedgekeurd\/"},"modified":"2026-03-31T14:54:45","modified_gmt":"2026-03-31T12:54:45","slug":"tatami-taekwondo-wt-goedgekeurd","status":"publish","type":"product","link":"https:\/\/www.daisho.be\/nl\/produit\/tatami-taekwondo-wt-goedgekeurd\/","title":{"rendered":"Tatami TAEKWONDO WT Goedgekeurd"},"content":{"rendered":"<p>Taekwondo is een van de meest beoefende vechtsporten ter wereld en om de beste te zijn in deze discipline is het niet genoeg om uit te blinken &#8211; je moet je grenzen verleggen! Het is op basis van deze fundamentele waarheid dat ProGame by Trocellen een tapijt heeft ontwikkeld dat zijn gelijke niet kent.<br \/>\nEen mat waaraan de World Taekwondo Competition Approval is toegekend.<br \/>\nDe ProGame WT goedgekeurde mat is gemaakt van ge\u00ebxpandeerd polyethyleen van topkwaliteit, dat rigoureus is geproduceerd in Itali\u00eb. De mat garandeert langdurige weerstand met sensationele elasticiteit om onge\u00ebvenaarde stabiliteit te bieden tijdens het beoefenen van deze discipline.<br \/>\nAfmetingen: 1000 x 1000 x 22 mm of 800 x 800 x 22 mm<br \/>\nGewicht: 1,5 kg voor zijden van 100 x 100 mm en 0,96 kg voor zijden van 800 x 800 mm.<br \/>\nKleuren: Blauw\/Rood (zoals gespecificeerd door de World Taekwondo Federation).<br \/>\nVeiligheid: EN 1177 HIC (Head Injury Criteria) HIC: 0,70 m + NF EN 12503.1.<br \/>\nTW-logo met laserdruk.<\/p>\n","protected":false},"excerpt":{"rendered":"<p>Taekwondo is een van de meest beoefende vechtsporten ter wereld en om de beste te zijn in deze discipline is het niet genoeg om uit te blinken &#8211; je moet je grenzen verleggen! Het is op basis van deze fundamentele waarheid dat ProGame by Trocellen een tapijt heeft ontwikkeld dat zijn gelijke niet kent. Een [&hellip;]<\/p>\n","protected":false},"featured_media":330743,"comment_status":"closed","ping_status":"closed","template":"","meta":{"inline_featured_image":false},"product_brand":[],"product_cat":[1482,1291],"product_tag":[2551,1289],"sport":[79],"class_list":{"0":"post-348112","1":"product","2":"type-product","3":"status-publish","4":"has-post-thumbnail","6":"product_cat-taekwondo-trainingsmateriaal","7":"product_cat-tatamimatten-voor-judo-karate-en-taekwondo-vechtsporten","8":"product_tag-citaat","9":"product_tag-progame-tatamis-nl","10":"product_shipping_class-volumineuze-producten-nl","11":"pa_size-22-cm","12":"sport-taekwondo","14":"first","15":"instock","16":"taxable","17":"shipping-taxable","18":"purchasable","19":"product-type-variable"},"yoast_head":"<!-- This site is optimized with the Yoast SEO plugin v27.2 - https:\/\/yoast.com\/product\/yoast-seo-wordpress\/ -->\n<title>Tatami TAEKWONDO WT Goedgekeurd &#8211; Daisho<\/title>\n<meta name=\"description\" content=\"WT-goedgekeurde ProGame Taekwondo mat: eersteklas stabiliteit en elasticiteit. Gemaakt in Itali\u00eb! Vind hem op www.daisho.be|Daisho\" \/>\n<meta name=\"robots\" content=\"index, follow, max-snippet:-1, max-image-preview:large, max-video-preview:-1\" \/>\n<link rel=\"canonical\" href=\"https:\/\/www.daisho.be\/nl\/produit\/tatami-taekwondo-wt-goedgekeurd\/\" \/>\n<meta property=\"og:locale\" content=\"nl_NL\" \/>\n<meta property=\"og:type\" content=\"article\" \/>\n<meta property=\"og:title\" content=\"Tatami TAEKWONDO WT Goedgekeurd &#8211; Daisho\" \/>\n<meta property=\"og:description\" content=\"WT-goedgekeurde ProGame Taekwondo mat: eersteklas stabiliteit en elasticiteit. Gemaakt in Itali\u00eb! Vind hem op www.daisho.be|Daisho\" \/>\n<meta property=\"og:url\" content=\"https:\/\/www.daisho.be\/nl\/produit\/tatami-taekwondo-wt-goedgekeurd\/\" \/>\n<meta property=\"og:site_name\" content=\"Daisho\" \/>\n<meta property=\"article:modified_time\" content=\"2026-03-31T12:54:45+00:00\" \/>\n<meta property=\"og:image\" content=\"https:\/\/www.daisho.be\/wp-content\/uploads\/2022\/01\/image-92.jpg\" \/>\n\t<meta property=\"og:image:width\" content=\"1920\" \/>\n\t<meta property=\"og:image:height\" content=\"1278\" \/>\n\t<meta property=\"og:image:type\" content=\"image\/jpeg\" \/>\n<meta name=\"twitter:card\" content=\"summary_large_image\" \/>\n<meta name=\"twitter:label1\" content=\"Geschatte leestijd\" \/>\n\t<meta name=\"twitter:data1\" content=\"1 minuut\" \/>\n<script type=\"application\/ld+json\" class=\"yoast-schema-graph\">{\"@context\":\"https:\/\/schema.org\",\"@graph\":[{\"@type\":\"WebPage\",\"@id\":\"https:\/\/www.daisho.be\/nl\/produit\/tatami-taekwondo-wt-goedgekeurd\/\",\"url\":\"https:\/\/www.daisho.be\/nl\/produit\/tatami-taekwondo-wt-goedgekeurd\/\",\"name\":\"Tatami TAEKWONDO WT Goedgekeurd &#8211; Daisho\",\"isPartOf\":{\"@id\":\"https:\/\/www.daisho.be\/nl\/#website\"},\"primaryImageOfPage\":{\"@id\":\"https:\/\/www.daisho.be\/nl\/produit\/tatami-taekwondo-wt-goedgekeurd\/#primaryimage\"},\"image\":{\"@id\":\"https:\/\/www.daisho.be\/nl\/produit\/tatami-taekwondo-wt-goedgekeurd\/#primaryimage\"},\"thumbnailUrl\":\"https:\/\/www.daisho.be\/wp-content\/uploads\/2022\/01\/image-92.jpg\",\"datePublished\":\"2019-12-04T12:04:21+00:00\",\"dateModified\":\"2026-03-31T12:54:45+00:00\",\"description\":\"WT-goedgekeurde ProGame Taekwondo mat: eersteklas stabiliteit en elasticiteit. Gemaakt in Itali\u00eb! Vind hem op www.daisho.be|Daisho\",\"breadcrumb\":{\"@id\":\"https:\/\/www.daisho.be\/nl\/produit\/tatami-taekwondo-wt-goedgekeurd\/#breadcrumb\"},\"inLanguage\":\"nl-NL\",\"potentialAction\":[{\"@type\":\"ReadAction\",\"target\":[\"https:\/\/www.daisho.be\/nl\/produit\/tatami-taekwondo-wt-goedgekeurd\/\"]}]},{\"@type\":\"ImageObject\",\"inLanguage\":\"nl-NL\",\"@id\":\"https:\/\/www.daisho.be\/nl\/produit\/tatami-taekwondo-wt-goedgekeurd\/#primaryimage\",\"url\":\"https:\/\/www.daisho.be\/wp-content\/uploads\/2022\/01\/image-92.jpg\",\"contentUrl\":\"https:\/\/www.daisho.be\/wp-content\/uploads\/2022\/01\/image-92.jpg\",\"width\":1920,\"height\":1278,\"caption\":\"Tatami TAEKWONDO WT Approved-1\"},{\"@type\":\"BreadcrumbList\",\"@id\":\"https:\/\/www.daisho.be\/nl\/produit\/tatami-taekwondo-wt-goedgekeurd\/#breadcrumb\",\"itemListElement\":[{\"@type\":\"ListItem\",\"position\":1,\"name\":\"Accueil\",\"item\":\"https:\/\/www.daisho.be\/nl\/\"},{\"@type\":\"ListItem\",\"position\":2,\"name\":\"Producten\",\"item\":\"https:\/\/www.daisho.be\/nl\/producten\/\"},{\"@type\":\"ListItem\",\"position\":3,\"name\":\"Vechtsporten\",\"item\":\"https:\/\/www.daisho.be\/nl\/categorie-produit\/vechtsporten\/\"},{\"@type\":\"ListItem\",\"position\":4,\"name\":\"Tatamimatten voor judo, karate en taekwondo (vechtsporten)\",\"item\":\"https:\/\/www.daisho.be\/nl\/categorie-produit\/vechtsporten\/tatamimatten-voor-judo-karate-en-taekwondo-vechtsporten\/\"},{\"@type\":\"ListItem\",\"position\":5,\"name\":\"Tatami TAEKWONDO WT Goedgekeurd\"}]},{\"@type\":\"WebSite\",\"@id\":\"https:\/\/www.daisho.be\/nl\/#website\",\"url\":\"https:\/\/www.daisho.be\/nl\/\",\"name\":\"Daisho\",\"description\":\"Sp&eacute;cialiste de l'&eacute;quipement sportif d'arts martiaux\",\"publisher\":{\"@id\":\"https:\/\/www.daisho.be\/nl\/#organization\"},\"potentialAction\":[{\"@type\":\"SearchAction\",\"target\":{\"@type\":\"EntryPoint\",\"urlTemplate\":\"https:\/\/www.daisho.be\/nl\/?s={search_term_string}\"},\"query-input\":{\"@type\":\"PropertyValueSpecification\",\"valueRequired\":true,\"valueName\":\"search_term_string\"}}],\"inLanguage\":\"nl-NL\"},{\"@type\":\"Organization\",\"@id\":\"https:\/\/www.daisho.be\/nl\/#organization\",\"name\":\"Daisho\",\"url\":\"https:\/\/www.daisho.be\/nl\/\",\"logo\":{\"@type\":\"ImageObject\",\"inLanguage\":\"nl-NL\",\"@id\":\"https:\/\/www.daisho.be\/nl\/#\/schema\/logo\/image\/\",\"url\":\"https:\/\/www.daisho.be\/wp-content\/uploads\/2019\/07\/color-nothing-horizontale4x-e1564486100247.png\",\"contentUrl\":\"https:\/\/www.daisho.be\/wp-content\/uploads\/2019\/07\/color-nothing-horizontale4x-e1564486100247.png\",\"width\":1547,\"height\":385,\"caption\":\"Daisho\"},\"image\":{\"@id\":\"https:\/\/www.daisho.be\/nl\/#\/schema\/logo\/image\/\"}}]}<\/script>\n<!-- \/ Yoast SEO plugin. -->","yoast_head_json":{"title":"Tatami TAEKWONDO WT Goedgekeurd &#8211; Daisho","description":"WT-goedgekeurde ProGame Taekwondo mat: eersteklas stabiliteit en elasticiteit. Gemaakt in Itali\u00eb! Vind hem op www.daisho.be|Daisho","robots":{"index":"index","follow":"follow","max-snippet":"max-snippet:-1","max-image-preview":"max-image-preview:large","max-video-preview":"max-video-preview:-1"},"canonical":"https:\/\/www.daisho.be\/nl\/produit\/tatami-taekwondo-wt-goedgekeurd\/","og_locale":"nl_NL","og_type":"article","og_title":"Tatami TAEKWONDO WT Goedgekeurd &#8211; Daisho","og_description":"WT-goedgekeurde ProGame Taekwondo mat: eersteklas stabiliteit en elasticiteit. Gemaakt in Itali\u00eb! Vind hem op www.daisho.be|Daisho","og_url":"https:\/\/www.daisho.be\/nl\/produit\/tatami-taekwondo-wt-goedgekeurd\/","og_site_name":"Daisho","article_modified_time":"2026-03-31T12:54:45+00:00","og_image":[{"width":1920,"height":1278,"url":"https:\/\/www.daisho.be\/wp-content\/uploads\/2022\/01\/image-92.jpg","type":"image\/jpeg"}],"twitter_card":"summary_large_image","twitter_misc":{"Geschatte leestijd":"1 minuut"},"schema":{"@context":"https:\/\/schema.org","@graph":[{"@type":"WebPage","@id":"https:\/\/www.daisho.be\/nl\/produit\/tatami-taekwondo-wt-goedgekeurd\/","url":"https:\/\/www.daisho.be\/nl\/produit\/tatami-taekwondo-wt-goedgekeurd\/","name":"Tatami TAEKWONDO WT Goedgekeurd &#8211; Daisho","isPartOf":{"@id":"https:\/\/www.daisho.be\/nl\/#website"},"primaryImageOfPage":{"@id":"https:\/\/www.daisho.be\/nl\/produit\/tatami-taekwondo-wt-goedgekeurd\/#primaryimage"},"image":{"@id":"https:\/\/www.daisho.be\/nl\/produit\/tatami-taekwondo-wt-goedgekeurd\/#primaryimage"},"thumbnailUrl":"https:\/\/www.daisho.be\/wp-content\/uploads\/2022\/01\/image-92.jpg","datePublished":"2019-12-04T12:04:21+00:00","dateModified":"2026-03-31T12:54:45+00:00","description":"WT-goedgekeurde ProGame Taekwondo mat: eersteklas stabiliteit en elasticiteit. Gemaakt in Itali\u00eb! Vind hem op www.daisho.be|Daisho","breadcrumb":{"@id":"https:\/\/www.daisho.be\/nl\/produit\/tatami-taekwondo-wt-goedgekeurd\/#breadcrumb"},"inLanguage":"nl-NL","potentialAction":[{"@type":"ReadAction","target":["https:\/\/www.daisho.be\/nl\/produit\/tatami-taekwondo-wt-goedgekeurd\/"]}]},{"@type":"ImageObject","inLanguage":"nl-NL","@id":"https:\/\/www.daisho.be\/nl\/produit\/tatami-taekwondo-wt-goedgekeurd\/#primaryimage","url":"https:\/\/www.daisho.be\/wp-content\/uploads\/2022\/01\/image-92.jpg","contentUrl":"https:\/\/www.daisho.be\/wp-content\/uploads\/2022\/01\/image-92.jpg","width":1920,"height":1278,"caption":"Tatami TAEKWONDO WT Approved-1"},{"@type":"BreadcrumbList","@id":"https:\/\/www.daisho.be\/nl\/produit\/tatami-taekwondo-wt-goedgekeurd\/#breadcrumb","itemListElement":[{"@type":"ListItem","position":1,"name":"Accueil","item":"https:\/\/www.daisho.be\/nl\/"},{"@type":"ListItem","position":2,"name":"Producten","item":"https:\/\/www.daisho.be\/nl\/producten\/"},{"@type":"ListItem","position":3,"name":"Vechtsporten","item":"https:\/\/www.daisho.be\/nl\/categorie-produit\/vechtsporten\/"},{"@type":"ListItem","position":4,"name":"Tatamimatten voor judo, karate en taekwondo (vechtsporten)","item":"https:\/\/www.daisho.be\/nl\/categorie-produit\/vechtsporten\/tatamimatten-voor-judo-karate-en-taekwondo-vechtsporten\/"},{"@type":"ListItem","position":5,"name":"Tatami TAEKWONDO WT Goedgekeurd"}]},{"@type":"WebSite","@id":"https:\/\/www.daisho.be\/nl\/#website","url":"https:\/\/www.daisho.be\/nl\/","name":"Daisho","description":"Sp&eacute;cialiste de l'&eacute;quipement sportif d'arts martiaux","publisher":{"@id":"https:\/\/www.daisho.be\/nl\/#organization"},"potentialAction":[{"@type":"SearchAction","target":{"@type":"EntryPoint","urlTemplate":"https:\/\/www.daisho.be\/nl\/?s={search_term_string}"},"query-input":{"@type":"PropertyValueSpecification","valueRequired":true,"valueName":"search_term_string"}}],"inLanguage":"nl-NL"},{"@type":"Organization","@id":"https:\/\/www.daisho.be\/nl\/#organization","name":"Daisho","url":"https:\/\/www.daisho.be\/nl\/","logo":{"@type":"ImageObject","inLanguage":"nl-NL","@id":"https:\/\/www.daisho.be\/nl\/#\/schema\/logo\/image\/","url":"https:\/\/www.daisho.be\/wp-content\/uploads\/2019\/07\/color-nothing-horizontale4x-e1564486100247.png","contentUrl":"https:\/\/www.daisho.be\/wp-content\/uploads\/2019\/07\/color-nothing-horizontale4x-e1564486100247.png","width":1547,"height":385,"caption":"Daisho"},"image":{"@id":"https:\/\/www.daisho.be\/nl\/#\/schema\/logo\/image\/"}}]}},"_links":{"self":[{"href":"https:\/\/www.daisho.be\/nl\/wp-json\/wp\/v2\/product\/348112","targetHints":{"allow":["GET"]}}],"collection":[{"href":"https:\/\/www.daisho.be\/nl\/wp-json\/wp\/v2\/product"}],"about":[{"href":"https:\/\/www.daisho.be\/nl\/wp-json\/wp\/v2\/types\/product"}],"replies":[{"embeddable":true,"href":"https:\/\/www.daisho.be\/nl\/wp-json\/wp\/v2\/comments?post=348112"}],"wp:featuredmedia":[{"embeddable":true,"href":"https:\/\/www.daisho.be\/nl\/wp-json\/wp\/v2\/media\/330743"}],"wp:attachment":[{"href":"https:\/\/www.daisho.be\/nl\/wp-json\/wp\/v2\/media?parent=348112"}],"wp:term":[{"taxonomy":"product_brand","embeddable":true,"href":"https:\/\/www.daisho.be\/nl\/wp-json\/wp\/v2\/product_brand?post=348112"},{"taxonomy":"product_cat","embeddable":true,"href":"https:\/\/www.daisho.be\/nl\/wp-json\/wp\/v2\/product_cat?post=348112"},{"taxonomy":"product_tag","embeddable":true,"href":"https:\/\/www.daisho.be\/nl\/wp-json\/wp\/v2\/product_tag?post=348112"},{"taxonomy":"sport","embeddable":true,"href":"https:\/\/www.daisho.be\/nl\/wp-json\/wp\/v2\/sport?post=348112"}],"curies":[{"name":"wp","href":"https:\/\/api.w.org\/{rel}","templated":true}]}}