{"id":687432,"date":"2026-04-29T12:22:11","date_gmt":"2026-04-29T10:22:11","guid":{"rendered":"https:\/\/www.daisho.be\/produit\/asciugatrici-multiple-per-20-guantoni-da-boxe-montate-a-muro\/"},"modified":"2026-04-29T12:22:11","modified_gmt":"2026-04-29T10:22:11","slug":"asciugatrici-multiple-per-20-guantoni-da-boxe-montate-a-muro","status":"publish","type":"product","link":"https:\/\/www.daisho.be\/it\/produit\/asciugatrici-multiple-per-20-guantoni-da-boxe-montate-a-muro\/","title":{"rendered":"asciugatrici multiple per 20 guantoni da boxe, montate a muro"},"content":{"rendered":"<p>Asciugatrice industriale per un massimo di 20 paia di guantoni da boxe, progettata per il montaggio a parete.<br \/>\nIl sistema \u00e8 dotato di un&#8217;alimentazione d&#8217;aria chiusa e di ugelli angolati a 45\u00b0 per un&#8217;applicazione ergonomica ed efficiente dei guanti. La profondit\u00e0 totale \u00e8 di 50 cm.<br \/>\nStruttura robusta in nero o acciaio inox.<br \/>\nVentola integrata per un&#8217;asciugatura pi\u00f9 rapida dei guanti. <\/p>\n<p>L&#8217;asciugatrice Multiglove per guantoni da boxe \u00e8 la soluzione! Al giorno d&#8217;oggi, l&#8217;igiene e la salute sono temi importanti per tutti i club di boxe, i dojo e le sale di arti marziali. Chi \u00e8 ben posizionato in questo settore guadagner\u00e0 punti con i propri membri e sar\u00e0 ben preparato ad acquisirne di nuovi.<br \/>\nLa risposta a questa sfida \u00e8 il nostro asciugatore per guantoni da boxe Multi dal design robusto. Elegantemente rifinito con vernice a polvere nera o in acciaio inox, questo asciugatore a parete pu\u00f2 contenere fino a tre set di guantoni da boxe, asciugando ogni set separatamente con un limitatore di tempo integrato per una maggiore comodit\u00e0.<br \/>\nDotato di ventole industriali ad alta capacit\u00e0, questo essiccatore garantisce tempi di asciugatura rapidi, rendendolo l&#8217;aggiunta ideale a qualsiasi palestra o centro di allenamento. La sua struttura robusta assicura una lunga durata, rendendolo una scelta affidabile per un uso ripetuto.<br \/>\nNon accontentarti di guanti umidi e maleodoranti: scegli l&#8217;asciugatore per guantoni da boxe Multi e goditi il comfort e la pulizia che tu e i tuoi atleti meritate.<\/p>\n<p>Specifiche tecniche:<br \/>\n&#8211; Capacit\u00e0: 20 paia di guantoni da boxe<br \/>\n&#8211; Numero di tubi d&#8217;aria: 40 unit\u00e0<br \/>\n&#8211; Angolo di inclinazione dei tubi: 45\u00b0.<br \/>\n&#8211; Tipo di costruzione: unit\u00e0 a parete con circolazione d&#8217;aria chiusa<br \/>\n&#8211; Profondit\u00e0 totale: 500 mm<br \/>\n&#8211; Tensione di alimentazione: 230 V<br \/>\n&#8211; Impostazione della potenza: 3 livelli<br \/>\n&#8211; Controllo: timer integrato<br \/>\n&#8211; Gestione dell&#8217;aria: tubi d&#8217;aria regolabili individualmente (possono essere chiusi)  <\/p>\n<p>Materiali e costruzione:<br \/>\n&#8211; Versione standard: acciaio inox 1.4301  <\/p>\n<p>o Alta resistenza alla corrosione  <\/p>\n<p>o Igienico e resistente  <\/p>\n<p>&#8211; Alternativa: acciaio verniciato a polvere S235JR <\/p>\n<p>Sistema d&#8217;aria:<br \/>\n&#8211; Dotato del collaudato sistema a &#8220;fiamma di candela&#8221; in materiale solido<br \/>\n&#8211; Vantaggi :  <\/p>\n<p>o Impedisce l&#8217;ostruzione delle uscite dell&#8217;aria  <\/p>\n<p>o Facilit\u00e0 di adattamento dei guanti  <\/p>\n<p>o Nessun bordo tagliente<\/p>\n<p>Funzionamento ed efficienza:<br \/>\n&#8211; Funzionamento a risparmio energetico grazie a :  <\/p>\n<p>o Uscite d&#8217;aria regolabili individualmente  <\/p>\n<p>o Controllo della velocit\u00e0 del motore  <\/p>\n<p>&#8211; Funzionamento silenzioso e a basso contenuto di polvere, anche in caso di utilizzo parziale<\/p>\n<p>Concetto di sicurezza e conservazione dei materiali:<br \/>\n&#8211; Nessun elemento riscaldante per evitare di danneggiare :  <\/p>\n<p>o pelle  <\/p>\n<p>o collage  <\/p>\n<p>o schiume per tappezzeria  <\/p>\n<p>&#8211; Non si usa l&#8217;ozono, perch\u00e9 :  <\/p>\n<p>o aggressivo nei confronti dei materiali  <\/p>\n<p>o potenzialmente dannoso per la salute in alte concentrazioni  <\/p>\n<p>&#8211; Nessun profumo, perch\u00e9 \u00e8 difficile da dosare e soggettivo.<\/p>\n","protected":false},"excerpt":{"rendered":"<p>Asciugatrice industriale per un massimo di 20 paia di guantoni da boxe, progettata per il montaggio a parete. Il sistema \u00e8 dotato di un&#8217;alimentazione d&#8217;aria chiusa e di ugelli angolati a 45\u00b0 per un&#8217;applicazione ergonomica ed efficiente dei guanti. La profondit\u00e0 totale \u00e8 di 50 cm. Struttura robusta in nero o acciaio inox. Ventola integrata [&hellip;]<\/p>\n","protected":false},"featured_media":687420,"comment_status":"open","ping_status":"closed","template":"","meta":{"inline_featured_image":false},"product_brand":[],"product_cat":[2069,2201,2014],"product_tag":[2628],"sport":[],"class_list":{"0":"post-687432","1":"product","2":"type-product","3":"status-publish","4":"has-post-thumbnail","6":"product_cat-guanti-da-boxe","7":"product_cat-igiene","8":"product_cat-prodotti-per-la-pulizia","9":"product_tag-ingosson","11":"first","12":"outofstock","13":"taxable","14":"shipping-taxable","15":"purchasable","16":"product-type-simple"},"yoast_head":"<!-- This site is optimized with the Yoast SEO plugin v27.2 - https:\/\/yoast.com\/product\/yoast-seo-wordpress\/ -->\n<title>asciugatrici multiple per 20 guantoni da boxe, montate a muro &#8211; Daisho<\/title>\n<meta name=\"robots\" content=\"index, follow, max-snippet:-1, max-image-preview:large, max-video-preview:-1\" \/>\n<link rel=\"canonical\" href=\"https:\/\/www.daisho.be\/it\/produit\/asciugatrici-multiple-per-20-guantoni-da-boxe-montate-a-muro\/\" \/>\n<meta property=\"og:locale\" content=\"it_IT\" \/>\n<meta property=\"og:type\" content=\"article\" \/>\n<meta property=\"og:title\" content=\"asciugatrici multiple per 20 guantoni da boxe, montate a muro &#8211; Daisho\" \/>\n<meta property=\"og:description\" content=\"Asciugatrice industriale per un massimo di 20 paia di guantoni da boxe, progettata per il montaggio a parete. Il sistema \u00e8 dotato di un&#8217;alimentazione d&#8217;aria chiusa e di ugelli angolati a 45\u00b0 per un&#8217;applicazione ergonomica ed efficiente dei guanti. La profondit\u00e0 totale \u00e8 di 50 cm. Struttura robusta in nero o acciaio inox. Ventola integrata [&hellip;]\" \/>\n<meta property=\"og:url\" content=\"https:\/\/www.daisho.be\/it\/produit\/asciugatrici-multiple-per-20-guantoni-da-boxe-montate-a-muro\/\" \/>\n<meta property=\"og:site_name\" content=\"Daisho\" \/>\n<meta property=\"og:image\" content=\"https:\/\/www.daisho.be\/wp-content\/uploads\/2026\/04\/image-17.webp\" \/>\n\t<meta property=\"og:image:width\" content=\"1000\" \/>\n\t<meta property=\"og:image:height\" content=\"1000\" \/>\n\t<meta property=\"og:image:type\" content=\"image\/webp\" \/>\n<meta name=\"twitter:card\" content=\"summary_large_image\" \/>\n<meta name=\"twitter:label1\" content=\"Tempo di lettura stimato\" \/>\n\t<meta name=\"twitter:data1\" content=\"2 minuti\" \/>\n<script type=\"application\/ld+json\" class=\"yoast-schema-graph\">{\"@context\":\"https:\/\/schema.org\",\"@graph\":[{\"@type\":\"WebPage\",\"@id\":\"https:\/\/www.daisho.be\/it\/produit\/asciugatrici-multiple-per-20-guantoni-da-boxe-montate-a-muro\/\",\"url\":\"https:\/\/www.daisho.be\/it\/produit\/asciugatrici-multiple-per-20-guantoni-da-boxe-montate-a-muro\/\",\"name\":\"asciugatrici multiple per 20 guantoni da boxe, montate a muro &#8211; Daisho\",\"isPartOf\":{\"@id\":\"https:\/\/www.daisho.be\/it\/#website\"},\"primaryImageOfPage\":{\"@id\":\"https:\/\/www.daisho.be\/it\/produit\/asciugatrici-multiple-per-20-guantoni-da-boxe-montate-a-muro\/#primaryimage\"},\"image\":{\"@id\":\"https:\/\/www.daisho.be\/it\/produit\/asciugatrici-multiple-per-20-guantoni-da-boxe-montate-a-muro\/#primaryimage\"},\"thumbnailUrl\":\"https:\/\/www.daisho.be\/wp-content\/uploads\/2026\/04\/image-17.webp\",\"datePublished\":\"2026-04-29T10:22:11+00:00\",\"breadcrumb\":{\"@id\":\"https:\/\/www.daisho.be\/it\/produit\/asciugatrici-multiple-per-20-guantoni-da-boxe-montate-a-muro\/#breadcrumb\"},\"inLanguage\":\"it-IT\",\"potentialAction\":[{\"@type\":\"ReadAction\",\"target\":[\"https:\/\/www.daisho.be\/it\/produit\/asciugatrici-multiple-per-20-guantoni-da-boxe-montate-a-muro\/\"]}]},{\"@type\":\"ImageObject\",\"inLanguage\":\"it-IT\",\"@id\":\"https:\/\/www.daisho.be\/it\/produit\/asciugatrici-multiple-per-20-guantoni-da-boxe-montate-a-muro\/#primaryimage\",\"url\":\"https:\/\/www.daisho.be\/wp-content\/uploads\/2026\/04\/image-17.webp\",\"contentUrl\":\"https:\/\/www.daisho.be\/wp-content\/uploads\/2026\/04\/image-17.webp\",\"width\":1000,\"height\":1000,\"caption\":\"s\u00e9choirs multiples pour 20 gants de boxe, montage mural-1\"},{\"@type\":\"BreadcrumbList\",\"@id\":\"https:\/\/www.daisho.be\/it\/produit\/asciugatrici-multiple-per-20-guantoni-da-boxe-montate-a-muro\/#breadcrumb\",\"itemListElement\":[{\"@type\":\"ListItem\",\"position\":1,\"name\":\"Accueil\",\"item\":\"https:\/\/www.daisho.be\/it\/\"},{\"@type\":\"ListItem\",\"position\":2,\"name\":\"Prodotti\",\"item\":\"https:\/\/www.daisho.be\/it\/prodotti\/\"},{\"@type\":\"ListItem\",\"position\":3,\"name\":\"Attrezzature e abbigliamento per arti marziali e sport da combattimento\",\"item\":\"https:\/\/www.daisho.be\/it\/categorie-produit\/attrezzature-e-abbigliamento-per-arti-marziali-e-sport-da-combattimento\/\"},{\"@type\":\"ListItem\",\"position\":4,\"name\":\"Boxe\",\"item\":\"https:\/\/www.daisho.be\/it\/categorie-produit\/attrezzature-e-abbigliamento-per-arti-marziali-e-sport-da-combattimento\/boxe-it-2\/\"},{\"@type\":\"ListItem\",\"position\":5,\"name\":\"Guanti da boxe\",\"item\":\"https:\/\/www.daisho.be\/it\/categorie-produit\/attrezzature-e-abbigliamento-per-arti-marziali-e-sport-da-combattimento\/boxe-it-2\/guanti-da-boxe\/\"},{\"@type\":\"ListItem\",\"position\":6,\"name\":\"asciugatrici multiple per 20 guantoni da boxe, montate a muro\"}]},{\"@type\":\"WebSite\",\"@id\":\"https:\/\/www.daisho.be\/it\/#website\",\"url\":\"https:\/\/www.daisho.be\/it\/\",\"name\":\"Daisho\",\"description\":\"Sp&eacute;cialiste de l'&eacute;quipement sportif d'arts martiaux\",\"publisher\":{\"@id\":\"https:\/\/www.daisho.be\/it\/#organization\"},\"potentialAction\":[{\"@type\":\"SearchAction\",\"target\":{\"@type\":\"EntryPoint\",\"urlTemplate\":\"https:\/\/www.daisho.be\/it\/?s={search_term_string}\"},\"query-input\":{\"@type\":\"PropertyValueSpecification\",\"valueRequired\":true,\"valueName\":\"search_term_string\"}}],\"inLanguage\":\"it-IT\"},{\"@type\":\"Organization\",\"@id\":\"https:\/\/www.daisho.be\/it\/#organization\",\"name\":\"Daisho\",\"url\":\"https:\/\/www.daisho.be\/it\/\",\"logo\":{\"@type\":\"ImageObject\",\"inLanguage\":\"it-IT\",\"@id\":\"https:\/\/www.daisho.be\/it\/#\/schema\/logo\/image\/\",\"url\":\"https:\/\/www.daisho.be\/wp-content\/uploads\/2019\/07\/color-nothing-horizontale4x-e1564486100247.png\",\"contentUrl\":\"https:\/\/www.daisho.be\/wp-content\/uploads\/2019\/07\/color-nothing-horizontale4x-e1564486100247.png\",\"width\":1547,\"height\":385,\"caption\":\"Daisho\"},\"image\":{\"@id\":\"https:\/\/www.daisho.be\/it\/#\/schema\/logo\/image\/\"}}]}<\/script>\n<!-- \/ Yoast SEO plugin. -->","yoast_head_json":{"title":"asciugatrici multiple per 20 guantoni da boxe, montate a muro &#8211; Daisho","robots":{"index":"index","follow":"follow","max-snippet":"max-snippet:-1","max-image-preview":"max-image-preview:large","max-video-preview":"max-video-preview:-1"},"canonical":"https:\/\/www.daisho.be\/it\/produit\/asciugatrici-multiple-per-20-guantoni-da-boxe-montate-a-muro\/","og_locale":"it_IT","og_type":"article","og_title":"asciugatrici multiple per 20 guantoni da boxe, montate a muro &#8211; Daisho","og_description":"Asciugatrice industriale per un massimo di 20 paia di guantoni da boxe, progettata per il montaggio a parete. Il sistema \u00e8 dotato di un&#8217;alimentazione d&#8217;aria chiusa e di ugelli angolati a 45\u00b0 per un&#8217;applicazione ergonomica ed efficiente dei guanti. La profondit\u00e0 totale \u00e8 di 50 cm. Struttura robusta in nero o acciaio inox. Ventola integrata [&hellip;]","og_url":"https:\/\/www.daisho.be\/it\/produit\/asciugatrici-multiple-per-20-guantoni-da-boxe-montate-a-muro\/","og_site_name":"Daisho","og_image":[{"width":1000,"height":1000,"url":"https:\/\/www.daisho.be\/wp-content\/uploads\/2026\/04\/image-17.webp","type":"image\/webp"}],"twitter_card":"summary_large_image","twitter_misc":{"Tempo di lettura stimato":"2 minuti"},"schema":{"@context":"https:\/\/schema.org","@graph":[{"@type":"WebPage","@id":"https:\/\/www.daisho.be\/it\/produit\/asciugatrici-multiple-per-20-guantoni-da-boxe-montate-a-muro\/","url":"https:\/\/www.daisho.be\/it\/produit\/asciugatrici-multiple-per-20-guantoni-da-boxe-montate-a-muro\/","name":"asciugatrici multiple per 20 guantoni da boxe, montate a muro &#8211; Daisho","isPartOf":{"@id":"https:\/\/www.daisho.be\/it\/#website"},"primaryImageOfPage":{"@id":"https:\/\/www.daisho.be\/it\/produit\/asciugatrici-multiple-per-20-guantoni-da-boxe-montate-a-muro\/#primaryimage"},"image":{"@id":"https:\/\/www.daisho.be\/it\/produit\/asciugatrici-multiple-per-20-guantoni-da-boxe-montate-a-muro\/#primaryimage"},"thumbnailUrl":"https:\/\/www.daisho.be\/wp-content\/uploads\/2026\/04\/image-17.webp","datePublished":"2026-04-29T10:22:11+00:00","breadcrumb":{"@id":"https:\/\/www.daisho.be\/it\/produit\/asciugatrici-multiple-per-20-guantoni-da-boxe-montate-a-muro\/#breadcrumb"},"inLanguage":"it-IT","potentialAction":[{"@type":"ReadAction","target":["https:\/\/www.daisho.be\/it\/produit\/asciugatrici-multiple-per-20-guantoni-da-boxe-montate-a-muro\/"]}]},{"@type":"ImageObject","inLanguage":"it-IT","@id":"https:\/\/www.daisho.be\/it\/produit\/asciugatrici-multiple-per-20-guantoni-da-boxe-montate-a-muro\/#primaryimage","url":"https:\/\/www.daisho.be\/wp-content\/uploads\/2026\/04\/image-17.webp","contentUrl":"https:\/\/www.daisho.be\/wp-content\/uploads\/2026\/04\/image-17.webp","width":1000,"height":1000,"caption":"s\u00e9choirs multiples pour 20 gants de boxe, montage mural-1"},{"@type":"BreadcrumbList","@id":"https:\/\/www.daisho.be\/it\/produit\/asciugatrici-multiple-per-20-guantoni-da-boxe-montate-a-muro\/#breadcrumb","itemListElement":[{"@type":"ListItem","position":1,"name":"Accueil","item":"https:\/\/www.daisho.be\/it\/"},{"@type":"ListItem","position":2,"name":"Prodotti","item":"https:\/\/www.daisho.be\/it\/prodotti\/"},{"@type":"ListItem","position":3,"name":"Attrezzature e abbigliamento per arti marziali e sport da combattimento","item":"https:\/\/www.daisho.be\/it\/categorie-produit\/attrezzature-e-abbigliamento-per-arti-marziali-e-sport-da-combattimento\/"},{"@type":"ListItem","position":4,"name":"Boxe","item":"https:\/\/www.daisho.be\/it\/categorie-produit\/attrezzature-e-abbigliamento-per-arti-marziali-e-sport-da-combattimento\/boxe-it-2\/"},{"@type":"ListItem","position":5,"name":"Guanti da boxe","item":"https:\/\/www.daisho.be\/it\/categorie-produit\/attrezzature-e-abbigliamento-per-arti-marziali-e-sport-da-combattimento\/boxe-it-2\/guanti-da-boxe\/"},{"@type":"ListItem","position":6,"name":"asciugatrici multiple per 20 guantoni da boxe, montate a muro"}]},{"@type":"WebSite","@id":"https:\/\/www.daisho.be\/it\/#website","url":"https:\/\/www.daisho.be\/it\/","name":"Daisho","description":"Sp&eacute;cialiste de l'&eacute;quipement sportif d'arts martiaux","publisher":{"@id":"https:\/\/www.daisho.be\/it\/#organization"},"potentialAction":[{"@type":"SearchAction","target":{"@type":"EntryPoint","urlTemplate":"https:\/\/www.daisho.be\/it\/?s={search_term_string}"},"query-input":{"@type":"PropertyValueSpecification","valueRequired":true,"valueName":"search_term_string"}}],"inLanguage":"it-IT"},{"@type":"Organization","@id":"https:\/\/www.daisho.be\/it\/#organization","name":"Daisho","url":"https:\/\/www.daisho.be\/it\/","logo":{"@type":"ImageObject","inLanguage":"it-IT","@id":"https:\/\/www.daisho.be\/it\/#\/schema\/logo\/image\/","url":"https:\/\/www.daisho.be\/wp-content\/uploads\/2019\/07\/color-nothing-horizontale4x-e1564486100247.png","contentUrl":"https:\/\/www.daisho.be\/wp-content\/uploads\/2019\/07\/color-nothing-horizontale4x-e1564486100247.png","width":1547,"height":385,"caption":"Daisho"},"image":{"@id":"https:\/\/www.daisho.be\/it\/#\/schema\/logo\/image\/"}}]}},"_links":{"self":[{"href":"https:\/\/www.daisho.be\/it\/wp-json\/wp\/v2\/product\/687432","targetHints":{"allow":["GET"]}}],"collection":[{"href":"https:\/\/www.daisho.be\/it\/wp-json\/wp\/v2\/product"}],"about":[{"href":"https:\/\/www.daisho.be\/it\/wp-json\/wp\/v2\/types\/product"}],"replies":[{"embeddable":true,"href":"https:\/\/www.daisho.be\/it\/wp-json\/wp\/v2\/comments?post=687432"}],"wp:featuredmedia":[{"embeddable":true,"href":"https:\/\/www.daisho.be\/it\/wp-json\/wp\/v2\/media\/687420"}],"wp:attachment":[{"href":"https:\/\/www.daisho.be\/it\/wp-json\/wp\/v2\/media?parent=687432"}],"wp:term":[{"taxonomy":"product_brand","embeddable":true,"href":"https:\/\/www.daisho.be\/it\/wp-json\/wp\/v2\/product_brand?post=687432"},{"taxonomy":"product_cat","embeddable":true,"href":"https:\/\/www.daisho.be\/it\/wp-json\/wp\/v2\/product_cat?post=687432"},{"taxonomy":"product_tag","embeddable":true,"href":"https:\/\/www.daisho.be\/it\/wp-json\/wp\/v2\/product_tag?post=687432"},{"taxonomy":"sport","embeddable":true,"href":"https:\/\/www.daisho.be\/it\/wp-json\/wp\/v2\/sport?post=687432"}],"curies":[{"name":"wp","href":"https:\/\/api.w.org\/{rel}","templated":true}]}}