{"id":686669,"date":"2026-04-26T22:07:09","date_gmt":"2026-04-26T20:07:09","guid":{"rendered":"https:\/\/www.daisho.be\/produit\/braccialetti-pesati\/"},"modified":"2026-04-26T22:07:28","modified_gmt":"2026-04-26T20:07:28","slug":"braccialetti-pesati","status":"publish","type":"product","link":"https:\/\/www.daisho.be\/it\/produit\/braccialetti-pesati\/","title":{"rendered":"Braccialetti pesati"},"content":{"rendered":"<p>Polsiere ponderate con sistema di chiusura a velcro per adattarsi a tutte le taglie.<br \/>\nIl foro per il pollice offre una vestibilit\u00e0 pi\u00f9 sicura. Ideale per aumentare la difficolt\u00e0 di qualsiasi allenamento.<br \/>\nVendute in coppia.<br \/>\nAccessori per il rafforzamento della parte superiore del corpo.<br \/>\n&#8211; Composizione: Neoprene appesantito con sabbia di ferro<\/p>\n<p>Polsiere appesantite in base al peso:<br \/>\n0964 = 500 gr x 2<br \/>\n0965 = 1 kg x 2<br \/>\n0946 = 2 kg x 2 <\/p>\n","protected":false},"excerpt":{"rendered":"<p>Polsiere ponderate con sistema di chiusura a velcro per adattarsi a tutte le taglie. Il foro per il pollice offre una vestibilit\u00e0 pi\u00f9 sicura. Ideale per aumentare la difficolt\u00e0 di qualsiasi allenamento. Vendute in coppia. Accessori per il rafforzamento della parte superiore del corpo. &#8211; Composizione: Neoprene appesantito con sabbia di ferro Polsiere appesantite in [&hellip;]<\/p>\n","protected":false},"featured_media":686640,"comment_status":"open","ping_status":"closed","template":"","meta":{"inline_featured_image":false},"product_brand":[],"product_cat":[2048],"product_tag":[2222],"sport":[],"class_list":{"0":"post-686669","1":"product","2":"type-product","3":"status-publish","4":"has-post-thumbnail","6":"product_cat-attrezzature-per-la-formazione","7":"product_tag-sveltus-it","8":"pa_size-1-kg","9":"pa_size-2-kg","10":"pa_size-500-gr","12":"first","13":"instock","14":"taxable","15":"shipping-taxable","16":"purchasable","17":"product-type-variable"},"yoast_head":"<!-- This site is optimized with the Yoast SEO plugin v27.2 - https:\/\/yoast.com\/product\/yoast-seo-wordpress\/ -->\n<title>Braccialetti pesati &#8211; Daisho<\/title>\n<meta name=\"robots\" content=\"index, follow, max-snippet:-1, max-image-preview:large, max-video-preview:-1\" \/>\n<link rel=\"canonical\" href=\"https:\/\/www.daisho.be\/it\/produit\/braccialetti-pesati\/\" \/>\n<meta property=\"og:locale\" content=\"it_IT\" \/>\n<meta property=\"og:type\" content=\"article\" \/>\n<meta property=\"og:title\" content=\"Braccialetti pesati &#8211; Daisho\" \/>\n<meta property=\"og:description\" content=\"Polsiere ponderate con sistema di chiusura a velcro per adattarsi a tutte le taglie. Il foro per il pollice offre una vestibilit\u00e0 pi\u00f9 sicura. Ideale per aumentare la difficolt\u00e0 di qualsiasi allenamento. Vendute in coppia. Accessori per il rafforzamento della parte superiore del corpo. &#8211; Composizione: Neoprene appesantito con sabbia di ferro Polsiere appesantite in [&hellip;]\" \/>\n<meta property=\"og:url\" content=\"https:\/\/www.daisho.be\/it\/produit\/braccialetti-pesati\/\" \/>\n<meta property=\"og:site_name\" content=\"Daisho\" \/>\n<meta property=\"article:modified_time\" content=\"2026-04-26T20:07:28+00:00\" \/>\n<meta property=\"og:image\" content=\"https:\/\/www.daisho.be\/wp-content\/uploads\/2026\/04\/image-95.jpg\" \/>\n\t<meta property=\"og:image:width\" content=\"1639\" \/>\n\t<meta property=\"og:image:height\" content=\"1029\" \/>\n\t<meta property=\"og:image:type\" content=\"image\/jpeg\" \/>\n<meta name=\"twitter:card\" content=\"summary_large_image\" \/>\n<script type=\"application\/ld+json\" class=\"yoast-schema-graph\">{\"@context\":\"https:\/\/schema.org\",\"@graph\":[{\"@type\":\"WebPage\",\"@id\":\"https:\/\/www.daisho.be\/it\/produit\/braccialetti-pesati\/\",\"url\":\"https:\/\/www.daisho.be\/it\/produit\/braccialetti-pesati\/\",\"name\":\"Braccialetti pesati &#8211; Daisho\",\"isPartOf\":{\"@id\":\"https:\/\/www.daisho.be\/it\/#website\"},\"primaryImageOfPage\":{\"@id\":\"https:\/\/www.daisho.be\/it\/produit\/braccialetti-pesati\/#primaryimage\"},\"image\":{\"@id\":\"https:\/\/www.daisho.be\/it\/produit\/braccialetti-pesati\/#primaryimage\"},\"thumbnailUrl\":\"https:\/\/www.daisho.be\/wp-content\/uploads\/2026\/04\/image-95.jpg\",\"datePublished\":\"2026-04-26T20:07:09+00:00\",\"dateModified\":\"2026-04-26T20:07:28+00:00\",\"breadcrumb\":{\"@id\":\"https:\/\/www.daisho.be\/it\/produit\/braccialetti-pesati\/#breadcrumb\"},\"inLanguage\":\"it-IT\",\"potentialAction\":[{\"@type\":\"ReadAction\",\"target\":[\"https:\/\/www.daisho.be\/it\/produit\/braccialetti-pesati\/\"]}]},{\"@type\":\"ImageObject\",\"inLanguage\":\"it-IT\",\"@id\":\"https:\/\/www.daisho.be\/it\/produit\/braccialetti-pesati\/#primaryimage\",\"url\":\"https:\/\/www.daisho.be\/wp-content\/uploads\/2026\/04\/image-95.jpg\",\"contentUrl\":\"https:\/\/www.daisho.be\/wp-content\/uploads\/2026\/04\/image-95.jpg\",\"width\":1639,\"height\":1029,\"caption\":\"Bracelets lest\u00e9s poignet-1\"},{\"@type\":\"BreadcrumbList\",\"@id\":\"https:\/\/www.daisho.be\/it\/produit\/braccialetti-pesati\/#breadcrumb\",\"itemListElement\":[{\"@type\":\"ListItem\",\"position\":1,\"name\":\"Accueil\",\"item\":\"https:\/\/www.daisho.be\/it\/\"},{\"@type\":\"ListItem\",\"position\":2,\"name\":\"Prodotti\",\"item\":\"https:\/\/www.daisho.be\/it\/prodotti\/\"},{\"@type\":\"ListItem\",\"position\":3,\"name\":\"Sport da combattimento\",\"item\":\"https:\/\/www.daisho.be\/it\/categorie-produit\/sport-da-combattimento\/\"},{\"@type\":\"ListItem\",\"position\":4,\"name\":\"Attrezzature per la formazione\",\"item\":\"https:\/\/www.daisho.be\/it\/categorie-produit\/sport-da-combattimento\/attrezzature-per-la-formazione\/\"},{\"@type\":\"ListItem\",\"position\":5,\"name\":\"Braccialetti pesati\"}]},{\"@type\":\"WebSite\",\"@id\":\"https:\/\/www.daisho.be\/it\/#website\",\"url\":\"https:\/\/www.daisho.be\/it\/\",\"name\":\"Daisho\",\"description\":\"Sp&eacute;cialiste de l'&eacute;quipement sportif d'arts martiaux\",\"publisher\":{\"@id\":\"https:\/\/www.daisho.be\/it\/#organization\"},\"potentialAction\":[{\"@type\":\"SearchAction\",\"target\":{\"@type\":\"EntryPoint\",\"urlTemplate\":\"https:\/\/www.daisho.be\/it\/?s={search_term_string}\"},\"query-input\":{\"@type\":\"PropertyValueSpecification\",\"valueRequired\":true,\"valueName\":\"search_term_string\"}}],\"inLanguage\":\"it-IT\"},{\"@type\":\"Organization\",\"@id\":\"https:\/\/www.daisho.be\/it\/#organization\",\"name\":\"Daisho\",\"url\":\"https:\/\/www.daisho.be\/it\/\",\"logo\":{\"@type\":\"ImageObject\",\"inLanguage\":\"it-IT\",\"@id\":\"https:\/\/www.daisho.be\/it\/#\/schema\/logo\/image\/\",\"url\":\"https:\/\/www.daisho.be\/wp-content\/uploads\/2019\/07\/color-nothing-horizontale4x-e1564486100247.png\",\"contentUrl\":\"https:\/\/www.daisho.be\/wp-content\/uploads\/2019\/07\/color-nothing-horizontale4x-e1564486100247.png\",\"width\":1547,\"height\":385,\"caption\":\"Daisho\"},\"image\":{\"@id\":\"https:\/\/www.daisho.be\/it\/#\/schema\/logo\/image\/\"}}]}<\/script>\n<!-- \/ Yoast SEO plugin. -->","yoast_head_json":{"title":"Braccialetti pesati &#8211; Daisho","robots":{"index":"index","follow":"follow","max-snippet":"max-snippet:-1","max-image-preview":"max-image-preview:large","max-video-preview":"max-video-preview:-1"},"canonical":"https:\/\/www.daisho.be\/it\/produit\/braccialetti-pesati\/","og_locale":"it_IT","og_type":"article","og_title":"Braccialetti pesati &#8211; Daisho","og_description":"Polsiere ponderate con sistema di chiusura a velcro per adattarsi a tutte le taglie. Il foro per il pollice offre una vestibilit\u00e0 pi\u00f9 sicura. Ideale per aumentare la difficolt\u00e0 di qualsiasi allenamento. Vendute in coppia. Accessori per il rafforzamento della parte superiore del corpo. &#8211; Composizione: Neoprene appesantito con sabbia di ferro Polsiere appesantite in [&hellip;]","og_url":"https:\/\/www.daisho.be\/it\/produit\/braccialetti-pesati\/","og_site_name":"Daisho","article_modified_time":"2026-04-26T20:07:28+00:00","og_image":[{"width":1639,"height":1029,"url":"https:\/\/www.daisho.be\/wp-content\/uploads\/2026\/04\/image-95.jpg","type":"image\/jpeg"}],"twitter_card":"summary_large_image","schema":{"@context":"https:\/\/schema.org","@graph":[{"@type":"WebPage","@id":"https:\/\/www.daisho.be\/it\/produit\/braccialetti-pesati\/","url":"https:\/\/www.daisho.be\/it\/produit\/braccialetti-pesati\/","name":"Braccialetti pesati &#8211; Daisho","isPartOf":{"@id":"https:\/\/www.daisho.be\/it\/#website"},"primaryImageOfPage":{"@id":"https:\/\/www.daisho.be\/it\/produit\/braccialetti-pesati\/#primaryimage"},"image":{"@id":"https:\/\/www.daisho.be\/it\/produit\/braccialetti-pesati\/#primaryimage"},"thumbnailUrl":"https:\/\/www.daisho.be\/wp-content\/uploads\/2026\/04\/image-95.jpg","datePublished":"2026-04-26T20:07:09+00:00","dateModified":"2026-04-26T20:07:28+00:00","breadcrumb":{"@id":"https:\/\/www.daisho.be\/it\/produit\/braccialetti-pesati\/#breadcrumb"},"inLanguage":"it-IT","potentialAction":[{"@type":"ReadAction","target":["https:\/\/www.daisho.be\/it\/produit\/braccialetti-pesati\/"]}]},{"@type":"ImageObject","inLanguage":"it-IT","@id":"https:\/\/www.daisho.be\/it\/produit\/braccialetti-pesati\/#primaryimage","url":"https:\/\/www.daisho.be\/wp-content\/uploads\/2026\/04\/image-95.jpg","contentUrl":"https:\/\/www.daisho.be\/wp-content\/uploads\/2026\/04\/image-95.jpg","width":1639,"height":1029,"caption":"Bracelets lest\u00e9s poignet-1"},{"@type":"BreadcrumbList","@id":"https:\/\/www.daisho.be\/it\/produit\/braccialetti-pesati\/#breadcrumb","itemListElement":[{"@type":"ListItem","position":1,"name":"Accueil","item":"https:\/\/www.daisho.be\/it\/"},{"@type":"ListItem","position":2,"name":"Prodotti","item":"https:\/\/www.daisho.be\/it\/prodotti\/"},{"@type":"ListItem","position":3,"name":"Sport da combattimento","item":"https:\/\/www.daisho.be\/it\/categorie-produit\/sport-da-combattimento\/"},{"@type":"ListItem","position":4,"name":"Attrezzature per la formazione","item":"https:\/\/www.daisho.be\/it\/categorie-produit\/sport-da-combattimento\/attrezzature-per-la-formazione\/"},{"@type":"ListItem","position":5,"name":"Braccialetti pesati"}]},{"@type":"WebSite","@id":"https:\/\/www.daisho.be\/it\/#website","url":"https:\/\/www.daisho.be\/it\/","name":"Daisho","description":"Sp&eacute;cialiste de l'&eacute;quipement sportif d'arts martiaux","publisher":{"@id":"https:\/\/www.daisho.be\/it\/#organization"},"potentialAction":[{"@type":"SearchAction","target":{"@type":"EntryPoint","urlTemplate":"https:\/\/www.daisho.be\/it\/?s={search_term_string}"},"query-input":{"@type":"PropertyValueSpecification","valueRequired":true,"valueName":"search_term_string"}}],"inLanguage":"it-IT"},{"@type":"Organization","@id":"https:\/\/www.daisho.be\/it\/#organization","name":"Daisho","url":"https:\/\/www.daisho.be\/it\/","logo":{"@type":"ImageObject","inLanguage":"it-IT","@id":"https:\/\/www.daisho.be\/it\/#\/schema\/logo\/image\/","url":"https:\/\/www.daisho.be\/wp-content\/uploads\/2019\/07\/color-nothing-horizontale4x-e1564486100247.png","contentUrl":"https:\/\/www.daisho.be\/wp-content\/uploads\/2019\/07\/color-nothing-horizontale4x-e1564486100247.png","width":1547,"height":385,"caption":"Daisho"},"image":{"@id":"https:\/\/www.daisho.be\/it\/#\/schema\/logo\/image\/"}}]}},"_links":{"self":[{"href":"https:\/\/www.daisho.be\/it\/wp-json\/wp\/v2\/product\/686669","targetHints":{"allow":["GET"]}}],"collection":[{"href":"https:\/\/www.daisho.be\/it\/wp-json\/wp\/v2\/product"}],"about":[{"href":"https:\/\/www.daisho.be\/it\/wp-json\/wp\/v2\/types\/product"}],"replies":[{"embeddable":true,"href":"https:\/\/www.daisho.be\/it\/wp-json\/wp\/v2\/comments?post=686669"}],"wp:featuredmedia":[{"embeddable":true,"href":"https:\/\/www.daisho.be\/it\/wp-json\/wp\/v2\/media\/686640"}],"wp:attachment":[{"href":"https:\/\/www.daisho.be\/it\/wp-json\/wp\/v2\/media?parent=686669"}],"wp:term":[{"taxonomy":"product_brand","embeddable":true,"href":"https:\/\/www.daisho.be\/it\/wp-json\/wp\/v2\/product_brand?post=686669"},{"taxonomy":"product_cat","embeddable":true,"href":"https:\/\/www.daisho.be\/it\/wp-json\/wp\/v2\/product_cat?post=686669"},{"taxonomy":"product_tag","embeddable":true,"href":"https:\/\/www.daisho.be\/it\/wp-json\/wp\/v2\/product_tag?post=686669"},{"taxonomy":"sport","embeddable":true,"href":"https:\/\/www.daisho.be\/it\/wp-json\/wp\/v2\/sport?post=686669"}],"curies":[{"name":"wp","href":"https:\/\/api.w.org\/{rel}","templated":true}]}}