{"id":677496,"date":"2026-04-13T16:30:21","date_gmt":"2026-04-13T14:30:21","guid":{"rendered":"https:\/\/www.daisho.be\/produit\/giacca-bianca-moskito-judogi-plus-950-g\/"},"modified":"2026-04-14T08:33:03","modified_gmt":"2026-04-14T06:33:03","slug":"giacca-bianca-moskito-judogi-plus-950-g","status":"publish","type":"product","link":"https:\/\/www.daisho.be\/it\/produit\/giacca-bianca-moskito-judogi-plus-950-g\/","title":{"rendered":"GIACCA BIANCA MOSKITO JUDOGI Plus, 950 g"},"content":{"rendered":"<p>Il &#8220;Moskito Plus&#8221; \u00e8 un giubbotto da judo di alta qualit\u00e0 realizzato in tessuto di cotone spesso.<br \/>\n\u00c8 la scelta ideale per tutti i judoka agonisti che cercano un giubbotto da judo ben progettato e spesso per i tornei nazionali.<br \/>\nSistema Mix &amp; Match: puoi acquistare separatamente i pantaloni da judo abbinati per creare il tuo judogi personalizzato.<\/p>\n<p>Caratteristiche<\/p>\n<p>Colore: Bianco<br \/>\nTessuto: 100% cotone<br \/>\nConsigliato per : Professionisti<br \/>\nTaglio: Taglio classico<br \/>\nSport: Judo, Jiu-Jitsu<br \/>\nSpessore: 950 g\/m\u00b2<\/p>\n","protected":false},"excerpt":{"rendered":"<p>Il &#8220;Moskito Plus&#8221; \u00e8 un giubbotto da judo di alta qualit\u00e0 realizzato in tessuto di cotone spesso. \u00c8 la scelta ideale per tutti i judoka agonisti che cercano un giubbotto da judo ben progettato e spesso per i tornei nazionali. Sistema Mix &amp; Match: puoi acquistare separatamente i pantaloni da judo abbinati per creare il [&hellip;]<\/p>\n","protected":false},"featured_media":677497,"comment_status":"open","ping_status":"closed","template":"","meta":{"inline_featured_image":false},"product_brand":[],"product_cat":[2119,2228,2126,2125],"product_tag":[2153],"sport":[],"class_list":{"0":"post-677496","1":"product","2":"type-product","3":"status-publish","4":"has-post-thumbnail","6":"product_cat-abiti-kimono","7":"product_cat-kimono-da-judo","8":"product_cat-kimono-da-jujitsu","9":"product_cat-kimono-di-aikido","10":"product_tag-moskito-it","11":"pa_size-381","12":"pa_size-380","13":"pa_size-388","14":"pa_size-379","15":"pa_size-387","16":"pa_size-378","17":"pa_size-386","18":"pa_size-377","19":"pa_size-385","20":"pa_size-376","21":"pa_size-384","22":"pa_size-383","24":"first","25":"instock","26":"taxable","27":"shipping-taxable","28":"purchasable","29":"product-type-variable"},"yoast_head":"<!-- This site is optimized with the Yoast SEO plugin v27.2 - https:\/\/yoast.com\/product\/yoast-seo-wordpress\/ -->\n<title>GIACCA BIANCA MOSKITO JUDOGI Plus, 950 g &#8211; Daisho<\/title>\n<meta name=\"robots\" content=\"index, follow, max-snippet:-1, max-image-preview:large, max-video-preview:-1\" \/>\n<link rel=\"canonical\" href=\"https:\/\/www.daisho.be\/it\/produit\/giacca-bianca-moskito-judogi-plus-950-g\/\" \/>\n<meta property=\"og:locale\" content=\"it_IT\" \/>\n<meta property=\"og:type\" content=\"article\" \/>\n<meta property=\"og:title\" content=\"GIACCA BIANCA MOSKITO JUDOGI Plus, 950 g &#8211; Daisho\" \/>\n<meta property=\"og:description\" content=\"Il &#8220;Moskito Plus&#8221; \u00e8 un giubbotto da judo di alta qualit\u00e0 realizzato in tessuto di cotone spesso. \u00c8 la scelta ideale per tutti i judoka agonisti che cercano un giubbotto da judo ben progettato e spesso per i tornei nazionali. Sistema Mix &amp; Match: puoi acquistare separatamente i pantaloni da judo abbinati per creare il [&hellip;]\" \/>\n<meta property=\"og:url\" content=\"https:\/\/www.daisho.be\/it\/produit\/giacca-bianca-moskito-judogi-plus-950-g\/\" \/>\n<meta property=\"og:site_name\" content=\"Daisho\" \/>\n<meta property=\"article:modified_time\" content=\"2026-04-14T06:33:03+00:00\" \/>\n<meta property=\"og:image\" content=\"https:\/\/www.daisho.be\/wp-content\/uploads\/2026\/04\/image-41.jpg\" \/>\n\t<meta property=\"og:image:width\" content=\"800\" \/>\n\t<meta property=\"og:image:height\" content=\"1280\" \/>\n\t<meta property=\"og:image:type\" content=\"image\/jpeg\" \/>\n<meta name=\"twitter:card\" content=\"summary_large_image\" \/>\n<script type=\"application\/ld+json\" class=\"yoast-schema-graph\">{\"@context\":\"https:\/\/schema.org\",\"@graph\":[{\"@type\":\"WebPage\",\"@id\":\"https:\/\/www.daisho.be\/it\/produit\/giacca-bianca-moskito-judogi-plus-950-g\/\",\"url\":\"https:\/\/www.daisho.be\/it\/produit\/giacca-bianca-moskito-judogi-plus-950-g\/\",\"name\":\"GIACCA BIANCA MOSKITO JUDOGI Plus, 950 g &#8211; Daisho\",\"isPartOf\":{\"@id\":\"https:\/\/www.daisho.be\/it\/#website\"},\"primaryImageOfPage\":{\"@id\":\"https:\/\/www.daisho.be\/it\/produit\/giacca-bianca-moskito-judogi-plus-950-g\/#primaryimage\"},\"image\":{\"@id\":\"https:\/\/www.daisho.be\/it\/produit\/giacca-bianca-moskito-judogi-plus-950-g\/#primaryimage\"},\"thumbnailUrl\":\"https:\/\/www.daisho.be\/wp-content\/uploads\/2026\/04\/image-41.jpg\",\"datePublished\":\"2026-04-13T14:30:21+00:00\",\"dateModified\":\"2026-04-14T06:33:03+00:00\",\"breadcrumb\":{\"@id\":\"https:\/\/www.daisho.be\/it\/produit\/giacca-bianca-moskito-judogi-plus-950-g\/#breadcrumb\"},\"inLanguage\":\"it-IT\",\"potentialAction\":[{\"@type\":\"ReadAction\",\"target\":[\"https:\/\/www.daisho.be\/it\/produit\/giacca-bianca-moskito-judogi-plus-950-g\/\"]}]},{\"@type\":\"ImageObject\",\"inLanguage\":\"it-IT\",\"@id\":\"https:\/\/www.daisho.be\/it\/produit\/giacca-bianca-moskito-judogi-plus-950-g\/#primaryimage\",\"url\":\"https:\/\/www.daisho.be\/wp-content\/uploads\/2026\/04\/image-41.jpg\",\"contentUrl\":\"https:\/\/www.daisho.be\/wp-content\/uploads\/2026\/04\/image-41.jpg\",\"width\":800,\"height\":1280,\"caption\":\"GIACCA BIANCA MOSKITO JUDOGI Plus, 950 g-1\"},{\"@type\":\"BreadcrumbList\",\"@id\":\"https:\/\/www.daisho.be\/it\/produit\/giacca-bianca-moskito-judogi-plus-950-g\/#breadcrumb\",\"itemListElement\":[{\"@type\":\"ListItem\",\"position\":1,\"name\":\"Accueil\",\"item\":\"https:\/\/www.daisho.be\/it\/\"},{\"@type\":\"ListItem\",\"position\":2,\"name\":\"Prodotti\",\"item\":\"https:\/\/www.daisho.be\/it\/prodotti\/\"},{\"@type\":\"ListItem\",\"position\":3,\"name\":\"Attrezzature e abbigliamento per arti marziali e sport da combattimento\",\"item\":\"https:\/\/www.daisho.be\/it\/categorie-produit\/attrezzature-e-abbigliamento-per-arti-marziali-e-sport-da-combattimento\/\"},{\"@type\":\"ListItem\",\"position\":4,\"name\":\"Judo\",\"item\":\"https:\/\/www.daisho.be\/it\/categorie-produit\/attrezzature-e-abbigliamento-per-arti-marziali-e-sport-da-combattimento\/judo-it-2\/\"},{\"@type\":\"ListItem\",\"position\":5,\"name\":\"Kimono da Judo\",\"item\":\"https:\/\/www.daisho.be\/it\/categorie-produit\/attrezzature-e-abbigliamento-per-arti-marziali-e-sport-da-combattimento\/judo-it-2\/kimono-da-judo\/\"},{\"@type\":\"ListItem\",\"position\":6,\"name\":\"GIACCA BIANCA MOSKITO JUDOGI Plus, 950 g\"}]},{\"@type\":\"WebSite\",\"@id\":\"https:\/\/www.daisho.be\/it\/#website\",\"url\":\"https:\/\/www.daisho.be\/it\/\",\"name\":\"Daisho\",\"description\":\"Sp&eacute;cialiste de l'&eacute;quipement sportif d'arts martiaux\",\"publisher\":{\"@id\":\"https:\/\/www.daisho.be\/it\/#organization\"},\"potentialAction\":[{\"@type\":\"SearchAction\",\"target\":{\"@type\":\"EntryPoint\",\"urlTemplate\":\"https:\/\/www.daisho.be\/it\/?s={search_term_string}\"},\"query-input\":{\"@type\":\"PropertyValueSpecification\",\"valueRequired\":true,\"valueName\":\"search_term_string\"}}],\"inLanguage\":\"it-IT\"},{\"@type\":\"Organization\",\"@id\":\"https:\/\/www.daisho.be\/it\/#organization\",\"name\":\"Daisho\",\"url\":\"https:\/\/www.daisho.be\/it\/\",\"logo\":{\"@type\":\"ImageObject\",\"inLanguage\":\"it-IT\",\"@id\":\"https:\/\/www.daisho.be\/it\/#\/schema\/logo\/image\/\",\"url\":\"https:\/\/www.daisho.be\/wp-content\/uploads\/2019\/07\/color-nothing-horizontale4x-e1564486100247.png\",\"contentUrl\":\"https:\/\/www.daisho.be\/wp-content\/uploads\/2019\/07\/color-nothing-horizontale4x-e1564486100247.png\",\"width\":1547,\"height\":385,\"caption\":\"Daisho\"},\"image\":{\"@id\":\"https:\/\/www.daisho.be\/it\/#\/schema\/logo\/image\/\"}}]}<\/script>\n<!-- \/ Yoast SEO plugin. -->","yoast_head_json":{"title":"GIACCA BIANCA MOSKITO JUDOGI Plus, 950 g &#8211; Daisho","robots":{"index":"index","follow":"follow","max-snippet":"max-snippet:-1","max-image-preview":"max-image-preview:large","max-video-preview":"max-video-preview:-1"},"canonical":"https:\/\/www.daisho.be\/it\/produit\/giacca-bianca-moskito-judogi-plus-950-g\/","og_locale":"it_IT","og_type":"article","og_title":"GIACCA BIANCA MOSKITO JUDOGI Plus, 950 g &#8211; Daisho","og_description":"Il &#8220;Moskito Plus&#8221; \u00e8 un giubbotto da judo di alta qualit\u00e0 realizzato in tessuto di cotone spesso. \u00c8 la scelta ideale per tutti i judoka agonisti che cercano un giubbotto da judo ben progettato e spesso per i tornei nazionali. Sistema Mix &amp; Match: puoi acquistare separatamente i pantaloni da judo abbinati per creare il [&hellip;]","og_url":"https:\/\/www.daisho.be\/it\/produit\/giacca-bianca-moskito-judogi-plus-950-g\/","og_site_name":"Daisho","article_modified_time":"2026-04-14T06:33:03+00:00","og_image":[{"width":800,"height":1280,"url":"https:\/\/www.daisho.be\/wp-content\/uploads\/2026\/04\/image-41.jpg","type":"image\/jpeg"}],"twitter_card":"summary_large_image","schema":{"@context":"https:\/\/schema.org","@graph":[{"@type":"WebPage","@id":"https:\/\/www.daisho.be\/it\/produit\/giacca-bianca-moskito-judogi-plus-950-g\/","url":"https:\/\/www.daisho.be\/it\/produit\/giacca-bianca-moskito-judogi-plus-950-g\/","name":"GIACCA BIANCA MOSKITO JUDOGI Plus, 950 g &#8211; Daisho","isPartOf":{"@id":"https:\/\/www.daisho.be\/it\/#website"},"primaryImageOfPage":{"@id":"https:\/\/www.daisho.be\/it\/produit\/giacca-bianca-moskito-judogi-plus-950-g\/#primaryimage"},"image":{"@id":"https:\/\/www.daisho.be\/it\/produit\/giacca-bianca-moskito-judogi-plus-950-g\/#primaryimage"},"thumbnailUrl":"https:\/\/www.daisho.be\/wp-content\/uploads\/2026\/04\/image-41.jpg","datePublished":"2026-04-13T14:30:21+00:00","dateModified":"2026-04-14T06:33:03+00:00","breadcrumb":{"@id":"https:\/\/www.daisho.be\/it\/produit\/giacca-bianca-moskito-judogi-plus-950-g\/#breadcrumb"},"inLanguage":"it-IT","potentialAction":[{"@type":"ReadAction","target":["https:\/\/www.daisho.be\/it\/produit\/giacca-bianca-moskito-judogi-plus-950-g\/"]}]},{"@type":"ImageObject","inLanguage":"it-IT","@id":"https:\/\/www.daisho.be\/it\/produit\/giacca-bianca-moskito-judogi-plus-950-g\/#primaryimage","url":"https:\/\/www.daisho.be\/wp-content\/uploads\/2026\/04\/image-41.jpg","contentUrl":"https:\/\/www.daisho.be\/wp-content\/uploads\/2026\/04\/image-41.jpg","width":800,"height":1280,"caption":"GIACCA BIANCA MOSKITO JUDOGI Plus, 950 g-1"},{"@type":"BreadcrumbList","@id":"https:\/\/www.daisho.be\/it\/produit\/giacca-bianca-moskito-judogi-plus-950-g\/#breadcrumb","itemListElement":[{"@type":"ListItem","position":1,"name":"Accueil","item":"https:\/\/www.daisho.be\/it\/"},{"@type":"ListItem","position":2,"name":"Prodotti","item":"https:\/\/www.daisho.be\/it\/prodotti\/"},{"@type":"ListItem","position":3,"name":"Attrezzature e abbigliamento per arti marziali e sport da combattimento","item":"https:\/\/www.daisho.be\/it\/categorie-produit\/attrezzature-e-abbigliamento-per-arti-marziali-e-sport-da-combattimento\/"},{"@type":"ListItem","position":4,"name":"Judo","item":"https:\/\/www.daisho.be\/it\/categorie-produit\/attrezzature-e-abbigliamento-per-arti-marziali-e-sport-da-combattimento\/judo-it-2\/"},{"@type":"ListItem","position":5,"name":"Kimono da Judo","item":"https:\/\/www.daisho.be\/it\/categorie-produit\/attrezzature-e-abbigliamento-per-arti-marziali-e-sport-da-combattimento\/judo-it-2\/kimono-da-judo\/"},{"@type":"ListItem","position":6,"name":"GIACCA BIANCA MOSKITO JUDOGI Plus, 950 g"}]},{"@type":"WebSite","@id":"https:\/\/www.daisho.be\/it\/#website","url":"https:\/\/www.daisho.be\/it\/","name":"Daisho","description":"Sp&eacute;cialiste de l'&eacute;quipement sportif d'arts martiaux","publisher":{"@id":"https:\/\/www.daisho.be\/it\/#organization"},"potentialAction":[{"@type":"SearchAction","target":{"@type":"EntryPoint","urlTemplate":"https:\/\/www.daisho.be\/it\/?s={search_term_string}"},"query-input":{"@type":"PropertyValueSpecification","valueRequired":true,"valueName":"search_term_string"}}],"inLanguage":"it-IT"},{"@type":"Organization","@id":"https:\/\/www.daisho.be\/it\/#organization","name":"Daisho","url":"https:\/\/www.daisho.be\/it\/","logo":{"@type":"ImageObject","inLanguage":"it-IT","@id":"https:\/\/www.daisho.be\/it\/#\/schema\/logo\/image\/","url":"https:\/\/www.daisho.be\/wp-content\/uploads\/2019\/07\/color-nothing-horizontale4x-e1564486100247.png","contentUrl":"https:\/\/www.daisho.be\/wp-content\/uploads\/2019\/07\/color-nothing-horizontale4x-e1564486100247.png","width":1547,"height":385,"caption":"Daisho"},"image":{"@id":"https:\/\/www.daisho.be\/it\/#\/schema\/logo\/image\/"}}]}},"_links":{"self":[{"href":"https:\/\/www.daisho.be\/it\/wp-json\/wp\/v2\/product\/677496","targetHints":{"allow":["GET"]}}],"collection":[{"href":"https:\/\/www.daisho.be\/it\/wp-json\/wp\/v2\/product"}],"about":[{"href":"https:\/\/www.daisho.be\/it\/wp-json\/wp\/v2\/types\/product"}],"replies":[{"embeddable":true,"href":"https:\/\/www.daisho.be\/it\/wp-json\/wp\/v2\/comments?post=677496"}],"wp:featuredmedia":[{"embeddable":true,"href":"https:\/\/www.daisho.be\/it\/wp-json\/wp\/v2\/media\/677497"}],"wp:attachment":[{"href":"https:\/\/www.daisho.be\/it\/wp-json\/wp\/v2\/media?parent=677496"}],"wp:term":[{"taxonomy":"product_brand","embeddable":true,"href":"https:\/\/www.daisho.be\/it\/wp-json\/wp\/v2\/product_brand?post=677496"},{"taxonomy":"product_cat","embeddable":true,"href":"https:\/\/www.daisho.be\/it\/wp-json\/wp\/v2\/product_cat?post=677496"},{"taxonomy":"product_tag","embeddable":true,"href":"https:\/\/www.daisho.be\/it\/wp-json\/wp\/v2\/product_tag?post=677496"},{"taxonomy":"sport","embeddable":true,"href":"https:\/\/www.daisho.be\/it\/wp-json\/wp\/v2\/sport?post=677496"}],"curies":[{"name":"wp","href":"https:\/\/api.w.org\/{rel}","templated":true}]}}