{"id":674101,"date":"2025-11-17T15:25:15","date_gmt":"2025-11-17T14:25:15","guid":{"rendered":"https:\/\/www.daisho.be\/produit\/supporto-per-barra-silver-twist\/"},"modified":"2026-03-27T16:08:57","modified_gmt":"2026-03-27T15:08:57","slug":"supporto-per-barra-silver-twist","status":"publish","type":"product","link":"https:\/\/www.daisho.be\/it\/produit\/supporto-per-barra-silver-twist\/","title":{"rendered":"Supporto per barra Silver Twist"},"content":{"rendered":"<p>Il Twist \u00e8 un supporto che permette di installare una barra di legno tra due pali o superfici perpendicolari. \u00c8 stato progettato per garantire la stabilit\u00e0 della sbarra in spazi ristretti. Come tutti i nostri supporti, il Twist offre la qualit\u00e0 e l&#8217;affidabilit\u00e0 di cui hai bisogno per i tuoi esercizi di danza classica e fitness. Realizzato in acciaio, \u00e8 disponibile nei colori argento e nero.<br \/>\nUna staffa a muro alternativa.<br \/>\nLe staffe a muro vengono solitamente installate in modo che le barre di legno siano parallele alla parete. Ma come fare se lo spazio a disposizione \u00e8 limitato, se ci sono pali o ostacoli sulla parete? Il team di Dinamica Ballet ha creato il supporto Twist per le situazioni in cui non \u00e8 possibile utilizzare una console a muro tradizionale. Twist \u00e8 una soluzione aggiuntiva per perfezionare il tuo studio di danza o la tua palestra.<br \/>\nDesign minimalista per ottimizzare lo spazio.<br \/>\nTwist pu\u00f2 essere utilizzato insieme alle console a parete Arabesque e alle sbarre da danza a pavimento. Con la sua piastra di montaggio minimalista e il peso di soli 200 grammi, Twist \u00e8 una soluzione intelligente per gli spazi piccoli con layout complessi. \u00c8 disponibile nei colori argento e nero, in modo da poterlo abbinare alla combinazione di colori della tua stanza se hai anche le staffe a muro Arabesque.<br \/>\nSfrutta ogni angolo.<br \/>\nTwist viene avvitato alla parete o al palo ad angolo retto per inserire e fissare l&#8217;estremit\u00e0 della barra di legno. Questo sistema permette di avere una sbarra per danza classica perfettamente funzionante tra due pali o due pareti divisorie. \u00c8 ideale anche quando la sbarra per la danza classica finisce in un angolo dello studio; il Twist permette di estenderla fino alla parete per una maggiore stabilit\u00e0. Offri ai tuoi studenti il meglio e lavora in tutta comodit\u00e0 con le nostre soluzioni per sfruttare al meglio il tuo spazio.          <\/p>\n","protected":false},"excerpt":{"rendered":"<p>Il Twist \u00e8 un supporto che permette di installare una barra di legno tra due pali o superfici perpendicolari. \u00c8 stato progettato per garantire la stabilit\u00e0 della sbarra in spazi ristretti. Come tutti i nostri supporti, il Twist offre la qualit\u00e0 e l&#8217;affidabilit\u00e0 di cui hai bisogno per i tuoi esercizi di danza classica e [&hellip;]<\/p>\n","protected":false},"featured_media":622313,"comment_status":"open","ping_status":"closed","template":"","meta":{"inline_featured_image":false},"product_brand":[],"product_cat":[2539],"product_tag":[2346],"sport":[],"class_list":{"0":"post-674101","1":"product","2":"type-product","3":"status-publish","4":"has-post-thumbnail","6":"product_cat-attrezzature-per-lo-stretching","7":"product_tag-dinamica-balletto","8":"pa_size-sans-taille-defaut","10":"first","11":"outofstock","12":"taxable","13":"shipping-taxable","14":"purchasable","15":"product-type-simple"},"yoast_head":"<!-- This site is optimized with the Yoast SEO plugin v27.2 - https:\/\/yoast.com\/product\/yoast-seo-wordpress\/ -->\n<title>Supporto per barra Silver Twist &#8211; Daisho<\/title>\n<meta name=\"description\" content=\"Supporto per barre da ballo, ideale per gli spazi ristretti. Montaggio perpendicolare stabile e design compatto. Trovalo su www.daisho.be | Daisho\" \/>\n<meta name=\"robots\" content=\"index, follow, max-snippet:-1, max-image-preview:large, max-video-preview:-1\" \/>\n<link rel=\"canonical\" href=\"https:\/\/www.daisho.be\/it\/produit\/supporto-per-barra-silver-twist\/\" \/>\n<meta property=\"og:locale\" content=\"it_IT\" \/>\n<meta property=\"og:type\" content=\"article\" \/>\n<meta property=\"og:title\" content=\"Supporto per barra Silver Twist &#8211; Daisho\" \/>\n<meta property=\"og:description\" content=\"Supporto per barre da ballo, ideale per gli spazi ristretti. Montaggio perpendicolare stabile e design compatto. Trovalo su www.daisho.be | Daisho\" \/>\n<meta property=\"og:url\" content=\"https:\/\/www.daisho.be\/it\/produit\/supporto-per-barra-silver-twist\/\" \/>\n<meta property=\"og:site_name\" content=\"Daisho\" \/>\n<meta property=\"article:modified_time\" content=\"2026-03-27T15:08:57+00:00\" \/>\n<meta property=\"og:image\" content=\"https:\/\/www.daisho.be\/wp-content\/uploads\/2025\/11\/image-90-scaled.jpg\" \/>\n\t<meta property=\"og:image:width\" content=\"2048\" \/>\n\t<meta property=\"og:image:height\" content=\"1339\" \/>\n\t<meta property=\"og:image:type\" content=\"image\/jpeg\" \/>\n<meta name=\"twitter:card\" content=\"summary_large_image\" \/>\n<meta name=\"twitter:label1\" content=\"Tempo di lettura stimato\" \/>\n\t<meta name=\"twitter:data1\" content=\"2 minuti\" \/>\n<script type=\"application\/ld+json\" class=\"yoast-schema-graph\">{\"@context\":\"https:\/\/schema.org\",\"@graph\":[{\"@type\":\"WebPage\",\"@id\":\"https:\/\/www.daisho.be\/it\/produit\/supporto-per-barra-silver-twist\/\",\"url\":\"https:\/\/www.daisho.be\/it\/produit\/supporto-per-barra-silver-twist\/\",\"name\":\"Supporto per barra Silver Twist &#8211; Daisho\",\"isPartOf\":{\"@id\":\"https:\/\/www.daisho.be\/it\/#website\"},\"primaryImageOfPage\":{\"@id\":\"https:\/\/www.daisho.be\/it\/produit\/supporto-per-barra-silver-twist\/#primaryimage\"},\"image\":{\"@id\":\"https:\/\/www.daisho.be\/it\/produit\/supporto-per-barra-silver-twist\/#primaryimage\"},\"thumbnailUrl\":\"https:\/\/www.daisho.be\/wp-content\/uploads\/2025\/11\/image-90-scaled.jpg\",\"datePublished\":\"2025-11-17T14:25:15+00:00\",\"dateModified\":\"2026-03-27T15:08:57+00:00\",\"description\":\"Supporto per barre da ballo, ideale per gli spazi ristretti. Montaggio perpendicolare stabile e design compatto. Trovalo su www.daisho.be | Daisho\",\"breadcrumb\":{\"@id\":\"https:\/\/www.daisho.be\/it\/produit\/supporto-per-barra-silver-twist\/#breadcrumb\"},\"inLanguage\":\"it-IT\",\"potentialAction\":[{\"@type\":\"ReadAction\",\"target\":[\"https:\/\/www.daisho.be\/it\/produit\/supporto-per-barra-silver-twist\/\"]}]},{\"@type\":\"ImageObject\",\"inLanguage\":\"it-IT\",\"@id\":\"https:\/\/www.daisho.be\/it\/produit\/supporto-per-barra-silver-twist\/#primaryimage\",\"url\":\"https:\/\/www.daisho.be\/wp-content\/uploads\/2025\/11\/image-90-scaled.jpg\",\"contentUrl\":\"https:\/\/www.daisho.be\/wp-content\/uploads\/2025\/11\/image-90-scaled.jpg\",\"width\":2048,\"height\":1339,\"caption\":\"Support de barre Twist Argent-1\"},{\"@type\":\"BreadcrumbList\",\"@id\":\"https:\/\/www.daisho.be\/it\/produit\/supporto-per-barra-silver-twist\/#breadcrumb\",\"itemListElement\":[{\"@type\":\"ListItem\",\"position\":1,\"name\":\"Accueil\",\"item\":\"https:\/\/www.daisho.be\/it\/\"},{\"@type\":\"ListItem\",\"position\":2,\"name\":\"Prodotti\",\"item\":\"https:\/\/www.daisho.be\/it\/prodotti\/\"},{\"@type\":\"ListItem\",\"position\":3,\"name\":\"Cura dello sport\",\"item\":\"https:\/\/www.daisho.be\/it\/categorie-produit\/cura-dello-sport\/\"},{\"@type\":\"ListItem\",\"position\":4,\"name\":\"Attrezzature per lo stretching\",\"item\":\"https:\/\/www.daisho.be\/it\/categorie-produit\/cura-dello-sport\/attrezzature-per-lo-stretching\/\"},{\"@type\":\"ListItem\",\"position\":5,\"name\":\"Supporto per barra Silver Twist\"}]},{\"@type\":\"WebSite\",\"@id\":\"https:\/\/www.daisho.be\/it\/#website\",\"url\":\"https:\/\/www.daisho.be\/it\/\",\"name\":\"Daisho\",\"description\":\"Sp&eacute;cialiste de l'&eacute;quipement sportif d'arts martiaux\",\"publisher\":{\"@id\":\"https:\/\/www.daisho.be\/it\/#organization\"},\"potentialAction\":[{\"@type\":\"SearchAction\",\"target\":{\"@type\":\"EntryPoint\",\"urlTemplate\":\"https:\/\/www.daisho.be\/it\/?s={search_term_string}\"},\"query-input\":{\"@type\":\"PropertyValueSpecification\",\"valueRequired\":true,\"valueName\":\"search_term_string\"}}],\"inLanguage\":\"it-IT\"},{\"@type\":\"Organization\",\"@id\":\"https:\/\/www.daisho.be\/it\/#organization\",\"name\":\"Daisho\",\"url\":\"https:\/\/www.daisho.be\/it\/\",\"logo\":{\"@type\":\"ImageObject\",\"inLanguage\":\"it-IT\",\"@id\":\"https:\/\/www.daisho.be\/it\/#\/schema\/logo\/image\/\",\"url\":\"https:\/\/www.daisho.be\/wp-content\/uploads\/2019\/07\/color-nothing-horizontale4x-e1564486100247.png\",\"contentUrl\":\"https:\/\/www.daisho.be\/wp-content\/uploads\/2019\/07\/color-nothing-horizontale4x-e1564486100247.png\",\"width\":1547,\"height\":385,\"caption\":\"Daisho\"},\"image\":{\"@id\":\"https:\/\/www.daisho.be\/it\/#\/schema\/logo\/image\/\"}}]}<\/script>\n<!-- \/ Yoast SEO plugin. -->","yoast_head_json":{"title":"Supporto per barra Silver Twist &#8211; Daisho","description":"Supporto per barre da ballo, ideale per gli spazi ristretti. Montaggio perpendicolare stabile e design compatto. Trovalo su www.daisho.be | Daisho","robots":{"index":"index","follow":"follow","max-snippet":"max-snippet:-1","max-image-preview":"max-image-preview:large","max-video-preview":"max-video-preview:-1"},"canonical":"https:\/\/www.daisho.be\/it\/produit\/supporto-per-barra-silver-twist\/","og_locale":"it_IT","og_type":"article","og_title":"Supporto per barra Silver Twist &#8211; Daisho","og_description":"Supporto per barre da ballo, ideale per gli spazi ristretti. Montaggio perpendicolare stabile e design compatto. Trovalo su www.daisho.be | Daisho","og_url":"https:\/\/www.daisho.be\/it\/produit\/supporto-per-barra-silver-twist\/","og_site_name":"Daisho","article_modified_time":"2026-03-27T15:08:57+00:00","og_image":[{"width":2048,"height":1339,"url":"https:\/\/www.daisho.be\/wp-content\/uploads\/2025\/11\/image-90-scaled.jpg","type":"image\/jpeg"}],"twitter_card":"summary_large_image","twitter_misc":{"Tempo di lettura stimato":"2 minuti"},"schema":{"@context":"https:\/\/schema.org","@graph":[{"@type":"WebPage","@id":"https:\/\/www.daisho.be\/it\/produit\/supporto-per-barra-silver-twist\/","url":"https:\/\/www.daisho.be\/it\/produit\/supporto-per-barra-silver-twist\/","name":"Supporto per barra Silver Twist &#8211; Daisho","isPartOf":{"@id":"https:\/\/www.daisho.be\/it\/#website"},"primaryImageOfPage":{"@id":"https:\/\/www.daisho.be\/it\/produit\/supporto-per-barra-silver-twist\/#primaryimage"},"image":{"@id":"https:\/\/www.daisho.be\/it\/produit\/supporto-per-barra-silver-twist\/#primaryimage"},"thumbnailUrl":"https:\/\/www.daisho.be\/wp-content\/uploads\/2025\/11\/image-90-scaled.jpg","datePublished":"2025-11-17T14:25:15+00:00","dateModified":"2026-03-27T15:08:57+00:00","description":"Supporto per barre da ballo, ideale per gli spazi ristretti. Montaggio perpendicolare stabile e design compatto. Trovalo su www.daisho.be | Daisho","breadcrumb":{"@id":"https:\/\/www.daisho.be\/it\/produit\/supporto-per-barra-silver-twist\/#breadcrumb"},"inLanguage":"it-IT","potentialAction":[{"@type":"ReadAction","target":["https:\/\/www.daisho.be\/it\/produit\/supporto-per-barra-silver-twist\/"]}]},{"@type":"ImageObject","inLanguage":"it-IT","@id":"https:\/\/www.daisho.be\/it\/produit\/supporto-per-barra-silver-twist\/#primaryimage","url":"https:\/\/www.daisho.be\/wp-content\/uploads\/2025\/11\/image-90-scaled.jpg","contentUrl":"https:\/\/www.daisho.be\/wp-content\/uploads\/2025\/11\/image-90-scaled.jpg","width":2048,"height":1339,"caption":"Support de barre Twist Argent-1"},{"@type":"BreadcrumbList","@id":"https:\/\/www.daisho.be\/it\/produit\/supporto-per-barra-silver-twist\/#breadcrumb","itemListElement":[{"@type":"ListItem","position":1,"name":"Accueil","item":"https:\/\/www.daisho.be\/it\/"},{"@type":"ListItem","position":2,"name":"Prodotti","item":"https:\/\/www.daisho.be\/it\/prodotti\/"},{"@type":"ListItem","position":3,"name":"Cura dello sport","item":"https:\/\/www.daisho.be\/it\/categorie-produit\/cura-dello-sport\/"},{"@type":"ListItem","position":4,"name":"Attrezzature per lo stretching","item":"https:\/\/www.daisho.be\/it\/categorie-produit\/cura-dello-sport\/attrezzature-per-lo-stretching\/"},{"@type":"ListItem","position":5,"name":"Supporto per barra Silver Twist"}]},{"@type":"WebSite","@id":"https:\/\/www.daisho.be\/it\/#website","url":"https:\/\/www.daisho.be\/it\/","name":"Daisho","description":"Sp&eacute;cialiste de l'&eacute;quipement sportif d'arts martiaux","publisher":{"@id":"https:\/\/www.daisho.be\/it\/#organization"},"potentialAction":[{"@type":"SearchAction","target":{"@type":"EntryPoint","urlTemplate":"https:\/\/www.daisho.be\/it\/?s={search_term_string}"},"query-input":{"@type":"PropertyValueSpecification","valueRequired":true,"valueName":"search_term_string"}}],"inLanguage":"it-IT"},{"@type":"Organization","@id":"https:\/\/www.daisho.be\/it\/#organization","name":"Daisho","url":"https:\/\/www.daisho.be\/it\/","logo":{"@type":"ImageObject","inLanguage":"it-IT","@id":"https:\/\/www.daisho.be\/it\/#\/schema\/logo\/image\/","url":"https:\/\/www.daisho.be\/wp-content\/uploads\/2019\/07\/color-nothing-horizontale4x-e1564486100247.png","contentUrl":"https:\/\/www.daisho.be\/wp-content\/uploads\/2019\/07\/color-nothing-horizontale4x-e1564486100247.png","width":1547,"height":385,"caption":"Daisho"},"image":{"@id":"https:\/\/www.daisho.be\/it\/#\/schema\/logo\/image\/"}}]}},"_links":{"self":[{"href":"https:\/\/www.daisho.be\/it\/wp-json\/wp\/v2\/product\/674101","targetHints":{"allow":["GET"]}}],"collection":[{"href":"https:\/\/www.daisho.be\/it\/wp-json\/wp\/v2\/product"}],"about":[{"href":"https:\/\/www.daisho.be\/it\/wp-json\/wp\/v2\/types\/product"}],"replies":[{"embeddable":true,"href":"https:\/\/www.daisho.be\/it\/wp-json\/wp\/v2\/comments?post=674101"}],"wp:featuredmedia":[{"embeddable":true,"href":"https:\/\/www.daisho.be\/it\/wp-json\/wp\/v2\/media\/622313"}],"wp:attachment":[{"href":"https:\/\/www.daisho.be\/it\/wp-json\/wp\/v2\/media?parent=674101"}],"wp:term":[{"taxonomy":"product_brand","embeddable":true,"href":"https:\/\/www.daisho.be\/it\/wp-json\/wp\/v2\/product_brand?post=674101"},{"taxonomy":"product_cat","embeddable":true,"href":"https:\/\/www.daisho.be\/it\/wp-json\/wp\/v2\/product_cat?post=674101"},{"taxonomy":"product_tag","embeddable":true,"href":"https:\/\/www.daisho.be\/it\/wp-json\/wp\/v2\/product_tag?post=674101"},{"taxonomy":"sport","embeddable":true,"href":"https:\/\/www.daisho.be\/it\/wp-json\/wp\/v2\/sport?post=674101"}],"curies":[{"name":"wp","href":"https:\/\/api.w.org\/{rel}","templated":true}]}}