{"id":674054,"date":"2026-03-27T13:19:37","date_gmt":"2026-03-27T12:19:37","guid":{"rendered":"https:\/\/www.daisho.be\/produit\/nastro-di-collegamento-per-tappeti-zebrahome-in-rotolo-nero\/"},"modified":"2026-03-27T13:19:37","modified_gmt":"2026-03-27T12:19:37","slug":"nastro-di-collegamento-per-tappeti-zebrahome-in-rotolo-nero","status":"publish","type":"product","link":"https:\/\/www.daisho.be\/it\/produit\/nastro-di-collegamento-per-tappeti-zebrahome-in-rotolo-nero\/","title":{"rendered":"Nastro di collegamento per tappeti ZEBRA\u00aeHome in rotolo, nero"},"content":{"rendered":"<p>Ottieni il massimo dal tuo spazio di allenamento con il nostro nastro di collegamento per tappeti neri di alta qualit\u00e0!<br \/>\nQuesto nastro extra-largo \u00e8 la soluzione ideale per unire saldamente i tappetini e garantisce la massima stabilit\u00e0 durante l&#8217;allenamento.<\/p>\n<p>Dimensioni:<br \/>\n&#8211; Lunghezza: 32,9 m<br \/>\n&#8211; Larghezza: 7,6 cm<\/p>\n<p>Colore: nero<\/p>\n<p>Caratteristiche:<br \/>\nExtra largo: grazie alla sua generosa larghezza, questo nastro offre una tenuta affidabile tra i tappetini e riduce al minimo il rischio di scivolare o di spaccarsi. Cos\u00ec potrai concentrarti completamente sull&#8217;allenamento.<br \/>\nSenza residui: il nastro \u00e8 facile da rimuovere dopo l&#8217;uso senza lasciare residui. Questo lo rende una soluzione pratica per le strutture di allenamento temporanee o per i cambi di ambiente di allenamento.<br \/>\nAspetto scuro: il suo design nero garantisce che l&#8217;estetica dei tuoi tappeti non venga alterata. Il nastro si integra armoniosamente in qualsiasi ambiente, rimanendo discreto e garantendo una presa sicura.<br \/>\nVersatile: \u00e8 ideale per sport come il taekwondo, il judo o altre arti marziali, ma anche per i tappeti da fitness e da ginnastica. Questo nastro \u00e8 un accessorio essenziale per qualsiasi centro di allenamento.<br \/>\nPresa impressionante: Il nastro offre una presa forte che rimane affidabile anche durante gli esercizi e i movimenti pi\u00f9 intensi. In questo modo puoi essere sicuro che i tuoi tappetini siano sempre stabili e sicuri.     <\/p>\n<p>Interessante per : Judo, MMA, Fitness, Aikido, Yoga, Karate, BJJ.<\/p>\n","protected":false},"excerpt":{"rendered":"<p>Ottieni il massimo dal tuo spazio di allenamento con il nostro nastro di collegamento per tappeti neri di alta qualit\u00e0! Questo nastro extra-largo \u00e8 la soluzione ideale per unire saldamente i tappetini e garantisce la massima stabilit\u00e0 durante l&#8217;allenamento. Dimensioni: &#8211; Lunghezza: 32,9 m &#8211; Larghezza: 7,6 cm Colore: nero Caratteristiche: Extra largo: grazie alla [&hellip;]<\/p>\n","protected":false},"featured_media":674050,"comment_status":"open","ping_status":"closed","template":"","meta":{"inline_featured_image":false},"product_brand":[],"product_cat":[2187,2013,2135,2136],"product_tag":[2320],"sport":[],"class_list":{"0":"post-674054","1":"product","2":"type-product","3":"status-publish","4":"has-post-thumbnail","6":"product_cat-tappeti-tatami-da-judo","7":"product_cat-tappeti-tatami-per-judo-karate-e-taekwondo-arti-marziali","8":"product_cat-tappetini-tatami-per-jiu-jitsu","9":"product_cat-tatami-mma","10":"product_tag-zebra-it","12":"first","13":"instock","14":"taxable","15":"shipping-taxable","16":"purchasable","17":"product-type-simple"},"yoast_head":"<!-- This site is optimized with the Yoast SEO plugin v27.2 - https:\/\/yoast.com\/product\/yoast-seo-wordpress\/ -->\n<title>Nastro di collegamento per tappeti ZEBRA\u00aeHome in rotolo, nero &#8211; Daisho<\/title>\n<meta name=\"robots\" content=\"index, follow, max-snippet:-1, max-image-preview:large, max-video-preview:-1\" \/>\n<link rel=\"canonical\" href=\"https:\/\/www.daisho.be\/it\/produit\/nastro-di-collegamento-per-tappeti-zebrahome-in-rotolo-nero\/\" \/>\n<meta property=\"og:locale\" content=\"it_IT\" \/>\n<meta property=\"og:type\" content=\"article\" \/>\n<meta property=\"og:title\" content=\"Nastro di collegamento per tappeti ZEBRA\u00aeHome in rotolo, nero &#8211; Daisho\" \/>\n<meta property=\"og:description\" content=\"Ottieni il massimo dal tuo spazio di allenamento con il nostro nastro di collegamento per tappeti neri di alta qualit\u00e0! Questo nastro extra-largo \u00e8 la soluzione ideale per unire saldamente i tappetini e garantisce la massima stabilit\u00e0 durante l&#8217;allenamento. Dimensioni: &#8211; Lunghezza: 32,9 m &#8211; Larghezza: 7,6 cm Colore: nero Caratteristiche: Extra largo: grazie alla [&hellip;]\" \/>\n<meta property=\"og:url\" content=\"https:\/\/www.daisho.be\/it\/produit\/nastro-di-collegamento-per-tappeti-zebrahome-in-rotolo-nero\/\" \/>\n<meta property=\"og:site_name\" content=\"Daisho\" \/>\n<meta property=\"og:image\" content=\"https:\/\/www.daisho.be\/wp-content\/uploads\/2026\/03\/image-60.jpg\" \/>\n\t<meta property=\"og:image:width\" content=\"800\" \/>\n\t<meta property=\"og:image:height\" content=\"1280\" \/>\n\t<meta property=\"og:image:type\" content=\"image\/jpeg\" \/>\n<meta name=\"twitter:card\" content=\"summary_large_image\" \/>\n<meta name=\"twitter:label1\" content=\"Tempo di lettura stimato\" \/>\n\t<meta name=\"twitter:data1\" content=\"1 minuto\" \/>\n<script type=\"application\/ld+json\" class=\"yoast-schema-graph\">{\"@context\":\"https:\/\/schema.org\",\"@graph\":[{\"@type\":\"WebPage\",\"@id\":\"https:\/\/www.daisho.be\/it\/produit\/nastro-di-collegamento-per-tappeti-zebrahome-in-rotolo-nero\/\",\"url\":\"https:\/\/www.daisho.be\/it\/produit\/nastro-di-collegamento-per-tappeti-zebrahome-in-rotolo-nero\/\",\"name\":\"Nastro di collegamento per tappeti ZEBRA\u00aeHome in rotolo, nero &#8211; Daisho\",\"isPartOf\":{\"@id\":\"https:\/\/www.daisho.be\/it\/#website\"},\"primaryImageOfPage\":{\"@id\":\"https:\/\/www.daisho.be\/it\/produit\/nastro-di-collegamento-per-tappeti-zebrahome-in-rotolo-nero\/#primaryimage\"},\"image\":{\"@id\":\"https:\/\/www.daisho.be\/it\/produit\/nastro-di-collegamento-per-tappeti-zebrahome-in-rotolo-nero\/#primaryimage\"},\"thumbnailUrl\":\"https:\/\/www.daisho.be\/wp-content\/uploads\/2026\/03\/image-60.jpg\",\"datePublished\":\"2026-03-27T12:19:37+00:00\",\"breadcrumb\":{\"@id\":\"https:\/\/www.daisho.be\/it\/produit\/nastro-di-collegamento-per-tappeti-zebrahome-in-rotolo-nero\/#breadcrumb\"},\"inLanguage\":\"it-IT\",\"potentialAction\":[{\"@type\":\"ReadAction\",\"target\":[\"https:\/\/www.daisho.be\/it\/produit\/nastro-di-collegamento-per-tappeti-zebrahome-in-rotolo-nero\/\"]}]},{\"@type\":\"ImageObject\",\"inLanguage\":\"it-IT\",\"@id\":\"https:\/\/www.daisho.be\/it\/produit\/nastro-di-collegamento-per-tappeti-zebrahome-in-rotolo-nero\/#primaryimage\",\"url\":\"https:\/\/www.daisho.be\/wp-content\/uploads\/2026\/03\/image-60.jpg\",\"contentUrl\":\"https:\/\/www.daisho.be\/wp-content\/uploads\/2026\/03\/image-60.jpg\",\"width\":800,\"height\":1280,\"caption\":\"Ruban de raccordement pour tapis En rouleau ZEBRA\u00aeHome, noir-1\"},{\"@type\":\"BreadcrumbList\",\"@id\":\"https:\/\/www.daisho.be\/it\/produit\/nastro-di-collegamento-per-tappeti-zebrahome-in-rotolo-nero\/#breadcrumb\",\"itemListElement\":[{\"@type\":\"ListItem\",\"position\":1,\"name\":\"Accueil\",\"item\":\"https:\/\/www.daisho.be\/it\/\"},{\"@type\":\"ListItem\",\"position\":2,\"name\":\"Prodotti\",\"item\":\"https:\/\/www.daisho.be\/it\/prodotti\/\"},{\"@type\":\"ListItem\",\"position\":3,\"name\":\"Attrezzature e abbigliamento per arti marziali e sport da combattimento\",\"item\":\"https:\/\/www.daisho.be\/it\/categorie-produit\/attrezzature-e-abbigliamento-per-arti-marziali-e-sport-da-combattimento\/\"},{\"@type\":\"ListItem\",\"position\":4,\"name\":\"Judo\",\"item\":\"https:\/\/www.daisho.be\/it\/categorie-produit\/attrezzature-e-abbigliamento-per-arti-marziali-e-sport-da-combattimento\/judo-it-2\/\"},{\"@type\":\"ListItem\",\"position\":5,\"name\":\"Tappeti tatami da judo\",\"item\":\"https:\/\/www.daisho.be\/it\/categorie-produit\/attrezzature-e-abbigliamento-per-arti-marziali-e-sport-da-combattimento\/judo-it-2\/tappeti-tatami-da-judo\/\"},{\"@type\":\"ListItem\",\"position\":6,\"name\":\"Nastro di collegamento per tappeti ZEBRA\u00aeHome in rotolo, nero\"}]},{\"@type\":\"WebSite\",\"@id\":\"https:\/\/www.daisho.be\/it\/#website\",\"url\":\"https:\/\/www.daisho.be\/it\/\",\"name\":\"Daisho\",\"description\":\"Sp&eacute;cialiste de l'&eacute;quipement sportif d'arts martiaux\",\"publisher\":{\"@id\":\"https:\/\/www.daisho.be\/it\/#organization\"},\"potentialAction\":[{\"@type\":\"SearchAction\",\"target\":{\"@type\":\"EntryPoint\",\"urlTemplate\":\"https:\/\/www.daisho.be\/it\/?s={search_term_string}\"},\"query-input\":{\"@type\":\"PropertyValueSpecification\",\"valueRequired\":true,\"valueName\":\"search_term_string\"}}],\"inLanguage\":\"it-IT\"},{\"@type\":\"Organization\",\"@id\":\"https:\/\/www.daisho.be\/it\/#organization\",\"name\":\"Daisho\",\"url\":\"https:\/\/www.daisho.be\/it\/\",\"logo\":{\"@type\":\"ImageObject\",\"inLanguage\":\"it-IT\",\"@id\":\"https:\/\/www.daisho.be\/it\/#\/schema\/logo\/image\/\",\"url\":\"https:\/\/www.daisho.be\/wp-content\/uploads\/2019\/07\/color-nothing-horizontale4x-e1564486100247.png\",\"contentUrl\":\"https:\/\/www.daisho.be\/wp-content\/uploads\/2019\/07\/color-nothing-horizontale4x-e1564486100247.png\",\"width\":1547,\"height\":385,\"caption\":\"Daisho\"},\"image\":{\"@id\":\"https:\/\/www.daisho.be\/it\/#\/schema\/logo\/image\/\"}}]}<\/script>\n<!-- \/ Yoast SEO plugin. -->","yoast_head_json":{"title":"Nastro di collegamento per tappeti ZEBRA\u00aeHome in rotolo, nero &#8211; Daisho","robots":{"index":"index","follow":"follow","max-snippet":"max-snippet:-1","max-image-preview":"max-image-preview:large","max-video-preview":"max-video-preview:-1"},"canonical":"https:\/\/www.daisho.be\/it\/produit\/nastro-di-collegamento-per-tappeti-zebrahome-in-rotolo-nero\/","og_locale":"it_IT","og_type":"article","og_title":"Nastro di collegamento per tappeti ZEBRA\u00aeHome in rotolo, nero &#8211; Daisho","og_description":"Ottieni il massimo dal tuo spazio di allenamento con il nostro nastro di collegamento per tappeti neri di alta qualit\u00e0! Questo nastro extra-largo \u00e8 la soluzione ideale per unire saldamente i tappetini e garantisce la massima stabilit\u00e0 durante l&#8217;allenamento. Dimensioni: &#8211; Lunghezza: 32,9 m &#8211; Larghezza: 7,6 cm Colore: nero Caratteristiche: Extra largo: grazie alla [&hellip;]","og_url":"https:\/\/www.daisho.be\/it\/produit\/nastro-di-collegamento-per-tappeti-zebrahome-in-rotolo-nero\/","og_site_name":"Daisho","og_image":[{"width":800,"height":1280,"url":"https:\/\/www.daisho.be\/wp-content\/uploads\/2026\/03\/image-60.jpg","type":"image\/jpeg"}],"twitter_card":"summary_large_image","twitter_misc":{"Tempo di lettura stimato":"1 minuto"},"schema":{"@context":"https:\/\/schema.org","@graph":[{"@type":"WebPage","@id":"https:\/\/www.daisho.be\/it\/produit\/nastro-di-collegamento-per-tappeti-zebrahome-in-rotolo-nero\/","url":"https:\/\/www.daisho.be\/it\/produit\/nastro-di-collegamento-per-tappeti-zebrahome-in-rotolo-nero\/","name":"Nastro di collegamento per tappeti ZEBRA\u00aeHome in rotolo, nero &#8211; Daisho","isPartOf":{"@id":"https:\/\/www.daisho.be\/it\/#website"},"primaryImageOfPage":{"@id":"https:\/\/www.daisho.be\/it\/produit\/nastro-di-collegamento-per-tappeti-zebrahome-in-rotolo-nero\/#primaryimage"},"image":{"@id":"https:\/\/www.daisho.be\/it\/produit\/nastro-di-collegamento-per-tappeti-zebrahome-in-rotolo-nero\/#primaryimage"},"thumbnailUrl":"https:\/\/www.daisho.be\/wp-content\/uploads\/2026\/03\/image-60.jpg","datePublished":"2026-03-27T12:19:37+00:00","breadcrumb":{"@id":"https:\/\/www.daisho.be\/it\/produit\/nastro-di-collegamento-per-tappeti-zebrahome-in-rotolo-nero\/#breadcrumb"},"inLanguage":"it-IT","potentialAction":[{"@type":"ReadAction","target":["https:\/\/www.daisho.be\/it\/produit\/nastro-di-collegamento-per-tappeti-zebrahome-in-rotolo-nero\/"]}]},{"@type":"ImageObject","inLanguage":"it-IT","@id":"https:\/\/www.daisho.be\/it\/produit\/nastro-di-collegamento-per-tappeti-zebrahome-in-rotolo-nero\/#primaryimage","url":"https:\/\/www.daisho.be\/wp-content\/uploads\/2026\/03\/image-60.jpg","contentUrl":"https:\/\/www.daisho.be\/wp-content\/uploads\/2026\/03\/image-60.jpg","width":800,"height":1280,"caption":"Ruban de raccordement pour tapis En rouleau ZEBRA\u00aeHome, noir-1"},{"@type":"BreadcrumbList","@id":"https:\/\/www.daisho.be\/it\/produit\/nastro-di-collegamento-per-tappeti-zebrahome-in-rotolo-nero\/#breadcrumb","itemListElement":[{"@type":"ListItem","position":1,"name":"Accueil","item":"https:\/\/www.daisho.be\/it\/"},{"@type":"ListItem","position":2,"name":"Prodotti","item":"https:\/\/www.daisho.be\/it\/prodotti\/"},{"@type":"ListItem","position":3,"name":"Attrezzature e abbigliamento per arti marziali e sport da combattimento","item":"https:\/\/www.daisho.be\/it\/categorie-produit\/attrezzature-e-abbigliamento-per-arti-marziali-e-sport-da-combattimento\/"},{"@type":"ListItem","position":4,"name":"Judo","item":"https:\/\/www.daisho.be\/it\/categorie-produit\/attrezzature-e-abbigliamento-per-arti-marziali-e-sport-da-combattimento\/judo-it-2\/"},{"@type":"ListItem","position":5,"name":"Tappeti tatami da judo","item":"https:\/\/www.daisho.be\/it\/categorie-produit\/attrezzature-e-abbigliamento-per-arti-marziali-e-sport-da-combattimento\/judo-it-2\/tappeti-tatami-da-judo\/"},{"@type":"ListItem","position":6,"name":"Nastro di collegamento per tappeti ZEBRA\u00aeHome in rotolo, nero"}]},{"@type":"WebSite","@id":"https:\/\/www.daisho.be\/it\/#website","url":"https:\/\/www.daisho.be\/it\/","name":"Daisho","description":"Sp&eacute;cialiste de l'&eacute;quipement sportif d'arts martiaux","publisher":{"@id":"https:\/\/www.daisho.be\/it\/#organization"},"potentialAction":[{"@type":"SearchAction","target":{"@type":"EntryPoint","urlTemplate":"https:\/\/www.daisho.be\/it\/?s={search_term_string}"},"query-input":{"@type":"PropertyValueSpecification","valueRequired":true,"valueName":"search_term_string"}}],"inLanguage":"it-IT"},{"@type":"Organization","@id":"https:\/\/www.daisho.be\/it\/#organization","name":"Daisho","url":"https:\/\/www.daisho.be\/it\/","logo":{"@type":"ImageObject","inLanguage":"it-IT","@id":"https:\/\/www.daisho.be\/it\/#\/schema\/logo\/image\/","url":"https:\/\/www.daisho.be\/wp-content\/uploads\/2019\/07\/color-nothing-horizontale4x-e1564486100247.png","contentUrl":"https:\/\/www.daisho.be\/wp-content\/uploads\/2019\/07\/color-nothing-horizontale4x-e1564486100247.png","width":1547,"height":385,"caption":"Daisho"},"image":{"@id":"https:\/\/www.daisho.be\/it\/#\/schema\/logo\/image\/"}}]}},"_links":{"self":[{"href":"https:\/\/www.daisho.be\/it\/wp-json\/wp\/v2\/product\/674054","targetHints":{"allow":["GET"]}}],"collection":[{"href":"https:\/\/www.daisho.be\/it\/wp-json\/wp\/v2\/product"}],"about":[{"href":"https:\/\/www.daisho.be\/it\/wp-json\/wp\/v2\/types\/product"}],"replies":[{"embeddable":true,"href":"https:\/\/www.daisho.be\/it\/wp-json\/wp\/v2\/comments?post=674054"}],"wp:featuredmedia":[{"embeddable":true,"href":"https:\/\/www.daisho.be\/it\/wp-json\/wp\/v2\/media\/674050"}],"wp:attachment":[{"href":"https:\/\/www.daisho.be\/it\/wp-json\/wp\/v2\/media?parent=674054"}],"wp:term":[{"taxonomy":"product_brand","embeddable":true,"href":"https:\/\/www.daisho.be\/it\/wp-json\/wp\/v2\/product_brand?post=674054"},{"taxonomy":"product_cat","embeddable":true,"href":"https:\/\/www.daisho.be\/it\/wp-json\/wp\/v2\/product_cat?post=674054"},{"taxonomy":"product_tag","embeddable":true,"href":"https:\/\/www.daisho.be\/it\/wp-json\/wp\/v2\/product_tag?post=674054"},{"taxonomy":"sport","embeddable":true,"href":"https:\/\/www.daisho.be\/it\/wp-json\/wp\/v2\/sport?post=674054"}],"curies":[{"name":"wp","href":"https:\/\/api.w.org\/{rel}","templated":true}]}}