{"id":669320,"date":"2026-03-17T18:25:11","date_gmt":"2026-03-17T17:25:11","guid":{"rendered":"https:\/\/www.daisho.be\/produit\/ring-di-boxe-6-m\/"},"modified":"2026-03-17T18:25:11","modified_gmt":"2026-03-17T17:25:11","slug":"ring-di-boxe-6-m","status":"publish","type":"product","link":"https:\/\/www.daisho.be\/it\/produit\/ring-di-boxe-6-m\/","title":{"rendered":"Ring di boxe 6 m"},"content":{"rendered":"<p>Il ring da boxe a terra di 6 metri \u00e8 stato progettato appositamente per l&#8217;allenamento. \u00c8 robusto e durevole grazie ai materiali utilizzati per la sua costruzione.<br \/>\nModello: TQ2309\/1<\/p>\n<p>Dimensioni: 6000 \u00d7 6000 \u00d7 1482 mm<\/p>\n<p>Materiali: tessuto PU, schiuma, schiuma ad alta densit\u00e0, XPE, acciaio al carbonio di alta qualit\u00e0.<\/p>\n<p>Caratteristiche:<br \/>\n? Eccellente protezione, buona presa, resistente alla deformazione, durevole, elegante e raffinato, materiali ecologici, eccellente tecnologia di produzione;<br \/>\n? Realizzato con materiali di alta qualit\u00e0, struttura composita, facile da smontare e trasportare. Le corde che lo circondano sono realizzate in filo d&#8217;acciaio, tubo in schiuma, pelle PU e altri materiali, resistenti ed esteticamente gradevoli;<br \/>\n? Trattamento della superficie: tutte le parti metalliche sono decapate e fosfatate, quindi sabbiate e verniciate a spruzzo. Vengono utilizzate apparecchiature automatiche di spruzzatura elettrostatica delle polveri. Il rivestimento ha una buona resistenza agli agenti atmosferici,<br \/>\nun&#8217;elevata resistenza agli urti, una qualit\u00e0 stabile del rivestimento metallico, un&#8217;eccellente resistenza agli acidi e agli alcali, una resistenza all&#8217;umidit\u00e0 e al calore, una protezione anti-invecchiamento, ecc.<br \/>\nIl ring da boxe da 5 metri \u00e8 stato progettato appositamente per gli allenamenti. \u00c8 robusto e durevole grazie ai materiali utilizzati per la sua costruzione.         <\/p>\n","protected":false},"excerpt":{"rendered":"<p>Il ring da boxe a terra di 6 metri \u00e8 stato progettato appositamente per l&#8217;allenamento. \u00c8 robusto e durevole grazie ai materiali utilizzati per la sua costruzione. Modello: TQ2309\/1 Dimensioni: 6000 \u00d7 6000 \u00d7 1482 mm Materiali: tessuto PU, schiuma, schiuma ad alta densit\u00e0, XPE, acciaio al carbonio di alta qualit\u00e0. Caratteristiche: ? Eccellente protezione, [&hellip;]<\/p>\n","protected":false},"featured_media":669304,"comment_status":"open","ping_status":"closed","template":"","meta":{"inline_featured_image":false},"product_brand":[],"product_cat":[2032],"product_tag":[2528],"sport":[],"class_list":{"0":"post-669320","1":"product","2":"type-product","3":"status-publish","4":"has-post-thumbnail","6":"product_cat-attrezzatura-da-competizione","7":"product_tag-taishan","9":"first","10":"instock","11":"taxable","12":"shipping-taxable","13":"purchasable","14":"product-type-simple"},"yoast_head":"<!-- This site is optimized with the Yoast SEO plugin v27.2 - https:\/\/yoast.com\/product\/yoast-seo-wordpress\/ -->\n<title>Ring di boxe 6 m &#8211; Daisho<\/title>\n<meta name=\"robots\" content=\"index, follow, max-snippet:-1, max-image-preview:large, max-video-preview:-1\" \/>\n<link rel=\"canonical\" href=\"https:\/\/www.daisho.be\/it\/produit\/ring-di-boxe-6-m\/\" \/>\n<meta property=\"og:locale\" content=\"it_IT\" \/>\n<meta property=\"og:type\" content=\"article\" \/>\n<meta property=\"og:title\" content=\"Ring di boxe 6 m &#8211; Daisho\" \/>\n<meta property=\"og:description\" content=\"Il ring da boxe a terra di 6 metri \u00e8 stato progettato appositamente per l&#8217;allenamento. \u00c8 robusto e durevole grazie ai materiali utilizzati per la sua costruzione. Modello: TQ2309\/1 Dimensioni: 6000 \u00d7 6000 \u00d7 1482 mm Materiali: tessuto PU, schiuma, schiuma ad alta densit\u00e0, XPE, acciaio al carbonio di alta qualit\u00e0. Caratteristiche: ? Eccellente protezione, [&hellip;]\" \/>\n<meta property=\"og:url\" content=\"https:\/\/www.daisho.be\/it\/produit\/ring-di-boxe-6-m\/\" \/>\n<meta property=\"og:site_name\" content=\"Daisho\" \/>\n<meta property=\"og:image\" content=\"https:\/\/www.daisho.be\/wp-content\/uploads\/2026\/03\/image-30.jpg\" \/>\n\t<meta property=\"og:image:width\" content=\"654\" \/>\n\t<meta property=\"og:image:height\" content=\"291\" \/>\n\t<meta property=\"og:image:type\" content=\"image\/jpeg\" \/>\n<meta name=\"twitter:card\" content=\"summary_large_image\" \/>\n<meta name=\"twitter:label1\" content=\"Tempo di lettura stimato\" \/>\n\t<meta name=\"twitter:data1\" content=\"1 minuto\" \/>\n<script type=\"application\/ld+json\" class=\"yoast-schema-graph\">{\"@context\":\"https:\/\/schema.org\",\"@graph\":[{\"@type\":\"WebPage\",\"@id\":\"https:\/\/www.daisho.be\/it\/produit\/ring-di-boxe-6-m\/\",\"url\":\"https:\/\/www.daisho.be\/it\/produit\/ring-di-boxe-6-m\/\",\"name\":\"Ring di boxe 6 m &#8211; Daisho\",\"isPartOf\":{\"@id\":\"https:\/\/www.daisho.be\/it\/#website\"},\"primaryImageOfPage\":{\"@id\":\"https:\/\/www.daisho.be\/it\/produit\/ring-di-boxe-6-m\/#primaryimage\"},\"image\":{\"@id\":\"https:\/\/www.daisho.be\/it\/produit\/ring-di-boxe-6-m\/#primaryimage\"},\"thumbnailUrl\":\"https:\/\/www.daisho.be\/wp-content\/uploads\/2026\/03\/image-30.jpg\",\"datePublished\":\"2026-03-17T17:25:11+00:00\",\"breadcrumb\":{\"@id\":\"https:\/\/www.daisho.be\/it\/produit\/ring-di-boxe-6-m\/#breadcrumb\"},\"inLanguage\":\"it-IT\",\"potentialAction\":[{\"@type\":\"ReadAction\",\"target\":[\"https:\/\/www.daisho.be\/it\/produit\/ring-di-boxe-6-m\/\"]}]},{\"@type\":\"ImageObject\",\"inLanguage\":\"it-IT\",\"@id\":\"https:\/\/www.daisho.be\/it\/produit\/ring-di-boxe-6-m\/#primaryimage\",\"url\":\"https:\/\/www.daisho.be\/wp-content\/uploads\/2026\/03\/image-30.jpg\",\"contentUrl\":\"https:\/\/www.daisho.be\/wp-content\/uploads\/2026\/03\/image-30.jpg\",\"width\":654,\"height\":291,\"caption\":\"Ring de boxe au sol 6 m-1\"},{\"@type\":\"BreadcrumbList\",\"@id\":\"https:\/\/www.daisho.be\/it\/produit\/ring-di-boxe-6-m\/#breadcrumb\",\"itemListElement\":[{\"@type\":\"ListItem\",\"position\":1,\"name\":\"Accueil\",\"item\":\"https:\/\/www.daisho.be\/it\/\"},{\"@type\":\"ListItem\",\"position\":2,\"name\":\"Prodotti\",\"item\":\"https:\/\/www.daisho.be\/it\/prodotti\/\"},{\"@type\":\"ListItem\",\"position\":3,\"name\":\"Sport da combattimento\",\"item\":\"https:\/\/www.daisho.be\/it\/categorie-produit\/sport-da-combattimento\/\"},{\"@type\":\"ListItem\",\"position\":4,\"name\":\"Attrezzatura da competizione\",\"item\":\"https:\/\/www.daisho.be\/it\/categorie-produit\/sport-da-combattimento\/attrezzatura-da-competizione\/\"},{\"@type\":\"ListItem\",\"position\":5,\"name\":\"Ring di boxe 6 m\"}]},{\"@type\":\"WebSite\",\"@id\":\"https:\/\/www.daisho.be\/it\/#website\",\"url\":\"https:\/\/www.daisho.be\/it\/\",\"name\":\"Daisho\",\"description\":\"Sp&eacute;cialiste de l'&eacute;quipement sportif d'arts martiaux\",\"publisher\":{\"@id\":\"https:\/\/www.daisho.be\/it\/#organization\"},\"potentialAction\":[{\"@type\":\"SearchAction\",\"target\":{\"@type\":\"EntryPoint\",\"urlTemplate\":\"https:\/\/www.daisho.be\/it\/?s={search_term_string}\"},\"query-input\":{\"@type\":\"PropertyValueSpecification\",\"valueRequired\":true,\"valueName\":\"search_term_string\"}}],\"inLanguage\":\"it-IT\"},{\"@type\":\"Organization\",\"@id\":\"https:\/\/www.daisho.be\/it\/#organization\",\"name\":\"Daisho\",\"url\":\"https:\/\/www.daisho.be\/it\/\",\"logo\":{\"@type\":\"ImageObject\",\"inLanguage\":\"it-IT\",\"@id\":\"https:\/\/www.daisho.be\/it\/#\/schema\/logo\/image\/\",\"url\":\"https:\/\/www.daisho.be\/wp-content\/uploads\/2019\/07\/color-nothing-horizontale4x-e1564486100247.png\",\"contentUrl\":\"https:\/\/www.daisho.be\/wp-content\/uploads\/2019\/07\/color-nothing-horizontale4x-e1564486100247.png\",\"width\":1547,\"height\":385,\"caption\":\"Daisho\"},\"image\":{\"@id\":\"https:\/\/www.daisho.be\/it\/#\/schema\/logo\/image\/\"}}]}<\/script>\n<!-- \/ Yoast SEO plugin. -->","yoast_head_json":{"title":"Ring di boxe 6 m &#8211; Daisho","robots":{"index":"index","follow":"follow","max-snippet":"max-snippet:-1","max-image-preview":"max-image-preview:large","max-video-preview":"max-video-preview:-1"},"canonical":"https:\/\/www.daisho.be\/it\/produit\/ring-di-boxe-6-m\/","og_locale":"it_IT","og_type":"article","og_title":"Ring di boxe 6 m &#8211; Daisho","og_description":"Il ring da boxe a terra di 6 metri \u00e8 stato progettato appositamente per l&#8217;allenamento. \u00c8 robusto e durevole grazie ai materiali utilizzati per la sua costruzione. Modello: TQ2309\/1 Dimensioni: 6000 \u00d7 6000 \u00d7 1482 mm Materiali: tessuto PU, schiuma, schiuma ad alta densit\u00e0, XPE, acciaio al carbonio di alta qualit\u00e0. Caratteristiche: ? Eccellente protezione, [&hellip;]","og_url":"https:\/\/www.daisho.be\/it\/produit\/ring-di-boxe-6-m\/","og_site_name":"Daisho","og_image":[{"width":654,"height":291,"url":"https:\/\/www.daisho.be\/wp-content\/uploads\/2026\/03\/image-30.jpg","type":"image\/jpeg"}],"twitter_card":"summary_large_image","twitter_misc":{"Tempo di lettura stimato":"1 minuto"},"schema":{"@context":"https:\/\/schema.org","@graph":[{"@type":"WebPage","@id":"https:\/\/www.daisho.be\/it\/produit\/ring-di-boxe-6-m\/","url":"https:\/\/www.daisho.be\/it\/produit\/ring-di-boxe-6-m\/","name":"Ring di boxe 6 m &#8211; Daisho","isPartOf":{"@id":"https:\/\/www.daisho.be\/it\/#website"},"primaryImageOfPage":{"@id":"https:\/\/www.daisho.be\/it\/produit\/ring-di-boxe-6-m\/#primaryimage"},"image":{"@id":"https:\/\/www.daisho.be\/it\/produit\/ring-di-boxe-6-m\/#primaryimage"},"thumbnailUrl":"https:\/\/www.daisho.be\/wp-content\/uploads\/2026\/03\/image-30.jpg","datePublished":"2026-03-17T17:25:11+00:00","breadcrumb":{"@id":"https:\/\/www.daisho.be\/it\/produit\/ring-di-boxe-6-m\/#breadcrumb"},"inLanguage":"it-IT","potentialAction":[{"@type":"ReadAction","target":["https:\/\/www.daisho.be\/it\/produit\/ring-di-boxe-6-m\/"]}]},{"@type":"ImageObject","inLanguage":"it-IT","@id":"https:\/\/www.daisho.be\/it\/produit\/ring-di-boxe-6-m\/#primaryimage","url":"https:\/\/www.daisho.be\/wp-content\/uploads\/2026\/03\/image-30.jpg","contentUrl":"https:\/\/www.daisho.be\/wp-content\/uploads\/2026\/03\/image-30.jpg","width":654,"height":291,"caption":"Ring de boxe au sol 6 m-1"},{"@type":"BreadcrumbList","@id":"https:\/\/www.daisho.be\/it\/produit\/ring-di-boxe-6-m\/#breadcrumb","itemListElement":[{"@type":"ListItem","position":1,"name":"Accueil","item":"https:\/\/www.daisho.be\/it\/"},{"@type":"ListItem","position":2,"name":"Prodotti","item":"https:\/\/www.daisho.be\/it\/prodotti\/"},{"@type":"ListItem","position":3,"name":"Sport da combattimento","item":"https:\/\/www.daisho.be\/it\/categorie-produit\/sport-da-combattimento\/"},{"@type":"ListItem","position":4,"name":"Attrezzatura da competizione","item":"https:\/\/www.daisho.be\/it\/categorie-produit\/sport-da-combattimento\/attrezzatura-da-competizione\/"},{"@type":"ListItem","position":5,"name":"Ring di boxe 6 m"}]},{"@type":"WebSite","@id":"https:\/\/www.daisho.be\/it\/#website","url":"https:\/\/www.daisho.be\/it\/","name":"Daisho","description":"Sp&eacute;cialiste de l'&eacute;quipement sportif d'arts martiaux","publisher":{"@id":"https:\/\/www.daisho.be\/it\/#organization"},"potentialAction":[{"@type":"SearchAction","target":{"@type":"EntryPoint","urlTemplate":"https:\/\/www.daisho.be\/it\/?s={search_term_string}"},"query-input":{"@type":"PropertyValueSpecification","valueRequired":true,"valueName":"search_term_string"}}],"inLanguage":"it-IT"},{"@type":"Organization","@id":"https:\/\/www.daisho.be\/it\/#organization","name":"Daisho","url":"https:\/\/www.daisho.be\/it\/","logo":{"@type":"ImageObject","inLanguage":"it-IT","@id":"https:\/\/www.daisho.be\/it\/#\/schema\/logo\/image\/","url":"https:\/\/www.daisho.be\/wp-content\/uploads\/2019\/07\/color-nothing-horizontale4x-e1564486100247.png","contentUrl":"https:\/\/www.daisho.be\/wp-content\/uploads\/2019\/07\/color-nothing-horizontale4x-e1564486100247.png","width":1547,"height":385,"caption":"Daisho"},"image":{"@id":"https:\/\/www.daisho.be\/it\/#\/schema\/logo\/image\/"}}]}},"_links":{"self":[{"href":"https:\/\/www.daisho.be\/it\/wp-json\/wp\/v2\/product\/669320","targetHints":{"allow":["GET"]}}],"collection":[{"href":"https:\/\/www.daisho.be\/it\/wp-json\/wp\/v2\/product"}],"about":[{"href":"https:\/\/www.daisho.be\/it\/wp-json\/wp\/v2\/types\/product"}],"replies":[{"embeddable":true,"href":"https:\/\/www.daisho.be\/it\/wp-json\/wp\/v2\/comments?post=669320"}],"wp:featuredmedia":[{"embeddable":true,"href":"https:\/\/www.daisho.be\/it\/wp-json\/wp\/v2\/media\/669304"}],"wp:attachment":[{"href":"https:\/\/www.daisho.be\/it\/wp-json\/wp\/v2\/media?parent=669320"}],"wp:term":[{"taxonomy":"product_brand","embeddable":true,"href":"https:\/\/www.daisho.be\/it\/wp-json\/wp\/v2\/product_brand?post=669320"},{"taxonomy":"product_cat","embeddable":true,"href":"https:\/\/www.daisho.be\/it\/wp-json\/wp\/v2\/product_cat?post=669320"},{"taxonomy":"product_tag","embeddable":true,"href":"https:\/\/www.daisho.be\/it\/wp-json\/wp\/v2\/product_tag?post=669320"},{"taxonomy":"sport","embeddable":true,"href":"https:\/\/www.daisho.be\/it\/wp-json\/wp\/v2\/sport?post=669320"}],"curies":[{"name":"wp","href":"https:\/\/api.w.org\/{rel}","templated":true}]}}