{"id":664318,"date":"2026-03-02T11:27:45","date_gmt":"2026-03-02T10:27:45","guid":{"rendered":"https:\/\/www.daisho.be\/produit\/barra-da-ballo-mobile-professionale-con-altezza-regolabile-isa-3m-con-rotelle\/"},"modified":"2026-03-02T13:58:46","modified_gmt":"2026-03-02T12:58:46","slug":"barra-da-ballo-mobile-professionale-con-altezza-regolabile-isa-3m-con-rotelle","status":"publish","type":"product","link":"https:\/\/www.daisho.be\/it\/produit\/barra-da-ballo-mobile-professionale-con-altezza-regolabile-isa-3m-con-rotelle\/","title":{"rendered":"Barra da ballo mobile professionale con altezza regolabile Isa &#8211; 3m &#8211; con rotelle"},"content":{"rendered":"<p>Isa \u00e8 la sbarra mobile professionale regolabile in altezza pi\u00f9 popolare di Dinamica Ballet. Con due tipi di base disponibili (con e senza rotelle) e 14 altezze, la sbarra Isa ha conquistato la fiducia dei professionisti e degli appassionati di danza di tutto il mondo.<br \/>\nUna sbarra per ballerini di tutte le taglie e di tutti i livelli<br \/>\nLa sbarra Isa regolabile \u00e8 utilizzata sia nelle scuole di danza che nelle case private. Grazie allo spazio di 39 centimetri tra l&#8217;altezza minima e quella massima e all&#8217;eccellente stabilit\u00e0 delle sue basi in acciaio, questa sbarra \u00e8 adatta a ballerini di ogni et\u00e0, altezza e peso. Puoi regolare l&#8217;altezza della barra Isa in 14 posizioni diverse grazie a un meccanismo semplice e veloce. Le esclusive basi in acciaio della gamma professionale di Dinamica Ballet tengono la sbarra saldamente in posizione senza dover forare il legno, garantendo ore di allenamento senza problemi.<br \/>\nBase con o senza rotelle, a te la scelta<br \/>\nIsa fa parte della nostra gamma di sbarre mobili professionali. Offriamo due tipi di base in acciaio: una base con due ruote da 20 kg e una base piatta senza ruote da 10 kg. La base con rotelle in gomma ad alta densit\u00e0 offre una grande stabilit\u00e0 e ti permette di spostare la barra senza sforzo inclinandola di 45 gradi. La base piatta \u00e8 progettata in modo che tu possa spostare la barra sollevandola, senza che tocchi il pavimento.<br \/>\nIn entrambi i casi, le basi sono dotate di scivoli in PVC per proteggere il pavimento, anche se \u00e8 in legno. Se pensi di portare la barra Isa in tour o se hai bisogno di spostarla spesso, ti consigliamo il modello con rotelle. Se invece pensi di spostarla solo occasionalmente o se sei in due, la base piatta \u00e8 pi\u00f9 adatta. Il peso totale con le basi con rotelle e la barra di legno di 2 metri \u00e8 di 50 kg. Il peso totale del set con le basi senza rotelle \u00e8 di 31 kg.<br \/>\nAcciaio e legno, una combinazione perfetta di materiali per la danza<br \/>\nSecondo noi, perch\u00e9 una sbarra per la danza classica sia perfetta, deve essere realizzata in legno. Le nostre sbarre per danza classica sono realizzate in pino giallo proveniente da foreste sostenibili. Sono resistenti e leggermente flessibili, il che le rende ideali per gli esercizi di danza. Il nostro legno, perfettamente levigato e non verniciato, offre una sensazione piacevole al tatto, una buona presa e una bellezza naturale per perfezionare le tue giravolte. In combinazione con i nostri esclusivi supporti e zoccoli in acciaio, queste barre sono un prodotto di fiducia per i ballerini professionisti e amatoriali di tutto il mondo.<br \/>\nZoccoli con o senza rotelle<br \/>\nRegolabili a 14 altezze diverse<br \/>\nSupporto per una barra di legno               <\/p>\n","protected":false},"excerpt":{"rendered":"<p>Isa \u00e8 la sbarra mobile professionale regolabile in altezza pi\u00f9 popolare di Dinamica Ballet. Con due tipi di base disponibili (con e senza rotelle) e 14 altezze, la sbarra Isa ha conquistato la fiducia dei professionisti e degli appassionati di danza di tutto il mondo. Una sbarra per ballerini di tutte le taglie e di [&hellip;]<\/p>\n","protected":false},"featured_media":664555,"comment_status":"open","ping_status":"closed","template":"","meta":{"inline_featured_image":false},"product_brand":[],"product_cat":[2355],"product_tag":[2346],"sport":[],"class_list":{"0":"post-664318","1":"product","2":"type-product","3":"status-publish","4":"has-post-thumbnail","6":"product_cat-altro","7":"product_tag-dinamica-balletto","9":"first","10":"instock","11":"taxable","12":"shipping-taxable","13":"purchasable","14":"product-type-simple"},"yoast_head":"<!-- This site is optimized with the Yoast SEO plugin v27.2 - https:\/\/yoast.com\/product\/yoast-seo-wordpress\/ -->\n<title>Barra da ballo mobile professionale con altezza regolabile Isa - 3m - con rotelle &#8211; Daisho<\/title>\n<meta name=\"description\" content=\"Barra da ballo mobile Isa professionale regolabile a 14 altezze su rotelle, adatta a tutti i livelli. Trovala su www.daisho.be | Daisho\" \/>\n<meta name=\"robots\" content=\"index, follow, max-snippet:-1, max-image-preview:large, max-video-preview:-1\" \/>\n<link rel=\"canonical\" href=\"https:\/\/www.daisho.be\/it\/produit\/barra-da-ballo-mobile-professionale-con-altezza-regolabile-isa-3m-con-rotelle\/\" \/>\n<meta property=\"og:locale\" content=\"it_IT\" \/>\n<meta property=\"og:type\" content=\"article\" \/>\n<meta property=\"og:title\" content=\"Barra da ballo mobile professionale con altezza regolabile Isa - 3m - con rotelle &#8211; Daisho\" \/>\n<meta property=\"og:description\" content=\"Barra da ballo mobile Isa professionale regolabile a 14 altezze su rotelle, adatta a tutti i livelli. Trovala su www.daisho.be | Daisho\" \/>\n<meta property=\"og:url\" content=\"https:\/\/www.daisho.be\/it\/produit\/barra-da-ballo-mobile-professionale-con-altezza-regolabile-isa-3m-con-rotelle\/\" \/>\n<meta property=\"og:site_name\" content=\"Daisho\" \/>\n<meta property=\"article:modified_time\" content=\"2026-03-02T12:58:46+00:00\" \/>\n<meta property=\"og:image\" content=\"https:\/\/www.daisho.be\/wp-content\/uploads\/2026\/03\/image.png\" \/>\n\t<meta property=\"og:image:width\" content=\"2048\" \/>\n\t<meta property=\"og:image:height\" content=\"1365\" \/>\n\t<meta property=\"og:image:type\" content=\"image\/png\" \/>\n<meta name=\"twitter:card\" content=\"summary_large_image\" \/>\n<meta name=\"twitter:label1\" content=\"Tempo di lettura stimato\" \/>\n\t<meta name=\"twitter:data1\" content=\"2 minuti\" \/>\n<script type=\"application\/ld+json\" class=\"yoast-schema-graph\">{\"@context\":\"https:\/\/schema.org\",\"@graph\":[{\"@type\":\"WebPage\",\"@id\":\"https:\/\/www.daisho.be\/it\/produit\/barra-da-ballo-mobile-professionale-con-altezza-regolabile-isa-3m-con-rotelle\/\",\"url\":\"https:\/\/www.daisho.be\/it\/produit\/barra-da-ballo-mobile-professionale-con-altezza-regolabile-isa-3m-con-rotelle\/\",\"name\":\"Barra da ballo mobile professionale con altezza regolabile Isa - 3m - con rotelle &#8211; Daisho\",\"isPartOf\":{\"@id\":\"https:\/\/www.daisho.be\/it\/#website\"},\"primaryImageOfPage\":{\"@id\":\"https:\/\/www.daisho.be\/it\/produit\/barra-da-ballo-mobile-professionale-con-altezza-regolabile-isa-3m-con-rotelle\/#primaryimage\"},\"image\":{\"@id\":\"https:\/\/www.daisho.be\/it\/produit\/barra-da-ballo-mobile-professionale-con-altezza-regolabile-isa-3m-con-rotelle\/#primaryimage\"},\"thumbnailUrl\":\"https:\/\/www.daisho.be\/wp-content\/uploads\/2026\/03\/image.png\",\"datePublished\":\"2026-03-02T10:27:45+00:00\",\"dateModified\":\"2026-03-02T12:58:46+00:00\",\"description\":\"Barra da ballo mobile Isa professionale regolabile a 14 altezze su rotelle, adatta a tutti i livelli. Trovala su www.daisho.be | Daisho\",\"breadcrumb\":{\"@id\":\"https:\/\/www.daisho.be\/it\/produit\/barra-da-ballo-mobile-professionale-con-altezza-regolabile-isa-3m-con-rotelle\/#breadcrumb\"},\"inLanguage\":\"it-IT\",\"potentialAction\":[{\"@type\":\"ReadAction\",\"target\":[\"https:\/\/www.daisho.be\/it\/produit\/barra-da-ballo-mobile-professionale-con-altezza-regolabile-isa-3m-con-rotelle\/\"]}]},{\"@type\":\"ImageObject\",\"inLanguage\":\"it-IT\",\"@id\":\"https:\/\/www.daisho.be\/it\/produit\/barra-da-ballo-mobile-professionale-con-altezza-regolabile-isa-3m-con-rotelle\/#primaryimage\",\"url\":\"https:\/\/www.daisho.be\/wp-content\/uploads\/2026\/03\/image.png\",\"contentUrl\":\"https:\/\/www.daisho.be\/wp-content\/uploads\/2026\/03\/image.png\",\"width\":2048,\"height\":1365,\"caption\":\"Barra da ballo mobile professionale con altezza regolabile Isa - 3 m - con rotelle-1\"},{\"@type\":\"BreadcrumbList\",\"@id\":\"https:\/\/www.daisho.be\/it\/produit\/barra-da-ballo-mobile-professionale-con-altezza-regolabile-isa-3m-con-rotelle\/#breadcrumb\",\"itemListElement\":[{\"@type\":\"ListItem\",\"position\":1,\"name\":\"Accueil\",\"item\":\"https:\/\/www.daisho.be\/it\/\"},{\"@type\":\"ListItem\",\"position\":2,\"name\":\"Prodotti\",\"item\":\"https:\/\/www.daisho.be\/it\/prodotti\/\"},{\"@type\":\"ListItem\",\"position\":3,\"name\":\"Altro\",\"item\":\"https:\/\/www.daisho.be\/it\/categorie-produit\/altro\/\"},{\"@type\":\"ListItem\",\"position\":4,\"name\":\"Barra da ballo mobile professionale con altezza regolabile Isa &#8211; 3m &#8211; con rotelle\"}]},{\"@type\":\"WebSite\",\"@id\":\"https:\/\/www.daisho.be\/it\/#website\",\"url\":\"https:\/\/www.daisho.be\/it\/\",\"name\":\"Daisho\",\"description\":\"Sp&eacute;cialiste de l'&eacute;quipement sportif d'arts martiaux\",\"publisher\":{\"@id\":\"https:\/\/www.daisho.be\/it\/#organization\"},\"potentialAction\":[{\"@type\":\"SearchAction\",\"target\":{\"@type\":\"EntryPoint\",\"urlTemplate\":\"https:\/\/www.daisho.be\/it\/?s={search_term_string}\"},\"query-input\":{\"@type\":\"PropertyValueSpecification\",\"valueRequired\":true,\"valueName\":\"search_term_string\"}}],\"inLanguage\":\"it-IT\"},{\"@type\":\"Organization\",\"@id\":\"https:\/\/www.daisho.be\/it\/#organization\",\"name\":\"Daisho\",\"url\":\"https:\/\/www.daisho.be\/it\/\",\"logo\":{\"@type\":\"ImageObject\",\"inLanguage\":\"it-IT\",\"@id\":\"https:\/\/www.daisho.be\/it\/#\/schema\/logo\/image\/\",\"url\":\"https:\/\/www.daisho.be\/wp-content\/uploads\/2019\/07\/color-nothing-horizontale4x-e1564486100247.png\",\"contentUrl\":\"https:\/\/www.daisho.be\/wp-content\/uploads\/2019\/07\/color-nothing-horizontale4x-e1564486100247.png\",\"width\":1547,\"height\":385,\"caption\":\"Daisho\"},\"image\":{\"@id\":\"https:\/\/www.daisho.be\/it\/#\/schema\/logo\/image\/\"}}]}<\/script>\n<!-- \/ Yoast SEO plugin. -->","yoast_head_json":{"title":"Barra da ballo mobile professionale con altezza regolabile Isa - 3m - con rotelle &#8211; Daisho","description":"Barra da ballo mobile Isa professionale regolabile a 14 altezze su rotelle, adatta a tutti i livelli. Trovala su www.daisho.be | Daisho","robots":{"index":"index","follow":"follow","max-snippet":"max-snippet:-1","max-image-preview":"max-image-preview:large","max-video-preview":"max-video-preview:-1"},"canonical":"https:\/\/www.daisho.be\/it\/produit\/barra-da-ballo-mobile-professionale-con-altezza-regolabile-isa-3m-con-rotelle\/","og_locale":"it_IT","og_type":"article","og_title":"Barra da ballo mobile professionale con altezza regolabile Isa - 3m - con rotelle &#8211; Daisho","og_description":"Barra da ballo mobile Isa professionale regolabile a 14 altezze su rotelle, adatta a tutti i livelli. Trovala su www.daisho.be | Daisho","og_url":"https:\/\/www.daisho.be\/it\/produit\/barra-da-ballo-mobile-professionale-con-altezza-regolabile-isa-3m-con-rotelle\/","og_site_name":"Daisho","article_modified_time":"2026-03-02T12:58:46+00:00","og_image":[{"width":2048,"height":1365,"url":"https:\/\/www.daisho.be\/wp-content\/uploads\/2026\/03\/image.png","type":"image\/png"}],"twitter_card":"summary_large_image","twitter_misc":{"Tempo di lettura stimato":"2 minuti"},"schema":{"@context":"https:\/\/schema.org","@graph":[{"@type":"WebPage","@id":"https:\/\/www.daisho.be\/it\/produit\/barra-da-ballo-mobile-professionale-con-altezza-regolabile-isa-3m-con-rotelle\/","url":"https:\/\/www.daisho.be\/it\/produit\/barra-da-ballo-mobile-professionale-con-altezza-regolabile-isa-3m-con-rotelle\/","name":"Barra da ballo mobile professionale con altezza regolabile Isa - 3m - con rotelle &#8211; Daisho","isPartOf":{"@id":"https:\/\/www.daisho.be\/it\/#website"},"primaryImageOfPage":{"@id":"https:\/\/www.daisho.be\/it\/produit\/barra-da-ballo-mobile-professionale-con-altezza-regolabile-isa-3m-con-rotelle\/#primaryimage"},"image":{"@id":"https:\/\/www.daisho.be\/it\/produit\/barra-da-ballo-mobile-professionale-con-altezza-regolabile-isa-3m-con-rotelle\/#primaryimage"},"thumbnailUrl":"https:\/\/www.daisho.be\/wp-content\/uploads\/2026\/03\/image.png","datePublished":"2026-03-02T10:27:45+00:00","dateModified":"2026-03-02T12:58:46+00:00","description":"Barra da ballo mobile Isa professionale regolabile a 14 altezze su rotelle, adatta a tutti i livelli. Trovala su www.daisho.be | Daisho","breadcrumb":{"@id":"https:\/\/www.daisho.be\/it\/produit\/barra-da-ballo-mobile-professionale-con-altezza-regolabile-isa-3m-con-rotelle\/#breadcrumb"},"inLanguage":"it-IT","potentialAction":[{"@type":"ReadAction","target":["https:\/\/www.daisho.be\/it\/produit\/barra-da-ballo-mobile-professionale-con-altezza-regolabile-isa-3m-con-rotelle\/"]}]},{"@type":"ImageObject","inLanguage":"it-IT","@id":"https:\/\/www.daisho.be\/it\/produit\/barra-da-ballo-mobile-professionale-con-altezza-regolabile-isa-3m-con-rotelle\/#primaryimage","url":"https:\/\/www.daisho.be\/wp-content\/uploads\/2026\/03\/image.png","contentUrl":"https:\/\/www.daisho.be\/wp-content\/uploads\/2026\/03\/image.png","width":2048,"height":1365,"caption":"Barra da ballo mobile professionale con altezza regolabile Isa - 3 m - con rotelle-1"},{"@type":"BreadcrumbList","@id":"https:\/\/www.daisho.be\/it\/produit\/barra-da-ballo-mobile-professionale-con-altezza-regolabile-isa-3m-con-rotelle\/#breadcrumb","itemListElement":[{"@type":"ListItem","position":1,"name":"Accueil","item":"https:\/\/www.daisho.be\/it\/"},{"@type":"ListItem","position":2,"name":"Prodotti","item":"https:\/\/www.daisho.be\/it\/prodotti\/"},{"@type":"ListItem","position":3,"name":"Altro","item":"https:\/\/www.daisho.be\/it\/categorie-produit\/altro\/"},{"@type":"ListItem","position":4,"name":"Barra da ballo mobile professionale con altezza regolabile Isa &#8211; 3m &#8211; con rotelle"}]},{"@type":"WebSite","@id":"https:\/\/www.daisho.be\/it\/#website","url":"https:\/\/www.daisho.be\/it\/","name":"Daisho","description":"Sp&eacute;cialiste de l'&eacute;quipement sportif d'arts martiaux","publisher":{"@id":"https:\/\/www.daisho.be\/it\/#organization"},"potentialAction":[{"@type":"SearchAction","target":{"@type":"EntryPoint","urlTemplate":"https:\/\/www.daisho.be\/it\/?s={search_term_string}"},"query-input":{"@type":"PropertyValueSpecification","valueRequired":true,"valueName":"search_term_string"}}],"inLanguage":"it-IT"},{"@type":"Organization","@id":"https:\/\/www.daisho.be\/it\/#organization","name":"Daisho","url":"https:\/\/www.daisho.be\/it\/","logo":{"@type":"ImageObject","inLanguage":"it-IT","@id":"https:\/\/www.daisho.be\/it\/#\/schema\/logo\/image\/","url":"https:\/\/www.daisho.be\/wp-content\/uploads\/2019\/07\/color-nothing-horizontale4x-e1564486100247.png","contentUrl":"https:\/\/www.daisho.be\/wp-content\/uploads\/2019\/07\/color-nothing-horizontale4x-e1564486100247.png","width":1547,"height":385,"caption":"Daisho"},"image":{"@id":"https:\/\/www.daisho.be\/it\/#\/schema\/logo\/image\/"}}]}},"_links":{"self":[{"href":"https:\/\/www.daisho.be\/it\/wp-json\/wp\/v2\/product\/664318","targetHints":{"allow":["GET"]}}],"collection":[{"href":"https:\/\/www.daisho.be\/it\/wp-json\/wp\/v2\/product"}],"about":[{"href":"https:\/\/www.daisho.be\/it\/wp-json\/wp\/v2\/types\/product"}],"replies":[{"embeddable":true,"href":"https:\/\/www.daisho.be\/it\/wp-json\/wp\/v2\/comments?post=664318"}],"wp:featuredmedia":[{"embeddable":true,"href":"https:\/\/www.daisho.be\/it\/wp-json\/wp\/v2\/media\/664555"}],"wp:attachment":[{"href":"https:\/\/www.daisho.be\/it\/wp-json\/wp\/v2\/media?parent=664318"}],"wp:term":[{"taxonomy":"product_brand","embeddable":true,"href":"https:\/\/www.daisho.be\/it\/wp-json\/wp\/v2\/product_brand?post=664318"},{"taxonomy":"product_cat","embeddable":true,"href":"https:\/\/www.daisho.be\/it\/wp-json\/wp\/v2\/product_cat?post=664318"},{"taxonomy":"product_tag","embeddable":true,"href":"https:\/\/www.daisho.be\/it\/wp-json\/wp\/v2\/product_tag?post=664318"},{"taxonomy":"sport","embeddable":true,"href":"https:\/\/www.daisho.be\/it\/wp-json\/wp\/v2\/sport?post=664318"}],"curies":[{"name":"wp","href":"https:\/\/api.w.org\/{rel}","templated":true}]}}