{"id":651150,"date":"2026-01-06T13:26:25","date_gmt":"2026-01-06T12:26:25","guid":{"rendered":"https:\/\/www.daisho.be\/produit\/palla-a-spillo\/"},"modified":"2026-03-10T14:44:32","modified_gmt":"2026-03-10T13:44:32","slug":"palla-a-spillo","status":"publish","type":"product","link":"https:\/\/www.daisho.be\/it\/produit\/palla-a-spillo\/","title":{"rendered":"PALLA A SPILLO"},"content":{"rendered":"<p>Spinball, strumento di allenamento per mani e braccia, \u00d8 70 mm, 255 g.<\/p>\n<p>Ruota il rotore fino a 12.000 giri al minuto, semplicemente usando la forza muscolare. Maggiore \u00e8 la velocit\u00e0, migliore \u00e8 l&#8217;effetto. La forza massima raggiungibile \u00e8 di 15,0 kg.  <\/p>\n<p style=\"font-weight: 400\">Con questa piccola palla puoi allenare la forza della parte inferiore e superiore delle braccia, delle spalle, del petto e delle mani.<\/p>\n","protected":false},"excerpt":{"rendered":"<p>Spinball, strumento di allenamento per mani e braccia, \u00d8 70 mm, 255 g. Ruota il rotore fino a 12.000 giri al minuto, semplicemente usando la forza muscolare. Maggiore \u00e8 la velocit\u00e0, migliore \u00e8 l&#8217;effetto. La forza massima raggiungibile \u00e8 di 15,0 kg. Con questa piccola palla puoi allenare la forza della parte inferiore e superiore [&hellip;]<\/p>\n","protected":false},"featured_media":667178,"comment_status":"open","ping_status":"closed","template":"","meta":{"inline_featured_image":false},"product_brand":[],"product_cat":[2048,2208],"product_tag":[2195],"sport":[],"class_list":{"0":"post-651150","1":"product","2":"type-product","3":"status-publish","4":"has-post-thumbnail","6":"product_cat-attrezzature-per-la-formazione","7":"product_cat-terapia-del-massaggio","8":"product_tag-schildkrot-it","9":"pa_size-sans-taille-defaut","11":"first","12":"instock","13":"sale","14":"taxable","15":"shipping-taxable","16":"purchasable","17":"product-type-variable"},"yoast_head":"<!-- This site is optimized with the Yoast SEO plugin v27.2 - https:\/\/yoast.com\/product\/yoast-seo-wordpress\/ -->\n<title>PALLA A SPILLO &#8211; Daisho<\/title>\n<meta name=\"description\" content=\"Scopri la spin ball di SCHILDKR\u00d6T. Ti permette di allenare la parte superiore del corpo e soprattutto le mani e le braccia. Scoprila su www.daisho.be\" \/>\n<meta name=\"robots\" content=\"index, follow, max-snippet:-1, max-image-preview:large, max-video-preview:-1\" \/>\n<link rel=\"canonical\" href=\"https:\/\/www.daisho.be\/it\/produit\/palla-a-spillo\/\" \/>\n<meta property=\"og:locale\" content=\"it_IT\" \/>\n<meta property=\"og:type\" content=\"article\" \/>\n<meta property=\"og:title\" content=\"PALLA A SPILLO &#8211; Daisho\" \/>\n<meta property=\"og:description\" content=\"Scopri la spin ball di SCHILDKR\u00d6T. Ti permette di allenare la parte superiore del corpo e soprattutto le mani e le braccia. Scoprila su www.daisho.be\" \/>\n<meta property=\"og:url\" content=\"https:\/\/www.daisho.be\/it\/produit\/palla-a-spillo\/\" \/>\n<meta property=\"og:site_name\" content=\"Daisho\" \/>\n<meta property=\"article:modified_time\" content=\"2026-03-10T13:44:32+00:00\" \/>\n<meta property=\"og:image\" content=\"https:\/\/www.daisho.be\/wp-content\/uploads\/2026\/01\/image-14.png\" \/>\n\t<meta property=\"og:image:width\" content=\"478\" \/>\n\t<meta property=\"og:image:height\" content=\"463\" \/>\n\t<meta property=\"og:image:type\" content=\"image\/png\" \/>\n<meta name=\"twitter:card\" content=\"summary_large_image\" \/>\n<script type=\"application\/ld+json\" class=\"yoast-schema-graph\">{\"@context\":\"https:\/\/schema.org\",\"@graph\":[{\"@type\":\"WebPage\",\"@id\":\"https:\/\/www.daisho.be\/it\/produit\/palla-a-spillo\/\",\"url\":\"https:\/\/www.daisho.be\/it\/produit\/palla-a-spillo\/\",\"name\":\"PALLA A SPILLO &#8211; Daisho\",\"isPartOf\":{\"@id\":\"https:\/\/www.daisho.be\/it\/#website\"},\"primaryImageOfPage\":{\"@id\":\"https:\/\/www.daisho.be\/it\/produit\/palla-a-spillo\/#primaryimage\"},\"image\":{\"@id\":\"https:\/\/www.daisho.be\/it\/produit\/palla-a-spillo\/#primaryimage\"},\"thumbnailUrl\":\"https:\/\/www.daisho.be\/wp-content\/uploads\/2026\/01\/image-14.png\",\"datePublished\":\"2026-01-06T12:26:25+00:00\",\"dateModified\":\"2026-03-10T13:44:32+00:00\",\"description\":\"Scopri la spin ball di SCHILDKR\u00d6T. Ti permette di allenare la parte superiore del corpo e soprattutto le mani e le braccia. Scoprila su www.daisho.be\",\"breadcrumb\":{\"@id\":\"https:\/\/www.daisho.be\/it\/produit\/palla-a-spillo\/#breadcrumb\"},\"inLanguage\":\"it-IT\",\"potentialAction\":[{\"@type\":\"ReadAction\",\"target\":[\"https:\/\/www.daisho.be\/it\/produit\/palla-a-spillo\/\"]}]},{\"@type\":\"ImageObject\",\"inLanguage\":\"it-IT\",\"@id\":\"https:\/\/www.daisho.be\/it\/produit\/palla-a-spillo\/#primaryimage\",\"url\":\"https:\/\/www.daisho.be\/wp-content\/uploads\/2026\/01\/image-14.png\",\"contentUrl\":\"https:\/\/www.daisho.be\/wp-content\/uploads\/2026\/01\/image-14.png\",\"width\":478,\"height\":463,\"caption\":\"PALLA DA SPINNING-1\"},{\"@type\":\"BreadcrumbList\",\"@id\":\"https:\/\/www.daisho.be\/it\/produit\/palla-a-spillo\/#breadcrumb\",\"itemListElement\":[{\"@type\":\"ListItem\",\"position\":1,\"name\":\"Accueil\",\"item\":\"https:\/\/www.daisho.be\/it\/\"},{\"@type\":\"ListItem\",\"position\":2,\"name\":\"Prodotti\",\"item\":\"https:\/\/www.daisho.be\/it\/prodotti\/\"},{\"@type\":\"ListItem\",\"position\":3,\"name\":\"Sport da combattimento\",\"item\":\"https:\/\/www.daisho.be\/it\/categorie-produit\/sport-da-combattimento\/\"},{\"@type\":\"ListItem\",\"position\":4,\"name\":\"Attrezzature per la formazione\",\"item\":\"https:\/\/www.daisho.be\/it\/categorie-produit\/sport-da-combattimento\/attrezzature-per-la-formazione\/\"},{\"@type\":\"ListItem\",\"position\":5,\"name\":\"PALLA A SPILLO\"}]},{\"@type\":\"WebSite\",\"@id\":\"https:\/\/www.daisho.be\/it\/#website\",\"url\":\"https:\/\/www.daisho.be\/it\/\",\"name\":\"Daisho\",\"description\":\"Sp&eacute;cialiste de l'&eacute;quipement sportif d'arts martiaux\",\"publisher\":{\"@id\":\"https:\/\/www.daisho.be\/it\/#organization\"},\"potentialAction\":[{\"@type\":\"SearchAction\",\"target\":{\"@type\":\"EntryPoint\",\"urlTemplate\":\"https:\/\/www.daisho.be\/it\/?s={search_term_string}\"},\"query-input\":{\"@type\":\"PropertyValueSpecification\",\"valueRequired\":true,\"valueName\":\"search_term_string\"}}],\"inLanguage\":\"it-IT\"},{\"@type\":\"Organization\",\"@id\":\"https:\/\/www.daisho.be\/it\/#organization\",\"name\":\"Daisho\",\"url\":\"https:\/\/www.daisho.be\/it\/\",\"logo\":{\"@type\":\"ImageObject\",\"inLanguage\":\"it-IT\",\"@id\":\"https:\/\/www.daisho.be\/it\/#\/schema\/logo\/image\/\",\"url\":\"https:\/\/www.daisho.be\/wp-content\/uploads\/2019\/07\/color-nothing-horizontale4x-e1564486100247.png\",\"contentUrl\":\"https:\/\/www.daisho.be\/wp-content\/uploads\/2019\/07\/color-nothing-horizontale4x-e1564486100247.png\",\"width\":1547,\"height\":385,\"caption\":\"Daisho\"},\"image\":{\"@id\":\"https:\/\/www.daisho.be\/it\/#\/schema\/logo\/image\/\"}}]}<\/script>\n<!-- \/ Yoast SEO plugin. -->","yoast_head_json":{"title":"PALLA A SPILLO &#8211; Daisho","description":"Scopri la spin ball di SCHILDKR\u00d6T. Ti permette di allenare la parte superiore del corpo e soprattutto le mani e le braccia. Scoprila su www.daisho.be","robots":{"index":"index","follow":"follow","max-snippet":"max-snippet:-1","max-image-preview":"max-image-preview:large","max-video-preview":"max-video-preview:-1"},"canonical":"https:\/\/www.daisho.be\/it\/produit\/palla-a-spillo\/","og_locale":"it_IT","og_type":"article","og_title":"PALLA A SPILLO &#8211; Daisho","og_description":"Scopri la spin ball di SCHILDKR\u00d6T. Ti permette di allenare la parte superiore del corpo e soprattutto le mani e le braccia. Scoprila su www.daisho.be","og_url":"https:\/\/www.daisho.be\/it\/produit\/palla-a-spillo\/","og_site_name":"Daisho","article_modified_time":"2026-03-10T13:44:32+00:00","og_image":[{"width":478,"height":463,"url":"https:\/\/www.daisho.be\/wp-content\/uploads\/2026\/01\/image-14.png","type":"image\/png"}],"twitter_card":"summary_large_image","schema":{"@context":"https:\/\/schema.org","@graph":[{"@type":"WebPage","@id":"https:\/\/www.daisho.be\/it\/produit\/palla-a-spillo\/","url":"https:\/\/www.daisho.be\/it\/produit\/palla-a-spillo\/","name":"PALLA A SPILLO &#8211; Daisho","isPartOf":{"@id":"https:\/\/www.daisho.be\/it\/#website"},"primaryImageOfPage":{"@id":"https:\/\/www.daisho.be\/it\/produit\/palla-a-spillo\/#primaryimage"},"image":{"@id":"https:\/\/www.daisho.be\/it\/produit\/palla-a-spillo\/#primaryimage"},"thumbnailUrl":"https:\/\/www.daisho.be\/wp-content\/uploads\/2026\/01\/image-14.png","datePublished":"2026-01-06T12:26:25+00:00","dateModified":"2026-03-10T13:44:32+00:00","description":"Scopri la spin ball di SCHILDKR\u00d6T. Ti permette di allenare la parte superiore del corpo e soprattutto le mani e le braccia. Scoprila su www.daisho.be","breadcrumb":{"@id":"https:\/\/www.daisho.be\/it\/produit\/palla-a-spillo\/#breadcrumb"},"inLanguage":"it-IT","potentialAction":[{"@type":"ReadAction","target":["https:\/\/www.daisho.be\/it\/produit\/palla-a-spillo\/"]}]},{"@type":"ImageObject","inLanguage":"it-IT","@id":"https:\/\/www.daisho.be\/it\/produit\/palla-a-spillo\/#primaryimage","url":"https:\/\/www.daisho.be\/wp-content\/uploads\/2026\/01\/image-14.png","contentUrl":"https:\/\/www.daisho.be\/wp-content\/uploads\/2026\/01\/image-14.png","width":478,"height":463,"caption":"PALLA DA SPINNING-1"},{"@type":"BreadcrumbList","@id":"https:\/\/www.daisho.be\/it\/produit\/palla-a-spillo\/#breadcrumb","itemListElement":[{"@type":"ListItem","position":1,"name":"Accueil","item":"https:\/\/www.daisho.be\/it\/"},{"@type":"ListItem","position":2,"name":"Prodotti","item":"https:\/\/www.daisho.be\/it\/prodotti\/"},{"@type":"ListItem","position":3,"name":"Sport da combattimento","item":"https:\/\/www.daisho.be\/it\/categorie-produit\/sport-da-combattimento\/"},{"@type":"ListItem","position":4,"name":"Attrezzature per la formazione","item":"https:\/\/www.daisho.be\/it\/categorie-produit\/sport-da-combattimento\/attrezzature-per-la-formazione\/"},{"@type":"ListItem","position":5,"name":"PALLA A SPILLO"}]},{"@type":"WebSite","@id":"https:\/\/www.daisho.be\/it\/#website","url":"https:\/\/www.daisho.be\/it\/","name":"Daisho","description":"Sp&eacute;cialiste de l'&eacute;quipement sportif d'arts martiaux","publisher":{"@id":"https:\/\/www.daisho.be\/it\/#organization"},"potentialAction":[{"@type":"SearchAction","target":{"@type":"EntryPoint","urlTemplate":"https:\/\/www.daisho.be\/it\/?s={search_term_string}"},"query-input":{"@type":"PropertyValueSpecification","valueRequired":true,"valueName":"search_term_string"}}],"inLanguage":"it-IT"},{"@type":"Organization","@id":"https:\/\/www.daisho.be\/it\/#organization","name":"Daisho","url":"https:\/\/www.daisho.be\/it\/","logo":{"@type":"ImageObject","inLanguage":"it-IT","@id":"https:\/\/www.daisho.be\/it\/#\/schema\/logo\/image\/","url":"https:\/\/www.daisho.be\/wp-content\/uploads\/2019\/07\/color-nothing-horizontale4x-e1564486100247.png","contentUrl":"https:\/\/www.daisho.be\/wp-content\/uploads\/2019\/07\/color-nothing-horizontale4x-e1564486100247.png","width":1547,"height":385,"caption":"Daisho"},"image":{"@id":"https:\/\/www.daisho.be\/it\/#\/schema\/logo\/image\/"}}]}},"_links":{"self":[{"href":"https:\/\/www.daisho.be\/it\/wp-json\/wp\/v2\/product\/651150","targetHints":{"allow":["GET"]}}],"collection":[{"href":"https:\/\/www.daisho.be\/it\/wp-json\/wp\/v2\/product"}],"about":[{"href":"https:\/\/www.daisho.be\/it\/wp-json\/wp\/v2\/types\/product"}],"replies":[{"embeddable":true,"href":"https:\/\/www.daisho.be\/it\/wp-json\/wp\/v2\/comments?post=651150"}],"wp:featuredmedia":[{"embeddable":true,"href":"https:\/\/www.daisho.be\/it\/wp-json\/wp\/v2\/media\/667178"}],"wp:attachment":[{"href":"https:\/\/www.daisho.be\/it\/wp-json\/wp\/v2\/media?parent=651150"}],"wp:term":[{"taxonomy":"product_brand","embeddable":true,"href":"https:\/\/www.daisho.be\/it\/wp-json\/wp\/v2\/product_brand?post=651150"},{"taxonomy":"product_cat","embeddable":true,"href":"https:\/\/www.daisho.be\/it\/wp-json\/wp\/v2\/product_cat?post=651150"},{"taxonomy":"product_tag","embeddable":true,"href":"https:\/\/www.daisho.be\/it\/wp-json\/wp\/v2\/product_tag?post=651150"},{"taxonomy":"sport","embeddable":true,"href":"https:\/\/www.daisho.be\/it\/wp-json\/wp\/v2\/sport?post=651150"}],"curies":[{"name":"wp","href":"https:\/\/api.w.org\/{rel}","templated":true}]}}