{"id":650354,"date":"2026-01-03T17:35:40","date_gmt":"2026-01-03T16:35:40","guid":{"rendered":"https:\/\/www.daisho.be\/produit\/rullo-per-addominali\/"},"modified":"2026-01-03T17:35:40","modified_gmt":"2026-01-03T16:35:40","slug":"rullo-per-addominali","status":"publish","type":"product","link":"https:\/\/www.daisho.be\/it\/produit\/rullo-per-addominali\/","title":{"rendered":"Rullo per addominali"},"content":{"rendered":"<p>Il suo design triangolare e la ruota posteriore pi\u00f9 larga garantiscono una maggiore stabilit\u00e0 rispetto alla tradizionale Ab Wheel.<br \/>\nComodit\u00e0 ottimale dell&#8217;impugnatura.<br \/>\nSistema pieghevole.<br \/>\n. Lunghezza: 34 cm<br \/>\n. Larghezza: 23 cm<br \/>\n. Altezza: 12 cm<br \/>\n. Diametro dell&#8217;impugnatura: 3,5 cm<br \/>\n. Peso massimo: 130 kg<br \/>\n. Peso: 1 kg<br \/>\n. Composizione: polipropilene. schiuma PU<\/p>\n","protected":false},"excerpt":{"rendered":"<p>Il suo design triangolare e la ruota posteriore pi\u00f9 larga garantiscono una maggiore stabilit\u00e0 rispetto alla tradizionale Ab Wheel. Comodit\u00e0 ottimale dell&#8217;impugnatura. Sistema pieghevole. . Lunghezza: 34 cm . Larghezza: 23 cm . Altezza: 12 cm . Diametro dell&#8217;impugnatura: 3,5 cm . Peso massimo: 130 kg . Peso: 1 kg . Composizione: polipropilene. schiuma PU<\/p>\n","protected":false},"featured_media":650338,"comment_status":"open","ping_status":"closed","template":"","meta":{"inline_featured_image":false},"product_brand":[],"product_cat":[2048,2563],"product_tag":[2222],"sport":[],"class_list":{"0":"post-650354","1":"product","2":"type-product","3":"status-publish","4":"has-post-thumbnail","6":"product_cat-attrezzature-per-la-formazione","7":"product_cat-attrezzature-per-lo-stretching","8":"product_tag-sveltus-it","9":"pa_size-sans-taille-defaut","11":"first","12":"instock","13":"taxable","14":"shipping-taxable","15":"purchasable","16":"product-type-simple"},"yoast_head":"<!-- This site is optimized with the Yoast SEO plugin v27.2 - https:\/\/yoast.com\/product\/yoast-seo-wordpress\/ -->\n<title>Rullo per addominali &#8211; Daisho<\/title>\n<meta name=\"robots\" content=\"index, follow, max-snippet:-1, max-image-preview:large, max-video-preview:-1\" \/>\n<link rel=\"canonical\" href=\"https:\/\/www.daisho.be\/it\/produit\/rullo-per-addominali\/\" \/>\n<meta property=\"og:locale\" content=\"it_IT\" \/>\n<meta property=\"og:type\" content=\"article\" \/>\n<meta property=\"og:title\" content=\"Rullo per addominali &#8211; Daisho\" \/>\n<meta property=\"og:description\" content=\"Il suo design triangolare e la ruota posteriore pi\u00f9 larga garantiscono una maggiore stabilit\u00e0 rispetto alla tradizionale Ab Wheel. Comodit\u00e0 ottimale dell&#8217;impugnatura. Sistema pieghevole. . Lunghezza: 34 cm . Larghezza: 23 cm . Altezza: 12 cm . Diametro dell&#8217;impugnatura: 3,5 cm . Peso massimo: 130 kg . Peso: 1 kg . Composizione: polipropilene. schiuma PU\" \/>\n<meta property=\"og:url\" content=\"https:\/\/www.daisho.be\/it\/produit\/rullo-per-addominali\/\" \/>\n<meta property=\"og:site_name\" content=\"Daisho\" \/>\n<meta property=\"og:image\" content=\"https:\/\/www.daisho.be\/wp-content\/uploads\/2026\/01\/image-112-scaled.jpg\" \/>\n\t<meta property=\"og:image:width\" content=\"2048\" \/>\n\t<meta property=\"og:image:height\" content=\"1194\" \/>\n\t<meta property=\"og:image:type\" content=\"image\/jpeg\" \/>\n<meta name=\"twitter:card\" content=\"summary_large_image\" \/>\n<script type=\"application\/ld+json\" class=\"yoast-schema-graph\">{\"@context\":\"https:\/\/schema.org\",\"@graph\":[{\"@type\":\"WebPage\",\"@id\":\"https:\/\/www.daisho.be\/it\/produit\/rullo-per-addominali\/\",\"url\":\"https:\/\/www.daisho.be\/it\/produit\/rullo-per-addominali\/\",\"name\":\"Rullo per addominali &#8211; Daisho\",\"isPartOf\":{\"@id\":\"https:\/\/www.daisho.be\/it\/#website\"},\"primaryImageOfPage\":{\"@id\":\"https:\/\/www.daisho.be\/it\/produit\/rullo-per-addominali\/#primaryimage\"},\"image\":{\"@id\":\"https:\/\/www.daisho.be\/it\/produit\/rullo-per-addominali\/#primaryimage\"},\"thumbnailUrl\":\"https:\/\/www.daisho.be\/wp-content\/uploads\/2026\/01\/image-112-scaled.jpg\",\"datePublished\":\"2026-01-03T16:35:40+00:00\",\"breadcrumb\":{\"@id\":\"https:\/\/www.daisho.be\/it\/produit\/rullo-per-addominali\/#breadcrumb\"},\"inLanguage\":\"it-IT\",\"potentialAction\":[{\"@type\":\"ReadAction\",\"target\":[\"https:\/\/www.daisho.be\/it\/produit\/rullo-per-addominali\/\"]}]},{\"@type\":\"ImageObject\",\"inLanguage\":\"it-IT\",\"@id\":\"https:\/\/www.daisho.be\/it\/produit\/rullo-per-addominali\/#primaryimage\",\"url\":\"https:\/\/www.daisho.be\/wp-content\/uploads\/2026\/01\/image-112-scaled.jpg\",\"contentUrl\":\"https:\/\/www.daisho.be\/wp-content\/uploads\/2026\/01\/image-112-scaled.jpg\",\"width\":2048,\"height\":1194,\"caption\":\"Ab Roller -1\"},{\"@type\":\"BreadcrumbList\",\"@id\":\"https:\/\/www.daisho.be\/it\/produit\/rullo-per-addominali\/#breadcrumb\",\"itemListElement\":[{\"@type\":\"ListItem\",\"position\":1,\"name\":\"Accueil\",\"item\":\"https:\/\/www.daisho.be\/it\/\"},{\"@type\":\"ListItem\",\"position\":2,\"name\":\"Prodotti\",\"item\":\"https:\/\/www.daisho.be\/it\/prodotti\/\"},{\"@type\":\"ListItem\",\"position\":3,\"name\":\"Sport da combattimento\",\"item\":\"https:\/\/www.daisho.be\/it\/categorie-produit\/sport-da-combattimento\/\"},{\"@type\":\"ListItem\",\"position\":4,\"name\":\"Attrezzature per la formazione\",\"item\":\"https:\/\/www.daisho.be\/it\/categorie-produit\/sport-da-combattimento\/attrezzature-per-la-formazione\/\"},{\"@type\":\"ListItem\",\"position\":5,\"name\":\"Rullo per addominali\"}]},{\"@type\":\"WebSite\",\"@id\":\"https:\/\/www.daisho.be\/it\/#website\",\"url\":\"https:\/\/www.daisho.be\/it\/\",\"name\":\"Daisho\",\"description\":\"Sp&eacute;cialiste de l'&eacute;quipement sportif d'arts martiaux\",\"publisher\":{\"@id\":\"https:\/\/www.daisho.be\/it\/#organization\"},\"potentialAction\":[{\"@type\":\"SearchAction\",\"target\":{\"@type\":\"EntryPoint\",\"urlTemplate\":\"https:\/\/www.daisho.be\/it\/?s={search_term_string}\"},\"query-input\":{\"@type\":\"PropertyValueSpecification\",\"valueRequired\":true,\"valueName\":\"search_term_string\"}}],\"inLanguage\":\"it-IT\"},{\"@type\":\"Organization\",\"@id\":\"https:\/\/www.daisho.be\/it\/#organization\",\"name\":\"Daisho\",\"url\":\"https:\/\/www.daisho.be\/it\/\",\"logo\":{\"@type\":\"ImageObject\",\"inLanguage\":\"it-IT\",\"@id\":\"https:\/\/www.daisho.be\/it\/#\/schema\/logo\/image\/\",\"url\":\"https:\/\/www.daisho.be\/wp-content\/uploads\/2019\/07\/color-nothing-horizontale4x-e1564486100247.png\",\"contentUrl\":\"https:\/\/www.daisho.be\/wp-content\/uploads\/2019\/07\/color-nothing-horizontale4x-e1564486100247.png\",\"width\":1547,\"height\":385,\"caption\":\"Daisho\"},\"image\":{\"@id\":\"https:\/\/www.daisho.be\/it\/#\/schema\/logo\/image\/\"}}]}<\/script>\n<!-- \/ Yoast SEO plugin. -->","yoast_head_json":{"title":"Rullo per addominali &#8211; Daisho","robots":{"index":"index","follow":"follow","max-snippet":"max-snippet:-1","max-image-preview":"max-image-preview:large","max-video-preview":"max-video-preview:-1"},"canonical":"https:\/\/www.daisho.be\/it\/produit\/rullo-per-addominali\/","og_locale":"it_IT","og_type":"article","og_title":"Rullo per addominali &#8211; Daisho","og_description":"Il suo design triangolare e la ruota posteriore pi\u00f9 larga garantiscono una maggiore stabilit\u00e0 rispetto alla tradizionale Ab Wheel. Comodit\u00e0 ottimale dell&#8217;impugnatura. Sistema pieghevole. . Lunghezza: 34 cm . Larghezza: 23 cm . Altezza: 12 cm . Diametro dell&#8217;impugnatura: 3,5 cm . Peso massimo: 130 kg . Peso: 1 kg . Composizione: polipropilene. schiuma PU","og_url":"https:\/\/www.daisho.be\/it\/produit\/rullo-per-addominali\/","og_site_name":"Daisho","og_image":[{"width":2048,"height":1194,"url":"https:\/\/www.daisho.be\/wp-content\/uploads\/2026\/01\/image-112-scaled.jpg","type":"image\/jpeg"}],"twitter_card":"summary_large_image","schema":{"@context":"https:\/\/schema.org","@graph":[{"@type":"WebPage","@id":"https:\/\/www.daisho.be\/it\/produit\/rullo-per-addominali\/","url":"https:\/\/www.daisho.be\/it\/produit\/rullo-per-addominali\/","name":"Rullo per addominali &#8211; Daisho","isPartOf":{"@id":"https:\/\/www.daisho.be\/it\/#website"},"primaryImageOfPage":{"@id":"https:\/\/www.daisho.be\/it\/produit\/rullo-per-addominali\/#primaryimage"},"image":{"@id":"https:\/\/www.daisho.be\/it\/produit\/rullo-per-addominali\/#primaryimage"},"thumbnailUrl":"https:\/\/www.daisho.be\/wp-content\/uploads\/2026\/01\/image-112-scaled.jpg","datePublished":"2026-01-03T16:35:40+00:00","breadcrumb":{"@id":"https:\/\/www.daisho.be\/it\/produit\/rullo-per-addominali\/#breadcrumb"},"inLanguage":"it-IT","potentialAction":[{"@type":"ReadAction","target":["https:\/\/www.daisho.be\/it\/produit\/rullo-per-addominali\/"]}]},{"@type":"ImageObject","inLanguage":"it-IT","@id":"https:\/\/www.daisho.be\/it\/produit\/rullo-per-addominali\/#primaryimage","url":"https:\/\/www.daisho.be\/wp-content\/uploads\/2026\/01\/image-112-scaled.jpg","contentUrl":"https:\/\/www.daisho.be\/wp-content\/uploads\/2026\/01\/image-112-scaled.jpg","width":2048,"height":1194,"caption":"Ab Roller -1"},{"@type":"BreadcrumbList","@id":"https:\/\/www.daisho.be\/it\/produit\/rullo-per-addominali\/#breadcrumb","itemListElement":[{"@type":"ListItem","position":1,"name":"Accueil","item":"https:\/\/www.daisho.be\/it\/"},{"@type":"ListItem","position":2,"name":"Prodotti","item":"https:\/\/www.daisho.be\/it\/prodotti\/"},{"@type":"ListItem","position":3,"name":"Sport da combattimento","item":"https:\/\/www.daisho.be\/it\/categorie-produit\/sport-da-combattimento\/"},{"@type":"ListItem","position":4,"name":"Attrezzature per la formazione","item":"https:\/\/www.daisho.be\/it\/categorie-produit\/sport-da-combattimento\/attrezzature-per-la-formazione\/"},{"@type":"ListItem","position":5,"name":"Rullo per addominali"}]},{"@type":"WebSite","@id":"https:\/\/www.daisho.be\/it\/#website","url":"https:\/\/www.daisho.be\/it\/","name":"Daisho","description":"Sp&eacute;cialiste de l'&eacute;quipement sportif d'arts martiaux","publisher":{"@id":"https:\/\/www.daisho.be\/it\/#organization"},"potentialAction":[{"@type":"SearchAction","target":{"@type":"EntryPoint","urlTemplate":"https:\/\/www.daisho.be\/it\/?s={search_term_string}"},"query-input":{"@type":"PropertyValueSpecification","valueRequired":true,"valueName":"search_term_string"}}],"inLanguage":"it-IT"},{"@type":"Organization","@id":"https:\/\/www.daisho.be\/it\/#organization","name":"Daisho","url":"https:\/\/www.daisho.be\/it\/","logo":{"@type":"ImageObject","inLanguage":"it-IT","@id":"https:\/\/www.daisho.be\/it\/#\/schema\/logo\/image\/","url":"https:\/\/www.daisho.be\/wp-content\/uploads\/2019\/07\/color-nothing-horizontale4x-e1564486100247.png","contentUrl":"https:\/\/www.daisho.be\/wp-content\/uploads\/2019\/07\/color-nothing-horizontale4x-e1564486100247.png","width":1547,"height":385,"caption":"Daisho"},"image":{"@id":"https:\/\/www.daisho.be\/it\/#\/schema\/logo\/image\/"}}]}},"_links":{"self":[{"href":"https:\/\/www.daisho.be\/it\/wp-json\/wp\/v2\/product\/650354","targetHints":{"allow":["GET"]}}],"collection":[{"href":"https:\/\/www.daisho.be\/it\/wp-json\/wp\/v2\/product"}],"about":[{"href":"https:\/\/www.daisho.be\/it\/wp-json\/wp\/v2\/types\/product"}],"replies":[{"embeddable":true,"href":"https:\/\/www.daisho.be\/it\/wp-json\/wp\/v2\/comments?post=650354"}],"wp:featuredmedia":[{"embeddable":true,"href":"https:\/\/www.daisho.be\/it\/wp-json\/wp\/v2\/media\/650338"}],"wp:attachment":[{"href":"https:\/\/www.daisho.be\/it\/wp-json\/wp\/v2\/media?parent=650354"}],"wp:term":[{"taxonomy":"product_brand","embeddable":true,"href":"https:\/\/www.daisho.be\/it\/wp-json\/wp\/v2\/product_brand?post=650354"},{"taxonomy":"product_cat","embeddable":true,"href":"https:\/\/www.daisho.be\/it\/wp-json\/wp\/v2\/product_cat?post=650354"},{"taxonomy":"product_tag","embeddable":true,"href":"https:\/\/www.daisho.be\/it\/wp-json\/wp\/v2\/product_tag?post=650354"},{"taxonomy":"sport","embeddable":true,"href":"https:\/\/www.daisho.be\/it\/wp-json\/wp\/v2\/sport?post=650354"}],"curies":[{"name":"wp","href":"https:\/\/api.w.org\/{rel}","templated":true}]}}