{"id":643084,"date":"2025-12-16T14:59:08","date_gmt":"2025-12-16T13:59:08","guid":{"rendered":"https:\/\/www.daisho.be\/produit\/guida-a-slitta\/"},"modified":"2025-12-16T14:59:08","modified_gmt":"2025-12-16T13:59:08","slug":"guida-a-slitta","status":"publish","type":"product","link":"https:\/\/www.daisho.be\/it\/produit\/guida-a-slitta\/","title":{"rendered":"GUIDA A SLITTA"},"content":{"rendered":"<p>Slitta per fornire un carico supplementare alle sessioni di allenamento.<br \/>\nPuoi tirarlo, spingerlo o farlo scorrere con tutto il peso che vuoi.<br \/>\nBase in metallo con supporto per caricare dischi di 30 mm di diametro.<br \/>\nInclude cinghie. I dischi non sono inclusi.<br \/>\nDimensioni: 38 x 54 cm.<\/p>\n<p>L&#8217;allenamento con la slitta \u00e8 un metodo di fitness versatile che prevede di spingere, tirare o trascinare una slitta zavorrata per sviluppare forza funzionale, potenza, velocit\u00e0 e resistenza, e allo stesso tempo \u00e8 delicato per le articolazioni grazie alla sua azione concentrica.  <\/p>\n<p>Impegna molti gruppi muscolari (gambe, glutei, tronco, schiena) e pu\u00f2 essere adattato a tutti i livelli, dal principiante all&#8217;atleta avanzato, regolando il peso e l&#8217;intensit\u00e0, rendendolo ideale per le prestazioni sportive e la perdita di grasso.<\/p>\n<p>Vantaggi principali<\/p>\n<p>Forza e potenza: sviluppa una forza grezza e funzionale senza ingombri eccessivi.<\/p>\n<p>Velocit\u00e0 e agilit\u00e0: migliora l&#8217;accelerazione e la capacit\u00e0 di cambiare direzione.<\/p>\n<p>Resistenza cardiovascolare: brucia molte calorie e migliora la forma fisica.<\/p>\n<p>Basso impatto: concentrandosi sulle contrazioni concentriche (fase di spinta\/tiro) piuttosto che su quelle eccentriche, riduce l&#8217;indolenzimento muscolare e il dolore articolare.<\/p>\n<p>Forza del nucleo: Rafforza la stabilit\u00e0 e la postura del corpo.  <\/p>\n","protected":false},"excerpt":{"rendered":"<p>Slitta per fornire un carico supplementare alle sessioni di allenamento. Puoi tirarlo, spingerlo o farlo scorrere con tutto il peso che vuoi. Base in metallo con supporto per caricare dischi di 30 mm di diametro. Include cinghie. I dischi non sono inclusi. Dimensioni: 38 x 54 cm. L&#8217;allenamento con la slitta \u00e8 un metodo di [&hellip;]<\/p>\n","protected":false},"featured_media":643069,"comment_status":"open","ping_status":"closed","template":"","meta":{"inline_featured_image":false},"product_brand":[],"product_cat":[2048],"product_tag":[2582],"sport":[],"class_list":{"0":"post-643084","1":"product","2":"type-product","3":"status-publish","4":"has-post-thumbnail","6":"product_cat-attrezzature-per-la-formazione","7":"product_tag-softee","8":"pa_size-sans-taille-defaut","10":"first","11":"instock","12":"taxable","13":"shipping-taxable","14":"purchasable","15":"product-type-variable"},"yoast_head":"<!-- This site is optimized with the Yoast SEO plugin v27.2 - https:\/\/yoast.com\/product\/yoast-seo-wordpress\/ -->\n<title>GUIDA A SLITTA &#8211; Daisho<\/title>\n<meta name=\"robots\" content=\"index, follow, max-snippet:-1, max-image-preview:large, max-video-preview:-1\" \/>\n<link rel=\"canonical\" href=\"https:\/\/www.daisho.be\/it\/produit\/guida-a-slitta\/\" \/>\n<meta property=\"og:locale\" content=\"it_IT\" \/>\n<meta property=\"og:type\" content=\"article\" \/>\n<meta property=\"og:title\" content=\"GUIDA A SLITTA &#8211; Daisho\" \/>\n<meta property=\"og:description\" content=\"Slitta per fornire un carico supplementare alle sessioni di allenamento. Puoi tirarlo, spingerlo o farlo scorrere con tutto il peso che vuoi. Base in metallo con supporto per caricare dischi di 30 mm di diametro. Include cinghie. I dischi non sono inclusi. Dimensioni: 38 x 54 cm. L&#8217;allenamento con la slitta \u00e8 un metodo di [&hellip;]\" \/>\n<meta property=\"og:url\" content=\"https:\/\/www.daisho.be\/it\/produit\/guida-a-slitta\/\" \/>\n<meta property=\"og:site_name\" content=\"Daisho\" \/>\n<meta property=\"og:image\" content=\"https:\/\/www.daisho.be\/wp-content\/uploads\/2025\/12\/image-62.jpg\" \/>\n\t<meta property=\"og:image:width\" content=\"1920\" \/>\n\t<meta property=\"og:image:height\" content=\"1920\" \/>\n\t<meta property=\"og:image:type\" content=\"image\/jpeg\" \/>\n<meta name=\"twitter:card\" content=\"summary_large_image\" \/>\n<meta name=\"twitter:label1\" content=\"Tempo di lettura stimato\" \/>\n\t<meta name=\"twitter:data1\" content=\"1 minuto\" \/>\n<script type=\"application\/ld+json\" class=\"yoast-schema-graph\">{\"@context\":\"https:\/\/schema.org\",\"@graph\":[{\"@type\":\"WebPage\",\"@id\":\"https:\/\/www.daisho.be\/it\/produit\/guida-a-slitta\/\",\"url\":\"https:\/\/www.daisho.be\/it\/produit\/guida-a-slitta\/\",\"name\":\"GUIDA A SLITTA &#8211; Daisho\",\"isPartOf\":{\"@id\":\"https:\/\/www.daisho.be\/it\/#website\"},\"primaryImageOfPage\":{\"@id\":\"https:\/\/www.daisho.be\/it\/produit\/guida-a-slitta\/#primaryimage\"},\"image\":{\"@id\":\"https:\/\/www.daisho.be\/it\/produit\/guida-a-slitta\/#primaryimage\"},\"thumbnailUrl\":\"https:\/\/www.daisho.be\/wp-content\/uploads\/2025\/12\/image-62.jpg\",\"datePublished\":\"2025-12-16T13:59:08+00:00\",\"breadcrumb\":{\"@id\":\"https:\/\/www.daisho.be\/it\/produit\/guida-a-slitta\/#breadcrumb\"},\"inLanguage\":\"it-IT\",\"potentialAction\":[{\"@type\":\"ReadAction\",\"target\":[\"https:\/\/www.daisho.be\/it\/produit\/guida-a-slitta\/\"]}]},{\"@type\":\"ImageObject\",\"inLanguage\":\"it-IT\",\"@id\":\"https:\/\/www.daisho.be\/it\/produit\/guida-a-slitta\/#primaryimage\",\"url\":\"https:\/\/www.daisho.be\/wp-content\/uploads\/2025\/12\/image-62.jpg\",\"contentUrl\":\"https:\/\/www.daisho.be\/wp-content\/uploads\/2025\/12\/image-62.jpg\",\"width\":1920,\"height\":1920,\"caption\":\"GUIDA ALLO SLED-1\"},{\"@type\":\"BreadcrumbList\",\"@id\":\"https:\/\/www.daisho.be\/it\/produit\/guida-a-slitta\/#breadcrumb\",\"itemListElement\":[{\"@type\":\"ListItem\",\"position\":1,\"name\":\"Accueil\",\"item\":\"https:\/\/www.daisho.be\/it\/\"},{\"@type\":\"ListItem\",\"position\":2,\"name\":\"Prodotti\",\"item\":\"https:\/\/www.daisho.be\/it\/prodotti\/\"},{\"@type\":\"ListItem\",\"position\":3,\"name\":\"Sport da combattimento\",\"item\":\"https:\/\/www.daisho.be\/it\/categorie-produit\/sport-da-combattimento\/\"},{\"@type\":\"ListItem\",\"position\":4,\"name\":\"Attrezzature per la formazione\",\"item\":\"https:\/\/www.daisho.be\/it\/categorie-produit\/sport-da-combattimento\/attrezzature-per-la-formazione\/\"},{\"@type\":\"ListItem\",\"position\":5,\"name\":\"GUIDA A SLITTA\"}]},{\"@type\":\"WebSite\",\"@id\":\"https:\/\/www.daisho.be\/it\/#website\",\"url\":\"https:\/\/www.daisho.be\/it\/\",\"name\":\"Daisho\",\"description\":\"Sp&eacute;cialiste de l'&eacute;quipement sportif d'arts martiaux\",\"publisher\":{\"@id\":\"https:\/\/www.daisho.be\/it\/#organization\"},\"potentialAction\":[{\"@type\":\"SearchAction\",\"target\":{\"@type\":\"EntryPoint\",\"urlTemplate\":\"https:\/\/www.daisho.be\/it\/?s={search_term_string}\"},\"query-input\":{\"@type\":\"PropertyValueSpecification\",\"valueRequired\":true,\"valueName\":\"search_term_string\"}}],\"inLanguage\":\"it-IT\"},{\"@type\":\"Organization\",\"@id\":\"https:\/\/www.daisho.be\/it\/#organization\",\"name\":\"Daisho\",\"url\":\"https:\/\/www.daisho.be\/it\/\",\"logo\":{\"@type\":\"ImageObject\",\"inLanguage\":\"it-IT\",\"@id\":\"https:\/\/www.daisho.be\/it\/#\/schema\/logo\/image\/\",\"url\":\"https:\/\/www.daisho.be\/wp-content\/uploads\/2019\/07\/color-nothing-horizontale4x-e1564486100247.png\",\"contentUrl\":\"https:\/\/www.daisho.be\/wp-content\/uploads\/2019\/07\/color-nothing-horizontale4x-e1564486100247.png\",\"width\":1547,\"height\":385,\"caption\":\"Daisho\"},\"image\":{\"@id\":\"https:\/\/www.daisho.be\/it\/#\/schema\/logo\/image\/\"}}]}<\/script>\n<!-- \/ Yoast SEO plugin. -->","yoast_head_json":{"title":"GUIDA A SLITTA &#8211; Daisho","robots":{"index":"index","follow":"follow","max-snippet":"max-snippet:-1","max-image-preview":"max-image-preview:large","max-video-preview":"max-video-preview:-1"},"canonical":"https:\/\/www.daisho.be\/it\/produit\/guida-a-slitta\/","og_locale":"it_IT","og_type":"article","og_title":"GUIDA A SLITTA &#8211; Daisho","og_description":"Slitta per fornire un carico supplementare alle sessioni di allenamento. Puoi tirarlo, spingerlo o farlo scorrere con tutto il peso che vuoi. Base in metallo con supporto per caricare dischi di 30 mm di diametro. Include cinghie. I dischi non sono inclusi. Dimensioni: 38 x 54 cm. L&#8217;allenamento con la slitta \u00e8 un metodo di [&hellip;]","og_url":"https:\/\/www.daisho.be\/it\/produit\/guida-a-slitta\/","og_site_name":"Daisho","og_image":[{"width":1920,"height":1920,"url":"https:\/\/www.daisho.be\/wp-content\/uploads\/2025\/12\/image-62.jpg","type":"image\/jpeg"}],"twitter_card":"summary_large_image","twitter_misc":{"Tempo di lettura stimato":"1 minuto"},"schema":{"@context":"https:\/\/schema.org","@graph":[{"@type":"WebPage","@id":"https:\/\/www.daisho.be\/it\/produit\/guida-a-slitta\/","url":"https:\/\/www.daisho.be\/it\/produit\/guida-a-slitta\/","name":"GUIDA A SLITTA &#8211; Daisho","isPartOf":{"@id":"https:\/\/www.daisho.be\/it\/#website"},"primaryImageOfPage":{"@id":"https:\/\/www.daisho.be\/it\/produit\/guida-a-slitta\/#primaryimage"},"image":{"@id":"https:\/\/www.daisho.be\/it\/produit\/guida-a-slitta\/#primaryimage"},"thumbnailUrl":"https:\/\/www.daisho.be\/wp-content\/uploads\/2025\/12\/image-62.jpg","datePublished":"2025-12-16T13:59:08+00:00","breadcrumb":{"@id":"https:\/\/www.daisho.be\/it\/produit\/guida-a-slitta\/#breadcrumb"},"inLanguage":"it-IT","potentialAction":[{"@type":"ReadAction","target":["https:\/\/www.daisho.be\/it\/produit\/guida-a-slitta\/"]}]},{"@type":"ImageObject","inLanguage":"it-IT","@id":"https:\/\/www.daisho.be\/it\/produit\/guida-a-slitta\/#primaryimage","url":"https:\/\/www.daisho.be\/wp-content\/uploads\/2025\/12\/image-62.jpg","contentUrl":"https:\/\/www.daisho.be\/wp-content\/uploads\/2025\/12\/image-62.jpg","width":1920,"height":1920,"caption":"GUIDA ALLO SLED-1"},{"@type":"BreadcrumbList","@id":"https:\/\/www.daisho.be\/it\/produit\/guida-a-slitta\/#breadcrumb","itemListElement":[{"@type":"ListItem","position":1,"name":"Accueil","item":"https:\/\/www.daisho.be\/it\/"},{"@type":"ListItem","position":2,"name":"Prodotti","item":"https:\/\/www.daisho.be\/it\/prodotti\/"},{"@type":"ListItem","position":3,"name":"Sport da combattimento","item":"https:\/\/www.daisho.be\/it\/categorie-produit\/sport-da-combattimento\/"},{"@type":"ListItem","position":4,"name":"Attrezzature per la formazione","item":"https:\/\/www.daisho.be\/it\/categorie-produit\/sport-da-combattimento\/attrezzature-per-la-formazione\/"},{"@type":"ListItem","position":5,"name":"GUIDA A SLITTA"}]},{"@type":"WebSite","@id":"https:\/\/www.daisho.be\/it\/#website","url":"https:\/\/www.daisho.be\/it\/","name":"Daisho","description":"Sp&eacute;cialiste de l'&eacute;quipement sportif d'arts martiaux","publisher":{"@id":"https:\/\/www.daisho.be\/it\/#organization"},"potentialAction":[{"@type":"SearchAction","target":{"@type":"EntryPoint","urlTemplate":"https:\/\/www.daisho.be\/it\/?s={search_term_string}"},"query-input":{"@type":"PropertyValueSpecification","valueRequired":true,"valueName":"search_term_string"}}],"inLanguage":"it-IT"},{"@type":"Organization","@id":"https:\/\/www.daisho.be\/it\/#organization","name":"Daisho","url":"https:\/\/www.daisho.be\/it\/","logo":{"@type":"ImageObject","inLanguage":"it-IT","@id":"https:\/\/www.daisho.be\/it\/#\/schema\/logo\/image\/","url":"https:\/\/www.daisho.be\/wp-content\/uploads\/2019\/07\/color-nothing-horizontale4x-e1564486100247.png","contentUrl":"https:\/\/www.daisho.be\/wp-content\/uploads\/2019\/07\/color-nothing-horizontale4x-e1564486100247.png","width":1547,"height":385,"caption":"Daisho"},"image":{"@id":"https:\/\/www.daisho.be\/it\/#\/schema\/logo\/image\/"}}]}},"_links":{"self":[{"href":"https:\/\/www.daisho.be\/it\/wp-json\/wp\/v2\/product\/643084","targetHints":{"allow":["GET"]}}],"collection":[{"href":"https:\/\/www.daisho.be\/it\/wp-json\/wp\/v2\/product"}],"about":[{"href":"https:\/\/www.daisho.be\/it\/wp-json\/wp\/v2\/types\/product"}],"replies":[{"embeddable":true,"href":"https:\/\/www.daisho.be\/it\/wp-json\/wp\/v2\/comments?post=643084"}],"wp:featuredmedia":[{"embeddable":true,"href":"https:\/\/www.daisho.be\/it\/wp-json\/wp\/v2\/media\/643069"}],"wp:attachment":[{"href":"https:\/\/www.daisho.be\/it\/wp-json\/wp\/v2\/media?parent=643084"}],"wp:term":[{"taxonomy":"product_brand","embeddable":true,"href":"https:\/\/www.daisho.be\/it\/wp-json\/wp\/v2\/product_brand?post=643084"},{"taxonomy":"product_cat","embeddable":true,"href":"https:\/\/www.daisho.be\/it\/wp-json\/wp\/v2\/product_cat?post=643084"},{"taxonomy":"product_tag","embeddable":true,"href":"https:\/\/www.daisho.be\/it\/wp-json\/wp\/v2\/product_tag?post=643084"},{"taxonomy":"sport","embeddable":true,"href":"https:\/\/www.daisho.be\/it\/wp-json\/wp\/v2\/sport?post=643084"}],"curies":[{"name":"wp","href":"https:\/\/api.w.org\/{rel}","templated":true}]}}