{"id":622505,"date":"2025-11-17T15:52:09","date_gmt":"2025-11-17T14:52:09","guid":{"rendered":"https:\/\/www.daisho.be\/produit\/barra-da-ballo-mobile-professionale-con-altezza-regolabile-isa-3m\/"},"modified":"2026-03-26T13:35:46","modified_gmt":"2026-03-26T12:35:46","slug":"barra-da-ballo-mobile-professionale-con-altezza-regolabile-isa-3m","status":"publish","type":"product","link":"https:\/\/www.daisho.be\/it\/produit\/barra-da-ballo-mobile-professionale-con-altezza-regolabile-isa-3m\/","title":{"rendered":"Barra da ballo mobile professionale con altezza regolabile Isa &#8211; 3m"},"content":{"rendered":"<p>Isa \u00e8 la sbarra mobile professionale regolabile in altezza pi\u00f9 popolare di Dinamica Ballet. Con due tipi di base disponibili (con e senza rotelle) e 14 altezze, la sbarra Isa ha conquistato la fiducia dei professionisti e degli appassionati di danza di tutto il mondo.<br \/>\nUna sbarra per ballerini di tutte le taglie e di tutti i livelli<br \/>\nLa sbarra Isa regolabile \u00e8 utilizzata sia nelle scuole di danza che nelle case private. Grazie allo spazio di 39 centimetri tra l&#8217;altezza minima e quella massima e all&#8217;eccellente stabilit\u00e0 delle sue basi in acciaio, questa sbarra \u00e8 adatta a ballerini di ogni et\u00e0, altezza e peso. Puoi regolare l&#8217;altezza della barra Isa in 14 posizioni diverse grazie a un meccanismo semplice e veloce. Le esclusive basi in acciaio della gamma professionale di Dinamica Ballet tengono la sbarra saldamente in posizione senza dover forare il legno, garantendo ore di allenamento senza problemi.<br \/>\nBase con o senza rotelle, a te la scelta<br \/>\nIsa fa parte della nostra gamma di sbarre mobili professionali. Offriamo due tipi di base in acciaio: una base con due ruote da 20 kg e una base piatta senza ruote da 10 kg. La base con rotelle in gomma ad alta densit\u00e0 offre una grande stabilit\u00e0 e ti permette di spostare la barra senza sforzo inclinandola di 45 gradi. La base piatta \u00e8 progettata in modo che tu possa spostare la barra sollevandola, senza che tocchi il pavimento.<br \/>\nIn entrambi i casi, le basi sono dotate di scivoli in PVC per proteggere il pavimento, anche se \u00e8 in legno. Se pensi di portare la barra Isa in tour o se hai bisogno di spostarla spesso, ti consigliamo il modello con rotelle. Se invece pensi di spostarla solo occasionalmente o se sei in due, la base piatta \u00e8 pi\u00f9 adatta. Il peso totale con le basi con rotelle e la barra di legno di 2 metri \u00e8 di 50 kg. Il peso totale con le basi senza rotelle \u00e8 di 31 kg.<br \/>\nAcciaio e legno, la combinazione perfetta per la danza classica<br \/>\nCrediamo che le sbarre per la danza classica perfette siano in legno. Le nostre sbarre per danza classica sono realizzate in pino giallo proveniente da foreste sostenibili. Sono resistenti e leggermente flessibili, il che li rende ideali per gli esercizi di danza. Il nostro legno, perfettamente levigato e non verniciato, offre una sensazione piacevole al tatto, una buona presa e una bellezza naturale per perfezionare le tue evoluzioni. In combinazione con i nostri esclusivi supporti e zoccoli in acciaio, queste barre sono un prodotto di fiducia per i ballerini professionisti e amatoriali di tutto il mondo.<br \/>\nZoccoli con o senza rotelle<br \/>\nRegolabili a 14 altezze diverse<br \/>\nSupporto per una barra di legno               <\/p>\n","protected":false},"excerpt":{"rendered":"<p>Isa \u00e8 la sbarra mobile professionale regolabile in altezza pi\u00f9 popolare di Dinamica Ballet. Con due tipi di base disponibili (con e senza rotelle) e 14 altezze, la sbarra Isa ha conquistato la fiducia dei professionisti e degli appassionati di danza di tutto il mondo. Una sbarra per ballerini di tutte le taglie e di [&hellip;]<\/p>\n","protected":false},"featured_media":622493,"comment_status":"open","ping_status":"closed","template":"","meta":{"inline_featured_image":false},"product_brand":[],"product_cat":[2539],"product_tag":[2346],"sport":[],"class_list":{"0":"post-622505","1":"product","2":"type-product","3":"status-publish","4":"has-post-thumbnail","6":"product_cat-attrezzature-per-lo-stretching","7":"product_tag-dinamica-balletto","8":"pa_size-3-m","10":"first","11":"instock","12":"taxable","13":"shipping-taxable","14":"purchasable","15":"product-type-variable"},"yoast_head":"<!-- This site is optimized with the Yoast SEO plugin v27.2 - https:\/\/yoast.com\/product\/yoast-seo-wordpress\/ -->\n<title>Barra da ballo mobile professionale con altezza regolabile Isa - 3m &#8211; Daisho<\/title>\n<meta name=\"description\" content=\"Barra da ballo mobile Isa di alta qualit\u00e0, regolabile a 14 altezze, adatta a tutti i livelli. Trovala su www.daisho.be | Daisho\" \/>\n<meta name=\"robots\" content=\"index, follow, max-snippet:-1, max-image-preview:large, max-video-preview:-1\" \/>\n<link rel=\"canonical\" href=\"https:\/\/www.daisho.be\/it\/produit\/barra-da-ballo-mobile-professionale-con-altezza-regolabile-isa-3m\/\" \/>\n<meta property=\"og:locale\" content=\"it_IT\" \/>\n<meta property=\"og:type\" content=\"article\" \/>\n<meta property=\"og:title\" content=\"Barra da ballo mobile professionale con altezza regolabile Isa - 3m &#8211; Daisho\" \/>\n<meta property=\"og:description\" content=\"Barra da ballo mobile Isa di alta qualit\u00e0, regolabile a 14 altezze, adatta a tutti i livelli. Trovala su www.daisho.be | Daisho\" \/>\n<meta property=\"og:url\" content=\"https:\/\/www.daisho.be\/it\/produit\/barra-da-ballo-mobile-professionale-con-altezza-regolabile-isa-3m\/\" \/>\n<meta property=\"og:site_name\" content=\"Daisho\" \/>\n<meta property=\"article:modified_time\" content=\"2026-03-26T12:35:46+00:00\" \/>\n<meta property=\"og:image\" content=\"https:\/\/www.daisho.be\/wp-content\/uploads\/2025\/11\/image-99-scaled.jpg\" \/>\n\t<meta property=\"og:image:width\" content=\"2048\" \/>\n\t<meta property=\"og:image:height\" content=\"1365\" \/>\n\t<meta property=\"og:image:type\" content=\"image\/jpeg\" \/>\n<meta name=\"twitter:card\" content=\"summary_large_image\" \/>\n<meta name=\"twitter:label1\" content=\"Tempo di lettura stimato\" \/>\n\t<meta name=\"twitter:data1\" content=\"2 minuti\" \/>\n<script type=\"application\/ld+json\" class=\"yoast-schema-graph\">{\"@context\":\"https:\/\/schema.org\",\"@graph\":[{\"@type\":\"WebPage\",\"@id\":\"https:\/\/www.daisho.be\/it\/produit\/barra-da-ballo-mobile-professionale-con-altezza-regolabile-isa-3m\/\",\"url\":\"https:\/\/www.daisho.be\/it\/produit\/barra-da-ballo-mobile-professionale-con-altezza-regolabile-isa-3m\/\",\"name\":\"Barra da ballo mobile professionale con altezza regolabile Isa - 3m &#8211; Daisho\",\"isPartOf\":{\"@id\":\"https:\/\/www.daisho.be\/it\/#website\"},\"primaryImageOfPage\":{\"@id\":\"https:\/\/www.daisho.be\/it\/produit\/barra-da-ballo-mobile-professionale-con-altezza-regolabile-isa-3m\/#primaryimage\"},\"image\":{\"@id\":\"https:\/\/www.daisho.be\/it\/produit\/barra-da-ballo-mobile-professionale-con-altezza-regolabile-isa-3m\/#primaryimage\"},\"thumbnailUrl\":\"https:\/\/www.daisho.be\/wp-content\/uploads\/2025\/11\/image-99-scaled.jpg\",\"datePublished\":\"2025-11-17T14:52:09+00:00\",\"dateModified\":\"2026-03-26T12:35:46+00:00\",\"description\":\"Barra da ballo mobile Isa di alta qualit\u00e0, regolabile a 14 altezze, adatta a tutti i livelli. Trovala su www.daisho.be | Daisho\",\"breadcrumb\":{\"@id\":\"https:\/\/www.daisho.be\/it\/produit\/barra-da-ballo-mobile-professionale-con-altezza-regolabile-isa-3m\/#breadcrumb\"},\"inLanguage\":\"it-IT\",\"potentialAction\":[{\"@type\":\"ReadAction\",\"target\":[\"https:\/\/www.daisho.be\/it\/produit\/barra-da-ballo-mobile-professionale-con-altezza-regolabile-isa-3m\/\"]}]},{\"@type\":\"ImageObject\",\"inLanguage\":\"it-IT\",\"@id\":\"https:\/\/www.daisho.be\/it\/produit\/barra-da-ballo-mobile-professionale-con-altezza-regolabile-isa-3m\/#primaryimage\",\"url\":\"https:\/\/www.daisho.be\/wp-content\/uploads\/2025\/11\/image-99-scaled.jpg\",\"contentUrl\":\"https:\/\/www.daisho.be\/wp-content\/uploads\/2025\/11\/image-99-scaled.jpg\",\"width\":2048,\"height\":1365,\"caption\":\"Barra da ballo mobile professionale con altezza regolabile Isa - 3m-1\"},{\"@type\":\"BreadcrumbList\",\"@id\":\"https:\/\/www.daisho.be\/it\/produit\/barra-da-ballo-mobile-professionale-con-altezza-regolabile-isa-3m\/#breadcrumb\",\"itemListElement\":[{\"@type\":\"ListItem\",\"position\":1,\"name\":\"Accueil\",\"item\":\"https:\/\/www.daisho.be\/it\/\"},{\"@type\":\"ListItem\",\"position\":2,\"name\":\"Prodotti\",\"item\":\"https:\/\/www.daisho.be\/it\/prodotti\/\"},{\"@type\":\"ListItem\",\"position\":3,\"name\":\"Cura dello sport\",\"item\":\"https:\/\/www.daisho.be\/it\/categorie-produit\/cura-dello-sport\/\"},{\"@type\":\"ListItem\",\"position\":4,\"name\":\"Attrezzature per lo stretching\",\"item\":\"https:\/\/www.daisho.be\/it\/categorie-produit\/cura-dello-sport\/attrezzature-per-lo-stretching\/\"},{\"@type\":\"ListItem\",\"position\":5,\"name\":\"Barra da ballo mobile professionale con altezza regolabile Isa &#8211; 3m\"}]},{\"@type\":\"WebSite\",\"@id\":\"https:\/\/www.daisho.be\/it\/#website\",\"url\":\"https:\/\/www.daisho.be\/it\/\",\"name\":\"Daisho\",\"description\":\"Sp&eacute;cialiste de l'&eacute;quipement sportif d'arts martiaux\",\"publisher\":{\"@id\":\"https:\/\/www.daisho.be\/it\/#organization\"},\"potentialAction\":[{\"@type\":\"SearchAction\",\"target\":{\"@type\":\"EntryPoint\",\"urlTemplate\":\"https:\/\/www.daisho.be\/it\/?s={search_term_string}\"},\"query-input\":{\"@type\":\"PropertyValueSpecification\",\"valueRequired\":true,\"valueName\":\"search_term_string\"}}],\"inLanguage\":\"it-IT\"},{\"@type\":\"Organization\",\"@id\":\"https:\/\/www.daisho.be\/it\/#organization\",\"name\":\"Daisho\",\"url\":\"https:\/\/www.daisho.be\/it\/\",\"logo\":{\"@type\":\"ImageObject\",\"inLanguage\":\"it-IT\",\"@id\":\"https:\/\/www.daisho.be\/it\/#\/schema\/logo\/image\/\",\"url\":\"https:\/\/www.daisho.be\/wp-content\/uploads\/2019\/07\/color-nothing-horizontale4x-e1564486100247.png\",\"contentUrl\":\"https:\/\/www.daisho.be\/wp-content\/uploads\/2019\/07\/color-nothing-horizontale4x-e1564486100247.png\",\"width\":1547,\"height\":385,\"caption\":\"Daisho\"},\"image\":{\"@id\":\"https:\/\/www.daisho.be\/it\/#\/schema\/logo\/image\/\"}}]}<\/script>\n<!-- \/ Yoast SEO plugin. -->","yoast_head_json":{"title":"Barra da ballo mobile professionale con altezza regolabile Isa - 3m &#8211; Daisho","description":"Barra da ballo mobile Isa di alta qualit\u00e0, regolabile a 14 altezze, adatta a tutti i livelli. Trovala su www.daisho.be | Daisho","robots":{"index":"index","follow":"follow","max-snippet":"max-snippet:-1","max-image-preview":"max-image-preview:large","max-video-preview":"max-video-preview:-1"},"canonical":"https:\/\/www.daisho.be\/it\/produit\/barra-da-ballo-mobile-professionale-con-altezza-regolabile-isa-3m\/","og_locale":"it_IT","og_type":"article","og_title":"Barra da ballo mobile professionale con altezza regolabile Isa - 3m &#8211; Daisho","og_description":"Barra da ballo mobile Isa di alta qualit\u00e0, regolabile a 14 altezze, adatta a tutti i livelli. Trovala su www.daisho.be | Daisho","og_url":"https:\/\/www.daisho.be\/it\/produit\/barra-da-ballo-mobile-professionale-con-altezza-regolabile-isa-3m\/","og_site_name":"Daisho","article_modified_time":"2026-03-26T12:35:46+00:00","og_image":[{"width":2048,"height":1365,"url":"https:\/\/www.daisho.be\/wp-content\/uploads\/2025\/11\/image-99-scaled.jpg","type":"image\/jpeg"}],"twitter_card":"summary_large_image","twitter_misc":{"Tempo di lettura stimato":"2 minuti"},"schema":{"@context":"https:\/\/schema.org","@graph":[{"@type":"WebPage","@id":"https:\/\/www.daisho.be\/it\/produit\/barra-da-ballo-mobile-professionale-con-altezza-regolabile-isa-3m\/","url":"https:\/\/www.daisho.be\/it\/produit\/barra-da-ballo-mobile-professionale-con-altezza-regolabile-isa-3m\/","name":"Barra da ballo mobile professionale con altezza regolabile Isa - 3m &#8211; Daisho","isPartOf":{"@id":"https:\/\/www.daisho.be\/it\/#website"},"primaryImageOfPage":{"@id":"https:\/\/www.daisho.be\/it\/produit\/barra-da-ballo-mobile-professionale-con-altezza-regolabile-isa-3m\/#primaryimage"},"image":{"@id":"https:\/\/www.daisho.be\/it\/produit\/barra-da-ballo-mobile-professionale-con-altezza-regolabile-isa-3m\/#primaryimage"},"thumbnailUrl":"https:\/\/www.daisho.be\/wp-content\/uploads\/2025\/11\/image-99-scaled.jpg","datePublished":"2025-11-17T14:52:09+00:00","dateModified":"2026-03-26T12:35:46+00:00","description":"Barra da ballo mobile Isa di alta qualit\u00e0, regolabile a 14 altezze, adatta a tutti i livelli. Trovala su www.daisho.be | Daisho","breadcrumb":{"@id":"https:\/\/www.daisho.be\/it\/produit\/barra-da-ballo-mobile-professionale-con-altezza-regolabile-isa-3m\/#breadcrumb"},"inLanguage":"it-IT","potentialAction":[{"@type":"ReadAction","target":["https:\/\/www.daisho.be\/it\/produit\/barra-da-ballo-mobile-professionale-con-altezza-regolabile-isa-3m\/"]}]},{"@type":"ImageObject","inLanguage":"it-IT","@id":"https:\/\/www.daisho.be\/it\/produit\/barra-da-ballo-mobile-professionale-con-altezza-regolabile-isa-3m\/#primaryimage","url":"https:\/\/www.daisho.be\/wp-content\/uploads\/2025\/11\/image-99-scaled.jpg","contentUrl":"https:\/\/www.daisho.be\/wp-content\/uploads\/2025\/11\/image-99-scaled.jpg","width":2048,"height":1365,"caption":"Barra da ballo mobile professionale con altezza regolabile Isa - 3m-1"},{"@type":"BreadcrumbList","@id":"https:\/\/www.daisho.be\/it\/produit\/barra-da-ballo-mobile-professionale-con-altezza-regolabile-isa-3m\/#breadcrumb","itemListElement":[{"@type":"ListItem","position":1,"name":"Accueil","item":"https:\/\/www.daisho.be\/it\/"},{"@type":"ListItem","position":2,"name":"Prodotti","item":"https:\/\/www.daisho.be\/it\/prodotti\/"},{"@type":"ListItem","position":3,"name":"Cura dello sport","item":"https:\/\/www.daisho.be\/it\/categorie-produit\/cura-dello-sport\/"},{"@type":"ListItem","position":4,"name":"Attrezzature per lo stretching","item":"https:\/\/www.daisho.be\/it\/categorie-produit\/cura-dello-sport\/attrezzature-per-lo-stretching\/"},{"@type":"ListItem","position":5,"name":"Barra da ballo mobile professionale con altezza regolabile Isa &#8211; 3m"}]},{"@type":"WebSite","@id":"https:\/\/www.daisho.be\/it\/#website","url":"https:\/\/www.daisho.be\/it\/","name":"Daisho","description":"Sp&eacute;cialiste de l'&eacute;quipement sportif d'arts martiaux","publisher":{"@id":"https:\/\/www.daisho.be\/it\/#organization"},"potentialAction":[{"@type":"SearchAction","target":{"@type":"EntryPoint","urlTemplate":"https:\/\/www.daisho.be\/it\/?s={search_term_string}"},"query-input":{"@type":"PropertyValueSpecification","valueRequired":true,"valueName":"search_term_string"}}],"inLanguage":"it-IT"},{"@type":"Organization","@id":"https:\/\/www.daisho.be\/it\/#organization","name":"Daisho","url":"https:\/\/www.daisho.be\/it\/","logo":{"@type":"ImageObject","inLanguage":"it-IT","@id":"https:\/\/www.daisho.be\/it\/#\/schema\/logo\/image\/","url":"https:\/\/www.daisho.be\/wp-content\/uploads\/2019\/07\/color-nothing-horizontale4x-e1564486100247.png","contentUrl":"https:\/\/www.daisho.be\/wp-content\/uploads\/2019\/07\/color-nothing-horizontale4x-e1564486100247.png","width":1547,"height":385,"caption":"Daisho"},"image":{"@id":"https:\/\/www.daisho.be\/it\/#\/schema\/logo\/image\/"}}]}},"_links":{"self":[{"href":"https:\/\/www.daisho.be\/it\/wp-json\/wp\/v2\/product\/622505","targetHints":{"allow":["GET"]}}],"collection":[{"href":"https:\/\/www.daisho.be\/it\/wp-json\/wp\/v2\/product"}],"about":[{"href":"https:\/\/www.daisho.be\/it\/wp-json\/wp\/v2\/types\/product"}],"replies":[{"embeddable":true,"href":"https:\/\/www.daisho.be\/it\/wp-json\/wp\/v2\/comments?post=622505"}],"wp:featuredmedia":[{"embeddable":true,"href":"https:\/\/www.daisho.be\/it\/wp-json\/wp\/v2\/media\/622493"}],"wp:attachment":[{"href":"https:\/\/www.daisho.be\/it\/wp-json\/wp\/v2\/media?parent=622505"}],"wp:term":[{"taxonomy":"product_brand","embeddable":true,"href":"https:\/\/www.daisho.be\/it\/wp-json\/wp\/v2\/product_brand?post=622505"},{"taxonomy":"product_cat","embeddable":true,"href":"https:\/\/www.daisho.be\/it\/wp-json\/wp\/v2\/product_cat?post=622505"},{"taxonomy":"product_tag","embeddable":true,"href":"https:\/\/www.daisho.be\/it\/wp-json\/wp\/v2\/product_tag?post=622505"},{"taxonomy":"sport","embeddable":true,"href":"https:\/\/www.daisho.be\/it\/wp-json\/wp\/v2\/sport?post=622505"}],"curies":[{"name":"wp","href":"https:\/\/api.w.org\/{rel}","templated":true}]}}