{"id":622084,"date":"2025-11-17T14:46:44","date_gmt":"2025-11-17T13:46:44","guid":{"rendered":"https:\/\/www.daisho.be\/produit\/barra-a-pavimento-giselle-fix\/"},"modified":"2026-03-30T10:37:54","modified_gmt":"2026-03-30T08:37:54","slug":"barra-a-pavimento-giselle-fix","status":"publish","type":"product","link":"https:\/\/www.daisho.be\/it\/produit\/barra-a-pavimento-giselle-fix\/","title":{"rendered":"Barra a pavimento Giselle-Fix"},"content":{"rendered":"<p>Giselle-Fix \u00e8 la barra fissa a pavimento che offre il maggior numero di possibilit\u00e0. Ti permette di creare spazi continui con due barre e di regolare l&#8217;altezza in 10 posizioni diverse, adattandosi a ballerini di tutte le dimensioni. I materiali di alta qualit\u00e0 e le dimensioni compatte della base ti permettono di installare la sbarra vicino a una parete e di avere pi\u00f9 spazio per allenarti. Il design esclusivo del doppio supporto offre la stabilit\u00e0 e la resistenza alla pressione di cui hai bisogno.<br \/>\nLa sbarra fissa che si adatta a tutti.<br \/>\nCon due sbarre distanti 19 cm l&#8217;una dall&#8217;altra e 10 posizioni regolabili, la Giselle-Fix si adatta perfettamente a ballerini di tutte le taglie. Il meccanismo di regolazione \u00e8 progettato per permetterti di cambiare rapidamente l&#8217;altezza e offre uno spazio totale di 27 centimetri tra l&#8217;altezza minima e quella massima.<br \/>\nSpazi sempre funzionali.<br \/>\nTutte le consolle da pavimento di Dinamica Ballet sono progettate per ottimizzare l&#8217;uso dello spazio. Abbiamo progettato la base per offrire una stabilit\u00e0 totale con un ingombro minimo, consentendo di posizionare Giselle-Fix molto vicino a una parete o a uno specchio, risparmiando cos\u00ec spazio.<br \/>\nLe console, realizzate in acciaio di alta qualit\u00e0, distribuiscono la pressione e garantiscono il massimo rendimento durante gli esercizi ad alta intensit\u00e0. Le quattro barre vengono montate all&#8217;interno delle staffe, due in basso e due in alto, senza dover fare fori che potrebbero danneggiare il legno. Puoi installare tutte le console che vuoi, a una distanza massima di 2 metri l&#8217;una dall&#8217;altra.<br \/>\nBarre di legno per una sensazione naturale e un sostegno ottimale.<br \/>\nLa console Giselle-Fix supporta due barre di legno da 40 mm di diametro. Le nostre barre, realizzate in legno di pino giallo proveniente da foreste sostenibili, sono resistenti e leggermente flessibili, il che le rende ideali per gli esercizi avanzati. Il legno, perfettamente levigato e non verniciato, ha una sensazione piacevole al tatto, una buona presa e una bellezza naturale.<br \/>\nLe staffe circondano saldamente le barre senza bisogno di forare il legno, garantendo migliaia di ore di utilizzo e facilit\u00e0 di installazione.         <\/p>\n","protected":false},"excerpt":{"rendered":"<p>Giselle-Fix \u00e8 la barra fissa a pavimento che offre il maggior numero di possibilit\u00e0. Ti permette di creare spazi continui con due barre e di regolare l&#8217;altezza in 10 posizioni diverse, adattandosi a ballerini di tutte le dimensioni. I materiali di alta qualit\u00e0 e le dimensioni compatte della base ti permettono di installare la sbarra [&hellip;]<\/p>\n","protected":false},"featured_media":622060,"comment_status":"open","ping_status":"closed","template":"","meta":{"inline_featured_image":false},"product_brand":[],"product_cat":[2539],"product_tag":[2346],"sport":[],"class_list":{"0":"post-622084","1":"product","2":"type-product","3":"status-publish","4":"has-post-thumbnail","6":"product_cat-attrezzature-per-lo-stretching","7":"product_tag-dinamica-balletto","8":"pa_size-sans-taille-defaut","10":"first","11":"instock","12":"taxable","13":"shipping-taxable","14":"purchasable","15":"product-type-simple"},"yoast_head":"<!-- This site is optimized with the Yoast SEO plugin v27.2 - https:\/\/yoast.com\/product\/yoast-seo-wordpress\/ -->\n<title>Barra a pavimento Giselle-Fix &#8211; Daisho<\/title>\n<meta name=\"description\" content=\"Barra da pavimento Giselle-Fix, doppia barra regolabile (10 posizioni), stabile, compatta e ideale per tutti i ballerini. Trovala su www.daisho.be | Daisho\" \/>\n<meta name=\"robots\" content=\"index, follow, max-snippet:-1, max-image-preview:large, max-video-preview:-1\" \/>\n<link rel=\"canonical\" href=\"https:\/\/www.daisho.be\/it\/produit\/barra-a-pavimento-giselle-fix\/\" \/>\n<meta property=\"og:locale\" content=\"it_IT\" \/>\n<meta property=\"og:type\" content=\"article\" \/>\n<meta property=\"og:title\" content=\"Barra a pavimento Giselle-Fix &#8211; Daisho\" \/>\n<meta property=\"og:description\" content=\"Barra da pavimento Giselle-Fix, doppia barra regolabile (10 posizioni), stabile, compatta e ideale per tutti i ballerini. Trovala su www.daisho.be | Daisho\" \/>\n<meta property=\"og:url\" content=\"https:\/\/www.daisho.be\/it\/produit\/barra-a-pavimento-giselle-fix\/\" \/>\n<meta property=\"og:site_name\" content=\"Daisho\" \/>\n<meta property=\"article:modified_time\" content=\"2026-03-30T08:37:54+00:00\" \/>\n<meta property=\"og:image\" content=\"https:\/\/www.daisho.be\/wp-content\/uploads\/2025\/11\/image-20.png\" \/>\n\t<meta property=\"og:image:width\" content=\"800\" \/>\n\t<meta property=\"og:image:height\" content=\"800\" \/>\n\t<meta property=\"og:image:type\" content=\"image\/png\" \/>\n<meta name=\"twitter:card\" content=\"summary_large_image\" \/>\n<meta name=\"twitter:label1\" content=\"Tempo di lettura stimato\" \/>\n\t<meta name=\"twitter:data1\" content=\"2 minuti\" \/>\n<script type=\"application\/ld+json\" class=\"yoast-schema-graph\">{\"@context\":\"https:\/\/schema.org\",\"@graph\":[{\"@type\":\"WebPage\",\"@id\":\"https:\/\/www.daisho.be\/it\/produit\/barra-a-pavimento-giselle-fix\/\",\"url\":\"https:\/\/www.daisho.be\/it\/produit\/barra-a-pavimento-giselle-fix\/\",\"name\":\"Barra a pavimento Giselle-Fix &#8211; Daisho\",\"isPartOf\":{\"@id\":\"https:\/\/www.daisho.be\/it\/#website\"},\"primaryImageOfPage\":{\"@id\":\"https:\/\/www.daisho.be\/it\/produit\/barra-a-pavimento-giselle-fix\/#primaryimage\"},\"image\":{\"@id\":\"https:\/\/www.daisho.be\/it\/produit\/barra-a-pavimento-giselle-fix\/#primaryimage\"},\"thumbnailUrl\":\"https:\/\/www.daisho.be\/wp-content\/uploads\/2025\/11\/image-20.png\",\"datePublished\":\"2025-11-17T13:46:44+00:00\",\"dateModified\":\"2026-03-30T08:37:54+00:00\",\"description\":\"Barra da pavimento Giselle-Fix, doppia barra regolabile (10 posizioni), stabile, compatta e ideale per tutti i ballerini. Trovala su www.daisho.be | Daisho\",\"breadcrumb\":{\"@id\":\"https:\/\/www.daisho.be\/it\/produit\/barra-a-pavimento-giselle-fix\/#breadcrumb\"},\"inLanguage\":\"it-IT\",\"potentialAction\":[{\"@type\":\"ReadAction\",\"target\":[\"https:\/\/www.daisho.be\/it\/produit\/barra-a-pavimento-giselle-fix\/\"]}]},{\"@type\":\"ImageObject\",\"inLanguage\":\"it-IT\",\"@id\":\"https:\/\/www.daisho.be\/it\/produit\/barra-a-pavimento-giselle-fix\/#primaryimage\",\"url\":\"https:\/\/www.daisho.be\/wp-content\/uploads\/2025\/11\/image-20.png\",\"contentUrl\":\"https:\/\/www.daisho.be\/wp-content\/uploads\/2025\/11\/image-20.png\",\"width\":800,\"height\":800,\"caption\":\"Barra a pavimento Giselle-Fix -1\"},{\"@type\":\"BreadcrumbList\",\"@id\":\"https:\/\/www.daisho.be\/it\/produit\/barra-a-pavimento-giselle-fix\/#breadcrumb\",\"itemListElement\":[{\"@type\":\"ListItem\",\"position\":1,\"name\":\"Accueil\",\"item\":\"https:\/\/www.daisho.be\/it\/\"},{\"@type\":\"ListItem\",\"position\":2,\"name\":\"Prodotti\",\"item\":\"https:\/\/www.daisho.be\/it\/prodotti\/\"},{\"@type\":\"ListItem\",\"position\":3,\"name\":\"Cura dello sport\",\"item\":\"https:\/\/www.daisho.be\/it\/categorie-produit\/cura-dello-sport\/\"},{\"@type\":\"ListItem\",\"position\":4,\"name\":\"Attrezzature per lo stretching\",\"item\":\"https:\/\/www.daisho.be\/it\/categorie-produit\/cura-dello-sport\/attrezzature-per-lo-stretching\/\"},{\"@type\":\"ListItem\",\"position\":5,\"name\":\"Barra a pavimento Giselle-Fix\"}]},{\"@type\":\"WebSite\",\"@id\":\"https:\/\/www.daisho.be\/it\/#website\",\"url\":\"https:\/\/www.daisho.be\/it\/\",\"name\":\"Daisho\",\"description\":\"Sp&eacute;cialiste de l'&eacute;quipement sportif d'arts martiaux\",\"publisher\":{\"@id\":\"https:\/\/www.daisho.be\/it\/#organization\"},\"potentialAction\":[{\"@type\":\"SearchAction\",\"target\":{\"@type\":\"EntryPoint\",\"urlTemplate\":\"https:\/\/www.daisho.be\/it\/?s={search_term_string}\"},\"query-input\":{\"@type\":\"PropertyValueSpecification\",\"valueRequired\":true,\"valueName\":\"search_term_string\"}}],\"inLanguage\":\"it-IT\"},{\"@type\":\"Organization\",\"@id\":\"https:\/\/www.daisho.be\/it\/#organization\",\"name\":\"Daisho\",\"url\":\"https:\/\/www.daisho.be\/it\/\",\"logo\":{\"@type\":\"ImageObject\",\"inLanguage\":\"it-IT\",\"@id\":\"https:\/\/www.daisho.be\/it\/#\/schema\/logo\/image\/\",\"url\":\"https:\/\/www.daisho.be\/wp-content\/uploads\/2019\/07\/color-nothing-horizontale4x-e1564486100247.png\",\"contentUrl\":\"https:\/\/www.daisho.be\/wp-content\/uploads\/2019\/07\/color-nothing-horizontale4x-e1564486100247.png\",\"width\":1547,\"height\":385,\"caption\":\"Daisho\"},\"image\":{\"@id\":\"https:\/\/www.daisho.be\/it\/#\/schema\/logo\/image\/\"}}]}<\/script>\n<!-- \/ Yoast SEO plugin. -->","yoast_head_json":{"title":"Barra a pavimento Giselle-Fix &#8211; Daisho","description":"Barra da pavimento Giselle-Fix, doppia barra regolabile (10 posizioni), stabile, compatta e ideale per tutti i ballerini. Trovala su www.daisho.be | Daisho","robots":{"index":"index","follow":"follow","max-snippet":"max-snippet:-1","max-image-preview":"max-image-preview:large","max-video-preview":"max-video-preview:-1"},"canonical":"https:\/\/www.daisho.be\/it\/produit\/barra-a-pavimento-giselle-fix\/","og_locale":"it_IT","og_type":"article","og_title":"Barra a pavimento Giselle-Fix &#8211; Daisho","og_description":"Barra da pavimento Giselle-Fix, doppia barra regolabile (10 posizioni), stabile, compatta e ideale per tutti i ballerini. Trovala su www.daisho.be | Daisho","og_url":"https:\/\/www.daisho.be\/it\/produit\/barra-a-pavimento-giselle-fix\/","og_site_name":"Daisho","article_modified_time":"2026-03-30T08:37:54+00:00","og_image":[{"width":800,"height":800,"url":"https:\/\/www.daisho.be\/wp-content\/uploads\/2025\/11\/image-20.png","type":"image\/png"}],"twitter_card":"summary_large_image","twitter_misc":{"Tempo di lettura stimato":"2 minuti"},"schema":{"@context":"https:\/\/schema.org","@graph":[{"@type":"WebPage","@id":"https:\/\/www.daisho.be\/it\/produit\/barra-a-pavimento-giselle-fix\/","url":"https:\/\/www.daisho.be\/it\/produit\/barra-a-pavimento-giselle-fix\/","name":"Barra a pavimento Giselle-Fix &#8211; Daisho","isPartOf":{"@id":"https:\/\/www.daisho.be\/it\/#website"},"primaryImageOfPage":{"@id":"https:\/\/www.daisho.be\/it\/produit\/barra-a-pavimento-giselle-fix\/#primaryimage"},"image":{"@id":"https:\/\/www.daisho.be\/it\/produit\/barra-a-pavimento-giselle-fix\/#primaryimage"},"thumbnailUrl":"https:\/\/www.daisho.be\/wp-content\/uploads\/2025\/11\/image-20.png","datePublished":"2025-11-17T13:46:44+00:00","dateModified":"2026-03-30T08:37:54+00:00","description":"Barra da pavimento Giselle-Fix, doppia barra regolabile (10 posizioni), stabile, compatta e ideale per tutti i ballerini. Trovala su www.daisho.be | Daisho","breadcrumb":{"@id":"https:\/\/www.daisho.be\/it\/produit\/barra-a-pavimento-giselle-fix\/#breadcrumb"},"inLanguage":"it-IT","potentialAction":[{"@type":"ReadAction","target":["https:\/\/www.daisho.be\/it\/produit\/barra-a-pavimento-giselle-fix\/"]}]},{"@type":"ImageObject","inLanguage":"it-IT","@id":"https:\/\/www.daisho.be\/it\/produit\/barra-a-pavimento-giselle-fix\/#primaryimage","url":"https:\/\/www.daisho.be\/wp-content\/uploads\/2025\/11\/image-20.png","contentUrl":"https:\/\/www.daisho.be\/wp-content\/uploads\/2025\/11\/image-20.png","width":800,"height":800,"caption":"Barra a pavimento Giselle-Fix -1"},{"@type":"BreadcrumbList","@id":"https:\/\/www.daisho.be\/it\/produit\/barra-a-pavimento-giselle-fix\/#breadcrumb","itemListElement":[{"@type":"ListItem","position":1,"name":"Accueil","item":"https:\/\/www.daisho.be\/it\/"},{"@type":"ListItem","position":2,"name":"Prodotti","item":"https:\/\/www.daisho.be\/it\/prodotti\/"},{"@type":"ListItem","position":3,"name":"Cura dello sport","item":"https:\/\/www.daisho.be\/it\/categorie-produit\/cura-dello-sport\/"},{"@type":"ListItem","position":4,"name":"Attrezzature per lo stretching","item":"https:\/\/www.daisho.be\/it\/categorie-produit\/cura-dello-sport\/attrezzature-per-lo-stretching\/"},{"@type":"ListItem","position":5,"name":"Barra a pavimento Giselle-Fix"}]},{"@type":"WebSite","@id":"https:\/\/www.daisho.be\/it\/#website","url":"https:\/\/www.daisho.be\/it\/","name":"Daisho","description":"Sp&eacute;cialiste de l'&eacute;quipement sportif d'arts martiaux","publisher":{"@id":"https:\/\/www.daisho.be\/it\/#organization"},"potentialAction":[{"@type":"SearchAction","target":{"@type":"EntryPoint","urlTemplate":"https:\/\/www.daisho.be\/it\/?s={search_term_string}"},"query-input":{"@type":"PropertyValueSpecification","valueRequired":true,"valueName":"search_term_string"}}],"inLanguage":"it-IT"},{"@type":"Organization","@id":"https:\/\/www.daisho.be\/it\/#organization","name":"Daisho","url":"https:\/\/www.daisho.be\/it\/","logo":{"@type":"ImageObject","inLanguage":"it-IT","@id":"https:\/\/www.daisho.be\/it\/#\/schema\/logo\/image\/","url":"https:\/\/www.daisho.be\/wp-content\/uploads\/2019\/07\/color-nothing-horizontale4x-e1564486100247.png","contentUrl":"https:\/\/www.daisho.be\/wp-content\/uploads\/2019\/07\/color-nothing-horizontale4x-e1564486100247.png","width":1547,"height":385,"caption":"Daisho"},"image":{"@id":"https:\/\/www.daisho.be\/it\/#\/schema\/logo\/image\/"}}]}},"_links":{"self":[{"href":"https:\/\/www.daisho.be\/it\/wp-json\/wp\/v2\/product\/622084","targetHints":{"allow":["GET"]}}],"collection":[{"href":"https:\/\/www.daisho.be\/it\/wp-json\/wp\/v2\/product"}],"about":[{"href":"https:\/\/www.daisho.be\/it\/wp-json\/wp\/v2\/types\/product"}],"replies":[{"embeddable":true,"href":"https:\/\/www.daisho.be\/it\/wp-json\/wp\/v2\/comments?post=622084"}],"wp:featuredmedia":[{"embeddable":true,"href":"https:\/\/www.daisho.be\/it\/wp-json\/wp\/v2\/media\/622060"}],"wp:attachment":[{"href":"https:\/\/www.daisho.be\/it\/wp-json\/wp\/v2\/media?parent=622084"}],"wp:term":[{"taxonomy":"product_brand","embeddable":true,"href":"https:\/\/www.daisho.be\/it\/wp-json\/wp\/v2\/product_brand?post=622084"},{"taxonomy":"product_cat","embeddable":true,"href":"https:\/\/www.daisho.be\/it\/wp-json\/wp\/v2\/product_cat?post=622084"},{"taxonomy":"product_tag","embeddable":true,"href":"https:\/\/www.daisho.be\/it\/wp-json\/wp\/v2\/product_tag?post=622084"},{"taxonomy":"sport","embeddable":true,"href":"https:\/\/www.daisho.be\/it\/wp-json\/wp\/v2\/sport?post=622084"}],"curies":[{"name":"wp","href":"https:\/\/api.w.org\/{rel}","templated":true}]}}