{"id":621963,"date":"2025-11-17T13:46:07","date_gmt":"2025-11-17T12:46:07","guid":{"rendered":"https:\/\/www.daisho.be\/produit\/travi-in-legno-pino-giallo-25m\/"},"modified":"2026-03-30T11:13:18","modified_gmt":"2026-03-30T09:13:18","slug":"travi-in-legno-pino-giallo-25m","status":"publish","type":"product","link":"https:\/\/www.daisho.be\/it\/produit\/travi-in-legno-pino-giallo-25m\/","title":{"rendered":"Travi in legno &#8211; pino giallo &#8211; 2,5m"},"content":{"rendered":"<p>Noi di Dinamica Ballet lavoriamo solo con i legni pi\u00f9 adatti alla pratica della danza classica. Il legno \u00e8 un materiale vivo che offre una grande resistenza alla pressione, una leggera flessibilit\u00e0 e una presa perfetta. Tutte le nostre barre sono lucidate con estrema precisione per darti una sensazione di morbidezza e calore e renderle piacevoli e sicure da usare.<br \/>\nBarre in legno di pino giallo.<br \/>\nLe nostre barre in legno di pino giallo sono le pi\u00f9 utilizzate. Sono estremamente resistenti, ma offrono quella leggera flessibilit\u00e0 che \u00e8 essenziale per la pratica della danza classica.<br \/>\nIl legno perfettamente lucidato e non verniciato ha una sensazione piacevole al tatto, una buona presa e una bellezza naturale che ti aiuter\u00e0 a goderti ancora di pi\u00f9 i tuoi esercizi di danza classica. Il legno di pino giallo ha una venatura diritta e semirigida e un colore chiaro.<br \/>\nIl legno di pino giallo che utilizziamo proviene da foreste certificate per la loro gestione sostenibile e le nostre barre hanno un diametro di 40 mm. Le lunghezze standard che offriamo sono 1 metro, 1,5 metri, 2 metri e 3 metri. Offriamo anche misure personalizzate su richiesta e la possibilit\u00e0 di verniciare il legno.<br \/>\nBarre in legno di faggio.<br \/>\nIl legno di faggio \u00e8 leggermente pi\u00f9 duro, denso e pesante del pino e, allo stato naturale, ha una sfumatura pi\u00f9 rossastra. \u00c8 un legno di alta qualit\u00e0, resistente a funghi e insetti. Le nostre barre di faggio sono perfettamente levigate per una sensazione piacevole al tatto e una presa ideale.<br \/>\nIl legno di faggio che utilizziamo proviene da foreste certificate gestite in modo sostenibile in Catalogna e nel sud della Francia. Il diametro delle nostre barre \u00e8 di 40 mm. Le nostre lunghezze standard sono 1,5 metri e 2 metri. Possiamo anche realizzare misure personalizzate e verniciare il legno su richiesta.<br \/>\nLavoriamo con legni che garantiscono resistenza, flessibilit\u00e0 e una buona presa, in modo che tu possa eseguire i tuoi esercizi con precisione e sicurezza.           <\/p>\n","protected":false},"excerpt":{"rendered":"<p>Noi di Dinamica Ballet lavoriamo solo con i legni pi\u00f9 adatti alla pratica della danza classica. Il legno \u00e8 un materiale vivo che offre una grande resistenza alla pressione, una leggera flessibilit\u00e0 e una presa perfetta. Tutte le nostre barre sono lucidate con estrema precisione per darti una sensazione di morbidezza e calore e renderle [&hellip;]<\/p>\n","protected":false},"featured_media":621944,"comment_status":"open","ping_status":"closed","template":"","meta":{"inline_featured_image":false},"product_brand":[],"product_cat":[2539],"product_tag":[2346],"sport":[],"class_list":{"0":"post-621963","1":"product","2":"type-product","3":"status-publish","4":"has-post-thumbnail","6":"product_cat-attrezzature-per-lo-stretching","7":"product_tag-dinamica-balletto","8":"pa_size-25-m","10":"first","11":"instock","12":"taxable","13":"shipping-taxable","14":"purchasable","15":"product-type-variable"},"yoast_head":"<!-- This site is optimized with the Yoast SEO plugin v27.2 - https:\/\/yoast.com\/product\/yoast-seo-wordpress\/ -->\n<title>Travi in legno - pino giallo - 2,5m &#8211; Daisho<\/title>\n<meta name=\"description\" content=\"Spalliere in legno (pino giallo), durevoli, resistenti e flessibili, per una presa sicura e naturale. Trovali su www.daisho.be|Daisho\" \/>\n<meta name=\"robots\" content=\"index, follow, max-snippet:-1, max-image-preview:large, max-video-preview:-1\" \/>\n<link rel=\"canonical\" href=\"https:\/\/www.daisho.be\/it\/produit\/travi-in-legno-pino-giallo-25m\/\" \/>\n<meta property=\"og:locale\" content=\"it_IT\" \/>\n<meta property=\"og:type\" content=\"article\" \/>\n<meta property=\"og:title\" content=\"Travi in legno - pino giallo - 2,5m &#8211; Daisho\" \/>\n<meta property=\"og:description\" content=\"Spalliere in legno (pino giallo), durevoli, resistenti e flessibili, per una presa sicura e naturale. Trovali su www.daisho.be|Daisho\" \/>\n<meta property=\"og:url\" content=\"https:\/\/www.daisho.be\/it\/produit\/travi-in-legno-pino-giallo-25m\/\" \/>\n<meta property=\"og:site_name\" content=\"Daisho\" \/>\n<meta property=\"article:modified_time\" content=\"2026-03-30T09:13:18+00:00\" \/>\n<meta property=\"og:image\" content=\"https:\/\/www.daisho.be\/wp-content\/uploads\/2025\/11\/image-78-scaled.jpg\" \/>\n\t<meta property=\"og:image:width\" content=\"2048\" \/>\n\t<meta property=\"og:image:height\" content=\"1365\" \/>\n\t<meta property=\"og:image:type\" content=\"image\/jpeg\" \/>\n<meta name=\"twitter:card\" content=\"summary_large_image\" \/>\n<meta name=\"twitter:label1\" content=\"Tempo di lettura stimato\" \/>\n\t<meta name=\"twitter:data1\" content=\"2 minuti\" \/>\n<script type=\"application\/ld+json\" class=\"yoast-schema-graph\">{\"@context\":\"https:\/\/schema.org\",\"@graph\":[{\"@type\":\"WebPage\",\"@id\":\"https:\/\/www.daisho.be\/it\/produit\/travi-in-legno-pino-giallo-25m\/\",\"url\":\"https:\/\/www.daisho.be\/it\/produit\/travi-in-legno-pino-giallo-25m\/\",\"name\":\"Travi in legno - pino giallo - 2,5m &#8211; Daisho\",\"isPartOf\":{\"@id\":\"https:\/\/www.daisho.be\/it\/#website\"},\"primaryImageOfPage\":{\"@id\":\"https:\/\/www.daisho.be\/it\/produit\/travi-in-legno-pino-giallo-25m\/#primaryimage\"},\"image\":{\"@id\":\"https:\/\/www.daisho.be\/it\/produit\/travi-in-legno-pino-giallo-25m\/#primaryimage\"},\"thumbnailUrl\":\"https:\/\/www.daisho.be\/wp-content\/uploads\/2025\/11\/image-78-scaled.jpg\",\"datePublished\":\"2025-11-17T12:46:07+00:00\",\"dateModified\":\"2026-03-30T09:13:18+00:00\",\"description\":\"Spalliere in legno (pino giallo), durevoli, resistenti e flessibili, per una presa sicura e naturale. Trovali su www.daisho.be|Daisho\",\"breadcrumb\":{\"@id\":\"https:\/\/www.daisho.be\/it\/produit\/travi-in-legno-pino-giallo-25m\/#breadcrumb\"},\"inLanguage\":\"it-IT\",\"potentialAction\":[{\"@type\":\"ReadAction\",\"target\":[\"https:\/\/www.daisho.be\/it\/produit\/travi-in-legno-pino-giallo-25m\/\"]}]},{\"@type\":\"ImageObject\",\"inLanguage\":\"it-IT\",\"@id\":\"https:\/\/www.daisho.be\/it\/produit\/travi-in-legno-pino-giallo-25m\/#primaryimage\",\"url\":\"https:\/\/www.daisho.be\/wp-content\/uploads\/2025\/11\/image-78-scaled.jpg\",\"contentUrl\":\"https:\/\/www.daisho.be\/wp-content\/uploads\/2025\/11\/image-78-scaled.jpg\",\"width\":2048,\"height\":1365,\"caption\":\"Travi in legno - pino giallo - 2,5m-1\"},{\"@type\":\"BreadcrumbList\",\"@id\":\"https:\/\/www.daisho.be\/it\/produit\/travi-in-legno-pino-giallo-25m\/#breadcrumb\",\"itemListElement\":[{\"@type\":\"ListItem\",\"position\":1,\"name\":\"Accueil\",\"item\":\"https:\/\/www.daisho.be\/it\/\"},{\"@type\":\"ListItem\",\"position\":2,\"name\":\"Prodotti\",\"item\":\"https:\/\/www.daisho.be\/it\/prodotti\/\"},{\"@type\":\"ListItem\",\"position\":3,\"name\":\"Cura dello sport\",\"item\":\"https:\/\/www.daisho.be\/it\/categorie-produit\/cura-dello-sport\/\"},{\"@type\":\"ListItem\",\"position\":4,\"name\":\"Attrezzature per lo stretching\",\"item\":\"https:\/\/www.daisho.be\/it\/categorie-produit\/cura-dello-sport\/attrezzature-per-lo-stretching\/\"},{\"@type\":\"ListItem\",\"position\":5,\"name\":\"Travi in legno &#8211; pino giallo &#8211; 2,5m\"}]},{\"@type\":\"WebSite\",\"@id\":\"https:\/\/www.daisho.be\/it\/#website\",\"url\":\"https:\/\/www.daisho.be\/it\/\",\"name\":\"Daisho\",\"description\":\"Sp&eacute;cialiste de l'&eacute;quipement sportif d'arts martiaux\",\"publisher\":{\"@id\":\"https:\/\/www.daisho.be\/it\/#organization\"},\"potentialAction\":[{\"@type\":\"SearchAction\",\"target\":{\"@type\":\"EntryPoint\",\"urlTemplate\":\"https:\/\/www.daisho.be\/it\/?s={search_term_string}\"},\"query-input\":{\"@type\":\"PropertyValueSpecification\",\"valueRequired\":true,\"valueName\":\"search_term_string\"}}],\"inLanguage\":\"it-IT\"},{\"@type\":\"Organization\",\"@id\":\"https:\/\/www.daisho.be\/it\/#organization\",\"name\":\"Daisho\",\"url\":\"https:\/\/www.daisho.be\/it\/\",\"logo\":{\"@type\":\"ImageObject\",\"inLanguage\":\"it-IT\",\"@id\":\"https:\/\/www.daisho.be\/it\/#\/schema\/logo\/image\/\",\"url\":\"https:\/\/www.daisho.be\/wp-content\/uploads\/2019\/07\/color-nothing-horizontale4x-e1564486100247.png\",\"contentUrl\":\"https:\/\/www.daisho.be\/wp-content\/uploads\/2019\/07\/color-nothing-horizontale4x-e1564486100247.png\",\"width\":1547,\"height\":385,\"caption\":\"Daisho\"},\"image\":{\"@id\":\"https:\/\/www.daisho.be\/it\/#\/schema\/logo\/image\/\"}}]}<\/script>\n<!-- \/ Yoast SEO plugin. -->","yoast_head_json":{"title":"Travi in legno - pino giallo - 2,5m &#8211; Daisho","description":"Spalliere in legno (pino giallo), durevoli, resistenti e flessibili, per una presa sicura e naturale. Trovali su www.daisho.be|Daisho","robots":{"index":"index","follow":"follow","max-snippet":"max-snippet:-1","max-image-preview":"max-image-preview:large","max-video-preview":"max-video-preview:-1"},"canonical":"https:\/\/www.daisho.be\/it\/produit\/travi-in-legno-pino-giallo-25m\/","og_locale":"it_IT","og_type":"article","og_title":"Travi in legno - pino giallo - 2,5m &#8211; Daisho","og_description":"Spalliere in legno (pino giallo), durevoli, resistenti e flessibili, per una presa sicura e naturale. Trovali su www.daisho.be|Daisho","og_url":"https:\/\/www.daisho.be\/it\/produit\/travi-in-legno-pino-giallo-25m\/","og_site_name":"Daisho","article_modified_time":"2026-03-30T09:13:18+00:00","og_image":[{"width":2048,"height":1365,"url":"https:\/\/www.daisho.be\/wp-content\/uploads\/2025\/11\/image-78-scaled.jpg","type":"image\/jpeg"}],"twitter_card":"summary_large_image","twitter_misc":{"Tempo di lettura stimato":"2 minuti"},"schema":{"@context":"https:\/\/schema.org","@graph":[{"@type":"WebPage","@id":"https:\/\/www.daisho.be\/it\/produit\/travi-in-legno-pino-giallo-25m\/","url":"https:\/\/www.daisho.be\/it\/produit\/travi-in-legno-pino-giallo-25m\/","name":"Travi in legno - pino giallo - 2,5m &#8211; Daisho","isPartOf":{"@id":"https:\/\/www.daisho.be\/it\/#website"},"primaryImageOfPage":{"@id":"https:\/\/www.daisho.be\/it\/produit\/travi-in-legno-pino-giallo-25m\/#primaryimage"},"image":{"@id":"https:\/\/www.daisho.be\/it\/produit\/travi-in-legno-pino-giallo-25m\/#primaryimage"},"thumbnailUrl":"https:\/\/www.daisho.be\/wp-content\/uploads\/2025\/11\/image-78-scaled.jpg","datePublished":"2025-11-17T12:46:07+00:00","dateModified":"2026-03-30T09:13:18+00:00","description":"Spalliere in legno (pino giallo), durevoli, resistenti e flessibili, per una presa sicura e naturale. Trovali su www.daisho.be|Daisho","breadcrumb":{"@id":"https:\/\/www.daisho.be\/it\/produit\/travi-in-legno-pino-giallo-25m\/#breadcrumb"},"inLanguage":"it-IT","potentialAction":[{"@type":"ReadAction","target":["https:\/\/www.daisho.be\/it\/produit\/travi-in-legno-pino-giallo-25m\/"]}]},{"@type":"ImageObject","inLanguage":"it-IT","@id":"https:\/\/www.daisho.be\/it\/produit\/travi-in-legno-pino-giallo-25m\/#primaryimage","url":"https:\/\/www.daisho.be\/wp-content\/uploads\/2025\/11\/image-78-scaled.jpg","contentUrl":"https:\/\/www.daisho.be\/wp-content\/uploads\/2025\/11\/image-78-scaled.jpg","width":2048,"height":1365,"caption":"Travi in legno - pino giallo - 2,5m-1"},{"@type":"BreadcrumbList","@id":"https:\/\/www.daisho.be\/it\/produit\/travi-in-legno-pino-giallo-25m\/#breadcrumb","itemListElement":[{"@type":"ListItem","position":1,"name":"Accueil","item":"https:\/\/www.daisho.be\/it\/"},{"@type":"ListItem","position":2,"name":"Prodotti","item":"https:\/\/www.daisho.be\/it\/prodotti\/"},{"@type":"ListItem","position":3,"name":"Cura dello sport","item":"https:\/\/www.daisho.be\/it\/categorie-produit\/cura-dello-sport\/"},{"@type":"ListItem","position":4,"name":"Attrezzature per lo stretching","item":"https:\/\/www.daisho.be\/it\/categorie-produit\/cura-dello-sport\/attrezzature-per-lo-stretching\/"},{"@type":"ListItem","position":5,"name":"Travi in legno &#8211; pino giallo &#8211; 2,5m"}]},{"@type":"WebSite","@id":"https:\/\/www.daisho.be\/it\/#website","url":"https:\/\/www.daisho.be\/it\/","name":"Daisho","description":"Sp&eacute;cialiste de l'&eacute;quipement sportif d'arts martiaux","publisher":{"@id":"https:\/\/www.daisho.be\/it\/#organization"},"potentialAction":[{"@type":"SearchAction","target":{"@type":"EntryPoint","urlTemplate":"https:\/\/www.daisho.be\/it\/?s={search_term_string}"},"query-input":{"@type":"PropertyValueSpecification","valueRequired":true,"valueName":"search_term_string"}}],"inLanguage":"it-IT"},{"@type":"Organization","@id":"https:\/\/www.daisho.be\/it\/#organization","name":"Daisho","url":"https:\/\/www.daisho.be\/it\/","logo":{"@type":"ImageObject","inLanguage":"it-IT","@id":"https:\/\/www.daisho.be\/it\/#\/schema\/logo\/image\/","url":"https:\/\/www.daisho.be\/wp-content\/uploads\/2019\/07\/color-nothing-horizontale4x-e1564486100247.png","contentUrl":"https:\/\/www.daisho.be\/wp-content\/uploads\/2019\/07\/color-nothing-horizontale4x-e1564486100247.png","width":1547,"height":385,"caption":"Daisho"},"image":{"@id":"https:\/\/www.daisho.be\/it\/#\/schema\/logo\/image\/"}}]}},"_links":{"self":[{"href":"https:\/\/www.daisho.be\/it\/wp-json\/wp\/v2\/product\/621963","targetHints":{"allow":["GET"]}}],"collection":[{"href":"https:\/\/www.daisho.be\/it\/wp-json\/wp\/v2\/product"}],"about":[{"href":"https:\/\/www.daisho.be\/it\/wp-json\/wp\/v2\/types\/product"}],"replies":[{"embeddable":true,"href":"https:\/\/www.daisho.be\/it\/wp-json\/wp\/v2\/comments?post=621963"}],"wp:featuredmedia":[{"embeddable":true,"href":"https:\/\/www.daisho.be\/it\/wp-json\/wp\/v2\/media\/621944"}],"wp:attachment":[{"href":"https:\/\/www.daisho.be\/it\/wp-json\/wp\/v2\/media?parent=621963"}],"wp:term":[{"taxonomy":"product_brand","embeddable":true,"href":"https:\/\/www.daisho.be\/it\/wp-json\/wp\/v2\/product_brand?post=621963"},{"taxonomy":"product_cat","embeddable":true,"href":"https:\/\/www.daisho.be\/it\/wp-json\/wp\/v2\/product_cat?post=621963"},{"taxonomy":"product_tag","embeddable":true,"href":"https:\/\/www.daisho.be\/it\/wp-json\/wp\/v2\/product_tag?post=621963"},{"taxonomy":"sport","embeddable":true,"href":"https:\/\/www.daisho.be\/it\/wp-json\/wp\/v2\/sport?post=621963"}],"curies":[{"name":"wp","href":"https:\/\/api.w.org\/{rel}","templated":true}]}}