{"id":621759,"date":"2025-11-17T13:15:21","date_gmt":"2025-11-17T12:15:21","guid":{"rendered":"https:\/\/www.daisho.be\/produit\/barra-da-ballo-professionale-giselle-3m\/"},"modified":"2026-03-30T13:52:03","modified_gmt":"2026-03-30T11:52:03","slug":"barra-da-ballo-professionale-giselle-3m","status":"publish","type":"product","link":"https:\/\/www.daisho.be\/it\/produit\/barra-da-ballo-professionale-giselle-3m\/","title":{"rendered":"Barra da ballo professionale Giselle &#8211; 3m"},"content":{"rendered":"<p>La Giselle \u00e8 una sbarra professionale con supporti per due barre di legno e un meccanismo che ti permette di regolare l&#8217;altezza tra 70 e 120 centimetri. L&#8217;abbiamo progettata per un uso professionale intensivo da parte di ballerini e atleti di tutte le et\u00e0 e dimensioni. Puoi scegliere uno dei due tipi di base, con o senza rotelle, per trasportare facilmente la sbarra tra una lezione e l&#8217;altra.<br \/>\n20 altezze diverse per adattarsi a tutti.<br \/>\nCon due sbarre distanti 19 cm e 10 posizioni regolabili, Giselle offre molte possibilit\u00e0. L&#8217;altezza \u00e8 facile da regolare, quindi pu\u00f2 essere cambiata rapidamente per adattarsi a persone ed esercizi diversi.<br \/>\nIl design esclusivo dei doppi supporti di Dinamica Ballet distribuisce la pressione che il ballerino esercita sulle barre. Grazie alla sua grande stabilit\u00e0, i ballerini di tutte le et\u00e0 e di tutte le taglie possono lavorare contemporaneamente. Questa sbarra \u00e8 disponibile con barre di legno da 2 e 3 metri.<br \/>\nBasi con o senza rotelle, due opzioni per una maggiore adattabilit\u00e0<br \/>\nIl modello Giselle fa parte della nostra gamma di sbarre mobili professionali. Offriamo due tipi di base in acciaio: una base con due ruote da 20 kg e una base piatta senza ruote da 10 kg. La base con rotelle in gomma ad alta densit\u00e0 offre una grande stabilit\u00e0 e ti permette di spostare la barra senza sforzo inclinandola di 45 gradi.<br \/>\nLa base piatta \u00e8 progettata in modo da poter spostare la barra sollevandola e senza che tocchi il pavimento. In entrambi i casi, le basi sono dotate di scivoli in PVC per evitare di danneggiare il pavimento. Se hai bisogno di spostare spesso la barra, ti consigliamo il modello con rotelle. Se pensi di spostarla solo occasionalmente o se sei in due, opta per la base senza rotelle. Il peso totale con le basi con rotelle e la barra di legno di 2 metri \u00e8 di 53 kg. Il peso del set con le basi senza rotelle \u00e8 di 34 kg.<br \/>\nRealizzata con i migliori materiali per una durata garantita.<br \/>\nLe nostre barre realizzate in legno di pino giallo proveniente da foreste sostenibili sono resistenti e leggermente flessibili, il che le rende ideali per gli esercizi avanzati. Il legno perfettamente lucidato e non verniciato ha una sensazione piacevole al tatto, una buona presa e una bellezza naturale. I supporti si adattano saldamente alle barre senza bisogno di forare il legno, garantendo migliaia di ore di utilizzo e facilit\u00e0 di installazione.<br \/>\nAbbiamo effettuato studi nel Laboratorio di Elasticit\u00e0 e Resistenza dei Materiali dell&#8217;Universit\u00e0 Politecnica di Barcellona, dimostrando che la barra pu\u00f2 resistere a forze di quasi 400 kg. Le basi e le staffe sono realizzate in acciaio di alta qualit\u00e0 con una finitura epossidica argentata altamente resistente a urti e graffi.               <\/p>\n","protected":false},"excerpt":{"rendered":"<p>La Giselle \u00e8 una sbarra professionale con supporti per due barre di legno e un meccanismo che ti permette di regolare l&#8217;altezza tra 70 e 120 centimetri. L&#8217;abbiamo progettata per un uso professionale intensivo da parte di ballerini e atleti di tutte le et\u00e0 e dimensioni. Puoi scegliere uno dei due tipi di base, con [&hellip;]<\/p>\n","protected":false},"featured_media":621739,"comment_status":"open","ping_status":"closed","template":"","meta":{"inline_featured_image":false},"product_brand":[],"product_cat":[2539],"product_tag":[2346],"sport":[],"class_list":{"0":"post-621759","1":"product","2":"type-product","3":"status-publish","4":"has-post-thumbnail","6":"product_cat-attrezzature-per-lo-stretching","7":"product_tag-dinamica-balletto","8":"pa_size-3-m","10":"first","11":"instock","12":"taxable","13":"shipping-taxable","14":"purchasable","15":"product-type-variable"},"yoast_head":"<!-- This site is optimized with the Yoast SEO plugin v27.2 - https:\/\/yoast.com\/product\/yoast-seo-wordpress\/ -->\n<title>Barra da ballo professionale Giselle - 3m &#8211; Daisho<\/title>\n<meta name=\"description\" content=\"Barra da ballo Giselle, doppia barra regolabile, stabile e mobile, ideale per un uso professionale intensivo. Scoprila su www.daisho.be|Daisho\" \/>\n<meta name=\"robots\" content=\"index, follow, max-snippet:-1, max-image-preview:large, max-video-preview:-1\" \/>\n<link rel=\"canonical\" href=\"https:\/\/www.daisho.be\/it\/produit\/barra-da-ballo-professionale-giselle-3m\/\" \/>\n<meta property=\"og:locale\" content=\"it_IT\" \/>\n<meta property=\"og:type\" content=\"article\" \/>\n<meta property=\"og:title\" content=\"Barra da ballo professionale Giselle - 3m &#8211; Daisho\" \/>\n<meta property=\"og:description\" content=\"Barra da ballo Giselle, doppia barra regolabile, stabile e mobile, ideale per un uso professionale intensivo. Scoprila su www.daisho.be|Daisho\" \/>\n<meta property=\"og:url\" content=\"https:\/\/www.daisho.be\/it\/produit\/barra-da-ballo-professionale-giselle-3m\/\" \/>\n<meta property=\"og:site_name\" content=\"Daisho\" \/>\n<meta property=\"article:modified_time\" content=\"2026-03-30T11:52:03+00:00\" \/>\n<meta property=\"og:image\" content=\"https:\/\/www.daisho.be\/wp-content\/uploads\/2025\/11\/image-70-scaled.jpg\" \/>\n\t<meta property=\"og:image:width\" content=\"2048\" \/>\n\t<meta property=\"og:image:height\" content=\"1367\" \/>\n\t<meta property=\"og:image:type\" content=\"image\/jpeg\" \/>\n<meta name=\"twitter:card\" content=\"summary_large_image\" \/>\n<meta name=\"twitter:label1\" content=\"Tempo di lettura stimato\" \/>\n\t<meta name=\"twitter:data1\" content=\"2 minuti\" \/>\n<script type=\"application\/ld+json\" class=\"yoast-schema-graph\">{\"@context\":\"https:\/\/schema.org\",\"@graph\":[{\"@type\":\"WebPage\",\"@id\":\"https:\/\/www.daisho.be\/it\/produit\/barra-da-ballo-professionale-giselle-3m\/\",\"url\":\"https:\/\/www.daisho.be\/it\/produit\/barra-da-ballo-professionale-giselle-3m\/\",\"name\":\"Barra da ballo professionale Giselle - 3m &#8211; Daisho\",\"isPartOf\":{\"@id\":\"https:\/\/www.daisho.be\/it\/#website\"},\"primaryImageOfPage\":{\"@id\":\"https:\/\/www.daisho.be\/it\/produit\/barra-da-ballo-professionale-giselle-3m\/#primaryimage\"},\"image\":{\"@id\":\"https:\/\/www.daisho.be\/it\/produit\/barra-da-ballo-professionale-giselle-3m\/#primaryimage\"},\"thumbnailUrl\":\"https:\/\/www.daisho.be\/wp-content\/uploads\/2025\/11\/image-70-scaled.jpg\",\"datePublished\":\"2025-11-17T12:15:21+00:00\",\"dateModified\":\"2026-03-30T11:52:03+00:00\",\"description\":\"Barra da ballo Giselle, doppia barra regolabile, stabile e mobile, ideale per un uso professionale intensivo. Scoprila su www.daisho.be|Daisho\",\"breadcrumb\":{\"@id\":\"https:\/\/www.daisho.be\/it\/produit\/barra-da-ballo-professionale-giselle-3m\/#breadcrumb\"},\"inLanguage\":\"it-IT\",\"potentialAction\":[{\"@type\":\"ReadAction\",\"target\":[\"https:\/\/www.daisho.be\/it\/produit\/barra-da-ballo-professionale-giselle-3m\/\"]}]},{\"@type\":\"ImageObject\",\"inLanguage\":\"it-IT\",\"@id\":\"https:\/\/www.daisho.be\/it\/produit\/barra-da-ballo-professionale-giselle-3m\/#primaryimage\",\"url\":\"https:\/\/www.daisho.be\/wp-content\/uploads\/2025\/11\/image-70-scaled.jpg\",\"contentUrl\":\"https:\/\/www.daisho.be\/wp-content\/uploads\/2025\/11\/image-70-scaled.jpg\",\"width\":2048,\"height\":1367,\"caption\":\"Barra da ballo professionale Giselle - 3m-1\"},{\"@type\":\"BreadcrumbList\",\"@id\":\"https:\/\/www.daisho.be\/it\/produit\/barra-da-ballo-professionale-giselle-3m\/#breadcrumb\",\"itemListElement\":[{\"@type\":\"ListItem\",\"position\":1,\"name\":\"Accueil\",\"item\":\"https:\/\/www.daisho.be\/it\/\"},{\"@type\":\"ListItem\",\"position\":2,\"name\":\"Prodotti\",\"item\":\"https:\/\/www.daisho.be\/it\/prodotti\/\"},{\"@type\":\"ListItem\",\"position\":3,\"name\":\"Cura dello sport\",\"item\":\"https:\/\/www.daisho.be\/it\/categorie-produit\/cura-dello-sport\/\"},{\"@type\":\"ListItem\",\"position\":4,\"name\":\"Attrezzature per lo stretching\",\"item\":\"https:\/\/www.daisho.be\/it\/categorie-produit\/cura-dello-sport\/attrezzature-per-lo-stretching\/\"},{\"@type\":\"ListItem\",\"position\":5,\"name\":\"Barra da ballo professionale Giselle &#8211; 3m\"}]},{\"@type\":\"WebSite\",\"@id\":\"https:\/\/www.daisho.be\/it\/#website\",\"url\":\"https:\/\/www.daisho.be\/it\/\",\"name\":\"Daisho\",\"description\":\"Sp&eacute;cialiste de l'&eacute;quipement sportif d'arts martiaux\",\"publisher\":{\"@id\":\"https:\/\/www.daisho.be\/it\/#organization\"},\"potentialAction\":[{\"@type\":\"SearchAction\",\"target\":{\"@type\":\"EntryPoint\",\"urlTemplate\":\"https:\/\/www.daisho.be\/it\/?s={search_term_string}\"},\"query-input\":{\"@type\":\"PropertyValueSpecification\",\"valueRequired\":true,\"valueName\":\"search_term_string\"}}],\"inLanguage\":\"it-IT\"},{\"@type\":\"Organization\",\"@id\":\"https:\/\/www.daisho.be\/it\/#organization\",\"name\":\"Daisho\",\"url\":\"https:\/\/www.daisho.be\/it\/\",\"logo\":{\"@type\":\"ImageObject\",\"inLanguage\":\"it-IT\",\"@id\":\"https:\/\/www.daisho.be\/it\/#\/schema\/logo\/image\/\",\"url\":\"https:\/\/www.daisho.be\/wp-content\/uploads\/2019\/07\/color-nothing-horizontale4x-e1564486100247.png\",\"contentUrl\":\"https:\/\/www.daisho.be\/wp-content\/uploads\/2019\/07\/color-nothing-horizontale4x-e1564486100247.png\",\"width\":1547,\"height\":385,\"caption\":\"Daisho\"},\"image\":{\"@id\":\"https:\/\/www.daisho.be\/it\/#\/schema\/logo\/image\/\"}}]}<\/script>\n<!-- \/ Yoast SEO plugin. -->","yoast_head_json":{"title":"Barra da ballo professionale Giselle - 3m &#8211; Daisho","description":"Barra da ballo Giselle, doppia barra regolabile, stabile e mobile, ideale per un uso professionale intensivo. Scoprila su www.daisho.be|Daisho","robots":{"index":"index","follow":"follow","max-snippet":"max-snippet:-1","max-image-preview":"max-image-preview:large","max-video-preview":"max-video-preview:-1"},"canonical":"https:\/\/www.daisho.be\/it\/produit\/barra-da-ballo-professionale-giselle-3m\/","og_locale":"it_IT","og_type":"article","og_title":"Barra da ballo professionale Giselle - 3m &#8211; Daisho","og_description":"Barra da ballo Giselle, doppia barra regolabile, stabile e mobile, ideale per un uso professionale intensivo. Scoprila su www.daisho.be|Daisho","og_url":"https:\/\/www.daisho.be\/it\/produit\/barra-da-ballo-professionale-giselle-3m\/","og_site_name":"Daisho","article_modified_time":"2026-03-30T11:52:03+00:00","og_image":[{"width":2048,"height":1367,"url":"https:\/\/www.daisho.be\/wp-content\/uploads\/2025\/11\/image-70-scaled.jpg","type":"image\/jpeg"}],"twitter_card":"summary_large_image","twitter_misc":{"Tempo di lettura stimato":"2 minuti"},"schema":{"@context":"https:\/\/schema.org","@graph":[{"@type":"WebPage","@id":"https:\/\/www.daisho.be\/it\/produit\/barra-da-ballo-professionale-giselle-3m\/","url":"https:\/\/www.daisho.be\/it\/produit\/barra-da-ballo-professionale-giselle-3m\/","name":"Barra da ballo professionale Giselle - 3m &#8211; Daisho","isPartOf":{"@id":"https:\/\/www.daisho.be\/it\/#website"},"primaryImageOfPage":{"@id":"https:\/\/www.daisho.be\/it\/produit\/barra-da-ballo-professionale-giselle-3m\/#primaryimage"},"image":{"@id":"https:\/\/www.daisho.be\/it\/produit\/barra-da-ballo-professionale-giselle-3m\/#primaryimage"},"thumbnailUrl":"https:\/\/www.daisho.be\/wp-content\/uploads\/2025\/11\/image-70-scaled.jpg","datePublished":"2025-11-17T12:15:21+00:00","dateModified":"2026-03-30T11:52:03+00:00","description":"Barra da ballo Giselle, doppia barra regolabile, stabile e mobile, ideale per un uso professionale intensivo. Scoprila su www.daisho.be|Daisho","breadcrumb":{"@id":"https:\/\/www.daisho.be\/it\/produit\/barra-da-ballo-professionale-giselle-3m\/#breadcrumb"},"inLanguage":"it-IT","potentialAction":[{"@type":"ReadAction","target":["https:\/\/www.daisho.be\/it\/produit\/barra-da-ballo-professionale-giselle-3m\/"]}]},{"@type":"ImageObject","inLanguage":"it-IT","@id":"https:\/\/www.daisho.be\/it\/produit\/barra-da-ballo-professionale-giselle-3m\/#primaryimage","url":"https:\/\/www.daisho.be\/wp-content\/uploads\/2025\/11\/image-70-scaled.jpg","contentUrl":"https:\/\/www.daisho.be\/wp-content\/uploads\/2025\/11\/image-70-scaled.jpg","width":2048,"height":1367,"caption":"Barra da ballo professionale Giselle - 3m-1"},{"@type":"BreadcrumbList","@id":"https:\/\/www.daisho.be\/it\/produit\/barra-da-ballo-professionale-giselle-3m\/#breadcrumb","itemListElement":[{"@type":"ListItem","position":1,"name":"Accueil","item":"https:\/\/www.daisho.be\/it\/"},{"@type":"ListItem","position":2,"name":"Prodotti","item":"https:\/\/www.daisho.be\/it\/prodotti\/"},{"@type":"ListItem","position":3,"name":"Cura dello sport","item":"https:\/\/www.daisho.be\/it\/categorie-produit\/cura-dello-sport\/"},{"@type":"ListItem","position":4,"name":"Attrezzature per lo stretching","item":"https:\/\/www.daisho.be\/it\/categorie-produit\/cura-dello-sport\/attrezzature-per-lo-stretching\/"},{"@type":"ListItem","position":5,"name":"Barra da ballo professionale Giselle &#8211; 3m"}]},{"@type":"WebSite","@id":"https:\/\/www.daisho.be\/it\/#website","url":"https:\/\/www.daisho.be\/it\/","name":"Daisho","description":"Sp&eacute;cialiste de l'&eacute;quipement sportif d'arts martiaux","publisher":{"@id":"https:\/\/www.daisho.be\/it\/#organization"},"potentialAction":[{"@type":"SearchAction","target":{"@type":"EntryPoint","urlTemplate":"https:\/\/www.daisho.be\/it\/?s={search_term_string}"},"query-input":{"@type":"PropertyValueSpecification","valueRequired":true,"valueName":"search_term_string"}}],"inLanguage":"it-IT"},{"@type":"Organization","@id":"https:\/\/www.daisho.be\/it\/#organization","name":"Daisho","url":"https:\/\/www.daisho.be\/it\/","logo":{"@type":"ImageObject","inLanguage":"it-IT","@id":"https:\/\/www.daisho.be\/it\/#\/schema\/logo\/image\/","url":"https:\/\/www.daisho.be\/wp-content\/uploads\/2019\/07\/color-nothing-horizontale4x-e1564486100247.png","contentUrl":"https:\/\/www.daisho.be\/wp-content\/uploads\/2019\/07\/color-nothing-horizontale4x-e1564486100247.png","width":1547,"height":385,"caption":"Daisho"},"image":{"@id":"https:\/\/www.daisho.be\/it\/#\/schema\/logo\/image\/"}}]}},"_links":{"self":[{"href":"https:\/\/www.daisho.be\/it\/wp-json\/wp\/v2\/product\/621759","targetHints":{"allow":["GET"]}}],"collection":[{"href":"https:\/\/www.daisho.be\/it\/wp-json\/wp\/v2\/product"}],"about":[{"href":"https:\/\/www.daisho.be\/it\/wp-json\/wp\/v2\/types\/product"}],"replies":[{"embeddable":true,"href":"https:\/\/www.daisho.be\/it\/wp-json\/wp\/v2\/comments?post=621759"}],"wp:featuredmedia":[{"embeddable":true,"href":"https:\/\/www.daisho.be\/it\/wp-json\/wp\/v2\/media\/621739"}],"wp:attachment":[{"href":"https:\/\/www.daisho.be\/it\/wp-json\/wp\/v2\/media?parent=621759"}],"wp:term":[{"taxonomy":"product_brand","embeddable":true,"href":"https:\/\/www.daisho.be\/it\/wp-json\/wp\/v2\/product_brand?post=621759"},{"taxonomy":"product_cat","embeddable":true,"href":"https:\/\/www.daisho.be\/it\/wp-json\/wp\/v2\/product_cat?post=621759"},{"taxonomy":"product_tag","embeddable":true,"href":"https:\/\/www.daisho.be\/it\/wp-json\/wp\/v2\/product_tag?post=621759"},{"taxonomy":"sport","embeddable":true,"href":"https:\/\/www.daisho.be\/it\/wp-json\/wp\/v2\/sport?post=621759"}],"curies":[{"name":"wp","href":"https:\/\/api.w.org\/{rel}","templated":true}]}}