{"id":621620,"date":"2025-11-17T12:59:24","date_gmt":"2025-11-17T11:59:24","guid":{"rendered":"https:\/\/www.daisho.be\/produit\/barra-da-ballo-professionale-avant-5m-con-rotelle\/"},"modified":"2026-03-30T13:53:00","modified_gmt":"2026-03-30T11:53:00","slug":"barra-da-ballo-professionale-avant-5m-con-rotelle","status":"publish","type":"product","link":"https:\/\/www.daisho.be\/it\/produit\/barra-da-ballo-professionale-avant-5m-con-rotelle\/","title":{"rendered":"Barra da ballo professionale Avant &#8211; 5m &#8211; con rotelle"},"content":{"rendered":"<p>La sbarra Avant \u00e8 un modello professionale con due tipi di base disponibili. Con un&#8217;altezza di 103 centimetri, \u00e8 la sbarra ideale per un allenamento efficace a scuola di danza o a casa.<br \/>\nStabilit\u00e0 e resistenza eccezionali<br \/>\nIl design esclusivo dei supporti della nostra gamma professionale distribuisce la pressione che il ballerino esercita sulla sbarra e le basi in acciaio offrono una grande stabilit\u00e0. Abbiamo condotto studi nel laboratorio di elasticit\u00e0 dei materiali dell&#8217;Universit\u00e0 Politecnica della Catalogna, dimostrando che la sbarra pu\u00f2 resistere a forze di quasi 400 kg. La barra Avant \u00e8 riconosciuta sia dai professionisti che cercano prestazioni elevate sia dai dilettanti che cercano stabilit\u00e0 per eseguire gli esercizi pi\u00f9 impegnativi a casa.<br \/>\nBase con o senza rotelle per soddisfare le tue esigenze<br \/>\nIl modello Avant fa parte della nostra gamma di barre mobili professionali. Offriamo due tipi di base in acciaio: una base con due rotelle dal peso di 20 kg e una base piatta senza rotelle dal peso di 10 kg. La base con rotelle in gomma ad alta densit\u00e0 offre una grande stabilit\u00e0 e ti permette di spostare la barra senza sforzo inclinandola di 45 gradi. La base piatta \u00e8 progettata in modo da poter spostare la sbarra senza che tocchi il pavimento.<br \/>\nIn entrambi i casi, le basi sono dotate di pattini in PVC per proteggere il pavimento, anche se \u00e8 in legno. Se pensi di portare il bar Avant in tour o se hai bisogno di spostarlo spesso, ti consigliamo il modello con rotelle. Se invece pensi di spostarla solo occasionalmente o se sei in due, la base piatta \u00e8 pi\u00f9 adatta. Il peso totale con le basi con rotelle e la barra di legno di 2 metri \u00e8 di 48 kg. Il peso totale con le basi senza rotelle \u00e8 di 32 kg.<br \/>\nGoditi l&#8217;inimitabile sensazione del legno<br \/>\nLe nostre barre realizzate in legno di pino giallo proveniente da foreste sostenibili sono resistenti e leggermente flessibili, il che le rende ideali per esercizi avanzati. Il legno perfettamente levigato e non verniciato offre una sensazione piacevole al tatto, una buona presa e una bellezza naturale. Il modello Avant \u00e8 disponibile con barre in legno da 1,5 metri, 2 metri e 3 metri.<br \/>\nZoccoli con o senza rotelle<br \/>\nSupporto per una barra in legno<br \/>\nDisponibile con barre da 1,5 metri, 2 metri e 3 metri            <\/p>\n","protected":false},"excerpt":{"rendered":"<p>La sbarra Avant \u00e8 un modello professionale con due tipi di base disponibili. Con un&#8217;altezza di 103 centimetri, \u00e8 la sbarra ideale per un allenamento efficace a scuola di danza o a casa. Stabilit\u00e0 e resistenza eccezionali Il design esclusivo dei supporti della nostra gamma professionale distribuisce la pressione che il ballerino esercita sulla sbarra [&hellip;]<\/p>\n","protected":false},"featured_media":621608,"comment_status":"open","ping_status":"closed","template":"","meta":{"inline_featured_image":false},"product_brand":[],"product_cat":[2539],"product_tag":[2346],"sport":[],"class_list":{"0":"post-621620","1":"product","2":"type-product","3":"status-publish","4":"has-post-thumbnail","6":"product_cat-attrezzature-per-lo-stretching","7":"product_tag-dinamica-balletto","8":"pa_size-5-m","10":"first","11":"instock","12":"taxable","13":"shipping-taxable","14":"purchasable","15":"product-type-variable"},"yoast_head":"<!-- This site is optimized with the Yoast SEO plugin v27.2 - https:\/\/yoast.com\/product\/yoast-seo-wordpress\/ -->\n<title>Barra da ballo professionale Avant - 5m - con rotelle &#8211; Daisho<\/title>\n<meta name=\"description\" content=\"Una sbarra per la danza che combina stabilit\u00e0, resistenza e qualit\u00e0 per un allenamento ottimale a scuola di danza o a casa. Scoprila su www.daisho.be|Daisho\" \/>\n<meta name=\"robots\" content=\"index, follow, max-snippet:-1, max-image-preview:large, max-video-preview:-1\" \/>\n<link rel=\"canonical\" href=\"https:\/\/www.daisho.be\/it\/produit\/barra-da-ballo-professionale-avant-5m-con-rotelle\/\" \/>\n<meta property=\"og:locale\" content=\"it_IT\" \/>\n<meta property=\"og:type\" content=\"article\" \/>\n<meta property=\"og:title\" content=\"Barra da ballo professionale Avant - 5m - con rotelle &#8211; Daisho\" \/>\n<meta property=\"og:description\" content=\"Una sbarra per la danza che combina stabilit\u00e0, resistenza e qualit\u00e0 per un allenamento ottimale a scuola di danza o a casa. Scoprila su www.daisho.be|Daisho\" \/>\n<meta property=\"og:url\" content=\"https:\/\/www.daisho.be\/it\/produit\/barra-da-ballo-professionale-avant-5m-con-rotelle\/\" \/>\n<meta property=\"og:site_name\" content=\"Daisho\" \/>\n<meta property=\"article:modified_time\" content=\"2026-03-30T11:53:00+00:00\" \/>\n<meta property=\"og:image\" content=\"https:\/\/www.daisho.be\/wp-content\/uploads\/2025\/11\/image-65-scaled.jpg\" \/>\n\t<meta property=\"og:image:width\" content=\"2048\" \/>\n\t<meta property=\"og:image:height\" content=\"1367\" \/>\n\t<meta property=\"og:image:type\" content=\"image\/jpeg\" \/>\n<meta name=\"twitter:card\" content=\"summary_large_image\" \/>\n<meta name=\"twitter:label1\" content=\"Tempo di lettura stimato\" \/>\n\t<meta name=\"twitter:data1\" content=\"2 minuti\" \/>\n<script type=\"application\/ld+json\" class=\"yoast-schema-graph\">{\"@context\":\"https:\/\/schema.org\",\"@graph\":[{\"@type\":\"WebPage\",\"@id\":\"https:\/\/www.daisho.be\/it\/produit\/barra-da-ballo-professionale-avant-5m-con-rotelle\/\",\"url\":\"https:\/\/www.daisho.be\/it\/produit\/barra-da-ballo-professionale-avant-5m-con-rotelle\/\",\"name\":\"Barra da ballo professionale Avant - 5m - con rotelle &#8211; Daisho\",\"isPartOf\":{\"@id\":\"https:\/\/www.daisho.be\/it\/#website\"},\"primaryImageOfPage\":{\"@id\":\"https:\/\/www.daisho.be\/it\/produit\/barra-da-ballo-professionale-avant-5m-con-rotelle\/#primaryimage\"},\"image\":{\"@id\":\"https:\/\/www.daisho.be\/it\/produit\/barra-da-ballo-professionale-avant-5m-con-rotelle\/#primaryimage\"},\"thumbnailUrl\":\"https:\/\/www.daisho.be\/wp-content\/uploads\/2025\/11\/image-65-scaled.jpg\",\"datePublished\":\"2025-11-17T11:59:24+00:00\",\"dateModified\":\"2026-03-30T11:53:00+00:00\",\"description\":\"Una sbarra per la danza che combina stabilit\u00e0, resistenza e qualit\u00e0 per un allenamento ottimale a scuola di danza o a casa. Scoprila su www.daisho.be|Daisho\",\"breadcrumb\":{\"@id\":\"https:\/\/www.daisho.be\/it\/produit\/barra-da-ballo-professionale-avant-5m-con-rotelle\/#breadcrumb\"},\"inLanguage\":\"it-IT\",\"potentialAction\":[{\"@type\":\"ReadAction\",\"target\":[\"https:\/\/www.daisho.be\/it\/produit\/barra-da-ballo-professionale-avant-5m-con-rotelle\/\"]}]},{\"@type\":\"ImageObject\",\"inLanguage\":\"it-IT\",\"@id\":\"https:\/\/www.daisho.be\/it\/produit\/barra-da-ballo-professionale-avant-5m-con-rotelle\/#primaryimage\",\"url\":\"https:\/\/www.daisho.be\/wp-content\/uploads\/2025\/11\/image-65-scaled.jpg\",\"contentUrl\":\"https:\/\/www.daisho.be\/wp-content\/uploads\/2025\/11\/image-65-scaled.jpg\",\"width\":2048,\"height\":1367,\"caption\":\"Barra da ballo professionale Avant - 5m - con rotelle-1\"},{\"@type\":\"BreadcrumbList\",\"@id\":\"https:\/\/www.daisho.be\/it\/produit\/barra-da-ballo-professionale-avant-5m-con-rotelle\/#breadcrumb\",\"itemListElement\":[{\"@type\":\"ListItem\",\"position\":1,\"name\":\"Accueil\",\"item\":\"https:\/\/www.daisho.be\/it\/\"},{\"@type\":\"ListItem\",\"position\":2,\"name\":\"Prodotti\",\"item\":\"https:\/\/www.daisho.be\/it\/prodotti\/\"},{\"@type\":\"ListItem\",\"position\":3,\"name\":\"Cura dello sport\",\"item\":\"https:\/\/www.daisho.be\/it\/categorie-produit\/cura-dello-sport\/\"},{\"@type\":\"ListItem\",\"position\":4,\"name\":\"Attrezzature per lo stretching\",\"item\":\"https:\/\/www.daisho.be\/it\/categorie-produit\/cura-dello-sport\/attrezzature-per-lo-stretching\/\"},{\"@type\":\"ListItem\",\"position\":5,\"name\":\"Barra da ballo professionale Avant &#8211; 5m &#8211; con rotelle\"}]},{\"@type\":\"WebSite\",\"@id\":\"https:\/\/www.daisho.be\/it\/#website\",\"url\":\"https:\/\/www.daisho.be\/it\/\",\"name\":\"Daisho\",\"description\":\"Sp&eacute;cialiste de l'&eacute;quipement sportif d'arts martiaux\",\"publisher\":{\"@id\":\"https:\/\/www.daisho.be\/it\/#organization\"},\"potentialAction\":[{\"@type\":\"SearchAction\",\"target\":{\"@type\":\"EntryPoint\",\"urlTemplate\":\"https:\/\/www.daisho.be\/it\/?s={search_term_string}\"},\"query-input\":{\"@type\":\"PropertyValueSpecification\",\"valueRequired\":true,\"valueName\":\"search_term_string\"}}],\"inLanguage\":\"it-IT\"},{\"@type\":\"Organization\",\"@id\":\"https:\/\/www.daisho.be\/it\/#organization\",\"name\":\"Daisho\",\"url\":\"https:\/\/www.daisho.be\/it\/\",\"logo\":{\"@type\":\"ImageObject\",\"inLanguage\":\"it-IT\",\"@id\":\"https:\/\/www.daisho.be\/it\/#\/schema\/logo\/image\/\",\"url\":\"https:\/\/www.daisho.be\/wp-content\/uploads\/2019\/07\/color-nothing-horizontale4x-e1564486100247.png\",\"contentUrl\":\"https:\/\/www.daisho.be\/wp-content\/uploads\/2019\/07\/color-nothing-horizontale4x-e1564486100247.png\",\"width\":1547,\"height\":385,\"caption\":\"Daisho\"},\"image\":{\"@id\":\"https:\/\/www.daisho.be\/it\/#\/schema\/logo\/image\/\"}}]}<\/script>\n<!-- \/ Yoast SEO plugin. -->","yoast_head_json":{"title":"Barra da ballo professionale Avant - 5m - con rotelle &#8211; Daisho","description":"Una sbarra per la danza che combina stabilit\u00e0, resistenza e qualit\u00e0 per un allenamento ottimale a scuola di danza o a casa. Scoprila su www.daisho.be|Daisho","robots":{"index":"index","follow":"follow","max-snippet":"max-snippet:-1","max-image-preview":"max-image-preview:large","max-video-preview":"max-video-preview:-1"},"canonical":"https:\/\/www.daisho.be\/it\/produit\/barra-da-ballo-professionale-avant-5m-con-rotelle\/","og_locale":"it_IT","og_type":"article","og_title":"Barra da ballo professionale Avant - 5m - con rotelle &#8211; Daisho","og_description":"Una sbarra per la danza che combina stabilit\u00e0, resistenza e qualit\u00e0 per un allenamento ottimale a scuola di danza o a casa. Scoprila su www.daisho.be|Daisho","og_url":"https:\/\/www.daisho.be\/it\/produit\/barra-da-ballo-professionale-avant-5m-con-rotelle\/","og_site_name":"Daisho","article_modified_time":"2026-03-30T11:53:00+00:00","og_image":[{"width":2048,"height":1367,"url":"https:\/\/www.daisho.be\/wp-content\/uploads\/2025\/11\/image-65-scaled.jpg","type":"image\/jpeg"}],"twitter_card":"summary_large_image","twitter_misc":{"Tempo di lettura stimato":"2 minuti"},"schema":{"@context":"https:\/\/schema.org","@graph":[{"@type":"WebPage","@id":"https:\/\/www.daisho.be\/it\/produit\/barra-da-ballo-professionale-avant-5m-con-rotelle\/","url":"https:\/\/www.daisho.be\/it\/produit\/barra-da-ballo-professionale-avant-5m-con-rotelle\/","name":"Barra da ballo professionale Avant - 5m - con rotelle &#8211; Daisho","isPartOf":{"@id":"https:\/\/www.daisho.be\/it\/#website"},"primaryImageOfPage":{"@id":"https:\/\/www.daisho.be\/it\/produit\/barra-da-ballo-professionale-avant-5m-con-rotelle\/#primaryimage"},"image":{"@id":"https:\/\/www.daisho.be\/it\/produit\/barra-da-ballo-professionale-avant-5m-con-rotelle\/#primaryimage"},"thumbnailUrl":"https:\/\/www.daisho.be\/wp-content\/uploads\/2025\/11\/image-65-scaled.jpg","datePublished":"2025-11-17T11:59:24+00:00","dateModified":"2026-03-30T11:53:00+00:00","description":"Una sbarra per la danza che combina stabilit\u00e0, resistenza e qualit\u00e0 per un allenamento ottimale a scuola di danza o a casa. Scoprila su www.daisho.be|Daisho","breadcrumb":{"@id":"https:\/\/www.daisho.be\/it\/produit\/barra-da-ballo-professionale-avant-5m-con-rotelle\/#breadcrumb"},"inLanguage":"it-IT","potentialAction":[{"@type":"ReadAction","target":["https:\/\/www.daisho.be\/it\/produit\/barra-da-ballo-professionale-avant-5m-con-rotelle\/"]}]},{"@type":"ImageObject","inLanguage":"it-IT","@id":"https:\/\/www.daisho.be\/it\/produit\/barra-da-ballo-professionale-avant-5m-con-rotelle\/#primaryimage","url":"https:\/\/www.daisho.be\/wp-content\/uploads\/2025\/11\/image-65-scaled.jpg","contentUrl":"https:\/\/www.daisho.be\/wp-content\/uploads\/2025\/11\/image-65-scaled.jpg","width":2048,"height":1367,"caption":"Barra da ballo professionale Avant - 5m - con rotelle-1"},{"@type":"BreadcrumbList","@id":"https:\/\/www.daisho.be\/it\/produit\/barra-da-ballo-professionale-avant-5m-con-rotelle\/#breadcrumb","itemListElement":[{"@type":"ListItem","position":1,"name":"Accueil","item":"https:\/\/www.daisho.be\/it\/"},{"@type":"ListItem","position":2,"name":"Prodotti","item":"https:\/\/www.daisho.be\/it\/prodotti\/"},{"@type":"ListItem","position":3,"name":"Cura dello sport","item":"https:\/\/www.daisho.be\/it\/categorie-produit\/cura-dello-sport\/"},{"@type":"ListItem","position":4,"name":"Attrezzature per lo stretching","item":"https:\/\/www.daisho.be\/it\/categorie-produit\/cura-dello-sport\/attrezzature-per-lo-stretching\/"},{"@type":"ListItem","position":5,"name":"Barra da ballo professionale Avant &#8211; 5m &#8211; con rotelle"}]},{"@type":"WebSite","@id":"https:\/\/www.daisho.be\/it\/#website","url":"https:\/\/www.daisho.be\/it\/","name":"Daisho","description":"Sp&eacute;cialiste de l'&eacute;quipement sportif d'arts martiaux","publisher":{"@id":"https:\/\/www.daisho.be\/it\/#organization"},"potentialAction":[{"@type":"SearchAction","target":{"@type":"EntryPoint","urlTemplate":"https:\/\/www.daisho.be\/it\/?s={search_term_string}"},"query-input":{"@type":"PropertyValueSpecification","valueRequired":true,"valueName":"search_term_string"}}],"inLanguage":"it-IT"},{"@type":"Organization","@id":"https:\/\/www.daisho.be\/it\/#organization","name":"Daisho","url":"https:\/\/www.daisho.be\/it\/","logo":{"@type":"ImageObject","inLanguage":"it-IT","@id":"https:\/\/www.daisho.be\/it\/#\/schema\/logo\/image\/","url":"https:\/\/www.daisho.be\/wp-content\/uploads\/2019\/07\/color-nothing-horizontale4x-e1564486100247.png","contentUrl":"https:\/\/www.daisho.be\/wp-content\/uploads\/2019\/07\/color-nothing-horizontale4x-e1564486100247.png","width":1547,"height":385,"caption":"Daisho"},"image":{"@id":"https:\/\/www.daisho.be\/it\/#\/schema\/logo\/image\/"}}]}},"_links":{"self":[{"href":"https:\/\/www.daisho.be\/it\/wp-json\/wp\/v2\/product\/621620","targetHints":{"allow":["GET"]}}],"collection":[{"href":"https:\/\/www.daisho.be\/it\/wp-json\/wp\/v2\/product"}],"about":[{"href":"https:\/\/www.daisho.be\/it\/wp-json\/wp\/v2\/types\/product"}],"replies":[{"embeddable":true,"href":"https:\/\/www.daisho.be\/it\/wp-json\/wp\/v2\/comments?post=621620"}],"wp:featuredmedia":[{"embeddable":true,"href":"https:\/\/www.daisho.be\/it\/wp-json\/wp\/v2\/media\/621608"}],"wp:attachment":[{"href":"https:\/\/www.daisho.be\/it\/wp-json\/wp\/v2\/media?parent=621620"}],"wp:term":[{"taxonomy":"product_brand","embeddable":true,"href":"https:\/\/www.daisho.be\/it\/wp-json\/wp\/v2\/product_brand?post=621620"},{"taxonomy":"product_cat","embeddable":true,"href":"https:\/\/www.daisho.be\/it\/wp-json\/wp\/v2\/product_cat?post=621620"},{"taxonomy":"product_tag","embeddable":true,"href":"https:\/\/www.daisho.be\/it\/wp-json\/wp\/v2\/product_tag?post=621620"},{"taxonomy":"sport","embeddable":true,"href":"https:\/\/www.daisho.be\/it\/wp-json\/wp\/v2\/sport?post=621620"}],"curies":[{"name":"wp","href":"https:\/\/api.w.org\/{rel}","templated":true}]}}