{"id":619052,"date":"2025-11-12T16:35:21","date_gmt":"2025-11-12T15:35:21","guid":{"rendered":"https:\/\/www.daisho.be\/produit\/maurice-mobile-dance-bar-5-m\/"},"modified":"2026-03-30T15:25:25","modified_gmt":"2026-03-30T13:25:25","slug":"maurice-mobile-dance-bar-5-m","status":"publish","type":"product","link":"https:\/\/www.daisho.be\/it\/produit\/maurice-mobile-dance-bar-5-m\/","title":{"rendered":"Maurice mobile dance bar &#8211; 5 m"},"content":{"rendered":"<p>La Maurice \u00e8 una sbarra mobile di alta qualit\u00e0 composta da due barre e basi in ghisa. Con un peso totale di 74 kg, \u00e8 stata progettata per gli specialisti della danza che cercano l&#8217;eccellenza in una sbarra mobile.<br \/>\nStabilit\u00e0 totale per soddisfare i ballerini pi\u00f9 esigenti<br \/>\nLa Maurice offre una stabilit\u00e0 impressionante, permettendo a pi\u00f9 ballerini di eseguire esercizi intensi contemporaneamente. Le basi, che pesano 30 kg ciascuna, sono realizzate in ghisa e dotate di 4 rotelle in gomma ad alta densit\u00e0. Ci\u00f2 significa che la barra pu\u00f2 essere facilmente spostata da una sola persona. Una volta posizionata la sbarra, la base \u00e8 progettata in modo che le rotelle non tocchino il pavimento, garantendo una solidit\u00e0 senza pari in un modello portatile.<br \/>\nDue altezze per ballerini di altezze diverse.<br \/>\nGrazie alle due sbarre in legno posizionate a 83 e 105 cm dal pavimento, ballerini di et\u00e0 e altezze diverse possono lavorare comodamente sui loro battements e d\u00e9gag\u00e9s. Gli esclusivi supporti di Dinamica Ballet tengono in posizione la barra di legno senza danneggiarla e distribuiscono la tensione esercitata dal ballerino da qualsiasi angolazione. La combinazione di basi in ghisa e doppi supporti garantisce una stabilit\u00e0 assoluta, permettendoti di concentrarti completamente sulla tua tecnica. Questa sbarra \u00e8 disponibile con barre di legno da 2 e 3 metri.<br \/>\nGhisa, acciaio e legno di pino, i materiali per una sbarra che non si usura.<br \/>\nLa sbarra Maurice, che prende il nome dal coreografo francese Maurice B\u00e9jart, \u00e8 stato il primo modello che abbiamo creato. La prima Maurice \u00e8 ancora visibile presso l&#8217;Institut del Teatre di Barcellona, dove viene ancora utilizzata per le lezioni di danza. I pali in acciaio di alta qualit\u00e0 hanno una finitura epossidica color argento che li protegge da urti e graffi. Le barre, realizzate in pino giallo proveniente da foreste sostenibili, sono resistenti e leggermente flessibili, il che le rende ideali per gli esercizi avanzati. Il legno perfettamente lucidato e non verniciato ha una sensazione piacevole e calda al tatto e una buona presa. Forniamo la barra Maurice con i pali e le basi gi\u00e0 installati. Cos\u00ec potrai metterti al lavoro non appena la riceverai.<br \/>\nBasi in ghisa per la massima stabilit\u00e0.<br \/>\nSupporti per due barre di legno.<br \/>\nDisponibile con barre da 2 m e 3 m.             <\/p>\n","protected":false},"excerpt":{"rendered":"<p>La Maurice \u00e8 una sbarra mobile di alta qualit\u00e0 composta da due barre e basi in ghisa. Con un peso totale di 74 kg, \u00e8 stata progettata per gli specialisti della danza che cercano l&#8217;eccellenza in una sbarra mobile. Stabilit\u00e0 totale per soddisfare i ballerini pi\u00f9 esigenti La Maurice offre una stabilit\u00e0 impressionante, permettendo a [&hellip;]<\/p>\n","protected":false},"featured_media":619017,"comment_status":"open","ping_status":"closed","template":"","meta":{"inline_featured_image":false},"product_brand":[],"product_cat":[2539],"product_tag":[2346],"sport":[],"class_list":{"0":"post-619052","1":"product","2":"type-product","3":"status-publish","4":"has-post-thumbnail","6":"product_cat-attrezzature-per-lo-stretching","7":"product_tag-dinamica-balletto","8":"pa_size-5-m","10":"first","11":"instock","12":"taxable","13":"shipping-taxable","14":"purchasable","15":"product-type-variable"},"yoast_head":"<!-- This site is optimized with the Yoast SEO plugin v27.2 - https:\/\/yoast.com\/product\/yoast-seo-wordpress\/ -->\n<title>Maurice mobile dance bar - 5 m &#8211; Daisho<\/title>\n<meta name=\"description\" content=\"La barra Maurice: mobile, stabile e progettata per i ballerini pi\u00f9 esigenti, con due altezze per un comfort ottimale. Scoprila su www.daisho.be|Daisho\" \/>\n<meta name=\"robots\" content=\"index, follow, max-snippet:-1, max-image-preview:large, max-video-preview:-1\" \/>\n<link rel=\"canonical\" href=\"https:\/\/www.daisho.be\/it\/produit\/maurice-mobile-dance-bar-5-m\/\" \/>\n<meta property=\"og:locale\" content=\"it_IT\" \/>\n<meta property=\"og:type\" content=\"article\" \/>\n<meta property=\"og:title\" content=\"Maurice mobile dance bar - 5 m &#8211; Daisho\" \/>\n<meta property=\"og:description\" content=\"La barra Maurice: mobile, stabile e progettata per i ballerini pi\u00f9 esigenti, con due altezze per un comfort ottimale. Scoprila su www.daisho.be|Daisho\" \/>\n<meta property=\"og:url\" content=\"https:\/\/www.daisho.be\/it\/produit\/maurice-mobile-dance-bar-5-m\/\" \/>\n<meta property=\"og:site_name\" content=\"Daisho\" \/>\n<meta property=\"article:modified_time\" content=\"2026-03-30T13:25:25+00:00\" \/>\n<meta property=\"og:image\" content=\"https:\/\/www.daisho.be\/wp-content\/uploads\/2025\/11\/image-43-scaled.jpg\" \/>\n\t<meta property=\"og:image:width\" content=\"2048\" \/>\n\t<meta property=\"og:image:height\" content=\"1365\" \/>\n\t<meta property=\"og:image:type\" content=\"image\/jpeg\" \/>\n<meta name=\"twitter:card\" content=\"summary_large_image\" \/>\n<meta name=\"twitter:label1\" content=\"Tempo di lettura stimato\" \/>\n\t<meta name=\"twitter:data1\" content=\"2 minuti\" \/>\n<script type=\"application\/ld+json\" class=\"yoast-schema-graph\">{\"@context\":\"https:\/\/schema.org\",\"@graph\":[{\"@type\":\"WebPage\",\"@id\":\"https:\/\/www.daisho.be\/it\/produit\/maurice-mobile-dance-bar-5-m\/\",\"url\":\"https:\/\/www.daisho.be\/it\/produit\/maurice-mobile-dance-bar-5-m\/\",\"name\":\"Maurice mobile dance bar - 5 m &#8211; Daisho\",\"isPartOf\":{\"@id\":\"https:\/\/www.daisho.be\/it\/#website\"},\"primaryImageOfPage\":{\"@id\":\"https:\/\/www.daisho.be\/it\/produit\/maurice-mobile-dance-bar-5-m\/#primaryimage\"},\"image\":{\"@id\":\"https:\/\/www.daisho.be\/it\/produit\/maurice-mobile-dance-bar-5-m\/#primaryimage\"},\"thumbnailUrl\":\"https:\/\/www.daisho.be\/wp-content\/uploads\/2025\/11\/image-43-scaled.jpg\",\"datePublished\":\"2025-11-12T15:35:21+00:00\",\"dateModified\":\"2026-03-30T13:25:25+00:00\",\"description\":\"La barra Maurice: mobile, stabile e progettata per i ballerini pi\u00f9 esigenti, con due altezze per un comfort ottimale. Scoprila su www.daisho.be|Daisho\",\"breadcrumb\":{\"@id\":\"https:\/\/www.daisho.be\/it\/produit\/maurice-mobile-dance-bar-5-m\/#breadcrumb\"},\"inLanguage\":\"it-IT\",\"potentialAction\":[{\"@type\":\"ReadAction\",\"target\":[\"https:\/\/www.daisho.be\/it\/produit\/maurice-mobile-dance-bar-5-m\/\"]}]},{\"@type\":\"ImageObject\",\"inLanguage\":\"it-IT\",\"@id\":\"https:\/\/www.daisho.be\/it\/produit\/maurice-mobile-dance-bar-5-m\/#primaryimage\",\"url\":\"https:\/\/www.daisho.be\/wp-content\/uploads\/2025\/11\/image-43-scaled.jpg\",\"contentUrl\":\"https:\/\/www.daisho.be\/wp-content\/uploads\/2025\/11\/image-43-scaled.jpg\",\"width\":2048,\"height\":1365,\"caption\":\"Maurice mobile dance bar - 5 m-1\"},{\"@type\":\"BreadcrumbList\",\"@id\":\"https:\/\/www.daisho.be\/it\/produit\/maurice-mobile-dance-bar-5-m\/#breadcrumb\",\"itemListElement\":[{\"@type\":\"ListItem\",\"position\":1,\"name\":\"Accueil\",\"item\":\"https:\/\/www.daisho.be\/it\/\"},{\"@type\":\"ListItem\",\"position\":2,\"name\":\"Prodotti\",\"item\":\"https:\/\/www.daisho.be\/it\/prodotti\/\"},{\"@type\":\"ListItem\",\"position\":3,\"name\":\"Cura dello sport\",\"item\":\"https:\/\/www.daisho.be\/it\/categorie-produit\/cura-dello-sport\/\"},{\"@type\":\"ListItem\",\"position\":4,\"name\":\"Attrezzature per lo stretching\",\"item\":\"https:\/\/www.daisho.be\/it\/categorie-produit\/cura-dello-sport\/attrezzature-per-lo-stretching\/\"},{\"@type\":\"ListItem\",\"position\":5,\"name\":\"Maurice mobile dance bar &#8211; 5 m\"}]},{\"@type\":\"WebSite\",\"@id\":\"https:\/\/www.daisho.be\/it\/#website\",\"url\":\"https:\/\/www.daisho.be\/it\/\",\"name\":\"Daisho\",\"description\":\"Sp&eacute;cialiste de l'&eacute;quipement sportif d'arts martiaux\",\"publisher\":{\"@id\":\"https:\/\/www.daisho.be\/it\/#organization\"},\"potentialAction\":[{\"@type\":\"SearchAction\",\"target\":{\"@type\":\"EntryPoint\",\"urlTemplate\":\"https:\/\/www.daisho.be\/it\/?s={search_term_string}\"},\"query-input\":{\"@type\":\"PropertyValueSpecification\",\"valueRequired\":true,\"valueName\":\"search_term_string\"}}],\"inLanguage\":\"it-IT\"},{\"@type\":\"Organization\",\"@id\":\"https:\/\/www.daisho.be\/it\/#organization\",\"name\":\"Daisho\",\"url\":\"https:\/\/www.daisho.be\/it\/\",\"logo\":{\"@type\":\"ImageObject\",\"inLanguage\":\"it-IT\",\"@id\":\"https:\/\/www.daisho.be\/it\/#\/schema\/logo\/image\/\",\"url\":\"https:\/\/www.daisho.be\/wp-content\/uploads\/2019\/07\/color-nothing-horizontale4x-e1564486100247.png\",\"contentUrl\":\"https:\/\/www.daisho.be\/wp-content\/uploads\/2019\/07\/color-nothing-horizontale4x-e1564486100247.png\",\"width\":1547,\"height\":385,\"caption\":\"Daisho\"},\"image\":{\"@id\":\"https:\/\/www.daisho.be\/it\/#\/schema\/logo\/image\/\"}}]}<\/script>\n<!-- \/ Yoast SEO plugin. -->","yoast_head_json":{"title":"Maurice mobile dance bar - 5 m &#8211; Daisho","description":"La barra Maurice: mobile, stabile e progettata per i ballerini pi\u00f9 esigenti, con due altezze per un comfort ottimale. Scoprila su www.daisho.be|Daisho","robots":{"index":"index","follow":"follow","max-snippet":"max-snippet:-1","max-image-preview":"max-image-preview:large","max-video-preview":"max-video-preview:-1"},"canonical":"https:\/\/www.daisho.be\/it\/produit\/maurice-mobile-dance-bar-5-m\/","og_locale":"it_IT","og_type":"article","og_title":"Maurice mobile dance bar - 5 m &#8211; Daisho","og_description":"La barra Maurice: mobile, stabile e progettata per i ballerini pi\u00f9 esigenti, con due altezze per un comfort ottimale. Scoprila su www.daisho.be|Daisho","og_url":"https:\/\/www.daisho.be\/it\/produit\/maurice-mobile-dance-bar-5-m\/","og_site_name":"Daisho","article_modified_time":"2026-03-30T13:25:25+00:00","og_image":[{"width":2048,"height":1365,"url":"https:\/\/www.daisho.be\/wp-content\/uploads\/2025\/11\/image-43-scaled.jpg","type":"image\/jpeg"}],"twitter_card":"summary_large_image","twitter_misc":{"Tempo di lettura stimato":"2 minuti"},"schema":{"@context":"https:\/\/schema.org","@graph":[{"@type":"WebPage","@id":"https:\/\/www.daisho.be\/it\/produit\/maurice-mobile-dance-bar-5-m\/","url":"https:\/\/www.daisho.be\/it\/produit\/maurice-mobile-dance-bar-5-m\/","name":"Maurice mobile dance bar - 5 m &#8211; Daisho","isPartOf":{"@id":"https:\/\/www.daisho.be\/it\/#website"},"primaryImageOfPage":{"@id":"https:\/\/www.daisho.be\/it\/produit\/maurice-mobile-dance-bar-5-m\/#primaryimage"},"image":{"@id":"https:\/\/www.daisho.be\/it\/produit\/maurice-mobile-dance-bar-5-m\/#primaryimage"},"thumbnailUrl":"https:\/\/www.daisho.be\/wp-content\/uploads\/2025\/11\/image-43-scaled.jpg","datePublished":"2025-11-12T15:35:21+00:00","dateModified":"2026-03-30T13:25:25+00:00","description":"La barra Maurice: mobile, stabile e progettata per i ballerini pi\u00f9 esigenti, con due altezze per un comfort ottimale. Scoprila su www.daisho.be|Daisho","breadcrumb":{"@id":"https:\/\/www.daisho.be\/it\/produit\/maurice-mobile-dance-bar-5-m\/#breadcrumb"},"inLanguage":"it-IT","potentialAction":[{"@type":"ReadAction","target":["https:\/\/www.daisho.be\/it\/produit\/maurice-mobile-dance-bar-5-m\/"]}]},{"@type":"ImageObject","inLanguage":"it-IT","@id":"https:\/\/www.daisho.be\/it\/produit\/maurice-mobile-dance-bar-5-m\/#primaryimage","url":"https:\/\/www.daisho.be\/wp-content\/uploads\/2025\/11\/image-43-scaled.jpg","contentUrl":"https:\/\/www.daisho.be\/wp-content\/uploads\/2025\/11\/image-43-scaled.jpg","width":2048,"height":1365,"caption":"Maurice mobile dance bar - 5 m-1"},{"@type":"BreadcrumbList","@id":"https:\/\/www.daisho.be\/it\/produit\/maurice-mobile-dance-bar-5-m\/#breadcrumb","itemListElement":[{"@type":"ListItem","position":1,"name":"Accueil","item":"https:\/\/www.daisho.be\/it\/"},{"@type":"ListItem","position":2,"name":"Prodotti","item":"https:\/\/www.daisho.be\/it\/prodotti\/"},{"@type":"ListItem","position":3,"name":"Cura dello sport","item":"https:\/\/www.daisho.be\/it\/categorie-produit\/cura-dello-sport\/"},{"@type":"ListItem","position":4,"name":"Attrezzature per lo stretching","item":"https:\/\/www.daisho.be\/it\/categorie-produit\/cura-dello-sport\/attrezzature-per-lo-stretching\/"},{"@type":"ListItem","position":5,"name":"Maurice mobile dance bar &#8211; 5 m"}]},{"@type":"WebSite","@id":"https:\/\/www.daisho.be\/it\/#website","url":"https:\/\/www.daisho.be\/it\/","name":"Daisho","description":"Sp&eacute;cialiste de l'&eacute;quipement sportif d'arts martiaux","publisher":{"@id":"https:\/\/www.daisho.be\/it\/#organization"},"potentialAction":[{"@type":"SearchAction","target":{"@type":"EntryPoint","urlTemplate":"https:\/\/www.daisho.be\/it\/?s={search_term_string}"},"query-input":{"@type":"PropertyValueSpecification","valueRequired":true,"valueName":"search_term_string"}}],"inLanguage":"it-IT"},{"@type":"Organization","@id":"https:\/\/www.daisho.be\/it\/#organization","name":"Daisho","url":"https:\/\/www.daisho.be\/it\/","logo":{"@type":"ImageObject","inLanguage":"it-IT","@id":"https:\/\/www.daisho.be\/it\/#\/schema\/logo\/image\/","url":"https:\/\/www.daisho.be\/wp-content\/uploads\/2019\/07\/color-nothing-horizontale4x-e1564486100247.png","contentUrl":"https:\/\/www.daisho.be\/wp-content\/uploads\/2019\/07\/color-nothing-horizontale4x-e1564486100247.png","width":1547,"height":385,"caption":"Daisho"},"image":{"@id":"https:\/\/www.daisho.be\/it\/#\/schema\/logo\/image\/"}}]}},"_links":{"self":[{"href":"https:\/\/www.daisho.be\/it\/wp-json\/wp\/v2\/product\/619052","targetHints":{"allow":["GET"]}}],"collection":[{"href":"https:\/\/www.daisho.be\/it\/wp-json\/wp\/v2\/product"}],"about":[{"href":"https:\/\/www.daisho.be\/it\/wp-json\/wp\/v2\/types\/product"}],"replies":[{"embeddable":true,"href":"https:\/\/www.daisho.be\/it\/wp-json\/wp\/v2\/comments?post=619052"}],"wp:featuredmedia":[{"embeddable":true,"href":"https:\/\/www.daisho.be\/it\/wp-json\/wp\/v2\/media\/619017"}],"wp:attachment":[{"href":"https:\/\/www.daisho.be\/it\/wp-json\/wp\/v2\/media?parent=619052"}],"wp:term":[{"taxonomy":"product_brand","embeddable":true,"href":"https:\/\/www.daisho.be\/it\/wp-json\/wp\/v2\/product_brand?post=619052"},{"taxonomy":"product_cat","embeddable":true,"href":"https:\/\/www.daisho.be\/it\/wp-json\/wp\/v2\/product_cat?post=619052"},{"taxonomy":"product_tag","embeddable":true,"href":"https:\/\/www.daisho.be\/it\/wp-json\/wp\/v2\/product_tag?post=619052"},{"taxonomy":"sport","embeddable":true,"href":"https:\/\/www.daisho.be\/it\/wp-json\/wp\/v2\/sport?post=619052"}],"curies":[{"name":"wp","href":"https:\/\/api.w.org\/{rel}","templated":true}]}}