{"id":618928,"date":"2025-11-12T16:10:21","date_gmt":"2025-11-12T15:10:21","guid":{"rendered":"https:\/\/www.daisho.be\/produit\/barra-da-ballo-domestica-prima-15-m\/"},"modified":"2026-03-30T15:26:07","modified_gmt":"2026-03-30T13:26:07","slug":"barra-da-ballo-domestica-prima-15-m","status":"publish","type":"product","link":"https:\/\/www.daisho.be\/it\/produit\/barra-da-ballo-domestica-prima-15-m\/","title":{"rendered":"Barra da ballo domestica Prima &#8211; 1,5 m"},"content":{"rendered":"<p>La barra Prima \u00e8 stata progettata per permettere a tutti di allenarsi a casa ed \u00e8 adatta sia ai bambini che agli adulti. \u00c8 una sbarra leggera, facile da spostare da una stanza all&#8217;altra e abbastanza stabile da permetterti di esercitarti con il fondus in tutta tranquillit\u00e0.<br \/>\nLa sbarra mobile per allenarti a casa.<br \/>\nLa Prima \u00e8 la sbarra ideale per i principianti che vogliono progredire. Le basi in acciaio, che pesano 6 kg l&#8217;una, sono dotate di scivoli in PVC che proteggono il pavimento e forniscono la stabilit\u00e0 necessaria per eseguire esercizi e riscaldamenti precisi.<br \/>\nCon un peso totale di 17 kg, la barra Prima \u00e8 la nostra barra mobile pi\u00f9 leggera. Puoi riporla una volta terminato l&#8217;allenamento o lasciarla al suo posto perch\u00e9 il suo design elegante la rende adatta a qualsiasi arredamento.<br \/>\nDesign minimalista e materiali professionali.<br \/>\nPrima \u00e8 realizzata con gli stessi materiali che utilizziamo per le nostre barre professionali. Le basi e i montanti sono in acciaio con finitura epossidica color argento per una maggiore protezione da urti e graffi.<br \/>\nLa barra in legno di pino giallo, avvitata direttamente ai supporti, ha una sensazione piacevole al tatto e un&#8217;ottima presa. La barra Prima \u00e8 la barra mobile pi\u00f9 economica della nostra collezione, ma ti garantiamo che rimarrai colpito dalla sua qualit\u00e0 e che ti accompagner\u00e0 per molti anni a venire.<br \/>\nSono disponibili tre misure: 1 metro, 1,5 metri e 2 metri.<br \/>\nConsegnata a domicilio e installata in meno di 5 minuti.<br \/>\nLa barra Prima \u00e8 la nostra barra pi\u00f9 popolare. Se vuoi che ti venga consegnata direttamente a casa, basta acquistarla nel nostro negozio online. Viene fornita completa di cacciavite e chiave a brugola, cos\u00ec potrai installarla e utilizzarla in tempi record.<br \/>\nBasi piatte in acciaio da 6 kg per un facile trasporto.<br \/>\nBarra di legno avvitata alle staffe.<br \/>\nBarre da 1 m, 1,5 m e 2 m.       <\/p>\n","protected":false},"excerpt":{"rendered":"<p>La barra Prima \u00e8 stata progettata per permettere a tutti di allenarsi a casa ed \u00e8 adatta sia ai bambini che agli adulti. \u00c8 una sbarra leggera, facile da spostare da una stanza all&#8217;altra e abbastanza stabile da permetterti di esercitarti con il fondus in tutta tranquillit\u00e0. La sbarra mobile per allenarti a casa. La [&hellip;]<\/p>\n","protected":false},"featured_media":618850,"comment_status":"open","ping_status":"closed","template":"","meta":{"inline_featured_image":false},"product_brand":[],"product_cat":[2539],"product_tag":[2346],"sport":[],"class_list":{"0":"post-618928","1":"product","2":"type-product","3":"status-publish","4":"has-post-thumbnail","6":"product_cat-attrezzature-per-lo-stretching","7":"product_tag-dinamica-balletto","8":"pa_size-15-m","10":"first","11":"instock","12":"taxable","13":"shipping-taxable","14":"purchasable","15":"product-type-variable"},"yoast_head":"<!-- This site is optimized with the Yoast SEO plugin v27.2 - https:\/\/yoast.com\/product\/yoast-seo-wordpress\/ -->\n<title>Barra da ballo domestica Prima - 1,5 m &#8211; Daisho<\/title>\n<meta name=\"description\" content=\"La barra Prima: leggera, mobile e ideale per tutti i livelli, perfetta per allenarsi a casa. Trovala su www.daisho.be|Daisho\" \/>\n<meta name=\"robots\" content=\"index, follow, max-snippet:-1, max-image-preview:large, max-video-preview:-1\" \/>\n<link rel=\"canonical\" href=\"https:\/\/www.daisho.be\/it\/produit\/barra-da-ballo-domestica-prima-15-m\/\" \/>\n<meta property=\"og:locale\" content=\"it_IT\" \/>\n<meta property=\"og:type\" content=\"article\" \/>\n<meta property=\"og:title\" content=\"Barra da ballo domestica Prima - 1,5 m &#8211; Daisho\" \/>\n<meta property=\"og:description\" content=\"La barra Prima: leggera, mobile e ideale per tutti i livelli, perfetta per allenarsi a casa. Trovala su www.daisho.be|Daisho\" \/>\n<meta property=\"og:url\" content=\"https:\/\/www.daisho.be\/it\/produit\/barra-da-ballo-domestica-prima-15-m\/\" \/>\n<meta property=\"og:site_name\" content=\"Daisho\" \/>\n<meta property=\"article:modified_time\" content=\"2026-03-30T13:26:07+00:00\" \/>\n<meta property=\"og:image\" content=\"https:\/\/www.daisho.be\/wp-content\/uploads\/2025\/11\/image-37-scaled.jpg\" \/>\n\t<meta property=\"og:image:width\" content=\"2048\" \/>\n\t<meta property=\"og:image:height\" content=\"1365\" \/>\n\t<meta property=\"og:image:type\" content=\"image\/jpeg\" \/>\n<meta name=\"twitter:card\" content=\"summary_large_image\" \/>\n<meta name=\"twitter:label1\" content=\"Tempo di lettura stimato\" \/>\n\t<meta name=\"twitter:data1\" content=\"1 minuto\" \/>\n<script type=\"application\/ld+json\" class=\"yoast-schema-graph\">{\"@context\":\"https:\/\/schema.org\",\"@graph\":[{\"@type\":\"WebPage\",\"@id\":\"https:\/\/www.daisho.be\/it\/produit\/barra-da-ballo-domestica-prima-15-m\/\",\"url\":\"https:\/\/www.daisho.be\/it\/produit\/barra-da-ballo-domestica-prima-15-m\/\",\"name\":\"Barra da ballo domestica Prima - 1,5 m &#8211; Daisho\",\"isPartOf\":{\"@id\":\"https:\/\/www.daisho.be\/it\/#website\"},\"primaryImageOfPage\":{\"@id\":\"https:\/\/www.daisho.be\/it\/produit\/barra-da-ballo-domestica-prima-15-m\/#primaryimage\"},\"image\":{\"@id\":\"https:\/\/www.daisho.be\/it\/produit\/barra-da-ballo-domestica-prima-15-m\/#primaryimage\"},\"thumbnailUrl\":\"https:\/\/www.daisho.be\/wp-content\/uploads\/2025\/11\/image-37-scaled.jpg\",\"datePublished\":\"2025-11-12T15:10:21+00:00\",\"dateModified\":\"2026-03-30T13:26:07+00:00\",\"description\":\"La barra Prima: leggera, mobile e ideale per tutti i livelli, perfetta per allenarsi a casa. Trovala su www.daisho.be|Daisho\",\"breadcrumb\":{\"@id\":\"https:\/\/www.daisho.be\/it\/produit\/barra-da-ballo-domestica-prima-15-m\/#breadcrumb\"},\"inLanguage\":\"it-IT\",\"potentialAction\":[{\"@type\":\"ReadAction\",\"target\":[\"https:\/\/www.daisho.be\/it\/produit\/barra-da-ballo-domestica-prima-15-m\/\"]}]},{\"@type\":\"ImageObject\",\"inLanguage\":\"it-IT\",\"@id\":\"https:\/\/www.daisho.be\/it\/produit\/barra-da-ballo-domestica-prima-15-m\/#primaryimage\",\"url\":\"https:\/\/www.daisho.be\/wp-content\/uploads\/2025\/11\/image-37-scaled.jpg\",\"contentUrl\":\"https:\/\/www.daisho.be\/wp-content\/uploads\/2025\/11\/image-37-scaled.jpg\",\"width\":2048,\"height\":1365,\"caption\":\"Barra da ballo a casa Prima - 1,5m-1\"},{\"@type\":\"BreadcrumbList\",\"@id\":\"https:\/\/www.daisho.be\/it\/produit\/barra-da-ballo-domestica-prima-15-m\/#breadcrumb\",\"itemListElement\":[{\"@type\":\"ListItem\",\"position\":1,\"name\":\"Accueil\",\"item\":\"https:\/\/www.daisho.be\/it\/\"},{\"@type\":\"ListItem\",\"position\":2,\"name\":\"Prodotti\",\"item\":\"https:\/\/www.daisho.be\/it\/prodotti\/\"},{\"@type\":\"ListItem\",\"position\":3,\"name\":\"Cura dello sport\",\"item\":\"https:\/\/www.daisho.be\/it\/categorie-produit\/cura-dello-sport\/\"},{\"@type\":\"ListItem\",\"position\":4,\"name\":\"Attrezzature per lo stretching\",\"item\":\"https:\/\/www.daisho.be\/it\/categorie-produit\/cura-dello-sport\/attrezzature-per-lo-stretching\/\"},{\"@type\":\"ListItem\",\"position\":5,\"name\":\"Barra da ballo domestica Prima &#8211; 1,5 m\"}]},{\"@type\":\"WebSite\",\"@id\":\"https:\/\/www.daisho.be\/it\/#website\",\"url\":\"https:\/\/www.daisho.be\/it\/\",\"name\":\"Daisho\",\"description\":\"Sp&eacute;cialiste de l'&eacute;quipement sportif d'arts martiaux\",\"publisher\":{\"@id\":\"https:\/\/www.daisho.be\/it\/#organization\"},\"potentialAction\":[{\"@type\":\"SearchAction\",\"target\":{\"@type\":\"EntryPoint\",\"urlTemplate\":\"https:\/\/www.daisho.be\/it\/?s={search_term_string}\"},\"query-input\":{\"@type\":\"PropertyValueSpecification\",\"valueRequired\":true,\"valueName\":\"search_term_string\"}}],\"inLanguage\":\"it-IT\"},{\"@type\":\"Organization\",\"@id\":\"https:\/\/www.daisho.be\/it\/#organization\",\"name\":\"Daisho\",\"url\":\"https:\/\/www.daisho.be\/it\/\",\"logo\":{\"@type\":\"ImageObject\",\"inLanguage\":\"it-IT\",\"@id\":\"https:\/\/www.daisho.be\/it\/#\/schema\/logo\/image\/\",\"url\":\"https:\/\/www.daisho.be\/wp-content\/uploads\/2019\/07\/color-nothing-horizontale4x-e1564486100247.png\",\"contentUrl\":\"https:\/\/www.daisho.be\/wp-content\/uploads\/2019\/07\/color-nothing-horizontale4x-e1564486100247.png\",\"width\":1547,\"height\":385,\"caption\":\"Daisho\"},\"image\":{\"@id\":\"https:\/\/www.daisho.be\/it\/#\/schema\/logo\/image\/\"}}]}<\/script>\n<!-- \/ Yoast SEO plugin. -->","yoast_head_json":{"title":"Barra da ballo domestica Prima - 1,5 m &#8211; Daisho","description":"La barra Prima: leggera, mobile e ideale per tutti i livelli, perfetta per allenarsi a casa. Trovala su www.daisho.be|Daisho","robots":{"index":"index","follow":"follow","max-snippet":"max-snippet:-1","max-image-preview":"max-image-preview:large","max-video-preview":"max-video-preview:-1"},"canonical":"https:\/\/www.daisho.be\/it\/produit\/barra-da-ballo-domestica-prima-15-m\/","og_locale":"it_IT","og_type":"article","og_title":"Barra da ballo domestica Prima - 1,5 m &#8211; Daisho","og_description":"La barra Prima: leggera, mobile e ideale per tutti i livelli, perfetta per allenarsi a casa. Trovala su www.daisho.be|Daisho","og_url":"https:\/\/www.daisho.be\/it\/produit\/barra-da-ballo-domestica-prima-15-m\/","og_site_name":"Daisho","article_modified_time":"2026-03-30T13:26:07+00:00","og_image":[{"width":2048,"height":1365,"url":"https:\/\/www.daisho.be\/wp-content\/uploads\/2025\/11\/image-37-scaled.jpg","type":"image\/jpeg"}],"twitter_card":"summary_large_image","twitter_misc":{"Tempo di lettura stimato":"1 minuto"},"schema":{"@context":"https:\/\/schema.org","@graph":[{"@type":"WebPage","@id":"https:\/\/www.daisho.be\/it\/produit\/barra-da-ballo-domestica-prima-15-m\/","url":"https:\/\/www.daisho.be\/it\/produit\/barra-da-ballo-domestica-prima-15-m\/","name":"Barra da ballo domestica Prima - 1,5 m &#8211; Daisho","isPartOf":{"@id":"https:\/\/www.daisho.be\/it\/#website"},"primaryImageOfPage":{"@id":"https:\/\/www.daisho.be\/it\/produit\/barra-da-ballo-domestica-prima-15-m\/#primaryimage"},"image":{"@id":"https:\/\/www.daisho.be\/it\/produit\/barra-da-ballo-domestica-prima-15-m\/#primaryimage"},"thumbnailUrl":"https:\/\/www.daisho.be\/wp-content\/uploads\/2025\/11\/image-37-scaled.jpg","datePublished":"2025-11-12T15:10:21+00:00","dateModified":"2026-03-30T13:26:07+00:00","description":"La barra Prima: leggera, mobile e ideale per tutti i livelli, perfetta per allenarsi a casa. Trovala su www.daisho.be|Daisho","breadcrumb":{"@id":"https:\/\/www.daisho.be\/it\/produit\/barra-da-ballo-domestica-prima-15-m\/#breadcrumb"},"inLanguage":"it-IT","potentialAction":[{"@type":"ReadAction","target":["https:\/\/www.daisho.be\/it\/produit\/barra-da-ballo-domestica-prima-15-m\/"]}]},{"@type":"ImageObject","inLanguage":"it-IT","@id":"https:\/\/www.daisho.be\/it\/produit\/barra-da-ballo-domestica-prima-15-m\/#primaryimage","url":"https:\/\/www.daisho.be\/wp-content\/uploads\/2025\/11\/image-37-scaled.jpg","contentUrl":"https:\/\/www.daisho.be\/wp-content\/uploads\/2025\/11\/image-37-scaled.jpg","width":2048,"height":1365,"caption":"Barra da ballo a casa Prima - 1,5m-1"},{"@type":"BreadcrumbList","@id":"https:\/\/www.daisho.be\/it\/produit\/barra-da-ballo-domestica-prima-15-m\/#breadcrumb","itemListElement":[{"@type":"ListItem","position":1,"name":"Accueil","item":"https:\/\/www.daisho.be\/it\/"},{"@type":"ListItem","position":2,"name":"Prodotti","item":"https:\/\/www.daisho.be\/it\/prodotti\/"},{"@type":"ListItem","position":3,"name":"Cura dello sport","item":"https:\/\/www.daisho.be\/it\/categorie-produit\/cura-dello-sport\/"},{"@type":"ListItem","position":4,"name":"Attrezzature per lo stretching","item":"https:\/\/www.daisho.be\/it\/categorie-produit\/cura-dello-sport\/attrezzature-per-lo-stretching\/"},{"@type":"ListItem","position":5,"name":"Barra da ballo domestica Prima &#8211; 1,5 m"}]},{"@type":"WebSite","@id":"https:\/\/www.daisho.be\/it\/#website","url":"https:\/\/www.daisho.be\/it\/","name":"Daisho","description":"Sp&eacute;cialiste de l'&eacute;quipement sportif d'arts martiaux","publisher":{"@id":"https:\/\/www.daisho.be\/it\/#organization"},"potentialAction":[{"@type":"SearchAction","target":{"@type":"EntryPoint","urlTemplate":"https:\/\/www.daisho.be\/it\/?s={search_term_string}"},"query-input":{"@type":"PropertyValueSpecification","valueRequired":true,"valueName":"search_term_string"}}],"inLanguage":"it-IT"},{"@type":"Organization","@id":"https:\/\/www.daisho.be\/it\/#organization","name":"Daisho","url":"https:\/\/www.daisho.be\/it\/","logo":{"@type":"ImageObject","inLanguage":"it-IT","@id":"https:\/\/www.daisho.be\/it\/#\/schema\/logo\/image\/","url":"https:\/\/www.daisho.be\/wp-content\/uploads\/2019\/07\/color-nothing-horizontale4x-e1564486100247.png","contentUrl":"https:\/\/www.daisho.be\/wp-content\/uploads\/2019\/07\/color-nothing-horizontale4x-e1564486100247.png","width":1547,"height":385,"caption":"Daisho"},"image":{"@id":"https:\/\/www.daisho.be\/it\/#\/schema\/logo\/image\/"}}]}},"_links":{"self":[{"href":"https:\/\/www.daisho.be\/it\/wp-json\/wp\/v2\/product\/618928","targetHints":{"allow":["GET"]}}],"collection":[{"href":"https:\/\/www.daisho.be\/it\/wp-json\/wp\/v2\/product"}],"about":[{"href":"https:\/\/www.daisho.be\/it\/wp-json\/wp\/v2\/types\/product"}],"replies":[{"embeddable":true,"href":"https:\/\/www.daisho.be\/it\/wp-json\/wp\/v2\/comments?post=618928"}],"wp:featuredmedia":[{"embeddable":true,"href":"https:\/\/www.daisho.be\/it\/wp-json\/wp\/v2\/media\/618850"}],"wp:attachment":[{"href":"https:\/\/www.daisho.be\/it\/wp-json\/wp\/v2\/media?parent=618928"}],"wp:term":[{"taxonomy":"product_brand","embeddable":true,"href":"https:\/\/www.daisho.be\/it\/wp-json\/wp\/v2\/product_brand?post=618928"},{"taxonomy":"product_cat","embeddable":true,"href":"https:\/\/www.daisho.be\/it\/wp-json\/wp\/v2\/product_cat?post=618928"},{"taxonomy":"product_tag","embeddable":true,"href":"https:\/\/www.daisho.be\/it\/wp-json\/wp\/v2\/product_tag?post=618928"},{"taxonomy":"sport","embeddable":true,"href":"https:\/\/www.daisho.be\/it\/wp-json\/wp\/v2\/sport?post=618928"}],"curies":[{"name":"wp","href":"https:\/\/api.w.org\/{rel}","templated":true}]}}