{"id":618895,"date":"2025-11-12T16:00:45","date_gmt":"2025-11-12T15:00:45","guid":{"rendered":"https:\/\/www.daisho.be\/produit\/barra-da-ballo-per-casa-juliette-regolabile-in-altezza-1m\/"},"modified":"2026-03-30T15:26:15","modified_gmt":"2026-03-30T13:26:15","slug":"barra-da-ballo-per-casa-juliette-regolabile-in-altezza-1m","status":"publish","type":"product","link":"https:\/\/www.daisho.be\/it\/produit\/barra-da-ballo-per-casa-juliette-regolabile-in-altezza-1m\/","title":{"rendered":"Barra da ballo per casa Juliette regolabile in altezza &#8211; 1m"},"content":{"rendered":"<p>La Juliette \u00e8 una sbarra da ballo regolabile in altezza progettata per permetterti di allenarti a casa. \u00c8 una sbarra leggera, facile da trasportare, che offre una grande stabilit\u00e0 e ti permette di riscaldarti in tutta tranquillit\u00e0. La Juliette \u00e8 regolabile a 12 altezze diverse, per adattarsi facilmente a bambini e adulti di tutte le taglie.<br \/>\nLa sbarra progettata per tutta la famiglia.<br \/>\nLa sbarra da ballo Juliette pu\u00f2 essere regolata in modo facile e veloce in 12 posizioni diverse, con una differenza di 33 centimetri tra l&#8217;altezza massima e quella minima. Progettata per i principianti della danza classica, \u00e8 perfetta per grandi e piccini. Le sue basi in acciaio, dal peso di 6 kg ciascuna, offrono una stabilit\u00e0 sufficiente per eseguire semplici esercizi in tutta sicurezza e sono dotate di scivoli in PVC per migliorare la presa ed evitare segni sul pavimento.<br \/>\nLa sensazione naturale, delicata e piacevole del legno di pino giallo.<br \/>\nNoi di Dinamica Ballet lavoriamo solo con i legni pi\u00f9 adatti alla pratica della danza classica. La Juliette pu\u00f2 essere utilizzata con barre da 1 m, 1,5 m e 2 m in legno di pino giallo proveniente da foreste certificate e gestite in modo sostenibile. Il legno \u00e8 un materiale vivo che offre una grande resistenza alla pressione, una leggera flessibilit\u00e0 e una presa perfetta.<br \/>\nLa Juliette pu\u00f2 essere installata in tempi record.<br \/>\nQuando progettiamo i nostri prodotti, cerchiamo di utilizzare il minor numero possibile di componenti con due obiettivi in mente: massimizzare la durata dei nostri prodotti e garantire un&#8217;installazione facile e veloce. Seguendo le nostre istruzioni, potrai montare la barra Juliette in pochi minuti utilizzando solo un cacciavite e la chiave a brugola che ti forniamo. Puoi acquistare la Juliette nel nostro negozio online e te la consegneremo a domicilio.<br \/>\nBasi da 6 kg per un facile trasporto.<br \/>\nRegolabile in 12 altezze diverse.<br \/>\nBasi in legno avvitate ai supporti.<br \/>\nBarre da 1 m, 1,5 m e 2 m.        <\/p>\n","protected":false},"excerpt":{"rendered":"<p>La Juliette \u00e8 una sbarra da ballo regolabile in altezza progettata per permetterti di allenarti a casa. \u00c8 una sbarra leggera, facile da trasportare, che offre una grande stabilit\u00e0 e ti permette di riscaldarti in tutta tranquillit\u00e0. La Juliette \u00e8 regolabile a 12 altezze diverse, per adattarsi facilmente a bambini e adulti di tutte le [&hellip;]<\/p>\n","protected":false},"featured_media":618825,"comment_status":"open","ping_status":"closed","template":"","meta":{"inline_featured_image":false},"product_brand":[],"product_cat":[2539],"product_tag":[2346],"sport":[],"class_list":{"0":"post-618895","1":"product","2":"type-product","3":"status-publish","4":"has-post-thumbnail","6":"product_cat-attrezzature-per-lo-stretching","7":"product_tag-dinamica-balletto","8":"pa_size-1-m","10":"first","11":"instock","12":"taxable","13":"shipping-taxable","14":"purchasable","15":"product-type-variable"},"yoast_head":"<!-- This site is optimized with the Yoast SEO plugin v27.2 - https:\/\/yoast.com\/product\/yoast-seo-wordpress\/ -->\n<title>Barra da ballo per casa Juliette regolabile in altezza - 1m &#8211; Daisho<\/title>\n<meta name=\"description\" content=\"La barra Juliette: leggera, mobile ed estremamente stabile, perfetta per allenarsi a casa. Scoprila su www.daisho.be|Daisho\" \/>\n<meta name=\"robots\" content=\"index, follow, max-snippet:-1, max-image-preview:large, max-video-preview:-1\" \/>\n<link rel=\"canonical\" href=\"https:\/\/www.daisho.be\/it\/produit\/barra-da-ballo-per-casa-juliette-regolabile-in-altezza-1m\/\" \/>\n<meta property=\"og:locale\" content=\"it_IT\" \/>\n<meta property=\"og:type\" content=\"article\" \/>\n<meta property=\"og:title\" content=\"Barra da ballo per casa Juliette regolabile in altezza - 1m &#8211; Daisho\" \/>\n<meta property=\"og:description\" content=\"La barra Juliette: leggera, mobile ed estremamente stabile, perfetta per allenarsi a casa. Scoprila su www.daisho.be|Daisho\" \/>\n<meta property=\"og:url\" content=\"https:\/\/www.daisho.be\/it\/produit\/barra-da-ballo-per-casa-juliette-regolabile-in-altezza-1m\/\" \/>\n<meta property=\"og:site_name\" content=\"Daisho\" \/>\n<meta property=\"article:modified_time\" content=\"2026-03-30T13:26:15+00:00\" \/>\n<meta property=\"og:image\" content=\"https:\/\/www.daisho.be\/wp-content\/uploads\/2025\/11\/image-35-scaled.jpg\" \/>\n\t<meta property=\"og:image:width\" content=\"2048\" \/>\n\t<meta property=\"og:image:height\" content=\"1365\" \/>\n\t<meta property=\"og:image:type\" content=\"image\/jpeg\" \/>\n<meta name=\"twitter:card\" content=\"summary_large_image\" \/>\n<meta name=\"twitter:label1\" content=\"Tempo di lettura stimato\" \/>\n\t<meta name=\"twitter:data1\" content=\"2 minuti\" \/>\n<script type=\"application\/ld+json\" class=\"yoast-schema-graph\">{\"@context\":\"https:\/\/schema.org\",\"@graph\":[{\"@type\":\"WebPage\",\"@id\":\"https:\/\/www.daisho.be\/it\/produit\/barra-da-ballo-per-casa-juliette-regolabile-in-altezza-1m\/\",\"url\":\"https:\/\/www.daisho.be\/it\/produit\/barra-da-ballo-per-casa-juliette-regolabile-in-altezza-1m\/\",\"name\":\"Barra da ballo per casa Juliette regolabile in altezza - 1m &#8211; Daisho\",\"isPartOf\":{\"@id\":\"https:\/\/www.daisho.be\/it\/#website\"},\"primaryImageOfPage\":{\"@id\":\"https:\/\/www.daisho.be\/it\/produit\/barra-da-ballo-per-casa-juliette-regolabile-in-altezza-1m\/#primaryimage\"},\"image\":{\"@id\":\"https:\/\/www.daisho.be\/it\/produit\/barra-da-ballo-per-casa-juliette-regolabile-in-altezza-1m\/#primaryimage\"},\"thumbnailUrl\":\"https:\/\/www.daisho.be\/wp-content\/uploads\/2025\/11\/image-35-scaled.jpg\",\"datePublished\":\"2025-11-12T15:00:45+00:00\",\"dateModified\":\"2026-03-30T13:26:15+00:00\",\"description\":\"La barra Juliette: leggera, mobile ed estremamente stabile, perfetta per allenarsi a casa. Scoprila su www.daisho.be|Daisho\",\"breadcrumb\":{\"@id\":\"https:\/\/www.daisho.be\/it\/produit\/barra-da-ballo-per-casa-juliette-regolabile-in-altezza-1m\/#breadcrumb\"},\"inLanguage\":\"it-IT\",\"potentialAction\":[{\"@type\":\"ReadAction\",\"target\":[\"https:\/\/www.daisho.be\/it\/produit\/barra-da-ballo-per-casa-juliette-regolabile-in-altezza-1m\/\"]}]},{\"@type\":\"ImageObject\",\"inLanguage\":\"it-IT\",\"@id\":\"https:\/\/www.daisho.be\/it\/produit\/barra-da-ballo-per-casa-juliette-regolabile-in-altezza-1m\/#primaryimage\",\"url\":\"https:\/\/www.daisho.be\/wp-content\/uploads\/2025\/11\/image-35-scaled.jpg\",\"contentUrl\":\"https:\/\/www.daisho.be\/wp-content\/uploads\/2025\/11\/image-35-scaled.jpg\",\"width\":2048,\"height\":1365,\"caption\":\"Barra da ballo per casa Juliette regolabile in altezza - 1m-1\"},{\"@type\":\"BreadcrumbList\",\"@id\":\"https:\/\/www.daisho.be\/it\/produit\/barra-da-ballo-per-casa-juliette-regolabile-in-altezza-1m\/#breadcrumb\",\"itemListElement\":[{\"@type\":\"ListItem\",\"position\":1,\"name\":\"Accueil\",\"item\":\"https:\/\/www.daisho.be\/it\/\"},{\"@type\":\"ListItem\",\"position\":2,\"name\":\"Prodotti\",\"item\":\"https:\/\/www.daisho.be\/it\/prodotti\/\"},{\"@type\":\"ListItem\",\"position\":3,\"name\":\"Cura dello sport\",\"item\":\"https:\/\/www.daisho.be\/it\/categorie-produit\/cura-dello-sport\/\"},{\"@type\":\"ListItem\",\"position\":4,\"name\":\"Attrezzature per lo stretching\",\"item\":\"https:\/\/www.daisho.be\/it\/categorie-produit\/cura-dello-sport\/attrezzature-per-lo-stretching\/\"},{\"@type\":\"ListItem\",\"position\":5,\"name\":\"Barra da ballo per casa Juliette regolabile in altezza &#8211; 1m\"}]},{\"@type\":\"WebSite\",\"@id\":\"https:\/\/www.daisho.be\/it\/#website\",\"url\":\"https:\/\/www.daisho.be\/it\/\",\"name\":\"Daisho\",\"description\":\"Sp&eacute;cialiste de l'&eacute;quipement sportif d'arts martiaux\",\"publisher\":{\"@id\":\"https:\/\/www.daisho.be\/it\/#organization\"},\"potentialAction\":[{\"@type\":\"SearchAction\",\"target\":{\"@type\":\"EntryPoint\",\"urlTemplate\":\"https:\/\/www.daisho.be\/it\/?s={search_term_string}\"},\"query-input\":{\"@type\":\"PropertyValueSpecification\",\"valueRequired\":true,\"valueName\":\"search_term_string\"}}],\"inLanguage\":\"it-IT\"},{\"@type\":\"Organization\",\"@id\":\"https:\/\/www.daisho.be\/it\/#organization\",\"name\":\"Daisho\",\"url\":\"https:\/\/www.daisho.be\/it\/\",\"logo\":{\"@type\":\"ImageObject\",\"inLanguage\":\"it-IT\",\"@id\":\"https:\/\/www.daisho.be\/it\/#\/schema\/logo\/image\/\",\"url\":\"https:\/\/www.daisho.be\/wp-content\/uploads\/2019\/07\/color-nothing-horizontale4x-e1564486100247.png\",\"contentUrl\":\"https:\/\/www.daisho.be\/wp-content\/uploads\/2019\/07\/color-nothing-horizontale4x-e1564486100247.png\",\"width\":1547,\"height\":385,\"caption\":\"Daisho\"},\"image\":{\"@id\":\"https:\/\/www.daisho.be\/it\/#\/schema\/logo\/image\/\"}}]}<\/script>\n<!-- \/ Yoast SEO plugin. -->","yoast_head_json":{"title":"Barra da ballo per casa Juliette regolabile in altezza - 1m &#8211; Daisho","description":"La barra Juliette: leggera, mobile ed estremamente stabile, perfetta per allenarsi a casa. Scoprila su www.daisho.be|Daisho","robots":{"index":"index","follow":"follow","max-snippet":"max-snippet:-1","max-image-preview":"max-image-preview:large","max-video-preview":"max-video-preview:-1"},"canonical":"https:\/\/www.daisho.be\/it\/produit\/barra-da-ballo-per-casa-juliette-regolabile-in-altezza-1m\/","og_locale":"it_IT","og_type":"article","og_title":"Barra da ballo per casa Juliette regolabile in altezza - 1m &#8211; Daisho","og_description":"La barra Juliette: leggera, mobile ed estremamente stabile, perfetta per allenarsi a casa. Scoprila su www.daisho.be|Daisho","og_url":"https:\/\/www.daisho.be\/it\/produit\/barra-da-ballo-per-casa-juliette-regolabile-in-altezza-1m\/","og_site_name":"Daisho","article_modified_time":"2026-03-30T13:26:15+00:00","og_image":[{"width":2048,"height":1365,"url":"https:\/\/www.daisho.be\/wp-content\/uploads\/2025\/11\/image-35-scaled.jpg","type":"image\/jpeg"}],"twitter_card":"summary_large_image","twitter_misc":{"Tempo di lettura stimato":"2 minuti"},"schema":{"@context":"https:\/\/schema.org","@graph":[{"@type":"WebPage","@id":"https:\/\/www.daisho.be\/it\/produit\/barra-da-ballo-per-casa-juliette-regolabile-in-altezza-1m\/","url":"https:\/\/www.daisho.be\/it\/produit\/barra-da-ballo-per-casa-juliette-regolabile-in-altezza-1m\/","name":"Barra da ballo per casa Juliette regolabile in altezza - 1m &#8211; Daisho","isPartOf":{"@id":"https:\/\/www.daisho.be\/it\/#website"},"primaryImageOfPage":{"@id":"https:\/\/www.daisho.be\/it\/produit\/barra-da-ballo-per-casa-juliette-regolabile-in-altezza-1m\/#primaryimage"},"image":{"@id":"https:\/\/www.daisho.be\/it\/produit\/barra-da-ballo-per-casa-juliette-regolabile-in-altezza-1m\/#primaryimage"},"thumbnailUrl":"https:\/\/www.daisho.be\/wp-content\/uploads\/2025\/11\/image-35-scaled.jpg","datePublished":"2025-11-12T15:00:45+00:00","dateModified":"2026-03-30T13:26:15+00:00","description":"La barra Juliette: leggera, mobile ed estremamente stabile, perfetta per allenarsi a casa. Scoprila su www.daisho.be|Daisho","breadcrumb":{"@id":"https:\/\/www.daisho.be\/it\/produit\/barra-da-ballo-per-casa-juliette-regolabile-in-altezza-1m\/#breadcrumb"},"inLanguage":"it-IT","potentialAction":[{"@type":"ReadAction","target":["https:\/\/www.daisho.be\/it\/produit\/barra-da-ballo-per-casa-juliette-regolabile-in-altezza-1m\/"]}]},{"@type":"ImageObject","inLanguage":"it-IT","@id":"https:\/\/www.daisho.be\/it\/produit\/barra-da-ballo-per-casa-juliette-regolabile-in-altezza-1m\/#primaryimage","url":"https:\/\/www.daisho.be\/wp-content\/uploads\/2025\/11\/image-35-scaled.jpg","contentUrl":"https:\/\/www.daisho.be\/wp-content\/uploads\/2025\/11\/image-35-scaled.jpg","width":2048,"height":1365,"caption":"Barra da ballo per casa Juliette regolabile in altezza - 1m-1"},{"@type":"BreadcrumbList","@id":"https:\/\/www.daisho.be\/it\/produit\/barra-da-ballo-per-casa-juliette-regolabile-in-altezza-1m\/#breadcrumb","itemListElement":[{"@type":"ListItem","position":1,"name":"Accueil","item":"https:\/\/www.daisho.be\/it\/"},{"@type":"ListItem","position":2,"name":"Prodotti","item":"https:\/\/www.daisho.be\/it\/prodotti\/"},{"@type":"ListItem","position":3,"name":"Cura dello sport","item":"https:\/\/www.daisho.be\/it\/categorie-produit\/cura-dello-sport\/"},{"@type":"ListItem","position":4,"name":"Attrezzature per lo stretching","item":"https:\/\/www.daisho.be\/it\/categorie-produit\/cura-dello-sport\/attrezzature-per-lo-stretching\/"},{"@type":"ListItem","position":5,"name":"Barra da ballo per casa Juliette regolabile in altezza &#8211; 1m"}]},{"@type":"WebSite","@id":"https:\/\/www.daisho.be\/it\/#website","url":"https:\/\/www.daisho.be\/it\/","name":"Daisho","description":"Sp&eacute;cialiste de l'&eacute;quipement sportif d'arts martiaux","publisher":{"@id":"https:\/\/www.daisho.be\/it\/#organization"},"potentialAction":[{"@type":"SearchAction","target":{"@type":"EntryPoint","urlTemplate":"https:\/\/www.daisho.be\/it\/?s={search_term_string}"},"query-input":{"@type":"PropertyValueSpecification","valueRequired":true,"valueName":"search_term_string"}}],"inLanguage":"it-IT"},{"@type":"Organization","@id":"https:\/\/www.daisho.be\/it\/#organization","name":"Daisho","url":"https:\/\/www.daisho.be\/it\/","logo":{"@type":"ImageObject","inLanguage":"it-IT","@id":"https:\/\/www.daisho.be\/it\/#\/schema\/logo\/image\/","url":"https:\/\/www.daisho.be\/wp-content\/uploads\/2019\/07\/color-nothing-horizontale4x-e1564486100247.png","contentUrl":"https:\/\/www.daisho.be\/wp-content\/uploads\/2019\/07\/color-nothing-horizontale4x-e1564486100247.png","width":1547,"height":385,"caption":"Daisho"},"image":{"@id":"https:\/\/www.daisho.be\/it\/#\/schema\/logo\/image\/"}}]}},"_links":{"self":[{"href":"https:\/\/www.daisho.be\/it\/wp-json\/wp\/v2\/product\/618895","targetHints":{"allow":["GET"]}}],"collection":[{"href":"https:\/\/www.daisho.be\/it\/wp-json\/wp\/v2\/product"}],"about":[{"href":"https:\/\/www.daisho.be\/it\/wp-json\/wp\/v2\/types\/product"}],"replies":[{"embeddable":true,"href":"https:\/\/www.daisho.be\/it\/wp-json\/wp\/v2\/comments?post=618895"}],"wp:featuredmedia":[{"embeddable":true,"href":"https:\/\/www.daisho.be\/it\/wp-json\/wp\/v2\/media\/618825"}],"wp:attachment":[{"href":"https:\/\/www.daisho.be\/it\/wp-json\/wp\/v2\/media?parent=618895"}],"wp:term":[{"taxonomy":"product_brand","embeddable":true,"href":"https:\/\/www.daisho.be\/it\/wp-json\/wp\/v2\/product_brand?post=618895"},{"taxonomy":"product_cat","embeddable":true,"href":"https:\/\/www.daisho.be\/it\/wp-json\/wp\/v2\/product_cat?post=618895"},{"taxonomy":"product_tag","embeddable":true,"href":"https:\/\/www.daisho.be\/it\/wp-json\/wp\/v2\/product_tag?post=618895"},{"taxonomy":"sport","embeddable":true,"href":"https:\/\/www.daisho.be\/it\/wp-json\/wp\/v2\/sport?post=618895"}],"curies":[{"name":"wp","href":"https:\/\/api.w.org\/{rel}","templated":true}]}}