{"id":618767,"date":"2025-11-12T15:35:36","date_gmt":"2025-11-12T14:35:36","guid":{"rendered":"https:\/\/www.daisho.be\/produit\/barra-mobile-per-balletto-pina-15-m\/"},"modified":"2026-03-31T08:37:30","modified_gmt":"2026-03-31T06:37:30","slug":"barra-mobile-per-balletto-pina-15-m","status":"publish","type":"product","link":"https:\/\/www.daisho.be\/it\/produit\/barra-mobile-per-balletto-pina-15-m\/","title":{"rendered":"Barra mobile per danza classica Pina &#8211; 1,5 m &#8211; con rotelle"},"content":{"rendered":"<p>La Pina \u00e8 una sbarra mobile per danza classica della nostra gamma professionale, progettata con supporti per due sbarre di legno fissate a due diverse altezze: 79,5 e 102 cm. La Pina \u00e8 presente sul mercato da oltre 10 anni ed \u00e8 uno dei modelli pi\u00f9 popolari utilizzati nelle scuole di danza di tutto il mondo, in grado di soddisfare ballerini di tutte le et\u00e0 e dimensioni. I due tipi di base disponibili, con o senza rotelle, ti offrono la flessibilit\u00e0 necessaria per organizzare le tue sessioni di allenamento.<br \/>\nUna barra progettata per classi con ballerini di et\u00e0 diverse<br \/>\nLe due barre di legno, distanti 19 centimetri l&#8217;una dall&#8217;altra, permettono a due ballerini di dimensioni diverse di utilizzarla contemporaneamente, in modo da poter lavorare con gruppi di et\u00e0 diverse. Il design esclusivo dei doppi supporti di Dinamica Ballet distribuisce la pressione che il ballerino esercita sulle barre. Abbiamo condotto degli studi nel Laboratorio di Elasticit\u00e0 e Resistenza dei Materiali dell&#8217;Universit\u00e0 Politecnica di Barcellona, che hanno dimostrato che la sbarra pu\u00f2 resistere a forze fino a 400 kg.<br \/>\nSupporto con o senza rotelle per adattarsi al tuo spazio di lavoro<br \/>\nIl modello PINA fa parte della nostra gamma di sbarre mobili professionali. Offriamo due tipi di base in acciaio: una base con due ruote da 20 kg e una base piatta senza ruote da 10 kg. La base con rotelle in gomma ad alta densit\u00e0 offre una grande stabilit\u00e0 e ti permette di spostare la barra senza sforzo inclinandola di 45 gradi. La base piatta \u00e8 progettata in modo da poter spostare la barra sollevandola, senza che tocchi il pavimento. In entrambi i casi, le basi sono dotate di pattini in PVC per proteggere il pavimento, anche se si tratta di parquet.<br \/>\nSe hai bisogno di spostare spesso la barra, ti consigliamo il modello con rotelle. Se invece pensi di spostarla solo occasionalmente o se sei in due, la base piatta \u00e8 pi\u00f9 adatta. Il peso totale con le basi con rotelle e la barra di legno di 2 metri \u00e8 di 52 kg. Il peso totale con le basi senza rotelle \u00e8 di 36 kg.<br \/>\nAcciaio e legno, la combinazione ideale per un&#8217;eccellente sbarra da ballo<br \/>\nLe nostre sbarre realizzate in legno di pino giallo proveniente da foreste sostenibili sono resistenti e leggermente flessibili, ideali per esercizi avanzati. Il legno perfettamente levigato e non verniciato ha una sensazione piacevole al tatto, una buona presa e una bellezza naturale. I supporti si adattano saldamente alle barre senza bisogno di forare il legno, garantendo migliaia di ore di utilizzo e facilit\u00e0 di installazione. Le basi e le staffe sono realizzate in acciaio di alta qualit\u00e0 con una finitura epossidica color argento altamente resistente agli urti e ai graffi. La Pina \u00e8 disponibile con barre di legno da 2 e 3 metri.<br \/>\nBasi con o senza rotelle<br \/>\nSupporto per due barre<br \/>\nDisponibile con barre da 2 m e 3 m               <\/p>\n","protected":false},"excerpt":{"rendered":"<p>La Pina \u00e8 una sbarra mobile per danza classica della nostra gamma professionale, progettata con supporti per due sbarre di legno fissate a due diverse altezze: 79,5 e 102 cm. La Pina \u00e8 presente sul mercato da oltre 10 anni ed \u00e8 uno dei modelli pi\u00f9 popolari utilizzati nelle scuole di danza di tutto il [&hellip;]<\/p>\n","protected":false},"featured_media":618726,"comment_status":"open","ping_status":"closed","template":"","meta":{"inline_featured_image":false},"product_brand":[],"product_cat":[2355],"product_tag":[2346],"sport":[],"class_list":{"0":"post-618767","1":"product","2":"type-product","3":"status-publish","4":"has-post-thumbnail","6":"product_cat-altro","7":"product_tag-dinamica-balletto","8":"pa_size-15-m","10":"first","11":"instock","12":"taxable","13":"shipping-taxable","14":"purchasable","15":"product-type-variable"},"yoast_head":"<!-- This site is optimized with the Yoast SEO plugin v27.2 - https:\/\/yoast.com\/product\/yoast-seo-wordpress\/ -->\n<title>Barra mobile per danza classica Pina - 1,5 m - con rotelle &#8211; Daisho<\/title>\n<meta name=\"description\" content=\"Pina: barra doppia per danza classica di livello professionale. Stabile e flessibile, ideale per tutte le et\u00e0. Trovala su www.daisho.be|Daisho\" \/>\n<meta name=\"robots\" content=\"index, follow, max-snippet:-1, max-image-preview:large, max-video-preview:-1\" \/>\n<link rel=\"canonical\" href=\"https:\/\/www.daisho.be\/it\/produit\/barra-mobile-per-balletto-pina-15-m\/\" \/>\n<meta property=\"og:locale\" content=\"it_IT\" \/>\n<meta property=\"og:type\" content=\"article\" \/>\n<meta property=\"og:title\" content=\"Barra mobile per danza classica Pina - 1,5 m - con rotelle &#8211; Daisho\" \/>\n<meta property=\"og:description\" content=\"Pina: barra doppia per danza classica di livello professionale. Stabile e flessibile, ideale per tutte le et\u00e0. Trovala su www.daisho.be|Daisho\" \/>\n<meta property=\"og:url\" content=\"https:\/\/www.daisho.be\/it\/produit\/barra-mobile-per-balletto-pina-15-m\/\" \/>\n<meta property=\"og:site_name\" content=\"Daisho\" \/>\n<meta property=\"article:modified_time\" content=\"2026-03-31T06:37:30+00:00\" \/>\n<meta property=\"og:image\" content=\"https:\/\/www.daisho.be\/wp-content\/uploads\/2025\/11\/image-30-scaled.jpg\" \/>\n\t<meta property=\"og:image:width\" content=\"2048\" \/>\n\t<meta property=\"og:image:height\" content=\"1365\" \/>\n\t<meta property=\"og:image:type\" content=\"image\/jpeg\" \/>\n<meta name=\"twitter:card\" content=\"summary_large_image\" \/>\n<meta name=\"twitter:label1\" content=\"Tempo di lettura stimato\" \/>\n\t<meta name=\"twitter:data1\" content=\"2 minuti\" \/>\n<script type=\"application\/ld+json\" class=\"yoast-schema-graph\">{\"@context\":\"https:\/\/schema.org\",\"@graph\":[{\"@type\":\"WebPage\",\"@id\":\"https:\/\/www.daisho.be\/it\/produit\/barra-mobile-per-balletto-pina-15-m\/\",\"url\":\"https:\/\/www.daisho.be\/it\/produit\/barra-mobile-per-balletto-pina-15-m\/\",\"name\":\"Barra mobile per danza classica Pina - 1,5 m - con rotelle &#8211; Daisho\",\"isPartOf\":{\"@id\":\"https:\/\/www.daisho.be\/it\/#website\"},\"primaryImageOfPage\":{\"@id\":\"https:\/\/www.daisho.be\/it\/produit\/barra-mobile-per-balletto-pina-15-m\/#primaryimage\"},\"image\":{\"@id\":\"https:\/\/www.daisho.be\/it\/produit\/barra-mobile-per-balletto-pina-15-m\/#primaryimage\"},\"thumbnailUrl\":\"https:\/\/www.daisho.be\/wp-content\/uploads\/2025\/11\/image-30-scaled.jpg\",\"datePublished\":\"2025-11-12T14:35:36+00:00\",\"dateModified\":\"2026-03-31T06:37:30+00:00\",\"description\":\"Pina: barra doppia per danza classica di livello professionale. Stabile e flessibile, ideale per tutte le et\u00e0. Trovala su www.daisho.be|Daisho\",\"breadcrumb\":{\"@id\":\"https:\/\/www.daisho.be\/it\/produit\/barra-mobile-per-balletto-pina-15-m\/#breadcrumb\"},\"inLanguage\":\"it-IT\",\"potentialAction\":[{\"@type\":\"ReadAction\",\"target\":[\"https:\/\/www.daisho.be\/it\/produit\/barra-mobile-per-balletto-pina-15-m\/\"]}]},{\"@type\":\"ImageObject\",\"inLanguage\":\"it-IT\",\"@id\":\"https:\/\/www.daisho.be\/it\/produit\/barra-mobile-per-balletto-pina-15-m\/#primaryimage\",\"url\":\"https:\/\/www.daisho.be\/wp-content\/uploads\/2025\/11\/image-30-scaled.jpg\",\"contentUrl\":\"https:\/\/www.daisho.be\/wp-content\/uploads\/2025\/11\/image-30-scaled.jpg\",\"width\":2048,\"height\":1365,\"caption\":\"Barra mobile per danza classica Pina - 1,5m- con rotelle-1\"},{\"@type\":\"BreadcrumbList\",\"@id\":\"https:\/\/www.daisho.be\/it\/produit\/barra-mobile-per-balletto-pina-15-m\/#breadcrumb\",\"itemListElement\":[{\"@type\":\"ListItem\",\"position\":1,\"name\":\"Accueil\",\"item\":\"https:\/\/www.daisho.be\/it\/\"},{\"@type\":\"ListItem\",\"position\":2,\"name\":\"Prodotti\",\"item\":\"https:\/\/www.daisho.be\/it\/prodotti\/\"},{\"@type\":\"ListItem\",\"position\":3,\"name\":\"Altro\",\"item\":\"https:\/\/www.daisho.be\/it\/categorie-produit\/altro\/\"},{\"@type\":\"ListItem\",\"position\":4,\"name\":\"Barra mobile per danza classica Pina &#8211; 1,5 m &#8211; con rotelle\"}]},{\"@type\":\"WebSite\",\"@id\":\"https:\/\/www.daisho.be\/it\/#website\",\"url\":\"https:\/\/www.daisho.be\/it\/\",\"name\":\"Daisho\",\"description\":\"Sp&eacute;cialiste de l'&eacute;quipement sportif d'arts martiaux\",\"publisher\":{\"@id\":\"https:\/\/www.daisho.be\/it\/#organization\"},\"potentialAction\":[{\"@type\":\"SearchAction\",\"target\":{\"@type\":\"EntryPoint\",\"urlTemplate\":\"https:\/\/www.daisho.be\/it\/?s={search_term_string}\"},\"query-input\":{\"@type\":\"PropertyValueSpecification\",\"valueRequired\":true,\"valueName\":\"search_term_string\"}}],\"inLanguage\":\"it-IT\"},{\"@type\":\"Organization\",\"@id\":\"https:\/\/www.daisho.be\/it\/#organization\",\"name\":\"Daisho\",\"url\":\"https:\/\/www.daisho.be\/it\/\",\"logo\":{\"@type\":\"ImageObject\",\"inLanguage\":\"it-IT\",\"@id\":\"https:\/\/www.daisho.be\/it\/#\/schema\/logo\/image\/\",\"url\":\"https:\/\/www.daisho.be\/wp-content\/uploads\/2019\/07\/color-nothing-horizontale4x-e1564486100247.png\",\"contentUrl\":\"https:\/\/www.daisho.be\/wp-content\/uploads\/2019\/07\/color-nothing-horizontale4x-e1564486100247.png\",\"width\":1547,\"height\":385,\"caption\":\"Daisho\"},\"image\":{\"@id\":\"https:\/\/www.daisho.be\/it\/#\/schema\/logo\/image\/\"}}]}<\/script>\n<!-- \/ Yoast SEO plugin. -->","yoast_head_json":{"title":"Barra mobile per danza classica Pina - 1,5 m - con rotelle &#8211; Daisho","description":"Pina: barra doppia per danza classica di livello professionale. Stabile e flessibile, ideale per tutte le et\u00e0. Trovala su www.daisho.be|Daisho","robots":{"index":"index","follow":"follow","max-snippet":"max-snippet:-1","max-image-preview":"max-image-preview:large","max-video-preview":"max-video-preview:-1"},"canonical":"https:\/\/www.daisho.be\/it\/produit\/barra-mobile-per-balletto-pina-15-m\/","og_locale":"it_IT","og_type":"article","og_title":"Barra mobile per danza classica Pina - 1,5 m - con rotelle &#8211; Daisho","og_description":"Pina: barra doppia per danza classica di livello professionale. Stabile e flessibile, ideale per tutte le et\u00e0. Trovala su www.daisho.be|Daisho","og_url":"https:\/\/www.daisho.be\/it\/produit\/barra-mobile-per-balletto-pina-15-m\/","og_site_name":"Daisho","article_modified_time":"2026-03-31T06:37:30+00:00","og_image":[{"width":2048,"height":1365,"url":"https:\/\/www.daisho.be\/wp-content\/uploads\/2025\/11\/image-30-scaled.jpg","type":"image\/jpeg"}],"twitter_card":"summary_large_image","twitter_misc":{"Tempo di lettura stimato":"2 minuti"},"schema":{"@context":"https:\/\/schema.org","@graph":[{"@type":"WebPage","@id":"https:\/\/www.daisho.be\/it\/produit\/barra-mobile-per-balletto-pina-15-m\/","url":"https:\/\/www.daisho.be\/it\/produit\/barra-mobile-per-balletto-pina-15-m\/","name":"Barra mobile per danza classica Pina - 1,5 m - con rotelle &#8211; Daisho","isPartOf":{"@id":"https:\/\/www.daisho.be\/it\/#website"},"primaryImageOfPage":{"@id":"https:\/\/www.daisho.be\/it\/produit\/barra-mobile-per-balletto-pina-15-m\/#primaryimage"},"image":{"@id":"https:\/\/www.daisho.be\/it\/produit\/barra-mobile-per-balletto-pina-15-m\/#primaryimage"},"thumbnailUrl":"https:\/\/www.daisho.be\/wp-content\/uploads\/2025\/11\/image-30-scaled.jpg","datePublished":"2025-11-12T14:35:36+00:00","dateModified":"2026-03-31T06:37:30+00:00","description":"Pina: barra doppia per danza classica di livello professionale. Stabile e flessibile, ideale per tutte le et\u00e0. Trovala su www.daisho.be|Daisho","breadcrumb":{"@id":"https:\/\/www.daisho.be\/it\/produit\/barra-mobile-per-balletto-pina-15-m\/#breadcrumb"},"inLanguage":"it-IT","potentialAction":[{"@type":"ReadAction","target":["https:\/\/www.daisho.be\/it\/produit\/barra-mobile-per-balletto-pina-15-m\/"]}]},{"@type":"ImageObject","inLanguage":"it-IT","@id":"https:\/\/www.daisho.be\/it\/produit\/barra-mobile-per-balletto-pina-15-m\/#primaryimage","url":"https:\/\/www.daisho.be\/wp-content\/uploads\/2025\/11\/image-30-scaled.jpg","contentUrl":"https:\/\/www.daisho.be\/wp-content\/uploads\/2025\/11\/image-30-scaled.jpg","width":2048,"height":1365,"caption":"Barra mobile per danza classica Pina - 1,5m- con rotelle-1"},{"@type":"BreadcrumbList","@id":"https:\/\/www.daisho.be\/it\/produit\/barra-mobile-per-balletto-pina-15-m\/#breadcrumb","itemListElement":[{"@type":"ListItem","position":1,"name":"Accueil","item":"https:\/\/www.daisho.be\/it\/"},{"@type":"ListItem","position":2,"name":"Prodotti","item":"https:\/\/www.daisho.be\/it\/prodotti\/"},{"@type":"ListItem","position":3,"name":"Altro","item":"https:\/\/www.daisho.be\/it\/categorie-produit\/altro\/"},{"@type":"ListItem","position":4,"name":"Barra mobile per danza classica Pina &#8211; 1,5 m &#8211; con rotelle"}]},{"@type":"WebSite","@id":"https:\/\/www.daisho.be\/it\/#website","url":"https:\/\/www.daisho.be\/it\/","name":"Daisho","description":"Sp&eacute;cialiste de l'&eacute;quipement sportif d'arts martiaux","publisher":{"@id":"https:\/\/www.daisho.be\/it\/#organization"},"potentialAction":[{"@type":"SearchAction","target":{"@type":"EntryPoint","urlTemplate":"https:\/\/www.daisho.be\/it\/?s={search_term_string}"},"query-input":{"@type":"PropertyValueSpecification","valueRequired":true,"valueName":"search_term_string"}}],"inLanguage":"it-IT"},{"@type":"Organization","@id":"https:\/\/www.daisho.be\/it\/#organization","name":"Daisho","url":"https:\/\/www.daisho.be\/it\/","logo":{"@type":"ImageObject","inLanguage":"it-IT","@id":"https:\/\/www.daisho.be\/it\/#\/schema\/logo\/image\/","url":"https:\/\/www.daisho.be\/wp-content\/uploads\/2019\/07\/color-nothing-horizontale4x-e1564486100247.png","contentUrl":"https:\/\/www.daisho.be\/wp-content\/uploads\/2019\/07\/color-nothing-horizontale4x-e1564486100247.png","width":1547,"height":385,"caption":"Daisho"},"image":{"@id":"https:\/\/www.daisho.be\/it\/#\/schema\/logo\/image\/"}}]}},"_links":{"self":[{"href":"https:\/\/www.daisho.be\/it\/wp-json\/wp\/v2\/product\/618767","targetHints":{"allow":["GET"]}}],"collection":[{"href":"https:\/\/www.daisho.be\/it\/wp-json\/wp\/v2\/product"}],"about":[{"href":"https:\/\/www.daisho.be\/it\/wp-json\/wp\/v2\/types\/product"}],"replies":[{"embeddable":true,"href":"https:\/\/www.daisho.be\/it\/wp-json\/wp\/v2\/comments?post=618767"}],"wp:featuredmedia":[{"embeddable":true,"href":"https:\/\/www.daisho.be\/it\/wp-json\/wp\/v2\/media\/618726"}],"wp:attachment":[{"href":"https:\/\/www.daisho.be\/it\/wp-json\/wp\/v2\/media?parent=618767"}],"wp:term":[{"taxonomy":"product_brand","embeddable":true,"href":"https:\/\/www.daisho.be\/it\/wp-json\/wp\/v2\/product_brand?post=618767"},{"taxonomy":"product_cat","embeddable":true,"href":"https:\/\/www.daisho.be\/it\/wp-json\/wp\/v2\/product_cat?post=618767"},{"taxonomy":"product_tag","embeddable":true,"href":"https:\/\/www.daisho.be\/it\/wp-json\/wp\/v2\/product_tag?post=618767"},{"taxonomy":"sport","embeddable":true,"href":"https:\/\/www.daisho.be\/it\/wp-json\/wp\/v2\/sport?post=618767"}],"curies":[{"name":"wp","href":"https:\/\/api.w.org\/{rel}","templated":true}]}}