{"id":618697,"date":"2025-11-12T14:41:06","date_gmt":"2025-11-12T13:41:06","guid":{"rendered":"https:\/\/www.daisho.be\/produit\/royale-mobile-dance-bar-3m\/"},"modified":"2026-03-31T08:37:30","modified_gmt":"2026-03-31T06:37:30","slug":"royale-mobile-dance-bar-3m","status":"publish","type":"product","link":"https:\/\/www.daisho.be\/it\/produit\/royale-mobile-dance-bar-3m\/","title":{"rendered":"Royale mobile dance bar &#8211; 3m"},"content":{"rendered":"<p>Se stai cercando una sbarra mobile regolabile in altezza con la stabilit\u00e0 di una sbarra fissa, la Royale \u00e8 il modello che fa per te. Con un peso totale di 76 kg, supporti per due barre e 10 altezze possibili, la Royale \u00e8 indispensabile per le scuole di danza pi\u00f9 esigenti.<br \/>\nLa barra ad altezza regolabile pi\u00f9 stabile che tu possa trovare.<br \/>\nLa Royale \u00e8 una barra progettata per i professionisti della danza che cercano modelli mobili con le massime prestazioni. Le basi, che pesano 30 kg ciascuna, sono realizzate in ghisa e dotate di 4 rotelle in gomma ad alta densit\u00e0. Ci\u00f2 significa che la sbarra pu\u00f2 essere facilmente spostata da una sola persona. Gli zoccoli sono progettati in modo che le rotelle non tocchino il pavimento quando la sbarra viene appoggiata, garantendo una solidit\u00e0 senza pari in un modello portatile. Con una stabilit\u00e0 totale per gli studenti di tutte le et\u00e0 e la mobilit\u00e0 necessaria per liberare lo spazio dopo il riscaldamento, la sbarra Royale soddisfa tutte le tue esigenze.<br \/>\nRegolazioni rapide dell&#8217;altezza per la massima flessibilit\u00e0<br \/>\nLa sbarra doppia Dinamica contiene due barre di legno distanziate di 19 centimetri. Grazie alla funzione di regolazione dell&#8217;altezza, puoi lavorare con un&#8217;altezza minima di 73 cm e un&#8217;altezza massima di 123 cm, cos\u00ec non dovrai preoccuparti dell&#8217;altezza dei ballerini nelle tue lezioni. Qualunque posizione tu scelga, la sbarra Royale mantiene la sua stabilit\u00e0 e le sue prestazioni eccezionali. L&#8217;esclusivo design a doppio supporto di Dinamica Ballet distribuisce la pressione che il ballerino esercita sulle barre. Questa sbarra \u00e8 disponibile con barre in legno da 2 e 3 metri.<br \/>\nGhisa, acciaio e legno di pino, materiali che garantiscono decenni di utilizzo<br \/>\nLe aste in acciaio hanno una finitura epossidica color argento che le protegge da urti e graffi. Le barre in pino giallo proveniente da foreste sostenibili sono ricavate da un unico pezzo di legno e sono accuratamente lucidate per proteggere le tue mani. Il legno \u00e8 un materiale vivo che offre grande resistenza, una leggera flessibilit\u00e0, un sostegno ottimale e una sensazione piacevolmente morbida e calda. Forniamo i pali con il sistema di regolazione dell&#8217;altezza e le basi gi\u00e0 installate. Cos\u00ec potrai iniziare a usarla dopo pochi minuti.<br \/>\nBasi in ghisa per la massima stabilit\u00e0<br \/>\nRegolabile a 10 altezze diverse<br \/>\nSupporti per due barre di legno<br \/>\nDisponibile in barre da 2 e 3 metri             <\/p>\n","protected":false},"excerpt":{"rendered":"<p>Se stai cercando una sbarra mobile regolabile in altezza con la stabilit\u00e0 di una sbarra fissa, la Royale \u00e8 il modello che fa per te. Con un peso totale di 76 kg, supporti per due barre e 10 altezze possibili, la Royale \u00e8 indispensabile per le scuole di danza pi\u00f9 esigenti. La barra ad altezza [&hellip;]<\/p>\n","protected":false},"featured_media":618682,"comment_status":"open","ping_status":"closed","template":"","meta":{"inline_featured_image":false},"product_brand":[],"product_cat":[2539],"product_tag":[2346],"sport":[],"class_list":{"0":"post-618697","1":"product","2":"type-product","3":"status-publish","4":"has-post-thumbnail","6":"product_cat-attrezzature-per-lo-stretching","7":"product_tag-dinamica-balletto","8":"pa_size-3-m","10":"first","11":"instock","12":"taxable","13":"shipping-taxable","14":"purchasable","15":"product-type-variable"},"yoast_head":"<!-- This site is optimized with the Yoast SEO plugin v27.2 - https:\/\/yoast.com\/product\/yoast-seo-wordpress\/ -->\n<title>Royale mobile dance bar - 3m &#8211; Daisho<\/title>\n<meta name=\"description\" content=\"Scegli la barra Royale: mobile e resistente con una stabilit\u00e0 senza pari per le scuole di danza pi\u00f9 esigenti. Trovala su www.daisho.be|Daisho\" \/>\n<meta name=\"robots\" content=\"index, follow, max-snippet:-1, max-image-preview:large, max-video-preview:-1\" \/>\n<link rel=\"canonical\" href=\"https:\/\/www.daisho.be\/it\/produit\/royale-mobile-dance-bar-3m\/\" \/>\n<meta property=\"og:locale\" content=\"it_IT\" \/>\n<meta property=\"og:type\" content=\"article\" \/>\n<meta property=\"og:title\" content=\"Royale mobile dance bar - 3m &#8211; Daisho\" \/>\n<meta property=\"og:description\" content=\"Scegli la barra Royale: mobile e resistente con una stabilit\u00e0 senza pari per le scuole di danza pi\u00f9 esigenti. Trovala su www.daisho.be|Daisho\" \/>\n<meta property=\"og:url\" content=\"https:\/\/www.daisho.be\/it\/produit\/royale-mobile-dance-bar-3m\/\" \/>\n<meta property=\"og:site_name\" content=\"Daisho\" \/>\n<meta property=\"article:modified_time\" content=\"2026-03-31T06:37:30+00:00\" \/>\n<meta property=\"og:image\" content=\"https:\/\/www.daisho.be\/wp-content\/uploads\/2025\/11\/image-29-scaled.jpg\" \/>\n\t<meta property=\"og:image:width\" content=\"2048\" \/>\n\t<meta property=\"og:image:height\" content=\"1465\" \/>\n\t<meta property=\"og:image:type\" content=\"image\/jpeg\" \/>\n<meta name=\"twitter:card\" content=\"summary_large_image\" \/>\n<meta name=\"twitter:label1\" content=\"Tempo di lettura stimato\" \/>\n\t<meta name=\"twitter:data1\" content=\"2 minuti\" \/>\n<script type=\"application\/ld+json\" class=\"yoast-schema-graph\">{\"@context\":\"https:\/\/schema.org\",\"@graph\":[{\"@type\":\"WebPage\",\"@id\":\"https:\/\/www.daisho.be\/it\/produit\/royale-mobile-dance-bar-3m\/\",\"url\":\"https:\/\/www.daisho.be\/it\/produit\/royale-mobile-dance-bar-3m\/\",\"name\":\"Royale mobile dance bar - 3m &#8211; Daisho\",\"isPartOf\":{\"@id\":\"https:\/\/www.daisho.be\/it\/#website\"},\"primaryImageOfPage\":{\"@id\":\"https:\/\/www.daisho.be\/it\/produit\/royale-mobile-dance-bar-3m\/#primaryimage\"},\"image\":{\"@id\":\"https:\/\/www.daisho.be\/it\/produit\/royale-mobile-dance-bar-3m\/#primaryimage\"},\"thumbnailUrl\":\"https:\/\/www.daisho.be\/wp-content\/uploads\/2025\/11\/image-29-scaled.jpg\",\"datePublished\":\"2025-11-12T13:41:06+00:00\",\"dateModified\":\"2026-03-31T06:37:30+00:00\",\"description\":\"Scegli la barra Royale: mobile e resistente con una stabilit\u00e0 senza pari per le scuole di danza pi\u00f9 esigenti. Trovala su www.daisho.be|Daisho\",\"breadcrumb\":{\"@id\":\"https:\/\/www.daisho.be\/it\/produit\/royale-mobile-dance-bar-3m\/#breadcrumb\"},\"inLanguage\":\"it-IT\",\"potentialAction\":[{\"@type\":\"ReadAction\",\"target\":[\"https:\/\/www.daisho.be\/it\/produit\/royale-mobile-dance-bar-3m\/\"]}]},{\"@type\":\"ImageObject\",\"inLanguage\":\"it-IT\",\"@id\":\"https:\/\/www.daisho.be\/it\/produit\/royale-mobile-dance-bar-3m\/#primaryimage\",\"url\":\"https:\/\/www.daisho.be\/wp-content\/uploads\/2025\/11\/image-29-scaled.jpg\",\"contentUrl\":\"https:\/\/www.daisho.be\/wp-content\/uploads\/2025\/11\/image-29-scaled.jpg\",\"width\":2048,\"height\":1465,\"caption\":\"Royale mobile dance bar - 3m-1\"},{\"@type\":\"BreadcrumbList\",\"@id\":\"https:\/\/www.daisho.be\/it\/produit\/royale-mobile-dance-bar-3m\/#breadcrumb\",\"itemListElement\":[{\"@type\":\"ListItem\",\"position\":1,\"name\":\"Accueil\",\"item\":\"https:\/\/www.daisho.be\/it\/\"},{\"@type\":\"ListItem\",\"position\":2,\"name\":\"Prodotti\",\"item\":\"https:\/\/www.daisho.be\/it\/prodotti\/\"},{\"@type\":\"ListItem\",\"position\":3,\"name\":\"Cura dello sport\",\"item\":\"https:\/\/www.daisho.be\/it\/categorie-produit\/cura-dello-sport\/\"},{\"@type\":\"ListItem\",\"position\":4,\"name\":\"Attrezzature per lo stretching\",\"item\":\"https:\/\/www.daisho.be\/it\/categorie-produit\/cura-dello-sport\/attrezzature-per-lo-stretching\/\"},{\"@type\":\"ListItem\",\"position\":5,\"name\":\"Royale mobile dance bar &#8211; 3m\"}]},{\"@type\":\"WebSite\",\"@id\":\"https:\/\/www.daisho.be\/it\/#website\",\"url\":\"https:\/\/www.daisho.be\/it\/\",\"name\":\"Daisho\",\"description\":\"Sp&eacute;cialiste de l'&eacute;quipement sportif d'arts martiaux\",\"publisher\":{\"@id\":\"https:\/\/www.daisho.be\/it\/#organization\"},\"potentialAction\":[{\"@type\":\"SearchAction\",\"target\":{\"@type\":\"EntryPoint\",\"urlTemplate\":\"https:\/\/www.daisho.be\/it\/?s={search_term_string}\"},\"query-input\":{\"@type\":\"PropertyValueSpecification\",\"valueRequired\":true,\"valueName\":\"search_term_string\"}}],\"inLanguage\":\"it-IT\"},{\"@type\":\"Organization\",\"@id\":\"https:\/\/www.daisho.be\/it\/#organization\",\"name\":\"Daisho\",\"url\":\"https:\/\/www.daisho.be\/it\/\",\"logo\":{\"@type\":\"ImageObject\",\"inLanguage\":\"it-IT\",\"@id\":\"https:\/\/www.daisho.be\/it\/#\/schema\/logo\/image\/\",\"url\":\"https:\/\/www.daisho.be\/wp-content\/uploads\/2019\/07\/color-nothing-horizontale4x-e1564486100247.png\",\"contentUrl\":\"https:\/\/www.daisho.be\/wp-content\/uploads\/2019\/07\/color-nothing-horizontale4x-e1564486100247.png\",\"width\":1547,\"height\":385,\"caption\":\"Daisho\"},\"image\":{\"@id\":\"https:\/\/www.daisho.be\/it\/#\/schema\/logo\/image\/\"}}]}<\/script>\n<!-- \/ Yoast SEO plugin. -->","yoast_head_json":{"title":"Royale mobile dance bar - 3m &#8211; Daisho","description":"Scegli la barra Royale: mobile e resistente con una stabilit\u00e0 senza pari per le scuole di danza pi\u00f9 esigenti. Trovala su www.daisho.be|Daisho","robots":{"index":"index","follow":"follow","max-snippet":"max-snippet:-1","max-image-preview":"max-image-preview:large","max-video-preview":"max-video-preview:-1"},"canonical":"https:\/\/www.daisho.be\/it\/produit\/royale-mobile-dance-bar-3m\/","og_locale":"it_IT","og_type":"article","og_title":"Royale mobile dance bar - 3m &#8211; Daisho","og_description":"Scegli la barra Royale: mobile e resistente con una stabilit\u00e0 senza pari per le scuole di danza pi\u00f9 esigenti. Trovala su www.daisho.be|Daisho","og_url":"https:\/\/www.daisho.be\/it\/produit\/royale-mobile-dance-bar-3m\/","og_site_name":"Daisho","article_modified_time":"2026-03-31T06:37:30+00:00","og_image":[{"width":2048,"height":1465,"url":"https:\/\/www.daisho.be\/wp-content\/uploads\/2025\/11\/image-29-scaled.jpg","type":"image\/jpeg"}],"twitter_card":"summary_large_image","twitter_misc":{"Tempo di lettura stimato":"2 minuti"},"schema":{"@context":"https:\/\/schema.org","@graph":[{"@type":"WebPage","@id":"https:\/\/www.daisho.be\/it\/produit\/royale-mobile-dance-bar-3m\/","url":"https:\/\/www.daisho.be\/it\/produit\/royale-mobile-dance-bar-3m\/","name":"Royale mobile dance bar - 3m &#8211; Daisho","isPartOf":{"@id":"https:\/\/www.daisho.be\/it\/#website"},"primaryImageOfPage":{"@id":"https:\/\/www.daisho.be\/it\/produit\/royale-mobile-dance-bar-3m\/#primaryimage"},"image":{"@id":"https:\/\/www.daisho.be\/it\/produit\/royale-mobile-dance-bar-3m\/#primaryimage"},"thumbnailUrl":"https:\/\/www.daisho.be\/wp-content\/uploads\/2025\/11\/image-29-scaled.jpg","datePublished":"2025-11-12T13:41:06+00:00","dateModified":"2026-03-31T06:37:30+00:00","description":"Scegli la barra Royale: mobile e resistente con una stabilit\u00e0 senza pari per le scuole di danza pi\u00f9 esigenti. Trovala su www.daisho.be|Daisho","breadcrumb":{"@id":"https:\/\/www.daisho.be\/it\/produit\/royale-mobile-dance-bar-3m\/#breadcrumb"},"inLanguage":"it-IT","potentialAction":[{"@type":"ReadAction","target":["https:\/\/www.daisho.be\/it\/produit\/royale-mobile-dance-bar-3m\/"]}]},{"@type":"ImageObject","inLanguage":"it-IT","@id":"https:\/\/www.daisho.be\/it\/produit\/royale-mobile-dance-bar-3m\/#primaryimage","url":"https:\/\/www.daisho.be\/wp-content\/uploads\/2025\/11\/image-29-scaled.jpg","contentUrl":"https:\/\/www.daisho.be\/wp-content\/uploads\/2025\/11\/image-29-scaled.jpg","width":2048,"height":1465,"caption":"Royale mobile dance bar - 3m-1"},{"@type":"BreadcrumbList","@id":"https:\/\/www.daisho.be\/it\/produit\/royale-mobile-dance-bar-3m\/#breadcrumb","itemListElement":[{"@type":"ListItem","position":1,"name":"Accueil","item":"https:\/\/www.daisho.be\/it\/"},{"@type":"ListItem","position":2,"name":"Prodotti","item":"https:\/\/www.daisho.be\/it\/prodotti\/"},{"@type":"ListItem","position":3,"name":"Cura dello sport","item":"https:\/\/www.daisho.be\/it\/categorie-produit\/cura-dello-sport\/"},{"@type":"ListItem","position":4,"name":"Attrezzature per lo stretching","item":"https:\/\/www.daisho.be\/it\/categorie-produit\/cura-dello-sport\/attrezzature-per-lo-stretching\/"},{"@type":"ListItem","position":5,"name":"Royale mobile dance bar &#8211; 3m"}]},{"@type":"WebSite","@id":"https:\/\/www.daisho.be\/it\/#website","url":"https:\/\/www.daisho.be\/it\/","name":"Daisho","description":"Sp&eacute;cialiste de l'&eacute;quipement sportif d'arts martiaux","publisher":{"@id":"https:\/\/www.daisho.be\/it\/#organization"},"potentialAction":[{"@type":"SearchAction","target":{"@type":"EntryPoint","urlTemplate":"https:\/\/www.daisho.be\/it\/?s={search_term_string}"},"query-input":{"@type":"PropertyValueSpecification","valueRequired":true,"valueName":"search_term_string"}}],"inLanguage":"it-IT"},{"@type":"Organization","@id":"https:\/\/www.daisho.be\/it\/#organization","name":"Daisho","url":"https:\/\/www.daisho.be\/it\/","logo":{"@type":"ImageObject","inLanguage":"it-IT","@id":"https:\/\/www.daisho.be\/it\/#\/schema\/logo\/image\/","url":"https:\/\/www.daisho.be\/wp-content\/uploads\/2019\/07\/color-nothing-horizontale4x-e1564486100247.png","contentUrl":"https:\/\/www.daisho.be\/wp-content\/uploads\/2019\/07\/color-nothing-horizontale4x-e1564486100247.png","width":1547,"height":385,"caption":"Daisho"},"image":{"@id":"https:\/\/www.daisho.be\/it\/#\/schema\/logo\/image\/"}}]}},"_links":{"self":[{"href":"https:\/\/www.daisho.be\/it\/wp-json\/wp\/v2\/product\/618697","targetHints":{"allow":["GET"]}}],"collection":[{"href":"https:\/\/www.daisho.be\/it\/wp-json\/wp\/v2\/product"}],"about":[{"href":"https:\/\/www.daisho.be\/it\/wp-json\/wp\/v2\/types\/product"}],"replies":[{"embeddable":true,"href":"https:\/\/www.daisho.be\/it\/wp-json\/wp\/v2\/comments?post=618697"}],"wp:featuredmedia":[{"embeddable":true,"href":"https:\/\/www.daisho.be\/it\/wp-json\/wp\/v2\/media\/618682"}],"wp:attachment":[{"href":"https:\/\/www.daisho.be\/it\/wp-json\/wp\/v2\/media?parent=618697"}],"wp:term":[{"taxonomy":"product_brand","embeddable":true,"href":"https:\/\/www.daisho.be\/it\/wp-json\/wp\/v2\/product_brand?post=618697"},{"taxonomy":"product_cat","embeddable":true,"href":"https:\/\/www.daisho.be\/it\/wp-json\/wp\/v2\/product_cat?post=618697"},{"taxonomy":"product_tag","embeddable":true,"href":"https:\/\/www.daisho.be\/it\/wp-json\/wp\/v2\/product_tag?post=618697"},{"taxonomy":"sport","embeddable":true,"href":"https:\/\/www.daisho.be\/it\/wp-json\/wp\/v2\/sport?post=618697"}],"curies":[{"name":"wp","href":"https:\/\/api.w.org\/{rel}","templated":true}]}}