{"id":562954,"date":"2025-06-05T17:05:36","date_gmt":"2025-06-05T15:05:36","guid":{"rendered":"https:\/\/www.daisho.be\/produit\/ring-da-boxe-per-lallenamento\/"},"modified":"2025-06-05T17:05:36","modified_gmt":"2025-06-05T15:05:36","slug":"ring-da-boxe-per-lallenamento","status":"publish","type":"product","link":"https:\/\/www.daisho.be\/it\/produit\/ring-da-boxe-per-lallenamento\/","title":{"rendered":"Ring da boxe per l&#8217;allenamento"},"content":{"rendered":"<p>Il ring da 6 metri \u00e8 stato progettato appositamente per l&#8217;allenamento.<br \/>\nModello: TQ2252<br \/>\nSpecifiche: 6000\u00d76000\u00d72442 mm (altezza piattaforma: 1000mm)<br \/>\nMateriale: PU, PVC, tessuto indemagliabile, spugna, tela, spugna ad alta resistenza, XPE, acciaio strutturale al carbonio di alta qualit\u00e0, pannello multistrato di betulla, ecc.<br \/>\nCaratteristiche:<br \/>\n&#8211; La piattaforma superiore \u00e8 composta principalmente da colonne, travi di supporto e pannelli in legno: i materiali principali utilizzati per il telaio e le colonne sono tubi rettangolari in acciaio;<br \/>\nIl materiale principale utilizzato per assemblare i pannelli in legno \u00e8 il pannello multistrato di betulla.<br \/>\nLa pedana alta adotta il metodo di montaggio U-clip, che garantisce un montaggio robusto e affidabile e un bell&#8217;aspetto;<br \/>\n&#8211; piedi comodi, buona elasticit\u00e0, ottima per gli atleti;<br \/>\n&#8211; antiscivolo, buona capacit\u00e0 di carico;<br \/>\n&#8211; facile da installare e smontare.<\/p>\n","protected":false},"excerpt":{"rendered":"<p>Il ring da 6 metri \u00e8 stato progettato appositamente per l&#8217;allenamento. Modello: TQ2252 Specifiche: 6000\u00d76000\u00d72442 mm (altezza piattaforma: 1000mm) Materiale: PU, PVC, tessuto indemagliabile, spugna, tela, spugna ad alta resistenza, XPE, acciaio strutturale al carbonio di alta qualit\u00e0, pannello multistrato di betulla, ecc. Caratteristiche: &#8211; La piattaforma superiore \u00e8 composta principalmente da colonne, travi di [&hellip;]<\/p>\n","protected":false},"featured_media":524887,"comment_status":"open","ping_status":"closed","template":"","meta":{"inline_featured_image":false},"product_brand":[],"product_cat":[2032],"product_tag":[2528],"sport":[],"class_list":{"0":"post-562954","1":"product","2":"type-product","3":"status-publish","4":"has-post-thumbnail","6":"product_cat-attrezzatura-da-competizione","7":"product_tag-taishan","9":"first","10":"instock","11":"taxable","12":"shipping-taxable","13":"purchasable","14":"product-type-simple"},"yoast_head":"<!-- This site is optimized with the Yoast SEO plugin v27.2 - https:\/\/yoast.com\/product\/yoast-seo-wordpress\/ -->\n<title>Ring da boxe per l&#039;allenamento &#8211; Daisho<\/title>\n<meta name=\"description\" content=\"Scopri il ring da boxe Taishan appositamente progettato per l&#039;allenamento. Acquistalo sul nostro sito www.daisho.be|Daisho\" \/>\n<meta name=\"robots\" content=\"index, follow, max-snippet:-1, max-image-preview:large, max-video-preview:-1\" \/>\n<link rel=\"canonical\" href=\"https:\/\/www.daisho.be\/it\/produit\/ring-da-boxe-per-lallenamento\/\" \/>\n<meta property=\"og:locale\" content=\"it_IT\" \/>\n<meta property=\"og:type\" content=\"article\" \/>\n<meta property=\"og:title\" content=\"Ring da boxe per l&#039;allenamento &#8211; Daisho\" \/>\n<meta property=\"og:description\" content=\"Scopri il ring da boxe Taishan appositamente progettato per l&#039;allenamento. Acquistalo sul nostro sito www.daisho.be|Daisho\" \/>\n<meta property=\"og:url\" content=\"https:\/\/www.daisho.be\/it\/produit\/ring-da-boxe-per-lallenamento\/\" \/>\n<meta property=\"og:site_name\" content=\"Daisho\" \/>\n<meta property=\"og:image\" content=\"https:\/\/www.daisho.be\/wp-content\/uploads\/2025\/06\/image-16.png\" \/>\n\t<meta property=\"og:image:width\" content=\"2000\" \/>\n\t<meta property=\"og:image:height\" content=\"1139\" \/>\n\t<meta property=\"og:image:type\" content=\"image\/png\" \/>\n<meta name=\"twitter:card\" content=\"summary_large_image\" \/>\n<meta name=\"twitter:label1\" content=\"Tempo di lettura stimato\" \/>\n\t<meta name=\"twitter:data1\" content=\"1 minuto\" \/>\n<script type=\"application\/ld+json\" class=\"yoast-schema-graph\">{\"@context\":\"https:\/\/schema.org\",\"@graph\":[{\"@type\":\"WebPage\",\"@id\":\"https:\/\/www.daisho.be\/it\/produit\/ring-da-boxe-per-lallenamento\/\",\"url\":\"https:\/\/www.daisho.be\/it\/produit\/ring-da-boxe-per-lallenamento\/\",\"name\":\"Ring da boxe per l'allenamento &#8211; Daisho\",\"isPartOf\":{\"@id\":\"https:\/\/www.daisho.be\/it\/#website\"},\"primaryImageOfPage\":{\"@id\":\"https:\/\/www.daisho.be\/it\/produit\/ring-da-boxe-per-lallenamento\/#primaryimage\"},\"image\":{\"@id\":\"https:\/\/www.daisho.be\/it\/produit\/ring-da-boxe-per-lallenamento\/#primaryimage\"},\"thumbnailUrl\":\"https:\/\/www.daisho.be\/wp-content\/uploads\/2025\/06\/image-16.png\",\"datePublished\":\"2025-06-05T15:05:36+00:00\",\"description\":\"Scopri il ring da boxe Taishan appositamente progettato per l'allenamento. Acquistalo sul nostro sito www.daisho.be|Daisho\",\"breadcrumb\":{\"@id\":\"https:\/\/www.daisho.be\/it\/produit\/ring-da-boxe-per-lallenamento\/#breadcrumb\"},\"inLanguage\":\"it-IT\",\"potentialAction\":[{\"@type\":\"ReadAction\",\"target\":[\"https:\/\/www.daisho.be\/it\/produit\/ring-da-boxe-per-lallenamento\/\"]}]},{\"@type\":\"ImageObject\",\"inLanguage\":\"it-IT\",\"@id\":\"https:\/\/www.daisho.be\/it\/produit\/ring-da-boxe-per-lallenamento\/#primaryimage\",\"url\":\"https:\/\/www.daisho.be\/wp-content\/uploads\/2025\/06\/image-16.png\",\"contentUrl\":\"https:\/\/www.daisho.be\/wp-content\/uploads\/2025\/06\/image-16.png\",\"width\":2000,\"height\":1139,\"caption\":\"Ring da boxe per l'allenamento -1\"},{\"@type\":\"BreadcrumbList\",\"@id\":\"https:\/\/www.daisho.be\/it\/produit\/ring-da-boxe-per-lallenamento\/#breadcrumb\",\"itemListElement\":[{\"@type\":\"ListItem\",\"position\":1,\"name\":\"Accueil\",\"item\":\"https:\/\/www.daisho.be\/it\/\"},{\"@type\":\"ListItem\",\"position\":2,\"name\":\"Prodotti\",\"item\":\"https:\/\/www.daisho.be\/it\/prodotti\/\"},{\"@type\":\"ListItem\",\"position\":3,\"name\":\"Sport da combattimento\",\"item\":\"https:\/\/www.daisho.be\/it\/categorie-produit\/sport-da-combattimento\/\"},{\"@type\":\"ListItem\",\"position\":4,\"name\":\"Attrezzatura da competizione\",\"item\":\"https:\/\/www.daisho.be\/it\/categorie-produit\/sport-da-combattimento\/attrezzatura-da-competizione\/\"},{\"@type\":\"ListItem\",\"position\":5,\"name\":\"Ring da boxe per l&#8217;allenamento\"}]},{\"@type\":\"WebSite\",\"@id\":\"https:\/\/www.daisho.be\/it\/#website\",\"url\":\"https:\/\/www.daisho.be\/it\/\",\"name\":\"Daisho\",\"description\":\"Sp&eacute;cialiste de l'&eacute;quipement sportif d'arts martiaux\",\"publisher\":{\"@id\":\"https:\/\/www.daisho.be\/it\/#organization\"},\"potentialAction\":[{\"@type\":\"SearchAction\",\"target\":{\"@type\":\"EntryPoint\",\"urlTemplate\":\"https:\/\/www.daisho.be\/it\/?s={search_term_string}\"},\"query-input\":{\"@type\":\"PropertyValueSpecification\",\"valueRequired\":true,\"valueName\":\"search_term_string\"}}],\"inLanguage\":\"it-IT\"},{\"@type\":\"Organization\",\"@id\":\"https:\/\/www.daisho.be\/it\/#organization\",\"name\":\"Daisho\",\"url\":\"https:\/\/www.daisho.be\/it\/\",\"logo\":{\"@type\":\"ImageObject\",\"inLanguage\":\"it-IT\",\"@id\":\"https:\/\/www.daisho.be\/it\/#\/schema\/logo\/image\/\",\"url\":\"https:\/\/www.daisho.be\/wp-content\/uploads\/2019\/07\/color-nothing-horizontale4x-e1564486100247.png\",\"contentUrl\":\"https:\/\/www.daisho.be\/wp-content\/uploads\/2019\/07\/color-nothing-horizontale4x-e1564486100247.png\",\"width\":1547,\"height\":385,\"caption\":\"Daisho\"},\"image\":{\"@id\":\"https:\/\/www.daisho.be\/it\/#\/schema\/logo\/image\/\"}}]}<\/script>\n<!-- \/ Yoast SEO plugin. -->","yoast_head_json":{"title":"Ring da boxe per l'allenamento &#8211; Daisho","description":"Scopri il ring da boxe Taishan appositamente progettato per l'allenamento. Acquistalo sul nostro sito www.daisho.be|Daisho","robots":{"index":"index","follow":"follow","max-snippet":"max-snippet:-1","max-image-preview":"max-image-preview:large","max-video-preview":"max-video-preview:-1"},"canonical":"https:\/\/www.daisho.be\/it\/produit\/ring-da-boxe-per-lallenamento\/","og_locale":"it_IT","og_type":"article","og_title":"Ring da boxe per l'allenamento &#8211; Daisho","og_description":"Scopri il ring da boxe Taishan appositamente progettato per l'allenamento. Acquistalo sul nostro sito www.daisho.be|Daisho","og_url":"https:\/\/www.daisho.be\/it\/produit\/ring-da-boxe-per-lallenamento\/","og_site_name":"Daisho","og_image":[{"width":2000,"height":1139,"url":"https:\/\/www.daisho.be\/wp-content\/uploads\/2025\/06\/image-16.png","type":"image\/png"}],"twitter_card":"summary_large_image","twitter_misc":{"Tempo di lettura stimato":"1 minuto"},"schema":{"@context":"https:\/\/schema.org","@graph":[{"@type":"WebPage","@id":"https:\/\/www.daisho.be\/it\/produit\/ring-da-boxe-per-lallenamento\/","url":"https:\/\/www.daisho.be\/it\/produit\/ring-da-boxe-per-lallenamento\/","name":"Ring da boxe per l'allenamento &#8211; Daisho","isPartOf":{"@id":"https:\/\/www.daisho.be\/it\/#website"},"primaryImageOfPage":{"@id":"https:\/\/www.daisho.be\/it\/produit\/ring-da-boxe-per-lallenamento\/#primaryimage"},"image":{"@id":"https:\/\/www.daisho.be\/it\/produit\/ring-da-boxe-per-lallenamento\/#primaryimage"},"thumbnailUrl":"https:\/\/www.daisho.be\/wp-content\/uploads\/2025\/06\/image-16.png","datePublished":"2025-06-05T15:05:36+00:00","description":"Scopri il ring da boxe Taishan appositamente progettato per l'allenamento. Acquistalo sul nostro sito www.daisho.be|Daisho","breadcrumb":{"@id":"https:\/\/www.daisho.be\/it\/produit\/ring-da-boxe-per-lallenamento\/#breadcrumb"},"inLanguage":"it-IT","potentialAction":[{"@type":"ReadAction","target":["https:\/\/www.daisho.be\/it\/produit\/ring-da-boxe-per-lallenamento\/"]}]},{"@type":"ImageObject","inLanguage":"it-IT","@id":"https:\/\/www.daisho.be\/it\/produit\/ring-da-boxe-per-lallenamento\/#primaryimage","url":"https:\/\/www.daisho.be\/wp-content\/uploads\/2025\/06\/image-16.png","contentUrl":"https:\/\/www.daisho.be\/wp-content\/uploads\/2025\/06\/image-16.png","width":2000,"height":1139,"caption":"Ring da boxe per l'allenamento -1"},{"@type":"BreadcrumbList","@id":"https:\/\/www.daisho.be\/it\/produit\/ring-da-boxe-per-lallenamento\/#breadcrumb","itemListElement":[{"@type":"ListItem","position":1,"name":"Accueil","item":"https:\/\/www.daisho.be\/it\/"},{"@type":"ListItem","position":2,"name":"Prodotti","item":"https:\/\/www.daisho.be\/it\/prodotti\/"},{"@type":"ListItem","position":3,"name":"Sport da combattimento","item":"https:\/\/www.daisho.be\/it\/categorie-produit\/sport-da-combattimento\/"},{"@type":"ListItem","position":4,"name":"Attrezzatura da competizione","item":"https:\/\/www.daisho.be\/it\/categorie-produit\/sport-da-combattimento\/attrezzatura-da-competizione\/"},{"@type":"ListItem","position":5,"name":"Ring da boxe per l&#8217;allenamento"}]},{"@type":"WebSite","@id":"https:\/\/www.daisho.be\/it\/#website","url":"https:\/\/www.daisho.be\/it\/","name":"Daisho","description":"Sp&eacute;cialiste de l'&eacute;quipement sportif d'arts martiaux","publisher":{"@id":"https:\/\/www.daisho.be\/it\/#organization"},"potentialAction":[{"@type":"SearchAction","target":{"@type":"EntryPoint","urlTemplate":"https:\/\/www.daisho.be\/it\/?s={search_term_string}"},"query-input":{"@type":"PropertyValueSpecification","valueRequired":true,"valueName":"search_term_string"}}],"inLanguage":"it-IT"},{"@type":"Organization","@id":"https:\/\/www.daisho.be\/it\/#organization","name":"Daisho","url":"https:\/\/www.daisho.be\/it\/","logo":{"@type":"ImageObject","inLanguage":"it-IT","@id":"https:\/\/www.daisho.be\/it\/#\/schema\/logo\/image\/","url":"https:\/\/www.daisho.be\/wp-content\/uploads\/2019\/07\/color-nothing-horizontale4x-e1564486100247.png","contentUrl":"https:\/\/www.daisho.be\/wp-content\/uploads\/2019\/07\/color-nothing-horizontale4x-e1564486100247.png","width":1547,"height":385,"caption":"Daisho"},"image":{"@id":"https:\/\/www.daisho.be\/it\/#\/schema\/logo\/image\/"}}]}},"_links":{"self":[{"href":"https:\/\/www.daisho.be\/it\/wp-json\/wp\/v2\/product\/562954","targetHints":{"allow":["GET"]}}],"collection":[{"href":"https:\/\/www.daisho.be\/it\/wp-json\/wp\/v2\/product"}],"about":[{"href":"https:\/\/www.daisho.be\/it\/wp-json\/wp\/v2\/types\/product"}],"replies":[{"embeddable":true,"href":"https:\/\/www.daisho.be\/it\/wp-json\/wp\/v2\/comments?post=562954"}],"wp:featuredmedia":[{"embeddable":true,"href":"https:\/\/www.daisho.be\/it\/wp-json\/wp\/v2\/media\/524887"}],"wp:attachment":[{"href":"https:\/\/www.daisho.be\/it\/wp-json\/wp\/v2\/media?parent=562954"}],"wp:term":[{"taxonomy":"product_brand","embeddable":true,"href":"https:\/\/www.daisho.be\/it\/wp-json\/wp\/v2\/product_brand?post=562954"},{"taxonomy":"product_cat","embeddable":true,"href":"https:\/\/www.daisho.be\/it\/wp-json\/wp\/v2\/product_cat?post=562954"},{"taxonomy":"product_tag","embeddable":true,"href":"https:\/\/www.daisho.be\/it\/wp-json\/wp\/v2\/product_tag?post=562954"},{"taxonomy":"sport","embeddable":true,"href":"https:\/\/www.daisho.be\/it\/wp-json\/wp\/v2\/sport?post=562954"}],"curies":[{"name":"wp","href":"https:\/\/api.w.org\/{rel}","templated":true}]}}