{"id":562932,"date":"2025-06-06T10:33:59","date_gmt":"2025-06-06T08:33:59","guid":{"rendered":"https:\/\/www.daisho.be\/produit\/tappetino-per-gare-di-wushu-approvato-da-iwuf\/"},"modified":"2025-06-06T10:33:59","modified_gmt":"2025-06-06T08:33:59","slug":"tappetino-per-gare-di-wushu-approvato-da-iwuf","status":"publish","type":"product","link":"https:\/\/www.daisho.be\/it\/produit\/tappetino-per-gare-di-wushu-approvato-da-iwuf\/","title":{"rendered":"Tappetino per gare di Wushu (approvato da IWUF)"},"content":{"rendered":"<p>Il tappetino Wushu \u00e8 stato progettato appositamente per le competizioni. \u00c8 approvato dall&#8217;IWUF e soddisfa i regolamenti della Federazione Internazionale di Wushu. <x id=\"gid_0\"><\/x>Specifiche: 12000 mm \u00d7 18000 mm \u00d7 90 mm<x id=\"gid_1\"><\/x>Area di gara: 8000 mm\u00d714000 mm<x id=\"gid_2\"><\/x>Materiale: XPE, pannello multistrato e tappeto.<x id=\"gid_3\"><\/x>Caratteristiche: Il colore della superficie \u00e8 uniforme. Non si verifica alcuna induzione elettrostatica dopo lo sfregamento e non si verificano deformazioni evidenti dopo la pressione.<br \/>\nNota: questo prodotto \u00e8 stato brevettato. Approvato dalla Federazione Internazionale di Wushu e dall&#8217;Associazione Cinese di Wushu. <\/p>\n","protected":false},"excerpt":{"rendered":"<p>Il tappetino Wushu \u00e8 stato progettato appositamente per le competizioni. \u00c8 approvato dall&#8217;IWUF e soddisfa i regolamenti della Federazione Internazionale di Wushu. Specifiche: 12000 mm \u00d7 18000 mm \u00d7 90 mmArea di gara: 8000 mm\u00d714000 mmMateriale: XPE, pannello multistrato e tappeto.Caratteristiche: Il colore della superficie \u00e8 uniforme. Non si verifica alcuna induzione elettrostatica dopo lo [&hellip;]<\/p>\n","protected":false},"featured_media":525405,"comment_status":"open","ping_status":"closed","template":"","meta":{"inline_featured_image":false},"product_brand":[],"product_cat":[2032,2046,2232],"product_tag":[2528],"sport":[],"class_list":{"0":"post-562932","1":"product","2":"type-product","3":"status-publish","4":"has-post-thumbnail","6":"product_cat-attrezzatura-da-competizione","7":"product_cat-protezione-per-la-boxe","8":"product_cat-tappeti","9":"product_tag-taishan","11":"first","12":"instock","13":"taxable","14":"shipping-taxable","15":"purchasable","16":"product-type-simple"},"yoast_head":"<!-- This site is optimized with the Yoast SEO plugin v27.2 - https:\/\/yoast.com\/product\/yoast-seo-wordpress\/ -->\n<title>Tappetino per gare di Wushu (approvato da IWUF) &#8211; Daisho<\/title>\n<meta name=\"robots\" content=\"index, follow, max-snippet:-1, max-image-preview:large, max-video-preview:-1\" \/>\n<link rel=\"canonical\" href=\"https:\/\/www.daisho.be\/it\/produit\/tappetino-per-gare-di-wushu-approvato-da-iwuf\/\" \/>\n<meta property=\"og:locale\" content=\"it_IT\" \/>\n<meta property=\"og:type\" content=\"article\" \/>\n<meta property=\"og:title\" content=\"Tappetino per gare di Wushu (approvato da IWUF) &#8211; Daisho\" \/>\n<meta property=\"og:description\" content=\"Il tappetino Wushu \u00e8 stato progettato appositamente per le competizioni. \u00c8 approvato dall&#8217;IWUF e soddisfa i regolamenti della Federazione Internazionale di Wushu. Specifiche: 12000 mm \u00d7 18000 mm \u00d7 90 mmArea di gara: 8000 mm\u00d714000 mmMateriale: XPE, pannello multistrato e tappeto.Caratteristiche: Il colore della superficie \u00e8 uniforme. Non si verifica alcuna induzione elettrostatica dopo lo [&hellip;]\" \/>\n<meta property=\"og:url\" content=\"https:\/\/www.daisho.be\/it\/produit\/tappetino-per-gare-di-wushu-approvato-da-iwuf\/\" \/>\n<meta property=\"og:site_name\" content=\"Daisho\" \/>\n<meta property=\"og:image\" content=\"https:\/\/www.daisho.be\/wp-content\/uploads\/2025\/06\/image-17.jpg\" \/>\n\t<meta property=\"og:image:width\" content=\"1920\" \/>\n\t<meta property=\"og:image:height\" content=\"1080\" \/>\n\t<meta property=\"og:image:type\" content=\"image\/jpeg\" \/>\n<meta name=\"twitter:card\" content=\"summary_large_image\" \/>\n<script type=\"application\/ld+json\" class=\"yoast-schema-graph\">{\"@context\":\"https:\/\/schema.org\",\"@graph\":[{\"@type\":\"WebPage\",\"@id\":\"https:\/\/www.daisho.be\/it\/produit\/tappetino-per-gare-di-wushu-approvato-da-iwuf\/\",\"url\":\"https:\/\/www.daisho.be\/it\/produit\/tappetino-per-gare-di-wushu-approvato-da-iwuf\/\",\"name\":\"Tappetino per gare di Wushu (approvato da IWUF) &#8211; Daisho\",\"isPartOf\":{\"@id\":\"https:\/\/www.daisho.be\/it\/#website\"},\"primaryImageOfPage\":{\"@id\":\"https:\/\/www.daisho.be\/it\/produit\/tappetino-per-gare-di-wushu-approvato-da-iwuf\/#primaryimage\"},\"image\":{\"@id\":\"https:\/\/www.daisho.be\/it\/produit\/tappetino-per-gare-di-wushu-approvato-da-iwuf\/#primaryimage\"},\"thumbnailUrl\":\"https:\/\/www.daisho.be\/wp-content\/uploads\/2025\/06\/image-17.jpg\",\"datePublished\":\"2025-06-06T08:33:59+00:00\",\"breadcrumb\":{\"@id\":\"https:\/\/www.daisho.be\/it\/produit\/tappetino-per-gare-di-wushu-approvato-da-iwuf\/#breadcrumb\"},\"inLanguage\":\"it-IT\",\"potentialAction\":[{\"@type\":\"ReadAction\",\"target\":[\"https:\/\/www.daisho.be\/it\/produit\/tappetino-per-gare-di-wushu-approvato-da-iwuf\/\"]}]},{\"@type\":\"ImageObject\",\"inLanguage\":\"it-IT\",\"@id\":\"https:\/\/www.daisho.be\/it\/produit\/tappetino-per-gare-di-wushu-approvato-da-iwuf\/#primaryimage\",\"url\":\"https:\/\/www.daisho.be\/wp-content\/uploads\/2025\/06\/image-17.jpg\",\"contentUrl\":\"https:\/\/www.daisho.be\/wp-content\/uploads\/2025\/06\/image-17.jpg\",\"width\":1920,\"height\":1080,\"caption\":\"Tapis de comp\u00e9tition de wushu (IWUF approuv\u00e9) -1\"},{\"@type\":\"BreadcrumbList\",\"@id\":\"https:\/\/www.daisho.be\/it\/produit\/tappetino-per-gare-di-wushu-approvato-da-iwuf\/#breadcrumb\",\"itemListElement\":[{\"@type\":\"ListItem\",\"position\":1,\"name\":\"Accueil\",\"item\":\"https:\/\/www.daisho.be\/it\/\"},{\"@type\":\"ListItem\",\"position\":2,\"name\":\"Prodotti\",\"item\":\"https:\/\/www.daisho.be\/it\/prodotti\/\"},{\"@type\":\"ListItem\",\"position\":3,\"name\":\"Attrezzature e abbigliamento per arti marziali e sport da combattimento\",\"item\":\"https:\/\/www.daisho.be\/it\/categorie-produit\/attrezzature-e-abbigliamento-per-arti-marziali-e-sport-da-combattimento\/\"},{\"@type\":\"ListItem\",\"position\":4,\"name\":\"Boxe\",\"item\":\"https:\/\/www.daisho.be\/it\/categorie-produit\/attrezzature-e-abbigliamento-per-arti-marziali-e-sport-da-combattimento\/boxe-it-2\/\"},{\"@type\":\"ListItem\",\"position\":5,\"name\":\"Protezione per la boxe\",\"item\":\"https:\/\/www.daisho.be\/it\/categorie-produit\/attrezzature-e-abbigliamento-per-arti-marziali-e-sport-da-combattimento\/boxe-it-2\/protezione-per-la-boxe\/\"},{\"@type\":\"ListItem\",\"position\":6,\"name\":\"Tappetino per gare di Wushu (approvato da IWUF)\"}]},{\"@type\":\"WebSite\",\"@id\":\"https:\/\/www.daisho.be\/it\/#website\",\"url\":\"https:\/\/www.daisho.be\/it\/\",\"name\":\"Daisho\",\"description\":\"Sp&eacute;cialiste de l'&eacute;quipement sportif d'arts martiaux\",\"publisher\":{\"@id\":\"https:\/\/www.daisho.be\/it\/#organization\"},\"potentialAction\":[{\"@type\":\"SearchAction\",\"target\":{\"@type\":\"EntryPoint\",\"urlTemplate\":\"https:\/\/www.daisho.be\/it\/?s={search_term_string}\"},\"query-input\":{\"@type\":\"PropertyValueSpecification\",\"valueRequired\":true,\"valueName\":\"search_term_string\"}}],\"inLanguage\":\"it-IT\"},{\"@type\":\"Organization\",\"@id\":\"https:\/\/www.daisho.be\/it\/#organization\",\"name\":\"Daisho\",\"url\":\"https:\/\/www.daisho.be\/it\/\",\"logo\":{\"@type\":\"ImageObject\",\"inLanguage\":\"it-IT\",\"@id\":\"https:\/\/www.daisho.be\/it\/#\/schema\/logo\/image\/\",\"url\":\"https:\/\/www.daisho.be\/wp-content\/uploads\/2019\/07\/color-nothing-horizontale4x-e1564486100247.png\",\"contentUrl\":\"https:\/\/www.daisho.be\/wp-content\/uploads\/2019\/07\/color-nothing-horizontale4x-e1564486100247.png\",\"width\":1547,\"height\":385,\"caption\":\"Daisho\"},\"image\":{\"@id\":\"https:\/\/www.daisho.be\/it\/#\/schema\/logo\/image\/\"}}]}<\/script>\n<!-- \/ Yoast SEO plugin. -->","yoast_head_json":{"title":"Tappetino per gare di Wushu (approvato da IWUF) &#8211; Daisho","robots":{"index":"index","follow":"follow","max-snippet":"max-snippet:-1","max-image-preview":"max-image-preview:large","max-video-preview":"max-video-preview:-1"},"canonical":"https:\/\/www.daisho.be\/it\/produit\/tappetino-per-gare-di-wushu-approvato-da-iwuf\/","og_locale":"it_IT","og_type":"article","og_title":"Tappetino per gare di Wushu (approvato da IWUF) &#8211; Daisho","og_description":"Il tappetino Wushu \u00e8 stato progettato appositamente per le competizioni. \u00c8 approvato dall&#8217;IWUF e soddisfa i regolamenti della Federazione Internazionale di Wushu. Specifiche: 12000 mm \u00d7 18000 mm \u00d7 90 mmArea di gara: 8000 mm\u00d714000 mmMateriale: XPE, pannello multistrato e tappeto.Caratteristiche: Il colore della superficie \u00e8 uniforme. Non si verifica alcuna induzione elettrostatica dopo lo [&hellip;]","og_url":"https:\/\/www.daisho.be\/it\/produit\/tappetino-per-gare-di-wushu-approvato-da-iwuf\/","og_site_name":"Daisho","og_image":[{"width":1920,"height":1080,"url":"https:\/\/www.daisho.be\/wp-content\/uploads\/2025\/06\/image-17.jpg","type":"image\/jpeg"}],"twitter_card":"summary_large_image","schema":{"@context":"https:\/\/schema.org","@graph":[{"@type":"WebPage","@id":"https:\/\/www.daisho.be\/it\/produit\/tappetino-per-gare-di-wushu-approvato-da-iwuf\/","url":"https:\/\/www.daisho.be\/it\/produit\/tappetino-per-gare-di-wushu-approvato-da-iwuf\/","name":"Tappetino per gare di Wushu (approvato da IWUF) &#8211; Daisho","isPartOf":{"@id":"https:\/\/www.daisho.be\/it\/#website"},"primaryImageOfPage":{"@id":"https:\/\/www.daisho.be\/it\/produit\/tappetino-per-gare-di-wushu-approvato-da-iwuf\/#primaryimage"},"image":{"@id":"https:\/\/www.daisho.be\/it\/produit\/tappetino-per-gare-di-wushu-approvato-da-iwuf\/#primaryimage"},"thumbnailUrl":"https:\/\/www.daisho.be\/wp-content\/uploads\/2025\/06\/image-17.jpg","datePublished":"2025-06-06T08:33:59+00:00","breadcrumb":{"@id":"https:\/\/www.daisho.be\/it\/produit\/tappetino-per-gare-di-wushu-approvato-da-iwuf\/#breadcrumb"},"inLanguage":"it-IT","potentialAction":[{"@type":"ReadAction","target":["https:\/\/www.daisho.be\/it\/produit\/tappetino-per-gare-di-wushu-approvato-da-iwuf\/"]}]},{"@type":"ImageObject","inLanguage":"it-IT","@id":"https:\/\/www.daisho.be\/it\/produit\/tappetino-per-gare-di-wushu-approvato-da-iwuf\/#primaryimage","url":"https:\/\/www.daisho.be\/wp-content\/uploads\/2025\/06\/image-17.jpg","contentUrl":"https:\/\/www.daisho.be\/wp-content\/uploads\/2025\/06\/image-17.jpg","width":1920,"height":1080,"caption":"Tapis de comp\u00e9tition de wushu (IWUF approuv\u00e9) -1"},{"@type":"BreadcrumbList","@id":"https:\/\/www.daisho.be\/it\/produit\/tappetino-per-gare-di-wushu-approvato-da-iwuf\/#breadcrumb","itemListElement":[{"@type":"ListItem","position":1,"name":"Accueil","item":"https:\/\/www.daisho.be\/it\/"},{"@type":"ListItem","position":2,"name":"Prodotti","item":"https:\/\/www.daisho.be\/it\/prodotti\/"},{"@type":"ListItem","position":3,"name":"Attrezzature e abbigliamento per arti marziali e sport da combattimento","item":"https:\/\/www.daisho.be\/it\/categorie-produit\/attrezzature-e-abbigliamento-per-arti-marziali-e-sport-da-combattimento\/"},{"@type":"ListItem","position":4,"name":"Boxe","item":"https:\/\/www.daisho.be\/it\/categorie-produit\/attrezzature-e-abbigliamento-per-arti-marziali-e-sport-da-combattimento\/boxe-it-2\/"},{"@type":"ListItem","position":5,"name":"Protezione per la boxe","item":"https:\/\/www.daisho.be\/it\/categorie-produit\/attrezzature-e-abbigliamento-per-arti-marziali-e-sport-da-combattimento\/boxe-it-2\/protezione-per-la-boxe\/"},{"@type":"ListItem","position":6,"name":"Tappetino per gare di Wushu (approvato da IWUF)"}]},{"@type":"WebSite","@id":"https:\/\/www.daisho.be\/it\/#website","url":"https:\/\/www.daisho.be\/it\/","name":"Daisho","description":"Sp&eacute;cialiste de l'&eacute;quipement sportif d'arts martiaux","publisher":{"@id":"https:\/\/www.daisho.be\/it\/#organization"},"potentialAction":[{"@type":"SearchAction","target":{"@type":"EntryPoint","urlTemplate":"https:\/\/www.daisho.be\/it\/?s={search_term_string}"},"query-input":{"@type":"PropertyValueSpecification","valueRequired":true,"valueName":"search_term_string"}}],"inLanguage":"it-IT"},{"@type":"Organization","@id":"https:\/\/www.daisho.be\/it\/#organization","name":"Daisho","url":"https:\/\/www.daisho.be\/it\/","logo":{"@type":"ImageObject","inLanguage":"it-IT","@id":"https:\/\/www.daisho.be\/it\/#\/schema\/logo\/image\/","url":"https:\/\/www.daisho.be\/wp-content\/uploads\/2019\/07\/color-nothing-horizontale4x-e1564486100247.png","contentUrl":"https:\/\/www.daisho.be\/wp-content\/uploads\/2019\/07\/color-nothing-horizontale4x-e1564486100247.png","width":1547,"height":385,"caption":"Daisho"},"image":{"@id":"https:\/\/www.daisho.be\/it\/#\/schema\/logo\/image\/"}}]}},"_links":{"self":[{"href":"https:\/\/www.daisho.be\/it\/wp-json\/wp\/v2\/product\/562932","targetHints":{"allow":["GET"]}}],"collection":[{"href":"https:\/\/www.daisho.be\/it\/wp-json\/wp\/v2\/product"}],"about":[{"href":"https:\/\/www.daisho.be\/it\/wp-json\/wp\/v2\/types\/product"}],"replies":[{"embeddable":true,"href":"https:\/\/www.daisho.be\/it\/wp-json\/wp\/v2\/comments?post=562932"}],"wp:featuredmedia":[{"embeddable":true,"href":"https:\/\/www.daisho.be\/it\/wp-json\/wp\/v2\/media\/525405"}],"wp:attachment":[{"href":"https:\/\/www.daisho.be\/it\/wp-json\/wp\/v2\/media?parent=562932"}],"wp:term":[{"taxonomy":"product_brand","embeddable":true,"href":"https:\/\/www.daisho.be\/it\/wp-json\/wp\/v2\/product_brand?post=562932"},{"taxonomy":"product_cat","embeddable":true,"href":"https:\/\/www.daisho.be\/it\/wp-json\/wp\/v2\/product_cat?post=562932"},{"taxonomy":"product_tag","embeddable":true,"href":"https:\/\/www.daisho.be\/it\/wp-json\/wp\/v2\/product_tag?post=562932"},{"taxonomy":"sport","embeddable":true,"href":"https:\/\/www.daisho.be\/it\/wp-json\/wp\/v2\/sport?post=562932"}],"curies":[{"name":"wp","href":"https:\/\/api.w.org\/{rel}","templated":true}]}}