{"id":562834,"date":"2025-06-19T13:22:59","date_gmt":"2025-06-19T11:22:59","guid":{"rendered":"https:\/\/www.daisho.be\/produit\/gabbia-mma-con-supporti-6mx6m\/"},"modified":"2025-06-19T13:22:59","modified_gmt":"2025-06-19T11:22:59","slug":"gabbia-mma-con-supporti-6mx6m","status":"publish","type":"product","link":"https:\/\/www.daisho.be\/it\/produit\/gabbia-mma-con-supporti-6mx6m\/","title":{"rendered":"Gabbia MMA con supporti -6Mx6M"},"content":{"rendered":"<p>Parametri del prodotto:<\/p>\n<p>Dimensione: 6m*6m<br \/>\n1. Il telaio della gabbia ottagonale \u00e8 una struttura in acciaio composito, trattata a spruzzo con plastica antiruggine.<br \/>\n2. Lo schienale presenta un design con connessioni interne ed esterne, in PU resistente all&#8217;usura con un&#8217;imbottitura in EVA ad alta densit\u00e0.<br \/>\n3. La gabbia ottagonale \u00e8 coperta da speciali assi di legno spesse 2,5 cm.<br \/>\n4. Il tappetino ad anello \u00e8 uno speciale tappetino da combattimento spesso 3 cm e di durezza moderata.<br \/>\n5. Il tessuto di copertura \u00e8 un tessuto sandwich in PVC antiscivolo realizzato con la tecnologia della termosaldatura.<br \/>\n6. La rete della gabbia \u00e8 una rete a maglie di catena immersa nella plastica.<br \/>\n7. Le colonne verticali sono realizzate in acciaio da 80\u00d7100 mm.<br \/>\n&#8211; Il telaio della rete perimetrale \u00e8 realizzato in acciaio 50\u00d750 mm.<br \/>\n&#8211; Il telaio principale della base ottagonale della gabbia \u00e8 in acciaio 80\u00d780 mm, mentre il telaio secondario e le traverse sono in acciaio 50\u00d750 mm.<br \/>\n&#8211; Il telaio delle tribune intorno alla gabbia ottagonale \u00e8 realizzato in acciaio 40\u00d760 mm.  <\/p>\n<p>Funzioni e applicazioni:<\/p>\n<p>La piastra \u00e8 piatta, stabile e ha un&#8217;elasticit\u00e0 moderata, che facilita le prestazioni degli atleti ai massimi livelli durante gli allenamenti e le competizioni. \u00c8 adatta per gli allenamenti e le competizioni di<br \/>\nsport da combattimento, per prevenire gli infortuni degli atleti e migliorare le loro abilit\u00e0 tecniche e tattiche.   <\/p>\n","protected":false},"excerpt":{"rendered":"<p>Parametri del prodotto: Dimensione: 6m*6m 1. Il telaio della gabbia ottagonale \u00e8 una struttura in acciaio composito, trattata a spruzzo con plastica antiruggine. 2. Lo schienale presenta un design con connessioni interne ed esterne, in PU resistente all&#8217;usura con un&#8217;imbottitura in EVA ad alta densit\u00e0. 3. La gabbia ottagonale \u00e8 coperta da speciali assi di [&hellip;]<\/p>\n","protected":false},"featured_media":531333,"comment_status":"open","ping_status":"closed","template":"","meta":{"inline_featured_image":false},"product_brand":[],"product_cat":[2342],"product_tag":[2528],"sport":[],"class_list":{"0":"post-562834","1":"product","2":"type-product","3":"status-publish","4":"has-post-thumbnail","6":"product_cat-attrezzature-e-abbigliamento-per-arti-marziali-e-sport-da-combattimento","7":"product_tag-taishan","9":"first","10":"instock","11":"taxable","12":"shipping-taxable","13":"purchasable","14":"product-type-simple"},"yoast_head":"<!-- This site is optimized with the Yoast SEO plugin v27.2 - https:\/\/yoast.com\/product\/yoast-seo-wordpress\/ -->\n<title>Gabbia MMA con supporti -6Mx6M &#8211; Daisho<\/title>\n<meta name=\"description\" content=\"Hai bisogno di una gabbia per MMA con spalti? Visita www.daisho.be|Daisho per scoprire tutti i modelli e le dimensioni che abbiamo.\" \/>\n<meta name=\"robots\" content=\"index, follow, max-snippet:-1, max-image-preview:large, max-video-preview:-1\" \/>\n<link rel=\"canonical\" href=\"https:\/\/www.daisho.be\/it\/produit\/gabbia-mma-con-supporti-6mx6m\/\" \/>\n<meta property=\"og:locale\" content=\"it_IT\" \/>\n<meta property=\"og:type\" content=\"article\" \/>\n<meta property=\"og:title\" content=\"Gabbia MMA con supporti -6Mx6M &#8211; Daisho\" \/>\n<meta property=\"og:description\" content=\"Hai bisogno di una gabbia per MMA con spalti? Visita www.daisho.be|Daisho per scoprire tutti i modelli e le dimensioni che abbiamo.\" \/>\n<meta property=\"og:url\" content=\"https:\/\/www.daisho.be\/it\/produit\/gabbia-mma-con-supporti-6mx6m\/\" \/>\n<meta property=\"og:site_name\" content=\"Daisho\" \/>\n<meta property=\"og:image\" content=\"https:\/\/www.daisho.be\/wp-content\/uploads\/2025\/06\/image-27.png\" \/>\n\t<meta property=\"og:image:width\" content=\"312\" \/>\n\t<meta property=\"og:image:height\" content=\"257\" \/>\n\t<meta property=\"og:image:type\" content=\"image\/png\" \/>\n<meta name=\"twitter:card\" content=\"summary_large_image\" \/>\n<meta name=\"twitter:label1\" content=\"Tempo di lettura stimato\" \/>\n\t<meta name=\"twitter:data1\" content=\"1 minuto\" \/>\n<script type=\"application\/ld+json\" class=\"yoast-schema-graph\">{\"@context\":\"https:\/\/schema.org\",\"@graph\":[{\"@type\":\"WebPage\",\"@id\":\"https:\/\/www.daisho.be\/it\/produit\/gabbia-mma-con-supporti-6mx6m\/\",\"url\":\"https:\/\/www.daisho.be\/it\/produit\/gabbia-mma-con-supporti-6mx6m\/\",\"name\":\"Gabbia MMA con supporti -6Mx6M &#8211; Daisho\",\"isPartOf\":{\"@id\":\"https:\/\/www.daisho.be\/it\/#website\"},\"primaryImageOfPage\":{\"@id\":\"https:\/\/www.daisho.be\/it\/produit\/gabbia-mma-con-supporti-6mx6m\/#primaryimage\"},\"image\":{\"@id\":\"https:\/\/www.daisho.be\/it\/produit\/gabbia-mma-con-supporti-6mx6m\/#primaryimage\"},\"thumbnailUrl\":\"https:\/\/www.daisho.be\/wp-content\/uploads\/2025\/06\/image-27.png\",\"datePublished\":\"2025-06-19T11:22:59+00:00\",\"description\":\"Hai bisogno di una gabbia per MMA con spalti? Visita www.daisho.be|Daisho per scoprire tutti i modelli e le dimensioni che abbiamo.\",\"breadcrumb\":{\"@id\":\"https:\/\/www.daisho.be\/it\/produit\/gabbia-mma-con-supporti-6mx6m\/#breadcrumb\"},\"inLanguage\":\"it-IT\",\"potentialAction\":[{\"@type\":\"ReadAction\",\"target\":[\"https:\/\/www.daisho.be\/it\/produit\/gabbia-mma-con-supporti-6mx6m\/\"]}]},{\"@type\":\"ImageObject\",\"inLanguage\":\"it-IT\",\"@id\":\"https:\/\/www.daisho.be\/it\/produit\/gabbia-mma-con-supporti-6mx6m\/#primaryimage\",\"url\":\"https:\/\/www.daisho.be\/wp-content\/uploads\/2025\/06\/image-27.png\",\"contentUrl\":\"https:\/\/www.daisho.be\/wp-content\/uploads\/2025\/06\/image-27.png\",\"width\":312,\"height\":257,\"caption\":\"Gabbia MMA con supporti -6Mx6M-1\"},{\"@type\":\"BreadcrumbList\",\"@id\":\"https:\/\/www.daisho.be\/it\/produit\/gabbia-mma-con-supporti-6mx6m\/#breadcrumb\",\"itemListElement\":[{\"@type\":\"ListItem\",\"position\":1,\"name\":\"Accueil\",\"item\":\"https:\/\/www.daisho.be\/it\/\"},{\"@type\":\"ListItem\",\"position\":2,\"name\":\"Prodotti\",\"item\":\"https:\/\/www.daisho.be\/it\/prodotti\/\"},{\"@type\":\"ListItem\",\"position\":3,\"name\":\"Attrezzature e abbigliamento per arti marziali e sport da combattimento\",\"item\":\"https:\/\/www.daisho.be\/it\/categorie-produit\/attrezzature-e-abbigliamento-per-arti-marziali-e-sport-da-combattimento\/\"},{\"@type\":\"ListItem\",\"position\":4,\"name\":\"Gabbia MMA con supporti -6Mx6M\"}]},{\"@type\":\"WebSite\",\"@id\":\"https:\/\/www.daisho.be\/it\/#website\",\"url\":\"https:\/\/www.daisho.be\/it\/\",\"name\":\"Daisho\",\"description\":\"Sp&eacute;cialiste de l'&eacute;quipement sportif d'arts martiaux\",\"publisher\":{\"@id\":\"https:\/\/www.daisho.be\/it\/#organization\"},\"potentialAction\":[{\"@type\":\"SearchAction\",\"target\":{\"@type\":\"EntryPoint\",\"urlTemplate\":\"https:\/\/www.daisho.be\/it\/?s={search_term_string}\"},\"query-input\":{\"@type\":\"PropertyValueSpecification\",\"valueRequired\":true,\"valueName\":\"search_term_string\"}}],\"inLanguage\":\"it-IT\"},{\"@type\":\"Organization\",\"@id\":\"https:\/\/www.daisho.be\/it\/#organization\",\"name\":\"Daisho\",\"url\":\"https:\/\/www.daisho.be\/it\/\",\"logo\":{\"@type\":\"ImageObject\",\"inLanguage\":\"it-IT\",\"@id\":\"https:\/\/www.daisho.be\/it\/#\/schema\/logo\/image\/\",\"url\":\"https:\/\/www.daisho.be\/wp-content\/uploads\/2019\/07\/color-nothing-horizontale4x-e1564486100247.png\",\"contentUrl\":\"https:\/\/www.daisho.be\/wp-content\/uploads\/2019\/07\/color-nothing-horizontale4x-e1564486100247.png\",\"width\":1547,\"height\":385,\"caption\":\"Daisho\"},\"image\":{\"@id\":\"https:\/\/www.daisho.be\/it\/#\/schema\/logo\/image\/\"}}]}<\/script>\n<!-- \/ Yoast SEO plugin. -->","yoast_head_json":{"title":"Gabbia MMA con supporti -6Mx6M &#8211; Daisho","description":"Hai bisogno di una gabbia per MMA con spalti? Visita www.daisho.be|Daisho per scoprire tutti i modelli e le dimensioni che abbiamo.","robots":{"index":"index","follow":"follow","max-snippet":"max-snippet:-1","max-image-preview":"max-image-preview:large","max-video-preview":"max-video-preview:-1"},"canonical":"https:\/\/www.daisho.be\/it\/produit\/gabbia-mma-con-supporti-6mx6m\/","og_locale":"it_IT","og_type":"article","og_title":"Gabbia MMA con supporti -6Mx6M &#8211; Daisho","og_description":"Hai bisogno di una gabbia per MMA con spalti? Visita www.daisho.be|Daisho per scoprire tutti i modelli e le dimensioni che abbiamo.","og_url":"https:\/\/www.daisho.be\/it\/produit\/gabbia-mma-con-supporti-6mx6m\/","og_site_name":"Daisho","og_image":[{"width":312,"height":257,"url":"https:\/\/www.daisho.be\/wp-content\/uploads\/2025\/06\/image-27.png","type":"image\/png"}],"twitter_card":"summary_large_image","twitter_misc":{"Tempo di lettura stimato":"1 minuto"},"schema":{"@context":"https:\/\/schema.org","@graph":[{"@type":"WebPage","@id":"https:\/\/www.daisho.be\/it\/produit\/gabbia-mma-con-supporti-6mx6m\/","url":"https:\/\/www.daisho.be\/it\/produit\/gabbia-mma-con-supporti-6mx6m\/","name":"Gabbia MMA con supporti -6Mx6M &#8211; Daisho","isPartOf":{"@id":"https:\/\/www.daisho.be\/it\/#website"},"primaryImageOfPage":{"@id":"https:\/\/www.daisho.be\/it\/produit\/gabbia-mma-con-supporti-6mx6m\/#primaryimage"},"image":{"@id":"https:\/\/www.daisho.be\/it\/produit\/gabbia-mma-con-supporti-6mx6m\/#primaryimage"},"thumbnailUrl":"https:\/\/www.daisho.be\/wp-content\/uploads\/2025\/06\/image-27.png","datePublished":"2025-06-19T11:22:59+00:00","description":"Hai bisogno di una gabbia per MMA con spalti? Visita www.daisho.be|Daisho per scoprire tutti i modelli e le dimensioni che abbiamo.","breadcrumb":{"@id":"https:\/\/www.daisho.be\/it\/produit\/gabbia-mma-con-supporti-6mx6m\/#breadcrumb"},"inLanguage":"it-IT","potentialAction":[{"@type":"ReadAction","target":["https:\/\/www.daisho.be\/it\/produit\/gabbia-mma-con-supporti-6mx6m\/"]}]},{"@type":"ImageObject","inLanguage":"it-IT","@id":"https:\/\/www.daisho.be\/it\/produit\/gabbia-mma-con-supporti-6mx6m\/#primaryimage","url":"https:\/\/www.daisho.be\/wp-content\/uploads\/2025\/06\/image-27.png","contentUrl":"https:\/\/www.daisho.be\/wp-content\/uploads\/2025\/06\/image-27.png","width":312,"height":257,"caption":"Gabbia MMA con supporti -6Mx6M-1"},{"@type":"BreadcrumbList","@id":"https:\/\/www.daisho.be\/it\/produit\/gabbia-mma-con-supporti-6mx6m\/#breadcrumb","itemListElement":[{"@type":"ListItem","position":1,"name":"Accueil","item":"https:\/\/www.daisho.be\/it\/"},{"@type":"ListItem","position":2,"name":"Prodotti","item":"https:\/\/www.daisho.be\/it\/prodotti\/"},{"@type":"ListItem","position":3,"name":"Attrezzature e abbigliamento per arti marziali e sport da combattimento","item":"https:\/\/www.daisho.be\/it\/categorie-produit\/attrezzature-e-abbigliamento-per-arti-marziali-e-sport-da-combattimento\/"},{"@type":"ListItem","position":4,"name":"Gabbia MMA con supporti -6Mx6M"}]},{"@type":"WebSite","@id":"https:\/\/www.daisho.be\/it\/#website","url":"https:\/\/www.daisho.be\/it\/","name":"Daisho","description":"Sp&eacute;cialiste de l'&eacute;quipement sportif d'arts martiaux","publisher":{"@id":"https:\/\/www.daisho.be\/it\/#organization"},"potentialAction":[{"@type":"SearchAction","target":{"@type":"EntryPoint","urlTemplate":"https:\/\/www.daisho.be\/it\/?s={search_term_string}"},"query-input":{"@type":"PropertyValueSpecification","valueRequired":true,"valueName":"search_term_string"}}],"inLanguage":"it-IT"},{"@type":"Organization","@id":"https:\/\/www.daisho.be\/it\/#organization","name":"Daisho","url":"https:\/\/www.daisho.be\/it\/","logo":{"@type":"ImageObject","inLanguage":"it-IT","@id":"https:\/\/www.daisho.be\/it\/#\/schema\/logo\/image\/","url":"https:\/\/www.daisho.be\/wp-content\/uploads\/2019\/07\/color-nothing-horizontale4x-e1564486100247.png","contentUrl":"https:\/\/www.daisho.be\/wp-content\/uploads\/2019\/07\/color-nothing-horizontale4x-e1564486100247.png","width":1547,"height":385,"caption":"Daisho"},"image":{"@id":"https:\/\/www.daisho.be\/it\/#\/schema\/logo\/image\/"}}]}},"_links":{"self":[{"href":"https:\/\/www.daisho.be\/it\/wp-json\/wp\/v2\/product\/562834","targetHints":{"allow":["GET"]}}],"collection":[{"href":"https:\/\/www.daisho.be\/it\/wp-json\/wp\/v2\/product"}],"about":[{"href":"https:\/\/www.daisho.be\/it\/wp-json\/wp\/v2\/types\/product"}],"replies":[{"embeddable":true,"href":"https:\/\/www.daisho.be\/it\/wp-json\/wp\/v2\/comments?post=562834"}],"wp:featuredmedia":[{"embeddable":true,"href":"https:\/\/www.daisho.be\/it\/wp-json\/wp\/v2\/media\/531333"}],"wp:attachment":[{"href":"https:\/\/www.daisho.be\/it\/wp-json\/wp\/v2\/media?parent=562834"}],"wp:term":[{"taxonomy":"product_brand","embeddable":true,"href":"https:\/\/www.daisho.be\/it\/wp-json\/wp\/v2\/product_brand?post=562834"},{"taxonomy":"product_cat","embeddable":true,"href":"https:\/\/www.daisho.be\/it\/wp-json\/wp\/v2\/product_cat?post=562834"},{"taxonomy":"product_tag","embeddable":true,"href":"https:\/\/www.daisho.be\/it\/wp-json\/wp\/v2\/product_tag?post=562834"},{"taxonomy":"sport","embeddable":true,"href":"https:\/\/www.daisho.be\/it\/wp-json\/wp\/v2\/sport?post=562834"}],"curies":[{"name":"wp","href":"https:\/\/api.w.org\/{rel}","templated":true}]}}