{"id":562744,"date":"2025-08-07T16:37:37","date_gmt":"2025-08-07T14:37:37","guid":{"rendered":"https:\/\/www.daisho.be\/produit\/esposizione-di-taekwondo-tae-top-s\/"},"modified":"2026-03-31T15:41:24","modified_gmt":"2026-03-31T13:41:24","slug":"esposizione-di-taekwondo-tae-top-s","status":"publish","type":"product","link":"https:\/\/www.daisho.be\/it\/produit\/esposizione-di-taekwondo-tae-top-s\/","title":{"rendered":"Esposizione di taekwondo TAE-TOP\/S"},"content":{"rendered":"<p>Il tabellone TAE-ToP\/B \u00e8 stato progettato appositamente per il Taekwondo.<\/p>\n<p>Specifiche:<br \/>\nDimensioni: 730x370x110 mm<br \/>\nLeggibilit\u00e0: 35 m<br \/>\nAltezza massima delle cifre: 9 cm<br \/>\nPeso: 5,5 kg<br \/>\nDisplay: LED SMD ad alta luminosit\u00e0<br \/>\nAngolo di lettura: 160\u00b0<br \/>\nAlimentazione: 230 V (rete) o batteria da 13,6 VDC<br \/>\nPannelli aggiuntivi: 4 pannelli di controllo per giudici<\/p>\n<p>Funzioni:<br \/>\nDeuk-jeoms<br \/>\nPenalit\u00e0<br \/>\nNumero di round<br \/>\nCronometro<br \/>\nCorno<\/p>\n<p>Opzioni:<br \/>\nCustodia per il trasporto<br \/>\nDisplay ripetitore<\/p>\n","protected":false},"excerpt":{"rendered":"<p>Il tabellone TAE-ToP\/B \u00e8 stato progettato appositamente per il Taekwondo. Specifiche: Dimensioni: 730x370x110 mm Leggibilit\u00e0: 35 m Altezza massima delle cifre: 9 cm Peso: 5,5 kg Display: LED SMD ad alta luminosit\u00e0 Angolo di lettura: 160\u00b0 Alimentazione: 230 V (rete) o batteria da 13,6 VDC Pannelli aggiuntivi: 4 pannelli di controllo per giudici Funzioni: Deuk-jeoms [&hellip;]<\/p>\n","protected":false},"featured_media":543812,"comment_status":"open","ping_status":"closed","template":"","meta":{"inline_featured_image":false},"product_brand":[],"product_cat":[2026],"product_tag":[2028],"sport":[],"class_list":{"0":"post-562744","1":"product","2":"type-product","3":"status-publish","4":"has-post-thumbnail","6":"product_cat-display-competizione","7":"product_tag-stramatello","9":"first","10":"instock","11":"taxable","12":"shipping-taxable","13":"purchasable","14":"product-type-simple"},"yoast_head":"<!-- This site is optimized with the Yoast SEO plugin v27.2 - https:\/\/yoast.com\/product\/yoast-seo-wordpress\/ -->\n<title>Esposizione di taekwondo TAE-TOP\/S &#8211; Daisho<\/title>\n<meta name=\"description\" content=\"Tabellone TAE-ToP\/B Taekwondo: display LED ad alta visibilit\u00e0 (35m). Punteggi, round e cronometro inclusi. Trovalo su www.daisho.be|Daisho\" \/>\n<meta name=\"robots\" content=\"index, follow, max-snippet:-1, max-image-preview:large, max-video-preview:-1\" \/>\n<link rel=\"canonical\" href=\"https:\/\/www.daisho.be\/it\/produit\/esposizione-di-taekwondo-tae-top-s\/\" \/>\n<meta property=\"og:locale\" content=\"it_IT\" \/>\n<meta property=\"og:type\" content=\"article\" \/>\n<meta property=\"og:title\" content=\"Esposizione di taekwondo TAE-TOP\/S &#8211; Daisho\" \/>\n<meta property=\"og:description\" content=\"Tabellone TAE-ToP\/B Taekwondo: display LED ad alta visibilit\u00e0 (35m). Punteggi, round e cronometro inclusi. Trovalo su www.daisho.be|Daisho\" \/>\n<meta property=\"og:url\" content=\"https:\/\/www.daisho.be\/it\/produit\/esposizione-di-taekwondo-tae-top-s\/\" \/>\n<meta property=\"og:site_name\" content=\"Daisho\" \/>\n<meta property=\"article:modified_time\" content=\"2026-03-31T13:41:24+00:00\" \/>\n<meta property=\"og:image\" content=\"https:\/\/www.daisho.be\/wp-content\/uploads\/2025\/08\/image-5-scaled.png\" \/>\n\t<meta property=\"og:image:width\" content=\"2048\" \/>\n\t<meta property=\"og:image:height\" content=\"1027\" \/>\n\t<meta property=\"og:image:type\" content=\"image\/png\" \/>\n<meta name=\"twitter:card\" content=\"summary_large_image\" \/>\n<script type=\"application\/ld+json\" class=\"yoast-schema-graph\">{\"@context\":\"https:\/\/schema.org\",\"@graph\":[{\"@type\":\"WebPage\",\"@id\":\"https:\/\/www.daisho.be\/it\/produit\/esposizione-di-taekwondo-tae-top-s\/\",\"url\":\"https:\/\/www.daisho.be\/it\/produit\/esposizione-di-taekwondo-tae-top-s\/\",\"name\":\"Esposizione di taekwondo TAE-TOP\/S &#8211; Daisho\",\"isPartOf\":{\"@id\":\"https:\/\/www.daisho.be\/it\/#website\"},\"primaryImageOfPage\":{\"@id\":\"https:\/\/www.daisho.be\/it\/produit\/esposizione-di-taekwondo-tae-top-s\/#primaryimage\"},\"image\":{\"@id\":\"https:\/\/www.daisho.be\/it\/produit\/esposizione-di-taekwondo-tae-top-s\/#primaryimage\"},\"thumbnailUrl\":\"https:\/\/www.daisho.be\/wp-content\/uploads\/2025\/08\/image-5-scaled.png\",\"datePublished\":\"2025-08-07T14:37:37+00:00\",\"dateModified\":\"2026-03-31T13:41:24+00:00\",\"description\":\"Tabellone TAE-ToP\/B Taekwondo: display LED ad alta visibilit\u00e0 (35m). Punteggi, round e cronometro inclusi. Trovalo su www.daisho.be|Daisho\",\"breadcrumb\":{\"@id\":\"https:\/\/www.daisho.be\/it\/produit\/esposizione-di-taekwondo-tae-top-s\/#breadcrumb\"},\"inLanguage\":\"it-IT\",\"potentialAction\":[{\"@type\":\"ReadAction\",\"target\":[\"https:\/\/www.daisho.be\/it\/produit\/esposizione-di-taekwondo-tae-top-s\/\"]}]},{\"@type\":\"ImageObject\",\"inLanguage\":\"it-IT\",\"@id\":\"https:\/\/www.daisho.be\/it\/produit\/esposizione-di-taekwondo-tae-top-s\/#primaryimage\",\"url\":\"https:\/\/www.daisho.be\/wp-content\/uploads\/2025\/08\/image-5-scaled.png\",\"contentUrl\":\"https:\/\/www.daisho.be\/wp-content\/uploads\/2025\/08\/image-5-scaled.png\",\"width\":2048,\"height\":1027,\"caption\":\"Esposizione di taekwondo TAE-TOP\/S-1\"},{\"@type\":\"BreadcrumbList\",\"@id\":\"https:\/\/www.daisho.be\/it\/produit\/esposizione-di-taekwondo-tae-top-s\/#breadcrumb\",\"itemListElement\":[{\"@type\":\"ListItem\",\"position\":1,\"name\":\"Accueil\",\"item\":\"https:\/\/www.daisho.be\/it\/\"},{\"@type\":\"ListItem\",\"position\":2,\"name\":\"Prodotti\",\"item\":\"https:\/\/www.daisho.be\/it\/prodotti\/\"},{\"@type\":\"ListItem\",\"position\":3,\"name\":\"Sport da combattimento\",\"item\":\"https:\/\/www.daisho.be\/it\/categorie-produit\/sport-da-combattimento\/\"},{\"@type\":\"ListItem\",\"position\":4,\"name\":\"Display (competizione)\",\"item\":\"https:\/\/www.daisho.be\/it\/categorie-produit\/sport-da-combattimento\/display-competizione\/\"},{\"@type\":\"ListItem\",\"position\":5,\"name\":\"Esposizione di taekwondo TAE-TOP\/S\"}]},{\"@type\":\"WebSite\",\"@id\":\"https:\/\/www.daisho.be\/it\/#website\",\"url\":\"https:\/\/www.daisho.be\/it\/\",\"name\":\"Daisho\",\"description\":\"Sp&eacute;cialiste de l'&eacute;quipement sportif d'arts martiaux\",\"publisher\":{\"@id\":\"https:\/\/www.daisho.be\/it\/#organization\"},\"potentialAction\":[{\"@type\":\"SearchAction\",\"target\":{\"@type\":\"EntryPoint\",\"urlTemplate\":\"https:\/\/www.daisho.be\/it\/?s={search_term_string}\"},\"query-input\":{\"@type\":\"PropertyValueSpecification\",\"valueRequired\":true,\"valueName\":\"search_term_string\"}}],\"inLanguage\":\"it-IT\"},{\"@type\":\"Organization\",\"@id\":\"https:\/\/www.daisho.be\/it\/#organization\",\"name\":\"Daisho\",\"url\":\"https:\/\/www.daisho.be\/it\/\",\"logo\":{\"@type\":\"ImageObject\",\"inLanguage\":\"it-IT\",\"@id\":\"https:\/\/www.daisho.be\/it\/#\/schema\/logo\/image\/\",\"url\":\"https:\/\/www.daisho.be\/wp-content\/uploads\/2019\/07\/color-nothing-horizontale4x-e1564486100247.png\",\"contentUrl\":\"https:\/\/www.daisho.be\/wp-content\/uploads\/2019\/07\/color-nothing-horizontale4x-e1564486100247.png\",\"width\":1547,\"height\":385,\"caption\":\"Daisho\"},\"image\":{\"@id\":\"https:\/\/www.daisho.be\/it\/#\/schema\/logo\/image\/\"}}]}<\/script>\n<!-- \/ Yoast SEO plugin. -->","yoast_head_json":{"title":"Esposizione di taekwondo TAE-TOP\/S &#8211; Daisho","description":"Tabellone TAE-ToP\/B Taekwondo: display LED ad alta visibilit\u00e0 (35m). Punteggi, round e cronometro inclusi. Trovalo su www.daisho.be|Daisho","robots":{"index":"index","follow":"follow","max-snippet":"max-snippet:-1","max-image-preview":"max-image-preview:large","max-video-preview":"max-video-preview:-1"},"canonical":"https:\/\/www.daisho.be\/it\/produit\/esposizione-di-taekwondo-tae-top-s\/","og_locale":"it_IT","og_type":"article","og_title":"Esposizione di taekwondo TAE-TOP\/S &#8211; Daisho","og_description":"Tabellone TAE-ToP\/B Taekwondo: display LED ad alta visibilit\u00e0 (35m). Punteggi, round e cronometro inclusi. Trovalo su www.daisho.be|Daisho","og_url":"https:\/\/www.daisho.be\/it\/produit\/esposizione-di-taekwondo-tae-top-s\/","og_site_name":"Daisho","article_modified_time":"2026-03-31T13:41:24+00:00","og_image":[{"width":2048,"height":1027,"url":"https:\/\/www.daisho.be\/wp-content\/uploads\/2025\/08\/image-5-scaled.png","type":"image\/png"}],"twitter_card":"summary_large_image","schema":{"@context":"https:\/\/schema.org","@graph":[{"@type":"WebPage","@id":"https:\/\/www.daisho.be\/it\/produit\/esposizione-di-taekwondo-tae-top-s\/","url":"https:\/\/www.daisho.be\/it\/produit\/esposizione-di-taekwondo-tae-top-s\/","name":"Esposizione di taekwondo TAE-TOP\/S &#8211; Daisho","isPartOf":{"@id":"https:\/\/www.daisho.be\/it\/#website"},"primaryImageOfPage":{"@id":"https:\/\/www.daisho.be\/it\/produit\/esposizione-di-taekwondo-tae-top-s\/#primaryimage"},"image":{"@id":"https:\/\/www.daisho.be\/it\/produit\/esposizione-di-taekwondo-tae-top-s\/#primaryimage"},"thumbnailUrl":"https:\/\/www.daisho.be\/wp-content\/uploads\/2025\/08\/image-5-scaled.png","datePublished":"2025-08-07T14:37:37+00:00","dateModified":"2026-03-31T13:41:24+00:00","description":"Tabellone TAE-ToP\/B Taekwondo: display LED ad alta visibilit\u00e0 (35m). Punteggi, round e cronometro inclusi. Trovalo su www.daisho.be|Daisho","breadcrumb":{"@id":"https:\/\/www.daisho.be\/it\/produit\/esposizione-di-taekwondo-tae-top-s\/#breadcrumb"},"inLanguage":"it-IT","potentialAction":[{"@type":"ReadAction","target":["https:\/\/www.daisho.be\/it\/produit\/esposizione-di-taekwondo-tae-top-s\/"]}]},{"@type":"ImageObject","inLanguage":"it-IT","@id":"https:\/\/www.daisho.be\/it\/produit\/esposizione-di-taekwondo-tae-top-s\/#primaryimage","url":"https:\/\/www.daisho.be\/wp-content\/uploads\/2025\/08\/image-5-scaled.png","contentUrl":"https:\/\/www.daisho.be\/wp-content\/uploads\/2025\/08\/image-5-scaled.png","width":2048,"height":1027,"caption":"Esposizione di taekwondo TAE-TOP\/S-1"},{"@type":"BreadcrumbList","@id":"https:\/\/www.daisho.be\/it\/produit\/esposizione-di-taekwondo-tae-top-s\/#breadcrumb","itemListElement":[{"@type":"ListItem","position":1,"name":"Accueil","item":"https:\/\/www.daisho.be\/it\/"},{"@type":"ListItem","position":2,"name":"Prodotti","item":"https:\/\/www.daisho.be\/it\/prodotti\/"},{"@type":"ListItem","position":3,"name":"Sport da combattimento","item":"https:\/\/www.daisho.be\/it\/categorie-produit\/sport-da-combattimento\/"},{"@type":"ListItem","position":4,"name":"Display (competizione)","item":"https:\/\/www.daisho.be\/it\/categorie-produit\/sport-da-combattimento\/display-competizione\/"},{"@type":"ListItem","position":5,"name":"Esposizione di taekwondo TAE-TOP\/S"}]},{"@type":"WebSite","@id":"https:\/\/www.daisho.be\/it\/#website","url":"https:\/\/www.daisho.be\/it\/","name":"Daisho","description":"Sp&eacute;cialiste de l'&eacute;quipement sportif d'arts martiaux","publisher":{"@id":"https:\/\/www.daisho.be\/it\/#organization"},"potentialAction":[{"@type":"SearchAction","target":{"@type":"EntryPoint","urlTemplate":"https:\/\/www.daisho.be\/it\/?s={search_term_string}"},"query-input":{"@type":"PropertyValueSpecification","valueRequired":true,"valueName":"search_term_string"}}],"inLanguage":"it-IT"},{"@type":"Organization","@id":"https:\/\/www.daisho.be\/it\/#organization","name":"Daisho","url":"https:\/\/www.daisho.be\/it\/","logo":{"@type":"ImageObject","inLanguage":"it-IT","@id":"https:\/\/www.daisho.be\/it\/#\/schema\/logo\/image\/","url":"https:\/\/www.daisho.be\/wp-content\/uploads\/2019\/07\/color-nothing-horizontale4x-e1564486100247.png","contentUrl":"https:\/\/www.daisho.be\/wp-content\/uploads\/2019\/07\/color-nothing-horizontale4x-e1564486100247.png","width":1547,"height":385,"caption":"Daisho"},"image":{"@id":"https:\/\/www.daisho.be\/it\/#\/schema\/logo\/image\/"}}]}},"_links":{"self":[{"href":"https:\/\/www.daisho.be\/it\/wp-json\/wp\/v2\/product\/562744","targetHints":{"allow":["GET"]}}],"collection":[{"href":"https:\/\/www.daisho.be\/it\/wp-json\/wp\/v2\/product"}],"about":[{"href":"https:\/\/www.daisho.be\/it\/wp-json\/wp\/v2\/types\/product"}],"replies":[{"embeddable":true,"href":"https:\/\/www.daisho.be\/it\/wp-json\/wp\/v2\/comments?post=562744"}],"wp:featuredmedia":[{"embeddable":true,"href":"https:\/\/www.daisho.be\/it\/wp-json\/wp\/v2\/media\/543812"}],"wp:attachment":[{"href":"https:\/\/www.daisho.be\/it\/wp-json\/wp\/v2\/media?parent=562744"}],"wp:term":[{"taxonomy":"product_brand","embeddable":true,"href":"https:\/\/www.daisho.be\/it\/wp-json\/wp\/v2\/product_brand?post=562744"},{"taxonomy":"product_cat","embeddable":true,"href":"https:\/\/www.daisho.be\/it\/wp-json\/wp\/v2\/product_cat?post=562744"},{"taxonomy":"product_tag","embeddable":true,"href":"https:\/\/www.daisho.be\/it\/wp-json\/wp\/v2\/product_tag?post=562744"},{"taxonomy":"sport","embeddable":true,"href":"https:\/\/www.daisho.be\/it\/wp-json\/wp\/v2\/sport?post=562744"}],"curies":[{"name":"wp","href":"https:\/\/api.w.org\/{rel}","templated":true}]}}