{"id":562708,"date":"2025-08-18T12:57:43","date_gmt":"2025-08-18T10:57:43","guid":{"rendered":"https:\/\/www.daisho.be\/produit\/set-topsheet-airfloor-3-x-1-m-3-pezzi\/"},"modified":"2026-05-08T09:52:34","modified_gmt":"2026-05-08T07:52:34","slug":"set-topsheet-airfloor-3-x-1-m-3-pezzi","status":"publish","type":"product","link":"https:\/\/www.daisho.be\/it\/produit\/set-topsheet-airfloor-3-x-1-m-3-pezzi\/","title":{"rendered":"Set di coperture &#8211; AirFloor &#8211; 3 x 1 m &#8211; 3 pezzi"},"content":{"rendered":"<p>La copertura AirTrack \u00e8 il complemento perfetto per il tuo AirFloor e garantisce un divertimento incredibile.<br \/>\nI tre vivaci disegni aggiungono un tocco di colore ed emozione in pi\u00f9.<br \/>\nOgni AirFloor AirTrack \u00e8 dotato di una chiusura in velcro su tutta la superficie di salto, per cui \u00e8 facile da regolare.<\/p>\n<p>Caratteristiche:<\/p>\n<p>Dimensioni: 3 x 1 m<br \/>\nConfezione da 3 (modelli A, B e C)<\/p>\n","protected":false},"excerpt":{"rendered":"<p>La copertura AirTrack \u00e8 il complemento perfetto per il tuo AirFloor e garantisce un divertimento incredibile. I tre vivaci disegni aggiungono un tocco di colore ed emozione in pi\u00f9. Ogni AirFloor AirTrack \u00e8 dotato di una chiusura in velcro su tutta la superficie di salto, per cui \u00e8 facile da regolare. Caratteristiche: Dimensioni: 3 x [&hellip;]<\/p>\n","protected":false},"featured_media":546057,"comment_status":"open","ping_status":"closed","template":"","meta":{"inline_featured_image":false},"product_brand":[],"product_cat":[2232],"product_tag":[2233],"sport":[],"class_list":{"0":"post-562708","1":"product","2":"type-product","3":"status-publish","4":"has-post-thumbnail","6":"product_cat-tappeti","7":"product_tag-fabbrica-di-airtrack","8":"product_shipping_class-prodotti-ingombranti","9":"pa_size-sans-taille-defaut","11":"first","12":"outofstock","13":"taxable","14":"shipping-taxable","15":"purchasable","16":"product-type-simple"},"yoast_head":"<!-- This site is optimized with the Yoast SEO plugin v27.2 - https:\/\/yoast.com\/product\/yoast-seo-wordpress\/ -->\n<title>Set di coperture - AirFloor - 3 x 1 m - 3 pezzi &#8211; Daisho<\/title>\n<meta name=\"description\" content=\"Copertura AirTrack 3x1m, 3 disegni colorati, chiusura in velcro. \u00c8 facile personalizzare il tuo AirFloor! Trovali su www.daisho.be|Daisho\" \/>\n<meta name=\"robots\" content=\"index, follow, max-snippet:-1, max-image-preview:large, max-video-preview:-1\" \/>\n<link rel=\"canonical\" href=\"https:\/\/www.daisho.be\/it\/produit\/set-topsheet-airfloor-3-x-1-m-3-pezzi\/\" \/>\n<meta property=\"og:locale\" content=\"it_IT\" \/>\n<meta property=\"og:type\" content=\"article\" \/>\n<meta property=\"og:title\" content=\"Set di coperture - AirFloor - 3 x 1 m - 3 pezzi &#8211; Daisho\" \/>\n<meta property=\"og:description\" content=\"Copertura AirTrack 3x1m, 3 disegni colorati, chiusura in velcro. \u00c8 facile personalizzare il tuo AirFloor! Trovali su www.daisho.be|Daisho\" \/>\n<meta property=\"og:url\" content=\"https:\/\/www.daisho.be\/it\/produit\/set-topsheet-airfloor-3-x-1-m-3-pezzi\/\" \/>\n<meta property=\"og:site_name\" content=\"Daisho\" \/>\n<meta property=\"article:modified_time\" content=\"2026-05-08T07:52:34+00:00\" \/>\n<meta property=\"og:image\" content=\"https:\/\/www.daisho.be\/wp-content\/uploads\/2025\/08\/image-28.png\" \/>\n\t<meta property=\"og:image:width\" content=\"800\" \/>\n\t<meta property=\"og:image:height\" content=\"533\" \/>\n\t<meta property=\"og:image:type\" content=\"image\/png\" \/>\n<meta name=\"twitter:card\" content=\"summary_large_image\" \/>\n<script type=\"application\/ld+json\" class=\"yoast-schema-graph\">{\"@context\":\"https:\/\/schema.org\",\"@graph\":[{\"@type\":\"WebPage\",\"@id\":\"https:\/\/www.daisho.be\/it\/produit\/set-topsheet-airfloor-3-x-1-m-3-pezzi\/\",\"url\":\"https:\/\/www.daisho.be\/it\/produit\/set-topsheet-airfloor-3-x-1-m-3-pezzi\/\",\"name\":\"Set di coperture - AirFloor - 3 x 1 m - 3 pezzi &#8211; Daisho\",\"isPartOf\":{\"@id\":\"https:\/\/www.daisho.be\/it\/#website\"},\"primaryImageOfPage\":{\"@id\":\"https:\/\/www.daisho.be\/it\/produit\/set-topsheet-airfloor-3-x-1-m-3-pezzi\/#primaryimage\"},\"image\":{\"@id\":\"https:\/\/www.daisho.be\/it\/produit\/set-topsheet-airfloor-3-x-1-m-3-pezzi\/#primaryimage\"},\"thumbnailUrl\":\"https:\/\/www.daisho.be\/wp-content\/uploads\/2025\/08\/image-28.png\",\"datePublished\":\"2025-08-18T10:57:43+00:00\",\"dateModified\":\"2026-05-08T07:52:34+00:00\",\"description\":\"Copertura AirTrack 3x1m, 3 disegni colorati, chiusura in velcro. \u00c8 facile personalizzare il tuo AirFloor! Trovali su www.daisho.be|Daisho\",\"breadcrumb\":{\"@id\":\"https:\/\/www.daisho.be\/it\/produit\/set-topsheet-airfloor-3-x-1-m-3-pezzi\/#breadcrumb\"},\"inLanguage\":\"it-IT\",\"potentialAction\":[{\"@type\":\"ReadAction\",\"target\":[\"https:\/\/www.daisho.be\/it\/produit\/set-topsheet-airfloor-3-x-1-m-3-pezzi\/\"]}]},{\"@type\":\"ImageObject\",\"inLanguage\":\"it-IT\",\"@id\":\"https:\/\/www.daisho.be\/it\/produit\/set-topsheet-airfloor-3-x-1-m-3-pezzi\/#primaryimage\",\"url\":\"https:\/\/www.daisho.be\/wp-content\/uploads\/2025\/08\/image-28.png\",\"contentUrl\":\"https:\/\/www.daisho.be\/wp-content\/uploads\/2025\/08\/image-28.png\",\"width\":800,\"height\":533,\"caption\":\"Set di coperture - AirFloor - 3 x 1 m - 3 pezzi-1\"},{\"@type\":\"BreadcrumbList\",\"@id\":\"https:\/\/www.daisho.be\/it\/produit\/set-topsheet-airfloor-3-x-1-m-3-pezzi\/#breadcrumb\",\"itemListElement\":[{\"@type\":\"ListItem\",\"position\":1,\"name\":\"Accueil\",\"item\":\"https:\/\/www.daisho.be\/it\/\"},{\"@type\":\"ListItem\",\"position\":2,\"name\":\"Prodotti\",\"item\":\"https:\/\/www.daisho.be\/it\/prodotti\/\"},{\"@type\":\"ListItem\",\"position\":3,\"name\":\"Sport da combattimento\",\"item\":\"https:\/\/www.daisho.be\/it\/categorie-produit\/sport-da-combattimento\/\"},{\"@type\":\"ListItem\",\"position\":4,\"name\":\"Tappeti\",\"item\":\"https:\/\/www.daisho.be\/it\/categorie-produit\/sport-da-combattimento\/tappeti\/\"},{\"@type\":\"ListItem\",\"position\":5,\"name\":\"Set di coperture &#8211; AirFloor &#8211; 3 x 1 m &#8211; 3 pezzi\"}]},{\"@type\":\"WebSite\",\"@id\":\"https:\/\/www.daisho.be\/it\/#website\",\"url\":\"https:\/\/www.daisho.be\/it\/\",\"name\":\"Daisho\",\"description\":\"Sp&eacute;cialiste de l'&eacute;quipement sportif d'arts martiaux\",\"publisher\":{\"@id\":\"https:\/\/www.daisho.be\/it\/#organization\"},\"potentialAction\":[{\"@type\":\"SearchAction\",\"target\":{\"@type\":\"EntryPoint\",\"urlTemplate\":\"https:\/\/www.daisho.be\/it\/?s={search_term_string}\"},\"query-input\":{\"@type\":\"PropertyValueSpecification\",\"valueRequired\":true,\"valueName\":\"search_term_string\"}}],\"inLanguage\":\"it-IT\"},{\"@type\":\"Organization\",\"@id\":\"https:\/\/www.daisho.be\/it\/#organization\",\"name\":\"Daisho\",\"url\":\"https:\/\/www.daisho.be\/it\/\",\"logo\":{\"@type\":\"ImageObject\",\"inLanguage\":\"it-IT\",\"@id\":\"https:\/\/www.daisho.be\/it\/#\/schema\/logo\/image\/\",\"url\":\"https:\/\/www.daisho.be\/wp-content\/uploads\/2019\/07\/color-nothing-horizontale4x-e1564486100247.png\",\"contentUrl\":\"https:\/\/www.daisho.be\/wp-content\/uploads\/2019\/07\/color-nothing-horizontale4x-e1564486100247.png\",\"width\":1547,\"height\":385,\"caption\":\"Daisho\"},\"image\":{\"@id\":\"https:\/\/www.daisho.be\/it\/#\/schema\/logo\/image\/\"}}]}<\/script>\n<!-- \/ Yoast SEO plugin. -->","yoast_head_json":{"title":"Set di coperture - AirFloor - 3 x 1 m - 3 pezzi &#8211; Daisho","description":"Copertura AirTrack 3x1m, 3 disegni colorati, chiusura in velcro. \u00c8 facile personalizzare il tuo AirFloor! Trovali su www.daisho.be|Daisho","robots":{"index":"index","follow":"follow","max-snippet":"max-snippet:-1","max-image-preview":"max-image-preview:large","max-video-preview":"max-video-preview:-1"},"canonical":"https:\/\/www.daisho.be\/it\/produit\/set-topsheet-airfloor-3-x-1-m-3-pezzi\/","og_locale":"it_IT","og_type":"article","og_title":"Set di coperture - AirFloor - 3 x 1 m - 3 pezzi &#8211; Daisho","og_description":"Copertura AirTrack 3x1m, 3 disegni colorati, chiusura in velcro. \u00c8 facile personalizzare il tuo AirFloor! Trovali su www.daisho.be|Daisho","og_url":"https:\/\/www.daisho.be\/it\/produit\/set-topsheet-airfloor-3-x-1-m-3-pezzi\/","og_site_name":"Daisho","article_modified_time":"2026-05-08T07:52:34+00:00","og_image":[{"width":800,"height":533,"url":"https:\/\/www.daisho.be\/wp-content\/uploads\/2025\/08\/image-28.png","type":"image\/png"}],"twitter_card":"summary_large_image","schema":{"@context":"https:\/\/schema.org","@graph":[{"@type":"WebPage","@id":"https:\/\/www.daisho.be\/it\/produit\/set-topsheet-airfloor-3-x-1-m-3-pezzi\/","url":"https:\/\/www.daisho.be\/it\/produit\/set-topsheet-airfloor-3-x-1-m-3-pezzi\/","name":"Set di coperture - AirFloor - 3 x 1 m - 3 pezzi &#8211; Daisho","isPartOf":{"@id":"https:\/\/www.daisho.be\/it\/#website"},"primaryImageOfPage":{"@id":"https:\/\/www.daisho.be\/it\/produit\/set-topsheet-airfloor-3-x-1-m-3-pezzi\/#primaryimage"},"image":{"@id":"https:\/\/www.daisho.be\/it\/produit\/set-topsheet-airfloor-3-x-1-m-3-pezzi\/#primaryimage"},"thumbnailUrl":"https:\/\/www.daisho.be\/wp-content\/uploads\/2025\/08\/image-28.png","datePublished":"2025-08-18T10:57:43+00:00","dateModified":"2026-05-08T07:52:34+00:00","description":"Copertura AirTrack 3x1m, 3 disegni colorati, chiusura in velcro. \u00c8 facile personalizzare il tuo AirFloor! Trovali su www.daisho.be|Daisho","breadcrumb":{"@id":"https:\/\/www.daisho.be\/it\/produit\/set-topsheet-airfloor-3-x-1-m-3-pezzi\/#breadcrumb"},"inLanguage":"it-IT","potentialAction":[{"@type":"ReadAction","target":["https:\/\/www.daisho.be\/it\/produit\/set-topsheet-airfloor-3-x-1-m-3-pezzi\/"]}]},{"@type":"ImageObject","inLanguage":"it-IT","@id":"https:\/\/www.daisho.be\/it\/produit\/set-topsheet-airfloor-3-x-1-m-3-pezzi\/#primaryimage","url":"https:\/\/www.daisho.be\/wp-content\/uploads\/2025\/08\/image-28.png","contentUrl":"https:\/\/www.daisho.be\/wp-content\/uploads\/2025\/08\/image-28.png","width":800,"height":533,"caption":"Set di coperture - AirFloor - 3 x 1 m - 3 pezzi-1"},{"@type":"BreadcrumbList","@id":"https:\/\/www.daisho.be\/it\/produit\/set-topsheet-airfloor-3-x-1-m-3-pezzi\/#breadcrumb","itemListElement":[{"@type":"ListItem","position":1,"name":"Accueil","item":"https:\/\/www.daisho.be\/it\/"},{"@type":"ListItem","position":2,"name":"Prodotti","item":"https:\/\/www.daisho.be\/it\/prodotti\/"},{"@type":"ListItem","position":3,"name":"Sport da combattimento","item":"https:\/\/www.daisho.be\/it\/categorie-produit\/sport-da-combattimento\/"},{"@type":"ListItem","position":4,"name":"Tappeti","item":"https:\/\/www.daisho.be\/it\/categorie-produit\/sport-da-combattimento\/tappeti\/"},{"@type":"ListItem","position":5,"name":"Set di coperture &#8211; AirFloor &#8211; 3 x 1 m &#8211; 3 pezzi"}]},{"@type":"WebSite","@id":"https:\/\/www.daisho.be\/it\/#website","url":"https:\/\/www.daisho.be\/it\/","name":"Daisho","description":"Sp&eacute;cialiste de l'&eacute;quipement sportif d'arts martiaux","publisher":{"@id":"https:\/\/www.daisho.be\/it\/#organization"},"potentialAction":[{"@type":"SearchAction","target":{"@type":"EntryPoint","urlTemplate":"https:\/\/www.daisho.be\/it\/?s={search_term_string}"},"query-input":{"@type":"PropertyValueSpecification","valueRequired":true,"valueName":"search_term_string"}}],"inLanguage":"it-IT"},{"@type":"Organization","@id":"https:\/\/www.daisho.be\/it\/#organization","name":"Daisho","url":"https:\/\/www.daisho.be\/it\/","logo":{"@type":"ImageObject","inLanguage":"it-IT","@id":"https:\/\/www.daisho.be\/it\/#\/schema\/logo\/image\/","url":"https:\/\/www.daisho.be\/wp-content\/uploads\/2019\/07\/color-nothing-horizontale4x-e1564486100247.png","contentUrl":"https:\/\/www.daisho.be\/wp-content\/uploads\/2019\/07\/color-nothing-horizontale4x-e1564486100247.png","width":1547,"height":385,"caption":"Daisho"},"image":{"@id":"https:\/\/www.daisho.be\/it\/#\/schema\/logo\/image\/"}}]}},"_links":{"self":[{"href":"https:\/\/www.daisho.be\/it\/wp-json\/wp\/v2\/product\/562708","targetHints":{"allow":["GET"]}}],"collection":[{"href":"https:\/\/www.daisho.be\/it\/wp-json\/wp\/v2\/product"}],"about":[{"href":"https:\/\/www.daisho.be\/it\/wp-json\/wp\/v2\/types\/product"}],"replies":[{"embeddable":true,"href":"https:\/\/www.daisho.be\/it\/wp-json\/wp\/v2\/comments?post=562708"}],"wp:featuredmedia":[{"embeddable":true,"href":"https:\/\/www.daisho.be\/it\/wp-json\/wp\/v2\/media\/546057"}],"wp:attachment":[{"href":"https:\/\/www.daisho.be\/it\/wp-json\/wp\/v2\/media?parent=562708"}],"wp:term":[{"taxonomy":"product_brand","embeddable":true,"href":"https:\/\/www.daisho.be\/it\/wp-json\/wp\/v2\/product_brand?post=562708"},{"taxonomy":"product_cat","embeddable":true,"href":"https:\/\/www.daisho.be\/it\/wp-json\/wp\/v2\/product_cat?post=562708"},{"taxonomy":"product_tag","embeddable":true,"href":"https:\/\/www.daisho.be\/it\/wp-json\/wp\/v2\/product_tag?post=562708"},{"taxonomy":"sport","embeddable":true,"href":"https:\/\/www.daisho.be\/it\/wp-json\/wp\/v2\/sport?post=562708"}],"curies":[{"name":"wp","href":"https:\/\/api.w.org\/{rel}","templated":true}]}}