{"id":562671,"date":"2025-08-18T16:12:57","date_gmt":"2025-08-18T14:12:57","guid":{"rendered":"https:\/\/www.daisho.be\/produit\/airblock-1-x-14-x-02-m-spark\/"},"modified":"2025-12-11T12:18:48","modified_gmt":"2025-12-11T11:18:48","slug":"airblock-1-x-14-x-02-m-spark","status":"publish","type":"product","link":"https:\/\/www.daisho.be\/it\/produit\/airblock-1-x-14-x-02-m-spark\/","title":{"rendered":"AirBlock &#8211; 1 x 1,4 x 0,2 m &#8211; Spark"},"content":{"rendered":"<p>L&#8217;AirBlock rimbalza ancora di pi\u00f9 dell&#8217;Airboard.<br \/>\nL&#8217;altezza extra ti permette di stare pi\u00f9 tempo in aria, il che \u00e8 perfetto quando hai bisogno di un&#8217;altezza extra per completare i tuoi trick.<br \/>\nInsieme all&#8217;Airfloor e al sistema di velcro bifacciale, avrai quasi una palestra completa a casa tua!<\/p>\n","protected":false},"excerpt":{"rendered":"<p>L&#8217;AirBlock rimbalza ancora di pi\u00f9 dell&#8217;Airboard. L&#8217;altezza extra ti permette di stare pi\u00f9 tempo in aria, il che \u00e8 perfetto quando hai bisogno di un&#8217;altezza extra per completare i tuoi trick. Insieme all&#8217;Airfloor e al sistema di velcro bifacciale, avrai quasi una palestra completa a casa tua!<\/p>\n","protected":false},"featured_media":546303,"comment_status":"open","ping_status":"closed","template":"","meta":{"inline_featured_image":false},"product_brand":[],"product_cat":[2355],"product_tag":[2553,2233],"sport":[],"class_list":{"0":"post-562671","1":"product","2":"type-product","3":"status-publish","4":"has-post-thumbnail","6":"product_cat-altro","7":"product_tag-citazione","8":"product_tag-fabbrica-di-airtrack","9":"product_shipping_class-prodotti-ingombranti","10":"pa_size-sans-taille-defaut","12":"first","13":"instock","14":"taxable","15":"shipping-taxable","16":"purchasable","17":"product-type-variable"},"yoast_head":"<!-- This site is optimized with the Yoast SEO plugin v27.2 - https:\/\/yoast.com\/product\/yoast-seo-wordpress\/ -->\n<title>AirBlock - 1 x 1,4 x 0,2 m - Spark &#8211; Daisho<\/title>\n<meta name=\"robots\" content=\"index, follow, max-snippet:-1, max-image-preview:large, max-video-preview:-1\" \/>\n<link rel=\"canonical\" href=\"https:\/\/www.daisho.be\/it\/produit\/airblock-1-x-14-x-02-m-spark\/\" \/>\n<meta property=\"og:locale\" content=\"it_IT\" \/>\n<meta property=\"og:type\" content=\"article\" \/>\n<meta property=\"og:title\" content=\"AirBlock - 1 x 1,4 x 0,2 m - Spark &#8211; Daisho\" \/>\n<meta property=\"og:description\" content=\"L&#8217;AirBlock rimbalza ancora di pi\u00f9 dell&#8217;Airboard. L&#8217;altezza extra ti permette di stare pi\u00f9 tempo in aria, il che \u00e8 perfetto quando hai bisogno di un&#8217;altezza extra per completare i tuoi trick. Insieme all&#8217;Airfloor e al sistema di velcro bifacciale, avrai quasi una palestra completa a casa tua!\" \/>\n<meta property=\"og:url\" content=\"https:\/\/www.daisho.be\/it\/produit\/airblock-1-x-14-x-02-m-spark\/\" \/>\n<meta property=\"og:site_name\" content=\"Daisho\" \/>\n<meta property=\"article:modified_time\" content=\"2025-12-11T11:18:48+00:00\" \/>\n<meta property=\"og:image\" content=\"https:\/\/www.daisho.be\/wp-content\/uploads\/2025\/08\/image-9.webp\" \/>\n\t<meta property=\"og:image:width\" content=\"1920\" \/>\n\t<meta property=\"og:image:height\" content=\"1396\" \/>\n\t<meta property=\"og:image:type\" content=\"image\/webp\" \/>\n<meta name=\"twitter:card\" content=\"summary_large_image\" \/>\n<script type=\"application\/ld+json\" class=\"yoast-schema-graph\">{\"@context\":\"https:\/\/schema.org\",\"@graph\":[{\"@type\":\"WebPage\",\"@id\":\"https:\/\/www.daisho.be\/it\/produit\/airblock-1-x-14-x-02-m-spark\/\",\"url\":\"https:\/\/www.daisho.be\/it\/produit\/airblock-1-x-14-x-02-m-spark\/\",\"name\":\"AirBlock - 1 x 1,4 x 0,2 m - Spark &#8211; Daisho\",\"isPartOf\":{\"@id\":\"https:\/\/www.daisho.be\/it\/#website\"},\"primaryImageOfPage\":{\"@id\":\"https:\/\/www.daisho.be\/it\/produit\/airblock-1-x-14-x-02-m-spark\/#primaryimage\"},\"image\":{\"@id\":\"https:\/\/www.daisho.be\/it\/produit\/airblock-1-x-14-x-02-m-spark\/#primaryimage\"},\"thumbnailUrl\":\"https:\/\/www.daisho.be\/wp-content\/uploads\/2025\/08\/image-9.webp\",\"datePublished\":\"2025-08-18T14:12:57+00:00\",\"dateModified\":\"2025-12-11T11:18:48+00:00\",\"breadcrumb\":{\"@id\":\"https:\/\/www.daisho.be\/it\/produit\/airblock-1-x-14-x-02-m-spark\/#breadcrumb\"},\"inLanguage\":\"it-IT\",\"potentialAction\":[{\"@type\":\"ReadAction\",\"target\":[\"https:\/\/www.daisho.be\/it\/produit\/airblock-1-x-14-x-02-m-spark\/\"]}]},{\"@type\":\"ImageObject\",\"inLanguage\":\"it-IT\",\"@id\":\"https:\/\/www.daisho.be\/it\/produit\/airblock-1-x-14-x-02-m-spark\/#primaryimage\",\"url\":\"https:\/\/www.daisho.be\/wp-content\/uploads\/2025\/08\/image-9.webp\",\"contentUrl\":\"https:\/\/www.daisho.be\/wp-content\/uploads\/2025\/08\/image-9.webp\",\"width\":1920,\"height\":1396,\"caption\":\"AirBlock - 1 x 1,4 x 0,2 m - Spark-1\"},{\"@type\":\"BreadcrumbList\",\"@id\":\"https:\/\/www.daisho.be\/it\/produit\/airblock-1-x-14-x-02-m-spark\/#breadcrumb\",\"itemListElement\":[{\"@type\":\"ListItem\",\"position\":1,\"name\":\"Accueil\",\"item\":\"https:\/\/www.daisho.be\/it\/\"},{\"@type\":\"ListItem\",\"position\":2,\"name\":\"Prodotti\",\"item\":\"https:\/\/www.daisho.be\/it\/prodotti\/\"},{\"@type\":\"ListItem\",\"position\":3,\"name\":\"Altro\",\"item\":\"https:\/\/www.daisho.be\/it\/categorie-produit\/altro\/\"},{\"@type\":\"ListItem\",\"position\":4,\"name\":\"AirBlock &#8211; 1 x 1,4 x 0,2 m &#8211; Spark\"}]},{\"@type\":\"WebSite\",\"@id\":\"https:\/\/www.daisho.be\/it\/#website\",\"url\":\"https:\/\/www.daisho.be\/it\/\",\"name\":\"Daisho\",\"description\":\"Sp&eacute;cialiste de l'&eacute;quipement sportif d'arts martiaux\",\"publisher\":{\"@id\":\"https:\/\/www.daisho.be\/it\/#organization\"},\"potentialAction\":[{\"@type\":\"SearchAction\",\"target\":{\"@type\":\"EntryPoint\",\"urlTemplate\":\"https:\/\/www.daisho.be\/it\/?s={search_term_string}\"},\"query-input\":{\"@type\":\"PropertyValueSpecification\",\"valueRequired\":true,\"valueName\":\"search_term_string\"}}],\"inLanguage\":\"it-IT\"},{\"@type\":\"Organization\",\"@id\":\"https:\/\/www.daisho.be\/it\/#organization\",\"name\":\"Daisho\",\"url\":\"https:\/\/www.daisho.be\/it\/\",\"logo\":{\"@type\":\"ImageObject\",\"inLanguage\":\"it-IT\",\"@id\":\"https:\/\/www.daisho.be\/it\/#\/schema\/logo\/image\/\",\"url\":\"https:\/\/www.daisho.be\/wp-content\/uploads\/2019\/07\/color-nothing-horizontale4x-e1564486100247.png\",\"contentUrl\":\"https:\/\/www.daisho.be\/wp-content\/uploads\/2019\/07\/color-nothing-horizontale4x-e1564486100247.png\",\"width\":1547,\"height\":385,\"caption\":\"Daisho\"},\"image\":{\"@id\":\"https:\/\/www.daisho.be\/it\/#\/schema\/logo\/image\/\"}}]}<\/script>\n<!-- \/ Yoast SEO plugin. -->","yoast_head_json":{"title":"AirBlock - 1 x 1,4 x 0,2 m - Spark &#8211; Daisho","robots":{"index":"index","follow":"follow","max-snippet":"max-snippet:-1","max-image-preview":"max-image-preview:large","max-video-preview":"max-video-preview:-1"},"canonical":"https:\/\/www.daisho.be\/it\/produit\/airblock-1-x-14-x-02-m-spark\/","og_locale":"it_IT","og_type":"article","og_title":"AirBlock - 1 x 1,4 x 0,2 m - Spark &#8211; Daisho","og_description":"L&#8217;AirBlock rimbalza ancora di pi\u00f9 dell&#8217;Airboard. L&#8217;altezza extra ti permette di stare pi\u00f9 tempo in aria, il che \u00e8 perfetto quando hai bisogno di un&#8217;altezza extra per completare i tuoi trick. Insieme all&#8217;Airfloor e al sistema di velcro bifacciale, avrai quasi una palestra completa a casa tua!","og_url":"https:\/\/www.daisho.be\/it\/produit\/airblock-1-x-14-x-02-m-spark\/","og_site_name":"Daisho","article_modified_time":"2025-12-11T11:18:48+00:00","og_image":[{"width":1920,"height":1396,"url":"https:\/\/www.daisho.be\/wp-content\/uploads\/2025\/08\/image-9.webp","type":"image\/webp"}],"twitter_card":"summary_large_image","schema":{"@context":"https:\/\/schema.org","@graph":[{"@type":"WebPage","@id":"https:\/\/www.daisho.be\/it\/produit\/airblock-1-x-14-x-02-m-spark\/","url":"https:\/\/www.daisho.be\/it\/produit\/airblock-1-x-14-x-02-m-spark\/","name":"AirBlock - 1 x 1,4 x 0,2 m - Spark &#8211; Daisho","isPartOf":{"@id":"https:\/\/www.daisho.be\/it\/#website"},"primaryImageOfPage":{"@id":"https:\/\/www.daisho.be\/it\/produit\/airblock-1-x-14-x-02-m-spark\/#primaryimage"},"image":{"@id":"https:\/\/www.daisho.be\/it\/produit\/airblock-1-x-14-x-02-m-spark\/#primaryimage"},"thumbnailUrl":"https:\/\/www.daisho.be\/wp-content\/uploads\/2025\/08\/image-9.webp","datePublished":"2025-08-18T14:12:57+00:00","dateModified":"2025-12-11T11:18:48+00:00","breadcrumb":{"@id":"https:\/\/www.daisho.be\/it\/produit\/airblock-1-x-14-x-02-m-spark\/#breadcrumb"},"inLanguage":"it-IT","potentialAction":[{"@type":"ReadAction","target":["https:\/\/www.daisho.be\/it\/produit\/airblock-1-x-14-x-02-m-spark\/"]}]},{"@type":"ImageObject","inLanguage":"it-IT","@id":"https:\/\/www.daisho.be\/it\/produit\/airblock-1-x-14-x-02-m-spark\/#primaryimage","url":"https:\/\/www.daisho.be\/wp-content\/uploads\/2025\/08\/image-9.webp","contentUrl":"https:\/\/www.daisho.be\/wp-content\/uploads\/2025\/08\/image-9.webp","width":1920,"height":1396,"caption":"AirBlock - 1 x 1,4 x 0,2 m - Spark-1"},{"@type":"BreadcrumbList","@id":"https:\/\/www.daisho.be\/it\/produit\/airblock-1-x-14-x-02-m-spark\/#breadcrumb","itemListElement":[{"@type":"ListItem","position":1,"name":"Accueil","item":"https:\/\/www.daisho.be\/it\/"},{"@type":"ListItem","position":2,"name":"Prodotti","item":"https:\/\/www.daisho.be\/it\/prodotti\/"},{"@type":"ListItem","position":3,"name":"Altro","item":"https:\/\/www.daisho.be\/it\/categorie-produit\/altro\/"},{"@type":"ListItem","position":4,"name":"AirBlock &#8211; 1 x 1,4 x 0,2 m &#8211; Spark"}]},{"@type":"WebSite","@id":"https:\/\/www.daisho.be\/it\/#website","url":"https:\/\/www.daisho.be\/it\/","name":"Daisho","description":"Sp&eacute;cialiste de l'&eacute;quipement sportif d'arts martiaux","publisher":{"@id":"https:\/\/www.daisho.be\/it\/#organization"},"potentialAction":[{"@type":"SearchAction","target":{"@type":"EntryPoint","urlTemplate":"https:\/\/www.daisho.be\/it\/?s={search_term_string}"},"query-input":{"@type":"PropertyValueSpecification","valueRequired":true,"valueName":"search_term_string"}}],"inLanguage":"it-IT"},{"@type":"Organization","@id":"https:\/\/www.daisho.be\/it\/#organization","name":"Daisho","url":"https:\/\/www.daisho.be\/it\/","logo":{"@type":"ImageObject","inLanguage":"it-IT","@id":"https:\/\/www.daisho.be\/it\/#\/schema\/logo\/image\/","url":"https:\/\/www.daisho.be\/wp-content\/uploads\/2019\/07\/color-nothing-horizontale4x-e1564486100247.png","contentUrl":"https:\/\/www.daisho.be\/wp-content\/uploads\/2019\/07\/color-nothing-horizontale4x-e1564486100247.png","width":1547,"height":385,"caption":"Daisho"},"image":{"@id":"https:\/\/www.daisho.be\/it\/#\/schema\/logo\/image\/"}}]}},"_links":{"self":[{"href":"https:\/\/www.daisho.be\/it\/wp-json\/wp\/v2\/product\/562671","targetHints":{"allow":["GET"]}}],"collection":[{"href":"https:\/\/www.daisho.be\/it\/wp-json\/wp\/v2\/product"}],"about":[{"href":"https:\/\/www.daisho.be\/it\/wp-json\/wp\/v2\/types\/product"}],"replies":[{"embeddable":true,"href":"https:\/\/www.daisho.be\/it\/wp-json\/wp\/v2\/comments?post=562671"}],"wp:featuredmedia":[{"embeddable":true,"href":"https:\/\/www.daisho.be\/it\/wp-json\/wp\/v2\/media\/546303"}],"wp:attachment":[{"href":"https:\/\/www.daisho.be\/it\/wp-json\/wp\/v2\/media?parent=562671"}],"wp:term":[{"taxonomy":"product_brand","embeddable":true,"href":"https:\/\/www.daisho.be\/it\/wp-json\/wp\/v2\/product_brand?post=562671"},{"taxonomy":"product_cat","embeddable":true,"href":"https:\/\/www.daisho.be\/it\/wp-json\/wp\/v2\/product_cat?post=562671"},{"taxonomy":"product_tag","embeddable":true,"href":"https:\/\/www.daisho.be\/it\/wp-json\/wp\/v2\/product_tag?post=562671"},{"taxonomy":"sport","embeddable":true,"href":"https:\/\/www.daisho.be\/it\/wp-json\/wp\/v2\/sport?post=562671"}],"curies":[{"name":"wp","href":"https:\/\/api.w.org\/{rel}","templated":true}]}}