{"id":562229,"date":"2025-04-03T13:52:40","date_gmt":"2025-04-03T11:52:40","guid":{"rendered":"https:\/\/www.daisho.be\/produit\/sacco-da-boxe-di-lusso-victory-sports\/"},"modified":"2025-11-19T11:54:42","modified_gmt":"2025-11-19T10:54:42","slug":"sacco-da-boxe-di-lusso-victory-sports","status":"publish","type":"product","link":"https:\/\/www.daisho.be\/it\/produit\/sacco-da-boxe-di-lusso-victory-sports\/","title":{"rendered":"Sacco da boxe di lusso Victory Sports"},"content":{"rendered":"<p>Questo lussuosissimo sacco da boxe in piedi di Victory Sports \u00e8 davvero tutto ci\u00f2 che stai cercando! Ideale per calci, calci alti, calci bassi e pugni per tutti i livelli!<br \/>\nSpecifiche tecniche:<br \/>\n&#8211; Altezza del supporto: 40 cm;<br \/>\n&#8211; Diametro della base: 55 cm;<br \/>\n&#8211; Altezza del palo: 140 cm;<br \/>\n&#8211; Diametro dell&#8217;albero: 37 cm;<br \/>\n&#8211; Altezza totale: 185 cm;<br \/>\n&#8211; Colore: nero, con logo Victory Sport;<br \/>\n&#8211; Sezione d&#8217;impatto di 140 cm con un diametro di 37 cm;<br \/>\n&#8211; Molto resistente e durevole;<br \/>\n&#8211; Adatto a tutti i praticanti di arti marziali o come allenamento cardio;<br \/>\n&#8211; Stabile grazie al peso della base una volta riempita.<\/p>\n<p>Questo sacco da boxe in piedi ha una base in plastica dura che deve essere riempita con ghiaia o sabbia. Questa base \u00e8 molto stabile durante l&#8217;allenamento. La parte che si pu\u00f2 colpire e calciare \u00e8 realizzata in pelle sintetica molto resistente, il che rende il sacco da boxe in piedi estremamente durevole. L&#8217;interno \u00e8 composto da diversi strati di polietilene espanso. Questa schiuma \u00e8 molto flessibile, il che significa che torna sempre indietro senza ammaccature.<br \/>\nQuesto sacco da boxe verticale Victory Sports \u00e8 fantastico da usare grazie alla sua ampia superficie d&#8217;impatto. La parte dove puoi allenare perfettamente i calci alti, i calci bassi e i pugni \u00e8 lunga ben 140 cm e ha un diametro di 37 cm, il che rende il sacco da boxe in piedi pi\u00f9 largo del normale. La base \u00e8 alta circa 40 cm, per cui il sacco da boxe in piedi ha un&#8217;altezza totale di 185 cm. La base ha un diametro di 55 cm.<br \/>\nIl sacco da boxe \u00e8 adatto a tutti coloro che praticano arti marziali o che vogliono semplicemente migliorare la propria forma fisica. Il sacco da boxe Victory Sports \u00e8 adatto a tutte le arti marziali che richiedono pugni e calci.        <\/p>\n","protected":false},"excerpt":{"rendered":"<p>Questo lussuosissimo sacco da boxe in piedi di Victory Sports \u00e8 davvero tutto ci\u00f2 che stai cercando! Ideale per calci, calci alti, calci bassi e pugni per tutti i livelli! Specifiche tecniche: &#8211; Altezza del supporto: 40 cm; &#8211; Diametro della base: 55 cm; &#8211; Altezza del palo: 140 cm; &#8211; Diametro dell&#8217;albero: 37 cm; [&hellip;]<\/p>\n","protected":false},"featured_media":511398,"comment_status":"open","ping_status":"closed","template":"","meta":{"inline_featured_image":false},"product_brand":[],"product_cat":[2050,2049,2129,2131],"product_tag":[2553,2267],"sport":[],"class_list":{"0":"post-562229","1":"product","2":"type-product","3":"status-publish","4":"has-post-thumbnail","6":"product_cat-attrezzatura-per-lallenamento-di-kickboxing","7":"product_cat-attrezzature-per-lallenamento-del-karate","8":"product_cat-sacchi-da-boxe","9":"product_cat-sacchi-da-boxe-it","10":"product_tag-citazione","11":"product_tag-sport-di-vittoria","12":"pa_size-sans-taille-defaut","14":"first","15":"instock","16":"taxable","17":"shipping-taxable","18":"purchasable","19":"product-type-variable"},"yoast_head":"<!-- This site is optimized with the Yoast SEO plugin v27.2 - https:\/\/yoast.com\/product\/yoast-seo-wordpress\/ -->\n<title>Sacco da boxe di lusso Victory Sports &#8211; Daisho<\/title>\n<meta name=\"robots\" content=\"index, follow, max-snippet:-1, max-image-preview:large, max-video-preview:-1\" \/>\n<link rel=\"canonical\" href=\"https:\/\/www.daisho.be\/it\/produit\/sacco-da-boxe-di-lusso-victory-sports\/\" \/>\n<meta property=\"og:locale\" content=\"it_IT\" \/>\n<meta property=\"og:type\" content=\"article\" \/>\n<meta property=\"og:title\" content=\"Sacco da boxe di lusso Victory Sports &#8211; Daisho\" \/>\n<meta property=\"og:description\" content=\"Questo lussuosissimo sacco da boxe in piedi di Victory Sports \u00e8 davvero tutto ci\u00f2 che stai cercando! Ideale per calci, calci alti, calci bassi e pugni per tutti i livelli! Specifiche tecniche: &#8211; Altezza del supporto: 40 cm; &#8211; Diametro della base: 55 cm; &#8211; Altezza del palo: 140 cm; &#8211; Diametro dell&#8217;albero: 37 cm; [&hellip;]\" \/>\n<meta property=\"og:url\" content=\"https:\/\/www.daisho.be\/it\/produit\/sacco-da-boxe-di-lusso-victory-sports\/\" \/>\n<meta property=\"og:site_name\" content=\"Daisho\" \/>\n<meta property=\"article:modified_time\" content=\"2025-11-19T10:54:42+00:00\" \/>\n<meta property=\"og:image\" content=\"https:\/\/www.daisho.be\/wp-content\/uploads\/2025\/04\/image-1.jpg\" \/>\n\t<meta property=\"og:image:width\" content=\"800\" \/>\n\t<meta property=\"og:image:height\" content=\"800\" \/>\n\t<meta property=\"og:image:type\" content=\"image\/jpeg\" \/>\n<meta name=\"twitter:card\" content=\"summary_large_image\" \/>\n<meta name=\"twitter:label1\" content=\"Tempo di lettura stimato\" \/>\n\t<meta name=\"twitter:data1\" content=\"1 minuto\" \/>\n<script type=\"application\/ld+json\" class=\"yoast-schema-graph\">{\"@context\":\"https:\/\/schema.org\",\"@graph\":[{\"@type\":\"WebPage\",\"@id\":\"https:\/\/www.daisho.be\/it\/produit\/sacco-da-boxe-di-lusso-victory-sports\/\",\"url\":\"https:\/\/www.daisho.be\/it\/produit\/sacco-da-boxe-di-lusso-victory-sports\/\",\"name\":\"Sacco da boxe di lusso Victory Sports &#8211; Daisho\",\"isPartOf\":{\"@id\":\"https:\/\/www.daisho.be\/it\/#website\"},\"primaryImageOfPage\":{\"@id\":\"https:\/\/www.daisho.be\/it\/produit\/sacco-da-boxe-di-lusso-victory-sports\/#primaryimage\"},\"image\":{\"@id\":\"https:\/\/www.daisho.be\/it\/produit\/sacco-da-boxe-di-lusso-victory-sports\/#primaryimage\"},\"thumbnailUrl\":\"https:\/\/www.daisho.be\/wp-content\/uploads\/2025\/04\/image-1.jpg\",\"datePublished\":\"2025-04-03T11:52:40+00:00\",\"dateModified\":\"2025-11-19T10:54:42+00:00\",\"breadcrumb\":{\"@id\":\"https:\/\/www.daisho.be\/it\/produit\/sacco-da-boxe-di-lusso-victory-sports\/#breadcrumb\"},\"inLanguage\":\"it-IT\",\"potentialAction\":[{\"@type\":\"ReadAction\",\"target\":[\"https:\/\/www.daisho.be\/it\/produit\/sacco-da-boxe-di-lusso-victory-sports\/\"]}]},{\"@type\":\"ImageObject\",\"inLanguage\":\"it-IT\",\"@id\":\"https:\/\/www.daisho.be\/it\/produit\/sacco-da-boxe-di-lusso-victory-sports\/#primaryimage\",\"url\":\"https:\/\/www.daisho.be\/wp-content\/uploads\/2025\/04\/image-1.jpg\",\"contentUrl\":\"https:\/\/www.daisho.be\/wp-content\/uploads\/2025\/04\/image-1.jpg\",\"width\":800,\"height\":800,\"caption\":\"Sacco da boxe di lusso Victory Sports-1\"},{\"@type\":\"BreadcrumbList\",\"@id\":\"https:\/\/www.daisho.be\/it\/produit\/sacco-da-boxe-di-lusso-victory-sports\/#breadcrumb\",\"itemListElement\":[{\"@type\":\"ListItem\",\"position\":1,\"name\":\"Accueil\",\"item\":\"https:\/\/www.daisho.be\/it\/\"},{\"@type\":\"ListItem\",\"position\":2,\"name\":\"Prodotti\",\"item\":\"https:\/\/www.daisho.be\/it\/prodotti\/\"},{\"@type\":\"ListItem\",\"position\":3,\"name\":\"Attrezzature e abbigliamento per arti marziali e sport da combattimento\",\"item\":\"https:\/\/www.daisho.be\/it\/categorie-produit\/attrezzature-e-abbigliamento-per-arti-marziali-e-sport-da-combattimento\/\"},{\"@type\":\"ListItem\",\"position\":4,\"name\":\"Kick Boxing\",\"item\":\"https:\/\/www.daisho.be\/it\/categorie-produit\/attrezzature-e-abbigliamento-per-arti-marziali-e-sport-da-combattimento\/kick-boxing-it-2\/\"},{\"@type\":\"ListItem\",\"position\":5,\"name\":\"Attrezzatura per l'allenamento di kickboxing\",\"item\":\"https:\/\/www.daisho.be\/it\/categorie-produit\/attrezzature-e-abbigliamento-per-arti-marziali-e-sport-da-combattimento\/kick-boxing-it-2\/attrezzatura-per-lallenamento-di-kickboxing\/\"},{\"@type\":\"ListItem\",\"position\":6,\"name\":\"Sacco da boxe di lusso Victory Sports\"}]},{\"@type\":\"WebSite\",\"@id\":\"https:\/\/www.daisho.be\/it\/#website\",\"url\":\"https:\/\/www.daisho.be\/it\/\",\"name\":\"Daisho\",\"description\":\"Sp&eacute;cialiste de l'&eacute;quipement sportif d'arts martiaux\",\"publisher\":{\"@id\":\"https:\/\/www.daisho.be\/it\/#organization\"},\"potentialAction\":[{\"@type\":\"SearchAction\",\"target\":{\"@type\":\"EntryPoint\",\"urlTemplate\":\"https:\/\/www.daisho.be\/it\/?s={search_term_string}\"},\"query-input\":{\"@type\":\"PropertyValueSpecification\",\"valueRequired\":true,\"valueName\":\"search_term_string\"}}],\"inLanguage\":\"it-IT\"},{\"@type\":\"Organization\",\"@id\":\"https:\/\/www.daisho.be\/it\/#organization\",\"name\":\"Daisho\",\"url\":\"https:\/\/www.daisho.be\/it\/\",\"logo\":{\"@type\":\"ImageObject\",\"inLanguage\":\"it-IT\",\"@id\":\"https:\/\/www.daisho.be\/it\/#\/schema\/logo\/image\/\",\"url\":\"https:\/\/www.daisho.be\/wp-content\/uploads\/2019\/07\/color-nothing-horizontale4x-e1564486100247.png\",\"contentUrl\":\"https:\/\/www.daisho.be\/wp-content\/uploads\/2019\/07\/color-nothing-horizontale4x-e1564486100247.png\",\"width\":1547,\"height\":385,\"caption\":\"Daisho\"},\"image\":{\"@id\":\"https:\/\/www.daisho.be\/it\/#\/schema\/logo\/image\/\"}}]}<\/script>\n<!-- \/ Yoast SEO plugin. -->","yoast_head_json":{"title":"Sacco da boxe di lusso Victory Sports &#8211; Daisho","robots":{"index":"index","follow":"follow","max-snippet":"max-snippet:-1","max-image-preview":"max-image-preview:large","max-video-preview":"max-video-preview:-1"},"canonical":"https:\/\/www.daisho.be\/it\/produit\/sacco-da-boxe-di-lusso-victory-sports\/","og_locale":"it_IT","og_type":"article","og_title":"Sacco da boxe di lusso Victory Sports &#8211; Daisho","og_description":"Questo lussuosissimo sacco da boxe in piedi di Victory Sports \u00e8 davvero tutto ci\u00f2 che stai cercando! Ideale per calci, calci alti, calci bassi e pugni per tutti i livelli! Specifiche tecniche: &#8211; Altezza del supporto: 40 cm; &#8211; Diametro della base: 55 cm; &#8211; Altezza del palo: 140 cm; &#8211; Diametro dell&#8217;albero: 37 cm; [&hellip;]","og_url":"https:\/\/www.daisho.be\/it\/produit\/sacco-da-boxe-di-lusso-victory-sports\/","og_site_name":"Daisho","article_modified_time":"2025-11-19T10:54:42+00:00","og_image":[{"width":800,"height":800,"url":"https:\/\/www.daisho.be\/wp-content\/uploads\/2025\/04\/image-1.jpg","type":"image\/jpeg"}],"twitter_card":"summary_large_image","twitter_misc":{"Tempo di lettura stimato":"1 minuto"},"schema":{"@context":"https:\/\/schema.org","@graph":[{"@type":"WebPage","@id":"https:\/\/www.daisho.be\/it\/produit\/sacco-da-boxe-di-lusso-victory-sports\/","url":"https:\/\/www.daisho.be\/it\/produit\/sacco-da-boxe-di-lusso-victory-sports\/","name":"Sacco da boxe di lusso Victory Sports &#8211; Daisho","isPartOf":{"@id":"https:\/\/www.daisho.be\/it\/#website"},"primaryImageOfPage":{"@id":"https:\/\/www.daisho.be\/it\/produit\/sacco-da-boxe-di-lusso-victory-sports\/#primaryimage"},"image":{"@id":"https:\/\/www.daisho.be\/it\/produit\/sacco-da-boxe-di-lusso-victory-sports\/#primaryimage"},"thumbnailUrl":"https:\/\/www.daisho.be\/wp-content\/uploads\/2025\/04\/image-1.jpg","datePublished":"2025-04-03T11:52:40+00:00","dateModified":"2025-11-19T10:54:42+00:00","breadcrumb":{"@id":"https:\/\/www.daisho.be\/it\/produit\/sacco-da-boxe-di-lusso-victory-sports\/#breadcrumb"},"inLanguage":"it-IT","potentialAction":[{"@type":"ReadAction","target":["https:\/\/www.daisho.be\/it\/produit\/sacco-da-boxe-di-lusso-victory-sports\/"]}]},{"@type":"ImageObject","inLanguage":"it-IT","@id":"https:\/\/www.daisho.be\/it\/produit\/sacco-da-boxe-di-lusso-victory-sports\/#primaryimage","url":"https:\/\/www.daisho.be\/wp-content\/uploads\/2025\/04\/image-1.jpg","contentUrl":"https:\/\/www.daisho.be\/wp-content\/uploads\/2025\/04\/image-1.jpg","width":800,"height":800,"caption":"Sacco da boxe di lusso Victory Sports-1"},{"@type":"BreadcrumbList","@id":"https:\/\/www.daisho.be\/it\/produit\/sacco-da-boxe-di-lusso-victory-sports\/#breadcrumb","itemListElement":[{"@type":"ListItem","position":1,"name":"Accueil","item":"https:\/\/www.daisho.be\/it\/"},{"@type":"ListItem","position":2,"name":"Prodotti","item":"https:\/\/www.daisho.be\/it\/prodotti\/"},{"@type":"ListItem","position":3,"name":"Attrezzature e abbigliamento per arti marziali e sport da combattimento","item":"https:\/\/www.daisho.be\/it\/categorie-produit\/attrezzature-e-abbigliamento-per-arti-marziali-e-sport-da-combattimento\/"},{"@type":"ListItem","position":4,"name":"Kick Boxing","item":"https:\/\/www.daisho.be\/it\/categorie-produit\/attrezzature-e-abbigliamento-per-arti-marziali-e-sport-da-combattimento\/kick-boxing-it-2\/"},{"@type":"ListItem","position":5,"name":"Attrezzatura per l'allenamento di kickboxing","item":"https:\/\/www.daisho.be\/it\/categorie-produit\/attrezzature-e-abbigliamento-per-arti-marziali-e-sport-da-combattimento\/kick-boxing-it-2\/attrezzatura-per-lallenamento-di-kickboxing\/"},{"@type":"ListItem","position":6,"name":"Sacco da boxe di lusso Victory Sports"}]},{"@type":"WebSite","@id":"https:\/\/www.daisho.be\/it\/#website","url":"https:\/\/www.daisho.be\/it\/","name":"Daisho","description":"Sp&eacute;cialiste de l'&eacute;quipement sportif d'arts martiaux","publisher":{"@id":"https:\/\/www.daisho.be\/it\/#organization"},"potentialAction":[{"@type":"SearchAction","target":{"@type":"EntryPoint","urlTemplate":"https:\/\/www.daisho.be\/it\/?s={search_term_string}"},"query-input":{"@type":"PropertyValueSpecification","valueRequired":true,"valueName":"search_term_string"}}],"inLanguage":"it-IT"},{"@type":"Organization","@id":"https:\/\/www.daisho.be\/it\/#organization","name":"Daisho","url":"https:\/\/www.daisho.be\/it\/","logo":{"@type":"ImageObject","inLanguage":"it-IT","@id":"https:\/\/www.daisho.be\/it\/#\/schema\/logo\/image\/","url":"https:\/\/www.daisho.be\/wp-content\/uploads\/2019\/07\/color-nothing-horizontale4x-e1564486100247.png","contentUrl":"https:\/\/www.daisho.be\/wp-content\/uploads\/2019\/07\/color-nothing-horizontale4x-e1564486100247.png","width":1547,"height":385,"caption":"Daisho"},"image":{"@id":"https:\/\/www.daisho.be\/it\/#\/schema\/logo\/image\/"}}]}},"_links":{"self":[{"href":"https:\/\/www.daisho.be\/it\/wp-json\/wp\/v2\/product\/562229","targetHints":{"allow":["GET"]}}],"collection":[{"href":"https:\/\/www.daisho.be\/it\/wp-json\/wp\/v2\/product"}],"about":[{"href":"https:\/\/www.daisho.be\/it\/wp-json\/wp\/v2\/types\/product"}],"replies":[{"embeddable":true,"href":"https:\/\/www.daisho.be\/it\/wp-json\/wp\/v2\/comments?post=562229"}],"wp:featuredmedia":[{"embeddable":true,"href":"https:\/\/www.daisho.be\/it\/wp-json\/wp\/v2\/media\/511398"}],"wp:attachment":[{"href":"https:\/\/www.daisho.be\/it\/wp-json\/wp\/v2\/media?parent=562229"}],"wp:term":[{"taxonomy":"product_brand","embeddable":true,"href":"https:\/\/www.daisho.be\/it\/wp-json\/wp\/v2\/product_brand?post=562229"},{"taxonomy":"product_cat","embeddable":true,"href":"https:\/\/www.daisho.be\/it\/wp-json\/wp\/v2\/product_cat?post=562229"},{"taxonomy":"product_tag","embeddable":true,"href":"https:\/\/www.daisho.be\/it\/wp-json\/wp\/v2\/product_tag?post=562229"},{"taxonomy":"sport","embeddable":true,"href":"https:\/\/www.daisho.be\/it\/wp-json\/wp\/v2\/sport?post=562229"}],"curies":[{"name":"wp","href":"https:\/\/api.w.org\/{rel}","templated":true}]}}