{"id":561561,"date":"2025-05-22T11:25:15","date_gmt":"2025-05-22T09:25:15","guid":{"rendered":"https:\/\/www.daisho.be\/produit\/adidas-pantaloni-lunghi-300t-kickboxing-blurossobianco\/"},"modified":"2025-05-22T11:25:15","modified_gmt":"2025-05-22T09:25:15","slug":"adidas-pantaloni-lunghi-300t-kickboxing-blurossobianco","status":"publish","type":"product","link":"https:\/\/www.daisho.be\/it\/produit\/adidas-pantaloni-lunghi-300t-kickboxing-blurossobianco\/","title":{"rendered":"Adidas Pantaloni lunghi 300T Kickboxing blu|rosso|bianco"},"content":{"rendered":"<p>La nuova collezione adidas kickboxing, con il suo design moderno e i suoi nuovi tagli, porta una ventata di aria fresca nell&#8217;allenamento.<br \/>\nLa funzionalit\u00e0 e la qualit\u00e0 sono eccezionali e la vestibilit\u00e0 ampia offre al combattente una grande libert\u00e0 di movimento.<br \/>\nLa serie 300T \u00e8 stata progettata come pantalone da indossare per la kickboxing e il freestyle.<br \/>\nIl piacevole materiale in raso \u00e8 stato perfezionato con una stampa a sublimazione per una maggiore durata.<br \/>\nLe 3 strisce sulla parte esterna delle gambe danno a questi pantaloni il tocco sportivo di adidas.<br \/>\nIl marchio \u00e8 stato inserito anche sul davanti, al centro della cintura dei pantaloni.<br \/>\nIl materiale a rete \u00e8 integrato tra le gambe dei pantaloni per garantire uno scambio di umidit\u00e0 ottimale.<br \/>\nI pantaloni sono disponibili nelle taglie 160-190 cm (lunghezza del corpo).<\/p>\n<p>Caratteristiche :<\/p>\n<p>&#8211; Materiale: 100% poliestere satinato<br \/>\n&#8211; taglie disponibili: 160 cm &#8211; 190 cm<br \/>\n&#8211; pantaloni lunghi<br \/>\n&#8211; vestibilit\u00e0 ampia<\/p>\n","protected":false},"excerpt":{"rendered":"<p>La nuova collezione adidas kickboxing, con il suo design moderno e i suoi nuovi tagli, porta una ventata di aria fresca nell&#8217;allenamento. La funzionalit\u00e0 e la qualit\u00e0 sono eccezionali e la vestibilit\u00e0 ampia offre al combattente una grande libert\u00e0 di movimento. La serie 300T \u00e8 stata progettata come pantalone da indossare per la kickboxing e [&hellip;]<\/p>\n","protected":false},"featured_media":519752,"comment_status":"open","ping_status":"closed","template":"","meta":{"inline_featured_image":false},"product_brand":[],"product_cat":[2294,2166],"product_tag":[2176],"sport":[],"class_list":{"0":"post-561561","1":"product","2":"type-product","3":"status-publish","4":"has-post-thumbnail","6":"product_cat-abbigliamento-adidas-kickboxing","7":"product_cat-pantaloni-da-kickboxing","8":"product_tag-adidas-it","9":"pa_size-379","10":"pa_size-378","11":"pa_size-377","12":"pa_size-376","14":"first","15":"instock","16":"taxable","17":"shipping-taxable","18":"purchasable","19":"product-type-variable"},"yoast_head":"<!-- This site is optimized with the Yoast SEO plugin v27.2 - https:\/\/yoast.com\/product\/yoast-seo-wordpress\/ -->\n<title>Adidas Pantaloni lunghi 300T Kickboxing blu|rosso|bianco &#8211; Daisho<\/title>\n<meta name=\"description\" content=\"Scopri i pantaloni da kickboxing Adidas T300, che uniscono comfort e qualit\u00e0 per i tuoi allenamenti e le tue gare. Acquistali su www.daisho.be|Daisho\" \/>\n<meta name=\"robots\" content=\"index, follow, max-snippet:-1, max-image-preview:large, max-video-preview:-1\" \/>\n<link rel=\"canonical\" href=\"https:\/\/www.daisho.be\/it\/produit\/adidas-pantaloni-lunghi-300t-kickboxing-blurossobianco\/\" \/>\n<meta property=\"og:locale\" content=\"it_IT\" \/>\n<meta property=\"og:type\" content=\"article\" \/>\n<meta property=\"og:title\" content=\"Adidas Pantaloni lunghi 300T Kickboxing blu|rosso|bianco &#8211; Daisho\" \/>\n<meta property=\"og:description\" content=\"Scopri i pantaloni da kickboxing Adidas T300, che uniscono comfort e qualit\u00e0 per i tuoi allenamenti e le tue gare. Acquistali su www.daisho.be|Daisho\" \/>\n<meta property=\"og:url\" content=\"https:\/\/www.daisho.be\/it\/produit\/adidas-pantaloni-lunghi-300t-kickboxing-blurossobianco\/\" \/>\n<meta property=\"og:site_name\" content=\"Daisho\" \/>\n<meta property=\"og:image\" content=\"https:\/\/www.daisho.be\/wp-content\/uploads\/2025\/05\/image-9.webp\" \/>\n\t<meta property=\"og:image:width\" content=\"577\" \/>\n\t<meta property=\"og:image:height\" content=\"1200\" \/>\n\t<meta property=\"og:image:type\" content=\"image\/webp\" \/>\n<meta name=\"twitter:card\" content=\"summary_large_image\" \/>\n<meta name=\"twitter:label1\" content=\"Tempo di lettura stimato\" \/>\n\t<meta name=\"twitter:data1\" content=\"1 minuto\" \/>\n<script type=\"application\/ld+json\" class=\"yoast-schema-graph\">{\"@context\":\"https:\/\/schema.org\",\"@graph\":[{\"@type\":\"WebPage\",\"@id\":\"https:\/\/www.daisho.be\/it\/produit\/adidas-pantaloni-lunghi-300t-kickboxing-blurossobianco\/\",\"url\":\"https:\/\/www.daisho.be\/it\/produit\/adidas-pantaloni-lunghi-300t-kickboxing-blurossobianco\/\",\"name\":\"Adidas Pantaloni lunghi 300T Kickboxing blu|rosso|bianco &#8211; Daisho\",\"isPartOf\":{\"@id\":\"https:\/\/www.daisho.be\/it\/#website\"},\"primaryImageOfPage\":{\"@id\":\"https:\/\/www.daisho.be\/it\/produit\/adidas-pantaloni-lunghi-300t-kickboxing-blurossobianco\/#primaryimage\"},\"image\":{\"@id\":\"https:\/\/www.daisho.be\/it\/produit\/adidas-pantaloni-lunghi-300t-kickboxing-blurossobianco\/#primaryimage\"},\"thumbnailUrl\":\"https:\/\/www.daisho.be\/wp-content\/uploads\/2025\/05\/image-9.webp\",\"datePublished\":\"2025-05-22T09:25:15+00:00\",\"description\":\"Scopri i pantaloni da kickboxing Adidas T300, che uniscono comfort e qualit\u00e0 per i tuoi allenamenti e le tue gare. Acquistali su www.daisho.be|Daisho\",\"breadcrumb\":{\"@id\":\"https:\/\/www.daisho.be\/it\/produit\/adidas-pantaloni-lunghi-300t-kickboxing-blurossobianco\/#breadcrumb\"},\"inLanguage\":\"it-IT\",\"potentialAction\":[{\"@type\":\"ReadAction\",\"target\":[\"https:\/\/www.daisho.be\/it\/produit\/adidas-pantaloni-lunghi-300t-kickboxing-blurossobianco\/\"]}]},{\"@type\":\"ImageObject\",\"inLanguage\":\"it-IT\",\"@id\":\"https:\/\/www.daisho.be\/it\/produit\/adidas-pantaloni-lunghi-300t-kickboxing-blurossobianco\/#primaryimage\",\"url\":\"https:\/\/www.daisho.be\/wp-content\/uploads\/2025\/05\/image-9.webp\",\"contentUrl\":\"https:\/\/www.daisho.be\/wp-content\/uploads\/2025\/05\/image-9.webp\",\"width\":577,\"height\":1200,\"caption\":\"Adidas Pantaloni lunghi 300T Kickboxing blu|rosso|bianco-1\"},{\"@type\":\"BreadcrumbList\",\"@id\":\"https:\/\/www.daisho.be\/it\/produit\/adidas-pantaloni-lunghi-300t-kickboxing-blurossobianco\/#breadcrumb\",\"itemListElement\":[{\"@type\":\"ListItem\",\"position\":1,\"name\":\"Accueil\",\"item\":\"https:\/\/www.daisho.be\/it\/\"},{\"@type\":\"ListItem\",\"position\":2,\"name\":\"Prodotti\",\"item\":\"https:\/\/www.daisho.be\/it\/prodotti\/\"},{\"@type\":\"ListItem\",\"position\":3,\"name\":\"ADIDAS SPORT DA COMBATTIMENTO\",\"item\":\"https:\/\/www.daisho.be\/it\/categorie-produit\/adidas-sport-da-combattimento\/\"},{\"@type\":\"ListItem\",\"position\":4,\"name\":\"Kick-Boxing\",\"item\":\"https:\/\/www.daisho.be\/it\/categorie-produit\/adidas-sport-da-combattimento\/kick-boxing-it\/\"},{\"@type\":\"ListItem\",\"position\":5,\"name\":\"Abbigliamento Adidas Kickboxing\",\"item\":\"https:\/\/www.daisho.be\/it\/categorie-produit\/adidas-sport-da-combattimento\/kick-boxing-it\/abbigliamento-adidas-kickboxing\/\"},{\"@type\":\"ListItem\",\"position\":6,\"name\":\"Adidas Pantaloni lunghi 300T Kickboxing blu|rosso|bianco\"}]},{\"@type\":\"WebSite\",\"@id\":\"https:\/\/www.daisho.be\/it\/#website\",\"url\":\"https:\/\/www.daisho.be\/it\/\",\"name\":\"Daisho\",\"description\":\"Sp&eacute;cialiste de l'&eacute;quipement sportif d'arts martiaux\",\"publisher\":{\"@id\":\"https:\/\/www.daisho.be\/it\/#organization\"},\"potentialAction\":[{\"@type\":\"SearchAction\",\"target\":{\"@type\":\"EntryPoint\",\"urlTemplate\":\"https:\/\/www.daisho.be\/it\/?s={search_term_string}\"},\"query-input\":{\"@type\":\"PropertyValueSpecification\",\"valueRequired\":true,\"valueName\":\"search_term_string\"}}],\"inLanguage\":\"it-IT\"},{\"@type\":\"Organization\",\"@id\":\"https:\/\/www.daisho.be\/it\/#organization\",\"name\":\"Daisho\",\"url\":\"https:\/\/www.daisho.be\/it\/\",\"logo\":{\"@type\":\"ImageObject\",\"inLanguage\":\"it-IT\",\"@id\":\"https:\/\/www.daisho.be\/it\/#\/schema\/logo\/image\/\",\"url\":\"https:\/\/www.daisho.be\/wp-content\/uploads\/2019\/07\/color-nothing-horizontale4x-e1564486100247.png\",\"contentUrl\":\"https:\/\/www.daisho.be\/wp-content\/uploads\/2019\/07\/color-nothing-horizontale4x-e1564486100247.png\",\"width\":1547,\"height\":385,\"caption\":\"Daisho\"},\"image\":{\"@id\":\"https:\/\/www.daisho.be\/it\/#\/schema\/logo\/image\/\"}}]}<\/script>\n<!-- \/ Yoast SEO plugin. -->","yoast_head_json":{"title":"Adidas Pantaloni lunghi 300T Kickboxing blu|rosso|bianco &#8211; Daisho","description":"Scopri i pantaloni da kickboxing Adidas T300, che uniscono comfort e qualit\u00e0 per i tuoi allenamenti e le tue gare. Acquistali su www.daisho.be|Daisho","robots":{"index":"index","follow":"follow","max-snippet":"max-snippet:-1","max-image-preview":"max-image-preview:large","max-video-preview":"max-video-preview:-1"},"canonical":"https:\/\/www.daisho.be\/it\/produit\/adidas-pantaloni-lunghi-300t-kickboxing-blurossobianco\/","og_locale":"it_IT","og_type":"article","og_title":"Adidas Pantaloni lunghi 300T Kickboxing blu|rosso|bianco &#8211; Daisho","og_description":"Scopri i pantaloni da kickboxing Adidas T300, che uniscono comfort e qualit\u00e0 per i tuoi allenamenti e le tue gare. Acquistali su www.daisho.be|Daisho","og_url":"https:\/\/www.daisho.be\/it\/produit\/adidas-pantaloni-lunghi-300t-kickboxing-blurossobianco\/","og_site_name":"Daisho","og_image":[{"width":577,"height":1200,"url":"https:\/\/www.daisho.be\/wp-content\/uploads\/2025\/05\/image-9.webp","type":"image\/webp"}],"twitter_card":"summary_large_image","twitter_misc":{"Tempo di lettura stimato":"1 minuto"},"schema":{"@context":"https:\/\/schema.org","@graph":[{"@type":"WebPage","@id":"https:\/\/www.daisho.be\/it\/produit\/adidas-pantaloni-lunghi-300t-kickboxing-blurossobianco\/","url":"https:\/\/www.daisho.be\/it\/produit\/adidas-pantaloni-lunghi-300t-kickboxing-blurossobianco\/","name":"Adidas Pantaloni lunghi 300T Kickboxing blu|rosso|bianco &#8211; Daisho","isPartOf":{"@id":"https:\/\/www.daisho.be\/it\/#website"},"primaryImageOfPage":{"@id":"https:\/\/www.daisho.be\/it\/produit\/adidas-pantaloni-lunghi-300t-kickboxing-blurossobianco\/#primaryimage"},"image":{"@id":"https:\/\/www.daisho.be\/it\/produit\/adidas-pantaloni-lunghi-300t-kickboxing-blurossobianco\/#primaryimage"},"thumbnailUrl":"https:\/\/www.daisho.be\/wp-content\/uploads\/2025\/05\/image-9.webp","datePublished":"2025-05-22T09:25:15+00:00","description":"Scopri i pantaloni da kickboxing Adidas T300, che uniscono comfort e qualit\u00e0 per i tuoi allenamenti e le tue gare. Acquistali su www.daisho.be|Daisho","breadcrumb":{"@id":"https:\/\/www.daisho.be\/it\/produit\/adidas-pantaloni-lunghi-300t-kickboxing-blurossobianco\/#breadcrumb"},"inLanguage":"it-IT","potentialAction":[{"@type":"ReadAction","target":["https:\/\/www.daisho.be\/it\/produit\/adidas-pantaloni-lunghi-300t-kickboxing-blurossobianco\/"]}]},{"@type":"ImageObject","inLanguage":"it-IT","@id":"https:\/\/www.daisho.be\/it\/produit\/adidas-pantaloni-lunghi-300t-kickboxing-blurossobianco\/#primaryimage","url":"https:\/\/www.daisho.be\/wp-content\/uploads\/2025\/05\/image-9.webp","contentUrl":"https:\/\/www.daisho.be\/wp-content\/uploads\/2025\/05\/image-9.webp","width":577,"height":1200,"caption":"Adidas Pantaloni lunghi 300T Kickboxing blu|rosso|bianco-1"},{"@type":"BreadcrumbList","@id":"https:\/\/www.daisho.be\/it\/produit\/adidas-pantaloni-lunghi-300t-kickboxing-blurossobianco\/#breadcrumb","itemListElement":[{"@type":"ListItem","position":1,"name":"Accueil","item":"https:\/\/www.daisho.be\/it\/"},{"@type":"ListItem","position":2,"name":"Prodotti","item":"https:\/\/www.daisho.be\/it\/prodotti\/"},{"@type":"ListItem","position":3,"name":"ADIDAS SPORT DA COMBATTIMENTO","item":"https:\/\/www.daisho.be\/it\/categorie-produit\/adidas-sport-da-combattimento\/"},{"@type":"ListItem","position":4,"name":"Kick-Boxing","item":"https:\/\/www.daisho.be\/it\/categorie-produit\/adidas-sport-da-combattimento\/kick-boxing-it\/"},{"@type":"ListItem","position":5,"name":"Abbigliamento Adidas Kickboxing","item":"https:\/\/www.daisho.be\/it\/categorie-produit\/adidas-sport-da-combattimento\/kick-boxing-it\/abbigliamento-adidas-kickboxing\/"},{"@type":"ListItem","position":6,"name":"Adidas Pantaloni lunghi 300T Kickboxing blu|rosso|bianco"}]},{"@type":"WebSite","@id":"https:\/\/www.daisho.be\/it\/#website","url":"https:\/\/www.daisho.be\/it\/","name":"Daisho","description":"Sp&eacute;cialiste de l'&eacute;quipement sportif d'arts martiaux","publisher":{"@id":"https:\/\/www.daisho.be\/it\/#organization"},"potentialAction":[{"@type":"SearchAction","target":{"@type":"EntryPoint","urlTemplate":"https:\/\/www.daisho.be\/it\/?s={search_term_string}"},"query-input":{"@type":"PropertyValueSpecification","valueRequired":true,"valueName":"search_term_string"}}],"inLanguage":"it-IT"},{"@type":"Organization","@id":"https:\/\/www.daisho.be\/it\/#organization","name":"Daisho","url":"https:\/\/www.daisho.be\/it\/","logo":{"@type":"ImageObject","inLanguage":"it-IT","@id":"https:\/\/www.daisho.be\/it\/#\/schema\/logo\/image\/","url":"https:\/\/www.daisho.be\/wp-content\/uploads\/2019\/07\/color-nothing-horizontale4x-e1564486100247.png","contentUrl":"https:\/\/www.daisho.be\/wp-content\/uploads\/2019\/07\/color-nothing-horizontale4x-e1564486100247.png","width":1547,"height":385,"caption":"Daisho"},"image":{"@id":"https:\/\/www.daisho.be\/it\/#\/schema\/logo\/image\/"}}]}},"_links":{"self":[{"href":"https:\/\/www.daisho.be\/it\/wp-json\/wp\/v2\/product\/561561","targetHints":{"allow":["GET"]}}],"collection":[{"href":"https:\/\/www.daisho.be\/it\/wp-json\/wp\/v2\/product"}],"about":[{"href":"https:\/\/www.daisho.be\/it\/wp-json\/wp\/v2\/types\/product"}],"replies":[{"embeddable":true,"href":"https:\/\/www.daisho.be\/it\/wp-json\/wp\/v2\/comments?post=561561"}],"wp:featuredmedia":[{"embeddable":true,"href":"https:\/\/www.daisho.be\/it\/wp-json\/wp\/v2\/media\/519752"}],"wp:attachment":[{"href":"https:\/\/www.daisho.be\/it\/wp-json\/wp\/v2\/media?parent=561561"}],"wp:term":[{"taxonomy":"product_brand","embeddable":true,"href":"https:\/\/www.daisho.be\/it\/wp-json\/wp\/v2\/product_brand?post=561561"},{"taxonomy":"product_cat","embeddable":true,"href":"https:\/\/www.daisho.be\/it\/wp-json\/wp\/v2\/product_cat?post=561561"},{"taxonomy":"product_tag","embeddable":true,"href":"https:\/\/www.daisho.be\/it\/wp-json\/wp\/v2\/product_tag?post=561561"},{"taxonomy":"sport","embeddable":true,"href":"https:\/\/www.daisho.be\/it\/wp-json\/wp\/v2\/sport?post=561561"}],"curies":[{"name":"wp","href":"https:\/\/api.w.org\/{rel}","templated":true}]}}