{"id":561325,"date":"2025-06-01T23:25:16","date_gmt":"2025-06-01T21:25:16","guid":{"rendered":"https:\/\/www.daisho.be\/produit\/ensemble-karategi-tokaido-kata-master-duo-wkf\/"},"modified":"2026-03-04T14:53:43","modified_gmt":"2026-03-04T13:53:43","slug":"ensemble-karategi-tokaido-kata-master-duo-wkf","status":"publish","type":"product","link":"https:\/\/www.daisho.be\/it\/produit\/ensemble-karategi-tokaido-kata-master-duo-wkf\/","title":{"rendered":"ENSEMBLE KARATEGI TOKAIDO KATA MASTER DUO &#8211; WKF"},"content":{"rendered":"<p>Set di giubbotti da karate, TOKAIDO Kata Master Duo, WKF, 14 oz<br \/>\nQuesto karategi di alta qualit\u00e0 offre la massima versatilit\u00e0 e comodit\u00e0 per gli allenamenti e le gare. Questo karategi di alta gamma \u00e8 la scelta ideale per le gare di kata e i campionati.<br \/>\nIl tessuto, appositamente progettato per il kata, colpisce per la sua eccezionale qualit\u00e0 e sottolinea ogni movimento con un effetto &#8220;snap&#8221; molto chiaro.<\/p>\n<p>Include pantaloni e due giacche (con ricami rossi e blu), in modo da poterli cambiare rapidamente per adattarli alle esigenze della competizione.<\/p>\n<p>Specifiche tecniche:<br \/>\n&#8211; Colore: Bianco<br \/>\n&#8211; Adatto per: Kata<br \/>\n&#8211; Spessore: 14 oz.<br \/>\n&#8211; Taglio: Slim Fit<br \/>\n&#8211; Tessuto: 65% cotone, 35% poliestere<br \/>\n&#8211; Consigliato per: Professionisti<br \/>\n&#8211; Sport: Karate<br \/>\n&#8211; La consegna include 2 giacche + 1 paio di pantaloni<\/p>\n","protected":false},"excerpt":{"rendered":"<p>Set di giubbotti da karate, TOKAIDO Kata Master Duo, WKF, 14 oz Questo karategi di alta qualit\u00e0 offre la massima versatilit\u00e0 e comodit\u00e0 per gli allenamenti e le gare. Questo karategi di alta gamma \u00e8 la scelta ideale per le gare di kata e i campionati. Il tessuto, appositamente progettato per il kata, colpisce per [&hellip;]<\/p>\n","protected":false},"featured_media":521944,"comment_status":"open","ping_status":"closed","template":"","meta":{"inline_featured_image":false},"product_brand":[],"product_cat":[2119,2007],"product_tag":[2006],"sport":[],"class_list":{"0":"post-561325","1":"product","2":"type-product","3":"status-publish","4":"has-post-thumbnail","6":"product_cat-abiti-kimono","7":"product_cat-kimono-da-karate","8":"product_tag-tokaido-it","9":"pa_size-381","10":"pa_size-380","11":"pa_size-379","12":"pa_size-387","13":"pa_size-378","14":"pa_size-386","15":"pa_size-377","16":"pa_size-385","17":"pa_size-376","18":"pa_size-384","19":"pa_size-383","21":"first","22":"instock","23":"taxable","24":"shipping-taxable","25":"purchasable","26":"product-type-variable"},"yoast_head":"<!-- This site is optimized with the Yoast SEO plugin v27.2 - https:\/\/yoast.com\/product\/yoast-seo-wordpress\/ -->\n<title>ENSEMBLE KARATEGI TOKAIDO KATA MASTER DUO - WKF &#8211; Daisho<\/title>\n<meta name=\"description\" content=\"Un karategi di alta qualit\u00e0 che offre la massima versatilit\u00e0 e comodit\u00e0 per l&#039;allenamento e la competizione. Scoprilo su www.daisho.be | Daisho\" \/>\n<meta name=\"robots\" content=\"index, follow, max-snippet:-1, max-image-preview:large, max-video-preview:-1\" \/>\n<link rel=\"canonical\" href=\"https:\/\/www.daisho.be\/it\/produit\/ensemble-karategi-tokaido-kata-master-duo-wkf\/\" \/>\n<meta property=\"og:locale\" content=\"it_IT\" \/>\n<meta property=\"og:type\" content=\"article\" \/>\n<meta property=\"og:title\" content=\"ENSEMBLE KARATEGI TOKAIDO KATA MASTER DUO - WKF &#8211; Daisho\" \/>\n<meta property=\"og:description\" content=\"Un karategi di alta qualit\u00e0 che offre la massima versatilit\u00e0 e comodit\u00e0 per l&#039;allenamento e la competizione. Scoprilo su www.daisho.be | Daisho\" \/>\n<meta property=\"og:url\" content=\"https:\/\/www.daisho.be\/it\/produit\/ensemble-karategi-tokaido-kata-master-duo-wkf\/\" \/>\n<meta property=\"og:site_name\" content=\"Daisho\" \/>\n<meta property=\"article:modified_time\" content=\"2026-03-04T13:53:43+00:00\" \/>\n<meta property=\"og:image\" content=\"https:\/\/www.daisho.be\/wp-content\/uploads\/2025\/06\/image.jpg\" \/>\n\t<meta property=\"og:image:width\" content=\"800\" \/>\n\t<meta property=\"og:image:height\" content=\"1280\" \/>\n\t<meta property=\"og:image:type\" content=\"image\/jpeg\" \/>\n<meta name=\"twitter:card\" content=\"summary_large_image\" \/>\n<meta name=\"twitter:label1\" content=\"Tempo di lettura stimato\" \/>\n\t<meta name=\"twitter:data1\" content=\"1 minuto\" \/>\n<script type=\"application\/ld+json\" class=\"yoast-schema-graph\">{\"@context\":\"https:\/\/schema.org\",\"@graph\":[{\"@type\":\"WebPage\",\"@id\":\"https:\/\/www.daisho.be\/it\/produit\/ensemble-karategi-tokaido-kata-master-duo-wkf\/\",\"url\":\"https:\/\/www.daisho.be\/it\/produit\/ensemble-karategi-tokaido-kata-master-duo-wkf\/\",\"name\":\"ENSEMBLE KARATEGI TOKAIDO KATA MASTER DUO - WKF &#8211; Daisho\",\"isPartOf\":{\"@id\":\"https:\/\/www.daisho.be\/it\/#website\"},\"primaryImageOfPage\":{\"@id\":\"https:\/\/www.daisho.be\/it\/produit\/ensemble-karategi-tokaido-kata-master-duo-wkf\/#primaryimage\"},\"image\":{\"@id\":\"https:\/\/www.daisho.be\/it\/produit\/ensemble-karategi-tokaido-kata-master-duo-wkf\/#primaryimage\"},\"thumbnailUrl\":\"https:\/\/www.daisho.be\/wp-content\/uploads\/2025\/06\/image.jpg\",\"datePublished\":\"2025-06-01T21:25:16+00:00\",\"dateModified\":\"2026-03-04T13:53:43+00:00\",\"description\":\"Un karategi di alta qualit\u00e0 che offre la massima versatilit\u00e0 e comodit\u00e0 per l'allenamento e la competizione. Scoprilo su www.daisho.be | Daisho\",\"breadcrumb\":{\"@id\":\"https:\/\/www.daisho.be\/it\/produit\/ensemble-karategi-tokaido-kata-master-duo-wkf\/#breadcrumb\"},\"inLanguage\":\"it-IT\",\"potentialAction\":[{\"@type\":\"ReadAction\",\"target\":[\"https:\/\/www.daisho.be\/it\/produit\/ensemble-karategi-tokaido-kata-master-duo-wkf\/\"]}]},{\"@type\":\"ImageObject\",\"inLanguage\":\"it-IT\",\"@id\":\"https:\/\/www.daisho.be\/it\/produit\/ensemble-karategi-tokaido-kata-master-duo-wkf\/#primaryimage\",\"url\":\"https:\/\/www.daisho.be\/wp-content\/uploads\/2025\/06\/image.jpg\",\"contentUrl\":\"https:\/\/www.daisho.be\/wp-content\/uploads\/2025\/06\/image.jpg\",\"width\":800,\"height\":1280,\"caption\":\"ENSEMBLE KARATEGI TOKAIDO KATA MASTER DUO - WKF-1\"},{\"@type\":\"BreadcrumbList\",\"@id\":\"https:\/\/www.daisho.be\/it\/produit\/ensemble-karategi-tokaido-kata-master-duo-wkf\/#breadcrumb\",\"itemListElement\":[{\"@type\":\"ListItem\",\"position\":1,\"name\":\"Accueil\",\"item\":\"https:\/\/www.daisho.be\/it\/\"},{\"@type\":\"ListItem\",\"position\":2,\"name\":\"Prodotti\",\"item\":\"https:\/\/www.daisho.be\/it\/prodotti\/\"},{\"@type\":\"ListItem\",\"position\":3,\"name\":\"Attrezzature e abbigliamento per arti marziali e sport da combattimento\",\"item\":\"https:\/\/www.daisho.be\/it\/categorie-produit\/attrezzature-e-abbigliamento-per-arti-marziali-e-sport-da-combattimento\/\"},{\"@type\":\"ListItem\",\"position\":4,\"name\":\"Karate\",\"item\":\"https:\/\/www.daisho.be\/it\/categorie-produit\/attrezzature-e-abbigliamento-per-arti-marziali-e-sport-da-combattimento\/karate-it-2\/\"},{\"@type\":\"ListItem\",\"position\":5,\"name\":\"Kimono da karate\",\"item\":\"https:\/\/www.daisho.be\/it\/categorie-produit\/attrezzature-e-abbigliamento-per-arti-marziali-e-sport-da-combattimento\/karate-it-2\/kimono-da-karate\/\"},{\"@type\":\"ListItem\",\"position\":6,\"name\":\"ENSEMBLE KARATEGI TOKAIDO KATA MASTER DUO &#8211; WKF\"}]},{\"@type\":\"WebSite\",\"@id\":\"https:\/\/www.daisho.be\/it\/#website\",\"url\":\"https:\/\/www.daisho.be\/it\/\",\"name\":\"Daisho\",\"description\":\"Sp&eacute;cialiste de l'&eacute;quipement sportif d'arts martiaux\",\"publisher\":{\"@id\":\"https:\/\/www.daisho.be\/it\/#organization\"},\"potentialAction\":[{\"@type\":\"SearchAction\",\"target\":{\"@type\":\"EntryPoint\",\"urlTemplate\":\"https:\/\/www.daisho.be\/it\/?s={search_term_string}\"},\"query-input\":{\"@type\":\"PropertyValueSpecification\",\"valueRequired\":true,\"valueName\":\"search_term_string\"}}],\"inLanguage\":\"it-IT\"},{\"@type\":\"Organization\",\"@id\":\"https:\/\/www.daisho.be\/it\/#organization\",\"name\":\"Daisho\",\"url\":\"https:\/\/www.daisho.be\/it\/\",\"logo\":{\"@type\":\"ImageObject\",\"inLanguage\":\"it-IT\",\"@id\":\"https:\/\/www.daisho.be\/it\/#\/schema\/logo\/image\/\",\"url\":\"https:\/\/www.daisho.be\/wp-content\/uploads\/2019\/07\/color-nothing-horizontale4x-e1564486100247.png\",\"contentUrl\":\"https:\/\/www.daisho.be\/wp-content\/uploads\/2019\/07\/color-nothing-horizontale4x-e1564486100247.png\",\"width\":1547,\"height\":385,\"caption\":\"Daisho\"},\"image\":{\"@id\":\"https:\/\/www.daisho.be\/it\/#\/schema\/logo\/image\/\"}}]}<\/script>\n<!-- \/ Yoast SEO plugin. -->","yoast_head_json":{"title":"ENSEMBLE KARATEGI TOKAIDO KATA MASTER DUO - WKF &#8211; Daisho","description":"Un karategi di alta qualit\u00e0 che offre la massima versatilit\u00e0 e comodit\u00e0 per l'allenamento e la competizione. Scoprilo su www.daisho.be | Daisho","robots":{"index":"index","follow":"follow","max-snippet":"max-snippet:-1","max-image-preview":"max-image-preview:large","max-video-preview":"max-video-preview:-1"},"canonical":"https:\/\/www.daisho.be\/it\/produit\/ensemble-karategi-tokaido-kata-master-duo-wkf\/","og_locale":"it_IT","og_type":"article","og_title":"ENSEMBLE KARATEGI TOKAIDO KATA MASTER DUO - WKF &#8211; Daisho","og_description":"Un karategi di alta qualit\u00e0 che offre la massima versatilit\u00e0 e comodit\u00e0 per l'allenamento e la competizione. Scoprilo su www.daisho.be | Daisho","og_url":"https:\/\/www.daisho.be\/it\/produit\/ensemble-karategi-tokaido-kata-master-duo-wkf\/","og_site_name":"Daisho","article_modified_time":"2026-03-04T13:53:43+00:00","og_image":[{"width":800,"height":1280,"url":"https:\/\/www.daisho.be\/wp-content\/uploads\/2025\/06\/image.jpg","type":"image\/jpeg"}],"twitter_card":"summary_large_image","twitter_misc":{"Tempo di lettura stimato":"1 minuto"},"schema":{"@context":"https:\/\/schema.org","@graph":[{"@type":"WebPage","@id":"https:\/\/www.daisho.be\/it\/produit\/ensemble-karategi-tokaido-kata-master-duo-wkf\/","url":"https:\/\/www.daisho.be\/it\/produit\/ensemble-karategi-tokaido-kata-master-duo-wkf\/","name":"ENSEMBLE KARATEGI TOKAIDO KATA MASTER DUO - WKF &#8211; Daisho","isPartOf":{"@id":"https:\/\/www.daisho.be\/it\/#website"},"primaryImageOfPage":{"@id":"https:\/\/www.daisho.be\/it\/produit\/ensemble-karategi-tokaido-kata-master-duo-wkf\/#primaryimage"},"image":{"@id":"https:\/\/www.daisho.be\/it\/produit\/ensemble-karategi-tokaido-kata-master-duo-wkf\/#primaryimage"},"thumbnailUrl":"https:\/\/www.daisho.be\/wp-content\/uploads\/2025\/06\/image.jpg","datePublished":"2025-06-01T21:25:16+00:00","dateModified":"2026-03-04T13:53:43+00:00","description":"Un karategi di alta qualit\u00e0 che offre la massima versatilit\u00e0 e comodit\u00e0 per l'allenamento e la competizione. Scoprilo su www.daisho.be | Daisho","breadcrumb":{"@id":"https:\/\/www.daisho.be\/it\/produit\/ensemble-karategi-tokaido-kata-master-duo-wkf\/#breadcrumb"},"inLanguage":"it-IT","potentialAction":[{"@type":"ReadAction","target":["https:\/\/www.daisho.be\/it\/produit\/ensemble-karategi-tokaido-kata-master-duo-wkf\/"]}]},{"@type":"ImageObject","inLanguage":"it-IT","@id":"https:\/\/www.daisho.be\/it\/produit\/ensemble-karategi-tokaido-kata-master-duo-wkf\/#primaryimage","url":"https:\/\/www.daisho.be\/wp-content\/uploads\/2025\/06\/image.jpg","contentUrl":"https:\/\/www.daisho.be\/wp-content\/uploads\/2025\/06\/image.jpg","width":800,"height":1280,"caption":"ENSEMBLE KARATEGI TOKAIDO KATA MASTER DUO - WKF-1"},{"@type":"BreadcrumbList","@id":"https:\/\/www.daisho.be\/it\/produit\/ensemble-karategi-tokaido-kata-master-duo-wkf\/#breadcrumb","itemListElement":[{"@type":"ListItem","position":1,"name":"Accueil","item":"https:\/\/www.daisho.be\/it\/"},{"@type":"ListItem","position":2,"name":"Prodotti","item":"https:\/\/www.daisho.be\/it\/prodotti\/"},{"@type":"ListItem","position":3,"name":"Attrezzature e abbigliamento per arti marziali e sport da combattimento","item":"https:\/\/www.daisho.be\/it\/categorie-produit\/attrezzature-e-abbigliamento-per-arti-marziali-e-sport-da-combattimento\/"},{"@type":"ListItem","position":4,"name":"Karate","item":"https:\/\/www.daisho.be\/it\/categorie-produit\/attrezzature-e-abbigliamento-per-arti-marziali-e-sport-da-combattimento\/karate-it-2\/"},{"@type":"ListItem","position":5,"name":"Kimono da karate","item":"https:\/\/www.daisho.be\/it\/categorie-produit\/attrezzature-e-abbigliamento-per-arti-marziali-e-sport-da-combattimento\/karate-it-2\/kimono-da-karate\/"},{"@type":"ListItem","position":6,"name":"ENSEMBLE KARATEGI TOKAIDO KATA MASTER DUO &#8211; WKF"}]},{"@type":"WebSite","@id":"https:\/\/www.daisho.be\/it\/#website","url":"https:\/\/www.daisho.be\/it\/","name":"Daisho","description":"Sp&eacute;cialiste de l'&eacute;quipement sportif d'arts martiaux","publisher":{"@id":"https:\/\/www.daisho.be\/it\/#organization"},"potentialAction":[{"@type":"SearchAction","target":{"@type":"EntryPoint","urlTemplate":"https:\/\/www.daisho.be\/it\/?s={search_term_string}"},"query-input":{"@type":"PropertyValueSpecification","valueRequired":true,"valueName":"search_term_string"}}],"inLanguage":"it-IT"},{"@type":"Organization","@id":"https:\/\/www.daisho.be\/it\/#organization","name":"Daisho","url":"https:\/\/www.daisho.be\/it\/","logo":{"@type":"ImageObject","inLanguage":"it-IT","@id":"https:\/\/www.daisho.be\/it\/#\/schema\/logo\/image\/","url":"https:\/\/www.daisho.be\/wp-content\/uploads\/2019\/07\/color-nothing-horizontale4x-e1564486100247.png","contentUrl":"https:\/\/www.daisho.be\/wp-content\/uploads\/2019\/07\/color-nothing-horizontale4x-e1564486100247.png","width":1547,"height":385,"caption":"Daisho"},"image":{"@id":"https:\/\/www.daisho.be\/it\/#\/schema\/logo\/image\/"}}]}},"_links":{"self":[{"href":"https:\/\/www.daisho.be\/it\/wp-json\/wp\/v2\/product\/561325","targetHints":{"allow":["GET"]}}],"collection":[{"href":"https:\/\/www.daisho.be\/it\/wp-json\/wp\/v2\/product"}],"about":[{"href":"https:\/\/www.daisho.be\/it\/wp-json\/wp\/v2\/types\/product"}],"replies":[{"embeddable":true,"href":"https:\/\/www.daisho.be\/it\/wp-json\/wp\/v2\/comments?post=561325"}],"wp:featuredmedia":[{"embeddable":true,"href":"https:\/\/www.daisho.be\/it\/wp-json\/wp\/v2\/media\/521944"}],"wp:attachment":[{"href":"https:\/\/www.daisho.be\/it\/wp-json\/wp\/v2\/media?parent=561325"}],"wp:term":[{"taxonomy":"product_brand","embeddable":true,"href":"https:\/\/www.daisho.be\/it\/wp-json\/wp\/v2\/product_brand?post=561325"},{"taxonomy":"product_cat","embeddable":true,"href":"https:\/\/www.daisho.be\/it\/wp-json\/wp\/v2\/product_cat?post=561325"},{"taxonomy":"product_tag","embeddable":true,"href":"https:\/\/www.daisho.be\/it\/wp-json\/wp\/v2\/product_tag?post=561325"},{"taxonomy":"sport","embeddable":true,"href":"https:\/\/www.daisho.be\/it\/wp-json\/wp\/v2\/sport?post=561325"}],"curies":[{"name":"wp","href":"https:\/\/api.w.org\/{rel}","templated":true}]}}