{"id":500338,"date":"2025-03-01T11:19:05","date_gmt":"2025-03-01T10:19:05","guid":{"rendered":"https:\/\/www.daisho.be\/produit\/striscia-di-coltello-con-pennarello-a-gesso\/"},"modified":"2026-02-09T16:39:12","modified_gmt":"2026-02-09T15:39:12","slug":"striscia-di-coltello-con-pennarello-a-gesso","status":"publish","type":"product","link":"https:\/\/www.daisho.be\/it\/produit\/striscia-di-coltello-con-pennarello-a-gesso\/","title":{"rendered":"STRISCIA DI COLTELLO CON PENNARELLO A GESSO"},"content":{"rendered":"<p>Striscia di marcatura per coltello a gesso<\/p>\n<p>Striscia di ricambio progettata per i coltelli a gesso.<\/p>\n<p>Prolunga l&#8217;uso del tuo coltello da allenamento in plastica assicurandoti sempre la migliore marcatura possibile durante gli esercizi. Grazie al suo adesivo ad alte prestazioni, offre un&#8217;ottima presa anche durante gli scambi pi\u00f9 intensi. <\/p>\n<p>L&#8217;intensit\u00e0 dei combattimenti e delle sessioni di allenamento non compromette pi\u00f9 la qualit\u00e0 della tua marcatura.<\/p>\n<p>Caratteristiche :<\/p>\n<p>&#8211; Nastro di ricambio per marcare la lama del coltello<br \/>\n&#8211; Adesivo ad alta resistenza<br \/>\n&#8211; Venduto singolarmente<\/p>\n<p>Ideale per mantenere le prestazioni e la longevit\u00e0 della tua attrezzatura per l&#8217;allenamento.<\/p>\n","protected":false},"excerpt":{"rendered":"<p>Striscia di marcatura per coltello a gesso Striscia di ricambio progettata per i coltelli a gesso. Prolunga l&#8217;uso del tuo coltello da allenamento in plastica assicurandoti sempre la migliore marcatura possibile durante gli esercizi. Grazie al suo adesivo ad alte prestazioni, offre un&#8217;ottima presa anche durante gli scambi pi\u00f9 intensi. L&#8217;intensit\u00e0 dei combattimenti e delle [&hellip;]<\/p>\n","protected":false},"featured_media":500316,"comment_status":"open","ping_status":"closed","template":"","meta":{"inline_featured_image":false},"product_brand":[],"product_cat":[2111,2114],"product_tag":[2496],"sport":[],"class_list":{"0":"post-500338","1":"product","2":"type-product","3":"status-publish","4":"has-post-thumbnail","6":"product_cat-armi","7":"product_cat-armi-da-krav-maga","8":"product_tag-sharkee-it","9":"pa_size-sans-taille-defaut","11":"first","12":"instock","13":"taxable","14":"shipping-taxable","15":"purchasable","16":"product-type-variable"},"yoast_head":"<!-- This site is optimized with the Yoast SEO plugin v27.2 - https:\/\/yoast.com\/product\/yoast-seo-wordpress\/ -->\n<title>STRISCIA DI COLTELLO CON PENNARELLO A GESSO &#8211; Daisho<\/title>\n<meta name=\"robots\" content=\"index, follow, max-snippet:-1, max-image-preview:large, max-video-preview:-1\" \/>\n<link rel=\"canonical\" href=\"https:\/\/www.daisho.be\/it\/produit\/striscia-di-coltello-con-pennarello-a-gesso\/\" \/>\n<meta property=\"og:locale\" content=\"it_IT\" \/>\n<meta property=\"og:type\" content=\"article\" \/>\n<meta property=\"og:title\" content=\"STRISCIA DI COLTELLO CON PENNARELLO A GESSO &#8211; Daisho\" \/>\n<meta property=\"og:description\" content=\"Striscia di marcatura per coltello a gesso Striscia di ricambio progettata per i coltelli a gesso. Prolunga l&#8217;uso del tuo coltello da allenamento in plastica assicurandoti sempre la migliore marcatura possibile durante gli esercizi. Grazie al suo adesivo ad alte prestazioni, offre un&#8217;ottima presa anche durante gli scambi pi\u00f9 intensi. L&#8217;intensit\u00e0 dei combattimenti e delle [&hellip;]\" \/>\n<meta property=\"og:url\" content=\"https:\/\/www.daisho.be\/it\/produit\/striscia-di-coltello-con-pennarello-a-gesso\/\" \/>\n<meta property=\"og:site_name\" content=\"Daisho\" \/>\n<meta property=\"article:modified_time\" content=\"2026-02-09T15:39:12+00:00\" \/>\n<meta property=\"og:image\" content=\"https:\/\/www.daisho.be\/wp-content\/uploads\/2025\/03\/image.webp\" \/>\n\t<meta property=\"og:image:width\" content=\"1000\" \/>\n\t<meta property=\"og:image:height\" content=\"764\" \/>\n\t<meta property=\"og:image:type\" content=\"image\/webp\" \/>\n<meta name=\"twitter:card\" content=\"summary_large_image\" \/>\n<script type=\"application\/ld+json\" class=\"yoast-schema-graph\">{\"@context\":\"https:\/\/schema.org\",\"@graph\":[{\"@type\":\"WebPage\",\"@id\":\"https:\/\/www.daisho.be\/it\/produit\/striscia-di-coltello-con-pennarello-a-gesso\/\",\"url\":\"https:\/\/www.daisho.be\/it\/produit\/striscia-di-coltello-con-pennarello-a-gesso\/\",\"name\":\"STRISCIA DI COLTELLO CON PENNARELLO A GESSO &#8211; Daisho\",\"isPartOf\":{\"@id\":\"https:\/\/www.daisho.be\/it\/#website\"},\"primaryImageOfPage\":{\"@id\":\"https:\/\/www.daisho.be\/it\/produit\/striscia-di-coltello-con-pennarello-a-gesso\/#primaryimage\"},\"image\":{\"@id\":\"https:\/\/www.daisho.be\/it\/produit\/striscia-di-coltello-con-pennarello-a-gesso\/#primaryimage\"},\"thumbnailUrl\":\"https:\/\/www.daisho.be\/wp-content\/uploads\/2025\/03\/image.webp\",\"datePublished\":\"2025-03-01T10:19:05+00:00\",\"dateModified\":\"2026-02-09T15:39:12+00:00\",\"breadcrumb\":{\"@id\":\"https:\/\/www.daisho.be\/it\/produit\/striscia-di-coltello-con-pennarello-a-gesso\/#breadcrumb\"},\"inLanguage\":\"it-IT\",\"potentialAction\":[{\"@type\":\"ReadAction\",\"target\":[\"https:\/\/www.daisho.be\/it\/produit\/striscia-di-coltello-con-pennarello-a-gesso\/\"]}]},{\"@type\":\"ImageObject\",\"inLanguage\":\"it-IT\",\"@id\":\"https:\/\/www.daisho.be\/it\/produit\/striscia-di-coltello-con-pennarello-a-gesso\/#primaryimage\",\"url\":\"https:\/\/www.daisho.be\/wp-content\/uploads\/2025\/03\/image.webp\",\"contentUrl\":\"https:\/\/www.daisho.be\/wp-content\/uploads\/2025\/03\/image.webp\",\"width\":1000,\"height\":764,\"caption\":\"STRISCIA DI COLTELLO CON PENNARELLO A GESSO-1\"},{\"@type\":\"BreadcrumbList\",\"@id\":\"https:\/\/www.daisho.be\/it\/produit\/striscia-di-coltello-con-pennarello-a-gesso\/#breadcrumb\",\"itemListElement\":[{\"@type\":\"ListItem\",\"position\":1,\"name\":\"Accueil\",\"item\":\"https:\/\/www.daisho.be\/it\/\"},{\"@type\":\"ListItem\",\"position\":2,\"name\":\"Prodotti\",\"item\":\"https:\/\/www.daisho.be\/it\/prodotti\/\"},{\"@type\":\"ListItem\",\"position\":3,\"name\":\"Attrezzature e abbigliamento per arti marziali e sport da combattimento\",\"item\":\"https:\/\/www.daisho.be\/it\/categorie-produit\/attrezzature-e-abbigliamento-per-arti-marziali-e-sport-da-combattimento\/\"},{\"@type\":\"ListItem\",\"position\":4,\"name\":\"Krav Maga\",\"item\":\"https:\/\/www.daisho.be\/it\/categorie-produit\/attrezzature-e-abbigliamento-per-arti-marziali-e-sport-da-combattimento\/krav-maga-it\/\"},{\"@type\":\"ListItem\",\"position\":5,\"name\":\"Armi da Krav Maga\",\"item\":\"https:\/\/www.daisho.be\/it\/categorie-produit\/attrezzature-e-abbigliamento-per-arti-marziali-e-sport-da-combattimento\/krav-maga-it\/armi-da-krav-maga\/\"},{\"@type\":\"ListItem\",\"position\":6,\"name\":\"STRISCIA DI COLTELLO CON PENNARELLO A GESSO\"}]},{\"@type\":\"WebSite\",\"@id\":\"https:\/\/www.daisho.be\/it\/#website\",\"url\":\"https:\/\/www.daisho.be\/it\/\",\"name\":\"Daisho\",\"description\":\"Sp&eacute;cialiste de l'&eacute;quipement sportif d'arts martiaux\",\"publisher\":{\"@id\":\"https:\/\/www.daisho.be\/it\/#organization\"},\"potentialAction\":[{\"@type\":\"SearchAction\",\"target\":{\"@type\":\"EntryPoint\",\"urlTemplate\":\"https:\/\/www.daisho.be\/it\/?s={search_term_string}\"},\"query-input\":{\"@type\":\"PropertyValueSpecification\",\"valueRequired\":true,\"valueName\":\"search_term_string\"}}],\"inLanguage\":\"it-IT\"},{\"@type\":\"Organization\",\"@id\":\"https:\/\/www.daisho.be\/it\/#organization\",\"name\":\"Daisho\",\"url\":\"https:\/\/www.daisho.be\/it\/\",\"logo\":{\"@type\":\"ImageObject\",\"inLanguage\":\"it-IT\",\"@id\":\"https:\/\/www.daisho.be\/it\/#\/schema\/logo\/image\/\",\"url\":\"https:\/\/www.daisho.be\/wp-content\/uploads\/2019\/07\/color-nothing-horizontale4x-e1564486100247.png\",\"contentUrl\":\"https:\/\/www.daisho.be\/wp-content\/uploads\/2019\/07\/color-nothing-horizontale4x-e1564486100247.png\",\"width\":1547,\"height\":385,\"caption\":\"Daisho\"},\"image\":{\"@id\":\"https:\/\/www.daisho.be\/it\/#\/schema\/logo\/image\/\"}}]}<\/script>\n<!-- \/ Yoast SEO plugin. -->","yoast_head_json":{"title":"STRISCIA DI COLTELLO CON PENNARELLO A GESSO &#8211; Daisho","robots":{"index":"index","follow":"follow","max-snippet":"max-snippet:-1","max-image-preview":"max-image-preview:large","max-video-preview":"max-video-preview:-1"},"canonical":"https:\/\/www.daisho.be\/it\/produit\/striscia-di-coltello-con-pennarello-a-gesso\/","og_locale":"it_IT","og_type":"article","og_title":"STRISCIA DI COLTELLO CON PENNARELLO A GESSO &#8211; Daisho","og_description":"Striscia di marcatura per coltello a gesso Striscia di ricambio progettata per i coltelli a gesso. Prolunga l&#8217;uso del tuo coltello da allenamento in plastica assicurandoti sempre la migliore marcatura possibile durante gli esercizi. Grazie al suo adesivo ad alte prestazioni, offre un&#8217;ottima presa anche durante gli scambi pi\u00f9 intensi. L&#8217;intensit\u00e0 dei combattimenti e delle [&hellip;]","og_url":"https:\/\/www.daisho.be\/it\/produit\/striscia-di-coltello-con-pennarello-a-gesso\/","og_site_name":"Daisho","article_modified_time":"2026-02-09T15:39:12+00:00","og_image":[{"width":1000,"height":764,"url":"https:\/\/www.daisho.be\/wp-content\/uploads\/2025\/03\/image.webp","type":"image\/webp"}],"twitter_card":"summary_large_image","schema":{"@context":"https:\/\/schema.org","@graph":[{"@type":"WebPage","@id":"https:\/\/www.daisho.be\/it\/produit\/striscia-di-coltello-con-pennarello-a-gesso\/","url":"https:\/\/www.daisho.be\/it\/produit\/striscia-di-coltello-con-pennarello-a-gesso\/","name":"STRISCIA DI COLTELLO CON PENNARELLO A GESSO &#8211; Daisho","isPartOf":{"@id":"https:\/\/www.daisho.be\/it\/#website"},"primaryImageOfPage":{"@id":"https:\/\/www.daisho.be\/it\/produit\/striscia-di-coltello-con-pennarello-a-gesso\/#primaryimage"},"image":{"@id":"https:\/\/www.daisho.be\/it\/produit\/striscia-di-coltello-con-pennarello-a-gesso\/#primaryimage"},"thumbnailUrl":"https:\/\/www.daisho.be\/wp-content\/uploads\/2025\/03\/image.webp","datePublished":"2025-03-01T10:19:05+00:00","dateModified":"2026-02-09T15:39:12+00:00","breadcrumb":{"@id":"https:\/\/www.daisho.be\/it\/produit\/striscia-di-coltello-con-pennarello-a-gesso\/#breadcrumb"},"inLanguage":"it-IT","potentialAction":[{"@type":"ReadAction","target":["https:\/\/www.daisho.be\/it\/produit\/striscia-di-coltello-con-pennarello-a-gesso\/"]}]},{"@type":"ImageObject","inLanguage":"it-IT","@id":"https:\/\/www.daisho.be\/it\/produit\/striscia-di-coltello-con-pennarello-a-gesso\/#primaryimage","url":"https:\/\/www.daisho.be\/wp-content\/uploads\/2025\/03\/image.webp","contentUrl":"https:\/\/www.daisho.be\/wp-content\/uploads\/2025\/03\/image.webp","width":1000,"height":764,"caption":"STRISCIA DI COLTELLO CON PENNARELLO A GESSO-1"},{"@type":"BreadcrumbList","@id":"https:\/\/www.daisho.be\/it\/produit\/striscia-di-coltello-con-pennarello-a-gesso\/#breadcrumb","itemListElement":[{"@type":"ListItem","position":1,"name":"Accueil","item":"https:\/\/www.daisho.be\/it\/"},{"@type":"ListItem","position":2,"name":"Prodotti","item":"https:\/\/www.daisho.be\/it\/prodotti\/"},{"@type":"ListItem","position":3,"name":"Attrezzature e abbigliamento per arti marziali e sport da combattimento","item":"https:\/\/www.daisho.be\/it\/categorie-produit\/attrezzature-e-abbigliamento-per-arti-marziali-e-sport-da-combattimento\/"},{"@type":"ListItem","position":4,"name":"Krav Maga","item":"https:\/\/www.daisho.be\/it\/categorie-produit\/attrezzature-e-abbigliamento-per-arti-marziali-e-sport-da-combattimento\/krav-maga-it\/"},{"@type":"ListItem","position":5,"name":"Armi da Krav Maga","item":"https:\/\/www.daisho.be\/it\/categorie-produit\/attrezzature-e-abbigliamento-per-arti-marziali-e-sport-da-combattimento\/krav-maga-it\/armi-da-krav-maga\/"},{"@type":"ListItem","position":6,"name":"STRISCIA DI COLTELLO CON PENNARELLO A GESSO"}]},{"@type":"WebSite","@id":"https:\/\/www.daisho.be\/it\/#website","url":"https:\/\/www.daisho.be\/it\/","name":"Daisho","description":"Sp&eacute;cialiste de l'&eacute;quipement sportif d'arts martiaux","publisher":{"@id":"https:\/\/www.daisho.be\/it\/#organization"},"potentialAction":[{"@type":"SearchAction","target":{"@type":"EntryPoint","urlTemplate":"https:\/\/www.daisho.be\/it\/?s={search_term_string}"},"query-input":{"@type":"PropertyValueSpecification","valueRequired":true,"valueName":"search_term_string"}}],"inLanguage":"it-IT"},{"@type":"Organization","@id":"https:\/\/www.daisho.be\/it\/#organization","name":"Daisho","url":"https:\/\/www.daisho.be\/it\/","logo":{"@type":"ImageObject","inLanguage":"it-IT","@id":"https:\/\/www.daisho.be\/it\/#\/schema\/logo\/image\/","url":"https:\/\/www.daisho.be\/wp-content\/uploads\/2019\/07\/color-nothing-horizontale4x-e1564486100247.png","contentUrl":"https:\/\/www.daisho.be\/wp-content\/uploads\/2019\/07\/color-nothing-horizontale4x-e1564486100247.png","width":1547,"height":385,"caption":"Daisho"},"image":{"@id":"https:\/\/www.daisho.be\/it\/#\/schema\/logo\/image\/"}}]}},"_links":{"self":[{"href":"https:\/\/www.daisho.be\/it\/wp-json\/wp\/v2\/product\/500338","targetHints":{"allow":["GET"]}}],"collection":[{"href":"https:\/\/www.daisho.be\/it\/wp-json\/wp\/v2\/product"}],"about":[{"href":"https:\/\/www.daisho.be\/it\/wp-json\/wp\/v2\/types\/product"}],"replies":[{"embeddable":true,"href":"https:\/\/www.daisho.be\/it\/wp-json\/wp\/v2\/comments?post=500338"}],"wp:featuredmedia":[{"embeddable":true,"href":"https:\/\/www.daisho.be\/it\/wp-json\/wp\/v2\/media\/500316"}],"wp:attachment":[{"href":"https:\/\/www.daisho.be\/it\/wp-json\/wp\/v2\/media?parent=500338"}],"wp:term":[{"taxonomy":"product_brand","embeddable":true,"href":"https:\/\/www.daisho.be\/it\/wp-json\/wp\/v2\/product_brand?post=500338"},{"taxonomy":"product_cat","embeddable":true,"href":"https:\/\/www.daisho.be\/it\/wp-json\/wp\/v2\/product_cat?post=500338"},{"taxonomy":"product_tag","embeddable":true,"href":"https:\/\/www.daisho.be\/it\/wp-json\/wp\/v2\/product_tag?post=500338"},{"taxonomy":"sport","embeddable":true,"href":"https:\/\/www.daisho.be\/it\/wp-json\/wp\/v2\/sport?post=500338"}],"curies":[{"name":"wp","href":"https:\/\/api.w.org\/{rel}","templated":true}]}}