{"id":500216,"date":"2025-02-28T11:56:01","date_gmt":"2025-02-28T10:56:01","guid":{"rendered":"https:\/\/www.daisho.be\/produit\/tatami-i-tis-easy\/"},"modified":"2026-03-31T14:52:19","modified_gmt":"2026-03-31T12:52:19","slug":"tatami-i-tis-easy","status":"publish","type":"product","link":"https:\/\/www.daisho.be\/it\/produit\/tatami-i-tis-easy\/","title":{"rendered":"Tatami I-TIS EASY"},"content":{"rendered":"<p>Il nuovo tappetino da judo I-TIS di ProGame Tatami by Trocellen \u00e8 un prodotto nuovo di zecca che si \u00e8 evoluto dal precedente concetto di TIS. Il tatami da judo I-TIS \u00e8 innovativo e rivoluzionario in ogni sua caratteristica.<br \/>\nApprovato dalla Federazione Internazionale di Judo, \u00e8 stato riconosciuto come un prodotto adatto per le attivit\u00e0 scolastiche e per introdurre i bambini alla pratica del Judo o delle arti marziali cadenti.<br \/>\nIl suo sistema di aggancio invisibile brevettato tiene uniti i tappetini durante gli sparring: il tappetino I-TIS EASY \u00e8 il tatami ideale per ogni tipo di attivit\u00e0.<br \/>\nL&#8217;area installata non ha bisogno di telai aggiuntivi. Grazie alla sua leggerezza, \u00e8 facile da installare, non lascia spazi vuoti tra i tappeti e, a differenza di altri tappeti tradizionali, non si sposta. La sicurezza garantita da questa stuoia e il suo innovativo sistema di appendimento invisibile la rendono la stuoia per tatami pi\u00f9 sicura e stabile sul mercato, ideale per ogni tipo di evento.<br \/>\nMateriale: Polietilene espanso reticolato combinato con PVC goffrato ad alta resistenza.<br \/>\nDimensioni: 2000 x 1000 x 40 mm<br \/>\nPeso: 6 kg<br \/>\nColori: Giallo \/ Rosso \/ Blu Navy \/ Verde oliva \/ Nero<br \/>\nSicurezza: Standard NF EN 12503.3. Testato in conformit\u00e0 con lo standard europeo EN 12503.3 con il marchio IJF.<br \/>\nAccessori: Le stuoie tatami vengono fornite con un kit di collegamento che consente di installare le stuoie e creare un&#8217;area completa.<\/p>\n","protected":false},"excerpt":{"rendered":"<p>Il nuovo tappetino da judo I-TIS di ProGame Tatami by Trocellen \u00e8 un prodotto nuovo di zecca che si \u00e8 evoluto dal precedente concetto di TIS. Il tatami da judo I-TIS \u00e8 innovativo e rivoluzionario in ogni sua caratteristica. Approvato dalla Federazione Internazionale di Judo, \u00e8 stato riconosciuto come un prodotto adatto per le attivit\u00e0 [&hellip;]<\/p>\n","protected":false},"featured_media":499795,"comment_status":"open","ping_status":"closed","template":"","meta":{"inline_featured_image":false},"product_brand":[],"product_cat":[2097,2093,2095,2013],"product_tag":[2025],"sport":[],"class_list":{"0":"post-500216","1":"product","2":"type-product","3":"status-publish","4":"has-post-thumbnail","6":"product_cat-attrezzatura-per-lallenamento-del-jiu-jitsu","7":"product_cat-attrezzatura-per-lallenamento-krav-maga","8":"product_cat-attrezzature-per-la-formazione-it","9":"product_cat-tappeti-tatami-per-judo-karate-e-taekwondo-arti-marziali","10":"product_tag-progame-tatamis-it","11":"pa_size-4-cm","13":"first","14":"instock","15":"taxable","16":"shipping-taxable","17":"purchasable","18":"product-type-variable"},"yoast_head":"<!-- This site is optimized with the Yoast SEO plugin v27.2 - https:\/\/yoast.com\/product\/yoast-seo-wordpress\/ -->\n<title>Tatami I-TIS EASY &#8211; Daisho<\/title>\n<meta name=\"description\" content=\"Tatami da judo I-TIS, approvato dall&#039;IJF, sistema di fissaggio invisibile, stabile, leggero e ultra sicuro. Trovali su www.daisho.be|Daisho\" \/>\n<meta name=\"robots\" content=\"index, follow, max-snippet:-1, max-image-preview:large, max-video-preview:-1\" \/>\n<link rel=\"canonical\" href=\"https:\/\/www.daisho.be\/it\/produit\/tatami-i-tis-easy\/\" \/>\n<meta property=\"og:locale\" content=\"it_IT\" \/>\n<meta property=\"og:type\" content=\"article\" \/>\n<meta property=\"og:title\" content=\"Tatami I-TIS EASY &#8211; Daisho\" \/>\n<meta property=\"og:description\" content=\"Tatami da judo I-TIS, approvato dall&#039;IJF, sistema di fissaggio invisibile, stabile, leggero e ultra sicuro. Trovali su www.daisho.be|Daisho\" \/>\n<meta property=\"og:url\" content=\"https:\/\/www.daisho.be\/it\/produit\/tatami-i-tis-easy\/\" \/>\n<meta property=\"og:site_name\" content=\"Daisho\" \/>\n<meta property=\"article:modified_time\" content=\"2026-03-31T12:52:19+00:00\" \/>\n<meta property=\"og:image\" content=\"https:\/\/www.daisho.be\/wp-content\/uploads\/2025\/02\/image-104-scaled.jpg\" \/>\n\t<meta property=\"og:image:width\" content=\"2048\" \/>\n\t<meta property=\"og:image:height\" content=\"835\" \/>\n\t<meta property=\"og:image:type\" content=\"image\/jpeg\" \/>\n<meta name=\"twitter:card\" content=\"summary_large_image\" \/>\n<meta name=\"twitter:label1\" content=\"Tempo di lettura stimato\" \/>\n\t<meta name=\"twitter:data1\" content=\"1 minuto\" \/>\n<script type=\"application\/ld+json\" class=\"yoast-schema-graph\">{\"@context\":\"https:\/\/schema.org\",\"@graph\":[{\"@type\":\"WebPage\",\"@id\":\"https:\/\/www.daisho.be\/it\/produit\/tatami-i-tis-easy\/\",\"url\":\"https:\/\/www.daisho.be\/it\/produit\/tatami-i-tis-easy\/\",\"name\":\"Tatami I-TIS EASY &#8211; Daisho\",\"isPartOf\":{\"@id\":\"https:\/\/www.daisho.be\/it\/#website\"},\"primaryImageOfPage\":{\"@id\":\"https:\/\/www.daisho.be\/it\/produit\/tatami-i-tis-easy\/#primaryimage\"},\"image\":{\"@id\":\"https:\/\/www.daisho.be\/it\/produit\/tatami-i-tis-easy\/#primaryimage\"},\"thumbnailUrl\":\"https:\/\/www.daisho.be\/wp-content\/uploads\/2025\/02\/image-104-scaled.jpg\",\"datePublished\":\"2025-02-28T10:56:01+00:00\",\"dateModified\":\"2026-03-31T12:52:19+00:00\",\"description\":\"Tatami da judo I-TIS, approvato dall'IJF, sistema di fissaggio invisibile, stabile, leggero e ultra sicuro. Trovali su www.daisho.be|Daisho\",\"breadcrumb\":{\"@id\":\"https:\/\/www.daisho.be\/it\/produit\/tatami-i-tis-easy\/#breadcrumb\"},\"inLanguage\":\"it-IT\",\"potentialAction\":[{\"@type\":\"ReadAction\",\"target\":[\"https:\/\/www.daisho.be\/it\/produit\/tatami-i-tis-easy\/\"]}]},{\"@type\":\"ImageObject\",\"inLanguage\":\"it-IT\",\"@id\":\"https:\/\/www.daisho.be\/it\/produit\/tatami-i-tis-easy\/#primaryimage\",\"url\":\"https:\/\/www.daisho.be\/wp-content\/uploads\/2025\/02\/image-104-scaled.jpg\",\"contentUrl\":\"https:\/\/www.daisho.be\/wp-content\/uploads\/2025\/02\/image-104-scaled.jpg\",\"width\":2048,\"height\":835,\"caption\":\"Tatami I-TIS EASY-1\"},{\"@type\":\"BreadcrumbList\",\"@id\":\"https:\/\/www.daisho.be\/it\/produit\/tatami-i-tis-easy\/#breadcrumb\",\"itemListElement\":[{\"@type\":\"ListItem\",\"position\":1,\"name\":\"Accueil\",\"item\":\"https:\/\/www.daisho.be\/it\/\"},{\"@type\":\"ListItem\",\"position\":2,\"name\":\"Prodotti\",\"item\":\"https:\/\/www.daisho.be\/it\/prodotti\/\"},{\"@type\":\"ListItem\",\"position\":3,\"name\":\"Attrezzature e abbigliamento per arti marziali e sport da combattimento\",\"item\":\"https:\/\/www.daisho.be\/it\/categorie-produit\/attrezzature-e-abbigliamento-per-arti-marziali-e-sport-da-combattimento\/\"},{\"@type\":\"ListItem\",\"position\":4,\"name\":\"Jujitsu brasiliano e Jiu-Jitsu\",\"item\":\"https:\/\/www.daisho.be\/it\/categorie-produit\/attrezzature-e-abbigliamento-per-arti-marziali-e-sport-da-combattimento\/jujitsu-brasiliano-e-jiu-jitsu\/\"},{\"@type\":\"ListItem\",\"position\":5,\"name\":\"Attrezzatura per l'allenamento del Jiu Jitsu\",\"item\":\"https:\/\/www.daisho.be\/it\/categorie-produit\/attrezzature-e-abbigliamento-per-arti-marziali-e-sport-da-combattimento\/jujitsu-brasiliano-e-jiu-jitsu\/attrezzatura-per-lallenamento-del-jiu-jitsu\/\"},{\"@type\":\"ListItem\",\"position\":6,\"name\":\"Tatami I-TIS EASY\"}]},{\"@type\":\"WebSite\",\"@id\":\"https:\/\/www.daisho.be\/it\/#website\",\"url\":\"https:\/\/www.daisho.be\/it\/\",\"name\":\"Daisho\",\"description\":\"Sp&eacute;cialiste de l'&eacute;quipement sportif d'arts martiaux\",\"publisher\":{\"@id\":\"https:\/\/www.daisho.be\/it\/#organization\"},\"potentialAction\":[{\"@type\":\"SearchAction\",\"target\":{\"@type\":\"EntryPoint\",\"urlTemplate\":\"https:\/\/www.daisho.be\/it\/?s={search_term_string}\"},\"query-input\":{\"@type\":\"PropertyValueSpecification\",\"valueRequired\":true,\"valueName\":\"search_term_string\"}}],\"inLanguage\":\"it-IT\"},{\"@type\":\"Organization\",\"@id\":\"https:\/\/www.daisho.be\/it\/#organization\",\"name\":\"Daisho\",\"url\":\"https:\/\/www.daisho.be\/it\/\",\"logo\":{\"@type\":\"ImageObject\",\"inLanguage\":\"it-IT\",\"@id\":\"https:\/\/www.daisho.be\/it\/#\/schema\/logo\/image\/\",\"url\":\"https:\/\/www.daisho.be\/wp-content\/uploads\/2019\/07\/color-nothing-horizontale4x-e1564486100247.png\",\"contentUrl\":\"https:\/\/www.daisho.be\/wp-content\/uploads\/2019\/07\/color-nothing-horizontale4x-e1564486100247.png\",\"width\":1547,\"height\":385,\"caption\":\"Daisho\"},\"image\":{\"@id\":\"https:\/\/www.daisho.be\/it\/#\/schema\/logo\/image\/\"}}]}<\/script>\n<!-- \/ Yoast SEO plugin. -->","yoast_head_json":{"title":"Tatami I-TIS EASY &#8211; Daisho","description":"Tatami da judo I-TIS, approvato dall'IJF, sistema di fissaggio invisibile, stabile, leggero e ultra sicuro. Trovali su www.daisho.be|Daisho","robots":{"index":"index","follow":"follow","max-snippet":"max-snippet:-1","max-image-preview":"max-image-preview:large","max-video-preview":"max-video-preview:-1"},"canonical":"https:\/\/www.daisho.be\/it\/produit\/tatami-i-tis-easy\/","og_locale":"it_IT","og_type":"article","og_title":"Tatami I-TIS EASY &#8211; Daisho","og_description":"Tatami da judo I-TIS, approvato dall'IJF, sistema di fissaggio invisibile, stabile, leggero e ultra sicuro. Trovali su www.daisho.be|Daisho","og_url":"https:\/\/www.daisho.be\/it\/produit\/tatami-i-tis-easy\/","og_site_name":"Daisho","article_modified_time":"2026-03-31T12:52:19+00:00","og_image":[{"width":2048,"height":835,"url":"https:\/\/www.daisho.be\/wp-content\/uploads\/2025\/02\/image-104-scaled.jpg","type":"image\/jpeg"}],"twitter_card":"summary_large_image","twitter_misc":{"Tempo di lettura stimato":"1 minuto"},"schema":{"@context":"https:\/\/schema.org","@graph":[{"@type":"WebPage","@id":"https:\/\/www.daisho.be\/it\/produit\/tatami-i-tis-easy\/","url":"https:\/\/www.daisho.be\/it\/produit\/tatami-i-tis-easy\/","name":"Tatami I-TIS EASY &#8211; Daisho","isPartOf":{"@id":"https:\/\/www.daisho.be\/it\/#website"},"primaryImageOfPage":{"@id":"https:\/\/www.daisho.be\/it\/produit\/tatami-i-tis-easy\/#primaryimage"},"image":{"@id":"https:\/\/www.daisho.be\/it\/produit\/tatami-i-tis-easy\/#primaryimage"},"thumbnailUrl":"https:\/\/www.daisho.be\/wp-content\/uploads\/2025\/02\/image-104-scaled.jpg","datePublished":"2025-02-28T10:56:01+00:00","dateModified":"2026-03-31T12:52:19+00:00","description":"Tatami da judo I-TIS, approvato dall'IJF, sistema di fissaggio invisibile, stabile, leggero e ultra sicuro. Trovali su www.daisho.be|Daisho","breadcrumb":{"@id":"https:\/\/www.daisho.be\/it\/produit\/tatami-i-tis-easy\/#breadcrumb"},"inLanguage":"it-IT","potentialAction":[{"@type":"ReadAction","target":["https:\/\/www.daisho.be\/it\/produit\/tatami-i-tis-easy\/"]}]},{"@type":"ImageObject","inLanguage":"it-IT","@id":"https:\/\/www.daisho.be\/it\/produit\/tatami-i-tis-easy\/#primaryimage","url":"https:\/\/www.daisho.be\/wp-content\/uploads\/2025\/02\/image-104-scaled.jpg","contentUrl":"https:\/\/www.daisho.be\/wp-content\/uploads\/2025\/02\/image-104-scaled.jpg","width":2048,"height":835,"caption":"Tatami I-TIS EASY-1"},{"@type":"BreadcrumbList","@id":"https:\/\/www.daisho.be\/it\/produit\/tatami-i-tis-easy\/#breadcrumb","itemListElement":[{"@type":"ListItem","position":1,"name":"Accueil","item":"https:\/\/www.daisho.be\/it\/"},{"@type":"ListItem","position":2,"name":"Prodotti","item":"https:\/\/www.daisho.be\/it\/prodotti\/"},{"@type":"ListItem","position":3,"name":"Attrezzature e abbigliamento per arti marziali e sport da combattimento","item":"https:\/\/www.daisho.be\/it\/categorie-produit\/attrezzature-e-abbigliamento-per-arti-marziali-e-sport-da-combattimento\/"},{"@type":"ListItem","position":4,"name":"Jujitsu brasiliano e Jiu-Jitsu","item":"https:\/\/www.daisho.be\/it\/categorie-produit\/attrezzature-e-abbigliamento-per-arti-marziali-e-sport-da-combattimento\/jujitsu-brasiliano-e-jiu-jitsu\/"},{"@type":"ListItem","position":5,"name":"Attrezzatura per l'allenamento del Jiu Jitsu","item":"https:\/\/www.daisho.be\/it\/categorie-produit\/attrezzature-e-abbigliamento-per-arti-marziali-e-sport-da-combattimento\/jujitsu-brasiliano-e-jiu-jitsu\/attrezzatura-per-lallenamento-del-jiu-jitsu\/"},{"@type":"ListItem","position":6,"name":"Tatami I-TIS EASY"}]},{"@type":"WebSite","@id":"https:\/\/www.daisho.be\/it\/#website","url":"https:\/\/www.daisho.be\/it\/","name":"Daisho","description":"Sp&eacute;cialiste de l'&eacute;quipement sportif d'arts martiaux","publisher":{"@id":"https:\/\/www.daisho.be\/it\/#organization"},"potentialAction":[{"@type":"SearchAction","target":{"@type":"EntryPoint","urlTemplate":"https:\/\/www.daisho.be\/it\/?s={search_term_string}"},"query-input":{"@type":"PropertyValueSpecification","valueRequired":true,"valueName":"search_term_string"}}],"inLanguage":"it-IT"},{"@type":"Organization","@id":"https:\/\/www.daisho.be\/it\/#organization","name":"Daisho","url":"https:\/\/www.daisho.be\/it\/","logo":{"@type":"ImageObject","inLanguage":"it-IT","@id":"https:\/\/www.daisho.be\/it\/#\/schema\/logo\/image\/","url":"https:\/\/www.daisho.be\/wp-content\/uploads\/2019\/07\/color-nothing-horizontale4x-e1564486100247.png","contentUrl":"https:\/\/www.daisho.be\/wp-content\/uploads\/2019\/07\/color-nothing-horizontale4x-e1564486100247.png","width":1547,"height":385,"caption":"Daisho"},"image":{"@id":"https:\/\/www.daisho.be\/it\/#\/schema\/logo\/image\/"}}]}},"_links":{"self":[{"href":"https:\/\/www.daisho.be\/it\/wp-json\/wp\/v2\/product\/500216","targetHints":{"allow":["GET"]}}],"collection":[{"href":"https:\/\/www.daisho.be\/it\/wp-json\/wp\/v2\/product"}],"about":[{"href":"https:\/\/www.daisho.be\/it\/wp-json\/wp\/v2\/types\/product"}],"replies":[{"embeddable":true,"href":"https:\/\/www.daisho.be\/it\/wp-json\/wp\/v2\/comments?post=500216"}],"wp:featuredmedia":[{"embeddable":true,"href":"https:\/\/www.daisho.be\/it\/wp-json\/wp\/v2\/media\/499795"}],"wp:attachment":[{"href":"https:\/\/www.daisho.be\/it\/wp-json\/wp\/v2\/media?parent=500216"}],"wp:term":[{"taxonomy":"product_brand","embeddable":true,"href":"https:\/\/www.daisho.be\/it\/wp-json\/wp\/v2\/product_brand?post=500216"},{"taxonomy":"product_cat","embeddable":true,"href":"https:\/\/www.daisho.be\/it\/wp-json\/wp\/v2\/product_cat?post=500216"},{"taxonomy":"product_tag","embeddable":true,"href":"https:\/\/www.daisho.be\/it\/wp-json\/wp\/v2\/product_tag?post=500216"},{"taxonomy":"sport","embeddable":true,"href":"https:\/\/www.daisho.be\/it\/wp-json\/wp\/v2\/sport?post=500216"}],"curies":[{"name":"wp","href":"https:\/\/api.w.org\/{rel}","templated":true}]}}