{"id":491647,"date":"2025-02-11T15:29:29","date_gmt":"2025-02-11T14:29:29","guid":{"rendered":"https:\/\/www.daisho.be\/produit\/binome-resistance-attrezzatura-fitness-per-2-persone-basic\/"},"modified":"2025-10-09T14:31:01","modified_gmt":"2025-10-09T12:31:01","slug":"binome-resistance-attrezzatura-fitness-per-2-persone-basic","status":"publish","type":"product","link":"https:\/\/www.daisho.be\/it\/produit\/binome-resistance-attrezzatura-fitness-per-2-persone-basic\/","title":{"rendered":"Bin\u00f4me R\u00e9sistance &#8211; Attrezzatura fitness per 2 persone &#8211; Basic"},"content":{"rendered":"<p>Il Bin\u00f4me R\u00e9sistance \u00e8 un attrezzo per il fitness che permette a due persone di lavorare insieme o in coppia.<\/p>\n<p>Allenamento per due: il Bin\u00f4me permette a due persone di allenarsi insieme, offrendo motivazione, divertimento e supporto reciproco. Perfetto per sessioni condivise con un partner, un allenatore o un gruppo.<br \/>\nDesign robusto e sicuro: una corda in poliestere monofilare rinforzata con un&#8217;anima in Pom, che garantisce durata e sicurezza anche dopo lunghi periodi di utilizzo intensivo.<br \/>\nVersatilit\u00e0 e portabilit\u00e0: compatta e leggera, questa macchina \u00e8 facile da trasportare e pu\u00f2 essere utilizzata ovunque, a casa, al parco o in palestra.<br \/>\nComfort migliorato: manico antiscivolo con ammortizzatore, progettato per offrire un supporto ottimale e un comfort superiore durante l&#8217;esercizio.<br \/>\nCaratteristiche complete: Dotato di calcolatore di andata e ritorno, contatore di calorie bruciate e tempo di utilizzo, con funzione di reset per un monitoraggio preciso delle tue prestazioni.<\/p>\n<p>Versione: Base, per principianti, bambini e anziani.<br \/>\nDiversi usi della posizione del corpo e delle braccia<br \/>\nAlzati:<br \/>\nLa coppia pu\u00f2 essere utilizzata in diverse posizioni delle braccia per intensificare il lavoro su una regione specifica degli arti superiori:<br \/>\n??braccio a 90\u00b0 (trapezio superiore e collo)<br \/>\n??braccio a 45\u00b0 gomiti piegati: estensori del polso (epicondiliali e spalle)<br \/>\nTae le Svuotare il corpo niale entes us (ales degaya), pose tepuis (dvieux) e laterals<br \/>\n(abduttori e adduttori) sono utilizzati per stabilizzare il corpo.<\/p>\n<p>Seduta: a seconda che le maniglie siano posizionate verso l&#8217;alto o verso il basso, l&#8217;azione muscolare sar\u00e0 diversa.<br \/>\n1) Maniglie verso il soffitto: fascicolo anteriore del muscolo deltoide.<br \/>\n2) impugnature rivolte l&#8217;una verso l&#8217;altra: tricipiti, deltoide medio e posteriore.<br \/>\n3) Maniglie in basso: deltoide, tricipite.<br \/>\nApertura della gabbia toracica :<br \/>\nGrazie all&#8217;ampiezza dell&#8217;estensione delle due braccia associate all&#8217;inspirazione durante l&#8217;esecuzione dei movimenti si ha una massima apertura della gabbia toracica.<\/p>\n","protected":false},"excerpt":{"rendered":"[video width=\"1920\" height=\"1080\" mp4=\"https:\/\/www.daisho.be\/wp-content\/uploads\/2025\/02\/BINOME-RESISTANCE-Header.mp4\"][\/video]\n","protected":false},"featured_media":491606,"comment_status":"open","ping_status":"closed","template":"","meta":{"inline_featured_image":false},"product_brand":[],"product_cat":[2048,2226],"product_tag":[2477],"sport":[],"class_list":{"0":"post-491647","1":"product","2":"type-product","3":"status-publish","4":"has-post-thumbnail","6":"product_cat-attrezzature-per-la-formazione","7":"product_cat-rafforzamento-dei-muscoli-it","8":"product_tag-resistenza-al-binomio","10":"first","11":"instock","12":"sale","13":"taxable","14":"shipping-taxable","15":"purchasable","16":"product-type-simple"},"yoast_head":"<!-- This site is optimized with the Yoast SEO plugin v27.2 - https:\/\/yoast.com\/product\/yoast-seo-wordpress\/ -->\n<title>Bin\u00f4me R\u00e9sistance - Attrezzatura fitness per 2 persone - Basic &#8211; Daisho<\/title>\n<meta name=\"description\" content=\"La Bin\u00f4me R\u00e9sistance \u00e8 una macchina per il fitness per allenarsi in coppia. La versione Basic \u00e8 stata progettata per bambini e anziani.\" \/>\n<meta name=\"robots\" content=\"index, follow, max-snippet:-1, max-image-preview:large, max-video-preview:-1\" \/>\n<link rel=\"canonical\" href=\"https:\/\/www.daisho.be\/it\/produit\/binome-resistance-attrezzatura-fitness-per-2-persone-basic\/\" \/>\n<meta property=\"og:locale\" content=\"it_IT\" \/>\n<meta property=\"og:type\" content=\"article\" \/>\n<meta property=\"og:title\" content=\"Bin\u00f4me R\u00e9sistance - Attrezzatura fitness per 2 persone - Basic &#8211; Daisho\" \/>\n<meta property=\"og:description\" content=\"La Bin\u00f4me R\u00e9sistance \u00e8 una macchina per il fitness per allenarsi in coppia. La versione Basic \u00e8 stata progettata per bambini e anziani.\" \/>\n<meta property=\"og:url\" content=\"https:\/\/www.daisho.be\/it\/produit\/binome-resistance-attrezzatura-fitness-per-2-persone-basic\/\" \/>\n<meta property=\"og:site_name\" content=\"Daisho\" \/>\n<meta property=\"article:modified_time\" content=\"2025-10-09T12:31:01+00:00\" \/>\n<meta property=\"og:image\" content=\"https:\/\/www.daisho.be\/wp-content\/uploads\/2025\/02\/image-68.jpg\" \/>\n\t<meta property=\"og:image:width\" content=\"1024\" \/>\n\t<meta property=\"og:image:height\" content=\"1024\" \/>\n\t<meta property=\"og:image:type\" content=\"image\/jpeg\" \/>\n<meta name=\"twitter:card\" content=\"summary_large_image\" \/>\n<meta name=\"twitter:label1\" content=\"Tempo di lettura stimato\" \/>\n\t<meta name=\"twitter:data1\" content=\"1 minuto\" \/>\n<script type=\"application\/ld+json\" class=\"yoast-schema-graph\">{\"@context\":\"https:\/\/schema.org\",\"@graph\":[{\"@type\":\"WebPage\",\"@id\":\"https:\/\/www.daisho.be\/it\/produit\/binome-resistance-attrezzatura-fitness-per-2-persone-basic\/\",\"url\":\"https:\/\/www.daisho.be\/it\/produit\/binome-resistance-attrezzatura-fitness-per-2-persone-basic\/\",\"name\":\"Bin\u00f4me R\u00e9sistance - Attrezzatura fitness per 2 persone - Basic &#8211; Daisho\",\"isPartOf\":{\"@id\":\"https:\/\/www.daisho.be\/it\/#website\"},\"primaryImageOfPage\":{\"@id\":\"https:\/\/www.daisho.be\/it\/produit\/binome-resistance-attrezzatura-fitness-per-2-persone-basic\/#primaryimage\"},\"image\":{\"@id\":\"https:\/\/www.daisho.be\/it\/produit\/binome-resistance-attrezzatura-fitness-per-2-persone-basic\/#primaryimage\"},\"thumbnailUrl\":\"https:\/\/www.daisho.be\/wp-content\/uploads\/2025\/02\/image-68.jpg\",\"datePublished\":\"2025-02-11T14:29:29+00:00\",\"dateModified\":\"2025-10-09T12:31:01+00:00\",\"description\":\"La Bin\u00f4me R\u00e9sistance \u00e8 una macchina per il fitness per allenarsi in coppia. La versione Basic \u00e8 stata progettata per bambini e anziani.\",\"breadcrumb\":{\"@id\":\"https:\/\/www.daisho.be\/it\/produit\/binome-resistance-attrezzatura-fitness-per-2-persone-basic\/#breadcrumb\"},\"inLanguage\":\"it-IT\",\"potentialAction\":[{\"@type\":\"ReadAction\",\"target\":[\"https:\/\/www.daisho.be\/it\/produit\/binome-resistance-attrezzatura-fitness-per-2-persone-basic\/\"]}]},{\"@type\":\"ImageObject\",\"inLanguage\":\"it-IT\",\"@id\":\"https:\/\/www.daisho.be\/it\/produit\/binome-resistance-attrezzatura-fitness-per-2-persone-basic\/#primaryimage\",\"url\":\"https:\/\/www.daisho.be\/wp-content\/uploads\/2025\/02\/image-68.jpg\",\"contentUrl\":\"https:\/\/www.daisho.be\/wp-content\/uploads\/2025\/02\/image-68.jpg\",\"width\":1024,\"height\":1024,\"caption\":\"Bin\u00f4me R\u00e9sistance - Attrezzatura fitness per 2 persone - Basic-1\"},{\"@type\":\"BreadcrumbList\",\"@id\":\"https:\/\/www.daisho.be\/it\/produit\/binome-resistance-attrezzatura-fitness-per-2-persone-basic\/#breadcrumb\",\"itemListElement\":[{\"@type\":\"ListItem\",\"position\":1,\"name\":\"Accueil\",\"item\":\"https:\/\/www.daisho.be\/it\/\"},{\"@type\":\"ListItem\",\"position\":2,\"name\":\"Prodotti\",\"item\":\"https:\/\/www.daisho.be\/it\/prodotti\/\"},{\"@type\":\"ListItem\",\"position\":3,\"name\":\"Sport da combattimento\",\"item\":\"https:\/\/www.daisho.be\/it\/categorie-produit\/sport-da-combattimento\/\"},{\"@type\":\"ListItem\",\"position\":4,\"name\":\"Attrezzature per la formazione\",\"item\":\"https:\/\/www.daisho.be\/it\/categorie-produit\/sport-da-combattimento\/attrezzature-per-la-formazione\/\"},{\"@type\":\"ListItem\",\"position\":5,\"name\":\"Bin\u00f4me R\u00e9sistance &#8211; Attrezzatura fitness per 2 persone &#8211; Basic\"}]},{\"@type\":\"WebSite\",\"@id\":\"https:\/\/www.daisho.be\/it\/#website\",\"url\":\"https:\/\/www.daisho.be\/it\/\",\"name\":\"Daisho\",\"description\":\"Sp&eacute;cialiste de l'&eacute;quipement sportif d'arts martiaux\",\"publisher\":{\"@id\":\"https:\/\/www.daisho.be\/it\/#organization\"},\"potentialAction\":[{\"@type\":\"SearchAction\",\"target\":{\"@type\":\"EntryPoint\",\"urlTemplate\":\"https:\/\/www.daisho.be\/it\/?s={search_term_string}\"},\"query-input\":{\"@type\":\"PropertyValueSpecification\",\"valueRequired\":true,\"valueName\":\"search_term_string\"}}],\"inLanguage\":\"it-IT\"},{\"@type\":\"Organization\",\"@id\":\"https:\/\/www.daisho.be\/it\/#organization\",\"name\":\"Daisho\",\"url\":\"https:\/\/www.daisho.be\/it\/\",\"logo\":{\"@type\":\"ImageObject\",\"inLanguage\":\"it-IT\",\"@id\":\"https:\/\/www.daisho.be\/it\/#\/schema\/logo\/image\/\",\"url\":\"https:\/\/www.daisho.be\/wp-content\/uploads\/2019\/07\/color-nothing-horizontale4x-e1564486100247.png\",\"contentUrl\":\"https:\/\/www.daisho.be\/wp-content\/uploads\/2019\/07\/color-nothing-horizontale4x-e1564486100247.png\",\"width\":1547,\"height\":385,\"caption\":\"Daisho\"},\"image\":{\"@id\":\"https:\/\/www.daisho.be\/it\/#\/schema\/logo\/image\/\"}}]}<\/script>\n<!-- \/ Yoast SEO plugin. -->","yoast_head_json":{"title":"Bin\u00f4me R\u00e9sistance - Attrezzatura fitness per 2 persone - Basic &#8211; Daisho","description":"La Bin\u00f4me R\u00e9sistance \u00e8 una macchina per il fitness per allenarsi in coppia. La versione Basic \u00e8 stata progettata per bambini e anziani.","robots":{"index":"index","follow":"follow","max-snippet":"max-snippet:-1","max-image-preview":"max-image-preview:large","max-video-preview":"max-video-preview:-1"},"canonical":"https:\/\/www.daisho.be\/it\/produit\/binome-resistance-attrezzatura-fitness-per-2-persone-basic\/","og_locale":"it_IT","og_type":"article","og_title":"Bin\u00f4me R\u00e9sistance - Attrezzatura fitness per 2 persone - Basic &#8211; Daisho","og_description":"La Bin\u00f4me R\u00e9sistance \u00e8 una macchina per il fitness per allenarsi in coppia. La versione Basic \u00e8 stata progettata per bambini e anziani.","og_url":"https:\/\/www.daisho.be\/it\/produit\/binome-resistance-attrezzatura-fitness-per-2-persone-basic\/","og_site_name":"Daisho","article_modified_time":"2025-10-09T12:31:01+00:00","og_image":[{"width":1024,"height":1024,"url":"https:\/\/www.daisho.be\/wp-content\/uploads\/2025\/02\/image-68.jpg","type":"image\/jpeg"}],"twitter_card":"summary_large_image","twitter_misc":{"Tempo di lettura stimato":"1 minuto"},"schema":{"@context":"https:\/\/schema.org","@graph":[{"@type":"WebPage","@id":"https:\/\/www.daisho.be\/it\/produit\/binome-resistance-attrezzatura-fitness-per-2-persone-basic\/","url":"https:\/\/www.daisho.be\/it\/produit\/binome-resistance-attrezzatura-fitness-per-2-persone-basic\/","name":"Bin\u00f4me R\u00e9sistance - Attrezzatura fitness per 2 persone - Basic &#8211; Daisho","isPartOf":{"@id":"https:\/\/www.daisho.be\/it\/#website"},"primaryImageOfPage":{"@id":"https:\/\/www.daisho.be\/it\/produit\/binome-resistance-attrezzatura-fitness-per-2-persone-basic\/#primaryimage"},"image":{"@id":"https:\/\/www.daisho.be\/it\/produit\/binome-resistance-attrezzatura-fitness-per-2-persone-basic\/#primaryimage"},"thumbnailUrl":"https:\/\/www.daisho.be\/wp-content\/uploads\/2025\/02\/image-68.jpg","datePublished":"2025-02-11T14:29:29+00:00","dateModified":"2025-10-09T12:31:01+00:00","description":"La Bin\u00f4me R\u00e9sistance \u00e8 una macchina per il fitness per allenarsi in coppia. La versione Basic \u00e8 stata progettata per bambini e anziani.","breadcrumb":{"@id":"https:\/\/www.daisho.be\/it\/produit\/binome-resistance-attrezzatura-fitness-per-2-persone-basic\/#breadcrumb"},"inLanguage":"it-IT","potentialAction":[{"@type":"ReadAction","target":["https:\/\/www.daisho.be\/it\/produit\/binome-resistance-attrezzatura-fitness-per-2-persone-basic\/"]}]},{"@type":"ImageObject","inLanguage":"it-IT","@id":"https:\/\/www.daisho.be\/it\/produit\/binome-resistance-attrezzatura-fitness-per-2-persone-basic\/#primaryimage","url":"https:\/\/www.daisho.be\/wp-content\/uploads\/2025\/02\/image-68.jpg","contentUrl":"https:\/\/www.daisho.be\/wp-content\/uploads\/2025\/02\/image-68.jpg","width":1024,"height":1024,"caption":"Bin\u00f4me R\u00e9sistance - Attrezzatura fitness per 2 persone - Basic-1"},{"@type":"BreadcrumbList","@id":"https:\/\/www.daisho.be\/it\/produit\/binome-resistance-attrezzatura-fitness-per-2-persone-basic\/#breadcrumb","itemListElement":[{"@type":"ListItem","position":1,"name":"Accueil","item":"https:\/\/www.daisho.be\/it\/"},{"@type":"ListItem","position":2,"name":"Prodotti","item":"https:\/\/www.daisho.be\/it\/prodotti\/"},{"@type":"ListItem","position":3,"name":"Sport da combattimento","item":"https:\/\/www.daisho.be\/it\/categorie-produit\/sport-da-combattimento\/"},{"@type":"ListItem","position":4,"name":"Attrezzature per la formazione","item":"https:\/\/www.daisho.be\/it\/categorie-produit\/sport-da-combattimento\/attrezzature-per-la-formazione\/"},{"@type":"ListItem","position":5,"name":"Bin\u00f4me R\u00e9sistance &#8211; Attrezzatura fitness per 2 persone &#8211; Basic"}]},{"@type":"WebSite","@id":"https:\/\/www.daisho.be\/it\/#website","url":"https:\/\/www.daisho.be\/it\/","name":"Daisho","description":"Sp&eacute;cialiste de l'&eacute;quipement sportif d'arts martiaux","publisher":{"@id":"https:\/\/www.daisho.be\/it\/#organization"},"potentialAction":[{"@type":"SearchAction","target":{"@type":"EntryPoint","urlTemplate":"https:\/\/www.daisho.be\/it\/?s={search_term_string}"},"query-input":{"@type":"PropertyValueSpecification","valueRequired":true,"valueName":"search_term_string"}}],"inLanguage":"it-IT"},{"@type":"Organization","@id":"https:\/\/www.daisho.be\/it\/#organization","name":"Daisho","url":"https:\/\/www.daisho.be\/it\/","logo":{"@type":"ImageObject","inLanguage":"it-IT","@id":"https:\/\/www.daisho.be\/it\/#\/schema\/logo\/image\/","url":"https:\/\/www.daisho.be\/wp-content\/uploads\/2019\/07\/color-nothing-horizontale4x-e1564486100247.png","contentUrl":"https:\/\/www.daisho.be\/wp-content\/uploads\/2019\/07\/color-nothing-horizontale4x-e1564486100247.png","width":1547,"height":385,"caption":"Daisho"},"image":{"@id":"https:\/\/www.daisho.be\/it\/#\/schema\/logo\/image\/"}}]}},"_links":{"self":[{"href":"https:\/\/www.daisho.be\/it\/wp-json\/wp\/v2\/product\/491647","targetHints":{"allow":["GET"]}}],"collection":[{"href":"https:\/\/www.daisho.be\/it\/wp-json\/wp\/v2\/product"}],"about":[{"href":"https:\/\/www.daisho.be\/it\/wp-json\/wp\/v2\/types\/product"}],"replies":[{"embeddable":true,"href":"https:\/\/www.daisho.be\/it\/wp-json\/wp\/v2\/comments?post=491647"}],"wp:featuredmedia":[{"embeddable":true,"href":"https:\/\/www.daisho.be\/it\/wp-json\/wp\/v2\/media\/491606"}],"wp:attachment":[{"href":"https:\/\/www.daisho.be\/it\/wp-json\/wp\/v2\/media?parent=491647"}],"wp:term":[{"taxonomy":"product_brand","embeddable":true,"href":"https:\/\/www.daisho.be\/it\/wp-json\/wp\/v2\/product_brand?post=491647"},{"taxonomy":"product_cat","embeddable":true,"href":"https:\/\/www.daisho.be\/it\/wp-json\/wp\/v2\/product_cat?post=491647"},{"taxonomy":"product_tag","embeddable":true,"href":"https:\/\/www.daisho.be\/it\/wp-json\/wp\/v2\/product_tag?post=491647"},{"taxonomy":"sport","embeddable":true,"href":"https:\/\/www.daisho.be\/it\/wp-json\/wp\/v2\/sport?post=491647"}],"curies":[{"name":"wp","href":"https:\/\/api.w.org\/{rel}","templated":true}]}}