{"id":489951,"date":"2025-02-03T13:20:44","date_gmt":"2025-02-03T12:20:44","guid":{"rendered":"https:\/\/www.daisho.be\/produit\/corda-per-saltare-in-pvc\/"},"modified":"2026-03-30T15:50:46","modified_gmt":"2026-03-30T13:50:46","slug":"corda-per-saltare-in-pvc","status":"publish","type":"product","link":"https:\/\/www.daisho.be\/it\/produit\/corda-per-saltare-in-pvc\/","title":{"rendered":"Corda per saltare in PVC"},"content":{"rendered":"<p>La corda per saltare in PVC \u00e8 leggera e pratica.<br \/>\nIdeale per il cardiofitness.<br \/>\n\u00e2 Lunghezza totale: 300 cm<br \/>\n\u00e2 Diametro del cavo: 5 mm<br \/>\n\u00e2 Lunghezza dell&#8217;impugnatura: 12,5 cm<br \/>\n\u00e2 Peso: 85 g<br \/>\n\u00e2 Composizione: cavo in PVC<br \/>\n\u00e2 Impugnature in polipropilene<\/p>\n","protected":false},"excerpt":{"rendered":"<p>La corda per saltare in PVC \u00e8 leggera e pratica. Ideale per il cardiofitness. \u00e2 Lunghezza totale: 300 cm \u00e2 Diametro del cavo: 5 mm \u00e2 Lunghezza dell&#8217;impugnatura: 12,5 cm \u00e2 Peso: 85 g \u00e2 Composizione: cavo in PVC \u00e2 Impugnature in polipropilene<\/p>\n","protected":false},"featured_media":489834,"comment_status":"open","ping_status":"closed","template":"","meta":{"inline_featured_image":false},"product_brand":[],"product_cat":[2048],"product_tag":[2222],"sport":[],"class_list":{"0":"post-489951","1":"product","2":"type-product","3":"status-publish","4":"has-post-thumbnail","6":"product_cat-attrezzature-per-la-formazione","7":"product_tag-sveltus-it","9":"first","10":"instock","11":"taxable","12":"shipping-taxable","13":"purchasable","14":"product-type-simple"},"yoast_head":"<!-- This site is optimized with the Yoast SEO plugin v27.2 - https:\/\/yoast.com\/product\/yoast-seo-wordpress\/ -->\n<title>Corda per saltare in PVC &#8211; Daisho<\/title>\n<meta name=\"robots\" content=\"index, follow, max-snippet:-1, max-image-preview:large, max-video-preview:-1\" \/>\n<link rel=\"canonical\" href=\"https:\/\/www.daisho.be\/it\/produit\/corda-per-saltare-in-pvc\/\" \/>\n<meta property=\"og:locale\" content=\"it_IT\" \/>\n<meta property=\"og:type\" content=\"article\" \/>\n<meta property=\"og:title\" content=\"Corda per saltare in PVC &#8211; Daisho\" \/>\n<meta property=\"og:description\" content=\"La corda per saltare in PVC \u00e8 leggera e pratica. Ideale per il cardiofitness. \u00e2 Lunghezza totale: 300 cm \u00e2 Diametro del cavo: 5 mm \u00e2 Lunghezza dell&#8217;impugnatura: 12,5 cm \u00e2 Peso: 85 g \u00e2 Composizione: cavo in PVC \u00e2 Impugnature in polipropilene\" \/>\n<meta property=\"og:url\" content=\"https:\/\/www.daisho.be\/it\/produit\/corda-per-saltare-in-pvc\/\" \/>\n<meta property=\"og:site_name\" content=\"Daisho\" \/>\n<meta property=\"article:modified_time\" content=\"2026-03-30T13:50:46+00:00\" \/>\n<meta property=\"og:image\" content=\"https:\/\/www.daisho.be\/wp-content\/uploads\/2025\/02\/image-3.jpg\" \/>\n\t<meta property=\"og:image:width\" content=\"965\" \/>\n\t<meta property=\"og:image:height\" content=\"758\" \/>\n\t<meta property=\"og:image:type\" content=\"image\/jpeg\" \/>\n<meta name=\"twitter:card\" content=\"summary_large_image\" \/>\n<script type=\"application\/ld+json\" class=\"yoast-schema-graph\">{\"@context\":\"https:\/\/schema.org\",\"@graph\":[{\"@type\":\"WebPage\",\"@id\":\"https:\/\/www.daisho.be\/it\/produit\/corda-per-saltare-in-pvc\/\",\"url\":\"https:\/\/www.daisho.be\/it\/produit\/corda-per-saltare-in-pvc\/\",\"name\":\"Corda per saltare in PVC &#8211; Daisho\",\"isPartOf\":{\"@id\":\"https:\/\/www.daisho.be\/it\/#website\"},\"primaryImageOfPage\":{\"@id\":\"https:\/\/www.daisho.be\/it\/produit\/corda-per-saltare-in-pvc\/#primaryimage\"},\"image\":{\"@id\":\"https:\/\/www.daisho.be\/it\/produit\/corda-per-saltare-in-pvc\/#primaryimage\"},\"thumbnailUrl\":\"https:\/\/www.daisho.be\/wp-content\/uploads\/2025\/02\/image-3.jpg\",\"datePublished\":\"2025-02-03T12:20:44+00:00\",\"dateModified\":\"2026-03-30T13:50:46+00:00\",\"breadcrumb\":{\"@id\":\"https:\/\/www.daisho.be\/it\/produit\/corda-per-saltare-in-pvc\/#breadcrumb\"},\"inLanguage\":\"it-IT\",\"potentialAction\":[{\"@type\":\"ReadAction\",\"target\":[\"https:\/\/www.daisho.be\/it\/produit\/corda-per-saltare-in-pvc\/\"]}]},{\"@type\":\"ImageObject\",\"inLanguage\":\"it-IT\",\"@id\":\"https:\/\/www.daisho.be\/it\/produit\/corda-per-saltare-in-pvc\/#primaryimage\",\"url\":\"https:\/\/www.daisho.be\/wp-content\/uploads\/2025\/02\/image-3.jpg\",\"contentUrl\":\"https:\/\/www.daisho.be\/wp-content\/uploads\/2025\/02\/image-3.jpg\",\"width\":965,\"height\":758,\"caption\":\"Corda per saltare in PVC-1\"},{\"@type\":\"BreadcrumbList\",\"@id\":\"https:\/\/www.daisho.be\/it\/produit\/corda-per-saltare-in-pvc\/#breadcrumb\",\"itemListElement\":[{\"@type\":\"ListItem\",\"position\":1,\"name\":\"Accueil\",\"item\":\"https:\/\/www.daisho.be\/it\/\"},{\"@type\":\"ListItem\",\"position\":2,\"name\":\"Prodotti\",\"item\":\"https:\/\/www.daisho.be\/it\/prodotti\/\"},{\"@type\":\"ListItem\",\"position\":3,\"name\":\"Sport da combattimento\",\"item\":\"https:\/\/www.daisho.be\/it\/categorie-produit\/sport-da-combattimento\/\"},{\"@type\":\"ListItem\",\"position\":4,\"name\":\"Attrezzature per la formazione\",\"item\":\"https:\/\/www.daisho.be\/it\/categorie-produit\/sport-da-combattimento\/attrezzature-per-la-formazione\/\"},{\"@type\":\"ListItem\",\"position\":5,\"name\":\"Corda per saltare in PVC\"}]},{\"@type\":\"WebSite\",\"@id\":\"https:\/\/www.daisho.be\/it\/#website\",\"url\":\"https:\/\/www.daisho.be\/it\/\",\"name\":\"Daisho\",\"description\":\"Sp&eacute;cialiste de l'&eacute;quipement sportif d'arts martiaux\",\"publisher\":{\"@id\":\"https:\/\/www.daisho.be\/it\/#organization\"},\"potentialAction\":[{\"@type\":\"SearchAction\",\"target\":{\"@type\":\"EntryPoint\",\"urlTemplate\":\"https:\/\/www.daisho.be\/it\/?s={search_term_string}\"},\"query-input\":{\"@type\":\"PropertyValueSpecification\",\"valueRequired\":true,\"valueName\":\"search_term_string\"}}],\"inLanguage\":\"it-IT\"},{\"@type\":\"Organization\",\"@id\":\"https:\/\/www.daisho.be\/it\/#organization\",\"name\":\"Daisho\",\"url\":\"https:\/\/www.daisho.be\/it\/\",\"logo\":{\"@type\":\"ImageObject\",\"inLanguage\":\"it-IT\",\"@id\":\"https:\/\/www.daisho.be\/it\/#\/schema\/logo\/image\/\",\"url\":\"https:\/\/www.daisho.be\/wp-content\/uploads\/2019\/07\/color-nothing-horizontale4x-e1564486100247.png\",\"contentUrl\":\"https:\/\/www.daisho.be\/wp-content\/uploads\/2019\/07\/color-nothing-horizontale4x-e1564486100247.png\",\"width\":1547,\"height\":385,\"caption\":\"Daisho\"},\"image\":{\"@id\":\"https:\/\/www.daisho.be\/it\/#\/schema\/logo\/image\/\"}}]}<\/script>\n<!-- \/ Yoast SEO plugin. -->","yoast_head_json":{"title":"Corda per saltare in PVC &#8211; Daisho","robots":{"index":"index","follow":"follow","max-snippet":"max-snippet:-1","max-image-preview":"max-image-preview:large","max-video-preview":"max-video-preview:-1"},"canonical":"https:\/\/www.daisho.be\/it\/produit\/corda-per-saltare-in-pvc\/","og_locale":"it_IT","og_type":"article","og_title":"Corda per saltare in PVC &#8211; Daisho","og_description":"La corda per saltare in PVC \u00e8 leggera e pratica. Ideale per il cardiofitness. \u00e2 Lunghezza totale: 300 cm \u00e2 Diametro del cavo: 5 mm \u00e2 Lunghezza dell&#8217;impugnatura: 12,5 cm \u00e2 Peso: 85 g \u00e2 Composizione: cavo in PVC \u00e2 Impugnature in polipropilene","og_url":"https:\/\/www.daisho.be\/it\/produit\/corda-per-saltare-in-pvc\/","og_site_name":"Daisho","article_modified_time":"2026-03-30T13:50:46+00:00","og_image":[{"width":965,"height":758,"url":"https:\/\/www.daisho.be\/wp-content\/uploads\/2025\/02\/image-3.jpg","type":"image\/jpeg"}],"twitter_card":"summary_large_image","schema":{"@context":"https:\/\/schema.org","@graph":[{"@type":"WebPage","@id":"https:\/\/www.daisho.be\/it\/produit\/corda-per-saltare-in-pvc\/","url":"https:\/\/www.daisho.be\/it\/produit\/corda-per-saltare-in-pvc\/","name":"Corda per saltare in PVC &#8211; Daisho","isPartOf":{"@id":"https:\/\/www.daisho.be\/it\/#website"},"primaryImageOfPage":{"@id":"https:\/\/www.daisho.be\/it\/produit\/corda-per-saltare-in-pvc\/#primaryimage"},"image":{"@id":"https:\/\/www.daisho.be\/it\/produit\/corda-per-saltare-in-pvc\/#primaryimage"},"thumbnailUrl":"https:\/\/www.daisho.be\/wp-content\/uploads\/2025\/02\/image-3.jpg","datePublished":"2025-02-03T12:20:44+00:00","dateModified":"2026-03-30T13:50:46+00:00","breadcrumb":{"@id":"https:\/\/www.daisho.be\/it\/produit\/corda-per-saltare-in-pvc\/#breadcrumb"},"inLanguage":"it-IT","potentialAction":[{"@type":"ReadAction","target":["https:\/\/www.daisho.be\/it\/produit\/corda-per-saltare-in-pvc\/"]}]},{"@type":"ImageObject","inLanguage":"it-IT","@id":"https:\/\/www.daisho.be\/it\/produit\/corda-per-saltare-in-pvc\/#primaryimage","url":"https:\/\/www.daisho.be\/wp-content\/uploads\/2025\/02\/image-3.jpg","contentUrl":"https:\/\/www.daisho.be\/wp-content\/uploads\/2025\/02\/image-3.jpg","width":965,"height":758,"caption":"Corda per saltare in PVC-1"},{"@type":"BreadcrumbList","@id":"https:\/\/www.daisho.be\/it\/produit\/corda-per-saltare-in-pvc\/#breadcrumb","itemListElement":[{"@type":"ListItem","position":1,"name":"Accueil","item":"https:\/\/www.daisho.be\/it\/"},{"@type":"ListItem","position":2,"name":"Prodotti","item":"https:\/\/www.daisho.be\/it\/prodotti\/"},{"@type":"ListItem","position":3,"name":"Sport da combattimento","item":"https:\/\/www.daisho.be\/it\/categorie-produit\/sport-da-combattimento\/"},{"@type":"ListItem","position":4,"name":"Attrezzature per la formazione","item":"https:\/\/www.daisho.be\/it\/categorie-produit\/sport-da-combattimento\/attrezzature-per-la-formazione\/"},{"@type":"ListItem","position":5,"name":"Corda per saltare in PVC"}]},{"@type":"WebSite","@id":"https:\/\/www.daisho.be\/it\/#website","url":"https:\/\/www.daisho.be\/it\/","name":"Daisho","description":"Sp&eacute;cialiste de l'&eacute;quipement sportif d'arts martiaux","publisher":{"@id":"https:\/\/www.daisho.be\/it\/#organization"},"potentialAction":[{"@type":"SearchAction","target":{"@type":"EntryPoint","urlTemplate":"https:\/\/www.daisho.be\/it\/?s={search_term_string}"},"query-input":{"@type":"PropertyValueSpecification","valueRequired":true,"valueName":"search_term_string"}}],"inLanguage":"it-IT"},{"@type":"Organization","@id":"https:\/\/www.daisho.be\/it\/#organization","name":"Daisho","url":"https:\/\/www.daisho.be\/it\/","logo":{"@type":"ImageObject","inLanguage":"it-IT","@id":"https:\/\/www.daisho.be\/it\/#\/schema\/logo\/image\/","url":"https:\/\/www.daisho.be\/wp-content\/uploads\/2019\/07\/color-nothing-horizontale4x-e1564486100247.png","contentUrl":"https:\/\/www.daisho.be\/wp-content\/uploads\/2019\/07\/color-nothing-horizontale4x-e1564486100247.png","width":1547,"height":385,"caption":"Daisho"},"image":{"@id":"https:\/\/www.daisho.be\/it\/#\/schema\/logo\/image\/"}}]}},"_links":{"self":[{"href":"https:\/\/www.daisho.be\/it\/wp-json\/wp\/v2\/product\/489951","targetHints":{"allow":["GET"]}}],"collection":[{"href":"https:\/\/www.daisho.be\/it\/wp-json\/wp\/v2\/product"}],"about":[{"href":"https:\/\/www.daisho.be\/it\/wp-json\/wp\/v2\/types\/product"}],"replies":[{"embeddable":true,"href":"https:\/\/www.daisho.be\/it\/wp-json\/wp\/v2\/comments?post=489951"}],"wp:featuredmedia":[{"embeddable":true,"href":"https:\/\/www.daisho.be\/it\/wp-json\/wp\/v2\/media\/489834"}],"wp:attachment":[{"href":"https:\/\/www.daisho.be\/it\/wp-json\/wp\/v2\/media?parent=489951"}],"wp:term":[{"taxonomy":"product_brand","embeddable":true,"href":"https:\/\/www.daisho.be\/it\/wp-json\/wp\/v2\/product_brand?post=489951"},{"taxonomy":"product_cat","embeddable":true,"href":"https:\/\/www.daisho.be\/it\/wp-json\/wp\/v2\/product_cat?post=489951"},{"taxonomy":"product_tag","embeddable":true,"href":"https:\/\/www.daisho.be\/it\/wp-json\/wp\/v2\/product_tag?post=489951"},{"taxonomy":"sport","embeddable":true,"href":"https:\/\/www.daisho.be\/it\/wp-json\/wp\/v2\/sport?post=489951"}],"curies":[{"name":"wp","href":"https:\/\/api.w.org\/{rel}","templated":true}]}}