{"id":482453,"date":"2025-01-07T14:13:51","date_gmt":"2025-01-07T13:13:51","guid":{"rendered":"https:\/\/www.daisho.be\/produit\/adidas-j350-club-judogi-bianco-nero\/"},"modified":"2026-04-28T18:10:10","modified_gmt":"2026-04-28T16:10:10","slug":"adidas-j350-club-judogi-bianco-nero","status":"publish","type":"product","link":"https:\/\/www.daisho.be\/it\/produit\/adidas-j350-club-judogi-bianco-nero\/","title":{"rendered":"Adidas J350 Club Judogi Bianco\/Nero"},"content":{"rendered":"<p>Il judogi Adidas J350 \u00e8 pensato per i bambini e per i judoka alle prime armi. Il judogi \u00e8 realizzato al 60% in cotone e al 40% in poliestere ed \u00e8 rinforzato in vari punti per una maggiore durata. I pantaloni hanno un elastico in vita per un maggiore comfort.<\/p>\n<p> Il judogi \u00e8 realizzato al 60% in cotone e al 40% in poliestere. Vantaggi: &#8211; Il judogi \u00e8 rinforzato in vari punti per una maggiore durata &#8211; Vita elasticizzata per un maggiore comfort &#8211; Judogi perfetto per i judoka del tempo libero &#8211; Restringimento minimo &#8211; Tessuto: policotone 350 g\/m\u00b2. <\/p>\n","protected":false},"excerpt":{"rendered":"<p>Il judogi Adidas J350 \u00e8 pensato per i bambini e per i judoka alle prime armi. Il judogi \u00e8 realizzato al 60% in cotone e al 40% in poliestere ed \u00e8 rinforzato in vari punti per una maggiore durata. I pantaloni hanno un elastico in vita per un maggiore comfort. Il judogi \u00e8 realizzato al [&hellip;]<\/p>\n","protected":false},"featured_media":482017,"comment_status":"open","ping_status":"closed","template":"","meta":{"inline_featured_image":false},"product_brand":[],"product_cat":[2185,2286,2228],"product_tag":[2176],"sport":[],"class_list":{"0":"post-482453","1":"product","2":"type-product","3":"status-publish","4":"has-post-thumbnail","6":"product_cat-kimono-jiu-jitsu-keikogi-it","7":"product_cat-kimono-judogi-adidas-it","8":"product_cat-kimono-da-judo","9":"product_tag-adidas-it","10":"pa_size-375","11":"pa_size-374","12":"pa_size-373","13":"pa_size-381","14":"pa_size-380","15":"pa_size-379","16":"pa_size-378","17":"pa_size-377","18":"pa_size-376","20":"first","21":"instock","22":"taxable","23":"shipping-taxable","24":"purchasable","25":"product-type-variable"},"yoast_head":"<!-- This site is optimized with the Yoast SEO plugin v27.2 - https:\/\/yoast.com\/product\/yoast-seo-wordpress\/ -->\n<title>Adidas J350 Club Judogi Bianco\/Nero &#8211; Daisho<\/title>\n<meta name=\"description\" content=\"Il judogi J350 \u00e8 stato progettato appositamente per i principianti e i bambini. Combina comfort e praticit\u00e0. Scoprilo sul nostro sito www.daisho.be\/Daisho\" \/>\n<meta name=\"robots\" content=\"index, follow, max-snippet:-1, max-image-preview:large, max-video-preview:-1\" \/>\n<link rel=\"canonical\" href=\"https:\/\/www.daisho.be\/it\/produit\/adidas-j350-club-judogi-bianco-nero\/\" \/>\n<meta property=\"og:locale\" content=\"it_IT\" \/>\n<meta property=\"og:type\" content=\"article\" \/>\n<meta property=\"og:title\" content=\"Adidas J350 Club Judogi Bianco\/Nero &#8211; Daisho\" \/>\n<meta property=\"og:description\" content=\"Il judogi J350 \u00e8 stato progettato appositamente per i principianti e i bambini. Combina comfort e praticit\u00e0. Scoprilo sul nostro sito www.daisho.be\/Daisho\" \/>\n<meta property=\"og:url\" content=\"https:\/\/www.daisho.be\/it\/produit\/adidas-j350-club-judogi-bianco-nero\/\" \/>\n<meta property=\"og:site_name\" content=\"Daisho\" \/>\n<meta property=\"article:modified_time\" content=\"2026-04-28T16:10:10+00:00\" \/>\n<meta property=\"og:image\" content=\"https:\/\/www.daisho.be\/wp-content\/uploads\/2025\/01\/image-4.webp\" \/>\n\t<meta property=\"og:image:width\" content=\"758\" \/>\n\t<meta property=\"og:image:height\" content=\"1000\" \/>\n\t<meta property=\"og:image:type\" content=\"image\/webp\" \/>\n<meta name=\"twitter:card\" content=\"summary_large_image\" \/>\n<script type=\"application\/ld+json\" class=\"yoast-schema-graph\">{\"@context\":\"https:\/\/schema.org\",\"@graph\":[{\"@type\":\"WebPage\",\"@id\":\"https:\/\/www.daisho.be\/it\/produit\/adidas-j350-club-judogi-bianco-nero\/\",\"url\":\"https:\/\/www.daisho.be\/it\/produit\/adidas-j350-club-judogi-bianco-nero\/\",\"name\":\"Adidas J350 Club Judogi Bianco\/Nero &#8211; Daisho\",\"isPartOf\":{\"@id\":\"https:\/\/www.daisho.be\/it\/#website\"},\"primaryImageOfPage\":{\"@id\":\"https:\/\/www.daisho.be\/it\/produit\/adidas-j350-club-judogi-bianco-nero\/#primaryimage\"},\"image\":{\"@id\":\"https:\/\/www.daisho.be\/it\/produit\/adidas-j350-club-judogi-bianco-nero\/#primaryimage\"},\"thumbnailUrl\":\"https:\/\/www.daisho.be\/wp-content\/uploads\/2025\/01\/image-4.webp\",\"datePublished\":\"2025-01-07T13:13:51+00:00\",\"dateModified\":\"2026-04-28T16:10:10+00:00\",\"description\":\"Il judogi J350 \u00e8 stato progettato appositamente per i principianti e i bambini. Combina comfort e praticit\u00e0. Scoprilo sul nostro sito www.daisho.be\/Daisho\",\"breadcrumb\":{\"@id\":\"https:\/\/www.daisho.be\/it\/produit\/adidas-j350-club-judogi-bianco-nero\/#breadcrumb\"},\"inLanguage\":\"it-IT\",\"potentialAction\":[{\"@type\":\"ReadAction\",\"target\":[\"https:\/\/www.daisho.be\/it\/produit\/adidas-j350-club-judogi-bianco-nero\/\"]}]},{\"@type\":\"ImageObject\",\"inLanguage\":\"it-IT\",\"@id\":\"https:\/\/www.daisho.be\/it\/produit\/adidas-j350-club-judogi-bianco-nero\/#primaryimage\",\"url\":\"https:\/\/www.daisho.be\/wp-content\/uploads\/2025\/01\/image-4.webp\",\"contentUrl\":\"https:\/\/www.daisho.be\/wp-content\/uploads\/2025\/01\/image-4.webp\",\"width\":758,\"height\":1000,\"caption\":\"Adidas J350 Club Judogi Bianco\/Nero-1\"},{\"@type\":\"BreadcrumbList\",\"@id\":\"https:\/\/www.daisho.be\/it\/produit\/adidas-j350-club-judogi-bianco-nero\/#breadcrumb\",\"itemListElement\":[{\"@type\":\"ListItem\",\"position\":1,\"name\":\"Accueil\",\"item\":\"https:\/\/www.daisho.be\/it\/\"},{\"@type\":\"ListItem\",\"position\":2,\"name\":\"Prodotti\",\"item\":\"https:\/\/www.daisho.be\/it\/prodotti\/\"},{\"@type\":\"ListItem\",\"position\":3,\"name\":\"ADIDAS SPORT DA COMBATTIMENTO\",\"item\":\"https:\/\/www.daisho.be\/it\/categorie-produit\/adidas-sport-da-combattimento\/\"},{\"@type\":\"ListItem\",\"position\":4,\"name\":\"Jiu-Jitsu\",\"item\":\"https:\/\/www.daisho.be\/it\/categorie-produit\/adidas-sport-da-combattimento\/jiu-jitsu-it\/\"},{\"@type\":\"ListItem\",\"position\":5,\"name\":\"Kimono - Jiu-Jitsu Keikogi\",\"item\":\"https:\/\/www.daisho.be\/it\/categorie-produit\/adidas-sport-da-combattimento\/jiu-jitsu-it\/kimono-jiu-jitsu-keikogi-it\/\"},{\"@type\":\"ListItem\",\"position\":6,\"name\":\"Adidas J350 Club Judogi Bianco\/Nero\"}]},{\"@type\":\"WebSite\",\"@id\":\"https:\/\/www.daisho.be\/it\/#website\",\"url\":\"https:\/\/www.daisho.be\/it\/\",\"name\":\"Daisho\",\"description\":\"Sp&eacute;cialiste de l'&eacute;quipement sportif d'arts martiaux\",\"publisher\":{\"@id\":\"https:\/\/www.daisho.be\/it\/#organization\"},\"potentialAction\":[{\"@type\":\"SearchAction\",\"target\":{\"@type\":\"EntryPoint\",\"urlTemplate\":\"https:\/\/www.daisho.be\/it\/?s={search_term_string}\"},\"query-input\":{\"@type\":\"PropertyValueSpecification\",\"valueRequired\":true,\"valueName\":\"search_term_string\"}}],\"inLanguage\":\"it-IT\"},{\"@type\":\"Organization\",\"@id\":\"https:\/\/www.daisho.be\/it\/#organization\",\"name\":\"Daisho\",\"url\":\"https:\/\/www.daisho.be\/it\/\",\"logo\":{\"@type\":\"ImageObject\",\"inLanguage\":\"it-IT\",\"@id\":\"https:\/\/www.daisho.be\/it\/#\/schema\/logo\/image\/\",\"url\":\"https:\/\/www.daisho.be\/wp-content\/uploads\/2019\/07\/color-nothing-horizontale4x-e1564486100247.png\",\"contentUrl\":\"https:\/\/www.daisho.be\/wp-content\/uploads\/2019\/07\/color-nothing-horizontale4x-e1564486100247.png\",\"width\":1547,\"height\":385,\"caption\":\"Daisho\"},\"image\":{\"@id\":\"https:\/\/www.daisho.be\/it\/#\/schema\/logo\/image\/\"}}]}<\/script>\n<!-- \/ Yoast SEO plugin. -->","yoast_head_json":{"title":"Adidas J350 Club Judogi Bianco\/Nero &#8211; Daisho","description":"Il judogi J350 \u00e8 stato progettato appositamente per i principianti e i bambini. Combina comfort e praticit\u00e0. Scoprilo sul nostro sito www.daisho.be\/Daisho","robots":{"index":"index","follow":"follow","max-snippet":"max-snippet:-1","max-image-preview":"max-image-preview:large","max-video-preview":"max-video-preview:-1"},"canonical":"https:\/\/www.daisho.be\/it\/produit\/adidas-j350-club-judogi-bianco-nero\/","og_locale":"it_IT","og_type":"article","og_title":"Adidas J350 Club Judogi Bianco\/Nero &#8211; Daisho","og_description":"Il judogi J350 \u00e8 stato progettato appositamente per i principianti e i bambini. Combina comfort e praticit\u00e0. Scoprilo sul nostro sito www.daisho.be\/Daisho","og_url":"https:\/\/www.daisho.be\/it\/produit\/adidas-j350-club-judogi-bianco-nero\/","og_site_name":"Daisho","article_modified_time":"2026-04-28T16:10:10+00:00","og_image":[{"width":758,"height":1000,"url":"https:\/\/www.daisho.be\/wp-content\/uploads\/2025\/01\/image-4.webp","type":"image\/webp"}],"twitter_card":"summary_large_image","schema":{"@context":"https:\/\/schema.org","@graph":[{"@type":"WebPage","@id":"https:\/\/www.daisho.be\/it\/produit\/adidas-j350-club-judogi-bianco-nero\/","url":"https:\/\/www.daisho.be\/it\/produit\/adidas-j350-club-judogi-bianco-nero\/","name":"Adidas J350 Club Judogi Bianco\/Nero &#8211; Daisho","isPartOf":{"@id":"https:\/\/www.daisho.be\/it\/#website"},"primaryImageOfPage":{"@id":"https:\/\/www.daisho.be\/it\/produit\/adidas-j350-club-judogi-bianco-nero\/#primaryimage"},"image":{"@id":"https:\/\/www.daisho.be\/it\/produit\/adidas-j350-club-judogi-bianco-nero\/#primaryimage"},"thumbnailUrl":"https:\/\/www.daisho.be\/wp-content\/uploads\/2025\/01\/image-4.webp","datePublished":"2025-01-07T13:13:51+00:00","dateModified":"2026-04-28T16:10:10+00:00","description":"Il judogi J350 \u00e8 stato progettato appositamente per i principianti e i bambini. Combina comfort e praticit\u00e0. Scoprilo sul nostro sito www.daisho.be\/Daisho","breadcrumb":{"@id":"https:\/\/www.daisho.be\/it\/produit\/adidas-j350-club-judogi-bianco-nero\/#breadcrumb"},"inLanguage":"it-IT","potentialAction":[{"@type":"ReadAction","target":["https:\/\/www.daisho.be\/it\/produit\/adidas-j350-club-judogi-bianco-nero\/"]}]},{"@type":"ImageObject","inLanguage":"it-IT","@id":"https:\/\/www.daisho.be\/it\/produit\/adidas-j350-club-judogi-bianco-nero\/#primaryimage","url":"https:\/\/www.daisho.be\/wp-content\/uploads\/2025\/01\/image-4.webp","contentUrl":"https:\/\/www.daisho.be\/wp-content\/uploads\/2025\/01\/image-4.webp","width":758,"height":1000,"caption":"Adidas J350 Club Judogi Bianco\/Nero-1"},{"@type":"BreadcrumbList","@id":"https:\/\/www.daisho.be\/it\/produit\/adidas-j350-club-judogi-bianco-nero\/#breadcrumb","itemListElement":[{"@type":"ListItem","position":1,"name":"Accueil","item":"https:\/\/www.daisho.be\/it\/"},{"@type":"ListItem","position":2,"name":"Prodotti","item":"https:\/\/www.daisho.be\/it\/prodotti\/"},{"@type":"ListItem","position":3,"name":"ADIDAS SPORT DA COMBATTIMENTO","item":"https:\/\/www.daisho.be\/it\/categorie-produit\/adidas-sport-da-combattimento\/"},{"@type":"ListItem","position":4,"name":"Jiu-Jitsu","item":"https:\/\/www.daisho.be\/it\/categorie-produit\/adidas-sport-da-combattimento\/jiu-jitsu-it\/"},{"@type":"ListItem","position":5,"name":"Kimono - Jiu-Jitsu Keikogi","item":"https:\/\/www.daisho.be\/it\/categorie-produit\/adidas-sport-da-combattimento\/jiu-jitsu-it\/kimono-jiu-jitsu-keikogi-it\/"},{"@type":"ListItem","position":6,"name":"Adidas J350 Club Judogi Bianco\/Nero"}]},{"@type":"WebSite","@id":"https:\/\/www.daisho.be\/it\/#website","url":"https:\/\/www.daisho.be\/it\/","name":"Daisho","description":"Sp&eacute;cialiste de l'&eacute;quipement sportif d'arts martiaux","publisher":{"@id":"https:\/\/www.daisho.be\/it\/#organization"},"potentialAction":[{"@type":"SearchAction","target":{"@type":"EntryPoint","urlTemplate":"https:\/\/www.daisho.be\/it\/?s={search_term_string}"},"query-input":{"@type":"PropertyValueSpecification","valueRequired":true,"valueName":"search_term_string"}}],"inLanguage":"it-IT"},{"@type":"Organization","@id":"https:\/\/www.daisho.be\/it\/#organization","name":"Daisho","url":"https:\/\/www.daisho.be\/it\/","logo":{"@type":"ImageObject","inLanguage":"it-IT","@id":"https:\/\/www.daisho.be\/it\/#\/schema\/logo\/image\/","url":"https:\/\/www.daisho.be\/wp-content\/uploads\/2019\/07\/color-nothing-horizontale4x-e1564486100247.png","contentUrl":"https:\/\/www.daisho.be\/wp-content\/uploads\/2019\/07\/color-nothing-horizontale4x-e1564486100247.png","width":1547,"height":385,"caption":"Daisho"},"image":{"@id":"https:\/\/www.daisho.be\/it\/#\/schema\/logo\/image\/"}}]}},"_links":{"self":[{"href":"https:\/\/www.daisho.be\/it\/wp-json\/wp\/v2\/product\/482453","targetHints":{"allow":["GET"]}}],"collection":[{"href":"https:\/\/www.daisho.be\/it\/wp-json\/wp\/v2\/product"}],"about":[{"href":"https:\/\/www.daisho.be\/it\/wp-json\/wp\/v2\/types\/product"}],"replies":[{"embeddable":true,"href":"https:\/\/www.daisho.be\/it\/wp-json\/wp\/v2\/comments?post=482453"}],"wp:featuredmedia":[{"embeddable":true,"href":"https:\/\/www.daisho.be\/it\/wp-json\/wp\/v2\/media\/482017"}],"wp:attachment":[{"href":"https:\/\/www.daisho.be\/it\/wp-json\/wp\/v2\/media?parent=482453"}],"wp:term":[{"taxonomy":"product_brand","embeddable":true,"href":"https:\/\/www.daisho.be\/it\/wp-json\/wp\/v2\/product_brand?post=482453"},{"taxonomy":"product_cat","embeddable":true,"href":"https:\/\/www.daisho.be\/it\/wp-json\/wp\/v2\/product_cat?post=482453"},{"taxonomy":"product_tag","embeddable":true,"href":"https:\/\/www.daisho.be\/it\/wp-json\/wp\/v2\/product_tag?post=482453"},{"taxonomy":"sport","embeddable":true,"href":"https:\/\/www.daisho.be\/it\/wp-json\/wp\/v2\/sport?post=482453"}],"curies":[{"name":"wp","href":"https:\/\/api.w.org\/{rel}","templated":true}]}}