{"id":481867,"date":"2025-01-07T10:50:51","date_gmt":"2025-01-07T09:50:51","guid":{"rendered":"https:\/\/www.daisho.be\/produit\/prendi-la-giacca-keikogi-premium\/"},"modified":"2025-12-22T16:36:54","modified_gmt":"2025-12-22T15:36:54","slug":"prendi-la-giacca-keikogi-premium","status":"publish","type":"product","link":"https:\/\/www.daisho.be\/it\/produit\/prendi-la-giacca-keikogi-premium\/","title":{"rendered":"Prendi la giacca keikogi Premium"},"content":{"rendered":"<p>La giacca Take \u00e8 realizzata con una tela di cotone spessa e resistente, che \u00e8 stata foderata sul davanti dalla coscia in su, in modo da poterla rinforzare per le impegnative suwariwaza dell&#8217;Aikido. Il resto della giacca \u00e8 realizzato con un unico strato di tela di cotone, che la rende pi\u00f9 veloce da asciugare e pi\u00f9 comoda da indossare. I lacci possono essere stretti e legati con le corde sui lati. \u00c8 stata progettata per essere robusta e facile da indossare e per resistere ai movimenti tipici dei praticanti di Aikido. Queste giacche sono realizzate dai nostri sarti esperti nel laboratorio Tozando di Iwate, in Giappone.<\/p>\n<p>Caratteristiche: &#8211; Realizzate in cotone al 100% &#8211; Tessitura Sashiko nella parte superiore e motivo Hishizashi nella parte inferiore &#8211; Sono disponibili le versioni Regular Fit e Slim Fit &#8220;Y Type&#8221;. &#8211; Consigliato ai principianti e ai praticanti intermedi<\/p>\n","protected":false},"excerpt":{"rendered":"<p>La giacca Take \u00e8 realizzata con una tela di cotone spessa e resistente, che \u00e8 stata foderata sul davanti dalla coscia in su, in modo da poterla rinforzare per le impegnative suwariwaza dell&#8217;Aikido. Il resto della giacca \u00e8 realizzato con un unico strato di tela di cotone, che la rende pi\u00f9 veloce da asciugare e [&hellip;]<\/p>\n","protected":false},"featured_media":480538,"comment_status":"open","ping_status":"closed","template":"","meta":{"inline_featured_image":false},"product_brand":[],"product_cat":[2119,2125],"product_tag":[2331],"sport":[],"class_list":{"0":"post-481867","1":"product","2":"type-product","3":"status-publish","4":"has-post-thumbnail","6":"product_cat-abiti-kimono","7":"product_cat-kimono-di-aikido","8":"product_tag-tozando-it","9":"pa_size-87","10":"pa_size-1148","11":"pa_size-86","12":"pa_size-25-2","13":"pa_size-85","14":"pa_size-35-2","15":"pa_size-84","16":"pa_size-45-2","17":"pa_size-83","19":"first","20":"instock","21":"taxable","22":"shipping-taxable","23":"product-type-variable"},"yoast_head":"<!-- This site is optimized with the Yoast SEO plugin v27.2 - https:\/\/yoast.com\/product\/yoast-seo-wordpress\/ -->\n<title>Prendi la giacca keikogi Premium &#8211; Daisho<\/title>\n<meta name=\"robots\" content=\"index, follow, max-snippet:-1, max-image-preview:large, max-video-preview:-1\" \/>\n<link rel=\"canonical\" href=\"https:\/\/www.daisho.be\/it\/produit\/prendi-la-giacca-keikogi-premium\/\" \/>\n<meta property=\"og:locale\" content=\"it_IT\" \/>\n<meta property=\"og:type\" content=\"article\" \/>\n<meta property=\"og:title\" content=\"Prendi la giacca keikogi Premium &#8211; Daisho\" \/>\n<meta property=\"og:description\" content=\"La giacca Take \u00e8 realizzata con una tela di cotone spessa e resistente, che \u00e8 stata foderata sul davanti dalla coscia in su, in modo da poterla rinforzare per le impegnative suwariwaza dell&#8217;Aikido. Il resto della giacca \u00e8 realizzato con un unico strato di tela di cotone, che la rende pi\u00f9 veloce da asciugare e [&hellip;]\" \/>\n<meta property=\"og:url\" content=\"https:\/\/www.daisho.be\/it\/produit\/prendi-la-giacca-keikogi-premium\/\" \/>\n<meta property=\"og:site_name\" content=\"Daisho\" \/>\n<meta property=\"article:modified_time\" content=\"2025-12-22T15:36:54+00:00\" \/>\n<meta property=\"og:image\" content=\"https:\/\/www.daisho.be\/wp-content\/uploads\/2025\/01\/image.webp\" \/>\n\t<meta property=\"og:image:width\" content=\"600\" \/>\n\t<meta property=\"og:image:height\" content=\"600\" \/>\n\t<meta property=\"og:image:type\" content=\"image\/webp\" \/>\n<meta name=\"twitter:card\" content=\"summary_large_image\" \/>\n<meta name=\"twitter:label1\" content=\"Tempo di lettura stimato\" \/>\n\t<meta name=\"twitter:data1\" content=\"1 minuto\" \/>\n<script type=\"application\/ld+json\" class=\"yoast-schema-graph\">{\"@context\":\"https:\/\/schema.org\",\"@graph\":[{\"@type\":\"WebPage\",\"@id\":\"https:\/\/www.daisho.be\/it\/produit\/prendi-la-giacca-keikogi-premium\/\",\"url\":\"https:\/\/www.daisho.be\/it\/produit\/prendi-la-giacca-keikogi-premium\/\",\"name\":\"Prendi la giacca keikogi Premium &#8211; Daisho\",\"isPartOf\":{\"@id\":\"https:\/\/www.daisho.be\/it\/#website\"},\"primaryImageOfPage\":{\"@id\":\"https:\/\/www.daisho.be\/it\/produit\/prendi-la-giacca-keikogi-premium\/#primaryimage\"},\"image\":{\"@id\":\"https:\/\/www.daisho.be\/it\/produit\/prendi-la-giacca-keikogi-premium\/#primaryimage\"},\"thumbnailUrl\":\"https:\/\/www.daisho.be\/wp-content\/uploads\/2025\/01\/image.webp\",\"datePublished\":\"2025-01-07T09:50:51+00:00\",\"dateModified\":\"2025-12-22T15:36:54+00:00\",\"breadcrumb\":{\"@id\":\"https:\/\/www.daisho.be\/it\/produit\/prendi-la-giacca-keikogi-premium\/#breadcrumb\"},\"inLanguage\":\"it-IT\",\"potentialAction\":[{\"@type\":\"ReadAction\",\"target\":[\"https:\/\/www.daisho.be\/it\/produit\/prendi-la-giacca-keikogi-premium\/\"]}]},{\"@type\":\"ImageObject\",\"inLanguage\":\"it-IT\",\"@id\":\"https:\/\/www.daisho.be\/it\/produit\/prendi-la-giacca-keikogi-premium\/#primaryimage\",\"url\":\"https:\/\/www.daisho.be\/wp-content\/uploads\/2025\/01\/image.webp\",\"contentUrl\":\"https:\/\/www.daisho.be\/wp-content\/uploads\/2025\/01\/image.webp\",\"width\":600,\"height\":600,\"caption\":\"Prendi la giacca keikogi Premium-1\"},{\"@type\":\"BreadcrumbList\",\"@id\":\"https:\/\/www.daisho.be\/it\/produit\/prendi-la-giacca-keikogi-premium\/#breadcrumb\",\"itemListElement\":[{\"@type\":\"ListItem\",\"position\":1,\"name\":\"Accueil\",\"item\":\"https:\/\/www.daisho.be\/it\/\"},{\"@type\":\"ListItem\",\"position\":2,\"name\":\"Prodotti\",\"item\":\"https:\/\/www.daisho.be\/it\/prodotti\/\"},{\"@type\":\"ListItem\",\"position\":3,\"name\":\"Attrezzature e abbigliamento per arti marziali e sport da combattimento\",\"item\":\"https:\/\/www.daisho.be\/it\/categorie-produit\/attrezzature-e-abbigliamento-per-arti-marziali-e-sport-da-combattimento\/\"},{\"@type\":\"ListItem\",\"position\":4,\"name\":\"A\u00efkido\",\"item\":\"https:\/\/www.daisho.be\/it\/categorie-produit\/attrezzature-e-abbigliamento-per-arti-marziali-e-sport-da-combattimento\/aikido-it\/\"},{\"@type\":\"ListItem\",\"position\":5,\"name\":\"Kimono di Aikido\",\"item\":\"https:\/\/www.daisho.be\/it\/categorie-produit\/attrezzature-e-abbigliamento-per-arti-marziali-e-sport-da-combattimento\/aikido-it\/kimono-di-aikido\/\"},{\"@type\":\"ListItem\",\"position\":6,\"name\":\"Prendi la giacca keikogi Premium\"}]},{\"@type\":\"WebSite\",\"@id\":\"https:\/\/www.daisho.be\/it\/#website\",\"url\":\"https:\/\/www.daisho.be\/it\/\",\"name\":\"Daisho\",\"description\":\"Sp&eacute;cialiste de l'&eacute;quipement sportif d'arts martiaux\",\"publisher\":{\"@id\":\"https:\/\/www.daisho.be\/it\/#organization\"},\"potentialAction\":[{\"@type\":\"SearchAction\",\"target\":{\"@type\":\"EntryPoint\",\"urlTemplate\":\"https:\/\/www.daisho.be\/it\/?s={search_term_string}\"},\"query-input\":{\"@type\":\"PropertyValueSpecification\",\"valueRequired\":true,\"valueName\":\"search_term_string\"}}],\"inLanguage\":\"it-IT\"},{\"@type\":\"Organization\",\"@id\":\"https:\/\/www.daisho.be\/it\/#organization\",\"name\":\"Daisho\",\"url\":\"https:\/\/www.daisho.be\/it\/\",\"logo\":{\"@type\":\"ImageObject\",\"inLanguage\":\"it-IT\",\"@id\":\"https:\/\/www.daisho.be\/it\/#\/schema\/logo\/image\/\",\"url\":\"https:\/\/www.daisho.be\/wp-content\/uploads\/2019\/07\/color-nothing-horizontale4x-e1564486100247.png\",\"contentUrl\":\"https:\/\/www.daisho.be\/wp-content\/uploads\/2019\/07\/color-nothing-horizontale4x-e1564486100247.png\",\"width\":1547,\"height\":385,\"caption\":\"Daisho\"},\"image\":{\"@id\":\"https:\/\/www.daisho.be\/it\/#\/schema\/logo\/image\/\"}}]}<\/script>\n<!-- \/ Yoast SEO plugin. -->","yoast_head_json":{"title":"Prendi la giacca keikogi Premium &#8211; Daisho","robots":{"index":"index","follow":"follow","max-snippet":"max-snippet:-1","max-image-preview":"max-image-preview:large","max-video-preview":"max-video-preview:-1"},"canonical":"https:\/\/www.daisho.be\/it\/produit\/prendi-la-giacca-keikogi-premium\/","og_locale":"it_IT","og_type":"article","og_title":"Prendi la giacca keikogi Premium &#8211; Daisho","og_description":"La giacca Take \u00e8 realizzata con una tela di cotone spessa e resistente, che \u00e8 stata foderata sul davanti dalla coscia in su, in modo da poterla rinforzare per le impegnative suwariwaza dell&#8217;Aikido. Il resto della giacca \u00e8 realizzato con un unico strato di tela di cotone, che la rende pi\u00f9 veloce da asciugare e [&hellip;]","og_url":"https:\/\/www.daisho.be\/it\/produit\/prendi-la-giacca-keikogi-premium\/","og_site_name":"Daisho","article_modified_time":"2025-12-22T15:36:54+00:00","og_image":[{"width":600,"height":600,"url":"https:\/\/www.daisho.be\/wp-content\/uploads\/2025\/01\/image.webp","type":"image\/webp"}],"twitter_card":"summary_large_image","twitter_misc":{"Tempo di lettura stimato":"1 minuto"},"schema":{"@context":"https:\/\/schema.org","@graph":[{"@type":"WebPage","@id":"https:\/\/www.daisho.be\/it\/produit\/prendi-la-giacca-keikogi-premium\/","url":"https:\/\/www.daisho.be\/it\/produit\/prendi-la-giacca-keikogi-premium\/","name":"Prendi la giacca keikogi Premium &#8211; Daisho","isPartOf":{"@id":"https:\/\/www.daisho.be\/it\/#website"},"primaryImageOfPage":{"@id":"https:\/\/www.daisho.be\/it\/produit\/prendi-la-giacca-keikogi-premium\/#primaryimage"},"image":{"@id":"https:\/\/www.daisho.be\/it\/produit\/prendi-la-giacca-keikogi-premium\/#primaryimage"},"thumbnailUrl":"https:\/\/www.daisho.be\/wp-content\/uploads\/2025\/01\/image.webp","datePublished":"2025-01-07T09:50:51+00:00","dateModified":"2025-12-22T15:36:54+00:00","breadcrumb":{"@id":"https:\/\/www.daisho.be\/it\/produit\/prendi-la-giacca-keikogi-premium\/#breadcrumb"},"inLanguage":"it-IT","potentialAction":[{"@type":"ReadAction","target":["https:\/\/www.daisho.be\/it\/produit\/prendi-la-giacca-keikogi-premium\/"]}]},{"@type":"ImageObject","inLanguage":"it-IT","@id":"https:\/\/www.daisho.be\/it\/produit\/prendi-la-giacca-keikogi-premium\/#primaryimage","url":"https:\/\/www.daisho.be\/wp-content\/uploads\/2025\/01\/image.webp","contentUrl":"https:\/\/www.daisho.be\/wp-content\/uploads\/2025\/01\/image.webp","width":600,"height":600,"caption":"Prendi la giacca keikogi Premium-1"},{"@type":"BreadcrumbList","@id":"https:\/\/www.daisho.be\/it\/produit\/prendi-la-giacca-keikogi-premium\/#breadcrumb","itemListElement":[{"@type":"ListItem","position":1,"name":"Accueil","item":"https:\/\/www.daisho.be\/it\/"},{"@type":"ListItem","position":2,"name":"Prodotti","item":"https:\/\/www.daisho.be\/it\/prodotti\/"},{"@type":"ListItem","position":3,"name":"Attrezzature e abbigliamento per arti marziali e sport da combattimento","item":"https:\/\/www.daisho.be\/it\/categorie-produit\/attrezzature-e-abbigliamento-per-arti-marziali-e-sport-da-combattimento\/"},{"@type":"ListItem","position":4,"name":"A\u00efkido","item":"https:\/\/www.daisho.be\/it\/categorie-produit\/attrezzature-e-abbigliamento-per-arti-marziali-e-sport-da-combattimento\/aikido-it\/"},{"@type":"ListItem","position":5,"name":"Kimono di Aikido","item":"https:\/\/www.daisho.be\/it\/categorie-produit\/attrezzature-e-abbigliamento-per-arti-marziali-e-sport-da-combattimento\/aikido-it\/kimono-di-aikido\/"},{"@type":"ListItem","position":6,"name":"Prendi la giacca keikogi Premium"}]},{"@type":"WebSite","@id":"https:\/\/www.daisho.be\/it\/#website","url":"https:\/\/www.daisho.be\/it\/","name":"Daisho","description":"Sp&eacute;cialiste de l'&eacute;quipement sportif d'arts martiaux","publisher":{"@id":"https:\/\/www.daisho.be\/it\/#organization"},"potentialAction":[{"@type":"SearchAction","target":{"@type":"EntryPoint","urlTemplate":"https:\/\/www.daisho.be\/it\/?s={search_term_string}"},"query-input":{"@type":"PropertyValueSpecification","valueRequired":true,"valueName":"search_term_string"}}],"inLanguage":"it-IT"},{"@type":"Organization","@id":"https:\/\/www.daisho.be\/it\/#organization","name":"Daisho","url":"https:\/\/www.daisho.be\/it\/","logo":{"@type":"ImageObject","inLanguage":"it-IT","@id":"https:\/\/www.daisho.be\/it\/#\/schema\/logo\/image\/","url":"https:\/\/www.daisho.be\/wp-content\/uploads\/2019\/07\/color-nothing-horizontale4x-e1564486100247.png","contentUrl":"https:\/\/www.daisho.be\/wp-content\/uploads\/2019\/07\/color-nothing-horizontale4x-e1564486100247.png","width":1547,"height":385,"caption":"Daisho"},"image":{"@id":"https:\/\/www.daisho.be\/it\/#\/schema\/logo\/image\/"}}]}},"_links":{"self":[{"href":"https:\/\/www.daisho.be\/it\/wp-json\/wp\/v2\/product\/481867","targetHints":{"allow":["GET"]}}],"collection":[{"href":"https:\/\/www.daisho.be\/it\/wp-json\/wp\/v2\/product"}],"about":[{"href":"https:\/\/www.daisho.be\/it\/wp-json\/wp\/v2\/types\/product"}],"replies":[{"embeddable":true,"href":"https:\/\/www.daisho.be\/it\/wp-json\/wp\/v2\/comments?post=481867"}],"wp:featuredmedia":[{"embeddable":true,"href":"https:\/\/www.daisho.be\/it\/wp-json\/wp\/v2\/media\/480538"}],"wp:attachment":[{"href":"https:\/\/www.daisho.be\/it\/wp-json\/wp\/v2\/media?parent=481867"}],"wp:term":[{"taxonomy":"product_brand","embeddable":true,"href":"https:\/\/www.daisho.be\/it\/wp-json\/wp\/v2\/product_brand?post=481867"},{"taxonomy":"product_cat","embeddable":true,"href":"https:\/\/www.daisho.be\/it\/wp-json\/wp\/v2\/product_cat?post=481867"},{"taxonomy":"product_tag","embeddable":true,"href":"https:\/\/www.daisho.be\/it\/wp-json\/wp\/v2\/product_tag?post=481867"},{"taxonomy":"sport","embeddable":true,"href":"https:\/\/www.daisho.be\/it\/wp-json\/wp\/v2\/sport?post=481867"}],"curies":[{"name":"wp","href":"https:\/\/api.w.org\/{rel}","templated":true}]}}