{"id":473034,"date":"2024-12-12T12:55:44","date_gmt":"2024-12-12T11:55:44","guid":{"rendered":"https:\/\/www.daisho.be\/produit\/adidas-poomsae-dobok-premium\/"},"modified":"2025-02-25T15:10:27","modified_gmt":"2025-02-25T14:10:27","slug":"adidas-poomsae-dobok-premium","status":"publish","type":"product","link":"https:\/\/www.daisho.be\/it\/produit\/adidas-poomsae-dobok-premium\/","title":{"rendered":"adidas Poomsae dobok Premium"},"content":{"rendered":"<p>Questa tuta fa parte della collezione adidas, adatta al taekwondoka maschile e femminile.<\/p>\n<p>La giacca :<\/p>\n<p>&#8211; \u00e8 aperto,<\/p>\n<p>&#8211; \u00e8 legato ai lati,<\/p>\n<p>&#8211; Logo adidas sul petto a destra,<\/p>\n<p>&#8211; il rovescio \u00e8 nero.<\/p>\n<p>I pantaloni :<\/p>\n<p>&#8211; ha un elastico in vita,<\/p>\n<p>&#8211; ha un&#8217;allacciatura extra,<\/p>\n<p>&#8211; \u00e8 nero,<\/p>\n<p>&#8211; il logo adidas \u00e8 posizionato sulla coscia destra.<\/p>\n<p>Il dobok \u00e8 realizzato al 55% in cotone e al 45% in poliestere.<br \/>\nLa tuta \u00e8 approvata dal WT.<\/p>\n<p>Caratteristiche:<br \/>\nComposizione del materiale: 55% cotone, 45% poliestere<br \/>\nTaglie: 160 &#8211; 210 con incrementi di 10<br \/>\nColore: giacca dorata con risvolti neri, pantaloni neri<br \/>\nOmologato<\/p>\n","protected":false},"excerpt":{"rendered":"<p>Questa tuta fa parte della collezione adidas, adatta al taekwondoka maschile e femminile. La giacca : &#8211; \u00e8 aperto, &#8211; \u00e8 legato ai lati, &#8211; Logo adidas sul petto a destra, &#8211; il rovescio \u00e8 nero. I pantaloni : &#8211; ha un elastico in vita, &#8211; ha un&#8217;allacciatura extra, &#8211; \u00e8 nero, &#8211; il logo [&hellip;]<\/p>\n","protected":false},"featured_media":472983,"comment_status":"open","ping_status":"closed","template":"","meta":{"inline_featured_image":false},"product_brand":[],"product_cat":[2119,2288,2167],"product_tag":[2176],"sport":[],"class_list":{"0":"post-473034","1":"product","2":"type-product","3":"status-publish","4":"has-post-thumbnail","6":"product_cat-abiti-kimono","7":"product_cat-kimono-dobok-adidas-it","8":"product_cat-taekwondo-dobok-abbigliamento","9":"product_tag-adidas-it","10":"pa_size-379","11":"pa_size-378","12":"pa_size-377","13":"pa_size-376","14":"pa_size-383","15":"pa_size-382","17":"first","18":"instock","19":"taxable","20":"shipping-taxable","21":"purchasable","22":"product-type-variable"},"yoast_head":"<!-- This site is optimized with the Yoast SEO plugin v27.2 - https:\/\/yoast.com\/product\/yoast-seo-wordpress\/ -->\n<title>adidas Poomsae dobok Premium &#8211; Daisho<\/title>\n<meta name=\"description\" content=\"Il dobok-poomsae premium \u00e8 stato progettato appositamente per i Taekwondoka maschi e femmine. Scoprilo sul nostro sito web www.daisho.be\/Daisho\" \/>\n<meta name=\"robots\" content=\"index, follow, max-snippet:-1, max-image-preview:large, max-video-preview:-1\" \/>\n<link rel=\"canonical\" href=\"https:\/\/www.daisho.be\/it\/produit\/adidas-poomsae-dobok-premium\/\" \/>\n<meta property=\"og:locale\" content=\"it_IT\" \/>\n<meta property=\"og:type\" content=\"article\" \/>\n<meta property=\"og:title\" content=\"adidas Poomsae dobok Premium &#8211; Daisho\" \/>\n<meta property=\"og:description\" content=\"Il dobok-poomsae premium \u00e8 stato progettato appositamente per i Taekwondoka maschi e femmine. Scoprilo sul nostro sito web www.daisho.be\/Daisho\" \/>\n<meta property=\"og:url\" content=\"https:\/\/www.daisho.be\/it\/produit\/adidas-poomsae-dobok-premium\/\" \/>\n<meta property=\"og:site_name\" content=\"Daisho\" \/>\n<meta property=\"article:modified_time\" content=\"2025-02-25T14:10:27+00:00\" \/>\n<meta property=\"og:image\" content=\"https:\/\/www.daisho.be\/wp-content\/uploads\/2024\/12\/image-3.webp\" \/>\n\t<meta property=\"og:image:width\" content=\"916\" \/>\n\t<meta property=\"og:image:height\" content=\"1200\" \/>\n\t<meta property=\"og:image:type\" content=\"image\/webp\" \/>\n<meta name=\"twitter:card\" content=\"summary_large_image\" \/>\n<script type=\"application\/ld+json\" class=\"yoast-schema-graph\">{\"@context\":\"https:\/\/schema.org\",\"@graph\":[{\"@type\":\"WebPage\",\"@id\":\"https:\/\/www.daisho.be\/it\/produit\/adidas-poomsae-dobok-premium\/\",\"url\":\"https:\/\/www.daisho.be\/it\/produit\/adidas-poomsae-dobok-premium\/\",\"name\":\"adidas Poomsae dobok Premium &#8211; Daisho\",\"isPartOf\":{\"@id\":\"https:\/\/www.daisho.be\/it\/#website\"},\"primaryImageOfPage\":{\"@id\":\"https:\/\/www.daisho.be\/it\/produit\/adidas-poomsae-dobok-premium\/#primaryimage\"},\"image\":{\"@id\":\"https:\/\/www.daisho.be\/it\/produit\/adidas-poomsae-dobok-premium\/#primaryimage\"},\"thumbnailUrl\":\"https:\/\/www.daisho.be\/wp-content\/uploads\/2024\/12\/image-3.webp\",\"datePublished\":\"2024-12-12T11:55:44+00:00\",\"dateModified\":\"2025-02-25T14:10:27+00:00\",\"description\":\"Il dobok-poomsae premium \u00e8 stato progettato appositamente per i Taekwondoka maschi e femmine. Scoprilo sul nostro sito web www.daisho.be\/Daisho\",\"breadcrumb\":{\"@id\":\"https:\/\/www.daisho.be\/it\/produit\/adidas-poomsae-dobok-premium\/#breadcrumb\"},\"inLanguage\":\"it-IT\",\"potentialAction\":[{\"@type\":\"ReadAction\",\"target\":[\"https:\/\/www.daisho.be\/it\/produit\/adidas-poomsae-dobok-premium\/\"]}]},{\"@type\":\"ImageObject\",\"inLanguage\":\"it-IT\",\"@id\":\"https:\/\/www.daisho.be\/it\/produit\/adidas-poomsae-dobok-premium\/#primaryimage\",\"url\":\"https:\/\/www.daisho.be\/wp-content\/uploads\/2024\/12\/image-3.webp\",\"contentUrl\":\"https:\/\/www.daisho.be\/wp-content\/uploads\/2024\/12\/image-3.webp\",\"width\":916,\"height\":1200,\"caption\":\"adidas Poomsae dobok Premium-2\"},{\"@type\":\"BreadcrumbList\",\"@id\":\"https:\/\/www.daisho.be\/it\/produit\/adidas-poomsae-dobok-premium\/#breadcrumb\",\"itemListElement\":[{\"@type\":\"ListItem\",\"position\":1,\"name\":\"Accueil\",\"item\":\"https:\/\/www.daisho.be\/it\/\"},{\"@type\":\"ListItem\",\"position\":2,\"name\":\"Prodotti\",\"item\":\"https:\/\/www.daisho.be\/it\/prodotti\/\"},{\"@type\":\"ListItem\",\"position\":3,\"name\":\"ADIDAS SPORT DA COMBATTIMENTO\",\"item\":\"https:\/\/www.daisho.be\/it\/categorie-produit\/adidas-sport-da-combattimento\/\"},{\"@type\":\"ListItem\",\"position\":4,\"name\":\"Taekwondo\",\"item\":\"https:\/\/www.daisho.be\/it\/categorie-produit\/adidas-sport-da-combattimento\/taekwondo-it\/\"},{\"@type\":\"ListItem\",\"position\":5,\"name\":\"Kimono - Dobok Adidas\",\"item\":\"https:\/\/www.daisho.be\/it\/categorie-produit\/adidas-sport-da-combattimento\/taekwondo-it\/kimono-dobok-adidas-it\/\"},{\"@type\":\"ListItem\",\"position\":6,\"name\":\"adidas Poomsae dobok Premium\"}]},{\"@type\":\"WebSite\",\"@id\":\"https:\/\/www.daisho.be\/it\/#website\",\"url\":\"https:\/\/www.daisho.be\/it\/\",\"name\":\"Daisho\",\"description\":\"Sp&eacute;cialiste de l'&eacute;quipement sportif d'arts martiaux\",\"publisher\":{\"@id\":\"https:\/\/www.daisho.be\/it\/#organization\"},\"potentialAction\":[{\"@type\":\"SearchAction\",\"target\":{\"@type\":\"EntryPoint\",\"urlTemplate\":\"https:\/\/www.daisho.be\/it\/?s={search_term_string}\"},\"query-input\":{\"@type\":\"PropertyValueSpecification\",\"valueRequired\":true,\"valueName\":\"search_term_string\"}}],\"inLanguage\":\"it-IT\"},{\"@type\":\"Organization\",\"@id\":\"https:\/\/www.daisho.be\/it\/#organization\",\"name\":\"Daisho\",\"url\":\"https:\/\/www.daisho.be\/it\/\",\"logo\":{\"@type\":\"ImageObject\",\"inLanguage\":\"it-IT\",\"@id\":\"https:\/\/www.daisho.be\/it\/#\/schema\/logo\/image\/\",\"url\":\"https:\/\/www.daisho.be\/wp-content\/uploads\/2019\/07\/color-nothing-horizontale4x-e1564486100247.png\",\"contentUrl\":\"https:\/\/www.daisho.be\/wp-content\/uploads\/2019\/07\/color-nothing-horizontale4x-e1564486100247.png\",\"width\":1547,\"height\":385,\"caption\":\"Daisho\"},\"image\":{\"@id\":\"https:\/\/www.daisho.be\/it\/#\/schema\/logo\/image\/\"}}]}<\/script>\n<!-- \/ Yoast SEO plugin. -->","yoast_head_json":{"title":"adidas Poomsae dobok Premium &#8211; Daisho","description":"Il dobok-poomsae premium \u00e8 stato progettato appositamente per i Taekwondoka maschi e femmine. Scoprilo sul nostro sito web www.daisho.be\/Daisho","robots":{"index":"index","follow":"follow","max-snippet":"max-snippet:-1","max-image-preview":"max-image-preview:large","max-video-preview":"max-video-preview:-1"},"canonical":"https:\/\/www.daisho.be\/it\/produit\/adidas-poomsae-dobok-premium\/","og_locale":"it_IT","og_type":"article","og_title":"adidas Poomsae dobok Premium &#8211; Daisho","og_description":"Il dobok-poomsae premium \u00e8 stato progettato appositamente per i Taekwondoka maschi e femmine. Scoprilo sul nostro sito web www.daisho.be\/Daisho","og_url":"https:\/\/www.daisho.be\/it\/produit\/adidas-poomsae-dobok-premium\/","og_site_name":"Daisho","article_modified_time":"2025-02-25T14:10:27+00:00","og_image":[{"width":916,"height":1200,"url":"https:\/\/www.daisho.be\/wp-content\/uploads\/2024\/12\/image-3.webp","type":"image\/webp"}],"twitter_card":"summary_large_image","schema":{"@context":"https:\/\/schema.org","@graph":[{"@type":"WebPage","@id":"https:\/\/www.daisho.be\/it\/produit\/adidas-poomsae-dobok-premium\/","url":"https:\/\/www.daisho.be\/it\/produit\/adidas-poomsae-dobok-premium\/","name":"adidas Poomsae dobok Premium &#8211; Daisho","isPartOf":{"@id":"https:\/\/www.daisho.be\/it\/#website"},"primaryImageOfPage":{"@id":"https:\/\/www.daisho.be\/it\/produit\/adidas-poomsae-dobok-premium\/#primaryimage"},"image":{"@id":"https:\/\/www.daisho.be\/it\/produit\/adidas-poomsae-dobok-premium\/#primaryimage"},"thumbnailUrl":"https:\/\/www.daisho.be\/wp-content\/uploads\/2024\/12\/image-3.webp","datePublished":"2024-12-12T11:55:44+00:00","dateModified":"2025-02-25T14:10:27+00:00","description":"Il dobok-poomsae premium \u00e8 stato progettato appositamente per i Taekwondoka maschi e femmine. Scoprilo sul nostro sito web www.daisho.be\/Daisho","breadcrumb":{"@id":"https:\/\/www.daisho.be\/it\/produit\/adidas-poomsae-dobok-premium\/#breadcrumb"},"inLanguage":"it-IT","potentialAction":[{"@type":"ReadAction","target":["https:\/\/www.daisho.be\/it\/produit\/adidas-poomsae-dobok-premium\/"]}]},{"@type":"ImageObject","inLanguage":"it-IT","@id":"https:\/\/www.daisho.be\/it\/produit\/adidas-poomsae-dobok-premium\/#primaryimage","url":"https:\/\/www.daisho.be\/wp-content\/uploads\/2024\/12\/image-3.webp","contentUrl":"https:\/\/www.daisho.be\/wp-content\/uploads\/2024\/12\/image-3.webp","width":916,"height":1200,"caption":"adidas Poomsae dobok Premium-2"},{"@type":"BreadcrumbList","@id":"https:\/\/www.daisho.be\/it\/produit\/adidas-poomsae-dobok-premium\/#breadcrumb","itemListElement":[{"@type":"ListItem","position":1,"name":"Accueil","item":"https:\/\/www.daisho.be\/it\/"},{"@type":"ListItem","position":2,"name":"Prodotti","item":"https:\/\/www.daisho.be\/it\/prodotti\/"},{"@type":"ListItem","position":3,"name":"ADIDAS SPORT DA COMBATTIMENTO","item":"https:\/\/www.daisho.be\/it\/categorie-produit\/adidas-sport-da-combattimento\/"},{"@type":"ListItem","position":4,"name":"Taekwondo","item":"https:\/\/www.daisho.be\/it\/categorie-produit\/adidas-sport-da-combattimento\/taekwondo-it\/"},{"@type":"ListItem","position":5,"name":"Kimono - Dobok Adidas","item":"https:\/\/www.daisho.be\/it\/categorie-produit\/adidas-sport-da-combattimento\/taekwondo-it\/kimono-dobok-adidas-it\/"},{"@type":"ListItem","position":6,"name":"adidas Poomsae dobok Premium"}]},{"@type":"WebSite","@id":"https:\/\/www.daisho.be\/it\/#website","url":"https:\/\/www.daisho.be\/it\/","name":"Daisho","description":"Sp&eacute;cialiste de l'&eacute;quipement sportif d'arts martiaux","publisher":{"@id":"https:\/\/www.daisho.be\/it\/#organization"},"potentialAction":[{"@type":"SearchAction","target":{"@type":"EntryPoint","urlTemplate":"https:\/\/www.daisho.be\/it\/?s={search_term_string}"},"query-input":{"@type":"PropertyValueSpecification","valueRequired":true,"valueName":"search_term_string"}}],"inLanguage":"it-IT"},{"@type":"Organization","@id":"https:\/\/www.daisho.be\/it\/#organization","name":"Daisho","url":"https:\/\/www.daisho.be\/it\/","logo":{"@type":"ImageObject","inLanguage":"it-IT","@id":"https:\/\/www.daisho.be\/it\/#\/schema\/logo\/image\/","url":"https:\/\/www.daisho.be\/wp-content\/uploads\/2019\/07\/color-nothing-horizontale4x-e1564486100247.png","contentUrl":"https:\/\/www.daisho.be\/wp-content\/uploads\/2019\/07\/color-nothing-horizontale4x-e1564486100247.png","width":1547,"height":385,"caption":"Daisho"},"image":{"@id":"https:\/\/www.daisho.be\/it\/#\/schema\/logo\/image\/"}}]}},"_links":{"self":[{"href":"https:\/\/www.daisho.be\/it\/wp-json\/wp\/v2\/product\/473034","targetHints":{"allow":["GET"]}}],"collection":[{"href":"https:\/\/www.daisho.be\/it\/wp-json\/wp\/v2\/product"}],"about":[{"href":"https:\/\/www.daisho.be\/it\/wp-json\/wp\/v2\/types\/product"}],"replies":[{"embeddable":true,"href":"https:\/\/www.daisho.be\/it\/wp-json\/wp\/v2\/comments?post=473034"}],"wp:featuredmedia":[{"embeddable":true,"href":"https:\/\/www.daisho.be\/it\/wp-json\/wp\/v2\/media\/472983"}],"wp:attachment":[{"href":"https:\/\/www.daisho.be\/it\/wp-json\/wp\/v2\/media?parent=473034"}],"wp:term":[{"taxonomy":"product_brand","embeddable":true,"href":"https:\/\/www.daisho.be\/it\/wp-json\/wp\/v2\/product_brand?post=473034"},{"taxonomy":"product_cat","embeddable":true,"href":"https:\/\/www.daisho.be\/it\/wp-json\/wp\/v2\/product_cat?post=473034"},{"taxonomy":"product_tag","embeddable":true,"href":"https:\/\/www.daisho.be\/it\/wp-json\/wp\/v2\/product_tag?post=473034"},{"taxonomy":"sport","embeddable":true,"href":"https:\/\/www.daisho.be\/it\/wp-json\/wp\/v2\/sport?post=473034"}],"curies":[{"name":"wp","href":"https:\/\/api.w.org\/{rel}","templated":true}]}}