{"id":464300,"date":"2024-03-15T12:41:23","date_gmt":"2024-03-15T11:41:23","guid":{"rendered":"https:\/\/www.daisho.be\/produit\/karategi-tokaido-kumite-master-velcro-wkf\/"},"modified":"2026-03-04T14:42:32","modified_gmt":"2026-03-04T13:42:32","slug":"karategi-tokaido-kumite-master-velcro-wkf","status":"publish","type":"product","link":"https:\/\/www.daisho.be\/it\/produit\/karategi-tokaido-kumite-master-velcro-wkf\/","title":{"rendered":"KARATEGI TOKAIDO KUMITE MASTER VELCRO &#8211; WKF"},"content":{"rendered":"<p>Karate Gi, TOKAIDO Kumit\u00e9 Master Velcro, WKF<br \/>\nIl Kumit\u00e9 Master VELCRO \u00e8 il primo giubbotto da karate con toppe rimovibili sulle spalle di colore rosso e blu.<br \/>\nIn questo modo \u00e8 facile e veloce passare dal ricamo della spalla rossa al ricamo della spalla blu.<br \/>\nPer una gara secondo le regole del WKF \u00e8 necessario un solo karategi!<br \/>\nIl grande comfort del completo da karate \u00e8 perfettamente completato dalla sua enorme resistenza e dall&#8217;elastico extra morbido in vita.<\/p>\n<p>Caratteristiche :<br \/>\nColore: bianco<br \/>\nTessuto: 100% poliestere<br \/>\nAdatto a: Kumit\u00e9<br \/>\nVestibilit\u00e0: Slim Fit, Kumit\u00e9 fit<br \/>\nSpessore: 3,5 oz.<br \/>\nConsigliato per: Professionisti<br \/>\nSport : Karate<\/p>\n<p>Un giubbotto di karate Slim Fit che calza perfettamente: Giacca slim-fit con &#8220;Smart Shoulder&#8221;. Le maniche e le gambe dei pantaloni sono pi\u00f9 strette.<br \/>\nI due polsini della giacca sono realizzati in tessuto elasticizzato, per cui durano pi\u00f9 a lungo.<br \/>\nLe toppe rimovibili sulle spalle in rosso e blu sono incluse<br \/>\nI pantaloni sono dotati di un elastico extra largo e morbido, per un grande comfort d&#8217;indosso senza punti di pressione dolorosi.<br \/>\nLe gambe dei pantaloni hanno un posto speciale per le protezioni dei piedi.<br \/>\n  Un altro punto di forza: all&#8217;interno dei pantaloni \u00e8 stata inserita una piccola tasca per proteggere i denti.<br \/>\n  La grande stampa tradizionale giapponese all&#8217;interno della giacca attira l&#8217;attenzione.<br \/>\nIl ricamo sulle spalle su entrambi i lati (&#8220;Tokaido&#8221; in kanji giapponese) conferisce al Gi un tocco speciale e un aspetto unico e nobile.<br \/>\nGli inserti multipli in rete elasticizzata sulla giacca e sui pantaloni garantiscono un&#8217;eccellente durata.<br \/>\nGli inserti elastici all&#8217;interno dei pantaloni offrono al combattente un&#8217;impareggiabile libert\u00e0 di movimento nelle gambe.<br \/>\nGrazie al 100% di poliestere, la tuta rimane stabile anche dopo diversi lavaggi (non si restringe).<br \/>\nGi ultraleggero: la combinazione di materiali leggeri (3,5 oz) e vestibilit\u00e0 slim elimina i tessuti inutili e distraenti per ridurre il peso.<br \/>\nGi di Karate approvato dalla WKF<br \/>\nLogo Tokaido ricamato sul petto, sul collo e ora anche sui pantaloni!<\/p>\n","protected":false},"excerpt":{"rendered":"<p>Karate Gi, TOKAIDO Kumit\u00e9 Master Velcro, WKF Il Kumit\u00e9 Master VELCRO \u00e8 il primo giubbotto da karate con toppe rimovibili sulle spalle di colore rosso e blu. In questo modo \u00e8 facile e veloce passare dal ricamo della spalla rossa al ricamo della spalla blu. Per una gara secondo le regole del WKF \u00e8 necessario [&hellip;]<\/p>\n","protected":false},"featured_media":464303,"comment_status":"open","ping_status":"closed","template":"","meta":{"inline_featured_image":false},"product_brand":[],"product_cat":[2119,2007],"product_tag":[2006],"sport":[],"class_list":{"0":"post-464300","1":"product","2":"type-product","3":"status-publish","4":"has-post-thumbnail","6":"product_cat-abiti-kimono","7":"product_cat-kimono-da-karate","8":"product_tag-tokaido-it","9":"pa_size-380","10":"pa_size-388","11":"pa_size-379","12":"pa_size-387","13":"pa_size-378","14":"pa_size-386","15":"pa_size-377","16":"pa_size-385","17":"pa_size-376","18":"pa_size-384","19":"pa_size-383","21":"first","22":"instock","23":"taxable","24":"shipping-taxable","25":"purchasable","26":"product-type-variable"},"yoast_head":"<!-- This site is optimized with the Yoast SEO plugin v27.2 - https:\/\/yoast.com\/product\/yoast-seo-wordpress\/ -->\n<title>KARATEGI TOKAIDO KUMITE MASTER VELCRO - WKF &#8211; Daisho<\/title>\n<meta name=\"robots\" content=\"index, follow, max-snippet:-1, max-image-preview:large, max-video-preview:-1\" \/>\n<link rel=\"canonical\" href=\"https:\/\/www.daisho.be\/it\/produit\/karategi-tokaido-kumite-master-velcro-wkf\/\" \/>\n<meta property=\"og:locale\" content=\"it_IT\" \/>\n<meta property=\"og:type\" content=\"article\" \/>\n<meta property=\"og:title\" content=\"KARATEGI TOKAIDO KUMITE MASTER VELCRO - WKF &#8211; Daisho\" \/>\n<meta property=\"og:description\" content=\"Karate Gi, TOKAIDO Kumit\u00e9 Master Velcro, WKF Il Kumit\u00e9 Master VELCRO \u00e8 il primo giubbotto da karate con toppe rimovibili sulle spalle di colore rosso e blu. In questo modo \u00e8 facile e veloce passare dal ricamo della spalla rossa al ricamo della spalla blu. Per una gara secondo le regole del WKF \u00e8 necessario [&hellip;]\" \/>\n<meta property=\"og:url\" content=\"https:\/\/www.daisho.be\/it\/produit\/karategi-tokaido-kumite-master-velcro-wkf\/\" \/>\n<meta property=\"og:site_name\" content=\"Daisho\" \/>\n<meta property=\"article:modified_time\" content=\"2026-03-04T13:42:32+00:00\" \/>\n<meta property=\"og:image\" content=\"https:\/\/www.daisho.be\/wp-content\/uploads\/2024\/03\/image-9.jpg\" \/>\n\t<meta property=\"og:image:width\" content=\"800\" \/>\n\t<meta property=\"og:image:height\" content=\"1280\" \/>\n\t<meta property=\"og:image:type\" content=\"image\/jpeg\" \/>\n<meta name=\"twitter:card\" content=\"summary_large_image\" \/>\n<meta name=\"twitter:label1\" content=\"Tempo di lettura stimato\" \/>\n\t<meta name=\"twitter:data1\" content=\"2 minuti\" \/>\n<script type=\"application\/ld+json\" class=\"yoast-schema-graph\">{\"@context\":\"https:\/\/schema.org\",\"@graph\":[{\"@type\":\"WebPage\",\"@id\":\"https:\/\/www.daisho.be\/it\/produit\/karategi-tokaido-kumite-master-velcro-wkf\/\",\"url\":\"https:\/\/www.daisho.be\/it\/produit\/karategi-tokaido-kumite-master-velcro-wkf\/\",\"name\":\"KARATEGI TOKAIDO KUMITE MASTER VELCRO - WKF &#8211; Daisho\",\"isPartOf\":{\"@id\":\"https:\/\/www.daisho.be\/it\/#website\"},\"primaryImageOfPage\":{\"@id\":\"https:\/\/www.daisho.be\/it\/produit\/karategi-tokaido-kumite-master-velcro-wkf\/#primaryimage\"},\"image\":{\"@id\":\"https:\/\/www.daisho.be\/it\/produit\/karategi-tokaido-kumite-master-velcro-wkf\/#primaryimage\"},\"thumbnailUrl\":\"https:\/\/www.daisho.be\/wp-content\/uploads\/2024\/03\/image-9.jpg\",\"datePublished\":\"2024-03-15T11:41:23+00:00\",\"dateModified\":\"2026-03-04T13:42:32+00:00\",\"breadcrumb\":{\"@id\":\"https:\/\/www.daisho.be\/it\/produit\/karategi-tokaido-kumite-master-velcro-wkf\/#breadcrumb\"},\"inLanguage\":\"it-IT\",\"potentialAction\":[{\"@type\":\"ReadAction\",\"target\":[\"https:\/\/www.daisho.be\/it\/produit\/karategi-tokaido-kumite-master-velcro-wkf\/\"]}]},{\"@type\":\"ImageObject\",\"inLanguage\":\"it-IT\",\"@id\":\"https:\/\/www.daisho.be\/it\/produit\/karategi-tokaido-kumite-master-velcro-wkf\/#primaryimage\",\"url\":\"https:\/\/www.daisho.be\/wp-content\/uploads\/2024\/03\/image-9.jpg\",\"contentUrl\":\"https:\/\/www.daisho.be\/wp-content\/uploads\/2024\/03\/image-9.jpg\",\"width\":800,\"height\":1280,\"caption\":\"KARATEGI TOKAIDO KUMITE MASTER VELCRO - WKF-1\"},{\"@type\":\"BreadcrumbList\",\"@id\":\"https:\/\/www.daisho.be\/it\/produit\/karategi-tokaido-kumite-master-velcro-wkf\/#breadcrumb\",\"itemListElement\":[{\"@type\":\"ListItem\",\"position\":1,\"name\":\"Accueil\",\"item\":\"https:\/\/www.daisho.be\/it\/\"},{\"@type\":\"ListItem\",\"position\":2,\"name\":\"Prodotti\",\"item\":\"https:\/\/www.daisho.be\/it\/prodotti\/\"},{\"@type\":\"ListItem\",\"position\":3,\"name\":\"Attrezzature e abbigliamento per arti marziali e sport da combattimento\",\"item\":\"https:\/\/www.daisho.be\/it\/categorie-produit\/attrezzature-e-abbigliamento-per-arti-marziali-e-sport-da-combattimento\/\"},{\"@type\":\"ListItem\",\"position\":4,\"name\":\"Karate\",\"item\":\"https:\/\/www.daisho.be\/it\/categorie-produit\/attrezzature-e-abbigliamento-per-arti-marziali-e-sport-da-combattimento\/karate-it-2\/\"},{\"@type\":\"ListItem\",\"position\":5,\"name\":\"Kimono da karate\",\"item\":\"https:\/\/www.daisho.be\/it\/categorie-produit\/attrezzature-e-abbigliamento-per-arti-marziali-e-sport-da-combattimento\/karate-it-2\/kimono-da-karate\/\"},{\"@type\":\"ListItem\",\"position\":6,\"name\":\"KARATEGI TOKAIDO KUMITE MASTER VELCRO &#8211; WKF\"}]},{\"@type\":\"WebSite\",\"@id\":\"https:\/\/www.daisho.be\/it\/#website\",\"url\":\"https:\/\/www.daisho.be\/it\/\",\"name\":\"Daisho\",\"description\":\"Sp&eacute;cialiste de l'&eacute;quipement sportif d'arts martiaux\",\"publisher\":{\"@id\":\"https:\/\/www.daisho.be\/it\/#organization\"},\"potentialAction\":[{\"@type\":\"SearchAction\",\"target\":{\"@type\":\"EntryPoint\",\"urlTemplate\":\"https:\/\/www.daisho.be\/it\/?s={search_term_string}\"},\"query-input\":{\"@type\":\"PropertyValueSpecification\",\"valueRequired\":true,\"valueName\":\"search_term_string\"}}],\"inLanguage\":\"it-IT\"},{\"@type\":\"Organization\",\"@id\":\"https:\/\/www.daisho.be\/it\/#organization\",\"name\":\"Daisho\",\"url\":\"https:\/\/www.daisho.be\/it\/\",\"logo\":{\"@type\":\"ImageObject\",\"inLanguage\":\"it-IT\",\"@id\":\"https:\/\/www.daisho.be\/it\/#\/schema\/logo\/image\/\",\"url\":\"https:\/\/www.daisho.be\/wp-content\/uploads\/2019\/07\/color-nothing-horizontale4x-e1564486100247.png\",\"contentUrl\":\"https:\/\/www.daisho.be\/wp-content\/uploads\/2019\/07\/color-nothing-horizontale4x-e1564486100247.png\",\"width\":1547,\"height\":385,\"caption\":\"Daisho\"},\"image\":{\"@id\":\"https:\/\/www.daisho.be\/it\/#\/schema\/logo\/image\/\"}}]}<\/script>\n<!-- \/ Yoast SEO plugin. -->","yoast_head_json":{"title":"KARATEGI TOKAIDO KUMITE MASTER VELCRO - WKF &#8211; Daisho","robots":{"index":"index","follow":"follow","max-snippet":"max-snippet:-1","max-image-preview":"max-image-preview:large","max-video-preview":"max-video-preview:-1"},"canonical":"https:\/\/www.daisho.be\/it\/produit\/karategi-tokaido-kumite-master-velcro-wkf\/","og_locale":"it_IT","og_type":"article","og_title":"KARATEGI TOKAIDO KUMITE MASTER VELCRO - WKF &#8211; Daisho","og_description":"Karate Gi, TOKAIDO Kumit\u00e9 Master Velcro, WKF Il Kumit\u00e9 Master VELCRO \u00e8 il primo giubbotto da karate con toppe rimovibili sulle spalle di colore rosso e blu. In questo modo \u00e8 facile e veloce passare dal ricamo della spalla rossa al ricamo della spalla blu. Per una gara secondo le regole del WKF \u00e8 necessario [&hellip;]","og_url":"https:\/\/www.daisho.be\/it\/produit\/karategi-tokaido-kumite-master-velcro-wkf\/","og_site_name":"Daisho","article_modified_time":"2026-03-04T13:42:32+00:00","og_image":[{"width":800,"height":1280,"url":"https:\/\/www.daisho.be\/wp-content\/uploads\/2024\/03\/image-9.jpg","type":"image\/jpeg"}],"twitter_card":"summary_large_image","twitter_misc":{"Tempo di lettura stimato":"2 minuti"},"schema":{"@context":"https:\/\/schema.org","@graph":[{"@type":"WebPage","@id":"https:\/\/www.daisho.be\/it\/produit\/karategi-tokaido-kumite-master-velcro-wkf\/","url":"https:\/\/www.daisho.be\/it\/produit\/karategi-tokaido-kumite-master-velcro-wkf\/","name":"KARATEGI TOKAIDO KUMITE MASTER VELCRO - WKF &#8211; Daisho","isPartOf":{"@id":"https:\/\/www.daisho.be\/it\/#website"},"primaryImageOfPage":{"@id":"https:\/\/www.daisho.be\/it\/produit\/karategi-tokaido-kumite-master-velcro-wkf\/#primaryimage"},"image":{"@id":"https:\/\/www.daisho.be\/it\/produit\/karategi-tokaido-kumite-master-velcro-wkf\/#primaryimage"},"thumbnailUrl":"https:\/\/www.daisho.be\/wp-content\/uploads\/2024\/03\/image-9.jpg","datePublished":"2024-03-15T11:41:23+00:00","dateModified":"2026-03-04T13:42:32+00:00","breadcrumb":{"@id":"https:\/\/www.daisho.be\/it\/produit\/karategi-tokaido-kumite-master-velcro-wkf\/#breadcrumb"},"inLanguage":"it-IT","potentialAction":[{"@type":"ReadAction","target":["https:\/\/www.daisho.be\/it\/produit\/karategi-tokaido-kumite-master-velcro-wkf\/"]}]},{"@type":"ImageObject","inLanguage":"it-IT","@id":"https:\/\/www.daisho.be\/it\/produit\/karategi-tokaido-kumite-master-velcro-wkf\/#primaryimage","url":"https:\/\/www.daisho.be\/wp-content\/uploads\/2024\/03\/image-9.jpg","contentUrl":"https:\/\/www.daisho.be\/wp-content\/uploads\/2024\/03\/image-9.jpg","width":800,"height":1280,"caption":"KARATEGI TOKAIDO KUMITE MASTER VELCRO - WKF-1"},{"@type":"BreadcrumbList","@id":"https:\/\/www.daisho.be\/it\/produit\/karategi-tokaido-kumite-master-velcro-wkf\/#breadcrumb","itemListElement":[{"@type":"ListItem","position":1,"name":"Accueil","item":"https:\/\/www.daisho.be\/it\/"},{"@type":"ListItem","position":2,"name":"Prodotti","item":"https:\/\/www.daisho.be\/it\/prodotti\/"},{"@type":"ListItem","position":3,"name":"Attrezzature e abbigliamento per arti marziali e sport da combattimento","item":"https:\/\/www.daisho.be\/it\/categorie-produit\/attrezzature-e-abbigliamento-per-arti-marziali-e-sport-da-combattimento\/"},{"@type":"ListItem","position":4,"name":"Karate","item":"https:\/\/www.daisho.be\/it\/categorie-produit\/attrezzature-e-abbigliamento-per-arti-marziali-e-sport-da-combattimento\/karate-it-2\/"},{"@type":"ListItem","position":5,"name":"Kimono da karate","item":"https:\/\/www.daisho.be\/it\/categorie-produit\/attrezzature-e-abbigliamento-per-arti-marziali-e-sport-da-combattimento\/karate-it-2\/kimono-da-karate\/"},{"@type":"ListItem","position":6,"name":"KARATEGI TOKAIDO KUMITE MASTER VELCRO &#8211; WKF"}]},{"@type":"WebSite","@id":"https:\/\/www.daisho.be\/it\/#website","url":"https:\/\/www.daisho.be\/it\/","name":"Daisho","description":"Sp&eacute;cialiste de l'&eacute;quipement sportif d'arts martiaux","publisher":{"@id":"https:\/\/www.daisho.be\/it\/#organization"},"potentialAction":[{"@type":"SearchAction","target":{"@type":"EntryPoint","urlTemplate":"https:\/\/www.daisho.be\/it\/?s={search_term_string}"},"query-input":{"@type":"PropertyValueSpecification","valueRequired":true,"valueName":"search_term_string"}}],"inLanguage":"it-IT"},{"@type":"Organization","@id":"https:\/\/www.daisho.be\/it\/#organization","name":"Daisho","url":"https:\/\/www.daisho.be\/it\/","logo":{"@type":"ImageObject","inLanguage":"it-IT","@id":"https:\/\/www.daisho.be\/it\/#\/schema\/logo\/image\/","url":"https:\/\/www.daisho.be\/wp-content\/uploads\/2019\/07\/color-nothing-horizontale4x-e1564486100247.png","contentUrl":"https:\/\/www.daisho.be\/wp-content\/uploads\/2019\/07\/color-nothing-horizontale4x-e1564486100247.png","width":1547,"height":385,"caption":"Daisho"},"image":{"@id":"https:\/\/www.daisho.be\/it\/#\/schema\/logo\/image\/"}}]}},"_links":{"self":[{"href":"https:\/\/www.daisho.be\/it\/wp-json\/wp\/v2\/product\/464300","targetHints":{"allow":["GET"]}}],"collection":[{"href":"https:\/\/www.daisho.be\/it\/wp-json\/wp\/v2\/product"}],"about":[{"href":"https:\/\/www.daisho.be\/it\/wp-json\/wp\/v2\/types\/product"}],"replies":[{"embeddable":true,"href":"https:\/\/www.daisho.be\/it\/wp-json\/wp\/v2\/comments?post=464300"}],"wp:featuredmedia":[{"embeddable":true,"href":"https:\/\/www.daisho.be\/it\/wp-json\/wp\/v2\/media\/464303"}],"wp:attachment":[{"href":"https:\/\/www.daisho.be\/it\/wp-json\/wp\/v2\/media?parent=464300"}],"wp:term":[{"taxonomy":"product_brand","embeddable":true,"href":"https:\/\/www.daisho.be\/it\/wp-json\/wp\/v2\/product_brand?post=464300"},{"taxonomy":"product_cat","embeddable":true,"href":"https:\/\/www.daisho.be\/it\/wp-json\/wp\/v2\/product_cat?post=464300"},{"taxonomy":"product_tag","embeddable":true,"href":"https:\/\/www.daisho.be\/it\/wp-json\/wp\/v2\/product_tag?post=464300"},{"taxonomy":"sport","embeddable":true,"href":"https:\/\/www.daisho.be\/it\/wp-json\/wp\/v2\/sport?post=464300"}],"curies":[{"name":"wp","href":"https:\/\/api.w.org\/{rel}","templated":true}]}}