{"id":464040,"date":"2024-11-08T17:47:30","date_gmt":"2024-11-08T16:47:30","guid":{"rendered":"https:\/\/www.daisho.be\/produit\/bersaglio-adidas-double-maya-taekwondo\/"},"modified":"2025-02-25T16:05:08","modified_gmt":"2025-02-25T15:05:08","slug":"bersaglio-adidas-double-maya-taekwondo","status":"publish","type":"product","link":"https:\/\/www.daisho.be\/it\/produit\/bersaglio-adidas-double-maya-taekwondo\/","title":{"rendered":"Bersaglio adidas Double Maya Taekwondo"},"content":{"rendered":"<p>Questo bersaglio per il Taekwondo di adidas \u00e8 perfetto per aumentare la velocit\u00e0 dei tuoi colpi.<br \/>\nIl bersaglio per il Taekwondo \u00e8 realizzato in PU &#8220;Maya&#8221; ed \u00e8 molto resistente.<br \/>\nHa un cinturino in nylon con il quale puoi tenerlo saldamente.<br \/>\nVantaggi:<br \/>\n&#8211; realizzato in PU &#8220;Maya&#8221;<br \/>\n&#8211; ideale per l&#8217;allenamento della velocit\u00e0<br \/>\n&#8211; con cinturino in nylon<br \/>\n&#8211; Materiale: Maya-PU con aspetto al carbonio<\/p>\n","protected":false},"excerpt":{"rendered":"<p>Questo bersaglio per il Taekwondo di adidas \u00e8 perfetto per aumentare la velocit\u00e0 dei tuoi colpi. Il bersaglio per il Taekwondo \u00e8 realizzato in PU &#8220;Maya&#8221; ed \u00e8 molto resistente. Ha un cinturino in nylon con il quale puoi tenerlo saldamente. Vantaggi: &#8211; realizzato in PU &#8220;Maya&#8221; &#8211; ideale per l&#8217;allenamento della velocit\u00e0 &#8211; con [&hellip;]<\/p>\n","protected":false},"featured_media":464041,"comment_status":"open","ping_status":"closed","template":"","meta":{"inline_featured_image":false},"product_brand":[],"product_cat":[2023,2049,2255,2249],"product_tag":[2176],"sport":[],"class_list":{"0":"post-464040","1":"product","2":"type-product","3":"status-publish","4":"has-post-thumbnail","6":"product_cat-attrezzatura-per-lallenamento-del-taekwondo","7":"product_cat-attrezzature-per-lallenamento-del-karate","8":"product_cat-sacchi-da-boxe-e-accessori-da-allenamento-adidas-taekwondo","9":"product_cat-sacchi-da-boxe-e-accessori-per-lallenamento-del-karate","10":"product_tag-adidas-it","12":"first","13":"instock","14":"taxable","15":"shipping-taxable","16":"purchasable","17":"product-type-simple"},"yoast_head":"<!-- This site is optimized with the Yoast SEO plugin v27.2 - https:\/\/yoast.com\/product\/yoast-seo-wordpress\/ -->\n<title>Bersaglio adidas Double Maya Taekwondo &#8211; Daisho<\/title>\n<meta name=\"description\" content=\"Scopri i nostri obiettivi Adidas per il taekwondo: attrezzature di qualit\u00e0 per migliorare le tue prestazioni. Acquistali su www.daisho.be\/Daisho\" \/>\n<meta name=\"robots\" content=\"index, follow, max-snippet:-1, max-image-preview:large, max-video-preview:-1\" \/>\n<link rel=\"canonical\" href=\"https:\/\/www.daisho.be\/it\/produit\/bersaglio-adidas-double-maya-taekwondo\/\" \/>\n<meta property=\"og:locale\" content=\"it_IT\" \/>\n<meta property=\"og:type\" content=\"article\" \/>\n<meta property=\"og:title\" content=\"Bersaglio adidas Double Maya Taekwondo &#8211; Daisho\" \/>\n<meta property=\"og:description\" content=\"Scopri i nostri obiettivi Adidas per il taekwondo: attrezzature di qualit\u00e0 per migliorare le tue prestazioni. Acquistali su www.daisho.be\/Daisho\" \/>\n<meta property=\"og:url\" content=\"https:\/\/www.daisho.be\/it\/produit\/bersaglio-adidas-double-maya-taekwondo\/\" \/>\n<meta property=\"og:site_name\" content=\"Daisho\" \/>\n<meta property=\"article:modified_time\" content=\"2025-02-25T15:05:08+00:00\" \/>\n<meta property=\"og:image\" content=\"https:\/\/www.daisho.be\/wp-content\/uploads\/2024\/11\/image.webp\" \/>\n\t<meta property=\"og:image:width\" content=\"1200\" \/>\n\t<meta property=\"og:image:height\" content=\"699\" \/>\n\t<meta property=\"og:image:type\" content=\"image\/webp\" \/>\n<meta name=\"twitter:card\" content=\"summary_large_image\" \/>\n<script type=\"application\/ld+json\" class=\"yoast-schema-graph\">{\"@context\":\"https:\/\/schema.org\",\"@graph\":[{\"@type\":\"WebPage\",\"@id\":\"https:\/\/www.daisho.be\/it\/produit\/bersaglio-adidas-double-maya-taekwondo\/\",\"url\":\"https:\/\/www.daisho.be\/it\/produit\/bersaglio-adidas-double-maya-taekwondo\/\",\"name\":\"Bersaglio adidas Double Maya Taekwondo &#8211; Daisho\",\"isPartOf\":{\"@id\":\"https:\/\/www.daisho.be\/it\/#website\"},\"primaryImageOfPage\":{\"@id\":\"https:\/\/www.daisho.be\/it\/produit\/bersaglio-adidas-double-maya-taekwondo\/#primaryimage\"},\"image\":{\"@id\":\"https:\/\/www.daisho.be\/it\/produit\/bersaglio-adidas-double-maya-taekwondo\/#primaryimage\"},\"thumbnailUrl\":\"https:\/\/www.daisho.be\/wp-content\/uploads\/2024\/11\/image.webp\",\"datePublished\":\"2024-11-08T16:47:30+00:00\",\"dateModified\":\"2025-02-25T15:05:08+00:00\",\"description\":\"Scopri i nostri obiettivi Adidas per il taekwondo: attrezzature di qualit\u00e0 per migliorare le tue prestazioni. Acquistali su www.daisho.be\/Daisho\",\"breadcrumb\":{\"@id\":\"https:\/\/www.daisho.be\/it\/produit\/bersaglio-adidas-double-maya-taekwondo\/#breadcrumb\"},\"inLanguage\":\"it-IT\",\"potentialAction\":[{\"@type\":\"ReadAction\",\"target\":[\"https:\/\/www.daisho.be\/it\/produit\/bersaglio-adidas-double-maya-taekwondo\/\"]}]},{\"@type\":\"ImageObject\",\"inLanguage\":\"it-IT\",\"@id\":\"https:\/\/www.daisho.be\/it\/produit\/bersaglio-adidas-double-maya-taekwondo\/#primaryimage\",\"url\":\"https:\/\/www.daisho.be\/wp-content\/uploads\/2024\/11\/image.webp\",\"contentUrl\":\"https:\/\/www.daisho.be\/wp-content\/uploads\/2024\/11\/image.webp\",\"width\":1200,\"height\":699,\"caption\":\"Bersaglio adidas Double Maya-1 Taekwondo\"},{\"@type\":\"BreadcrumbList\",\"@id\":\"https:\/\/www.daisho.be\/it\/produit\/bersaglio-adidas-double-maya-taekwondo\/#breadcrumb\",\"itemListElement\":[{\"@type\":\"ListItem\",\"position\":1,\"name\":\"Accueil\",\"item\":\"https:\/\/www.daisho.be\/it\/\"},{\"@type\":\"ListItem\",\"position\":2,\"name\":\"Prodotti\",\"item\":\"https:\/\/www.daisho.be\/it\/prodotti\/\"},{\"@type\":\"ListItem\",\"position\":3,\"name\":\"Attrezzature e abbigliamento per arti marziali e sport da combattimento\",\"item\":\"https:\/\/www.daisho.be\/it\/categorie-produit\/attrezzature-e-abbigliamento-per-arti-marziali-e-sport-da-combattimento\/\"},{\"@type\":\"ListItem\",\"position\":4,\"name\":\"Taekwondo\",\"item\":\"https:\/\/www.daisho.be\/it\/categorie-produit\/attrezzature-e-abbigliamento-per-arti-marziali-e-sport-da-combattimento\/taekwondo-it-2\/\"},{\"@type\":\"ListItem\",\"position\":5,\"name\":\"Attrezzatura per l'allenamento del taekwondo\",\"item\":\"https:\/\/www.daisho.be\/it\/categorie-produit\/attrezzature-e-abbigliamento-per-arti-marziali-e-sport-da-combattimento\/taekwondo-it-2\/attrezzatura-per-lallenamento-del-taekwondo\/\"},{\"@type\":\"ListItem\",\"position\":6,\"name\":\"Bersaglio adidas Double Maya Taekwondo\"}]},{\"@type\":\"WebSite\",\"@id\":\"https:\/\/www.daisho.be\/it\/#website\",\"url\":\"https:\/\/www.daisho.be\/it\/\",\"name\":\"Daisho\",\"description\":\"Sp&eacute;cialiste de l'&eacute;quipement sportif d'arts martiaux\",\"publisher\":{\"@id\":\"https:\/\/www.daisho.be\/it\/#organization\"},\"potentialAction\":[{\"@type\":\"SearchAction\",\"target\":{\"@type\":\"EntryPoint\",\"urlTemplate\":\"https:\/\/www.daisho.be\/it\/?s={search_term_string}\"},\"query-input\":{\"@type\":\"PropertyValueSpecification\",\"valueRequired\":true,\"valueName\":\"search_term_string\"}}],\"inLanguage\":\"it-IT\"},{\"@type\":\"Organization\",\"@id\":\"https:\/\/www.daisho.be\/it\/#organization\",\"name\":\"Daisho\",\"url\":\"https:\/\/www.daisho.be\/it\/\",\"logo\":{\"@type\":\"ImageObject\",\"inLanguage\":\"it-IT\",\"@id\":\"https:\/\/www.daisho.be\/it\/#\/schema\/logo\/image\/\",\"url\":\"https:\/\/www.daisho.be\/wp-content\/uploads\/2019\/07\/color-nothing-horizontale4x-e1564486100247.png\",\"contentUrl\":\"https:\/\/www.daisho.be\/wp-content\/uploads\/2019\/07\/color-nothing-horizontale4x-e1564486100247.png\",\"width\":1547,\"height\":385,\"caption\":\"Daisho\"},\"image\":{\"@id\":\"https:\/\/www.daisho.be\/it\/#\/schema\/logo\/image\/\"}}]}<\/script>\n<!-- \/ Yoast SEO plugin. -->","yoast_head_json":{"title":"Bersaglio adidas Double Maya Taekwondo &#8211; Daisho","description":"Scopri i nostri obiettivi Adidas per il taekwondo: attrezzature di qualit\u00e0 per migliorare le tue prestazioni. Acquistali su www.daisho.be\/Daisho","robots":{"index":"index","follow":"follow","max-snippet":"max-snippet:-1","max-image-preview":"max-image-preview:large","max-video-preview":"max-video-preview:-1"},"canonical":"https:\/\/www.daisho.be\/it\/produit\/bersaglio-adidas-double-maya-taekwondo\/","og_locale":"it_IT","og_type":"article","og_title":"Bersaglio adidas Double Maya Taekwondo &#8211; Daisho","og_description":"Scopri i nostri obiettivi Adidas per il taekwondo: attrezzature di qualit\u00e0 per migliorare le tue prestazioni. Acquistali su www.daisho.be\/Daisho","og_url":"https:\/\/www.daisho.be\/it\/produit\/bersaglio-adidas-double-maya-taekwondo\/","og_site_name":"Daisho","article_modified_time":"2025-02-25T15:05:08+00:00","og_image":[{"width":1200,"height":699,"url":"https:\/\/www.daisho.be\/wp-content\/uploads\/2024\/11\/image.webp","type":"image\/webp"}],"twitter_card":"summary_large_image","schema":{"@context":"https:\/\/schema.org","@graph":[{"@type":"WebPage","@id":"https:\/\/www.daisho.be\/it\/produit\/bersaglio-adidas-double-maya-taekwondo\/","url":"https:\/\/www.daisho.be\/it\/produit\/bersaglio-adidas-double-maya-taekwondo\/","name":"Bersaglio adidas Double Maya Taekwondo &#8211; Daisho","isPartOf":{"@id":"https:\/\/www.daisho.be\/it\/#website"},"primaryImageOfPage":{"@id":"https:\/\/www.daisho.be\/it\/produit\/bersaglio-adidas-double-maya-taekwondo\/#primaryimage"},"image":{"@id":"https:\/\/www.daisho.be\/it\/produit\/bersaglio-adidas-double-maya-taekwondo\/#primaryimage"},"thumbnailUrl":"https:\/\/www.daisho.be\/wp-content\/uploads\/2024\/11\/image.webp","datePublished":"2024-11-08T16:47:30+00:00","dateModified":"2025-02-25T15:05:08+00:00","description":"Scopri i nostri obiettivi Adidas per il taekwondo: attrezzature di qualit\u00e0 per migliorare le tue prestazioni. Acquistali su www.daisho.be\/Daisho","breadcrumb":{"@id":"https:\/\/www.daisho.be\/it\/produit\/bersaglio-adidas-double-maya-taekwondo\/#breadcrumb"},"inLanguage":"it-IT","potentialAction":[{"@type":"ReadAction","target":["https:\/\/www.daisho.be\/it\/produit\/bersaglio-adidas-double-maya-taekwondo\/"]}]},{"@type":"ImageObject","inLanguage":"it-IT","@id":"https:\/\/www.daisho.be\/it\/produit\/bersaglio-adidas-double-maya-taekwondo\/#primaryimage","url":"https:\/\/www.daisho.be\/wp-content\/uploads\/2024\/11\/image.webp","contentUrl":"https:\/\/www.daisho.be\/wp-content\/uploads\/2024\/11\/image.webp","width":1200,"height":699,"caption":"Bersaglio adidas Double Maya-1 Taekwondo"},{"@type":"BreadcrumbList","@id":"https:\/\/www.daisho.be\/it\/produit\/bersaglio-adidas-double-maya-taekwondo\/#breadcrumb","itemListElement":[{"@type":"ListItem","position":1,"name":"Accueil","item":"https:\/\/www.daisho.be\/it\/"},{"@type":"ListItem","position":2,"name":"Prodotti","item":"https:\/\/www.daisho.be\/it\/prodotti\/"},{"@type":"ListItem","position":3,"name":"Attrezzature e abbigliamento per arti marziali e sport da combattimento","item":"https:\/\/www.daisho.be\/it\/categorie-produit\/attrezzature-e-abbigliamento-per-arti-marziali-e-sport-da-combattimento\/"},{"@type":"ListItem","position":4,"name":"Taekwondo","item":"https:\/\/www.daisho.be\/it\/categorie-produit\/attrezzature-e-abbigliamento-per-arti-marziali-e-sport-da-combattimento\/taekwondo-it-2\/"},{"@type":"ListItem","position":5,"name":"Attrezzatura per l'allenamento del taekwondo","item":"https:\/\/www.daisho.be\/it\/categorie-produit\/attrezzature-e-abbigliamento-per-arti-marziali-e-sport-da-combattimento\/taekwondo-it-2\/attrezzatura-per-lallenamento-del-taekwondo\/"},{"@type":"ListItem","position":6,"name":"Bersaglio adidas Double Maya Taekwondo"}]},{"@type":"WebSite","@id":"https:\/\/www.daisho.be\/it\/#website","url":"https:\/\/www.daisho.be\/it\/","name":"Daisho","description":"Sp&eacute;cialiste de l'&eacute;quipement sportif d'arts martiaux","publisher":{"@id":"https:\/\/www.daisho.be\/it\/#organization"},"potentialAction":[{"@type":"SearchAction","target":{"@type":"EntryPoint","urlTemplate":"https:\/\/www.daisho.be\/it\/?s={search_term_string}"},"query-input":{"@type":"PropertyValueSpecification","valueRequired":true,"valueName":"search_term_string"}}],"inLanguage":"it-IT"},{"@type":"Organization","@id":"https:\/\/www.daisho.be\/it\/#organization","name":"Daisho","url":"https:\/\/www.daisho.be\/it\/","logo":{"@type":"ImageObject","inLanguage":"it-IT","@id":"https:\/\/www.daisho.be\/it\/#\/schema\/logo\/image\/","url":"https:\/\/www.daisho.be\/wp-content\/uploads\/2019\/07\/color-nothing-horizontale4x-e1564486100247.png","contentUrl":"https:\/\/www.daisho.be\/wp-content\/uploads\/2019\/07\/color-nothing-horizontale4x-e1564486100247.png","width":1547,"height":385,"caption":"Daisho"},"image":{"@id":"https:\/\/www.daisho.be\/it\/#\/schema\/logo\/image\/"}}]}},"_links":{"self":[{"href":"https:\/\/www.daisho.be\/it\/wp-json\/wp\/v2\/product\/464040","targetHints":{"allow":["GET"]}}],"collection":[{"href":"https:\/\/www.daisho.be\/it\/wp-json\/wp\/v2\/product"}],"about":[{"href":"https:\/\/www.daisho.be\/it\/wp-json\/wp\/v2\/types\/product"}],"replies":[{"embeddable":true,"href":"https:\/\/www.daisho.be\/it\/wp-json\/wp\/v2\/comments?post=464040"}],"wp:featuredmedia":[{"embeddable":true,"href":"https:\/\/www.daisho.be\/it\/wp-json\/wp\/v2\/media\/464041"}],"wp:attachment":[{"href":"https:\/\/www.daisho.be\/it\/wp-json\/wp\/v2\/media?parent=464040"}],"wp:term":[{"taxonomy":"product_brand","embeddable":true,"href":"https:\/\/www.daisho.be\/it\/wp-json\/wp\/v2\/product_brand?post=464040"},{"taxonomy":"product_cat","embeddable":true,"href":"https:\/\/www.daisho.be\/it\/wp-json\/wp\/v2\/product_cat?post=464040"},{"taxonomy":"product_tag","embeddable":true,"href":"https:\/\/www.daisho.be\/it\/wp-json\/wp\/v2\/product_tag?post=464040"},{"taxonomy":"sport","embeddable":true,"href":"https:\/\/www.daisho.be\/it\/wp-json\/wp\/v2\/sport?post=464040"}],"curies":[{"name":"wp","href":"https:\/\/api.w.org\/{rel}","templated":true}]}}