{"id":463780,"date":"2024-05-20T10:23:12","date_gmt":"2024-05-20T08:23:12","guid":{"rendered":"https:\/\/www.daisho.be\/produit\/cuscino-da-parete-20x20-cm\/"},"modified":"2026-03-11T10:03:18","modified_gmt":"2026-03-11T09:03:18","slug":"cuscino-da-parete-20x20-cm","status":"publish","type":"product","link":"https:\/\/www.daisho.be\/it\/produit\/cuscino-da-parete-20x20-cm\/","title":{"rendered":"Cuscino da parete 20&#215;20 cm"},"content":{"rendered":"<p>Cuscino per gradini di alta qualit\u00e0 in similpelle resistente per il montaggio a parete (fornito senza materiali di fissaggio).<br \/>\nIl cuscino Wall Punch \u00e8 disponibile in diverse misure. Cos\u00ec non ci sono limiti alle tue possibilit\u00e0 di allenamento.<br \/>\nAdatto a tutti gli allenamenti di boxe, kickboxing, karate, free fight, taekwondo e MMA. <\/p>\n<p>Caratteristiche:<br \/>\ncolore: nero\/rosso<br \/>\nmateriale: similpelle resistente<br \/>\ndimensioni: circa 20x20x10 cm<\/p>\n","protected":false},"excerpt":{"rendered":"<p>Cuscino per gradini di alta qualit\u00e0 in similpelle resistente per il montaggio a parete (fornito senza materiali di fissaggio). Il cuscino Wall Punch \u00e8 disponibile in diverse misure. Cos\u00ec non ci sono limiti alle tue possibilit\u00e0 di allenamento. Adatto a tutti gli allenamenti di boxe, kickboxing, karate, free fight, taekwondo e MMA. Caratteristiche: colore: nero\/rosso [&hellip;]<\/p>\n","protected":false},"featured_media":463782,"comment_status":"open","ping_status":"closed","template":"","meta":{"inline_featured_image":false},"product_brand":[],"product_cat":[2050,2049,2131,2129],"product_tag":[2157],"sport":[],"class_list":{"0":"post-463780","1":"product","2":"type-product","3":"status-publish","4":"has-post-thumbnail","6":"product_cat-attrezzatura-per-lallenamento-di-kickboxing","7":"product_cat-attrezzature-per-lallenamento-del-karate","8":"product_cat-sacchi-da-boxe-it","9":"product_cat-sacchi-da-boxe","10":"product_tag-s-b-j-it","12":"first","13":"instock","14":"sale","15":"taxable","16":"shipping-taxable","17":"purchasable","18":"product-type-simple"},"yoast_head":"<!-- This site is optimized with the Yoast SEO plugin v27.2 - https:\/\/yoast.com\/product\/yoast-seo-wordpress\/ -->\n<title>Cuscino da parete 20x20 cm &#8211; Daisho<\/title>\n<meta name=\"description\" content=\"Hai bisogno di un cuscino da boxe da parete? Dai un&#039;occhiata a questo su www.daisho.be|Daisho. Adatto a tutti i tipi di allenamento, boxe, karate,...\" \/>\n<meta name=\"robots\" content=\"index, follow, max-snippet:-1, max-image-preview:large, max-video-preview:-1\" \/>\n<link rel=\"canonical\" href=\"https:\/\/www.daisho.be\/it\/produit\/cuscino-da-parete-20x20-cm\/\" \/>\n<meta property=\"og:locale\" content=\"it_IT\" \/>\n<meta property=\"og:type\" content=\"article\" \/>\n<meta property=\"og:title\" content=\"Cuscino da parete 20x20 cm &#8211; Daisho\" \/>\n<meta property=\"og:description\" content=\"Hai bisogno di un cuscino da boxe da parete? Dai un&#039;occhiata a questo su www.daisho.be|Daisho. Adatto a tutti i tipi di allenamento, boxe, karate,...\" \/>\n<meta property=\"og:url\" content=\"https:\/\/www.daisho.be\/it\/produit\/cuscino-da-parete-20x20-cm\/\" \/>\n<meta property=\"og:site_name\" content=\"Daisho\" \/>\n<meta property=\"article:modified_time\" content=\"2026-03-11T09:03:18+00:00\" \/>\n<meta property=\"og:image\" content=\"https:\/\/www.daisho.be\/wp-content\/uploads\/2024\/05\/image-27.webp\" \/>\n\t<meta property=\"og:image:width\" content=\"1200\" \/>\n\t<meta property=\"og:image:height\" content=\"1081\" \/>\n\t<meta property=\"og:image:type\" content=\"image\/webp\" \/>\n<meta name=\"twitter:card\" content=\"summary_large_image\" \/>\n<script type=\"application\/ld+json\" class=\"yoast-schema-graph\">{\"@context\":\"https:\/\/schema.org\",\"@graph\":[{\"@type\":\"WebPage\",\"@id\":\"https:\/\/www.daisho.be\/it\/produit\/cuscino-da-parete-20x20-cm\/\",\"url\":\"https:\/\/www.daisho.be\/it\/produit\/cuscino-da-parete-20x20-cm\/\",\"name\":\"Cuscino da parete 20x20 cm &#8211; Daisho\",\"isPartOf\":{\"@id\":\"https:\/\/www.daisho.be\/it\/#website\"},\"primaryImageOfPage\":{\"@id\":\"https:\/\/www.daisho.be\/it\/produit\/cuscino-da-parete-20x20-cm\/#primaryimage\"},\"image\":{\"@id\":\"https:\/\/www.daisho.be\/it\/produit\/cuscino-da-parete-20x20-cm\/#primaryimage\"},\"thumbnailUrl\":\"https:\/\/www.daisho.be\/wp-content\/uploads\/2024\/05\/image-27.webp\",\"datePublished\":\"2024-05-20T08:23:12+00:00\",\"dateModified\":\"2026-03-11T09:03:18+00:00\",\"description\":\"Hai bisogno di un cuscino da boxe da parete? Dai un'occhiata a questo su www.daisho.be|Daisho. Adatto a tutti i tipi di allenamento, boxe, karate,...\",\"breadcrumb\":{\"@id\":\"https:\/\/www.daisho.be\/it\/produit\/cuscino-da-parete-20x20-cm\/#breadcrumb\"},\"inLanguage\":\"it-IT\",\"potentialAction\":[{\"@type\":\"ReadAction\",\"target\":[\"https:\/\/www.daisho.be\/it\/produit\/cuscino-da-parete-20x20-cm\/\"]}]},{\"@type\":\"ImageObject\",\"inLanguage\":\"it-IT\",\"@id\":\"https:\/\/www.daisho.be\/it\/produit\/cuscino-da-parete-20x20-cm\/#primaryimage\",\"url\":\"https:\/\/www.daisho.be\/wp-content\/uploads\/2024\/05\/image-27.webp\",\"contentUrl\":\"https:\/\/www.daisho.be\/wp-content\/uploads\/2024\/05\/image-27.webp\",\"width\":1200,\"height\":1081,\"caption\":\"Cuscino da parete 20x20 cm-1\"},{\"@type\":\"BreadcrumbList\",\"@id\":\"https:\/\/www.daisho.be\/it\/produit\/cuscino-da-parete-20x20-cm\/#breadcrumb\",\"itemListElement\":[{\"@type\":\"ListItem\",\"position\":1,\"name\":\"Accueil\",\"item\":\"https:\/\/www.daisho.be\/it\/\"},{\"@type\":\"ListItem\",\"position\":2,\"name\":\"Prodotti\",\"item\":\"https:\/\/www.daisho.be\/it\/prodotti\/\"},{\"@type\":\"ListItem\",\"position\":3,\"name\":\"Attrezzature e abbigliamento per arti marziali e sport da combattimento\",\"item\":\"https:\/\/www.daisho.be\/it\/categorie-produit\/attrezzature-e-abbigliamento-per-arti-marziali-e-sport-da-combattimento\/\"},{\"@type\":\"ListItem\",\"position\":4,\"name\":\"Kick Boxing\",\"item\":\"https:\/\/www.daisho.be\/it\/categorie-produit\/attrezzature-e-abbigliamento-per-arti-marziali-e-sport-da-combattimento\/kick-boxing-it-2\/\"},{\"@type\":\"ListItem\",\"position\":5,\"name\":\"Attrezzatura per l'allenamento di kickboxing\",\"item\":\"https:\/\/www.daisho.be\/it\/categorie-produit\/attrezzature-e-abbigliamento-per-arti-marziali-e-sport-da-combattimento\/kick-boxing-it-2\/attrezzatura-per-lallenamento-di-kickboxing\/\"},{\"@type\":\"ListItem\",\"position\":6,\"name\":\"Cuscino da parete 20&#215;20 cm\"}]},{\"@type\":\"WebSite\",\"@id\":\"https:\/\/www.daisho.be\/it\/#website\",\"url\":\"https:\/\/www.daisho.be\/it\/\",\"name\":\"Daisho\",\"description\":\"Sp&eacute;cialiste de l'&eacute;quipement sportif d'arts martiaux\",\"publisher\":{\"@id\":\"https:\/\/www.daisho.be\/it\/#organization\"},\"potentialAction\":[{\"@type\":\"SearchAction\",\"target\":{\"@type\":\"EntryPoint\",\"urlTemplate\":\"https:\/\/www.daisho.be\/it\/?s={search_term_string}\"},\"query-input\":{\"@type\":\"PropertyValueSpecification\",\"valueRequired\":true,\"valueName\":\"search_term_string\"}}],\"inLanguage\":\"it-IT\"},{\"@type\":\"Organization\",\"@id\":\"https:\/\/www.daisho.be\/it\/#organization\",\"name\":\"Daisho\",\"url\":\"https:\/\/www.daisho.be\/it\/\",\"logo\":{\"@type\":\"ImageObject\",\"inLanguage\":\"it-IT\",\"@id\":\"https:\/\/www.daisho.be\/it\/#\/schema\/logo\/image\/\",\"url\":\"https:\/\/www.daisho.be\/wp-content\/uploads\/2019\/07\/color-nothing-horizontale4x-e1564486100247.png\",\"contentUrl\":\"https:\/\/www.daisho.be\/wp-content\/uploads\/2019\/07\/color-nothing-horizontale4x-e1564486100247.png\",\"width\":1547,\"height\":385,\"caption\":\"Daisho\"},\"image\":{\"@id\":\"https:\/\/www.daisho.be\/it\/#\/schema\/logo\/image\/\"}}]}<\/script>\n<!-- \/ Yoast SEO plugin. -->","yoast_head_json":{"title":"Cuscino da parete 20x20 cm &#8211; Daisho","description":"Hai bisogno di un cuscino da boxe da parete? Dai un'occhiata a questo su www.daisho.be|Daisho. Adatto a tutti i tipi di allenamento, boxe, karate,...","robots":{"index":"index","follow":"follow","max-snippet":"max-snippet:-1","max-image-preview":"max-image-preview:large","max-video-preview":"max-video-preview:-1"},"canonical":"https:\/\/www.daisho.be\/it\/produit\/cuscino-da-parete-20x20-cm\/","og_locale":"it_IT","og_type":"article","og_title":"Cuscino da parete 20x20 cm &#8211; Daisho","og_description":"Hai bisogno di un cuscino da boxe da parete? Dai un'occhiata a questo su www.daisho.be|Daisho. Adatto a tutti i tipi di allenamento, boxe, karate,...","og_url":"https:\/\/www.daisho.be\/it\/produit\/cuscino-da-parete-20x20-cm\/","og_site_name":"Daisho","article_modified_time":"2026-03-11T09:03:18+00:00","og_image":[{"width":1200,"height":1081,"url":"https:\/\/www.daisho.be\/wp-content\/uploads\/2024\/05\/image-27.webp","type":"image\/webp"}],"twitter_card":"summary_large_image","schema":{"@context":"https:\/\/schema.org","@graph":[{"@type":"WebPage","@id":"https:\/\/www.daisho.be\/it\/produit\/cuscino-da-parete-20x20-cm\/","url":"https:\/\/www.daisho.be\/it\/produit\/cuscino-da-parete-20x20-cm\/","name":"Cuscino da parete 20x20 cm &#8211; Daisho","isPartOf":{"@id":"https:\/\/www.daisho.be\/it\/#website"},"primaryImageOfPage":{"@id":"https:\/\/www.daisho.be\/it\/produit\/cuscino-da-parete-20x20-cm\/#primaryimage"},"image":{"@id":"https:\/\/www.daisho.be\/it\/produit\/cuscino-da-parete-20x20-cm\/#primaryimage"},"thumbnailUrl":"https:\/\/www.daisho.be\/wp-content\/uploads\/2024\/05\/image-27.webp","datePublished":"2024-05-20T08:23:12+00:00","dateModified":"2026-03-11T09:03:18+00:00","description":"Hai bisogno di un cuscino da boxe da parete? Dai un'occhiata a questo su www.daisho.be|Daisho. Adatto a tutti i tipi di allenamento, boxe, karate,...","breadcrumb":{"@id":"https:\/\/www.daisho.be\/it\/produit\/cuscino-da-parete-20x20-cm\/#breadcrumb"},"inLanguage":"it-IT","potentialAction":[{"@type":"ReadAction","target":["https:\/\/www.daisho.be\/it\/produit\/cuscino-da-parete-20x20-cm\/"]}]},{"@type":"ImageObject","inLanguage":"it-IT","@id":"https:\/\/www.daisho.be\/it\/produit\/cuscino-da-parete-20x20-cm\/#primaryimage","url":"https:\/\/www.daisho.be\/wp-content\/uploads\/2024\/05\/image-27.webp","contentUrl":"https:\/\/www.daisho.be\/wp-content\/uploads\/2024\/05\/image-27.webp","width":1200,"height":1081,"caption":"Cuscino da parete 20x20 cm-1"},{"@type":"BreadcrumbList","@id":"https:\/\/www.daisho.be\/it\/produit\/cuscino-da-parete-20x20-cm\/#breadcrumb","itemListElement":[{"@type":"ListItem","position":1,"name":"Accueil","item":"https:\/\/www.daisho.be\/it\/"},{"@type":"ListItem","position":2,"name":"Prodotti","item":"https:\/\/www.daisho.be\/it\/prodotti\/"},{"@type":"ListItem","position":3,"name":"Attrezzature e abbigliamento per arti marziali e sport da combattimento","item":"https:\/\/www.daisho.be\/it\/categorie-produit\/attrezzature-e-abbigliamento-per-arti-marziali-e-sport-da-combattimento\/"},{"@type":"ListItem","position":4,"name":"Kick Boxing","item":"https:\/\/www.daisho.be\/it\/categorie-produit\/attrezzature-e-abbigliamento-per-arti-marziali-e-sport-da-combattimento\/kick-boxing-it-2\/"},{"@type":"ListItem","position":5,"name":"Attrezzatura per l'allenamento di kickboxing","item":"https:\/\/www.daisho.be\/it\/categorie-produit\/attrezzature-e-abbigliamento-per-arti-marziali-e-sport-da-combattimento\/kick-boxing-it-2\/attrezzatura-per-lallenamento-di-kickboxing\/"},{"@type":"ListItem","position":6,"name":"Cuscino da parete 20&#215;20 cm"}]},{"@type":"WebSite","@id":"https:\/\/www.daisho.be\/it\/#website","url":"https:\/\/www.daisho.be\/it\/","name":"Daisho","description":"Sp&eacute;cialiste de l'&eacute;quipement sportif d'arts martiaux","publisher":{"@id":"https:\/\/www.daisho.be\/it\/#organization"},"potentialAction":[{"@type":"SearchAction","target":{"@type":"EntryPoint","urlTemplate":"https:\/\/www.daisho.be\/it\/?s={search_term_string}"},"query-input":{"@type":"PropertyValueSpecification","valueRequired":true,"valueName":"search_term_string"}}],"inLanguage":"it-IT"},{"@type":"Organization","@id":"https:\/\/www.daisho.be\/it\/#organization","name":"Daisho","url":"https:\/\/www.daisho.be\/it\/","logo":{"@type":"ImageObject","inLanguage":"it-IT","@id":"https:\/\/www.daisho.be\/it\/#\/schema\/logo\/image\/","url":"https:\/\/www.daisho.be\/wp-content\/uploads\/2019\/07\/color-nothing-horizontale4x-e1564486100247.png","contentUrl":"https:\/\/www.daisho.be\/wp-content\/uploads\/2019\/07\/color-nothing-horizontale4x-e1564486100247.png","width":1547,"height":385,"caption":"Daisho"},"image":{"@id":"https:\/\/www.daisho.be\/it\/#\/schema\/logo\/image\/"}}]}},"_links":{"self":[{"href":"https:\/\/www.daisho.be\/it\/wp-json\/wp\/v2\/product\/463780","targetHints":{"allow":["GET"]}}],"collection":[{"href":"https:\/\/www.daisho.be\/it\/wp-json\/wp\/v2\/product"}],"about":[{"href":"https:\/\/www.daisho.be\/it\/wp-json\/wp\/v2\/types\/product"}],"replies":[{"embeddable":true,"href":"https:\/\/www.daisho.be\/it\/wp-json\/wp\/v2\/comments?post=463780"}],"wp:featuredmedia":[{"embeddable":true,"href":"https:\/\/www.daisho.be\/it\/wp-json\/wp\/v2\/media\/463782"}],"wp:attachment":[{"href":"https:\/\/www.daisho.be\/it\/wp-json\/wp\/v2\/media?parent=463780"}],"wp:term":[{"taxonomy":"product_brand","embeddable":true,"href":"https:\/\/www.daisho.be\/it\/wp-json\/wp\/v2\/product_brand?post=463780"},{"taxonomy":"product_cat","embeddable":true,"href":"https:\/\/www.daisho.be\/it\/wp-json\/wp\/v2\/product_cat?post=463780"},{"taxonomy":"product_tag","embeddable":true,"href":"https:\/\/www.daisho.be\/it\/wp-json\/wp\/v2\/product_tag?post=463780"},{"taxonomy":"sport","embeddable":true,"href":"https:\/\/www.daisho.be\/it\/wp-json\/wp\/v2\/sport?post=463780"}],"curies":[{"name":"wp","href":"https:\/\/api.w.org\/{rel}","templated":true}]}}