{"id":463768,"date":"2024-05-20T10:48:26","date_gmt":"2024-05-20T08:48:26","guid":{"rendered":"https:\/\/www.daisho.be\/produit\/numeri-giapponesi-da-boccale\/"},"modified":"2025-11-20T13:57:43","modified_gmt":"2025-11-20T12:57:43","slug":"numeri-giapponesi-da-boccale","status":"publish","type":"product","link":"https:\/\/www.daisho.be\/it\/produit\/numeri-giapponesi-da-boccale\/","title":{"rendered":"Numeri giapponesi da boccale"},"content":{"rendered":"<p>Immergiti nell&#8217;affascinante mondo dei numeri giapponesi con la nostra squisita tazza Japanese Numbers. Questa tazza unica non \u00e8 solo una bellissima aggiunta alla tua collezione di stoviglie, ma offre anche un modo accattivante per scoprire i numeri da 1 a 15 in un&#8217;elegante scrittura giapponese.<br \/>\nCeramica di alta qualit\u00e0: la nostra tazza \u00e8 realizzata in ceramica di alta qualit\u00e0 e si distingue per la sua qualit\u00e0 duratura. Il materiale liscio \u00e8 piacevole al tatto e conferisce alla tazza un aspetto nobile. La robusta ceramica garantisce anche una lunga durata, cos\u00ec potrai goderti questo pezzo speciale per molto tempo.<br \/>\nDesign artistico: la tazza \u00e8 stampata ad arte con i numeri giapponesi da 1 a 15 in caratteri tradizionali. Ogni numero \u00e8 stato disegnato con cura per esaltarne l&#8217;unicit\u00e0 e la bellezza. Che tu sia un amante della cultura giapponese o semplicemente alla ricerca di una tazza unica, questi numeri giapponesi ti incanteranno con la loro eleganza.<br \/>\nVersatilit\u00e0: a casa, in ufficio o in un bar, questa tazza \u00e8 il compagno ideale per la tua vita quotidiana. Goditi il caff\u00e8 del mattino o rilassati con una profumata tazza di t\u00e8 nel pomeriggio. Questa tazza \u00e8 anche una scelta eccezionale come regalo per amici e familiari che stanno imparando a conoscere il Giappone e la sua cultura.<br \/>\nPorta un tocco di raffinatezza giapponese e la storia dei numeri nella tua vita quotidiana con la nostra tazza Japanese Numbers. Immergiti nel mondo dei numeri giapponesi e scopri ogni giorno un nuovo numero gustando la tua bevanda preferita. Acquista subito questa tazza unica e aggiungi un pezzo eccezionale alla tua collezione di stoviglie!<br \/>\nCaratteristiche:<br \/>\n&#8211; Diametro circa 8 cm<br \/>\n&#8211; Altezza circa 9,5 cm<br \/>\n&#8211; Capacit\u00e0 circa 375 ml<br \/>\n&#8211; Materiale: ceramica<br \/>\n&#8211; Lavabile in lavastoviglie         <\/p>\n","protected":false},"excerpt":{"rendered":"<p>Immergiti nell&#8217;affascinante mondo dei numeri giapponesi con la nostra squisita tazza Japanese Numbers. Questa tazza unica non \u00e8 solo una bellissima aggiunta alla tua collezione di stoviglie, ma offre anche un modo accattivante per scoprire i numeri da 1 a 15 in un&#8217;elegante scrittura giapponese. Ceramica di alta qualit\u00e0: la nostra tazza \u00e8 realizzata in [&hellip;]<\/p>\n","protected":false},"featured_media":560533,"comment_status":"open","ping_status":"closed","template":"","meta":{"inline_featured_image":false},"product_brand":[],"product_cat":[2005],"product_tag":[2157],"sport":[],"class_list":{"0":"post-463768","1":"product","2":"type-product","3":"status-publish","4":"has-post-thumbnail","6":"product_cat-regali","7":"product_tag-s-b-j-it","8":"pa_size-sans-taille-defaut","10":"first","11":"instock","12":"taxable","13":"shipping-taxable","14":"purchasable","15":"product-type-variable"},"yoast_head":"<!-- This site is optimized with the Yoast SEO plugin v27.2 - https:\/\/yoast.com\/product\/yoast-seo-wordpress\/ -->\n<title>Numeri giapponesi da boccale &#8211; Daisho<\/title>\n<meta name=\"robots\" content=\"index, follow, max-snippet:-1, max-image-preview:large, max-video-preview:-1\" \/>\n<link rel=\"canonical\" href=\"https:\/\/www.daisho.be\/it\/produit\/numeri-giapponesi-da-boccale\/\" \/>\n<meta property=\"og:locale\" content=\"it_IT\" \/>\n<meta property=\"og:type\" content=\"article\" \/>\n<meta property=\"og:title\" content=\"Numeri giapponesi da boccale &#8211; Daisho\" \/>\n<meta property=\"og:description\" content=\"Immergiti nell&#8217;affascinante mondo dei numeri giapponesi con la nostra squisita tazza Japanese Numbers. Questa tazza unica non \u00e8 solo una bellissima aggiunta alla tua collezione di stoviglie, ma offre anche un modo accattivante per scoprire i numeri da 1 a 15 in un&#8217;elegante scrittura giapponese. Ceramica di alta qualit\u00e0: la nostra tazza \u00e8 realizzata in [&hellip;]\" \/>\n<meta property=\"og:url\" content=\"https:\/\/www.daisho.be\/it\/produit\/numeri-giapponesi-da-boccale\/\" \/>\n<meta property=\"og:site_name\" content=\"Daisho\" \/>\n<meta property=\"article:modified_time\" content=\"2025-11-20T12:57:43+00:00\" \/>\n<meta property=\"og:image\" content=\"https:\/\/www.daisho.be\/wp-content\/uploads\/2024\/01\/image-153.jpg\" \/>\n\t<meta property=\"og:image:width\" content=\"1200\" \/>\n\t<meta property=\"og:image:height\" content=\"1153\" \/>\n\t<meta property=\"og:image:type\" content=\"image\/jpeg\" \/>\n<meta name=\"twitter:card\" content=\"summary_large_image\" \/>\n<meta name=\"twitter:label1\" content=\"Tempo di lettura stimato\" \/>\n\t<meta name=\"twitter:data1\" content=\"1 minuto\" \/>\n<script type=\"application\/ld+json\" class=\"yoast-schema-graph\">{\"@context\":\"https:\/\/schema.org\",\"@graph\":[{\"@type\":\"WebPage\",\"@id\":\"https:\/\/www.daisho.be\/it\/produit\/numeri-giapponesi-da-boccale\/\",\"url\":\"https:\/\/www.daisho.be\/it\/produit\/numeri-giapponesi-da-boccale\/\",\"name\":\"Numeri giapponesi da boccale &#8211; Daisho\",\"isPartOf\":{\"@id\":\"https:\/\/www.daisho.be\/it\/#website\"},\"primaryImageOfPage\":{\"@id\":\"https:\/\/www.daisho.be\/it\/produit\/numeri-giapponesi-da-boccale\/#primaryimage\"},\"image\":{\"@id\":\"https:\/\/www.daisho.be\/it\/produit\/numeri-giapponesi-da-boccale\/#primaryimage\"},\"thumbnailUrl\":\"https:\/\/www.daisho.be\/wp-content\/uploads\/2024\/01\/image-153.jpg\",\"datePublished\":\"2024-05-20T08:48:26+00:00\",\"dateModified\":\"2025-11-20T12:57:43+00:00\",\"breadcrumb\":{\"@id\":\"https:\/\/www.daisho.be\/it\/produit\/numeri-giapponesi-da-boccale\/#breadcrumb\"},\"inLanguage\":\"it-IT\",\"potentialAction\":[{\"@type\":\"ReadAction\",\"target\":[\"https:\/\/www.daisho.be\/it\/produit\/numeri-giapponesi-da-boccale\/\"]}]},{\"@type\":\"ImageObject\",\"inLanguage\":\"it-IT\",\"@id\":\"https:\/\/www.daisho.be\/it\/produit\/numeri-giapponesi-da-boccale\/#primaryimage\",\"url\":\"https:\/\/www.daisho.be\/wp-content\/uploads\/2024\/01\/image-153.jpg\",\"contentUrl\":\"https:\/\/www.daisho.be\/wp-content\/uploads\/2024\/01\/image-153.jpg\",\"width\":1200,\"height\":1153,\"caption\":\"Tazza numeri giapponesi-1\"},{\"@type\":\"BreadcrumbList\",\"@id\":\"https:\/\/www.daisho.be\/it\/produit\/numeri-giapponesi-da-boccale\/#breadcrumb\",\"itemListElement\":[{\"@type\":\"ListItem\",\"position\":1,\"name\":\"Accueil\",\"item\":\"https:\/\/www.daisho.be\/it\/\"},{\"@type\":\"ListItem\",\"position\":2,\"name\":\"Prodotti\",\"item\":\"https:\/\/www.daisho.be\/it\/prodotti\/\"},{\"@type\":\"ListItem\",\"position\":3,\"name\":\"Sport da combattimento\",\"item\":\"https:\/\/www.daisho.be\/it\/categorie-produit\/sport-da-combattimento\/\"},{\"@type\":\"ListItem\",\"position\":4,\"name\":\"Regali\",\"item\":\"https:\/\/www.daisho.be\/it\/categorie-produit\/sport-da-combattimento\/regali\/\"},{\"@type\":\"ListItem\",\"position\":5,\"name\":\"Numeri giapponesi da boccale\"}]},{\"@type\":\"WebSite\",\"@id\":\"https:\/\/www.daisho.be\/it\/#website\",\"url\":\"https:\/\/www.daisho.be\/it\/\",\"name\":\"Daisho\",\"description\":\"Sp&eacute;cialiste de l'&eacute;quipement sportif d'arts martiaux\",\"publisher\":{\"@id\":\"https:\/\/www.daisho.be\/it\/#organization\"},\"potentialAction\":[{\"@type\":\"SearchAction\",\"target\":{\"@type\":\"EntryPoint\",\"urlTemplate\":\"https:\/\/www.daisho.be\/it\/?s={search_term_string}\"},\"query-input\":{\"@type\":\"PropertyValueSpecification\",\"valueRequired\":true,\"valueName\":\"search_term_string\"}}],\"inLanguage\":\"it-IT\"},{\"@type\":\"Organization\",\"@id\":\"https:\/\/www.daisho.be\/it\/#organization\",\"name\":\"Daisho\",\"url\":\"https:\/\/www.daisho.be\/it\/\",\"logo\":{\"@type\":\"ImageObject\",\"inLanguage\":\"it-IT\",\"@id\":\"https:\/\/www.daisho.be\/it\/#\/schema\/logo\/image\/\",\"url\":\"https:\/\/www.daisho.be\/wp-content\/uploads\/2019\/07\/color-nothing-horizontale4x-e1564486100247.png\",\"contentUrl\":\"https:\/\/www.daisho.be\/wp-content\/uploads\/2019\/07\/color-nothing-horizontale4x-e1564486100247.png\",\"width\":1547,\"height\":385,\"caption\":\"Daisho\"},\"image\":{\"@id\":\"https:\/\/www.daisho.be\/it\/#\/schema\/logo\/image\/\"}}]}<\/script>\n<!-- \/ Yoast SEO plugin. -->","yoast_head_json":{"title":"Numeri giapponesi da boccale &#8211; Daisho","robots":{"index":"index","follow":"follow","max-snippet":"max-snippet:-1","max-image-preview":"max-image-preview:large","max-video-preview":"max-video-preview:-1"},"canonical":"https:\/\/www.daisho.be\/it\/produit\/numeri-giapponesi-da-boccale\/","og_locale":"it_IT","og_type":"article","og_title":"Numeri giapponesi da boccale &#8211; Daisho","og_description":"Immergiti nell&#8217;affascinante mondo dei numeri giapponesi con la nostra squisita tazza Japanese Numbers. Questa tazza unica non \u00e8 solo una bellissima aggiunta alla tua collezione di stoviglie, ma offre anche un modo accattivante per scoprire i numeri da 1 a 15 in un&#8217;elegante scrittura giapponese. Ceramica di alta qualit\u00e0: la nostra tazza \u00e8 realizzata in [&hellip;]","og_url":"https:\/\/www.daisho.be\/it\/produit\/numeri-giapponesi-da-boccale\/","og_site_name":"Daisho","article_modified_time":"2025-11-20T12:57:43+00:00","og_image":[{"width":1200,"height":1153,"url":"https:\/\/www.daisho.be\/wp-content\/uploads\/2024\/01\/image-153.jpg","type":"image\/jpeg"}],"twitter_card":"summary_large_image","twitter_misc":{"Tempo di lettura stimato":"1 minuto"},"schema":{"@context":"https:\/\/schema.org","@graph":[{"@type":"WebPage","@id":"https:\/\/www.daisho.be\/it\/produit\/numeri-giapponesi-da-boccale\/","url":"https:\/\/www.daisho.be\/it\/produit\/numeri-giapponesi-da-boccale\/","name":"Numeri giapponesi da boccale &#8211; Daisho","isPartOf":{"@id":"https:\/\/www.daisho.be\/it\/#website"},"primaryImageOfPage":{"@id":"https:\/\/www.daisho.be\/it\/produit\/numeri-giapponesi-da-boccale\/#primaryimage"},"image":{"@id":"https:\/\/www.daisho.be\/it\/produit\/numeri-giapponesi-da-boccale\/#primaryimage"},"thumbnailUrl":"https:\/\/www.daisho.be\/wp-content\/uploads\/2024\/01\/image-153.jpg","datePublished":"2024-05-20T08:48:26+00:00","dateModified":"2025-11-20T12:57:43+00:00","breadcrumb":{"@id":"https:\/\/www.daisho.be\/it\/produit\/numeri-giapponesi-da-boccale\/#breadcrumb"},"inLanguage":"it-IT","potentialAction":[{"@type":"ReadAction","target":["https:\/\/www.daisho.be\/it\/produit\/numeri-giapponesi-da-boccale\/"]}]},{"@type":"ImageObject","inLanguage":"it-IT","@id":"https:\/\/www.daisho.be\/it\/produit\/numeri-giapponesi-da-boccale\/#primaryimage","url":"https:\/\/www.daisho.be\/wp-content\/uploads\/2024\/01\/image-153.jpg","contentUrl":"https:\/\/www.daisho.be\/wp-content\/uploads\/2024\/01\/image-153.jpg","width":1200,"height":1153,"caption":"Tazza numeri giapponesi-1"},{"@type":"BreadcrumbList","@id":"https:\/\/www.daisho.be\/it\/produit\/numeri-giapponesi-da-boccale\/#breadcrumb","itemListElement":[{"@type":"ListItem","position":1,"name":"Accueil","item":"https:\/\/www.daisho.be\/it\/"},{"@type":"ListItem","position":2,"name":"Prodotti","item":"https:\/\/www.daisho.be\/it\/prodotti\/"},{"@type":"ListItem","position":3,"name":"Sport da combattimento","item":"https:\/\/www.daisho.be\/it\/categorie-produit\/sport-da-combattimento\/"},{"@type":"ListItem","position":4,"name":"Regali","item":"https:\/\/www.daisho.be\/it\/categorie-produit\/sport-da-combattimento\/regali\/"},{"@type":"ListItem","position":5,"name":"Numeri giapponesi da boccale"}]},{"@type":"WebSite","@id":"https:\/\/www.daisho.be\/it\/#website","url":"https:\/\/www.daisho.be\/it\/","name":"Daisho","description":"Sp&eacute;cialiste de l'&eacute;quipement sportif d'arts martiaux","publisher":{"@id":"https:\/\/www.daisho.be\/it\/#organization"},"potentialAction":[{"@type":"SearchAction","target":{"@type":"EntryPoint","urlTemplate":"https:\/\/www.daisho.be\/it\/?s={search_term_string}"},"query-input":{"@type":"PropertyValueSpecification","valueRequired":true,"valueName":"search_term_string"}}],"inLanguage":"it-IT"},{"@type":"Organization","@id":"https:\/\/www.daisho.be\/it\/#organization","name":"Daisho","url":"https:\/\/www.daisho.be\/it\/","logo":{"@type":"ImageObject","inLanguage":"it-IT","@id":"https:\/\/www.daisho.be\/it\/#\/schema\/logo\/image\/","url":"https:\/\/www.daisho.be\/wp-content\/uploads\/2019\/07\/color-nothing-horizontale4x-e1564486100247.png","contentUrl":"https:\/\/www.daisho.be\/wp-content\/uploads\/2019\/07\/color-nothing-horizontale4x-e1564486100247.png","width":1547,"height":385,"caption":"Daisho"},"image":{"@id":"https:\/\/www.daisho.be\/it\/#\/schema\/logo\/image\/"}}]}},"_links":{"self":[{"href":"https:\/\/www.daisho.be\/it\/wp-json\/wp\/v2\/product\/463768","targetHints":{"allow":["GET"]}}],"collection":[{"href":"https:\/\/www.daisho.be\/it\/wp-json\/wp\/v2\/product"}],"about":[{"href":"https:\/\/www.daisho.be\/it\/wp-json\/wp\/v2\/types\/product"}],"replies":[{"embeddable":true,"href":"https:\/\/www.daisho.be\/it\/wp-json\/wp\/v2\/comments?post=463768"}],"wp:featuredmedia":[{"embeddable":true,"href":"https:\/\/www.daisho.be\/it\/wp-json\/wp\/v2\/media\/560533"}],"wp:attachment":[{"href":"https:\/\/www.daisho.be\/it\/wp-json\/wp\/v2\/media?parent=463768"}],"wp:term":[{"taxonomy":"product_brand","embeddable":true,"href":"https:\/\/www.daisho.be\/it\/wp-json\/wp\/v2\/product_brand?post=463768"},{"taxonomy":"product_cat","embeddable":true,"href":"https:\/\/www.daisho.be\/it\/wp-json\/wp\/v2\/product_cat?post=463768"},{"taxonomy":"product_tag","embeddable":true,"href":"https:\/\/www.daisho.be\/it\/wp-json\/wp\/v2\/product_tag?post=463768"},{"taxonomy":"sport","embeddable":true,"href":"https:\/\/www.daisho.be\/it\/wp-json\/wp\/v2\/sport?post=463768"}],"curies":[{"name":"wp","href":"https:\/\/api.w.org\/{rel}","templated":true}]}}