{"id":463438,"date":"2024-07-10T16:39:31","date_gmt":"2024-07-10T14:39:31","guid":{"rendered":"https:\/\/www.daisho.be\/produit\/karategi-adidas-adilight-dna-primegreen-blu\/"},"modified":"2026-03-04T11:20:21","modified_gmt":"2026-03-04T10:20:21","slug":"karategi-adidas-adilight-dna-primegreen-blu","status":"publish","type":"product","link":"https:\/\/www.daisho.be\/it\/produit\/karategi-adidas-adilight-dna-primegreen-blu\/","title":{"rendered":"KARATEGI ADIDAS ADILIGHT DNA PRIMEGREEN &#8211; Blu"},"content":{"rendered":"<p>Il karategi adidas AdiLight DNA Primegreen \u00e8 un completo da karate di alta qualit\u00e0 creato dal famoso marchio adidas.<br \/>\nProgettato appositamente per i praticanti di karate, questo karategi combina comfort, prestazioni e stile.<\/p>\n<p>Realizzato in tessuto Primegreen, un materiale innovativo ed ecologico, questo karategi non \u00e8 solo comodo da indossare, ma anche ecologico.<\/p>\n<p>Primegreen \u00e8 realizzato con materiali riciclati al 100% e contribuisce a ridurre l&#8217;impatto ambientale della produzione tessile.<\/p>\n<p>Grazie alla sua vestibilit\u00e0 slim e alle finiture di alta qualit\u00e0, questo karategi offre un&#8217;ottima libert\u00e0 di movimento per una pratica del karate fluida ed efficiente.<\/p>\n<p>Inoltre, \u00e8 dotato di tecnologia Climalite, che elimina il sudore per mantenerti asciutto e comodo durante le sessioni di allenamento o le gare.<\/p>\n<p>Il design elegante e raffinato di questa adidas AdiLight DNA Primegreen karategi la rende una scelta ideale per gli atleti attenti allo stile.<\/p>\n<p>Il logo adidas sul petto e le iconiche strisce sulle maniche aggiungono un tocco moderno all&#8217;outfit.<\/p>\n<p>Che tu sia un principiante o un praticante esperto, questo karategi adidas AdiLight DNA Primegreen \u00e8 una scelta essenziale per la tua pratica del karate.<\/p>\n<p>Ordinalo subito e approfitta di un abbigliamento di alta qualit\u00e0, ecologico e alla moda per i tuoi allenamenti e le tue gare di karate.<\/p>\n<p>N.B.: Soggetto a disponibilit\u00e0.<\/p>\n<p><img loading=\"lazy\" decoding=\"async\" class=\"alignnone size-medium wp-image-483018\" src=\"https:\/\/www.daisho.be\/wp-content\/uploads\/2025\/01\/image-4-300x107.png\" alt=\"KARATEGI ADIDAS ADILIGHT PRIMEGREEN-2\" width=\"300\" height=\"107\" srcset=\"https:\/\/www.daisho.be\/wp-content\/uploads\/2025\/01\/image-4-300x107.png 300w, https:\/\/www.daisho.be\/wp-content\/uploads\/2025\/01\/image-4-223x80.png 223w, https:\/\/www.daisho.be\/wp-content\/uploads\/2025\/01\/image-4.png 377w\" sizes=\"auto, (max-width: 300px) 100vw, 300px\" \/><\/p>\n","protected":false},"excerpt":{"rendered":"<p>Il karategi adidas AdiLight DNA Primegreen \u00e8 un completo da karate di alta qualit\u00e0 creato dal famoso marchio adidas. Progettato appositamente per i praticanti di karate, questo karategi combina comfort, prestazioni e stile. Realizzato in tessuto Primegreen, un materiale innovativo ed ecologico, questo karategi non \u00e8 solo comodo da indossare, ma anche ecologico. Primegreen \u00e8 [&hellip;]<\/p>\n","protected":false},"featured_media":497970,"comment_status":"open","ping_status":"closed","template":"","meta":{"inline_featured_image":false},"product_brand":[],"product_cat":[2119,2182,2007],"product_tag":[2176],"sport":[],"class_list":{"0":"post-463438","1":"product","2":"type-product","3":"status-publish","4":"has-post-thumbnail","6":"product_cat-abiti-kimono","7":"product_cat-kimono-karategi-adidas-it","8":"product_cat-kimono-da-karate","9":"product_tag-adidas-it","10":"pa_size-380","11":"pa_size-388","12":"pa_size-379","13":"pa_size-387","14":"pa_size-378","15":"pa_size-386","16":"pa_size-377","17":"pa_size-385","18":"pa_size-376","19":"pa_size-384","20":"pa_size-383","21":"pa_size-953","23":"first","24":"instock","25":"taxable","26":"shipping-taxable","27":"purchasable","28":"product-type-variable"},"yoast_head":"<!-- This site is optimized with the Yoast SEO plugin v27.2 - https:\/\/yoast.com\/product\/yoast-seo-wordpress\/ -->\n<title>KARATEGI ADIDAS ADILIGHT DNA PRIMEGREEN - Blu &#8211; Daisho<\/title>\n<meta name=\"description\" content=\"Scopri la karategi Adidas DNA adilight, che unisce eleganza, prestazioni ed ecologia grazie al tessuto PRIMEGREEN utilizzato. Acquistalo su www.daisho.be\/Daisho\" \/>\n<meta name=\"robots\" content=\"index, follow, max-snippet:-1, max-image-preview:large, max-video-preview:-1\" \/>\n<link rel=\"canonical\" href=\"https:\/\/www.daisho.be\/it\/produit\/karategi-adidas-adilight-dna-primegreen-blu\/\" \/>\n<meta property=\"og:locale\" content=\"it_IT\" \/>\n<meta property=\"og:type\" content=\"article\" \/>\n<meta property=\"og:title\" content=\"KARATEGI ADIDAS ADILIGHT DNA PRIMEGREEN - Blu &#8211; Daisho\" \/>\n<meta property=\"og:description\" content=\"Scopri la karategi Adidas DNA adilight, che unisce eleganza, prestazioni ed ecologia grazie al tessuto PRIMEGREEN utilizzato. Acquistalo su www.daisho.be\/Daisho\" \/>\n<meta property=\"og:url\" content=\"https:\/\/www.daisho.be\/it\/produit\/karategi-adidas-adilight-dna-primegreen-blu\/\" \/>\n<meta property=\"og:site_name\" content=\"Daisho\" \/>\n<meta property=\"article:modified_time\" content=\"2026-03-04T10:20:21+00:00\" \/>\n<meta property=\"og:image\" content=\"https:\/\/www.daisho.be\/wp-content\/uploads\/2025\/02\/image-23.png\" \/>\n\t<meta property=\"og:image:width\" content=\"519\" \/>\n\t<meta property=\"og:image:height\" content=\"695\" \/>\n\t<meta property=\"og:image:type\" content=\"image\/png\" \/>\n<meta name=\"twitter:card\" content=\"summary_large_image\" \/>\n<meta name=\"twitter:label1\" content=\"Tempo di lettura stimato\" \/>\n\t<meta name=\"twitter:data1\" content=\"1 minuto\" \/>\n<script type=\"application\/ld+json\" class=\"yoast-schema-graph\">{\"@context\":\"https:\/\/schema.org\",\"@graph\":[{\"@type\":\"WebPage\",\"@id\":\"https:\/\/www.daisho.be\/it\/produit\/karategi-adidas-adilight-dna-primegreen-blu\/\",\"url\":\"https:\/\/www.daisho.be\/it\/produit\/karategi-adidas-adilight-dna-primegreen-blu\/\",\"name\":\"KARATEGI ADIDAS ADILIGHT DNA PRIMEGREEN - Blu &#8211; Daisho\",\"isPartOf\":{\"@id\":\"https:\/\/www.daisho.be\/it\/#website\"},\"primaryImageOfPage\":{\"@id\":\"https:\/\/www.daisho.be\/it\/produit\/karategi-adidas-adilight-dna-primegreen-blu\/#primaryimage\"},\"image\":{\"@id\":\"https:\/\/www.daisho.be\/it\/produit\/karategi-adidas-adilight-dna-primegreen-blu\/#primaryimage\"},\"thumbnailUrl\":\"https:\/\/www.daisho.be\/wp-content\/uploads\/2025\/02\/image-23.png\",\"datePublished\":\"2024-07-10T14:39:31+00:00\",\"dateModified\":\"2026-03-04T10:20:21+00:00\",\"description\":\"Scopri la karategi Adidas DNA adilight, che unisce eleganza, prestazioni ed ecologia grazie al tessuto PRIMEGREEN utilizzato. Acquistalo su www.daisho.be\/Daisho\",\"breadcrumb\":{\"@id\":\"https:\/\/www.daisho.be\/it\/produit\/karategi-adidas-adilight-dna-primegreen-blu\/#breadcrumb\"},\"inLanguage\":\"it-IT\",\"potentialAction\":[{\"@type\":\"ReadAction\",\"target\":[\"https:\/\/www.daisho.be\/it\/produit\/karategi-adidas-adilight-dna-primegreen-blu\/\"]}]},{\"@type\":\"ImageObject\",\"inLanguage\":\"it-IT\",\"@id\":\"https:\/\/www.daisho.be\/it\/produit\/karategi-adidas-adilight-dna-primegreen-blu\/#primaryimage\",\"url\":\"https:\/\/www.daisho.be\/wp-content\/uploads\/2025\/02\/image-23.png\",\"contentUrl\":\"https:\/\/www.daisho.be\/wp-content\/uploads\/2025\/02\/image-23.png\",\"width\":519,\"height\":695,\"caption\":\"KARATEGI ADIDAS ADILIGHT DNA PRIMEGREEN - Blu-1\"},{\"@type\":\"BreadcrumbList\",\"@id\":\"https:\/\/www.daisho.be\/it\/produit\/karategi-adidas-adilight-dna-primegreen-blu\/#breadcrumb\",\"itemListElement\":[{\"@type\":\"ListItem\",\"position\":1,\"name\":\"Accueil\",\"item\":\"https:\/\/www.daisho.be\/it\/\"},{\"@type\":\"ListItem\",\"position\":2,\"name\":\"Prodotti\",\"item\":\"https:\/\/www.daisho.be\/it\/prodotti\/\"},{\"@type\":\"ListItem\",\"position\":3,\"name\":\"ADIDAS SPORT DA COMBATTIMENTO\",\"item\":\"https:\/\/www.daisho.be\/it\/categorie-produit\/adidas-sport-da-combattimento\/\"},{\"@type\":\"ListItem\",\"position\":4,\"name\":\"Karate\",\"item\":\"https:\/\/www.daisho.be\/it\/categorie-produit\/adidas-sport-da-combattimento\/karate-it\/\"},{\"@type\":\"ListItem\",\"position\":5,\"name\":\"Kimono - Karategi Adidas\",\"item\":\"https:\/\/www.daisho.be\/it\/categorie-produit\/adidas-sport-da-combattimento\/karate-it\/kimono-karategi-adidas-it\/\"},{\"@type\":\"ListItem\",\"position\":6,\"name\":\"KARATEGI ADIDAS ADILIGHT DNA PRIMEGREEN &#8211; Blu\"}]},{\"@type\":\"WebSite\",\"@id\":\"https:\/\/www.daisho.be\/it\/#website\",\"url\":\"https:\/\/www.daisho.be\/it\/\",\"name\":\"Daisho\",\"description\":\"Sp&eacute;cialiste de l'&eacute;quipement sportif d'arts martiaux\",\"publisher\":{\"@id\":\"https:\/\/www.daisho.be\/it\/#organization\"},\"potentialAction\":[{\"@type\":\"SearchAction\",\"target\":{\"@type\":\"EntryPoint\",\"urlTemplate\":\"https:\/\/www.daisho.be\/it\/?s={search_term_string}\"},\"query-input\":{\"@type\":\"PropertyValueSpecification\",\"valueRequired\":true,\"valueName\":\"search_term_string\"}}],\"inLanguage\":\"it-IT\"},{\"@type\":\"Organization\",\"@id\":\"https:\/\/www.daisho.be\/it\/#organization\",\"name\":\"Daisho\",\"url\":\"https:\/\/www.daisho.be\/it\/\",\"logo\":{\"@type\":\"ImageObject\",\"inLanguage\":\"it-IT\",\"@id\":\"https:\/\/www.daisho.be\/it\/#\/schema\/logo\/image\/\",\"url\":\"https:\/\/www.daisho.be\/wp-content\/uploads\/2019\/07\/color-nothing-horizontale4x-e1564486100247.png\",\"contentUrl\":\"https:\/\/www.daisho.be\/wp-content\/uploads\/2019\/07\/color-nothing-horizontale4x-e1564486100247.png\",\"width\":1547,\"height\":385,\"caption\":\"Daisho\"},\"image\":{\"@id\":\"https:\/\/www.daisho.be\/it\/#\/schema\/logo\/image\/\"}}]}<\/script>\n<!-- \/ Yoast SEO plugin. -->","yoast_head_json":{"title":"KARATEGI ADIDAS ADILIGHT DNA PRIMEGREEN - Blu &#8211; Daisho","description":"Scopri la karategi Adidas DNA adilight, che unisce eleganza, prestazioni ed ecologia grazie al tessuto PRIMEGREEN utilizzato. Acquistalo su www.daisho.be\/Daisho","robots":{"index":"index","follow":"follow","max-snippet":"max-snippet:-1","max-image-preview":"max-image-preview:large","max-video-preview":"max-video-preview:-1"},"canonical":"https:\/\/www.daisho.be\/it\/produit\/karategi-adidas-adilight-dna-primegreen-blu\/","og_locale":"it_IT","og_type":"article","og_title":"KARATEGI ADIDAS ADILIGHT DNA PRIMEGREEN - Blu &#8211; Daisho","og_description":"Scopri la karategi Adidas DNA adilight, che unisce eleganza, prestazioni ed ecologia grazie al tessuto PRIMEGREEN utilizzato. Acquistalo su www.daisho.be\/Daisho","og_url":"https:\/\/www.daisho.be\/it\/produit\/karategi-adidas-adilight-dna-primegreen-blu\/","og_site_name":"Daisho","article_modified_time":"2026-03-04T10:20:21+00:00","og_image":[{"width":519,"height":695,"url":"https:\/\/www.daisho.be\/wp-content\/uploads\/2025\/02\/image-23.png","type":"image\/png"}],"twitter_card":"summary_large_image","twitter_misc":{"Tempo di lettura stimato":"1 minuto"},"schema":{"@context":"https:\/\/schema.org","@graph":[{"@type":"WebPage","@id":"https:\/\/www.daisho.be\/it\/produit\/karategi-adidas-adilight-dna-primegreen-blu\/","url":"https:\/\/www.daisho.be\/it\/produit\/karategi-adidas-adilight-dna-primegreen-blu\/","name":"KARATEGI ADIDAS ADILIGHT DNA PRIMEGREEN - Blu &#8211; Daisho","isPartOf":{"@id":"https:\/\/www.daisho.be\/it\/#website"},"primaryImageOfPage":{"@id":"https:\/\/www.daisho.be\/it\/produit\/karategi-adidas-adilight-dna-primegreen-blu\/#primaryimage"},"image":{"@id":"https:\/\/www.daisho.be\/it\/produit\/karategi-adidas-adilight-dna-primegreen-blu\/#primaryimage"},"thumbnailUrl":"https:\/\/www.daisho.be\/wp-content\/uploads\/2025\/02\/image-23.png","datePublished":"2024-07-10T14:39:31+00:00","dateModified":"2026-03-04T10:20:21+00:00","description":"Scopri la karategi Adidas DNA adilight, che unisce eleganza, prestazioni ed ecologia grazie al tessuto PRIMEGREEN utilizzato. Acquistalo su www.daisho.be\/Daisho","breadcrumb":{"@id":"https:\/\/www.daisho.be\/it\/produit\/karategi-adidas-adilight-dna-primegreen-blu\/#breadcrumb"},"inLanguage":"it-IT","potentialAction":[{"@type":"ReadAction","target":["https:\/\/www.daisho.be\/it\/produit\/karategi-adidas-adilight-dna-primegreen-blu\/"]}]},{"@type":"ImageObject","inLanguage":"it-IT","@id":"https:\/\/www.daisho.be\/it\/produit\/karategi-adidas-adilight-dna-primegreen-blu\/#primaryimage","url":"https:\/\/www.daisho.be\/wp-content\/uploads\/2025\/02\/image-23.png","contentUrl":"https:\/\/www.daisho.be\/wp-content\/uploads\/2025\/02\/image-23.png","width":519,"height":695,"caption":"KARATEGI ADIDAS ADILIGHT DNA PRIMEGREEN - Blu-1"},{"@type":"BreadcrumbList","@id":"https:\/\/www.daisho.be\/it\/produit\/karategi-adidas-adilight-dna-primegreen-blu\/#breadcrumb","itemListElement":[{"@type":"ListItem","position":1,"name":"Accueil","item":"https:\/\/www.daisho.be\/it\/"},{"@type":"ListItem","position":2,"name":"Prodotti","item":"https:\/\/www.daisho.be\/it\/prodotti\/"},{"@type":"ListItem","position":3,"name":"ADIDAS SPORT DA COMBATTIMENTO","item":"https:\/\/www.daisho.be\/it\/categorie-produit\/adidas-sport-da-combattimento\/"},{"@type":"ListItem","position":4,"name":"Karate","item":"https:\/\/www.daisho.be\/it\/categorie-produit\/adidas-sport-da-combattimento\/karate-it\/"},{"@type":"ListItem","position":5,"name":"Kimono - Karategi Adidas","item":"https:\/\/www.daisho.be\/it\/categorie-produit\/adidas-sport-da-combattimento\/karate-it\/kimono-karategi-adidas-it\/"},{"@type":"ListItem","position":6,"name":"KARATEGI ADIDAS ADILIGHT DNA PRIMEGREEN &#8211; Blu"}]},{"@type":"WebSite","@id":"https:\/\/www.daisho.be\/it\/#website","url":"https:\/\/www.daisho.be\/it\/","name":"Daisho","description":"Sp&eacute;cialiste de l'&eacute;quipement sportif d'arts martiaux","publisher":{"@id":"https:\/\/www.daisho.be\/it\/#organization"},"potentialAction":[{"@type":"SearchAction","target":{"@type":"EntryPoint","urlTemplate":"https:\/\/www.daisho.be\/it\/?s={search_term_string}"},"query-input":{"@type":"PropertyValueSpecification","valueRequired":true,"valueName":"search_term_string"}}],"inLanguage":"it-IT"},{"@type":"Organization","@id":"https:\/\/www.daisho.be\/it\/#organization","name":"Daisho","url":"https:\/\/www.daisho.be\/it\/","logo":{"@type":"ImageObject","inLanguage":"it-IT","@id":"https:\/\/www.daisho.be\/it\/#\/schema\/logo\/image\/","url":"https:\/\/www.daisho.be\/wp-content\/uploads\/2019\/07\/color-nothing-horizontale4x-e1564486100247.png","contentUrl":"https:\/\/www.daisho.be\/wp-content\/uploads\/2019\/07\/color-nothing-horizontale4x-e1564486100247.png","width":1547,"height":385,"caption":"Daisho"},"image":{"@id":"https:\/\/www.daisho.be\/it\/#\/schema\/logo\/image\/"}}]}},"_links":{"self":[{"href":"https:\/\/www.daisho.be\/it\/wp-json\/wp\/v2\/product\/463438","targetHints":{"allow":["GET"]}}],"collection":[{"href":"https:\/\/www.daisho.be\/it\/wp-json\/wp\/v2\/product"}],"about":[{"href":"https:\/\/www.daisho.be\/it\/wp-json\/wp\/v2\/types\/product"}],"replies":[{"embeddable":true,"href":"https:\/\/www.daisho.be\/it\/wp-json\/wp\/v2\/comments?post=463438"}],"wp:featuredmedia":[{"embeddable":true,"href":"https:\/\/www.daisho.be\/it\/wp-json\/wp\/v2\/media\/497970"}],"wp:attachment":[{"href":"https:\/\/www.daisho.be\/it\/wp-json\/wp\/v2\/media?parent=463438"}],"wp:term":[{"taxonomy":"product_brand","embeddable":true,"href":"https:\/\/www.daisho.be\/it\/wp-json\/wp\/v2\/product_brand?post=463438"},{"taxonomy":"product_cat","embeddable":true,"href":"https:\/\/www.daisho.be\/it\/wp-json\/wp\/v2\/product_cat?post=463438"},{"taxonomy":"product_tag","embeddable":true,"href":"https:\/\/www.daisho.be\/it\/wp-json\/wp\/v2\/product_tag?post=463438"},{"taxonomy":"sport","embeddable":true,"href":"https:\/\/www.daisho.be\/it\/wp-json\/wp\/v2\/sport?post=463438"}],"curies":[{"name":"wp","href":"https:\/\/api.w.org\/{rel}","templated":true}]}}