{"id":463070,"date":"2024-08-23T13:19:19","date_gmt":"2024-08-23T11:19:19","guid":{"rendered":"https:\/\/www.daisho.be\/produit\/judogi-adidas-j990-millenium-bianco-nero\/"},"modified":"2026-02-02T11:17:01","modified_gmt":"2026-02-02T10:17:01","slug":"judogi-adidas-j990-millenium-bianco-nero","status":"publish","type":"product","link":"https:\/\/www.daisho.be\/it\/produit\/judogi-adidas-j990-millenium-bianco-nero\/","title":{"rendered":"Judogi adidas J990 Millenium Bianco\/Nero"},"content":{"rendered":"<p> <span style=\"color:#e60000;font-weight:bold\"><br \/>\n<i class=\"fa fa-clock-o\"><\/i> DISPONIBILIT\u00c0: FINE FEBBRAIO 2026<br \/>\n<\/span><br \/>\n Chi \u00e8 alla ricerca di una tuta da judo resistente e spessa, come da tradizione, trover\u00e0 quello che cerca nel Millenium.<br \/>\nLa Millenium ha un look sobrio ed elegante grazie al nuovo logo adidas ricamato sulla parte superiore del braccio.<br \/>\nQuesta tuta da judo adidas \u00e8 realizzata in materiale solido, un polsino rinforzato e un&#8217;ottima vestibilit\u00e0 slim rendono questo gi gi un fantastico capo di equipaggiamento sportivo.<br \/>\nL&#8217;indumento \u00e8 realizzato con un tessuto a grana di riso, 70% cotone e 30% poliestere, e pesa 990 g\/m2.<br \/>\nQuesto gi \u00e8 autorizzato a partecipare a tutti i campionati nazionali.<\/p>\n<p>Caratteristiche :<br \/>\n&#8211; Peso: 990g<br \/>\n&#8211; Ideale dal cadetto 1 in su per i concorrenti di alto livello<br \/>\n&#8211; Giacca in tessuto a grana di riso (75% cotone e 25% poliestere)<br \/>\n&#8211; Pantaloni in 100% cotone<br \/>\n&#8211; Cuciture sul retro della giacca<br \/>\n&#8211; Colletto molto fitto con 6 file di cuciture<br \/>\n&#8211; Fodera interna sublimata (con logo adidas) sulle spalle<br \/>\n&#8211; Pantaloni con allacciatura tradizionale<br \/>\n&#8211; Vestibilit\u00e0 &#8216;Regular&#8217;.<\/p>\n","protected":false},"excerpt":{"rendered":"<p>DISPONIBILIT\u00c0: FINE FEBBRAIO 2026 Chi \u00e8 alla ricerca di una tuta da judo resistente e spessa, come da tradizione, trover\u00e0 quello che cerca nel Millenium. La Millenium ha un look sobrio ed elegante grazie al nuovo logo adidas ricamato sulla parte superiore del braccio. Questa tuta da judo adidas \u00e8 realizzata in materiale solido, un [&hellip;]<\/p>\n","protected":false},"featured_media":463085,"comment_status":"open","ping_status":"closed","template":"","meta":{"inline_featured_image":false},"product_brand":[],"product_cat":[2119,2286,2228],"product_tag":[2176],"sport":[],"class_list":{"0":"post-463070","1":"product","2":"type-product","3":"status-publish","4":"has-post-thumbnail","6":"product_cat-abiti-kimono","7":"product_cat-kimono-judogi-adidas-it","8":"product_cat-kimono-da-judo","9":"product_tag-adidas-it","10":"pa_size-380","11":"pa_size-388","12":"pa_size-379","13":"pa_size-387","14":"pa_size-378","15":"pa_size-386","16":"pa_size-377","17":"pa_size-385","18":"pa_size-376","19":"pa_size-384","20":"pa_size-383","21":"pa_size-953","23":"first","24":"instock","25":"taxable","26":"shipping-taxable","27":"purchasable","28":"product-type-variable"},"yoast_head":"<!-- This site is optimized with the Yoast SEO plugin v27.2 - https:\/\/yoast.com\/product\/yoast-seo-wordpress\/ -->\n<title>Judogi adidas J990 Millenium Bianco\/Nero &#8211; Daisho<\/title>\n<meta name=\"description\" content=\"Scopri il nostro judogi tradizionale J990 millennium, che offre qualit\u00e0 ed eleganza per i tuoi allenamenti e le tue competizioni sul nostro sito www.daisho.be\/Daisho.\" \/>\n<meta name=\"robots\" content=\"index, follow, max-snippet:-1, max-image-preview:large, max-video-preview:-1\" \/>\n<link rel=\"canonical\" href=\"https:\/\/www.daisho.be\/it\/produit\/judogi-adidas-j990-millenium-bianco-nero\/\" \/>\n<meta property=\"og:locale\" content=\"it_IT\" \/>\n<meta property=\"og:type\" content=\"article\" \/>\n<meta property=\"og:title\" content=\"Judogi adidas J990 Millenium Bianco\/Nero &#8211; Daisho\" \/>\n<meta property=\"og:description\" content=\"Scopri il nostro judogi tradizionale J990 millennium, che offre qualit\u00e0 ed eleganza per i tuoi allenamenti e le tue competizioni sul nostro sito www.daisho.be\/Daisho.\" \/>\n<meta property=\"og:url\" content=\"https:\/\/www.daisho.be\/it\/produit\/judogi-adidas-j990-millenium-bianco-nero\/\" \/>\n<meta property=\"og:site_name\" content=\"Daisho\" \/>\n<meta property=\"article:modified_time\" content=\"2026-02-02T10:17:01+00:00\" \/>\n<meta property=\"og:image\" content=\"https:\/\/www.daisho.be\/wp-content\/uploads\/2024\/08\/image-24.png\" \/>\n\t<meta property=\"og:image:width\" content=\"785\" \/>\n\t<meta property=\"og:image:height\" content=\"719\" \/>\n\t<meta property=\"og:image:type\" content=\"image\/png\" \/>\n<meta name=\"twitter:card\" content=\"summary_large_image\" \/>\n<meta name=\"twitter:label1\" content=\"Tempo di lettura stimato\" \/>\n\t<meta name=\"twitter:data1\" content=\"1 minuto\" \/>\n<script type=\"application\/ld+json\" class=\"yoast-schema-graph\">{\"@context\":\"https:\/\/schema.org\",\"@graph\":[{\"@type\":\"WebPage\",\"@id\":\"https:\/\/www.daisho.be\/it\/produit\/judogi-adidas-j990-millenium-bianco-nero\/\",\"url\":\"https:\/\/www.daisho.be\/it\/produit\/judogi-adidas-j990-millenium-bianco-nero\/\",\"name\":\"Judogi adidas J990 Millenium Bianco\/Nero &#8211; Daisho\",\"isPartOf\":{\"@id\":\"https:\/\/www.daisho.be\/it\/#website\"},\"primaryImageOfPage\":{\"@id\":\"https:\/\/www.daisho.be\/it\/produit\/judogi-adidas-j990-millenium-bianco-nero\/#primaryimage\"},\"image\":{\"@id\":\"https:\/\/www.daisho.be\/it\/produit\/judogi-adidas-j990-millenium-bianco-nero\/#primaryimage\"},\"thumbnailUrl\":\"https:\/\/www.daisho.be\/wp-content\/uploads\/2024\/08\/image-24.png\",\"datePublished\":\"2024-08-23T11:19:19+00:00\",\"dateModified\":\"2026-02-02T10:17:01+00:00\",\"description\":\"Scopri il nostro judogi tradizionale J990 millennium, che offre qualit\u00e0 ed eleganza per i tuoi allenamenti e le tue competizioni sul nostro sito www.daisho.be\/Daisho.\",\"breadcrumb\":{\"@id\":\"https:\/\/www.daisho.be\/it\/produit\/judogi-adidas-j990-millenium-bianco-nero\/#breadcrumb\"},\"inLanguage\":\"it-IT\",\"potentialAction\":[{\"@type\":\"ReadAction\",\"target\":[\"https:\/\/www.daisho.be\/it\/produit\/judogi-adidas-j990-millenium-bianco-nero\/\"]}]},{\"@type\":\"ImageObject\",\"inLanguage\":\"it-IT\",\"@id\":\"https:\/\/www.daisho.be\/it\/produit\/judogi-adidas-j990-millenium-bianco-nero\/#primaryimage\",\"url\":\"https:\/\/www.daisho.be\/wp-content\/uploads\/2024\/08\/image-24.png\",\"contentUrl\":\"https:\/\/www.daisho.be\/wp-content\/uploads\/2024\/08\/image-24.png\",\"width\":785,\"height\":719,\"caption\":\"Judogi adidas J990 Millenium Bianco\/Nero-1\"},{\"@type\":\"BreadcrumbList\",\"@id\":\"https:\/\/www.daisho.be\/it\/produit\/judogi-adidas-j990-millenium-bianco-nero\/#breadcrumb\",\"itemListElement\":[{\"@type\":\"ListItem\",\"position\":1,\"name\":\"Accueil\",\"item\":\"https:\/\/www.daisho.be\/it\/\"},{\"@type\":\"ListItem\",\"position\":2,\"name\":\"Prodotti\",\"item\":\"https:\/\/www.daisho.be\/it\/prodotti\/\"},{\"@type\":\"ListItem\",\"position\":3,\"name\":\"ADIDAS SPORT DA COMBATTIMENTO\",\"item\":\"https:\/\/www.daisho.be\/it\/categorie-produit\/adidas-sport-da-combattimento\/\"},{\"@type\":\"ListItem\",\"position\":4,\"name\":\"Judo\",\"item\":\"https:\/\/www.daisho.be\/it\/categorie-produit\/adidas-sport-da-combattimento\/judo-it\/\"},{\"@type\":\"ListItem\",\"position\":5,\"name\":\"Kimono - Judogi Adidas\",\"item\":\"https:\/\/www.daisho.be\/it\/categorie-produit\/adidas-sport-da-combattimento\/judo-it\/kimono-judogi-adidas-it\/\"},{\"@type\":\"ListItem\",\"position\":6,\"name\":\"Judogi adidas J990 Millenium Bianco\/Nero\"}]},{\"@type\":\"WebSite\",\"@id\":\"https:\/\/www.daisho.be\/it\/#website\",\"url\":\"https:\/\/www.daisho.be\/it\/\",\"name\":\"Daisho\",\"description\":\"Sp&eacute;cialiste de l'&eacute;quipement sportif d'arts martiaux\",\"publisher\":{\"@id\":\"https:\/\/www.daisho.be\/it\/#organization\"},\"potentialAction\":[{\"@type\":\"SearchAction\",\"target\":{\"@type\":\"EntryPoint\",\"urlTemplate\":\"https:\/\/www.daisho.be\/it\/?s={search_term_string}\"},\"query-input\":{\"@type\":\"PropertyValueSpecification\",\"valueRequired\":true,\"valueName\":\"search_term_string\"}}],\"inLanguage\":\"it-IT\"},{\"@type\":\"Organization\",\"@id\":\"https:\/\/www.daisho.be\/it\/#organization\",\"name\":\"Daisho\",\"url\":\"https:\/\/www.daisho.be\/it\/\",\"logo\":{\"@type\":\"ImageObject\",\"inLanguage\":\"it-IT\",\"@id\":\"https:\/\/www.daisho.be\/it\/#\/schema\/logo\/image\/\",\"url\":\"https:\/\/www.daisho.be\/wp-content\/uploads\/2019\/07\/color-nothing-horizontale4x-e1564486100247.png\",\"contentUrl\":\"https:\/\/www.daisho.be\/wp-content\/uploads\/2019\/07\/color-nothing-horizontale4x-e1564486100247.png\",\"width\":1547,\"height\":385,\"caption\":\"Daisho\"},\"image\":{\"@id\":\"https:\/\/www.daisho.be\/it\/#\/schema\/logo\/image\/\"}}]}<\/script>\n<!-- \/ Yoast SEO plugin. -->","yoast_head_json":{"title":"Judogi adidas J990 Millenium Bianco\/Nero &#8211; Daisho","description":"Scopri il nostro judogi tradizionale J990 millennium, che offre qualit\u00e0 ed eleganza per i tuoi allenamenti e le tue competizioni sul nostro sito www.daisho.be\/Daisho.","robots":{"index":"index","follow":"follow","max-snippet":"max-snippet:-1","max-image-preview":"max-image-preview:large","max-video-preview":"max-video-preview:-1"},"canonical":"https:\/\/www.daisho.be\/it\/produit\/judogi-adidas-j990-millenium-bianco-nero\/","og_locale":"it_IT","og_type":"article","og_title":"Judogi adidas J990 Millenium Bianco\/Nero &#8211; Daisho","og_description":"Scopri il nostro judogi tradizionale J990 millennium, che offre qualit\u00e0 ed eleganza per i tuoi allenamenti e le tue competizioni sul nostro sito www.daisho.be\/Daisho.","og_url":"https:\/\/www.daisho.be\/it\/produit\/judogi-adidas-j990-millenium-bianco-nero\/","og_site_name":"Daisho","article_modified_time":"2026-02-02T10:17:01+00:00","og_image":[{"width":785,"height":719,"url":"https:\/\/www.daisho.be\/wp-content\/uploads\/2024\/08\/image-24.png","type":"image\/png"}],"twitter_card":"summary_large_image","twitter_misc":{"Tempo di lettura stimato":"1 minuto"},"schema":{"@context":"https:\/\/schema.org","@graph":[{"@type":"WebPage","@id":"https:\/\/www.daisho.be\/it\/produit\/judogi-adidas-j990-millenium-bianco-nero\/","url":"https:\/\/www.daisho.be\/it\/produit\/judogi-adidas-j990-millenium-bianco-nero\/","name":"Judogi adidas J990 Millenium Bianco\/Nero &#8211; Daisho","isPartOf":{"@id":"https:\/\/www.daisho.be\/it\/#website"},"primaryImageOfPage":{"@id":"https:\/\/www.daisho.be\/it\/produit\/judogi-adidas-j990-millenium-bianco-nero\/#primaryimage"},"image":{"@id":"https:\/\/www.daisho.be\/it\/produit\/judogi-adidas-j990-millenium-bianco-nero\/#primaryimage"},"thumbnailUrl":"https:\/\/www.daisho.be\/wp-content\/uploads\/2024\/08\/image-24.png","datePublished":"2024-08-23T11:19:19+00:00","dateModified":"2026-02-02T10:17:01+00:00","description":"Scopri il nostro judogi tradizionale J990 millennium, che offre qualit\u00e0 ed eleganza per i tuoi allenamenti e le tue competizioni sul nostro sito www.daisho.be\/Daisho.","breadcrumb":{"@id":"https:\/\/www.daisho.be\/it\/produit\/judogi-adidas-j990-millenium-bianco-nero\/#breadcrumb"},"inLanguage":"it-IT","potentialAction":[{"@type":"ReadAction","target":["https:\/\/www.daisho.be\/it\/produit\/judogi-adidas-j990-millenium-bianco-nero\/"]}]},{"@type":"ImageObject","inLanguage":"it-IT","@id":"https:\/\/www.daisho.be\/it\/produit\/judogi-adidas-j990-millenium-bianco-nero\/#primaryimage","url":"https:\/\/www.daisho.be\/wp-content\/uploads\/2024\/08\/image-24.png","contentUrl":"https:\/\/www.daisho.be\/wp-content\/uploads\/2024\/08\/image-24.png","width":785,"height":719,"caption":"Judogi adidas J990 Millenium Bianco\/Nero-1"},{"@type":"BreadcrumbList","@id":"https:\/\/www.daisho.be\/it\/produit\/judogi-adidas-j990-millenium-bianco-nero\/#breadcrumb","itemListElement":[{"@type":"ListItem","position":1,"name":"Accueil","item":"https:\/\/www.daisho.be\/it\/"},{"@type":"ListItem","position":2,"name":"Prodotti","item":"https:\/\/www.daisho.be\/it\/prodotti\/"},{"@type":"ListItem","position":3,"name":"ADIDAS SPORT DA COMBATTIMENTO","item":"https:\/\/www.daisho.be\/it\/categorie-produit\/adidas-sport-da-combattimento\/"},{"@type":"ListItem","position":4,"name":"Judo","item":"https:\/\/www.daisho.be\/it\/categorie-produit\/adidas-sport-da-combattimento\/judo-it\/"},{"@type":"ListItem","position":5,"name":"Kimono - Judogi Adidas","item":"https:\/\/www.daisho.be\/it\/categorie-produit\/adidas-sport-da-combattimento\/judo-it\/kimono-judogi-adidas-it\/"},{"@type":"ListItem","position":6,"name":"Judogi adidas J990 Millenium Bianco\/Nero"}]},{"@type":"WebSite","@id":"https:\/\/www.daisho.be\/it\/#website","url":"https:\/\/www.daisho.be\/it\/","name":"Daisho","description":"Sp&eacute;cialiste de l'&eacute;quipement sportif d'arts martiaux","publisher":{"@id":"https:\/\/www.daisho.be\/it\/#organization"},"potentialAction":[{"@type":"SearchAction","target":{"@type":"EntryPoint","urlTemplate":"https:\/\/www.daisho.be\/it\/?s={search_term_string}"},"query-input":{"@type":"PropertyValueSpecification","valueRequired":true,"valueName":"search_term_string"}}],"inLanguage":"it-IT"},{"@type":"Organization","@id":"https:\/\/www.daisho.be\/it\/#organization","name":"Daisho","url":"https:\/\/www.daisho.be\/it\/","logo":{"@type":"ImageObject","inLanguage":"it-IT","@id":"https:\/\/www.daisho.be\/it\/#\/schema\/logo\/image\/","url":"https:\/\/www.daisho.be\/wp-content\/uploads\/2019\/07\/color-nothing-horizontale4x-e1564486100247.png","contentUrl":"https:\/\/www.daisho.be\/wp-content\/uploads\/2019\/07\/color-nothing-horizontale4x-e1564486100247.png","width":1547,"height":385,"caption":"Daisho"},"image":{"@id":"https:\/\/www.daisho.be\/it\/#\/schema\/logo\/image\/"}}]}},"_links":{"self":[{"href":"https:\/\/www.daisho.be\/it\/wp-json\/wp\/v2\/product\/463070","targetHints":{"allow":["GET"]}}],"collection":[{"href":"https:\/\/www.daisho.be\/it\/wp-json\/wp\/v2\/product"}],"about":[{"href":"https:\/\/www.daisho.be\/it\/wp-json\/wp\/v2\/types\/product"}],"replies":[{"embeddable":true,"href":"https:\/\/www.daisho.be\/it\/wp-json\/wp\/v2\/comments?post=463070"}],"wp:featuredmedia":[{"embeddable":true,"href":"https:\/\/www.daisho.be\/it\/wp-json\/wp\/v2\/media\/463085"}],"wp:attachment":[{"href":"https:\/\/www.daisho.be\/it\/wp-json\/wp\/v2\/media?parent=463070"}],"wp:term":[{"taxonomy":"product_brand","embeddable":true,"href":"https:\/\/www.daisho.be\/it\/wp-json\/wp\/v2\/product_brand?post=463070"},{"taxonomy":"product_cat","embeddable":true,"href":"https:\/\/www.daisho.be\/it\/wp-json\/wp\/v2\/product_cat?post=463070"},{"taxonomy":"product_tag","embeddable":true,"href":"https:\/\/www.daisho.be\/it\/wp-json\/wp\/v2\/product_tag?post=463070"},{"taxonomy":"sport","embeddable":true,"href":"https:\/\/www.daisho.be\/it\/wp-json\/wp\/v2\/sport?post=463070"}],"curies":[{"name":"wp","href":"https:\/\/api.w.org\/{rel}","templated":true}]}}