{"id":462815,"date":"2024-09-11T11:01:13","date_gmt":"2024-09-11T09:01:13","guid":{"rendered":"https:\/\/www.daisho.be\/produit\/adidas-contest-jiu-jitsu-keikogi-blu\/"},"modified":"2025-10-09T14:27:52","modified_gmt":"2025-10-09T12:27:52","slug":"adidas-contest-jiu-jitsu-keikogi-blu","status":"publish","type":"product","link":"https:\/\/www.daisho.be\/it\/produit\/adidas-contest-jiu-jitsu-keikogi-blu\/","title":{"rendered":"adidas CONTEST Jiu-Jitsu Keikogi &#8211; Blu"},"content":{"rendered":"<p>Questo nuovo Gi per i praticanti JJB del marchio a tre strisce \u00e8 stato progettato per l&#8217;allenamento e la competizione.<br \/>\nQuesto modello \u00e8 assolutamente adatto alla pratica JJB grazie al suo design tecnico e alla scelta di materiali di alta qualit\u00e0.<\/p>\n<p>Descrizione :<br \/>\nPer allenamenti intensivi e competizioni, approvati dall&#8217;IBJJF<br \/>\n  Materiale in cotone specifico per il Jiu-Jitsu: tessuto leggero e resistente per traspirabilit\u00e0 e durata<br \/>\n Tessuto della giacca: 60% cotone BCI \/ 40% poliestere riciclato 100% tessuto sostenibile<br \/>\n Tessuto dei pantaloni: Ripstop 60% cotone \/ 40% poliestere<br \/>\n Fodere interne in rete sublimata<br \/>\n Colletto spesso con un unico pezzo di schiuma EVA ad asciugatura rapida.<br \/>\n  Pantaloni con Ripstop resistente e ginocchia rinforzate<br \/>\nDimensioni: A0 (155\/160) &#8211; A1 (160\/165) &#8211; A2 (170\/175) A3 (180\/185) &#8211; A4 (185\/190)<\/p>\n","protected":false},"excerpt":{"rendered":"<p>Questo nuovo Gi per i praticanti JJB del marchio a tre strisce \u00e8 stato progettato per l&#8217;allenamento e la competizione. Questo modello \u00e8 assolutamente adatto alla pratica JJB grazie al suo design tecnico e alla scelta di materiali di alta qualit\u00e0. Descrizione : Per allenamenti intensivi e competizioni, approvati dall&#8217;IBJJF Materiale in cotone specifico per [&hellip;]<\/p>\n","protected":false},"featured_media":462828,"comment_status":"open","ping_status":"closed","template":"","meta":{"inline_featured_image":false},"product_brand":[],"product_cat":[2185,2286],"product_tag":[2176],"sport":[],"class_list":{"0":"post-462815","1":"product","2":"type-product","3":"status-publish","4":"has-post-thumbnail","6":"product_cat-kimono-jiu-jitsu-keikogi-it","7":"product_cat-kimono-judogi-adidas-it","8":"product_tag-adidas-it","9":"pa_size-a0","10":"pa_size-a1","11":"pa_size-a2","12":"pa_size-a3","13":"pa_size-a4","15":"first","16":"onbackorder","17":"taxable","18":"shipping-taxable","19":"purchasable","20":"product-type-variable"},"yoast_head":"<!-- This site is optimized with the Yoast SEO plugin v27.2 - https:\/\/yoast.com\/product\/yoast-seo-wordpress\/ -->\n<title>adidas CONTEST Jiu-Jitsu Keikogi - Blu &#8211; Daisho<\/title>\n<meta name=\"description\" content=\"Scopri i nostri coloratissimi Gi di Jiu-Jitsu: sono di alta qualit\u00e0 e migliorano il tuo allenamento. Acquistalo sul nostro sito www.daisho.be\/Daisho\" \/>\n<meta name=\"robots\" content=\"index, follow, max-snippet:-1, max-image-preview:large, max-video-preview:-1\" \/>\n<link rel=\"canonical\" href=\"https:\/\/www.daisho.be\/it\/produit\/adidas-contest-jiu-jitsu-keikogi-blu\/\" \/>\n<meta property=\"og:locale\" content=\"it_IT\" \/>\n<meta property=\"og:type\" content=\"article\" \/>\n<meta property=\"og:title\" content=\"adidas CONTEST Jiu-Jitsu Keikogi - Blu &#8211; Daisho\" \/>\n<meta property=\"og:description\" content=\"Scopri i nostri coloratissimi Gi di Jiu-Jitsu: sono di alta qualit\u00e0 e migliorano il tuo allenamento. Acquistalo sul nostro sito www.daisho.be\/Daisho\" \/>\n<meta property=\"og:url\" content=\"https:\/\/www.daisho.be\/it\/produit\/adidas-contest-jiu-jitsu-keikogi-blu\/\" \/>\n<meta property=\"og:site_name\" content=\"Daisho\" \/>\n<meta property=\"article:modified_time\" content=\"2025-10-09T12:27:52+00:00\" \/>\n<meta property=\"og:image\" content=\"https:\/\/www.daisho.be\/wp-content\/uploads\/2024\/09\/image-7.png\" \/>\n\t<meta property=\"og:image:width\" content=\"476\" \/>\n\t<meta property=\"og:image:height\" content=\"698\" \/>\n\t<meta property=\"og:image:type\" content=\"image\/png\" \/>\n<meta name=\"twitter:card\" content=\"summary_large_image\" \/>\n<meta name=\"twitter:label1\" content=\"Tempo di lettura stimato\" \/>\n\t<meta name=\"twitter:data1\" content=\"1 minuto\" \/>\n<script type=\"application\/ld+json\" class=\"yoast-schema-graph\">{\"@context\":\"https:\/\/schema.org\",\"@graph\":[{\"@type\":\"WebPage\",\"@id\":\"https:\/\/www.daisho.be\/it\/produit\/adidas-contest-jiu-jitsu-keikogi-blu\/\",\"url\":\"https:\/\/www.daisho.be\/it\/produit\/adidas-contest-jiu-jitsu-keikogi-blu\/\",\"name\":\"adidas CONTEST Jiu-Jitsu Keikogi - Blu &#8211; Daisho\",\"isPartOf\":{\"@id\":\"https:\/\/www.daisho.be\/it\/#website\"},\"primaryImageOfPage\":{\"@id\":\"https:\/\/www.daisho.be\/it\/produit\/adidas-contest-jiu-jitsu-keikogi-blu\/#primaryimage\"},\"image\":{\"@id\":\"https:\/\/www.daisho.be\/it\/produit\/adidas-contest-jiu-jitsu-keikogi-blu\/#primaryimage\"},\"thumbnailUrl\":\"https:\/\/www.daisho.be\/wp-content\/uploads\/2024\/09\/image-7.png\",\"datePublished\":\"2024-09-11T09:01:13+00:00\",\"dateModified\":\"2025-10-09T12:27:52+00:00\",\"description\":\"Scopri i nostri coloratissimi Gi di Jiu-Jitsu: sono di alta qualit\u00e0 e migliorano il tuo allenamento. Acquistalo sul nostro sito www.daisho.be\/Daisho\",\"breadcrumb\":{\"@id\":\"https:\/\/www.daisho.be\/it\/produit\/adidas-contest-jiu-jitsu-keikogi-blu\/#breadcrumb\"},\"inLanguage\":\"it-IT\",\"potentialAction\":[{\"@type\":\"ReadAction\",\"target\":[\"https:\/\/www.daisho.be\/it\/produit\/adidas-contest-jiu-jitsu-keikogi-blu\/\"]}]},{\"@type\":\"ImageObject\",\"inLanguage\":\"it-IT\",\"@id\":\"https:\/\/www.daisho.be\/it\/produit\/adidas-contest-jiu-jitsu-keikogi-blu\/#primaryimage\",\"url\":\"https:\/\/www.daisho.be\/wp-content\/uploads\/2024\/09\/image-7.png\",\"contentUrl\":\"https:\/\/www.daisho.be\/wp-content\/uploads\/2024\/09\/image-7.png\",\"width\":476,\"height\":698,\"caption\":\"adidas CONTEST Jiu-Jitsu Keikogi - Blu-1\"},{\"@type\":\"BreadcrumbList\",\"@id\":\"https:\/\/www.daisho.be\/it\/produit\/adidas-contest-jiu-jitsu-keikogi-blu\/#breadcrumb\",\"itemListElement\":[{\"@type\":\"ListItem\",\"position\":1,\"name\":\"Accueil\",\"item\":\"https:\/\/www.daisho.be\/it\/\"},{\"@type\":\"ListItem\",\"position\":2,\"name\":\"Prodotti\",\"item\":\"https:\/\/www.daisho.be\/it\/prodotti\/\"},{\"@type\":\"ListItem\",\"position\":3,\"name\":\"ADIDAS SPORT DA COMBATTIMENTO\",\"item\":\"https:\/\/www.daisho.be\/it\/categorie-produit\/adidas-sport-da-combattimento\/\"},{\"@type\":\"ListItem\",\"position\":4,\"name\":\"Jiu-Jitsu\",\"item\":\"https:\/\/www.daisho.be\/it\/categorie-produit\/adidas-sport-da-combattimento\/jiu-jitsu-it\/\"},{\"@type\":\"ListItem\",\"position\":5,\"name\":\"Kimono - Jiu-Jitsu Keikogi\",\"item\":\"https:\/\/www.daisho.be\/it\/categorie-produit\/adidas-sport-da-combattimento\/jiu-jitsu-it\/kimono-jiu-jitsu-keikogi-it\/\"},{\"@type\":\"ListItem\",\"position\":6,\"name\":\"adidas CONTEST Jiu-Jitsu Keikogi &#8211; Blu\"}]},{\"@type\":\"WebSite\",\"@id\":\"https:\/\/www.daisho.be\/it\/#website\",\"url\":\"https:\/\/www.daisho.be\/it\/\",\"name\":\"Daisho\",\"description\":\"Sp&eacute;cialiste de l'&eacute;quipement sportif d'arts martiaux\",\"publisher\":{\"@id\":\"https:\/\/www.daisho.be\/it\/#organization\"},\"potentialAction\":[{\"@type\":\"SearchAction\",\"target\":{\"@type\":\"EntryPoint\",\"urlTemplate\":\"https:\/\/www.daisho.be\/it\/?s={search_term_string}\"},\"query-input\":{\"@type\":\"PropertyValueSpecification\",\"valueRequired\":true,\"valueName\":\"search_term_string\"}}],\"inLanguage\":\"it-IT\"},{\"@type\":\"Organization\",\"@id\":\"https:\/\/www.daisho.be\/it\/#organization\",\"name\":\"Daisho\",\"url\":\"https:\/\/www.daisho.be\/it\/\",\"logo\":{\"@type\":\"ImageObject\",\"inLanguage\":\"it-IT\",\"@id\":\"https:\/\/www.daisho.be\/it\/#\/schema\/logo\/image\/\",\"url\":\"https:\/\/www.daisho.be\/wp-content\/uploads\/2019\/07\/color-nothing-horizontale4x-e1564486100247.png\",\"contentUrl\":\"https:\/\/www.daisho.be\/wp-content\/uploads\/2019\/07\/color-nothing-horizontale4x-e1564486100247.png\",\"width\":1547,\"height\":385,\"caption\":\"Daisho\"},\"image\":{\"@id\":\"https:\/\/www.daisho.be\/it\/#\/schema\/logo\/image\/\"}}]}<\/script>\n<!-- \/ Yoast SEO plugin. -->","yoast_head_json":{"title":"adidas CONTEST Jiu-Jitsu Keikogi - Blu &#8211; Daisho","description":"Scopri i nostri coloratissimi Gi di Jiu-Jitsu: sono di alta qualit\u00e0 e migliorano il tuo allenamento. Acquistalo sul nostro sito www.daisho.be\/Daisho","robots":{"index":"index","follow":"follow","max-snippet":"max-snippet:-1","max-image-preview":"max-image-preview:large","max-video-preview":"max-video-preview:-1"},"canonical":"https:\/\/www.daisho.be\/it\/produit\/adidas-contest-jiu-jitsu-keikogi-blu\/","og_locale":"it_IT","og_type":"article","og_title":"adidas CONTEST Jiu-Jitsu Keikogi - Blu &#8211; Daisho","og_description":"Scopri i nostri coloratissimi Gi di Jiu-Jitsu: sono di alta qualit\u00e0 e migliorano il tuo allenamento. Acquistalo sul nostro sito www.daisho.be\/Daisho","og_url":"https:\/\/www.daisho.be\/it\/produit\/adidas-contest-jiu-jitsu-keikogi-blu\/","og_site_name":"Daisho","article_modified_time":"2025-10-09T12:27:52+00:00","og_image":[{"width":476,"height":698,"url":"https:\/\/www.daisho.be\/wp-content\/uploads\/2024\/09\/image-7.png","type":"image\/png"}],"twitter_card":"summary_large_image","twitter_misc":{"Tempo di lettura stimato":"1 minuto"},"schema":{"@context":"https:\/\/schema.org","@graph":[{"@type":"WebPage","@id":"https:\/\/www.daisho.be\/it\/produit\/adidas-contest-jiu-jitsu-keikogi-blu\/","url":"https:\/\/www.daisho.be\/it\/produit\/adidas-contest-jiu-jitsu-keikogi-blu\/","name":"adidas CONTEST Jiu-Jitsu Keikogi - Blu &#8211; Daisho","isPartOf":{"@id":"https:\/\/www.daisho.be\/it\/#website"},"primaryImageOfPage":{"@id":"https:\/\/www.daisho.be\/it\/produit\/adidas-contest-jiu-jitsu-keikogi-blu\/#primaryimage"},"image":{"@id":"https:\/\/www.daisho.be\/it\/produit\/adidas-contest-jiu-jitsu-keikogi-blu\/#primaryimage"},"thumbnailUrl":"https:\/\/www.daisho.be\/wp-content\/uploads\/2024\/09\/image-7.png","datePublished":"2024-09-11T09:01:13+00:00","dateModified":"2025-10-09T12:27:52+00:00","description":"Scopri i nostri coloratissimi Gi di Jiu-Jitsu: sono di alta qualit\u00e0 e migliorano il tuo allenamento. Acquistalo sul nostro sito www.daisho.be\/Daisho","breadcrumb":{"@id":"https:\/\/www.daisho.be\/it\/produit\/adidas-contest-jiu-jitsu-keikogi-blu\/#breadcrumb"},"inLanguage":"it-IT","potentialAction":[{"@type":"ReadAction","target":["https:\/\/www.daisho.be\/it\/produit\/adidas-contest-jiu-jitsu-keikogi-blu\/"]}]},{"@type":"ImageObject","inLanguage":"it-IT","@id":"https:\/\/www.daisho.be\/it\/produit\/adidas-contest-jiu-jitsu-keikogi-blu\/#primaryimage","url":"https:\/\/www.daisho.be\/wp-content\/uploads\/2024\/09\/image-7.png","contentUrl":"https:\/\/www.daisho.be\/wp-content\/uploads\/2024\/09\/image-7.png","width":476,"height":698,"caption":"adidas CONTEST Jiu-Jitsu Keikogi - Blu-1"},{"@type":"BreadcrumbList","@id":"https:\/\/www.daisho.be\/it\/produit\/adidas-contest-jiu-jitsu-keikogi-blu\/#breadcrumb","itemListElement":[{"@type":"ListItem","position":1,"name":"Accueil","item":"https:\/\/www.daisho.be\/it\/"},{"@type":"ListItem","position":2,"name":"Prodotti","item":"https:\/\/www.daisho.be\/it\/prodotti\/"},{"@type":"ListItem","position":3,"name":"ADIDAS SPORT DA COMBATTIMENTO","item":"https:\/\/www.daisho.be\/it\/categorie-produit\/adidas-sport-da-combattimento\/"},{"@type":"ListItem","position":4,"name":"Jiu-Jitsu","item":"https:\/\/www.daisho.be\/it\/categorie-produit\/adidas-sport-da-combattimento\/jiu-jitsu-it\/"},{"@type":"ListItem","position":5,"name":"Kimono - Jiu-Jitsu Keikogi","item":"https:\/\/www.daisho.be\/it\/categorie-produit\/adidas-sport-da-combattimento\/jiu-jitsu-it\/kimono-jiu-jitsu-keikogi-it\/"},{"@type":"ListItem","position":6,"name":"adidas CONTEST Jiu-Jitsu Keikogi &#8211; Blu"}]},{"@type":"WebSite","@id":"https:\/\/www.daisho.be\/it\/#website","url":"https:\/\/www.daisho.be\/it\/","name":"Daisho","description":"Sp&eacute;cialiste de l'&eacute;quipement sportif d'arts martiaux","publisher":{"@id":"https:\/\/www.daisho.be\/it\/#organization"},"potentialAction":[{"@type":"SearchAction","target":{"@type":"EntryPoint","urlTemplate":"https:\/\/www.daisho.be\/it\/?s={search_term_string}"},"query-input":{"@type":"PropertyValueSpecification","valueRequired":true,"valueName":"search_term_string"}}],"inLanguage":"it-IT"},{"@type":"Organization","@id":"https:\/\/www.daisho.be\/it\/#organization","name":"Daisho","url":"https:\/\/www.daisho.be\/it\/","logo":{"@type":"ImageObject","inLanguage":"it-IT","@id":"https:\/\/www.daisho.be\/it\/#\/schema\/logo\/image\/","url":"https:\/\/www.daisho.be\/wp-content\/uploads\/2019\/07\/color-nothing-horizontale4x-e1564486100247.png","contentUrl":"https:\/\/www.daisho.be\/wp-content\/uploads\/2019\/07\/color-nothing-horizontale4x-e1564486100247.png","width":1547,"height":385,"caption":"Daisho"},"image":{"@id":"https:\/\/www.daisho.be\/it\/#\/schema\/logo\/image\/"}}]}},"_links":{"self":[{"href":"https:\/\/www.daisho.be\/it\/wp-json\/wp\/v2\/product\/462815","targetHints":{"allow":["GET"]}}],"collection":[{"href":"https:\/\/www.daisho.be\/it\/wp-json\/wp\/v2\/product"}],"about":[{"href":"https:\/\/www.daisho.be\/it\/wp-json\/wp\/v2\/types\/product"}],"replies":[{"embeddable":true,"href":"https:\/\/www.daisho.be\/it\/wp-json\/wp\/v2\/comments?post=462815"}],"wp:featuredmedia":[{"embeddable":true,"href":"https:\/\/www.daisho.be\/it\/wp-json\/wp\/v2\/media\/462828"}],"wp:attachment":[{"href":"https:\/\/www.daisho.be\/it\/wp-json\/wp\/v2\/media?parent=462815"}],"wp:term":[{"taxonomy":"product_brand","embeddable":true,"href":"https:\/\/www.daisho.be\/it\/wp-json\/wp\/v2\/product_brand?post=462815"},{"taxonomy":"product_cat","embeddable":true,"href":"https:\/\/www.daisho.be\/it\/wp-json\/wp\/v2\/product_cat?post=462815"},{"taxonomy":"product_tag","embeddable":true,"href":"https:\/\/www.daisho.be\/it\/wp-json\/wp\/v2\/product_tag?post=462815"},{"taxonomy":"sport","embeddable":true,"href":"https:\/\/www.daisho.be\/it\/wp-json\/wp\/v2\/sport?post=462815"}],"curies":[{"name":"wp","href":"https:\/\/api.w.org\/{rel}","templated":true}]}}