{"id":462633,"date":"2023-01-24T17:13:32","date_gmt":"2023-01-24T16:13:32","guid":{"rendered":"https:\/\/www.daisho.be\/produit\/karategi-adidas-shori-k999\/"},"modified":"2025-12-24T08:30:02","modified_gmt":"2025-12-24T07:30:02","slug":"karategi-adidas-shori-k999","status":"publish","type":"product","link":"https:\/\/www.daisho.be\/it\/produit\/karategi-adidas-shori-k999\/","title":{"rendered":"KARATEGI ADIDAS SHORI K999"},"content":{"rendered":"<p>L&#8217;ultima novit\u00e0 di adidas \u00e8 il kimono da karate Shori kata.<br \/>\nQuesto karategi, o kimono, \u00e8 stato progettato con i migliori specialisti di kata e offre un&#8217;eccellente qualit\u00e0 premium.<br \/>\nIl tessuto a trama fitta ha una superficie piacevolmente liscia. Grazie al filato ad alta resistenza e alla tecnologia del tessuto misto (60% cotone\/40% poliestere), la tuta non si restringe molto al lavaggio (30 gradi &#8211; senza ammorbidente!).<br \/>\nGrazie al doppio strato alle estremit\u00e0 delle maniche della giacca e alle cuciture a 10 pieghe, questo karategi \u00e8 molto adatto agli atleti agonisti. Le cuciture all&#8217;estremit\u00e0 della giacca forniscono anche una stabilizzazione in modo che il karategi si adatti perfettamente.<br \/>\nIl logo \u00e8 tradizionalmente ricamato in nero sul petto e sul collo destro.<br \/>\nI pantaloni sono realizzati nel tradizionale taglio Kata, con gambe pi\u00f9 corte e coulisse in vita per una vestibilit\u00e0 personalizzata. Grazie a un inserto in rete sulla coulisse all&#8217;interno dei pantaloni, si adattano comodamente e non sfregano sulla pelle.<br \/>\nQuesto karategi \u00e8 disponibile nelle taglie 160-195 cm con incrementi di 5 cm.<br \/>\nIl karategi Shori \u00e8 approvato dalla WKF e approvato come abbigliamento da competizione per tutti i campionati della World Karate Federation.<\/p>\n<p>Specifiche tecniche:<\/p>\n<p> Karategi di prima classe, ovviamente approvato dalla WKF.<br \/>\n Realizzato con materiale pesante e rumoroso. Il miglior trattamento.<br \/>\n Doppio strato di tessuto alle estremit\u00e0 delle maniche, della giacca e delle gambe dei pantaloni<br \/>\n Composto da giacca e pantaloni con tradizionale coulisse in vita<br \/>\n In uno speciale taglio giapponese: maniche e gambe dei pantaloni pi\u00f9 corte<br \/>\n Materiale: 60% cotone\/ 40% poliestere<br \/>\n Peso del tessuto: circa 380 g\/m\u00b2 (circa 14 OZ). <\/p>\n","protected":false},"excerpt":{"rendered":"<p>L&#8217;ultima novit\u00e0 di adidas \u00e8 il kimono da karate Shori kata. Questo karategi, o kimono, \u00e8 stato progettato con i migliori specialisti di kata e offre un&#8217;eccellente qualit\u00e0 premium. Il tessuto a trama fitta ha una superficie piacevolmente liscia. Grazie al filato ad alta resistenza e alla tecnologia del tessuto misto (60% cotone\/40% poliestere), la [&hellip;]<\/p>\n","protected":false},"featured_media":655174,"comment_status":"closed","ping_status":"closed","template":"","meta":{"inline_featured_image":false},"product_brand":[],"product_cat":[2119,2182,2007],"product_tag":[2176],"sport":[],"class_list":{"0":"post-462633","1":"product","2":"type-product","3":"status-publish","4":"has-post-thumbnail","6":"product_cat-abiti-kimono","7":"product_cat-kimono-karategi-adidas-it","8":"product_cat-kimono-da-karate","9":"product_tag-adidas-it","10":"pa_size-379","11":"pa_size-387","12":"pa_size-378","13":"pa_size-386","14":"pa_size-377","15":"pa_size-385","16":"pa_size-376","17":"pa_size-384","19":"first","20":"instock","21":"taxable","22":"shipping-taxable","23":"purchasable","24":"product-type-variable"},"yoast_head":"<!-- This site is optimized with the Yoast SEO plugin v27.2 - https:\/\/yoast.com\/product\/yoast-seo-wordpress\/ -->\n<title>KARATEGI ADIDAS SHORI K999 &#8211; Daisho<\/title>\n<meta name=\"description\" content=\"L&#039;Adidas k999 karategi shori \u00e8 stato progettato appositamente per il kata. \u00c8 di qualit\u00e0 superiore. Acquistalo su www.daisho.be|Daisho\" \/>\n<meta name=\"robots\" content=\"index, follow, max-snippet:-1, max-image-preview:large, max-video-preview:-1\" \/>\n<link rel=\"canonical\" href=\"https:\/\/www.daisho.be\/it\/produit\/karategi-adidas-shori-k999\/\" \/>\n<meta property=\"og:locale\" content=\"it_IT\" \/>\n<meta property=\"og:type\" content=\"article\" \/>\n<meta property=\"og:title\" content=\"KARATEGI ADIDAS SHORI K999 &#8211; Daisho\" \/>\n<meta property=\"og:description\" content=\"L&#039;Adidas k999 karategi shori \u00e8 stato progettato appositamente per il kata. \u00c8 di qualit\u00e0 superiore. Acquistalo su www.daisho.be|Daisho\" \/>\n<meta property=\"og:url\" content=\"https:\/\/www.daisho.be\/it\/produit\/karategi-adidas-shori-k999\/\" \/>\n<meta property=\"og:site_name\" content=\"Daisho\" \/>\n<meta property=\"article:modified_time\" content=\"2025-12-24T07:30:02+00:00\" \/>\n<meta property=\"og:image\" content=\"https:\/\/www.daisho.be\/wp-content\/uploads\/2026\/01\/image-27.png\" \/>\n\t<meta property=\"og:image:width\" content=\"578\" \/>\n\t<meta property=\"og:image:height\" content=\"623\" \/>\n\t<meta property=\"og:image:type\" content=\"image\/png\" \/>\n<meta name=\"twitter:card\" content=\"summary_large_image\" \/>\n<meta name=\"twitter:label1\" content=\"Tempo di lettura stimato\" \/>\n\t<meta name=\"twitter:data1\" content=\"1 minuto\" \/>\n<script type=\"application\/ld+json\" class=\"yoast-schema-graph\">{\"@context\":\"https:\/\/schema.org\",\"@graph\":[{\"@type\":\"WebPage\",\"@id\":\"https:\/\/www.daisho.be\/it\/produit\/karategi-adidas-shori-k999\/\",\"url\":\"https:\/\/www.daisho.be\/it\/produit\/karategi-adidas-shori-k999\/\",\"name\":\"KARATEGI ADIDAS SHORI K999 &#8211; Daisho\",\"isPartOf\":{\"@id\":\"https:\/\/www.daisho.be\/it\/#website\"},\"primaryImageOfPage\":{\"@id\":\"https:\/\/www.daisho.be\/it\/produit\/karategi-adidas-shori-k999\/#primaryimage\"},\"image\":{\"@id\":\"https:\/\/www.daisho.be\/it\/produit\/karategi-adidas-shori-k999\/#primaryimage\"},\"thumbnailUrl\":\"https:\/\/www.daisho.be\/wp-content\/uploads\/2026\/01\/image-27.png\",\"datePublished\":\"2023-01-24T16:13:32+00:00\",\"dateModified\":\"2025-12-24T07:30:02+00:00\",\"description\":\"L'Adidas k999 karategi shori \u00e8 stato progettato appositamente per il kata. \u00c8 di qualit\u00e0 superiore. Acquistalo su www.daisho.be|Daisho\",\"breadcrumb\":{\"@id\":\"https:\/\/www.daisho.be\/it\/produit\/karategi-adidas-shori-k999\/#breadcrumb\"},\"inLanguage\":\"it-IT\",\"potentialAction\":[{\"@type\":\"ReadAction\",\"target\":[\"https:\/\/www.daisho.be\/it\/produit\/karategi-adidas-shori-k999\/\"]}]},{\"@type\":\"ImageObject\",\"inLanguage\":\"it-IT\",\"@id\":\"https:\/\/www.daisho.be\/it\/produit\/karategi-adidas-shori-k999\/#primaryimage\",\"url\":\"https:\/\/www.daisho.be\/wp-content\/uploads\/2026\/01\/image-27.png\",\"contentUrl\":\"https:\/\/www.daisho.be\/wp-content\/uploads\/2026\/01\/image-27.png\",\"width\":578,\"height\":623,\"caption\":\"KARATEGI ADIDAS SHORI K999-1\"},{\"@type\":\"BreadcrumbList\",\"@id\":\"https:\/\/www.daisho.be\/it\/produit\/karategi-adidas-shori-k999\/#breadcrumb\",\"itemListElement\":[{\"@type\":\"ListItem\",\"position\":1,\"name\":\"Accueil\",\"item\":\"https:\/\/www.daisho.be\/it\/\"},{\"@type\":\"ListItem\",\"position\":2,\"name\":\"Prodotti\",\"item\":\"https:\/\/www.daisho.be\/it\/prodotti\/\"},{\"@type\":\"ListItem\",\"position\":3,\"name\":\"ADIDAS SPORT DA COMBATTIMENTO\",\"item\":\"https:\/\/www.daisho.be\/it\/categorie-produit\/adidas-sport-da-combattimento\/\"},{\"@type\":\"ListItem\",\"position\":4,\"name\":\"Karate\",\"item\":\"https:\/\/www.daisho.be\/it\/categorie-produit\/adidas-sport-da-combattimento\/karate-it\/\"},{\"@type\":\"ListItem\",\"position\":5,\"name\":\"Kimono - Karategi Adidas\",\"item\":\"https:\/\/www.daisho.be\/it\/categorie-produit\/adidas-sport-da-combattimento\/karate-it\/kimono-karategi-adidas-it\/\"},{\"@type\":\"ListItem\",\"position\":6,\"name\":\"KARATEGI ADIDAS SHORI K999\"}]},{\"@type\":\"WebSite\",\"@id\":\"https:\/\/www.daisho.be\/it\/#website\",\"url\":\"https:\/\/www.daisho.be\/it\/\",\"name\":\"Daisho\",\"description\":\"Sp&eacute;cialiste de l'&eacute;quipement sportif d'arts martiaux\",\"publisher\":{\"@id\":\"https:\/\/www.daisho.be\/it\/#organization\"},\"potentialAction\":[{\"@type\":\"SearchAction\",\"target\":{\"@type\":\"EntryPoint\",\"urlTemplate\":\"https:\/\/www.daisho.be\/it\/?s={search_term_string}\"},\"query-input\":{\"@type\":\"PropertyValueSpecification\",\"valueRequired\":true,\"valueName\":\"search_term_string\"}}],\"inLanguage\":\"it-IT\"},{\"@type\":\"Organization\",\"@id\":\"https:\/\/www.daisho.be\/it\/#organization\",\"name\":\"Daisho\",\"url\":\"https:\/\/www.daisho.be\/it\/\",\"logo\":{\"@type\":\"ImageObject\",\"inLanguage\":\"it-IT\",\"@id\":\"https:\/\/www.daisho.be\/it\/#\/schema\/logo\/image\/\",\"url\":\"https:\/\/www.daisho.be\/wp-content\/uploads\/2019\/07\/color-nothing-horizontale4x-e1564486100247.png\",\"contentUrl\":\"https:\/\/www.daisho.be\/wp-content\/uploads\/2019\/07\/color-nothing-horizontale4x-e1564486100247.png\",\"width\":1547,\"height\":385,\"caption\":\"Daisho\"},\"image\":{\"@id\":\"https:\/\/www.daisho.be\/it\/#\/schema\/logo\/image\/\"}}]}<\/script>\n<!-- \/ Yoast SEO plugin. -->","yoast_head_json":{"title":"KARATEGI ADIDAS SHORI K999 &#8211; Daisho","description":"L'Adidas k999 karategi shori \u00e8 stato progettato appositamente per il kata. \u00c8 di qualit\u00e0 superiore. Acquistalo su www.daisho.be|Daisho","robots":{"index":"index","follow":"follow","max-snippet":"max-snippet:-1","max-image-preview":"max-image-preview:large","max-video-preview":"max-video-preview:-1"},"canonical":"https:\/\/www.daisho.be\/it\/produit\/karategi-adidas-shori-k999\/","og_locale":"it_IT","og_type":"article","og_title":"KARATEGI ADIDAS SHORI K999 &#8211; Daisho","og_description":"L'Adidas k999 karategi shori \u00e8 stato progettato appositamente per il kata. \u00c8 di qualit\u00e0 superiore. Acquistalo su www.daisho.be|Daisho","og_url":"https:\/\/www.daisho.be\/it\/produit\/karategi-adidas-shori-k999\/","og_site_name":"Daisho","article_modified_time":"2025-12-24T07:30:02+00:00","og_image":[{"width":578,"height":623,"url":"https:\/\/www.daisho.be\/wp-content\/uploads\/2026\/01\/image-27.png","type":"image\/png"}],"twitter_card":"summary_large_image","twitter_misc":{"Tempo di lettura stimato":"1 minuto"},"schema":{"@context":"https:\/\/schema.org","@graph":[{"@type":"WebPage","@id":"https:\/\/www.daisho.be\/it\/produit\/karategi-adidas-shori-k999\/","url":"https:\/\/www.daisho.be\/it\/produit\/karategi-adidas-shori-k999\/","name":"KARATEGI ADIDAS SHORI K999 &#8211; Daisho","isPartOf":{"@id":"https:\/\/www.daisho.be\/it\/#website"},"primaryImageOfPage":{"@id":"https:\/\/www.daisho.be\/it\/produit\/karategi-adidas-shori-k999\/#primaryimage"},"image":{"@id":"https:\/\/www.daisho.be\/it\/produit\/karategi-adidas-shori-k999\/#primaryimage"},"thumbnailUrl":"https:\/\/www.daisho.be\/wp-content\/uploads\/2026\/01\/image-27.png","datePublished":"2023-01-24T16:13:32+00:00","dateModified":"2025-12-24T07:30:02+00:00","description":"L'Adidas k999 karategi shori \u00e8 stato progettato appositamente per il kata. \u00c8 di qualit\u00e0 superiore. Acquistalo su www.daisho.be|Daisho","breadcrumb":{"@id":"https:\/\/www.daisho.be\/it\/produit\/karategi-adidas-shori-k999\/#breadcrumb"},"inLanguage":"it-IT","potentialAction":[{"@type":"ReadAction","target":["https:\/\/www.daisho.be\/it\/produit\/karategi-adidas-shori-k999\/"]}]},{"@type":"ImageObject","inLanguage":"it-IT","@id":"https:\/\/www.daisho.be\/it\/produit\/karategi-adidas-shori-k999\/#primaryimage","url":"https:\/\/www.daisho.be\/wp-content\/uploads\/2026\/01\/image-27.png","contentUrl":"https:\/\/www.daisho.be\/wp-content\/uploads\/2026\/01\/image-27.png","width":578,"height":623,"caption":"KARATEGI ADIDAS SHORI K999-1"},{"@type":"BreadcrumbList","@id":"https:\/\/www.daisho.be\/it\/produit\/karategi-adidas-shori-k999\/#breadcrumb","itemListElement":[{"@type":"ListItem","position":1,"name":"Accueil","item":"https:\/\/www.daisho.be\/it\/"},{"@type":"ListItem","position":2,"name":"Prodotti","item":"https:\/\/www.daisho.be\/it\/prodotti\/"},{"@type":"ListItem","position":3,"name":"ADIDAS SPORT DA COMBATTIMENTO","item":"https:\/\/www.daisho.be\/it\/categorie-produit\/adidas-sport-da-combattimento\/"},{"@type":"ListItem","position":4,"name":"Karate","item":"https:\/\/www.daisho.be\/it\/categorie-produit\/adidas-sport-da-combattimento\/karate-it\/"},{"@type":"ListItem","position":5,"name":"Kimono - Karategi Adidas","item":"https:\/\/www.daisho.be\/it\/categorie-produit\/adidas-sport-da-combattimento\/karate-it\/kimono-karategi-adidas-it\/"},{"@type":"ListItem","position":6,"name":"KARATEGI ADIDAS SHORI K999"}]},{"@type":"WebSite","@id":"https:\/\/www.daisho.be\/it\/#website","url":"https:\/\/www.daisho.be\/it\/","name":"Daisho","description":"Sp&eacute;cialiste de l'&eacute;quipement sportif d'arts martiaux","publisher":{"@id":"https:\/\/www.daisho.be\/it\/#organization"},"potentialAction":[{"@type":"SearchAction","target":{"@type":"EntryPoint","urlTemplate":"https:\/\/www.daisho.be\/it\/?s={search_term_string}"},"query-input":{"@type":"PropertyValueSpecification","valueRequired":true,"valueName":"search_term_string"}}],"inLanguage":"it-IT"},{"@type":"Organization","@id":"https:\/\/www.daisho.be\/it\/#organization","name":"Daisho","url":"https:\/\/www.daisho.be\/it\/","logo":{"@type":"ImageObject","inLanguage":"it-IT","@id":"https:\/\/www.daisho.be\/it\/#\/schema\/logo\/image\/","url":"https:\/\/www.daisho.be\/wp-content\/uploads\/2019\/07\/color-nothing-horizontale4x-e1564486100247.png","contentUrl":"https:\/\/www.daisho.be\/wp-content\/uploads\/2019\/07\/color-nothing-horizontale4x-e1564486100247.png","width":1547,"height":385,"caption":"Daisho"},"image":{"@id":"https:\/\/www.daisho.be\/it\/#\/schema\/logo\/image\/"}}]}},"_links":{"self":[{"href":"https:\/\/www.daisho.be\/it\/wp-json\/wp\/v2\/product\/462633","targetHints":{"allow":["GET"]}}],"collection":[{"href":"https:\/\/www.daisho.be\/it\/wp-json\/wp\/v2\/product"}],"about":[{"href":"https:\/\/www.daisho.be\/it\/wp-json\/wp\/v2\/types\/product"}],"replies":[{"embeddable":true,"href":"https:\/\/www.daisho.be\/it\/wp-json\/wp\/v2\/comments?post=462633"}],"wp:featuredmedia":[{"embeddable":true,"href":"https:\/\/www.daisho.be\/it\/wp-json\/wp\/v2\/media\/655174"}],"wp:attachment":[{"href":"https:\/\/www.daisho.be\/it\/wp-json\/wp\/v2\/media?parent=462633"}],"wp:term":[{"taxonomy":"product_brand","embeddable":true,"href":"https:\/\/www.daisho.be\/it\/wp-json\/wp\/v2\/product_brand?post=462633"},{"taxonomy":"product_cat","embeddable":true,"href":"https:\/\/www.daisho.be\/it\/wp-json\/wp\/v2\/product_cat?post=462633"},{"taxonomy":"product_tag","embeddable":true,"href":"https:\/\/www.daisho.be\/it\/wp-json\/wp\/v2\/product_tag?post=462633"},{"taxonomy":"sport","embeddable":true,"href":"https:\/\/www.daisho.be\/it\/wp-json\/wp\/v2\/sport?post=462633"}],"curies":[{"name":"wp","href":"https:\/\/api.w.org\/{rel}","templated":true}]}}