{"id":461690,"date":"2023-09-25T09:54:27","date_gmt":"2023-09-25T07:54:27","guid":{"rendered":"https:\/\/www.daisho.be\/produit\/abbigliamento-per-studenti-redman-xp\/"},"modified":"2026-03-24T23:00:09","modified_gmt":"2026-03-24T22:00:09","slug":"abbigliamento-per-studenti-redman-xp","status":"publish","type":"product","link":"https:\/\/www.daisho.be\/it\/produit\/abbigliamento-per-studenti-redman-xp\/","title":{"rendered":"ABBIGLIAMENTO PER STUDENTI REDMAN XP"},"content":{"rendered":"<p>La vestibilit\u00e0 e il comfort della tuta RedMan XP Student consentono agli studenti di trarre il massimo dall&#8217;esperienza di allenamento.<br \/>\nProtegge le aree vitali della testa e del torace. I gomiti e le ginocchia sono flessibili per facilitare i movimenti. Gli studenti possono anche condividere l&#8217;attrezzatura perch\u00e9 \u00e8 facile da indossare e da togliere.<br \/>\nPu\u00f2 essere pulita, disinfettata a spruzzo e asciugata per la persona successiva in pochi minuti.<br \/>\nIl polietilene espanso a celle chiuse ad alta densit\u00e0 crea una barriera che protegge da traumi contundenti e da agenti patogeni trasmessi per via ematica (HIV\/AIDS, epatite) e altri agenti patogeni.<br \/>\nCOMPOSIZIONE DELL&#8217;ABBIGLIAMENTO :<\/p>\n<p>&#8211; Casco Redman,  <\/p>\n<p>&#8211; Casco\/cabbia di protezione per il viso,<\/p>\n<p>&#8211; Corazza da studente XP,<\/p>\n<p>&#8211; Protezione XP per avambraccio e gomito,<\/p>\n<p>&#8211; Protezione XP per ginocchia e tibie,  <\/p>\n<p>&#8211; Guida ai prodotti Redman,<\/p>\n<p>&#8211; CD interattivo Redman.<\/p>\n<p>RedMan \u00e8 l&#8217;unica uniforme che offre protezione contro i traumi da corpo contundente e contro gli agenti patogeni trasmessi per via ematica, come l&#8217;HIV\/epatite.<\/p>\n<p>APPLICAZIONI PER L&#8217;ADDESTRAMENTO:<br \/>\n&#8211; Addestramento con aerosol e manganello,<br \/>\n&#8211; Tattiche di fuga,<br \/>\n&#8211; Armi in acqua,<br \/>\n&#8211; Addestramento all&#8217;ingresso dinamico,<br \/>\n&#8211; Addestramento al salvataggio di ostaggi,<br \/>\n&#8211; Addestramento a mano vuota,<br \/>\n&#8211; Acquisizione del bersaglio, riorientamento, sequestro,<br \/>\n&#8211; Ritenzione della pistola,<br \/>\n&#8211; Disarmo delle armi.<\/p>\n","protected":false},"excerpt":{"rendered":"<p>La vestibilit\u00e0 e il comfort della tuta RedMan XP Student consentono agli studenti di trarre il massimo dall&#8217;esperienza di allenamento. Protegge le aree vitali della testa e del torace. I gomiti e le ginocchia sono flessibili per facilitare i movimenti. Gli studenti possono anche condividere l&#8217;attrezzatura perch\u00e9 \u00e8 facile da indossare e da togliere. Pu\u00f2 [&hellip;]<\/p>\n","protected":false},"featured_media":461696,"comment_status":"open","ping_status":"closed","template":"","meta":{"inline_featured_image":false},"product_brand":[],"product_cat":[2045],"product_tag":[2353],"sport":[],"class_list":{"0":"post-461690","1":"product","2":"type-product","3":"status-publish","4":"has-post-thumbnail","6":"product_cat-protezioni","7":"product_tag-redman-it","8":"pa_size-l-xl","9":"pa_size-s-m","11":"first","12":"instock","13":"taxable","14":"shipping-taxable","15":"purchasable","16":"product-type-variable"},"yoast_head":"<!-- This site is optimized with the Yoast SEO plugin v27.2 - https:\/\/yoast.com\/product\/yoast-seo-wordpress\/ -->\n<title>ABBIGLIAMENTO PER STUDENTI REDMAN XP &#8211; Daisho<\/title>\n<meta name=\"description\" content=\"Tuta per studenti con protezione integrale REDMAN XP per l&#039;addestramento tattico. Completa di casco, protezioni e borsa per il trasporto.\" \/>\n<meta name=\"robots\" content=\"index, follow, max-snippet:-1, max-image-preview:large, max-video-preview:-1\" \/>\n<link rel=\"canonical\" href=\"https:\/\/www.daisho.be\/it\/produit\/abbigliamento-per-studenti-redman-xp\/\" \/>\n<meta property=\"og:locale\" content=\"it_IT\" \/>\n<meta property=\"og:type\" content=\"article\" \/>\n<meta property=\"og:title\" content=\"ABBIGLIAMENTO PER STUDENTI REDMAN XP &#8211; Daisho\" \/>\n<meta property=\"og:description\" content=\"Tuta per studenti con protezione integrale REDMAN XP per l&#039;addestramento tattico. Completa di casco, protezioni e borsa per il trasporto.\" \/>\n<meta property=\"og:url\" content=\"https:\/\/www.daisho.be\/it\/produit\/abbigliamento-per-studenti-redman-xp\/\" \/>\n<meta property=\"og:site_name\" content=\"Daisho\" \/>\n<meta property=\"article:modified_time\" content=\"2026-03-24T22:00:09+00:00\" \/>\n<meta property=\"og:image\" content=\"https:\/\/www.daisho.be\/wp-content\/uploads\/2023\/09\/image-37.jpg\" \/>\n\t<meta property=\"og:image:width\" content=\"1500\" \/>\n\t<meta property=\"og:image:height\" content=\"1500\" \/>\n\t<meta property=\"og:image:type\" content=\"image\/jpeg\" \/>\n<meta name=\"twitter:card\" content=\"summary_large_image\" \/>\n<meta name=\"twitter:label1\" content=\"Tempo di lettura stimato\" \/>\n\t<meta name=\"twitter:data1\" content=\"1 minuto\" \/>\n<script type=\"application\/ld+json\" class=\"yoast-schema-graph\">{\"@context\":\"https:\/\/schema.org\",\"@graph\":[{\"@type\":\"WebPage\",\"@id\":\"https:\/\/www.daisho.be\/it\/produit\/abbigliamento-per-studenti-redman-xp\/\",\"url\":\"https:\/\/www.daisho.be\/it\/produit\/abbigliamento-per-studenti-redman-xp\/\",\"name\":\"ABBIGLIAMENTO PER STUDENTI REDMAN XP &#8211; Daisho\",\"isPartOf\":{\"@id\":\"https:\/\/www.daisho.be\/it\/#website\"},\"primaryImageOfPage\":{\"@id\":\"https:\/\/www.daisho.be\/it\/produit\/abbigliamento-per-studenti-redman-xp\/#primaryimage\"},\"image\":{\"@id\":\"https:\/\/www.daisho.be\/it\/produit\/abbigliamento-per-studenti-redman-xp\/#primaryimage\"},\"thumbnailUrl\":\"https:\/\/www.daisho.be\/wp-content\/uploads\/2023\/09\/image-37.jpg\",\"datePublished\":\"2023-09-25T07:54:27+00:00\",\"dateModified\":\"2026-03-24T22:00:09+00:00\",\"description\":\"Tuta per studenti con protezione integrale REDMAN XP per l'addestramento tattico. Completa di casco, protezioni e borsa per il trasporto.\",\"breadcrumb\":{\"@id\":\"https:\/\/www.daisho.be\/it\/produit\/abbigliamento-per-studenti-redman-xp\/#breadcrumb\"},\"inLanguage\":\"it-IT\",\"potentialAction\":[{\"@type\":\"ReadAction\",\"target\":[\"https:\/\/www.daisho.be\/it\/produit\/abbigliamento-per-studenti-redman-xp\/\"]}]},{\"@type\":\"ImageObject\",\"inLanguage\":\"it-IT\",\"@id\":\"https:\/\/www.daisho.be\/it\/produit\/abbigliamento-per-studenti-redman-xp\/#primaryimage\",\"url\":\"https:\/\/www.daisho.be\/wp-content\/uploads\/2023\/09\/image-37.jpg\",\"contentUrl\":\"https:\/\/www.daisho.be\/wp-content\/uploads\/2023\/09\/image-37.jpg\",\"width\":1500,\"height\":1500,\"caption\":\"ATTREZZATURA REDMAN STUDENT XP-1\"},{\"@type\":\"BreadcrumbList\",\"@id\":\"https:\/\/www.daisho.be\/it\/produit\/abbigliamento-per-studenti-redman-xp\/#breadcrumb\",\"itemListElement\":[{\"@type\":\"ListItem\",\"position\":1,\"name\":\"Accueil\",\"item\":\"https:\/\/www.daisho.be\/it\/\"},{\"@type\":\"ListItem\",\"position\":2,\"name\":\"Prodotti\",\"item\":\"https:\/\/www.daisho.be\/it\/prodotti\/\"},{\"@type\":\"ListItem\",\"position\":3,\"name\":\"Sport da combattimento\",\"item\":\"https:\/\/www.daisho.be\/it\/categorie-produit\/sport-da-combattimento\/\"},{\"@type\":\"ListItem\",\"position\":4,\"name\":\"Protezioni\",\"item\":\"https:\/\/www.daisho.be\/it\/categorie-produit\/sport-da-combattimento\/protezioni\/\"},{\"@type\":\"ListItem\",\"position\":5,\"name\":\"ABBIGLIAMENTO PER STUDENTI REDMAN XP\"}]},{\"@type\":\"WebSite\",\"@id\":\"https:\/\/www.daisho.be\/it\/#website\",\"url\":\"https:\/\/www.daisho.be\/it\/\",\"name\":\"Daisho\",\"description\":\"Sp&eacute;cialiste de l'&eacute;quipement sportif d'arts martiaux\",\"publisher\":{\"@id\":\"https:\/\/www.daisho.be\/it\/#organization\"},\"potentialAction\":[{\"@type\":\"SearchAction\",\"target\":{\"@type\":\"EntryPoint\",\"urlTemplate\":\"https:\/\/www.daisho.be\/it\/?s={search_term_string}\"},\"query-input\":{\"@type\":\"PropertyValueSpecification\",\"valueRequired\":true,\"valueName\":\"search_term_string\"}}],\"inLanguage\":\"it-IT\"},{\"@type\":\"Organization\",\"@id\":\"https:\/\/www.daisho.be\/it\/#organization\",\"name\":\"Daisho\",\"url\":\"https:\/\/www.daisho.be\/it\/\",\"logo\":{\"@type\":\"ImageObject\",\"inLanguage\":\"it-IT\",\"@id\":\"https:\/\/www.daisho.be\/it\/#\/schema\/logo\/image\/\",\"url\":\"https:\/\/www.daisho.be\/wp-content\/uploads\/2019\/07\/color-nothing-horizontale4x-e1564486100247.png\",\"contentUrl\":\"https:\/\/www.daisho.be\/wp-content\/uploads\/2019\/07\/color-nothing-horizontale4x-e1564486100247.png\",\"width\":1547,\"height\":385,\"caption\":\"Daisho\"},\"image\":{\"@id\":\"https:\/\/www.daisho.be\/it\/#\/schema\/logo\/image\/\"}}]}<\/script>\n<!-- \/ Yoast SEO plugin. -->","yoast_head_json":{"title":"ABBIGLIAMENTO PER STUDENTI REDMAN XP &#8211; Daisho","description":"Tuta per studenti con protezione integrale REDMAN XP per l'addestramento tattico. Completa di casco, protezioni e borsa per il trasporto.","robots":{"index":"index","follow":"follow","max-snippet":"max-snippet:-1","max-image-preview":"max-image-preview:large","max-video-preview":"max-video-preview:-1"},"canonical":"https:\/\/www.daisho.be\/it\/produit\/abbigliamento-per-studenti-redman-xp\/","og_locale":"it_IT","og_type":"article","og_title":"ABBIGLIAMENTO PER STUDENTI REDMAN XP &#8211; Daisho","og_description":"Tuta per studenti con protezione integrale REDMAN XP per l'addestramento tattico. Completa di casco, protezioni e borsa per il trasporto.","og_url":"https:\/\/www.daisho.be\/it\/produit\/abbigliamento-per-studenti-redman-xp\/","og_site_name":"Daisho","article_modified_time":"2026-03-24T22:00:09+00:00","og_image":[{"width":1500,"height":1500,"url":"https:\/\/www.daisho.be\/wp-content\/uploads\/2023\/09\/image-37.jpg","type":"image\/jpeg"}],"twitter_card":"summary_large_image","twitter_misc":{"Tempo di lettura stimato":"1 minuto"},"schema":{"@context":"https:\/\/schema.org","@graph":[{"@type":"WebPage","@id":"https:\/\/www.daisho.be\/it\/produit\/abbigliamento-per-studenti-redman-xp\/","url":"https:\/\/www.daisho.be\/it\/produit\/abbigliamento-per-studenti-redman-xp\/","name":"ABBIGLIAMENTO PER STUDENTI REDMAN XP &#8211; Daisho","isPartOf":{"@id":"https:\/\/www.daisho.be\/it\/#website"},"primaryImageOfPage":{"@id":"https:\/\/www.daisho.be\/it\/produit\/abbigliamento-per-studenti-redman-xp\/#primaryimage"},"image":{"@id":"https:\/\/www.daisho.be\/it\/produit\/abbigliamento-per-studenti-redman-xp\/#primaryimage"},"thumbnailUrl":"https:\/\/www.daisho.be\/wp-content\/uploads\/2023\/09\/image-37.jpg","datePublished":"2023-09-25T07:54:27+00:00","dateModified":"2026-03-24T22:00:09+00:00","description":"Tuta per studenti con protezione integrale REDMAN XP per l'addestramento tattico. Completa di casco, protezioni e borsa per il trasporto.","breadcrumb":{"@id":"https:\/\/www.daisho.be\/it\/produit\/abbigliamento-per-studenti-redman-xp\/#breadcrumb"},"inLanguage":"it-IT","potentialAction":[{"@type":"ReadAction","target":["https:\/\/www.daisho.be\/it\/produit\/abbigliamento-per-studenti-redman-xp\/"]}]},{"@type":"ImageObject","inLanguage":"it-IT","@id":"https:\/\/www.daisho.be\/it\/produit\/abbigliamento-per-studenti-redman-xp\/#primaryimage","url":"https:\/\/www.daisho.be\/wp-content\/uploads\/2023\/09\/image-37.jpg","contentUrl":"https:\/\/www.daisho.be\/wp-content\/uploads\/2023\/09\/image-37.jpg","width":1500,"height":1500,"caption":"ATTREZZATURA REDMAN STUDENT XP-1"},{"@type":"BreadcrumbList","@id":"https:\/\/www.daisho.be\/it\/produit\/abbigliamento-per-studenti-redman-xp\/#breadcrumb","itemListElement":[{"@type":"ListItem","position":1,"name":"Accueil","item":"https:\/\/www.daisho.be\/it\/"},{"@type":"ListItem","position":2,"name":"Prodotti","item":"https:\/\/www.daisho.be\/it\/prodotti\/"},{"@type":"ListItem","position":3,"name":"Sport da combattimento","item":"https:\/\/www.daisho.be\/it\/categorie-produit\/sport-da-combattimento\/"},{"@type":"ListItem","position":4,"name":"Protezioni","item":"https:\/\/www.daisho.be\/it\/categorie-produit\/sport-da-combattimento\/protezioni\/"},{"@type":"ListItem","position":5,"name":"ABBIGLIAMENTO PER STUDENTI REDMAN XP"}]},{"@type":"WebSite","@id":"https:\/\/www.daisho.be\/it\/#website","url":"https:\/\/www.daisho.be\/it\/","name":"Daisho","description":"Sp&eacute;cialiste de l'&eacute;quipement sportif d'arts martiaux","publisher":{"@id":"https:\/\/www.daisho.be\/it\/#organization"},"potentialAction":[{"@type":"SearchAction","target":{"@type":"EntryPoint","urlTemplate":"https:\/\/www.daisho.be\/it\/?s={search_term_string}"},"query-input":{"@type":"PropertyValueSpecification","valueRequired":true,"valueName":"search_term_string"}}],"inLanguage":"it-IT"},{"@type":"Organization","@id":"https:\/\/www.daisho.be\/it\/#organization","name":"Daisho","url":"https:\/\/www.daisho.be\/it\/","logo":{"@type":"ImageObject","inLanguage":"it-IT","@id":"https:\/\/www.daisho.be\/it\/#\/schema\/logo\/image\/","url":"https:\/\/www.daisho.be\/wp-content\/uploads\/2019\/07\/color-nothing-horizontale4x-e1564486100247.png","contentUrl":"https:\/\/www.daisho.be\/wp-content\/uploads\/2019\/07\/color-nothing-horizontale4x-e1564486100247.png","width":1547,"height":385,"caption":"Daisho"},"image":{"@id":"https:\/\/www.daisho.be\/it\/#\/schema\/logo\/image\/"}}]}},"_links":{"self":[{"href":"https:\/\/www.daisho.be\/it\/wp-json\/wp\/v2\/product\/461690","targetHints":{"allow":["GET"]}}],"collection":[{"href":"https:\/\/www.daisho.be\/it\/wp-json\/wp\/v2\/product"}],"about":[{"href":"https:\/\/www.daisho.be\/it\/wp-json\/wp\/v2\/types\/product"}],"replies":[{"embeddable":true,"href":"https:\/\/www.daisho.be\/it\/wp-json\/wp\/v2\/comments?post=461690"}],"wp:featuredmedia":[{"embeddable":true,"href":"https:\/\/www.daisho.be\/it\/wp-json\/wp\/v2\/media\/461696"}],"wp:attachment":[{"href":"https:\/\/www.daisho.be\/it\/wp-json\/wp\/v2\/media?parent=461690"}],"wp:term":[{"taxonomy":"product_brand","embeddable":true,"href":"https:\/\/www.daisho.be\/it\/wp-json\/wp\/v2\/product_brand?post=461690"},{"taxonomy":"product_cat","embeddable":true,"href":"https:\/\/www.daisho.be\/it\/wp-json\/wp\/v2\/product_cat?post=461690"},{"taxonomy":"product_tag","embeddable":true,"href":"https:\/\/www.daisho.be\/it\/wp-json\/wp\/v2\/product_tag?post=461690"},{"taxonomy":"sport","embeddable":true,"href":"https:\/\/www.daisho.be\/it\/wp-json\/wp\/v2\/sport?post=461690"}],"curies":[{"name":"wp","href":"https:\/\/api.w.org\/{rel}","templated":true}]}}